{"id":708,"date":"2020-11-03T02:22:52","date_gmt":"2020-11-03T07:22:52","guid":{"rendered":"https:\/\/supcom.standardof.net\/?page_id=708"},"modified":"2020-11-04T22:14:49","modified_gmt":"2020-11-05T03:14:49","slug":"aeon-subcommander","status":"publish","type":"page","link":"https:\/\/supcom.standardof.net\/fr\/supreme-commander\/temps-infini\/aeon-sous-commandant\/","title":{"rendered":"Sous-commandant AEON"},"content":{"rendered":"<section class=\"wp-block-uagb-columns uagb-columns__wrap uagb-columns__background-undefined uagb-columns__stack-mobile uagb-columns__valign-undefined uagb-columns__gap-10 alignundefined uagb-block-1fe0a5dc\"><div class=\"uagb-columns__overlay\"><\/div><div class=\"uagb-columns__inner-wrap uagb-columns__columns-1\">\n<div class=\"wp-block-uagb-column uagb-column__wrap uagb-column__background-undefined uagb-block-fd95af43\"><div class=\"uagb-column__overlay\"><\/div><div class=\"uagb-column__inner-wrap\">\n<h2 class=\"wp-block-heading\"><strong>UNIT\u00c9 DE COMMANDE DE SUPPORT<\/strong> - AEON SCU <\/h2>\n\n\n\n<p>Les sous-commandants Aeon sont extr\u00eamement chers, mais compensent cela en \u00e9tant des unit\u00e9s de combat tr\u00e8s puissantes ainsi que de grands constructeurs - bien meilleurs que votre commandant m\u00eame si vous ne vous souciez pas de les am\u00e9liorer.<\/p>\n\n\n\n<p>Le sous-commandant a une vitesse de construction de 30.<\/p>\n\n\n\n<div class=\"wp-block-image\"><figure class=\"aligncenter size-large\"><a href=\"https:\/\/supcom.standardof.net\/fr\/supreme-commander\/temps-infini\/aeon-sous-commandant\/supreme-commander-support-command-unit-aeon-scu\/\"><img decoding=\"async\" width=\"800\" height=\"656\" src=\"https:\/\/supcom.standardof.net\/wp-content\/uploads\/sites\/8\/2020\/11\/Supreme-Commander-SUPPORT-COMMAND-UNIT-AEON-SCU--800x656.jpg\" alt=\"L&#039;unit\u00e9 de commandement de soutien Aeon dans Supreme Commander.\" class=\"wp-image-1042\" srcset=\"https:\/\/supcom.standardof.net\/wp-content\/uploads\/sites\/8\/2020\/11\/Supreme-Commander-SUPPORT-COMMAND-UNIT-AEON-SCU--800x656.jpg 800w, https:\/\/supcom.standardof.net\/wp-content\/uploads\/sites\/8\/2020\/11\/Supreme-Commander-SUPPORT-COMMAND-UNIT-AEON-SCU--512x420.jpg 512w, https:\/\/supcom.standardof.net\/wp-content\/uploads\/sites\/8\/2020\/11\/Supreme-Commander-SUPPORT-COMMAND-UNIT-AEON-SCU--200x164.jpg 200w, https:\/\/supcom.standardof.net\/wp-content\/uploads\/sites\/8\/2020\/11\/Supreme-Commander-SUPPORT-COMMAND-UNIT-AEON-SCU--768x630.jpg 768w, https:\/\/supcom.standardof.net\/wp-content\/uploads\/sites\/8\/2020\/11\/Supreme-Commander-SUPPORT-COMMAND-UNIT-AEON-SCU--16x12.jpg 16w, https:\/\/supcom.standardof.net\/wp-content\/uploads\/sites\/8\/2020\/11\/Supreme-Commander-SUPPORT-COMMAND-UNIT-AEON-SCU-.jpg 951w\" sizes=\"(max-width: 800px) 100vw, 800px\" \/><\/a><figcaption>AEON SCU <\/figcaption><\/figure><\/div>\n\n\n\n<section class=\"wp-block-uagb-columns uagb-columns__wrap uagb-columns__background-undefined uagb-columns__stack-mobile uagb-columns__valign-undefined uagb-columns__gap-10 alignundefined uagb-block-210b2ea9\"><div class=\"uagb-columns__overlay\"><\/div><div class=\"uagb-columns__inner-wrap uagb-columns__columns-2\">\n<div class=\"wp-block-uagb-column uagb-column__wrap uagb-column__background-undefined uagb-block-2460d84a\"><div class=\"uagb-column__overlay\"><\/div><div class=\"uagb-column__inner-wrap\">\n<h3 class=\"wp-block-heading\">Statistiques SCU<\/h3>\n\n\n\n<p>Armure: 25000hp (taux de r\u00e9g\u00e9n\u00e9ration: 10)<br>Capacit\u00e9s: personnalisable, Omni Sensor, Engineering Suite, explose \u00e0 la mort,<br>Ne peut pas \u00eatre r\u00e9cup\u00e9r\u00e9<br>Co\u00fbt: M5200 (+2, stockage: 50), E60000 (+20, stockage: 250), T6000, taux de construction: 30<br>Intel: vue: 26 (508m), omni: 16 (313m)<br>Physique: vitesse max: 2,2 (43,0 m \/ s), vitesse de rotation: 146<br>Classe de transport: 3<br>V\u00e9t\u00e9ran: 100, 200, 500, 1000, 2000 victimes<br>v\u00e9t\u00e9ran niveau 2: +6250 ch,<br>v\u00e9t\u00e9ran niveau 4: +6250 ch,<br>v\u00e9t\u00e9ran niveau 5: r\u00e9parer 20 ch \/ s<\/p>\n<\/div><\/div>\n\n\n\n<div class=\"wp-block-uagb-column uagb-column__wrap uagb-column__background-undefined uagb-block-4bf35afc\"><div class=\"uagb-column__overlay\"><\/div><div class=\"uagb-column__inner-wrap\">\n<h2 class=\"wp-block-heading\">Armes SCU<\/h2>\n\n\n\n<p>Canon Reacton (tir direct): <br>750,00 dps, <br>port\u00e9e: 2 (39,1 m) - 22 (430 m)<br>arme \u00e0 projectile: 750 d\u00e9g\u00e2ts<br>cadence de tir: 1 (toutes les 1s)<br>v\u00e9t\u00e9ran niveau 1: +188 d\u00e9g\u00e2ts, v\u00e9t\u00e9ran niveau 3: +188 d\u00e9g\u00e2ts<\/p>\n\n\n\n<p>Death Nuke (Tir direct): <br>1000,00 dps<br>superficie: 10 (195m)<br>port\u00e9e: 1 (19,5 m)<br>arme \u00e0 projectile: 1000 d\u00e9g\u00e2ts<br>cadence de tir: 1 (toutes les 1s)<\/p>\n<\/div><\/div>\n<\/div><\/section>\n<\/div><\/div>\n<\/div><\/section>\n\n\n\n<section class=\"wp-block-uagb-columns uagb-columns__wrap uagb-columns__background-undefined uagb-columns__stack-mobile uagb-columns__valign-undefined uagb-columns__gap-10 alignundefined uagb-block-4e64bb5a\"><div class=\"uagb-columns__overlay\"><\/div><div class=\"uagb-columns__inner-wrap uagb-columns__columns-1\">\n<div class=\"wp-block-uagb-column uagb-column__wrap uagb-column__background-undefined uagb-block-871b5e74\"><div class=\"uagb-column__overlay\"><\/div><div class=\"uagb-column__inner-wrap\">\t\t\t\t<div class=\"wp-block-uagb-table-of-contents uagb-toc__align-left uagb-toc__columns-1  uagb-block-b6caa407\"\n\t\t\t\t\tdata-scroll= \"1\"\n\t\t\t\t\tdata-offset= \"30\"\n\t\t\t\t\tstyle=\"\"\n\t\t\t\t>\n\t\t\t\t<div class=\"uagb-toc__wrap\">\n\t\t\t\t\t\t<div class=\"uagb-toc__title\">\n\t\t\t\t\t\t\tMises \u00e0 niveau Aeon SCU\t\t\t\t\t\t<\/div>\n\t\t\t\t\t\t\t\t\t\t\t\t\t\t\t\t<div class=\"uagb-toc__list-wrap\">\n\t\t\t\t\t\t<ol class=\"uagb-toc__list\"><li class=\"uagb-toc__list\"><a href=\"#right-arm\" class=\"uagb-toc-link__trigger\">BRAS DROIT<\/a><ul class=\"uagb-toc__list\"><li class=\"uagb-toc__list\"><a href=\"#stability-suppressant\" class=\"uagb-toc-link__trigger\">Suppresseur de stabilit\u00e9<\/a><li class=\"uagb-toc__list\"><li class=\"uagb-toc__list\"><a href=\"#resource-allocation-system\" class=\"uagb-toc-link__trigger\">Syst\u00e8me d&#039;allocation des ressources<\/a><\/li><\/ul><\/li><li class=\"uagb-toc__list\"><a href=\"#back\" class=\"uagb-toc-link__trigger\">RETOUR<\/a><ul class=\"uagb-toc__list\"><li class=\"uagb-toc__list\"><a href=\"#personal-shield-generator\" class=\"uagb-toc-link__trigger\">G\u00e9n\u00e9rateur de bouclier personnel<\/a><li class=\"uagb-toc__list\"><li class=\"uagb-toc__list\"><a href=\"#heavy-personal-shield-generator\" class=\"uagb-toc-link__trigger\">G\u00e9n\u00e9rateur de bouclier personnel lourd<\/a><li class=\"uagb-toc__list\"><li class=\"uagb-toc__list\"><a href=\"#personal-teleporter\" class=\"uagb-toc-link__trigger\">T\u00e9l\u00e9porteur personnel<\/a><li class=\"uagb-toc__list\"><li class=\"uagb-toc__list\"><a href=\"#system-integrity-compensator\" class=\"uagb-toc-link__trigger\">Compensateur d&#039;int\u00e9grit\u00e9 du syst\u00e8me<\/a><\/li><\/ul><\/li><\/ul><\/li><li class=\"uagb-toc__list\"><a href=\"#left-arm\" class=\"uagb-toc-link__trigger\">BRAS GAUCHE<\/a><ul class=\"uagb-toc__list\"><li class=\"uagb-toc__list\"><a href=\"#engineering-focusing-module\" class=\"uagb-toc-link__trigger\">Module de mise au point d&#039;ing\u00e9nierie<\/a><li class=\"uagb-toc__list\"><li class=\"uagb-toc__list\"><a href=\"#sacrificial-preparations\" class=\"uagb-toc-link__trigger\">Pr\u00e9parations sacrificielles<\/a><\/ul><\/ul><\/ul><\/ol>\t\t\t\t\t<\/div>\n\t\t\t\t\t\t\t\t\t<\/div>\n\t\t\t\t<\/div>\n\t\t\t<\/div><\/div>\n<\/div><\/section>\n\n\n\n<section class=\"wp-block-uagb-columns uagb-columns__wrap uagb-columns__background-undefined uagb-columns__stack-mobile uagb-columns__valign-undefined uagb-columns__gap-10 alignundefined uagb-block-08f51fc1\"><div class=\"uagb-columns__overlay\"><\/div><div class=\"uagb-columns__inner-wrap uagb-columns__columns-1\">\n<div class=\"wp-block-uagb-column uagb-column__wrap uagb-column__background-undefined uagb-block-71aff68f\"><div class=\"uagb-column__overlay\"><\/div><div class=\"uagb-column__inner-wrap\">\n<h4 class=\"wp-block-heading\">BRAS DROIT<\/h4>\n\n\n\n<section class=\"wp-block-uagb-columns uagb-columns__wrap uagb-columns__background-undefined uagb-columns__stack-mobile uagb-columns__valign-undefined uagb-columns__gap-10 alignundefined uagb-block-02540652\"><div class=\"uagb-columns__overlay\"><\/div><div class=\"uagb-columns__inner-wrap uagb-columns__columns-1\">\n<div class=\"wp-block-uagb-column uagb-column__wrap uagb-column__background-undefined uagb-block-ae381dc6\"><div class=\"uagb-column__overlay\"><\/div><div class=\"uagb-column__inner-wrap\">\n<h5 class=\"wp-block-heading\">Suppresseur de stabilit\u00e9<\/h5>\n\n\n\n<p>Donne au canon principal SCU un rayon d&#039;effet de zone de 4.<\/p>\n\n\n\n<p>Co\u00fbt: M2550, E600000, T4500<\/p>\n<\/div><\/div>\n<\/div><\/section>\n\n\n\n<section class=\"wp-block-uagb-columns uagb-columns__wrap uagb-columns__background-undefined uagb-columns__stack-mobile uagb-columns__valign-undefined uagb-columns__gap-10 alignundefined uagb-block-6e4d5e56\"><div class=\"uagb-columns__overlay\"><\/div><div class=\"uagb-columns__inner-wrap uagb-columns__columns-1\">\n<div class=\"wp-block-uagb-column uagb-column__wrap uagb-column__background-undefined uagb-block-54844651\"><div class=\"uagb-column__overlay\"><\/div><div class=\"uagb-column__inner-wrap\">\n<h5 class=\"wp-block-heading\">Syst\u00e8me d&#039;allocation des ressources<\/h5>\n\n\n\n<p>Produit des ressources suppl\u00e9mentaires (voir \u00abCo\u00fbt\u00bb ci-dessus).<\/p>\n\n\n\n<p>Co\u00fbt: M6000 (+18), E375000 (+2700), T9000<\/p>\n<\/div><\/div>\n<\/div><\/section>\n<\/div><\/div>\n<\/div><\/section>\n\n\n\n<section class=\"wp-block-uagb-columns uagb-columns__wrap uagb-columns__background-undefined uagb-columns__stack-mobile uagb-columns__valign-undefined uagb-columns__gap-10 alignundefined uagb-block-172e9f55\"><div class=\"uagb-columns__overlay\"><\/div><div class=\"uagb-columns__inner-wrap uagb-columns__columns-1\">\n<div class=\"wp-block-uagb-column uagb-column__wrap uagb-column__background-undefined uagb-block-af792547\"><div class=\"uagb-column__overlay\"><\/div><div class=\"uagb-column__inner-wrap\">\n<h4 class=\"wp-block-heading\">RETOUR<\/h4>\n\n\n\n<section class=\"wp-block-uagb-columns uagb-columns__wrap uagb-columns__background-undefined uagb-columns__stack-mobile uagb-columns__valign-undefined uagb-columns__gap-10 alignundefined uagb-block-dcc6f440\"><div class=\"uagb-columns__overlay\"><\/div><div class=\"uagb-columns__inner-wrap uagb-columns__columns-1\">\n<div class=\"wp-block-uagb-column uagb-column__wrap uagb-column__background-undefined uagb-block-1b4daeee\"><div class=\"uagb-column__overlay\"><\/div><div class=\"uagb-column__inner-wrap\">\n<h5 class=\"wp-block-heading\">G\u00e9n\u00e9rateur de bouclier personnel<\/h5>\n\n\n\n<p>Donne \u00e0 SCU un bouclier autour de lui.<\/p>\n\n\n\n<p>Co\u00fbt: M1000, E93750 (-300), T3750<br>Bouclier: 15000hp<br>(taux de r\u00e9g\u00e9n\u00e9ration: 115, heure de d\u00e9but de r\u00e9g\u00e9n\u00e9ration: 60, temps de recharge: 190)<\/p>\n<\/div><\/div>\n<\/div><\/section>\n\n\n\n<section class=\"wp-block-uagb-columns uagb-columns__wrap uagb-columns__background-undefined uagb-columns__stack-mobile uagb-columns__valign-undefined uagb-columns__gap-10 alignundefined uagb-block-628a765a\"><div class=\"uagb-columns__overlay\"><\/div><div class=\"uagb-columns__inner-wrap uagb-columns__columns-1\">\n<div class=\"wp-block-uagb-column uagb-column__wrap uagb-column__background-undefined uagb-block-3d966352\"><div class=\"uagb-column__overlay\"><\/div><div class=\"uagb-column__inner-wrap\">\n<h5 class=\"wp-block-heading\">G\u00e9n\u00e9rateur de bouclier personnel lourd<\/h5>\n\n\n\n<p>Donne \u00e0 SCU un plus grand bouclier autour de lui.<\/p>\n\n\n\n<p>N\u00e9cessite un g\u00e9n\u00e9rateur de bouclier personnel<br>Co\u00fbt: M1650, E600000 (-600), T4500<br>Bouclier: 25000hp<br>(taux de r\u00e9g\u00e9n\u00e9ration: 152, heure de d\u00e9but de r\u00e9g\u00e9n\u00e9ration: 75, temps de recharge: 240)<\/p>\n<\/div><\/div>\n<\/div><\/section>\n\n\n\n<section class=\"wp-block-uagb-columns uagb-columns__wrap uagb-columns__background-undefined uagb-columns__stack-mobile uagb-columns__valign-undefined uagb-columns__gap-10 alignundefined uagb-block-2bc7e172\"><div class=\"uagb-columns__overlay\"><\/div><div class=\"uagb-columns__inner-wrap uagb-columns__columns-1\">\n<div class=\"wp-block-uagb-column uagb-column__wrap uagb-column__background-undefined uagb-block-388c2ebe\"><div class=\"uagb-column__overlay\"><\/div><div class=\"uagb-column__inner-wrap\">\n<h5 class=\"wp-block-heading\">T\u00e9l\u00e9porteur personnel<\/h5>\n\n\n\n<p>Permet la t\u00e9l\u00e9portation vers n&#039;importe o\u00f9 sur la carte.<\/p>\n\n\n\n<p>Co\u00fbt: M60000, E6000000, T18000<br>Co\u00fbt d&#039;utilisation: E (-20000), T60<\/p>\n<\/div><\/div>\n<\/div><\/section>\n\n\n\n<section class=\"wp-block-uagb-columns uagb-columns__wrap uagb-columns__background-undefined uagb-columns__stack-mobile uagb-columns__valign-undefined uagb-columns__gap-10 alignundefined uagb-block-21c23f45\"><div class=\"uagb-columns__overlay\"><\/div><div class=\"uagb-columns__inner-wrap uagb-columns__columns-1\">\n<div class=\"wp-block-uagb-column uagb-column__wrap uagb-column__background-undefined uagb-block-b3afda76\"><div class=\"uagb-column__overlay\"><\/div><div class=\"uagb-column__inner-wrap\">\n<h5 class=\"wp-block-heading\">Compensateur d&#039;int\u00e9grit\u00e9 du syst\u00e8me<\/h5>\n\n\n\n<p>Augmente le taux de r\u00e9g\u00e9n\u00e9ration \u00e0 350 ch \/ s.<\/p>\n\n\n\n<p>Co\u00fbt: M1500, E112500, T4500<\/p>\n<\/div><\/div>\n<\/div><\/section>\n<\/div><\/div>\n<\/div><\/section>\n\n\n\n<section class=\"wp-block-uagb-columns uagb-columns__wrap uagb-columns__background-undefined uagb-columns__stack-mobile uagb-columns__valign-undefined uagb-columns__gap-10 alignundefined uagb-block-b5effbc2\"><div class=\"uagb-columns__overlay\"><\/div><div class=\"uagb-columns__inner-wrap uagb-columns__columns-1\">\n<div class=\"wp-block-uagb-column uagb-column__wrap uagb-column__background-undefined uagb-block-0d340958\"><div class=\"uagb-column__overlay\"><\/div><div class=\"uagb-column__inner-wrap\">\n<h4 class=\"wp-block-heading\">BRAS GAUCHE<\/h4>\n\n\n\n<section class=\"wp-block-uagb-columns uagb-columns__wrap uagb-columns__background-undefined uagb-columns__stack-mobile uagb-columns__valign-undefined uagb-columns__gap-10 alignundefined uagb-block-486309bf\"><div class=\"uagb-columns__overlay\"><\/div><div class=\"uagb-columns__inner-wrap uagb-columns__columns-1\">\n<div class=\"wp-block-uagb-column uagb-column__wrap uagb-column__background-undefined uagb-block-519bbfee\"><div class=\"uagb-column__overlay\"><\/div><div class=\"uagb-column__inner-wrap\">\n<h5 class=\"wp-block-heading\">Module de mise au point d&#039;ing\u00e9nierie<\/h5>\n\n\n\n<p>Augmente la vitesse de construction \u00e0 60.<\/p>\n\n\n\n<p>Co\u00fbt: M2100, E75000, T9000<\/p>\n<\/div><\/div>\n<\/div><\/section>\n\n\n\n<section class=\"wp-block-uagb-columns uagb-columns__wrap uagb-columns__background-undefined uagb-columns__stack-mobile uagb-columns__valign-undefined uagb-columns__gap-10 alignundefined uagb-block-c2bb6652\"><div class=\"uagb-columns__overlay\"><\/div><div class=\"uagb-columns__inner-wrap uagb-columns__columns-1\">\n<div class=\"wp-block-uagb-column uagb-column__wrap uagb-column__background-undefined uagb-block-8846c3e4\"><div class=\"uagb-column__overlay\"><\/div><div class=\"uagb-column__inner-wrap\">\n<h5 class=\"wp-block-heading\">Pr\u00e9parations sacrificielles<\/h5>\n\n\n\n<p>Permet \u00e0 SCU de se sacrifier comme les autres ing\u00e9nieurs d&#039;Aeon.<\/p>\n\n\n\n<p>Co\u00fbt: M300, E4500, T2250<br>Sacrifice: M3000 (57.7%)<\/p>\n<\/div><\/div>\n<\/div><\/section>\n<\/div><\/div>\n<\/div><\/section>","protected":false},"excerpt":{"rendered":"<p>SUPPORT COMMAND UNIT &#8211; AEON SCU Aeon Subcommanders are extremely expensive, but make up for it by being very powerful fighting units as well as great builders &#8211; much better than your Commander even if you don&#8217;t bother to upgrade them. The subcommander has a build speed of 30. SCU Stats Armor: 25000hp (regen rate: [&hellip;]<\/p>","protected":false},"author":1,"featured_media":0,"parent":503,"menu_order":0,"comment_status":"open","ping_status":"closed","template":"","meta":{"_uag_custom_page_level_css":"","site-sidebar-layout":"default","site-content-layout":"default","ast-site-content-layout":"","site-content-style":"default","site-sidebar-style":"default","ast-global-header-display":"","ast-banner-title-visibility":"","ast-main-header-display":"","ast-hfb-above-header-display":"","ast-hfb-below-header-display":"","ast-hfb-mobile-header-display":"","site-post-title":"","ast-breadcrumbs-content":"","ast-featured-img":"","footer-sml-layout":"","theme-transparent-header-meta":"default","adv-header-id-meta":"","stick-header-meta":"","header-above-stick-meta":"","header-main-stick-meta":"","header-below-stick-meta":"","astra-migrate-meta-layouts":"default","ast-page-background-enabled":"default","ast-page-background-meta":{"desktop":{"background-color":"","background-image":"","background-repeat":"repeat","background-position":"center center","background-size":"auto","background-attachment":"scroll","background-type":"","background-media":"","overlay-type":"","overlay-color":"","overlay-gradient":""},"tablet":{"background-color":"","background-image":"","background-repeat":"repeat","background-position":"center center","background-size":"auto","background-attachment":"scroll","background-type":"","background-media":"","overlay-type":"","overlay-color":"","overlay-gradient":""},"mobile":{"background-color":"","background-image":"","background-repeat":"repeat","background-position":"center center","background-size":"auto","background-attachment":"scroll","background-type":"","background-media":"","overlay-type":"","overlay-color":"","overlay-gradient":""}},"ast-content-background-meta":{"desktop":{"background-color":"var(--ast-global-color-5)","background-image":"","background-repeat":"repeat","background-position":"center center","background-size":"auto","background-attachment":"scroll","background-type":"","background-media":"","overlay-type":"","overlay-color":"","overlay-gradient":""},"tablet":{"background-color":"var(--ast-global-color-5)","background-image":"","background-repeat":"repeat","background-position":"center center","background-size":"auto","background-attachment":"scroll","background-type":"","background-media":"","overlay-type":"","overlay-color":"","overlay-gradient":""},"mobile":{"background-color":"var(--ast-global-color-5)","background-image":"","background-repeat":"repeat","background-position":"center center","background-size":"auto","background-attachment":"scroll","background-type":"","background-media":"","overlay-type":"","overlay-color":"","overlay-gradient":""}},"footnotes":""},"uagb_featured_image_src":{"full":false,"thumbnail":false,"medium":false,"medium_large":false,"large":false,"1536x1536":false,"2048x2048":false,"trp-custom-language-flag":false},"uagb_author_info":{"display_name":"SOE","author_link":"https:\/\/supcom.standardof.net\/fr\/author\/k-tastic\/"},"uagb_comment_info":0,"uagb_excerpt":"SUPPORT COMMAND UNIT &#8211; AEON SCU Aeon Subcommanders are extremely expensive, but make up for it by being very powerful fighting units as well as great builders &#8211; much better than your Commander even if you don&#8217;t bother to upgrade them. The subcommander has a build speed of 30. SCU Stats Armor: 25000hp (regen rate:&hellip;","_links":{"self":[{"href":"https:\/\/supcom.standardof.net\/fr\/wp-json\/wp\/v2\/pages\/708"}],"collection":[{"href":"https:\/\/supcom.standardof.net\/fr\/wp-json\/wp\/v2\/pages"}],"about":[{"href":"https:\/\/supcom.standardof.net\/fr\/wp-json\/wp\/v2\/types\/page"}],"author":[{"embeddable":true,"href":"https:\/\/supcom.standardof.net\/fr\/wp-json\/wp\/v2\/users\/1"}],"replies":[{"embeddable":true,"href":"https:\/\/supcom.standardof.net\/fr\/wp-json\/wp\/v2\/comments?post=708"}],"version-history":[{"count":0,"href":"https:\/\/supcom.standardof.net\/fr\/wp-json\/wp\/v2\/pages\/708\/revisions"}],"up":[{"embeddable":true,"href":"https:\/\/supcom.standardof.net\/fr\/wp-json\/wp\/v2\/pages\/503"}],"wp:attachment":[{"href":"https:\/\/supcom.standardof.net\/fr\/wp-json\/wp\/v2\/media?parent=708"}],"curies":[{"name":"wp","href":"https:\/\/api.w.org\/{rel}","templated":true}]}}