{"id":723,"date":"2020-11-03T11:23:26","date_gmt":"2020-11-03T16:23:26","guid":{"rendered":"https:\/\/supcom.standardof.net\/?page_id=723"},"modified":"2020-11-05T00:42:14","modified_gmt":"2020-11-05T05:42:14","slug":"tech-2-aeon-economy-buildings","status":"publish","type":"page","link":"https:\/\/supcom.standardof.net\/fr\/supreme-commander\/temps-infini\/batiments-economiques-tech-2-aeon\/","title":{"rendered":"Tech 2 - B\u00e2timents \u00e9conomiques Aeon"},"content":{"rendered":"<div class=\"wp-block-uagb-table-of-contents uagb-toc__align-left uagb-toc__columns-1  uagb-block-3d514c23\"\n\t\t\t\t\tdata-scroll= \"1\"\n\t\t\t\t\tdata-offset= \"30\"\n\t\t\t\t\tstyle=\"\"\n\t\t\t\t>\n\t\t\t\t<div class=\"uagb-toc__wrap\">\n\t\t\t\t\t\t<div class=\"uagb-toc__title\">\n\t\t\t\t\t\t\tB\u00e2timents \u00e9conomiques Aeon Tech 2:\t\t\t\t\t\t<\/div>\n\t\t\t\t\t\t\t\t\t\t\t\t\t\t\t\t<div class=\"uagb-toc__list-wrap\">\n\t\t\t\t\t\t<ol class=\"uagb-toc__list\"><li class=\"uagb-toc__list\"><a href=\"#tech-2-aeon-land-factory\" class=\"uagb-toc-link__trigger\">TECH 2 AEON LAND FACTORY<\/a><li class=\"uagb-toc__list\"><a href=\"#tech-2-aeon-air-factory\" class=\"uagb-toc-link__trigger\">USINE D&#039;AIR TECH 2 AEON<\/a><li class=\"uagb-toc__list\"><a href=\"#tech-2-aeon-naval-factory\" class=\"uagb-toc-link__trigger\">USINE NAVALE TECH 2 AEON<\/a><li class=\"uagb-toc__list\"><a href=\"#tech-2-mass-extractor\" class=\"uagb-toc-link__trigger\">EXTRACTEUR DE MASSE TECH 2<\/a><li class=\"uagb-toc__list\"><a href=\"#tech-2-power-generator\" class=\"uagb-toc-link__trigger\">G\u00c9N\u00c9RATEUR TECH 2<\/a><\/ol>\t\t\t\t\t<\/div>\n\t\t\t\t\t\t\t\t\t<\/div>\n\t\t\t\t<\/div>\n\t\t\t\n\n\n<section class=\"wp-block-uagb-columns uagb-columns__wrap uagb-columns__background-undefined uagb-columns__stack-mobile uagb-columns__valign-undefined uagb-columns__gap-10 alignundefined uagb-block-26c784dc\"><div class=\"uagb-columns__overlay\"><\/div><div class=\"uagb-columns__inner-wrap uagb-columns__columns-1\">\n<div class=\"wp-block-uagb-column uagb-column__wrap uagb-column__background-undefined uagb-block-3218db5b\"><div class=\"uagb-column__overlay\"><\/div><div class=\"uagb-column__inner-wrap\">\n<h2 class=\"wp-block-heading\">TECH 2 AEON <strong>USINE DE TERRAIN<\/strong><\/h2>\n\n\n\n<p>Au niveau T2, votre usine n&#039;est pas vuln\u00e9rable aux gr\u00e8ves surprises et est g\u00e9n\u00e9ralement le dernier b\u00e2timent \u00e0 mourir. C&#039;est toujours deux fois plus rapide que votre ing\u00e9nieur du m\u00eame niveau.<\/p>\n\n\n\n<div class=\"wp-block-image\"><figure class=\"aligncenter size-large\"><a href=\"https:\/\/supcom.standardof.net\/fr\/supreme-commander\/temps-infini\/batiments-economiques-tech-2-aeon\/tech-2-aeon-land-factory-supreme-commander-aeon-tech-2-economy\/\"><img decoding=\"async\" width=\"800\" height=\"604\" src=\"https:\/\/supcom.standardof.net\/wp-content\/uploads\/sites\/8\/2020\/11\/TECH-2-AEON-LAND-FACTORY-Supreme-Commander-Aeon-Tech-2-Economy-800x604.jpg\" alt=\"L&#039;usine terrestre T2, b\u00e2timent \u00e9conomique Aeon Tech 2 dans Supreme Commander.\" class=\"wp-image-1119\" srcset=\"https:\/\/supcom.standardof.net\/wp-content\/uploads\/sites\/8\/2020\/11\/TECH-2-AEON-LAND-FACTORY-Supreme-Commander-Aeon-Tech-2-Economy-800x604.jpg 800w, https:\/\/supcom.standardof.net\/wp-content\/uploads\/sites\/8\/2020\/11\/TECH-2-AEON-LAND-FACTORY-Supreme-Commander-Aeon-Tech-2-Economy-512x387.jpg 512w, https:\/\/supcom.standardof.net\/wp-content\/uploads\/sites\/8\/2020\/11\/TECH-2-AEON-LAND-FACTORY-Supreme-Commander-Aeon-Tech-2-Economy-200x151.jpg 200w, https:\/\/supcom.standardof.net\/wp-content\/uploads\/sites\/8\/2020\/11\/TECH-2-AEON-LAND-FACTORY-Supreme-Commander-Aeon-Tech-2-Economy-768x580.jpg 768w, https:\/\/supcom.standardof.net\/wp-content\/uploads\/sites\/8\/2020\/11\/TECH-2-AEON-LAND-FACTORY-Supreme-Commander-Aeon-Tech-2-Economy-1536x1160.jpg 1536w, https:\/\/supcom.standardof.net\/wp-content\/uploads\/sites\/8\/2020\/11\/TECH-2-AEON-LAND-FACTORY-Supreme-Commander-Aeon-Tech-2-Economy-16x12.jpg 16w, https:\/\/supcom.standardof.net\/wp-content\/uploads\/sites\/8\/2020\/11\/TECH-2-AEON-LAND-FACTORY-Supreme-Commander-Aeon-Tech-2-Economy.jpg 1605w\" sizes=\"(max-width: 800px) 100vw, 800px\" \/><\/a><figcaption>USINE TERRESTRE T2 AEON<\/figcaption><\/figure><\/div>\n\n\n\n<section class=\"wp-block-uagb-columns uagb-columns__wrap uagb-columns__background-undefined uagb-columns__stack-mobile uagb-columns__valign-undefined uagb-columns__gap-10 alignundefined uagb-block-3bf80aab\"><div class=\"uagb-columns__overlay\"><\/div><div class=\"uagb-columns__inner-wrap uagb-columns__columns-2\">\n<div class=\"wp-block-uagb-column uagb-column__wrap uagb-column__background-undefined uagb-block-baa43ebd\"><div class=\"uagb-column__overlay\"><\/div><div class=\"uagb-column__inner-wrap\">\n<h3 class=\"wp-block-heading\">T2 Land Factory Stats<\/h3>\n\n\n\n<p>Armure: 8400hp<br>Capacit\u00e9s: \u00e9volutives<br>Co\u00fbt: M950 (stockage: 160), E7600 (stockage: 800), T1900, <br>taux de construction: 20<br>Intel: vue: 20 (391m)<br>Physique: taille pour la contigu\u00eft\u00e9: 16<\/p>\n<\/div><\/div>\n\n\n\n<div class=\"wp-block-uagb-column uagb-column__wrap uagb-column__background-undefined uagb-block-1896699e\"><div class=\"uagb-column__overlay\"><\/div><div class=\"uagb-column__inner-wrap\"><\/div><\/div>\n<\/div><\/section>\n<\/div><\/div>\n<\/div><\/section>\n\n\n\n<section class=\"wp-block-uagb-columns uagb-columns__wrap uagb-columns__background-undefined uagb-columns__stack-mobile uagb-columns__valign-undefined uagb-columns__gap-10 alignundefined uagb-block-4bc9a3fe\"><div class=\"uagb-columns__overlay\"><\/div><div class=\"uagb-columns__inner-wrap uagb-columns__columns-1\">\n<div class=\"wp-block-uagb-column uagb-column__wrap uagb-column__background-undefined uagb-block-191e5346\"><div class=\"uagb-column__overlay\"><\/div><div class=\"uagb-column__inner-wrap\">\n<h2 class=\"wp-block-heading\">TECH 2 AEON <strong>USINE D&#039;AIR<\/strong><\/h2>\n\n\n\n<p>La mise \u00e0 niveau de l&#039;usine d&#039;air T2 est plus lente que la mise \u00e0 niveau de l&#039;usine terrestre T2, donc s&#039;il est temps de passer \u00e0 la technologie et que vous voulez juste des ing\u00e9nieurs, faites-la plus tard.<\/p>\n\n\n\n<div class=\"wp-block-image\"><figure class=\"aligncenter size-large\"><a href=\"https:\/\/supcom.standardof.net\/fr\/supreme-commander\/temps-infini\/batiments-economiques-tech-2-aeon\/tech-2-aeon-air-factory-supreme-commander-aeon-tech-2-economy\/\"><img decoding=\"async\" width=\"800\" height=\"643\" src=\"https:\/\/supcom.standardof.net\/wp-content\/uploads\/sites\/8\/2020\/11\/TECH-2-AEON-AIR-FACTORY-Supreme-Commander-Aeon-Tech-2-Economy-800x643.jpg\" alt=\"L&#039;usine a\u00e9rienne T2, b\u00e2timent \u00e9conomique Aeon Tech 2 dans Supreme Commander.\" class=\"wp-image-1118\" srcset=\"https:\/\/supcom.standardof.net\/wp-content\/uploads\/sites\/8\/2020\/11\/TECH-2-AEON-AIR-FACTORY-Supreme-Commander-Aeon-Tech-2-Economy-800x643.jpg 800w, https:\/\/supcom.standardof.net\/wp-content\/uploads\/sites\/8\/2020\/11\/TECH-2-AEON-AIR-FACTORY-Supreme-Commander-Aeon-Tech-2-Economy-512x412.jpg 512w, https:\/\/supcom.standardof.net\/wp-content\/uploads\/sites\/8\/2020\/11\/TECH-2-AEON-AIR-FACTORY-Supreme-Commander-Aeon-Tech-2-Economy-200x161.jpg 200w, https:\/\/supcom.standardof.net\/wp-content\/uploads\/sites\/8\/2020\/11\/TECH-2-AEON-AIR-FACTORY-Supreme-Commander-Aeon-Tech-2-Economy-768x618.jpg 768w, https:\/\/supcom.standardof.net\/wp-content\/uploads\/sites\/8\/2020\/11\/TECH-2-AEON-AIR-FACTORY-Supreme-Commander-Aeon-Tech-2-Economy-16x12.jpg 16w, https:\/\/supcom.standardof.net\/wp-content\/uploads\/sites\/8\/2020\/11\/TECH-2-AEON-AIR-FACTORY-Supreme-Commander-Aeon-Tech-2-Economy.jpg 1440w\" sizes=\"(max-width: 800px) 100vw, 800px\" \/><\/a><figcaption>USINE A\u00c9RIENNE T2 AEON<\/figcaption><\/figure><\/div>\n\n\n\n<section class=\"wp-block-uagb-columns uagb-columns__wrap uagb-columns__background-undefined uagb-columns__stack-mobile uagb-columns__valign-undefined uagb-columns__gap-10 alignundefined uagb-block-0180c7b7\"><div class=\"uagb-columns__overlay\"><\/div><div class=\"uagb-columns__inner-wrap uagb-columns__columns-2\">\n<div class=\"wp-block-uagb-column uagb-column__wrap uagb-column__background-undefined uagb-block-5443c14c\"><div class=\"uagb-column__overlay\"><\/div><div class=\"uagb-column__inner-wrap\">\n<h3 class=\"wp-block-heading\">Statistiques de T2 Air Factory<\/h3>\n\n\n\n<p>Armure: 8400hp<br>Capacit\u00e9s: \u00e9volutives<br>Co\u00fbt: M720 (stockage: 160), E19200 (stockage: 800), T2400,<br>taux de construction: 20<br>Intel: vue: 20 (391m)<br>Physique: taille pour la contigu\u00eft\u00e9: 16<\/p>\n<\/div><\/div>\n\n\n\n<div class=\"wp-block-uagb-column uagb-column__wrap uagb-column__background-undefined uagb-block-382a913c\"><div class=\"uagb-column__overlay\"><\/div><div class=\"uagb-column__inner-wrap\"><\/div><\/div>\n<\/div><\/section>\n<\/div><\/div>\n<\/div><\/section>\n\n\n\n<section class=\"wp-block-uagb-columns uagb-columns__wrap uagb-columns__background-undefined uagb-columns__stack-mobile uagb-columns__valign-undefined uagb-columns__gap-10 alignundefined uagb-block-99ba0b7b\"><div class=\"uagb-columns__overlay\"><\/div><div class=\"uagb-columns__inner-wrap uagb-columns__columns-1\">\n<div class=\"wp-block-uagb-column uagb-column__wrap uagb-column__background-undefined uagb-block-5d6c2873\"><div class=\"uagb-column__overlay\"><\/div><div class=\"uagb-column__inner-wrap\">\n<h2 class=\"wp-block-heading\">TECH 2 AEON <strong>USINE NAVALE<\/strong><\/h2>\n\n\n\n<p>L&#039;usine navale T2 a maintenant \u00e9norm\u00e9ment de sant\u00e9, sans \u00eatre beaucoup plus ch\u00e8re que les autres am\u00e9liorations. \u00c9tant donn\u00e9 que la marine UEF T1 est si mauvaise, vous avez maintenant encore plus de raisons de vous lancer t\u00f4t (m\u00eame si c&#039;est juste pour faire des sous-marins deux fois plus vite).<\/p>\n\n\n\n<div class=\"wp-block-image\"><figure class=\"aligncenter size-large\"><a href=\"https:\/\/supcom.standardof.net\/fr\/supreme-commander\/temps-infini\/batiments-economiques-tech-2-aeon\/tech-2-aeon-naval-factory-supreme-commander-aeon-tech-2-economy\/\"><img decoding=\"async\" width=\"800\" height=\"642\" src=\"https:\/\/supcom.standardof.net\/wp-content\/uploads\/sites\/8\/2020\/11\/TECH-2-AEON-NAVAL-FACTORY-Supreme-Commander-Aeon-Tech-2-Economy-800x642.jpg\" alt=\"L&#039;usine navale T2, b\u00e2timent \u00e9conomique Aeon Tech 2 dans Supreme Commander.\" class=\"wp-image-1120\" srcset=\"https:\/\/supcom.standardof.net\/wp-content\/uploads\/sites\/8\/2020\/11\/TECH-2-AEON-NAVAL-FACTORY-Supreme-Commander-Aeon-Tech-2-Economy-800x642.jpg 800w, https:\/\/supcom.standardof.net\/wp-content\/uploads\/sites\/8\/2020\/11\/TECH-2-AEON-NAVAL-FACTORY-Supreme-Commander-Aeon-Tech-2-Economy-512x411.jpg 512w, https:\/\/supcom.standardof.net\/wp-content\/uploads\/sites\/8\/2020\/11\/TECH-2-AEON-NAVAL-FACTORY-Supreme-Commander-Aeon-Tech-2-Economy-200x161.jpg 200w, https:\/\/supcom.standardof.net\/wp-content\/uploads\/sites\/8\/2020\/11\/TECH-2-AEON-NAVAL-FACTORY-Supreme-Commander-Aeon-Tech-2-Economy-768x617.jpg 768w, https:\/\/supcom.standardof.net\/wp-content\/uploads\/sites\/8\/2020\/11\/TECH-2-AEON-NAVAL-FACTORY-Supreme-Commander-Aeon-Tech-2-Economy-1536x1234.jpg 1536w, https:\/\/supcom.standardof.net\/wp-content\/uploads\/sites\/8\/2020\/11\/TECH-2-AEON-NAVAL-FACTORY-Supreme-Commander-Aeon-Tech-2-Economy-16x12.jpg 16w, https:\/\/supcom.standardof.net\/wp-content\/uploads\/sites\/8\/2020\/11\/TECH-2-AEON-NAVAL-FACTORY-Supreme-Commander-Aeon-Tech-2-Economy.jpg 1554w\" sizes=\"(max-width: 800px) 100vw, 800px\" \/><\/a><figcaption>USINE NAVALE T2 AEON<\/figcaption><\/figure><\/div>\n\n\n\n<section class=\"wp-block-uagb-columns uagb-columns__wrap uagb-columns__background-undefined uagb-columns__stack-mobile uagb-columns__valign-undefined uagb-columns__gap-10 alignundefined uagb-block-baf36cb6\"><div class=\"uagb-columns__overlay\"><\/div><div class=\"uagb-columns__inner-wrap uagb-columns__columns-2\">\n<div class=\"wp-block-uagb-column uagb-column__wrap uagb-column__background-undefined uagb-block-ed469209\"><div class=\"uagb-column__overlay\"><\/div><div class=\"uagb-column__inner-wrap\">\n<h3 class=\"wp-block-heading\">Statistiques de l&#039;usine navale T2<\/h3>\n\n\n\n<p>Armure: 17000hp<br>Capacit\u00e9s: \u00e9volutives<br>Co\u00fbt: M950 (stockage: 160), E7600 (stockage: 800), T1900,<br>taux de construction: 20<br>Intel: vue: 20 (391m)<br>Physique: taille pour la contigu\u00eft\u00e9: 16<\/p>\n<\/div><\/div>\n\n\n\n<div class=\"wp-block-uagb-column uagb-column__wrap uagb-column__background-undefined uagb-block-8bbc9c0e\"><div class=\"uagb-column__overlay\"><\/div><div class=\"uagb-column__inner-wrap\"><\/div><\/div>\n<\/div><\/section>\n<\/div><\/div>\n<\/div><\/section>\n\n\n\n<section class=\"wp-block-uagb-columns uagb-columns__wrap uagb-columns__background-undefined uagb-columns__stack-mobile uagb-columns__valign-undefined uagb-columns__gap-10 alignundefined uagb-block-ee614046\"><div class=\"uagb-columns__overlay\"><\/div><div class=\"uagb-columns__inner-wrap uagb-columns__columns-1\">\n<div class=\"wp-block-uagb-column uagb-column__wrap uagb-column__background-undefined uagb-block-edd39df0\"><div class=\"uagb-column__overlay\"><\/div><div class=\"uagb-column__inner-wrap\">\n<h2 class=\"wp-block-heading\">TECH 2 <strong>EXTRACTEUR DE MASSE<\/strong><\/h2>\n\n\n\n<p>Au niveau T2, vous avez d\u00e9velopp\u00e9 toute votre ampleur et il est maintenant temps de commencer \u00e0 mettre \u00e0 niveau vos extracteurs de masse. Faites attention \u00e0 les aider - ils n&#039;appara\u00eetront pas comme inactifs une fois la mise \u00e0 niveau termin\u00e9e.<\/p>\n\n\n\n<div class=\"wp-block-image\"><figure class=\"aligncenter size-large\"><a href=\"https:\/\/supcom.standardof.net\/fr\/supreme-commander\/temps-infini\/batiments-economiques-tech-2-aeon\/tech-2-mass-extractor-supreme-commander-aeon-tech-2-economy\/\"><img decoding=\"async\" width=\"800\" height=\"606\" src=\"https:\/\/supcom.standardof.net\/wp-content\/uploads\/sites\/8\/2020\/11\/TECH-2-MASS-EXTRACTOR-Supreme-Commander-Aeon-Tech-2-Economy-800x606.jpg\" alt=\"L&#039;extracteur de masse T2, b\u00e2timent \u00e9conomique Aeon Tech 2 dans Supreme Commander.\" class=\"wp-image-1121\" srcset=\"https:\/\/supcom.standardof.net\/wp-content\/uploads\/sites\/8\/2020\/11\/TECH-2-MASS-EXTRACTOR-Supreme-Commander-Aeon-Tech-2-Economy-800x606.jpg 800w, https:\/\/supcom.standardof.net\/wp-content\/uploads\/sites\/8\/2020\/11\/TECH-2-MASS-EXTRACTOR-Supreme-Commander-Aeon-Tech-2-Economy-512x388.jpg 512w, https:\/\/supcom.standardof.net\/wp-content\/uploads\/sites\/8\/2020\/11\/TECH-2-MASS-EXTRACTOR-Supreme-Commander-Aeon-Tech-2-Economy-200x151.jpg 200w, https:\/\/supcom.standardof.net\/wp-content\/uploads\/sites\/8\/2020\/11\/TECH-2-MASS-EXTRACTOR-Supreme-Commander-Aeon-Tech-2-Economy-768x582.jpg 768w, https:\/\/supcom.standardof.net\/wp-content\/uploads\/sites\/8\/2020\/11\/TECH-2-MASS-EXTRACTOR-Supreme-Commander-Aeon-Tech-2-Economy-16x12.jpg 16w, https:\/\/supcom.standardof.net\/wp-content\/uploads\/sites\/8\/2020\/11\/TECH-2-MASS-EXTRACTOR-Supreme-Commander-Aeon-Tech-2-Economy.jpg 1014w\" sizes=\"(max-width: 800px) 100vw, 800px\" \/><\/a><figcaption>EXTRACTEUR DE MASSE T2<\/figcaption><\/figure><\/div>\n\n\n\n<section class=\"wp-block-uagb-columns uagb-columns__wrap uagb-columns__background-undefined uagb-columns__stack-mobile uagb-columns__valign-undefined uagb-columns__gap-10 alignundefined uagb-block-052d97c1\"><div class=\"uagb-columns__overlay\"><\/div><div class=\"uagb-columns__inner-wrap uagb-columns__columns-2\">\n<div class=\"wp-block-uagb-column uagb-column__wrap uagb-column__background-undefined uagb-block-65f7f344\"><div class=\"uagb-column__overlay\"><\/div><div class=\"uagb-column__inner-wrap\">\n<h3 class=\"wp-block-heading\">Statistiques de l&#039;extracteur de masse T2<\/h3>\n\n\n\n<p>EXTRACTEUR DE MASSE T2<br>Armure: 2160hp<br>Capacit\u00e9s: \u00e9volutives<br>Co\u00fbt: M900 (+6), E5400 (-9), T900,<br>taux de construction: 15<br>Intel: vue: 20 (391m)<br>Physique: taille pour la contigu\u00eft\u00e9: 4<br>Bonus de proximit\u00e9 (taille du b\u00e2timent adjacent: 4, 8, 12, 16, 20):<br>R\u00e9duction du drain de masse (usines): 15.00%, 7.50%, 5.00%, 3.75%, 3.00%<\/p>\n<\/div><\/div>\n\n\n\n<div class=\"wp-block-uagb-column uagb-column__wrap uagb-column__background-undefined uagb-block-ce4fc8ea\"><div class=\"uagb-column__overlay\"><\/div><div class=\"uagb-column__inner-wrap\"><\/div><\/div>\n<\/div><\/section>\n<\/div><\/div>\n<\/div><\/section>\n\n\n\n<section class=\"wp-block-uagb-columns uagb-columns__wrap uagb-columns__background-undefined uagb-columns__stack-mobile uagb-columns__valign-undefined uagb-columns__gap-10 alignundefined uagb-block-245d77f1\"><div class=\"uagb-columns__overlay\"><\/div><div class=\"uagb-columns__inner-wrap uagb-columns__columns-1\">\n<div class=\"wp-block-uagb-column uagb-column__wrap uagb-column__background-undefined uagb-block-371b3411\"><div class=\"uagb-column__overlay\"><\/div><div class=\"uagb-column__inner-wrap\">\n<h2 class=\"wp-block-heading\">TECH 2 <strong>G\u00c9N\u00c9RATEUR DE COURANT<\/strong><\/h2>\n\n\n\n<p>Le g\u00e9n\u00e9rateur de puissance T2 est un \u00e9l\u00e9ment cl\u00e9 de votre \u00e9conomie, fournissant ce coup de pouce qui vous emp\u00eache d&#039;\u00eatre encha\u00een\u00e9 aux infimes doses d&#039;\u00e9nergie de la puissance T1, tout en accordant \u00e9galement un g\u00e9n\u00e9reux bonus de contigu\u00eft\u00e9 si vous souhaitez placer l&#039;artillerie T2 \u00e0 c\u00f4t\u00e9.<\/p>\n\n\n\n<div class=\"wp-block-image\"><figure class=\"aligncenter size-large\"><a href=\"https:\/\/supcom.standardof.net\/fr\/supreme-commander\/temps-infini\/batiments-economiques-tech-2-aeon\/tech-2-power-generator-supreme-commander-aeon-tech-2-economy\/\"><img decoding=\"async\" width=\"800\" height=\"635\" src=\"https:\/\/supcom.standardof.net\/wp-content\/uploads\/sites\/8\/2020\/11\/TECH-2-POWER-GENERATOR-Supreme-Commander-Aeon-Tech-2-Economy-800x635.jpg\" alt=\"Le g\u00e9n\u00e9rateur de puissance T2, b\u00e2timent \u00e9conomique Aeon Tech 2 dans Supreme Commander.\" class=\"wp-image-1122\" srcset=\"https:\/\/supcom.standardof.net\/wp-content\/uploads\/sites\/8\/2020\/11\/TECH-2-POWER-GENERATOR-Supreme-Commander-Aeon-Tech-2-Economy-800x635.jpg 800w, https:\/\/supcom.standardof.net\/wp-content\/uploads\/sites\/8\/2020\/11\/TECH-2-POWER-GENERATOR-Supreme-Commander-Aeon-Tech-2-Economy-512x407.jpg 512w, https:\/\/supcom.standardof.net\/wp-content\/uploads\/sites\/8\/2020\/11\/TECH-2-POWER-GENERATOR-Supreme-Commander-Aeon-Tech-2-Economy-200x159.jpg 200w, https:\/\/supcom.standardof.net\/wp-content\/uploads\/sites\/8\/2020\/11\/TECH-2-POWER-GENERATOR-Supreme-Commander-Aeon-Tech-2-Economy-768x610.jpg 768w, https:\/\/supcom.standardof.net\/wp-content\/uploads\/sites\/8\/2020\/11\/TECH-2-POWER-GENERATOR-Supreme-Commander-Aeon-Tech-2-Economy-1536x1220.jpg 1536w, https:\/\/supcom.standardof.net\/wp-content\/uploads\/sites\/8\/2020\/11\/TECH-2-POWER-GENERATOR-Supreme-Commander-Aeon-Tech-2-Economy-16x12.jpg 16w, https:\/\/supcom.standardof.net\/wp-content\/uploads\/sites\/8\/2020\/11\/TECH-2-POWER-GENERATOR-Supreme-Commander-Aeon-Tech-2-Economy.jpg 1545w\" sizes=\"(max-width: 800px) 100vw, 800px\" \/><\/a><figcaption>G\u00c9N\u00c9RATEUR T2<\/figcaption><\/figure><\/div>\n\n\n\n<section class=\"wp-block-uagb-columns uagb-columns__wrap uagb-columns__background-undefined uagb-columns__stack-mobile uagb-columns__valign-undefined uagb-columns__gap-10 alignundefined uagb-block-99e1171e\"><div class=\"uagb-columns__overlay\"><\/div><div class=\"uagb-columns__inner-wrap uagb-columns__columns-2\">\n<div class=\"wp-block-uagb-column uagb-column__wrap uagb-column__background-undefined uagb-block-4e9753a5\"><div class=\"uagb-column__overlay\"><\/div><div class=\"uagb-column__inner-wrap\">\n<h3 class=\"wp-block-heading\">Statistiques du g\u00e9n\u00e9rateur T2<\/h3>\n\n\n\n<p>Armure: 2160hp<br>Co\u00fbt: M1200, E12000 (+500), T2000<br>Intel: vue: 20 (391m)<br>Physique: taille pour la contigu\u00eft\u00e9: 12<\/p>\n\n\n\n<p>Bonus de proximit\u00e9 (taille du b\u00e2timent adjacent: 4, 8, 12, 16, 20):<br>R\u00e9duction de la consommation d&#039;\u00e9nergie (entretien): 12.50%`` 12.50%, 12.50%, 12.50%<br>R\u00e9duction de la consommation d&#039;\u00e9nergie (usines): 12.50%, 12.50%, 12.50%, 12.50%, 12.50%<br>R\u00e9duction du temps de vidange de l&#039;arme \u00e0 \u00e9nergie: 5.00%`` 5.00%, 5.00%, 5.00%<\/p>\n<\/div><\/div>\n\n\n\n<div class=\"wp-block-uagb-column uagb-column__wrap uagb-column__background-undefined uagb-block-fdd46841\"><div class=\"uagb-column__overlay\"><\/div><div class=\"uagb-column__inner-wrap\">\n<h3 class=\"wp-block-heading\">Armes de g\u00e9n\u00e9rateur de puissance T2<\/h3>\n\n\n\n<p>DeathWeapon: 1500 points de d\u00e9g\u00e2ts, surface: 5 (97,7 m)<\/p>\n<\/div><\/div>\n<\/div><\/section>\n<\/div><\/div>\n<\/div><\/section>","protected":false},"excerpt":{"rendered":"<p>TECH 2 AEON LAND FACTORY By the T2 level, your factory is not vulnerable to surprise strikes, and is usually the last building to die. It&#8217;s still twice as fast as your engineer of the same level. T2 Land Factory Stats Armor: 8400hpAbilities: UpgradeableCost: M950 (storage: 160), E7600 (storage: 800), T1900, build rate: 20Intel: sight: [&hellip;]<\/p>","protected":false},"author":1,"featured_media":0,"parent":503,"menu_order":0,"comment_status":"open","ping_status":"closed","template":"","meta":{"_uag_custom_page_level_css":"","site-sidebar-layout":"default","site-content-layout":"default","ast-site-content-layout":"","site-content-style":"default","site-sidebar-style":"default","ast-global-header-display":"","ast-banner-title-visibility":"","ast-main-header-display":"","ast-hfb-above-header-display":"","ast-hfb-below-header-display":"","ast-hfb-mobile-header-display":"","site-post-title":"","ast-breadcrumbs-content":"","ast-featured-img":"","footer-sml-layout":"","theme-transparent-header-meta":"default","adv-header-id-meta":"","stick-header-meta":"","header-above-stick-meta":"","header-main-stick-meta":"","header-below-stick-meta":"","astra-migrate-meta-layouts":"default","ast-page-background-enabled":"default","ast-page-background-meta":{"desktop":{"background-color":"","background-image":"","background-repeat":"repeat","background-position":"center center","background-size":"auto","background-attachment":"scroll","background-type":"","background-media":"","overlay-type":"","overlay-color":"","overlay-gradient":""},"tablet":{"background-color":"","background-image":"","background-repeat":"repeat","background-position":"center center","background-size":"auto","background-attachment":"scroll","background-type":"","background-media":"","overlay-type":"","overlay-color":"","overlay-gradient":""},"mobile":{"background-color":"","background-image":"","background-repeat":"repeat","background-position":"center center","background-size":"auto","background-attachment":"scroll","background-type":"","background-media":"","overlay-type":"","overlay-color":"","overlay-gradient":""}},"ast-content-background-meta":{"desktop":{"background-color":"var(--ast-global-color-5)","background-image":"","background-repeat":"repeat","background-position":"center center","background-size":"auto","background-attachment":"scroll","background-type":"","background-media":"","overlay-type":"","overlay-color":"","overlay-gradient":""},"tablet":{"background-color":"var(--ast-global-color-5)","background-image":"","background-repeat":"repeat","background-position":"center center","background-size":"auto","background-attachment":"scroll","background-type":"","background-media":"","overlay-type":"","overlay-color":"","overlay-gradient":""},"mobile":{"background-color":"var(--ast-global-color-5)","background-image":"","background-repeat":"repeat","background-position":"center center","background-size":"auto","background-attachment":"scroll","background-type":"","background-media":"","overlay-type":"","overlay-color":"","overlay-gradient":""}},"footnotes":""},"uagb_featured_image_src":{"full":false,"thumbnail":false,"medium":false,"medium_large":false,"large":false,"1536x1536":false,"2048x2048":false,"trp-custom-language-flag":false},"uagb_author_info":{"display_name":"SOE","author_link":"https:\/\/supcom.standardof.net\/fr\/author\/k-tastic\/"},"uagb_comment_info":0,"uagb_excerpt":"TECH 2 AEON LAND FACTORY By the T2 level, your factory is not vulnerable to surprise strikes, and is usually the last building to die. It&#8217;s still twice as fast as your engineer of the same level. T2 Land Factory Stats Armor: 8400hpAbilities: UpgradeableCost: M950 (storage: 160), E7600 (storage: 800), T1900, build rate: 20Intel: sight:&hellip;","_links":{"self":[{"href":"https:\/\/supcom.standardof.net\/fr\/wp-json\/wp\/v2\/pages\/723"}],"collection":[{"href":"https:\/\/supcom.standardof.net\/fr\/wp-json\/wp\/v2\/pages"}],"about":[{"href":"https:\/\/supcom.standardof.net\/fr\/wp-json\/wp\/v2\/types\/page"}],"author":[{"embeddable":true,"href":"https:\/\/supcom.standardof.net\/fr\/wp-json\/wp\/v2\/users\/1"}],"replies":[{"embeddable":true,"href":"https:\/\/supcom.standardof.net\/fr\/wp-json\/wp\/v2\/comments?post=723"}],"version-history":[{"count":0,"href":"https:\/\/supcom.standardof.net\/fr\/wp-json\/wp\/v2\/pages\/723\/revisions"}],"up":[{"embeddable":true,"href":"https:\/\/supcom.standardof.net\/fr\/wp-json\/wp\/v2\/pages\/503"}],"wp:attachment":[{"href":"https:\/\/supcom.standardof.net\/fr\/wp-json\/wp\/v2\/media?parent=723"}],"curies":[{"name":"wp","href":"https:\/\/api.w.org\/{rel}","templated":true}]}}