{"id":773,"date":"2020-11-03T17:39:14","date_gmt":"2020-11-03T22:39:14","guid":{"rendered":"https:\/\/supcom.standardof.net\/?page_id=773"},"modified":"2020-11-04T20:10:23","modified_gmt":"2020-11-05T01:10:23","slug":"tech-3-aeon-naval-units","status":"publish","type":"page","link":"https:\/\/supcom.standardof.net\/fr\/supreme-commander\/temps-infini\/tech-3-aeon-naval-units\/","title":{"rendered":"Tech 3 - Unit\u00e9s navales Aeon"},"content":{"rendered":"<div class=\"wp-block-uagb-table-of-contents uagb-toc__align-left uagb-toc__columns-1  uagb-block-9fffb14d\"\n\t\t\t\t\tdata-scroll= \"1\"\n\t\t\t\t\tdata-offset= \"30\"\n\t\t\t\t\tstyle=\"\"\n\t\t\t\t>\n\t\t\t\t<div class=\"uagb-toc__wrap\">\n\t\t\t\t\t\t<div class=\"uagb-toc__title\">\n\t\t\t\t\t\t\tUnit\u00e9s navales Aeon Tech 3:\t\t\t\t\t\t<\/div>\n\t\t\t\t\t\t\t\t\t\t\t\t\t\t\t\t<div class=\"uagb-toc__list-wrap\">\n\t\t\t\t\t\t<ol class=\"uagb-toc__list\"><li class=\"uagb-toc__list\"><a href=\"#omen-class-battleship\" class=\"uagb-toc-link__trigger\">BATAILLE DE CLASSE OMEN<\/a><li class=\"uagb-toc__list\"><a href=\"#keefer-class-aircraft-carrier\" class=\"uagb-toc-link__trigger\">PORTE-AVIONS DE CLASSE KEEFER<\/a><li class=\"uagb-toc__list\"><a href=\"#silencer-strategic-missile-submarine\" class=\"uagb-toc-link__trigger\">SILENCIEUX - SOUS-MARIN MISSILE STRAT\u00c9GIQUE<\/a><\/ol>\t\t\t\t\t<\/div>\n\t\t\t\t\t\t\t\t\t<\/div>\n\t\t\t\t<\/div>\n\t\t\t\n\n\n<section class=\"wp-block-uagb-columns uagb-columns__wrap uagb-columns__background-undefined uagb-columns__stack-mobile uagb-columns__valign-undefined uagb-columns__gap-10 alignundefined uagb-block-c36918af\"><div class=\"uagb-columns__overlay\"><\/div><div class=\"uagb-columns__inner-wrap uagb-columns__columns-1\">\n<div class=\"wp-block-uagb-column uagb-column__wrap uagb-column__background-undefined uagb-block-f7f54855\"><div class=\"uagb-column__overlay\"><\/div><div class=\"uagb-column__inner-wrap\">\n<h2 class=\"wp-block-heading\"><strong>PR\u00c9SAGE <\/strong>BATAILLE DE CLASSE<\/h2>\n\n\n\n<p>Le cuirass\u00e9 Aeon est l&#039;extension ultime d&#039;un objectif unique: mis \u00e0 part certaines d\u00e9fenses tactiques pour arr\u00eater les croiseurs UEF et les missiles c\u00f4tiers, il repose uniquement sur un trio de pi\u00e8ces d&#039;artillerie essentiellement T2, plus une armure qui prendra toute une flotte pour d\u00e9truire, \u00e0 un prix aussi bas que possible. En tant qu&#039;Aeon, votre premier avantage en mer vous donnera le coussin dont vous avez besoin pour faire monter un cuirass\u00e9 bien avant, et lorsque vous le ferez, vos canons Oblivion seront capables de d\u00e9crocher les mers et de se d\u00e9placer pour frapper l&#039;artillerie T2 ennemie par eux-m\u00eames termes. Il est totalement vuln\u00e9rable aux sous-marins ou aux unit\u00e9s a\u00e9riennes, vous ne pouvez donc pas simplement jeter votre flotte pour en construire un, mais c&#039;est toujours extr\u00eamement efficace.<\/p>\n\n\n\n<div class=\"wp-block-image\"><figure class=\"aligncenter size-large\"><a href=\"https:\/\/supcom.standardof.net\/fr\/supreme-commander\/temps-infini\/tech-3-aeon-naval-units\/omen-class-battleship-1-supreme-commander-aeon-tech-3-naval-units\/\"><img decoding=\"async\" width=\"800\" height=\"472\" src=\"https:\/\/supcom.standardof.net\/wp-content\/uploads\/sites\/8\/2020\/11\/OMEN-CLASS-BATTLESHIP-1-Supreme-Commander-Aeon-Tech-3-Naval-Units-800x472.jpg\" alt=\"Le cuirass\u00e9 de classe Omen, unit\u00e9 navale Aeon Tech 3 en commandant supr\u00eame.\" class=\"wp-image-1035\" srcset=\"https:\/\/supcom.standardof.net\/wp-content\/uploads\/sites\/8\/2020\/11\/OMEN-CLASS-BATTLESHIP-1-Supreme-Commander-Aeon-Tech-3-Naval-Units-800x472.jpg 800w, https:\/\/supcom.standardof.net\/wp-content\/uploads\/sites\/8\/2020\/11\/OMEN-CLASS-BATTLESHIP-1-Supreme-Commander-Aeon-Tech-3-Naval-Units-512x302.jpg 512w, https:\/\/supcom.standardof.net\/wp-content\/uploads\/sites\/8\/2020\/11\/OMEN-CLASS-BATTLESHIP-1-Supreme-Commander-Aeon-Tech-3-Naval-Units-200x118.jpg 200w, https:\/\/supcom.standardof.net\/wp-content\/uploads\/sites\/8\/2020\/11\/OMEN-CLASS-BATTLESHIP-1-Supreme-Commander-Aeon-Tech-3-Naval-Units-768x453.jpg 768w, https:\/\/supcom.standardof.net\/wp-content\/uploads\/sites\/8\/2020\/11\/OMEN-CLASS-BATTLESHIP-1-Supreme-Commander-Aeon-Tech-3-Naval-Units-1536x905.jpg 1536w, https:\/\/supcom.standardof.net\/wp-content\/uploads\/sites\/8\/2020\/11\/OMEN-CLASS-BATTLESHIP-1-Supreme-Commander-Aeon-Tech-3-Naval-Units-16x9.jpg 16w, https:\/\/supcom.standardof.net\/wp-content\/uploads\/sites\/8\/2020\/11\/OMEN-CLASS-BATTLESHIP-1-Supreme-Commander-Aeon-Tech-3-Naval-Units.jpg 1944w\" sizes=\"(max-width: 800px) 100vw, 800px\" \/><\/a><figcaption>BATAILLE DE CLASSE OMEN<\/figcaption><\/figure><\/div>\n\n\n\n<section class=\"wp-block-uagb-columns uagb-columns__wrap uagb-columns__background-undefined uagb-columns__stack-mobile uagb-columns__valign-undefined uagb-columns__gap-10 alignundefined uagb-block-a7fbca69\"><div class=\"uagb-columns__overlay\"><\/div><div class=\"uagb-columns__inner-wrap uagb-columns__columns-2\">\n<div class=\"wp-block-uagb-column uagb-column__wrap uagb-column__background-undefined uagb-block-6e3246d8\"><div class=\"uagb-column__overlay\"><\/div><div class=\"uagb-column__inner-wrap\">\n<h3 class=\"wp-block-heading\">Statistiques d&#039;Omen<\/h3>\n\n\n\n<p>Armure: 55000hp<br>Capacit\u00e9s: D\u00e9fense antimissile - Tactique<br>Co\u00fbt: M19000, E152000, T22800<br>Intel:<br>- vue: 70 (1.37km),<br>- radar: 110 (2,15 km),<br>- sonar: 20 (391m),<br>- vue sur l&#039;eau: 50 (977m)<br>La physique:<br>- vitesse max: 4,675 (91,3m \/ s),<br>- taux de virage: 15<br>V\u00e9t\u00e9ran: 50, 100, 250, 500, 1000 victimes<br>- v\u00e9t\u00e9ran niveau 2: +13750 ch,<br>- niveau v\u00e9t\u00e9ran 4: +13750 ch,<br>- v\u00e9t\u00e9ran niveau 5: r\u00e9paration 3 hp \/ s<\/p>\n<\/div><\/div>\n\n\n\n<div class=\"wp-block-uagb-column uagb-column__wrap uagb-column__background-undefined uagb-block-102d2546\"><div class=\"uagb-column__overlay\"><\/div><div class=\"uagb-column__inner-wrap\">\n<h3 class=\"wp-block-heading\">Armes d&#039;Omen<\/h3>\n\n\n\n<p>3x Canon d&#039;Oblivion (Naval \u00e0 tir direct):<br>159,38 dps,<br>superficie: 1 (19,5 m),<br>port\u00e9e: 128 (2,50 km)<br>arme \u00e0 projectile: 2550 d\u00e9g\u00e2ts<br>cadence de tir: 0,0625 (toutes les 16 s)<br>v\u00e9t\u00e9ran niveau 1: +638 d\u00e9g\u00e2ts, v\u00e9t\u00e9ran niveau 3: +638 d\u00e9g\u00e2ts<\/p>\n\n\n\n<p>2x Will O Wisp Anti Missile (D\u00e9fense):<br>9,00 dps,<br>port\u00e9e: 42 (820m)<br>arme \u00e0 projectile: 30 d\u00e9g\u00e2ts x 3 projectiles = 90 d\u00e9g\u00e2ts par salve<br>cadence de tir: 0,2 (toutes les 5 s)<\/p>\n<\/div><\/div>\n<\/div><\/section>\n<\/div><\/div>\n<\/div><\/section>\n\n\n\n<section class=\"wp-block-uagb-columns uagb-columns__wrap uagb-columns__background-undefined uagb-columns__stack-mobile uagb-columns__valign-undefined uagb-columns__gap-10 alignundefined uagb-block-eb008098\"><div class=\"uagb-columns__overlay\"><\/div><div class=\"uagb-columns__inner-wrap uagb-columns__columns-1\">\n<div class=\"wp-block-uagb-column uagb-column__wrap uagb-column__background-undefined uagb-block-c5043fcb\"><div class=\"uagb-column__overlay\"><\/div><div class=\"uagb-column__inner-wrap\">\n<h2 class=\"wp-block-heading\"><strong>KEEFER <\/strong>PORTE-AVIONS DE CLASSE<\/h2>\n\n\n\n<p>Un porte-avions Aeon a des missiles anti-a\u00e9riens symboliques de sorte qu&#039;il ne soit pas enti\u00e8rement sans d\u00e9fense, et il a une quantit\u00e9 \u00e9tonnamment grande de sant\u00e9 lui permettant de prendre plusieurs tirs de navires de combat ou autre et de survivre pour tuer, mais c&#039;est toujours essentiellement dans le but de transporter votre avion sur une grande carte. Si vous avez besoin de d\u00e9passer les combattants, vous pouvez aussi bien construire plus de croiseurs, car les combattants seront partout sur votre porte-avions d\u00e8s qu&#039;ils vous rep\u00e9reront, mais le porte-avions peut \u00eatre utile d&#039;autant plus que votre marine sup\u00e9rieure Aeon est susceptible de faire la mer s\u00fbre pour le transporteur d\u00e9j\u00e0. En tant qu&#039;usine a\u00e9rienne flottante, le transporteur peut \u00eatre utile m\u00eame si vous n&#039;avez pas d\u00e9j\u00e0 une horde d&#039;avions.<\/p>\n\n\n\n<div class=\"wp-block-image\"><figure class=\"aligncenter size-large\"><a href=\"https:\/\/supcom.standardof.net\/fr\/supreme-commander\/temps-infini\/tech-3-aeon-naval-units\/keefer-class-aircraft-carrier-supreme-commander-aeon-tech-3-naval-units\/\"><img decoding=\"async\" width=\"800\" height=\"628\" src=\"https:\/\/supcom.standardof.net\/wp-content\/uploads\/sites\/8\/2020\/11\/KEEFER-CLASS-AIRCRAFT-CARRIER-Supreme-Commander-Aeon-Tech-3-Naval-Units-800x628.jpg\" alt=\"Le porte-avions de classe Keefer, unit\u00e9 navale Aeon Tech 3 en commandant supr\u00eame.\" class=\"wp-image-1034\" srcset=\"https:\/\/supcom.standardof.net\/wp-content\/uploads\/sites\/8\/2020\/11\/KEEFER-CLASS-AIRCRAFT-CARRIER-Supreme-Commander-Aeon-Tech-3-Naval-Units-800x628.jpg 800w, https:\/\/supcom.standardof.net\/wp-content\/uploads\/sites\/8\/2020\/11\/KEEFER-CLASS-AIRCRAFT-CARRIER-Supreme-Commander-Aeon-Tech-3-Naval-Units-512x402.jpg 512w, https:\/\/supcom.standardof.net\/wp-content\/uploads\/sites\/8\/2020\/11\/KEEFER-CLASS-AIRCRAFT-CARRIER-Supreme-Commander-Aeon-Tech-3-Naval-Units-200x157.jpg 200w, https:\/\/supcom.standardof.net\/wp-content\/uploads\/sites\/8\/2020\/11\/KEEFER-CLASS-AIRCRAFT-CARRIER-Supreme-Commander-Aeon-Tech-3-Naval-Units-768x602.jpg 768w, https:\/\/supcom.standardof.net\/wp-content\/uploads\/sites\/8\/2020\/11\/KEEFER-CLASS-AIRCRAFT-CARRIER-Supreme-Commander-Aeon-Tech-3-Naval-Units-16x12.jpg 16w, https:\/\/supcom.standardof.net\/wp-content\/uploads\/sites\/8\/2020\/11\/KEEFER-CLASS-AIRCRAFT-CARRIER-Supreme-Commander-Aeon-Tech-3-Naval-Units.jpg 1461w\" sizes=\"(max-width: 800px) 100vw, 800px\" \/><\/a><figcaption>PORTE-AVIONS DE CLASSE KEEFER<\/figcaption><\/figure><\/div>\n\n\n\n<section class=\"wp-block-uagb-columns uagb-columns__wrap uagb-columns__background-undefined uagb-columns__stack-mobile uagb-columns__valign-undefined uagb-columns__gap-10 alignundefined uagb-block-7ea4ccfb\"><div class=\"uagb-columns__overlay\"><\/div><div class=\"uagb-columns__inner-wrap uagb-columns__columns-2\">\n<div class=\"wp-block-uagb-column uagb-column__wrap uagb-column__background-undefined uagb-block-4128d43e\"><div class=\"uagb-column__overlay\"><\/div><div class=\"uagb-column__inner-wrap\">\n<h3 class=\"wp-block-heading\">Statistiques Keefer<\/h3>\n\n\n\n<p>Armure: 22000hp<br>Capacit\u00e9s: mise en sc\u00e8ne a\u00e9rienne, construction<br>Co\u00fbt: M4000, E40000, T8000, taux de construction: 20<br>Intel:<br>- vue: 60 (1,17km),<br>- radar: 150 (2,93 km),<br>- sonar: 20 (391m),<br>- vue sur l&#039;eau: 36 (703m)<br>La physique:<br>- vitesse max: 3,4 (66,4 m \/ s)<br>- taux de virage: 10<br>Classe de transport: 10<br>V\u00e9t\u00e9ran: 50, 100, 250, 500, 1000 victimes<br>- v\u00e9t\u00e9ran niveau 2: +5500 ch,<br>- niveau v\u00e9t\u00e9ran 4: +5500 ch,<br>- v\u00e9t\u00e9ran niveau 5: r\u00e9paration 3 hp \/ s<\/p>\n<\/div><\/div>\n\n\n\n<div class=\"wp-block-uagb-column uagb-column__wrap uagb-column__background-undefined uagb-block-f3742e17\"><div class=\"uagb-column__overlay\"><\/div><div class=\"uagb-column__inner-wrap\">\n<h3 class=\"wp-block-heading\">Armes de Keefer<\/h3>\n\n\n\n<p>2x missiles Zealot AA (anti-a\u00e9rien):<br>30,00 dps,<br>superficie: 1 (19,5 m),<br>Autonomie: 75 (1.46km)<br>arme \u00e0 projectile: 30 d\u00e9g\u00e2ts<br>cadence de tir: 1 (toutes les 1s)<br>v\u00e9t\u00e9ran niveau 1: +8 d\u00e9g\u00e2ts<br>v\u00e9t\u00e9ran niveau 3: +8 d\u00e9g\u00e2ts<\/p>\n<\/div><\/div>\n<\/div><\/section>\n<\/div><\/div>\n<\/div><\/section>\n\n\n\n<section class=\"wp-block-uagb-columns uagb-columns__wrap uagb-columns__background-undefined uagb-columns__stack-mobile uagb-columns__valign-undefined uagb-columns__gap-10 alignundefined uagb-block-5d7f1638\"><div class=\"uagb-columns__overlay\"><\/div><div class=\"uagb-columns__inner-wrap uagb-columns__columns-1\">\n<div class=\"wp-block-uagb-column uagb-column__wrap uagb-column__background-undefined uagb-block-982ca28a\"><div class=\"uagb-column__overlay\"><\/div><div class=\"uagb-column__inner-wrap\">\n<h2 class=\"wp-block-heading\"><strong>SILENCIEUX <\/strong>- SOUS-MARIN MISSILE STRAT\u00c9GIQUE<\/h2>\n\n\n\n<p>Ce n&#039;est pas parce que votre arme nucl\u00e9aire arrive sur un sous-marin que sa construction est moins douloureuse. N&#039;oubliez pas de ne pas construire cela dans votre seule usine navale, car vous serez bient\u00f4t submerg\u00e9. Le missile tactique n&#039;est pas vraiment capable de tuer d&#039;autres unit\u00e9s navales, car leurs d\u00e9fenses anti-missiles tactiques vont simplement l&#039;abattre, mais cela fonctionne \u00e0 merveille comme un moyen de tuer des unit\u00e9s terrestres pendant que vous construisez votre solution une fois que leurs d\u00e9fenses anti-navales auront disparu.<\/p>\n\n\n\n<div class=\"wp-block-image\"><figure class=\"aligncenter size-large\"><a href=\"https:\/\/supcom.standardof.net\/fr\/supreme-commander\/temps-infini\/tech-3-aeon-naval-units\/silencer-strategic-missile-submarine-supreme-commander-aeon-tech-3-naval-units\/\"><img decoding=\"async\" width=\"800\" height=\"540\" src=\"https:\/\/supcom.standardof.net\/wp-content\/uploads\/sites\/8\/2020\/11\/SILENCER-STRATEGIC-MISSILE-SUBMARINE-Supreme-Commander-Aeon-Tech-3-Naval-Units-800x540.jpg\" alt=\"Le sous-marin de missiles strat\u00e9giques Silencer, unit\u00e9 navale Aeon Tech 3 en commandant supr\u00eame.\" class=\"wp-image-1037\" srcset=\"https:\/\/supcom.standardof.net\/wp-content\/uploads\/sites\/8\/2020\/11\/SILENCER-STRATEGIC-MISSILE-SUBMARINE-Supreme-Commander-Aeon-Tech-3-Naval-Units-800x540.jpg 800w, https:\/\/supcom.standardof.net\/wp-content\/uploads\/sites\/8\/2020\/11\/SILENCER-STRATEGIC-MISSILE-SUBMARINE-Supreme-Commander-Aeon-Tech-3-Naval-Units-512x346.jpg 512w, https:\/\/supcom.standardof.net\/wp-content\/uploads\/sites\/8\/2020\/11\/SILENCER-STRATEGIC-MISSILE-SUBMARINE-Supreme-Commander-Aeon-Tech-3-Naval-Units-200x135.jpg 200w, https:\/\/supcom.standardof.net\/wp-content\/uploads\/sites\/8\/2020\/11\/SILENCER-STRATEGIC-MISSILE-SUBMARINE-Supreme-Commander-Aeon-Tech-3-Naval-Units-768x518.jpg 768w, https:\/\/supcom.standardof.net\/wp-content\/uploads\/sites\/8\/2020\/11\/SILENCER-STRATEGIC-MISSILE-SUBMARINE-Supreme-Commander-Aeon-Tech-3-Naval-Units-16x12.jpg 16w, https:\/\/supcom.standardof.net\/wp-content\/uploads\/sites\/8\/2020\/11\/SILENCER-STRATEGIC-MISSILE-SUBMARINE-Supreme-Commander-Aeon-Tech-3-Naval-Units.jpg 969w\" sizes=\"(max-width: 800px) 100vw, 800px\" \/><\/a><figcaption>SILENCIEUX - SOUS-MARIN MISSILE STRAT\u00c9GIQUE<\/figcaption><\/figure><\/div>\n\n\n\n<section class=\"wp-block-uagb-columns uagb-columns__wrap uagb-columns__background-undefined uagb-columns__stack-mobile uagb-columns__valign-undefined uagb-columns__gap-10 alignundefined uagb-block-9894fe5d\"><div class=\"uagb-columns__overlay\"><\/div><div class=\"uagb-columns__inner-wrap uagb-columns__columns-2\">\n<div class=\"wp-block-uagb-column uagb-column__wrap uagb-column__background-undefined uagb-block-be285313\"><div class=\"uagb-column__overlay\"><\/div><div class=\"uagb-column__inner-wrap\">\n<h3 class=\"wp-block-heading\">Statistiques du silencieux<\/h3>\n\n\n\n<p>Armure: 3000hp<br>Capacit\u00e9s: submersible, construction manuelle, lancement manuel<br>Co\u00fbt: M10000, E60000, T15000<br>Intel:<br>- vue: 16 (313m),<br>- sonar: 90 (1,76 km),<br>- vue sur l&#039;eau: 24 (469m)<br>La physique:<br>- vitesse max: 2,55 (49,8 m \/ s),<br>- taux de virage: 25<br>V\u00e9t\u00e9ran: 50, 100, 250, 500, 1000 victimes<br>- v\u00e9t\u00e9ran niveau 2: +750 ch,<br>- niveau v\u00e9t\u00e9ran 4: +750 ch,<br>- v\u00e9t\u00e9ran niveau 5: r\u00e9paration 3 hp \/ s<\/p>\n<\/div><\/div>\n\n\n\n<div class=\"wp-block-uagb-column uagb-column__wrap uagb-column__background-undefined uagb-block-45794e3c\"><div class=\"uagb-column__overlay\"><\/div><div class=\"uagb-column__inner-wrap\">\n<h3 class=\"wp-block-heading\">Armes de silencieux<\/h3>\n\n\n\n<p>Missile de croisi\u00e8re \u00e0 longue port\u00e9e (missile):<br>200,00 dps,<br>superficie: 2 (39,1m),<br>port\u00e9e: 128 (2,50 km)<br>arme \u00e0 projectile: 2000 d\u00e9g\u00e2ts<br>cadence de tir: 0,1 (toutes les 10 s)<br>v\u00e9t\u00e9ran niveau 1: +750 d\u00e9g\u00e2ts, v\u00e9t\u00e9ran niveau 3: +750 d\u00e9g\u00e2ts<\/p>\n\n\n\n<p>Ogive nucl\u00e9aire (missile):<br>endommagement de la bague int\u00e9rieure: 35000<br>rayon de la bague int\u00e9rieure: 30 (586m)<br>endommagement de la bague ext\u00e9rieure: 500<br>rayon de la bague ext\u00e9rieure: 40 (781m)<br>stocke 2 missiles<\/p>\n<\/div><\/div>\n<\/div><\/section>\n<\/div><\/div>\n<\/div><\/section>","protected":false},"excerpt":{"rendered":"<p>OMEN CLASS BATTLESHIP The Aeon Battleship is the ultimate extension of a single-minded purpose: aside from some tactical defenses to stop UEF cruisers and shoreline missiles, it relies solely on a trio of what are essentially T2 artillery pieces, plus armor that will take an entire fleet to destroy, at as cheap a price as [&hellip;]<\/p>","protected":false},"author":1,"featured_media":0,"parent":503,"menu_order":0,"comment_status":"open","ping_status":"closed","template":"","meta":{"_uag_custom_page_level_css":"","site-sidebar-layout":"default","site-content-layout":"default","ast-site-content-layout":"","site-content-style":"default","site-sidebar-style":"default","ast-global-header-display":"","ast-banner-title-visibility":"","ast-main-header-display":"","ast-hfb-above-header-display":"","ast-hfb-below-header-display":"","ast-hfb-mobile-header-display":"","site-post-title":"","ast-breadcrumbs-content":"","ast-featured-img":"","footer-sml-layout":"","theme-transparent-header-meta":"default","adv-header-id-meta":"","stick-header-meta":"","header-above-stick-meta":"","header-main-stick-meta":"","header-below-stick-meta":"","astra-migrate-meta-layouts":"default","ast-page-background-enabled":"default","ast-page-background-meta":{"desktop":{"background-color":"","background-image":"","background-repeat":"repeat","background-position":"center center","background-size":"auto","background-attachment":"scroll","background-type":"","background-media":"","overlay-type":"","overlay-color":"","overlay-gradient":""},"tablet":{"background-color":"","background-image":"","background-repeat":"repeat","background-position":"center center","background-size":"auto","background-attachment":"scroll","background-type":"","background-media":"","overlay-type":"","overlay-color":"","overlay-gradient":""},"mobile":{"background-color":"","background-image":"","background-repeat":"repeat","background-position":"center center","background-size":"auto","background-attachment":"scroll","background-type":"","background-media":"","overlay-type":"","overlay-color":"","overlay-gradient":""}},"ast-content-background-meta":{"desktop":{"background-color":"var(--ast-global-color-5)","background-image":"","background-repeat":"repeat","background-position":"center center","background-size":"auto","background-attachment":"scroll","background-type":"","background-media":"","overlay-type":"","overlay-color":"","overlay-gradient":""},"tablet":{"background-color":"var(--ast-global-color-5)","background-image":"","background-repeat":"repeat","background-position":"center center","background-size":"auto","background-attachment":"scroll","background-type":"","background-media":"","overlay-type":"","overlay-color":"","overlay-gradient":""},"mobile":{"background-color":"var(--ast-global-color-5)","background-image":"","background-repeat":"repeat","background-position":"center center","background-size":"auto","background-attachment":"scroll","background-type":"","background-media":"","overlay-type":"","overlay-color":"","overlay-gradient":""}},"footnotes":""},"uagb_featured_image_src":{"full":false,"thumbnail":false,"medium":false,"medium_large":false,"large":false,"1536x1536":false,"2048x2048":false,"trp-custom-language-flag":false},"uagb_author_info":{"display_name":"SOE","author_link":"https:\/\/supcom.standardof.net\/fr\/author\/k-tastic\/"},"uagb_comment_info":0,"uagb_excerpt":"OMEN CLASS BATTLESHIP The Aeon Battleship is the ultimate extension of a single-minded purpose: aside from some tactical defenses to stop UEF cruisers and shoreline missiles, it relies solely on a trio of what are essentially T2 artillery pieces, plus armor that will take an entire fleet to destroy, at as cheap a price as&hellip;","_links":{"self":[{"href":"https:\/\/supcom.standardof.net\/fr\/wp-json\/wp\/v2\/pages\/773"}],"collection":[{"href":"https:\/\/supcom.standardof.net\/fr\/wp-json\/wp\/v2\/pages"}],"about":[{"href":"https:\/\/supcom.standardof.net\/fr\/wp-json\/wp\/v2\/types\/page"}],"author":[{"embeddable":true,"href":"https:\/\/supcom.standardof.net\/fr\/wp-json\/wp\/v2\/users\/1"}],"replies":[{"embeddable":true,"href":"https:\/\/supcom.standardof.net\/fr\/wp-json\/wp\/v2\/comments?post=773"}],"version-history":[{"count":0,"href":"https:\/\/supcom.standardof.net\/fr\/wp-json\/wp\/v2\/pages\/773\/revisions"}],"up":[{"embeddable":true,"href":"https:\/\/supcom.standardof.net\/fr\/wp-json\/wp\/v2\/pages\/503"}],"wp:attachment":[{"href":"https:\/\/supcom.standardof.net\/fr\/wp-json\/wp\/v2\/media?parent=773"}],"curies":[{"name":"wp","href":"https:\/\/api.w.org\/{rel}","templated":true}]}}