{"id":775,"date":"2020-11-03T17:46:38","date_gmt":"2020-11-03T22:46:38","guid":{"rendered":"https:\/\/supcom.standardof.net\/?page_id=775"},"modified":"2020-11-04T20:07:18","modified_gmt":"2020-11-05T01:07:18","slug":"tech-2-aeon-naval-units","status":"publish","type":"page","link":"https:\/\/supcom.standardof.net\/fr\/supreme-commander\/temps-infini\/tech-2-aeon-naval-units\/","title":{"rendered":"Tech 2 - Unit\u00e9s navales Aeon"},"content":{"rendered":"<div class=\"wp-block-uagb-table-of-contents uagb-toc__align-left uagb-toc__columns-1  uagb-block-dd19782d\"\n\t\t\t\t\tdata-scroll= \"1\"\n\t\t\t\t\tdata-offset= \"30\"\n\t\t\t\t\tstyle=\"\"\n\t\t\t\t>\n\t\t\t\t<div class=\"uagb-toc__wrap\">\n\t\t\t\t\t\t<div class=\"uagb-toc__title\">\n\t\t\t\t\t\t\tUnit\u00e9s navales Aeon Tech 2:\t\t\t\t\t\t<\/div>\n\t\t\t\t\t\t\t\t\t\t\t\t\t\t\t\t<div class=\"uagb-toc__list-wrap\">\n\t\t\t\t\t\t<ol class=\"uagb-toc__list\"><li class=\"uagb-toc__list\"><a href=\"#infinity-class-cruiser\" class=\"uagb-toc-link__trigger\">CRUISER DE CLASSE INFINITY<\/a><li class=\"uagb-toc__list\"><a href=\"#exodus-class-destroyer\" class=\"uagb-toc-link__trigger\">DESTRUCTEUR DE CLASSE EXODE<\/a><\/ol>\t\t\t\t\t<\/div>\n\t\t\t\t\t\t\t\t\t<\/div>\n\t\t\t\t<\/div>\n\t\t\t\n\n\n<section class=\"wp-block-uagb-columns uagb-columns__wrap uagb-columns__background-undefined uagb-columns__stack-mobile uagb-columns__valign-undefined uagb-columns__gap-10 alignundefined uagb-block-65cd8ffc\"><div class=\"uagb-columns__overlay\"><\/div><div class=\"uagb-columns__inner-wrap uagb-columns__columns-1\">\n<div class=\"wp-block-uagb-column uagb-column__wrap uagb-column__background-undefined uagb-block-e2f57b18\"><div class=\"uagb-column__overlay\"><\/div><div class=\"uagb-column__inner-wrap\">\n<h2 class=\"wp-block-heading\"><strong>INFINI <\/strong>CROISIER DE CLASSE<\/h2>\n\n\n\n<p>Le croiseur Aeon fait tout ce qu&#039;un croiseur est cens\u00e9 faire: il tire un canon d\u00e9cent de la m\u00eame port\u00e9e que vos destroyers, il a des capacit\u00e9s anti-a\u00e9riennes tout en n&#039;\u00e9tant pas totalement inutile contre quoi que ce soit avec une arme \u00e0 feu, et il a m\u00eame une petite quantit\u00e9 de d\u00e9fense antimissile tactique \u00abau cas o\u00f9\u00bb. L&#039;armure n&#039;est pas g\u00e9niale, mais son arme devrait pouvoir la garder \u00e0 l&#039;arri\u00e8re o\u00f9 elle appartient.<\/p>\n\n\n\n<div class=\"wp-block-image\"><figure class=\"aligncenter size-large\"><a href=\"https:\/\/supcom.standardof.net\/fr\/supreme-commander\/temps-infini\/tech-2-aeon-naval-units\/infinity-class-cruiser-supreme-commander-aeon-tech-2-naval-units\/\"><img decoding=\"async\" width=\"800\" height=\"534\" src=\"https:\/\/supcom.standardof.net\/wp-content\/uploads\/sites\/8\/2020\/11\/INFINITY-CLASS-CRUISER-Supreme-Commander-Aeon-Tech-2-Naval-Units-800x534.jpg\" alt=\"Le croiseur de classe Infinity, unit\u00e9 navale Aeon Tech 2 dans Supreme Commander.\" class=\"wp-image-1030\" srcset=\"https:\/\/supcom.standardof.net\/wp-content\/uploads\/sites\/8\/2020\/11\/INFINITY-CLASS-CRUISER-Supreme-Commander-Aeon-Tech-2-Naval-Units-800x534.jpg 800w, https:\/\/supcom.standardof.net\/wp-content\/uploads\/sites\/8\/2020\/11\/INFINITY-CLASS-CRUISER-Supreme-Commander-Aeon-Tech-2-Naval-Units-512x342.jpg 512w, https:\/\/supcom.standardof.net\/wp-content\/uploads\/sites\/8\/2020\/11\/INFINITY-CLASS-CRUISER-Supreme-Commander-Aeon-Tech-2-Naval-Units-200x134.jpg 200w, https:\/\/supcom.standardof.net\/wp-content\/uploads\/sites\/8\/2020\/11\/INFINITY-CLASS-CRUISER-Supreme-Commander-Aeon-Tech-2-Naval-Units-768x513.jpg 768w, https:\/\/supcom.standardof.net\/wp-content\/uploads\/sites\/8\/2020\/11\/INFINITY-CLASS-CRUISER-Supreme-Commander-Aeon-Tech-2-Naval-Units-1536x1026.jpg 1536w, https:\/\/supcom.standardof.net\/wp-content\/uploads\/sites\/8\/2020\/11\/INFINITY-CLASS-CRUISER-Supreme-Commander-Aeon-Tech-2-Naval-Units-16x12.jpg 16w, https:\/\/supcom.standardof.net\/wp-content\/uploads\/sites\/8\/2020\/11\/INFINITY-CLASS-CRUISER-Supreme-Commander-Aeon-Tech-2-Naval-Units.jpg 1752w\" sizes=\"(max-width: 800px) 100vw, 800px\" \/><\/a><figcaption>CRUISER DE CLASSE INFINITY<\/figcaption><\/figure><\/div>\n\n\n\n<section class=\"wp-block-uagb-columns uagb-columns__wrap uagb-columns__background-undefined uagb-columns__stack-mobile uagb-columns__valign-undefined uagb-columns__gap-10 alignundefined uagb-block-fd047193\"><div class=\"uagb-columns__overlay\"><\/div><div class=\"uagb-columns__inner-wrap uagb-columns__columns-2\">\n<div class=\"wp-block-uagb-column uagb-column__wrap uagb-column__background-undefined uagb-block-161376ac\"><div class=\"uagb-column__overlay\"><\/div><div class=\"uagb-column__inner-wrap\">\n<h3 class=\"wp-block-heading\">Statistiques de l&#039;infini<\/h3>\n\n\n\n<p>Armure: 3250hp<br>Capacit\u00e9s: D\u00e9fense antimissile - Tactique<br>Co\u00fbt: M1800, E18000, T3600<br>Intel:<br>- vue: 60 (1,17km),<br>- radar: 90 (1,76 km),<br>- sonar: 30 (586m),<br>- vue sur l&#039;eau: 45 (879m)<br>La physique:<br>- vitesse max: 4,25 (83,0 m \/ s),<br>- taux de virage: 20<br>V\u00e9t\u00e9ran: 30, 60, 150, 300, 600 victimes<br>- v\u00e9t\u00e9ran niveau 2: +813 ch<br>- v\u00e9t\u00e9ran niveau 4: +813 ch<br>- v\u00e9t\u00e9ran niveau 5: r\u00e9paration 3 hp \/ s<\/p>\n<\/div><\/div>\n\n\n\n<div class=\"wp-block-uagb-column uagb-column__wrap uagb-column__background-undefined uagb-block-e36b05cc\"><div class=\"uagb-column__overlay\"><\/div><div class=\"uagb-column__inner-wrap\">\n<h3 class=\"wp-block-heading\">Armes infinies<\/h3>\n\n\n\n<p>Canon quantique (Naval \u00e0 tir direct):<br>70,00 dps,<br>superficie: 1 (19,5 m),<br>Autonomie: 75 (1.46km)<br>arme \u00e0 projectile: 140 d\u00e9g\u00e2ts x 2 projectiles = 280 d\u00e9g\u00e2ts par salve<br>cadence de tir: 0,25 (toutes les 4 s)<br>v\u00e9t\u00e9ran niveau 1: +35 d\u00e9g\u00e2ts,<br>v\u00e9t\u00e9ran niveau 3: +35 d\u00e9g\u00e2ts<\/p>\n\n\n\n<p>2x missiles Zealot AA (anti-a\u00e9rien):<br>30,00 dps, surface: 1 (19,5 m)<br>Autonomie: 75 (1.46km)<br>arme \u00e0 projectile: 30 d\u00e9g\u00e2ts<br>cadence de tir: 1 (toutes les 1s)<br>v\u00e9t\u00e9ran niveau 1: +8 d\u00e9g\u00e2ts, v\u00e9t\u00e9ran niveau 3: +8 d\u00e9g\u00e2ts<\/p>\n\n\n\n<p>Will O Wisp Anti Missile (D\u00e9fense):<br>13,50 dps,<br>port\u00e9e: 32 (625m)<br>arme \u00e0 projectile: 30 d\u00e9g\u00e2ts x 3 projectiles = 90 d\u00e9g\u00e2ts par salve<br>cadence de tir: 0,3 (toutes les 3,33 s)<\/p>\n<\/div><\/div>\n<\/div><\/section>\n<\/div><\/div>\n<\/div><\/section>\n\n\n\n<section class=\"wp-block-uagb-columns uagb-columns__wrap uagb-columns__background-undefined uagb-columns__stack-mobile uagb-columns__valign-undefined uagb-columns__gap-10 alignundefined uagb-block-ad96b16a\"><div class=\"uagb-columns__overlay\"><\/div><div class=\"uagb-columns__inner-wrap uagb-columns__columns-1\">\n<div class=\"wp-block-uagb-column uagb-column__wrap uagb-column__background-undefined uagb-block-9d30422b\"><div class=\"uagb-column__overlay\"><\/div><div class=\"uagb-column__inner-wrap\">\n<h2 class=\"wp-block-heading\"><strong>EXODE <\/strong>DESTRUCTEUR DE CLASSE<\/h2>\n\n\n\n<p>Le destroyer Aeon est redoutable, avec un canon lourd qui peut couler des fr\u00e9gates en un seul coup et fait \u00e9galement bien pour le bombardement c\u00f4tier, un bon compl\u00e9ment de torpilles comme le destroyer Cybran s&#039;il devait \u00eatre d\u00e9fi\u00e9 (plus quelques d\u00e9fenses contre les torpilles et une charge de profondeur avec un effet de zone), et l&#039;avantage de ne pas avoir \u00e0 tourner perpendiculairement \u00e0 l&#039;ennemi pour tirer son unique canon. Tout cela dans un package moins cher et mieux blind\u00e9 que ses concurrents: il ne lui manque que les jambes!<\/p>\n\n\n\n<div class=\"wp-block-image\"><figure class=\"aligncenter size-large\"><a href=\"https:\/\/supcom.standardof.net\/fr\/supreme-commander\/temps-infini\/tech-2-aeon-naval-units\/exodus-class-destroyer-supreme-commander-aeon-tech-2-naval-units\/\"><img decoding=\"async\" width=\"800\" height=\"466\" src=\"https:\/\/supcom.standardof.net\/wp-content\/uploads\/sites\/8\/2020\/11\/EXODUS-CLASS-DESTROYER-Supreme-Commander-Aeon-Tech-2-Naval-Units-800x466.jpg\" alt=\"Le destroyer de classe Exodus, unit\u00e9 navale Aeon Tech 2 dans Supreme Commander.\" class=\"wp-image-1031\" srcset=\"https:\/\/supcom.standardof.net\/wp-content\/uploads\/sites\/8\/2020\/11\/EXODUS-CLASS-DESTROYER-Supreme-Commander-Aeon-Tech-2-Naval-Units-800x466.jpg 800w, https:\/\/supcom.standardof.net\/wp-content\/uploads\/sites\/8\/2020\/11\/EXODUS-CLASS-DESTROYER-Supreme-Commander-Aeon-Tech-2-Naval-Units-512x299.jpg 512w, https:\/\/supcom.standardof.net\/wp-content\/uploads\/sites\/8\/2020\/11\/EXODUS-CLASS-DESTROYER-Supreme-Commander-Aeon-Tech-2-Naval-Units-200x117.jpg 200w, https:\/\/supcom.standardof.net\/wp-content\/uploads\/sites\/8\/2020\/11\/EXODUS-CLASS-DESTROYER-Supreme-Commander-Aeon-Tech-2-Naval-Units-768x448.jpg 768w, https:\/\/supcom.standardof.net\/wp-content\/uploads\/sites\/8\/2020\/11\/EXODUS-CLASS-DESTROYER-Supreme-Commander-Aeon-Tech-2-Naval-Units-1536x896.jpg 1536w, https:\/\/supcom.standardof.net\/wp-content\/uploads\/sites\/8\/2020\/11\/EXODUS-CLASS-DESTROYER-Supreme-Commander-Aeon-Tech-2-Naval-Units-16x9.jpg 16w, https:\/\/supcom.standardof.net\/wp-content\/uploads\/sites\/8\/2020\/11\/EXODUS-CLASS-DESTROYER-Supreme-Commander-Aeon-Tech-2-Naval-Units.jpg 1734w\" sizes=\"(max-width: 800px) 100vw, 800px\" \/><\/a><figcaption>DESTRUCTEUR DE CLASSE EXODE<\/figcaption><\/figure><\/div>\n\n\n\n<section class=\"wp-block-uagb-columns uagb-columns__wrap uagb-columns__background-undefined uagb-columns__stack-mobile uagb-columns__valign-undefined uagb-columns__gap-10 alignundefined uagb-block-c96e171d\"><div class=\"uagb-columns__overlay\"><\/div><div class=\"uagb-columns__inner-wrap uagb-columns__columns-2\">\n<div class=\"wp-block-uagb-column uagb-column__wrap uagb-column__background-undefined uagb-block-6eead421\"><div class=\"uagb-column__overlay\"><\/div><div class=\"uagb-column__inner-wrap\">\n<h3 class=\"wp-block-heading\">Statistiques de l&#039;Exode<\/h3>\n\n\n\n<p>Armure: 7500hp<br>Capacit\u00e9s: D\u00e9fense contre les torpilles, Charge de profondeur<br>Co\u00fbt: M2160, E14400, T4800<br>Intel: vue: 55 (1.07km)<br>- radar: 60 (1,17 km)<br>- sonar: 60 (1,17 km)<br>- vue sur l&#039;eau: 42 (820m)<br>Physique: vitesse max: 6 (117m \/ s), vitesse de rotation: 25<br>V\u00e9t\u00e9ran: 30, 60, 150, 300, 600 victimes<br>- v\u00e9t\u00e9ran niveau 2: +1875 ch,<br>- v\u00e9t\u00e9ran niveau 4: +1875 ch,<br>- v\u00e9t\u00e9ran niveau 5: r\u00e9paration 3 hp \/ s<\/p>\n<\/div><\/div>\n\n\n\n<div class=\"wp-block-uagb-column uagb-column__wrap uagb-column__background-undefined uagb-block-78fca34b\"><div class=\"uagb-column__overlay\"><\/div><div class=\"uagb-column__inner-wrap\">\n<h3 class=\"wp-block-heading\">Armes de l&#039;exode<\/h3>\n\n\n\n<p>Canon d&#039;Oblivion (Naval \u00e0 tir direct):<br>205,00 dps,<br>superficie: 2 (39,1m),<br>autonomie: 80 (1,56 km)<br>arme \u00e0 projectile: 1025 d\u00e9g\u00e2ts<br>cadence de tir: 0,2 (toutes les 5 s)<br>v\u00e9t\u00e9ran niveau 1: +256 d\u00e9g\u00e2ts, v\u00e9t\u00e9ran niveau 3: +256 d\u00e9g\u00e2ts<\/p>\n\n\n\n<p>Charge de profondeur harmonique (Anti Navy):<br>15,00 dps,<br>superficie: 1,5 (29,3 m),<br>port\u00e9e: 32 (625m)<br>arme \u00e0 projectile: 150 d\u00e9g\u00e2ts<br>cadence de tir: 0,1 (toutes les 10 s), tir al\u00e9atoire: 1<br>v\u00e9t\u00e9ran niveau 1: +38 d\u00e9g\u00e2ts, v\u00e9t\u00e9ran niveau 3: +38 d\u00e9g\u00e2ts<\/p>\n\n\n\n<p>2x Lanceur de torpilles Chrono (Anti Navy):<br>37,50 dps,<br>port\u00e9e: 32 (625m)<br>arme \u00e0 projectile: 150 d\u00e9g\u00e2ts<br>cadence de tir: 0,25 (toutes les 4 s), tir al\u00e9atoire: 1<br>v\u00e9t\u00e9ran niveau 1: +38 d\u00e9g\u00e2ts, v\u00e9t\u00e9ran niveau 3: +38 d\u00e9g\u00e2ts<\/p>\n\n\n\n<p>2x anti-torpilles (d\u00e9fense):<br>0,33 dps,<br>port\u00e9e: 32 (625m)<br>arme \u00e0 projectile: 3 d\u00e9g\u00e2ts<br>cadence de tir: 0,11 (toutes les 9,09 s)<\/p>\n<\/div><\/div>\n<\/div><\/section>\n<\/div><\/div>\n<\/div><\/section>","protected":false},"excerpt":{"rendered":"<p>INFINITY CLASS CRUISER The Aeon cruiser does everything a cruiser is supposed to do: it fires a decent gun from the same range as your destroyers, it has anti-air capabilities while not being totally useless against anything with a gun, and it even has a small amount of tactical missile defense &#8220;just in case&#8221;. The [&hellip;]<\/p>","protected":false},"author":1,"featured_media":0,"parent":503,"menu_order":0,"comment_status":"open","ping_status":"closed","template":"","meta":{"_uag_custom_page_level_css":"","site-sidebar-layout":"default","site-content-layout":"default","ast-site-content-layout":"","site-content-style":"default","site-sidebar-style":"default","ast-global-header-display":"","ast-banner-title-visibility":"","ast-main-header-display":"","ast-hfb-above-header-display":"","ast-hfb-below-header-display":"","ast-hfb-mobile-header-display":"","site-post-title":"","ast-breadcrumbs-content":"","ast-featured-img":"","footer-sml-layout":"","theme-transparent-header-meta":"default","adv-header-id-meta":"","stick-header-meta":"","header-above-stick-meta":"","header-main-stick-meta":"","header-below-stick-meta":"","astra-migrate-meta-layouts":"default","ast-page-background-enabled":"default","ast-page-background-meta":{"desktop":{"background-color":"","background-image":"","background-repeat":"repeat","background-position":"center center","background-size":"auto","background-attachment":"scroll","background-type":"","background-media":"","overlay-type":"","overlay-color":"","overlay-gradient":""},"tablet":{"background-color":"","background-image":"","background-repeat":"repeat","background-position":"center center","background-size":"auto","background-attachment":"scroll","background-type":"","background-media":"","overlay-type":"","overlay-color":"","overlay-gradient":""},"mobile":{"background-color":"","background-image":"","background-repeat":"repeat","background-position":"center center","background-size":"auto","background-attachment":"scroll","background-type":"","background-media":"","overlay-type":"","overlay-color":"","overlay-gradient":""}},"ast-content-background-meta":{"desktop":{"background-color":"var(--ast-global-color-5)","background-image":"","background-repeat":"repeat","background-position":"center center","background-size":"auto","background-attachment":"scroll","background-type":"","background-media":"","overlay-type":"","overlay-color":"","overlay-gradient":""},"tablet":{"background-color":"var(--ast-global-color-5)","background-image":"","background-repeat":"repeat","background-position":"center center","background-size":"auto","background-attachment":"scroll","background-type":"","background-media":"","overlay-type":"","overlay-color":"","overlay-gradient":""},"mobile":{"background-color":"var(--ast-global-color-5)","background-image":"","background-repeat":"repeat","background-position":"center center","background-size":"auto","background-attachment":"scroll","background-type":"","background-media":"","overlay-type":"","overlay-color":"","overlay-gradient":""}},"footnotes":""},"uagb_featured_image_src":{"full":false,"thumbnail":false,"medium":false,"medium_large":false,"large":false,"1536x1536":false,"2048x2048":false,"trp-custom-language-flag":false},"uagb_author_info":{"display_name":"SOE","author_link":"https:\/\/supcom.standardof.net\/fr\/author\/k-tastic\/"},"uagb_comment_info":0,"uagb_excerpt":"INFINITY CLASS CRUISER The Aeon cruiser does everything a cruiser is supposed to do: it fires a decent gun from the same range as your destroyers, it has anti-air capabilities while not being totally useless against anything with a gun, and it even has a small amount of tactical missile defense &#8220;just in case&#8221;. The&hellip;","_links":{"self":[{"href":"https:\/\/supcom.standardof.net\/fr\/wp-json\/wp\/v2\/pages\/775"}],"collection":[{"href":"https:\/\/supcom.standardof.net\/fr\/wp-json\/wp\/v2\/pages"}],"about":[{"href":"https:\/\/supcom.standardof.net\/fr\/wp-json\/wp\/v2\/types\/page"}],"author":[{"embeddable":true,"href":"https:\/\/supcom.standardof.net\/fr\/wp-json\/wp\/v2\/users\/1"}],"replies":[{"embeddable":true,"href":"https:\/\/supcom.standardof.net\/fr\/wp-json\/wp\/v2\/comments?post=775"}],"version-history":[{"count":0,"href":"https:\/\/supcom.standardof.net\/fr\/wp-json\/wp\/v2\/pages\/775\/revisions"}],"up":[{"embeddable":true,"href":"https:\/\/supcom.standardof.net\/fr\/wp-json\/wp\/v2\/pages\/503"}],"wp:attachment":[{"href":"https:\/\/supcom.standardof.net\/fr\/wp-json\/wp\/v2\/media?parent=775"}],"curies":[{"name":"wp","href":"https:\/\/api.w.org\/{rel}","templated":true}]}}