{"id":777,"date":"2020-11-03T17:52:28","date_gmt":"2020-11-03T22:52:28","guid":{"rendered":"https:\/\/supcom.standardof.net\/?page_id=777"},"modified":"2020-11-04T20:04:44","modified_gmt":"2020-11-05T01:04:44","slug":"tech-1-aeon-naval-units","status":"publish","type":"page","link":"https:\/\/supcom.standardof.net\/fr\/supreme-commander\/temps-infini\/tech-1-unites-navales-aeon\/","title":{"rendered":"Tech 1 - Unit\u00e9s navales Aeon"},"content":{"rendered":"<div class=\"wp-block-uagb-table-of-contents uagb-toc__align-left uagb-toc__columns-1  uagb-block-a9844605\"\n\t\t\t\t\tdata-scroll= \"1\"\n\t\t\t\t\tdata-offset= \"30\"\n\t\t\t\t\tstyle=\"\"\n\t\t\t\t>\n\t\t\t\t<div class=\"uagb-toc__wrap\">\n\t\t\t\t\t\t<div class=\"uagb-toc__title\">\n\t\t\t\t\t\t\tUnit\u00e9s navales Aeon Tech 1:\t\t\t\t\t\t<\/div>\n\t\t\t\t\t\t\t\t\t\t\t\t\t\t\t\t<div class=\"uagb-toc__list-wrap\">\n\t\t\t\t\t\t<ol class=\"uagb-toc__list\"><li class=\"uagb-toc__list\"><a href=\"#shard-attack-boat\" class=\"uagb-toc-link__trigger\">SHARD - BATEAU D&#039;ATTAQUE<\/a><li class=\"uagb-toc__list\"><a href=\"#sylph-attack-submarine\" class=\"uagb-toc-link__trigger\">SYLPH - SOUS-MARIN D&#039;ATTAQUE<\/a><li class=\"uagb-toc__list\"><a href=\"#beacon-class-frigate\" class=\"uagb-toc-link__trigger\">FRIGATE DE CLASSE BEACON<\/a><\/ol>\t\t\t\t\t<\/div>\n\t\t\t\t\t\t\t\t\t<\/div>\n\t\t\t\t<\/div>\n\t\t\t\n\n\n<section class=\"wp-block-uagb-columns uagb-columns__wrap uagb-columns__background-undefined uagb-columns__stack-mobile uagb-columns__valign-undefined uagb-columns__gap-10 alignundefined uagb-block-a69db314\"><div class=\"uagb-columns__overlay\"><\/div><div class=\"uagb-columns__inner-wrap uagb-columns__columns-1\">\n<div class=\"wp-block-uagb-column uagb-column__wrap uagb-column__background-undefined uagb-block-67f32a2a\"><div class=\"uagb-column__overlay\"><\/div><div class=\"uagb-column__inner-wrap\">\n<h2 class=\"wp-block-heading\"><strong>TESSON <\/strong>- BATEAU D&#039;ATTAQUE<\/h2>\n\n\n\n<p>L&#039;unit\u00e9 unique de l&#039;Aeon, le bateau d&#039;attaque, est d\u00e9finitivement sous-estim\u00e9e. Ils sont bon march\u00e9, vous n&#039;en avez pas besoin \u00e0 moins que votre adversaire n&#039;ait des unit\u00e9s a\u00e9riennes, ils peuvent tr\u00e8s bien prendre des torpilles destin\u00e9es \u00e0 vos autres navires, et ce sont aussi de bons \u00e9claireurs. Attendez-vous \u00e0 les construire jusqu&#039;\u00e0 ce que vous sachiez que vous en aurez besoin - vos intercepteurs devraient \u00eatre en mesure de retenir les bombardiers ennemis jusqu&#039;\u00e0 ce que vous puissiez vous perfectionner et pomper des bateaux d&#039;attaque pour repousser les navires de combat.<\/p>\n\n\n\n<div class=\"wp-block-image\"><figure class=\"aligncenter size-large\"><a href=\"https:\/\/supcom.standardof.net\/fr\/supreme-commander\/temps-infini\/tech-1-unites-navales-aeon\/shard-attack-boat-supreme-commander-aeon-tech-1-naval-units\/\"><img decoding=\"async\" width=\"789\" height=\"555\" src=\"https:\/\/supcom.standardof.net\/wp-content\/uploads\/sites\/8\/2020\/11\/SHARD-ATTACK-BOAT-Supreme-Commander-Aeon-Tech-1-Naval-Units.jpg\" alt=\"Le bateau d&#039;attaque Shard, unit\u00e9 navale Aeon Tech 1 dans Supreme Commander\" class=\"wp-image-1027\" srcset=\"https:\/\/supcom.standardof.net\/wp-content\/uploads\/sites\/8\/2020\/11\/SHARD-ATTACK-BOAT-Supreme-Commander-Aeon-Tech-1-Naval-Units.jpg 789w, https:\/\/supcom.standardof.net\/wp-content\/uploads\/sites\/8\/2020\/11\/SHARD-ATTACK-BOAT-Supreme-Commander-Aeon-Tech-1-Naval-Units-512x360.jpg 512w, https:\/\/supcom.standardof.net\/wp-content\/uploads\/sites\/8\/2020\/11\/SHARD-ATTACK-BOAT-Supreme-Commander-Aeon-Tech-1-Naval-Units-200x141.jpg 200w, https:\/\/supcom.standardof.net\/wp-content\/uploads\/sites\/8\/2020\/11\/SHARD-ATTACK-BOAT-Supreme-Commander-Aeon-Tech-1-Naval-Units-768x540.jpg 768w, https:\/\/supcom.standardof.net\/wp-content\/uploads\/sites\/8\/2020\/11\/SHARD-ATTACK-BOAT-Supreme-Commander-Aeon-Tech-1-Naval-Units-16x12.jpg 16w\" sizes=\"(max-width: 789px) 100vw, 789px\" \/><\/a><figcaption>SHARD - BATEAU D&#039;ATTAQUE<\/figcaption><\/figure><\/div>\n\n\n\n<section class=\"wp-block-uagb-columns uagb-columns__wrap uagb-columns__background-undefined uagb-columns__stack-mobile uagb-columns__valign-undefined uagb-columns__gap-10 alignundefined uagb-block-41127ed9\"><div class=\"uagb-columns__overlay\"><\/div><div class=\"uagb-columns__inner-wrap uagb-columns__columns-2\">\n<div class=\"wp-block-uagb-column uagb-column__wrap uagb-column__background-undefined uagb-block-f242b981\"><div class=\"uagb-column__overlay\"><\/div><div class=\"uagb-column__inner-wrap\">\n<h3 class=\"wp-block-heading\">Statistiques d&#039;\u00e9clat<\/h3>\n\n\n\n<p>Armure: 750hp<br>Capacit\u00e9s: Anti-Air<br>Co\u00fbt: M120, E1200, T400<br>Intel: vue: 32 (625m)<br>La physique:<br>- vitesse max: 6,8 (133m \/ s),<br>- taux de virage: 50<br>V\u00e9t\u00e9ran: 5, 10, 25, 50, 100 victimes<br>- v\u00e9t\u00e9ran niveau 2: +188 ch<br>- v\u00e9t\u00e9ran niveau 4: +188 ch<br>- v\u00e9t\u00e9ran niveau 5: r\u00e9paration 3 hp \/ s<\/p>\n<\/div><\/div>\n\n\n\n<div class=\"wp-block-uagb-column uagb-column__wrap uagb-column__background-undefined uagb-block-486885b6\"><div class=\"uagb-column__overlay\"><\/div><div class=\"uagb-column__inner-wrap\">\n<h3 class=\"wp-block-heading\">Armes d&#039;\u00e9clat<\/h3>\n\n\n\n<p>Batterie Sonic Pulse (Anti Air):<br>18,00 dps<br>port\u00e9e: 48 (938m)<br>arme \u00e0 projectile: 9 d\u00e9g\u00e2ts<br>cadence de tir: 2 (toutes les 0,5 s)<br>v\u00e9t\u00e9ran niveau 1: +2 d\u00e9g\u00e2ts<br>v\u00e9t\u00e9ran niveau 3: +2 d\u00e9g\u00e2ts<\/p>\n<\/div><\/div>\n<\/div><\/section>\n<\/div><\/div>\n<\/div><\/section>\n\n\n\n<section class=\"wp-block-uagb-columns uagb-columns__wrap uagb-columns__background-undefined uagb-columns__stack-mobile uagb-columns__valign-undefined uagb-columns__gap-10 alignundefined uagb-block-40ab6f9b\"><div class=\"uagb-columns__overlay\"><\/div><div class=\"uagb-columns__inner-wrap uagb-columns__columns-1\">\n<div class=\"wp-block-uagb-column uagb-column__wrap uagb-column__background-undefined uagb-block-165261ab\"><div class=\"uagb-column__overlay\"><\/div><div class=\"uagb-column__inner-wrap\">\n<h2 class=\"wp-block-heading\"><strong>SYLPHE <\/strong>- SOUS-MARIN D&#039;ATTAQUE<\/h2>\n\n\n\n<p>Le sous-marin Aeon est vicieux. Ses torpilles font de bons d\u00e9g\u00e2ts, c&#039;est moins cher que les sous-marins des autres factions et il a une petite port\u00e9e de sonar pour d\u00e9marrer. Bien s\u00fbr, il ne peut rien attaquer en surface, mais ce n&#039;est pas pour cela que vous les avez construits. Soyez heureux que votre efficacit\u00e9 vous ait donn\u00e9 une capacit\u00e9 anti-navale sup\u00e9rieure.<\/p>\n\n\n\n<figure class=\"wp-block-gallery aligncenter columns-2 is-cropped wp-block-gallery-1 is-layout-flex wp-block-gallery-is-layout-flex\"><ul class=\"blocks-gallery-grid\"><li class=\"blocks-gallery-item\"><figure><a href=\"https:\/\/supcom.standardof.net\/fr\/supreme-commander\/temps-infini\/tech-1-unites-navales-aeon\/sylph-attack-submarine-supreme-commander-aeon-tech-1-naval-units\/\"><img decoding=\"async\" width=\"800\" height=\"490\" src=\"https:\/\/supcom.standardof.net\/wp-content\/uploads\/sites\/8\/2020\/11\/SYLPH-ATTACK-SUBMARINE-Supreme-Commander-Aeon-Tech-1-Naval-Units-800x490.jpg\" alt=\"Le sous-marin Sylph Attack, unit\u00e9 navale Aeon Tech 1 dans Supreme Commander.\" data-id=\"1025\" data-full-url=\"https:\/\/supcom.standardof.net\/wp-content\/uploads\/sites\/8\/2020\/11\/SYLPH-ATTACK-SUBMARINE-Supreme-Commander-Aeon-Tech-1-Naval-Units.jpg\" data-link=\"https:\/\/supcom.standardof.net\/supreme-commander\/aeon\/tech-1-aeon-naval-units\/sylph-attack-submarine-supreme-commander-aeon-tech-1-naval-units\/\" class=\"wp-image-1025\" srcset=\"https:\/\/supcom.standardof.net\/wp-content\/uploads\/sites\/8\/2020\/11\/SYLPH-ATTACK-SUBMARINE-Supreme-Commander-Aeon-Tech-1-Naval-Units-800x490.jpg 800w, https:\/\/supcom.standardof.net\/wp-content\/uploads\/sites\/8\/2020\/11\/SYLPH-ATTACK-SUBMARINE-Supreme-Commander-Aeon-Tech-1-Naval-Units-512x314.jpg 512w, https:\/\/supcom.standardof.net\/wp-content\/uploads\/sites\/8\/2020\/11\/SYLPH-ATTACK-SUBMARINE-Supreme-Commander-Aeon-Tech-1-Naval-Units-200x123.jpg 200w, https:\/\/supcom.standardof.net\/wp-content\/uploads\/sites\/8\/2020\/11\/SYLPH-ATTACK-SUBMARINE-Supreme-Commander-Aeon-Tech-1-Naval-Units-768x471.jpg 768w, https:\/\/supcom.standardof.net\/wp-content\/uploads\/sites\/8\/2020\/11\/SYLPH-ATTACK-SUBMARINE-Supreme-Commander-Aeon-Tech-1-Naval-Units-16x10.jpg 16w, https:\/\/supcom.standardof.net\/wp-content\/uploads\/sites\/8\/2020\/11\/SYLPH-ATTACK-SUBMARINE-Supreme-Commander-Aeon-Tech-1-Naval-Units.jpg 891w\" sizes=\"(max-width: 800px) 100vw, 800px\" \/><\/a><figcaption class=\"blocks-gallery-item__caption\">SYLPH - SOUS-MARIN D&#039;ATTAQUE<\/figcaption><\/figure><\/li><li class=\"blocks-gallery-item\"><figure><a href=\"https:\/\/supcom.standardof.net\/fr\/supreme-commander\/temps-infini\/tech-1-unites-navales-aeon\/sylph-attack-submarine-submerged-supreme-commander-aeon-tech-1-naval-units\/\"><img decoding=\"async\" width=\"741\" height=\"486\" src=\"https:\/\/supcom.standardof.net\/wp-content\/uploads\/sites\/8\/2020\/11\/SYLPH-ATTACK-SUBMARINE-Submerged-Supreme-Commander-Aeon-Tech-1-Naval-Units.jpg\" alt=\"Le sous-marin Sylph Attack (submerg\u00e9), unit\u00e9 navale Aeon Tech 1 dans Supreme Commander.\" data-id=\"1028\" data-full-url=\"https:\/\/supcom.standardof.net\/wp-content\/uploads\/sites\/8\/2020\/11\/SYLPH-ATTACK-SUBMARINE-Submerged-Supreme-Commander-Aeon-Tech-1-Naval-Units.jpg\" data-link=\"https:\/\/supcom.standardof.net\/supreme-commander\/aeon\/tech-1-aeon-naval-units\/sylph-attack-submarine-submerged-supreme-commander-aeon-tech-1-naval-units\/\" class=\"wp-image-1028\" srcset=\"https:\/\/supcom.standardof.net\/wp-content\/uploads\/sites\/8\/2020\/11\/SYLPH-ATTACK-SUBMARINE-Submerged-Supreme-Commander-Aeon-Tech-1-Naval-Units.jpg 741w, https:\/\/supcom.standardof.net\/wp-content\/uploads\/sites\/8\/2020\/11\/SYLPH-ATTACK-SUBMARINE-Submerged-Supreme-Commander-Aeon-Tech-1-Naval-Units-512x336.jpg 512w, https:\/\/supcom.standardof.net\/wp-content\/uploads\/sites\/8\/2020\/11\/SYLPH-ATTACK-SUBMARINE-Submerged-Supreme-Commander-Aeon-Tech-1-Naval-Units-200x131.jpg 200w, https:\/\/supcom.standardof.net\/wp-content\/uploads\/sites\/8\/2020\/11\/SYLPH-ATTACK-SUBMARINE-Submerged-Supreme-Commander-Aeon-Tech-1-Naval-Units-16x10.jpg 16w\" sizes=\"(max-width: 741px) 100vw, 741px\" \/><\/a><figcaption class=\"blocks-gallery-item__caption\">SYLPH - SOUS-MARIN D&#039;ATTAQUE (submerg\u00e9)<\/figcaption><\/figure><\/li><\/ul><\/figure>\n\n\n\n<section class=\"wp-block-uagb-columns uagb-columns__wrap uagb-columns__background-undefined uagb-columns__stack-mobile uagb-columns__valign-undefined uagb-columns__gap-10 alignundefined uagb-block-f8bc72fe\"><div class=\"uagb-columns__overlay\"><\/div><div class=\"uagb-columns__inner-wrap uagb-columns__columns-2\">\n<div class=\"wp-block-uagb-column uagb-column__wrap uagb-column__background-undefined uagb-block-4f3a1856\"><div class=\"uagb-column__overlay\"><\/div><div class=\"uagb-column__inner-wrap\">\n<h3 class=\"wp-block-heading\">Statistiques de Slyph<\/h3>\n\n\n\n<p>Armure: 1000hp<br>Capacit\u00e9s: submersible<br>Co\u00fbt: M560, E2500, T1000<br>Intel:<br>- vue: 32 (625m)<br>- sonar: 60 (1,17 km)<br>- vue sur l&#039;eau: 32 (625m)<br>La physique:<br>- vitesse max: 4,6 (89,8 m \/ s)<br>- taux de virage: 40<br>V\u00e9t\u00e9ran: 5, 10, 25, 50, 100 victimes<br>- v\u00e9t\u00e9ran niveau 2: +250 ch<br>- v\u00e9t\u00e9ran niveau 4: +250 ch<br>- v\u00e9t\u00e9ran niveau 5: r\u00e9paration 3 hp \/ s<\/p>\n<\/div><\/div>\n\n\n\n<div class=\"wp-block-uagb-column uagb-column__wrap uagb-column__background-undefined uagb-block-7c325ae2\"><div class=\"uagb-column__overlay\"><\/div><div class=\"uagb-column__inner-wrap\">\n<h3 class=\"wp-block-heading\">Armes slyphes<\/h3>\n\n\n\n<p>Chrono Torpedo (Anti Navy):<br>97,21 dps<br>port\u00e9e: 32 (625m)<br>arme \u00e0 projectile: 209 d\u00e9g\u00e2ts x 2 projectiles = 550 d\u00e9g\u00e2ts par salve<br>cadence de tir: 0,25 (toutes les 4 s)<br>v\u00e9t\u00e9ran niveau 1: +69 d\u00e9g\u00e2ts<br>v\u00e9t\u00e9ran niveau 3: +69 d\u00e9g\u00e2ts<\/p>\n<\/div><\/div>\n<\/div><\/section>\n<\/div><\/div>\n<\/div><\/section>\n\n\n\n<section class=\"wp-block-uagb-columns uagb-columns__wrap uagb-columns__background-undefined uagb-columns__stack-mobile uagb-columns__valign-undefined uagb-columns__gap-10 alignundefined uagb-block-d624efba\"><div class=\"uagb-columns__overlay\"><\/div><div class=\"uagb-columns__inner-wrap uagb-columns__columns-1\">\n<div class=\"wp-block-uagb-column uagb-column__wrap uagb-column__background-undefined uagb-block-df314e37\"><div class=\"uagb-column__overlay\"><\/div><div class=\"uagb-column__inner-wrap\">\n<h2 class=\"wp-block-heading\"><strong>BALISE <\/strong>FRIGATE DE CLASSE<\/h2>\n\n\n\n<p>La fr\u00e9gate Aeon a une meilleure port\u00e9e contre les autres fr\u00e9gates pour la rendre efficace contre les cibles terrestres et maritimes, tandis que sa d\u00e9fense contre les torpilles fait gagner du temps contre les sous-marins. Cependant, c&#039;est assez cher, alors n&#039;essayez pas de les utiliser pour combattre des fr\u00e9gates ennemies en t\u00eate-\u00e0-t\u00eate; au lieu de cela, ayez des forces navales mixtes pour les ma\u00eetriser.<\/p>\n\n\n\n<div class=\"wp-block-image\"><figure class=\"aligncenter size-large\"><a href=\"https:\/\/supcom.standardof.net\/fr\/supreme-commander\/temps-infini\/tech-1-unites-navales-aeon\/beacon-class-frigate-supreme-commander-aeon-tech-1-naval-units\/\"><img decoding=\"async\" width=\"800\" height=\"728\" src=\"https:\/\/supcom.standardof.net\/wp-content\/uploads\/sites\/8\/2020\/11\/BEACON-CLASS-FRIGATE-Supreme-Commander-Aeon-Tech-1-Naval-Units-800x728.jpg\" alt=\"La fr\u00e9gate de classe Beacon, unit\u00e9 navale Aeon Tech 1 en commandant supr\u00eame.\" class=\"wp-image-1026\" srcset=\"https:\/\/supcom.standardof.net\/wp-content\/uploads\/sites\/8\/2020\/11\/BEACON-CLASS-FRIGATE-Supreme-Commander-Aeon-Tech-1-Naval-Units-800x728.jpg 800w, https:\/\/supcom.standardof.net\/wp-content\/uploads\/sites\/8\/2020\/11\/BEACON-CLASS-FRIGATE-Supreme-Commander-Aeon-Tech-1-Naval-Units-512x466.jpg 512w, https:\/\/supcom.standardof.net\/wp-content\/uploads\/sites\/8\/2020\/11\/BEACON-CLASS-FRIGATE-Supreme-Commander-Aeon-Tech-1-Naval-Units-200x182.jpg 200w, https:\/\/supcom.standardof.net\/wp-content\/uploads\/sites\/8\/2020\/11\/BEACON-CLASS-FRIGATE-Supreme-Commander-Aeon-Tech-1-Naval-Units-768x699.jpg 768w, https:\/\/supcom.standardof.net\/wp-content\/uploads\/sites\/8\/2020\/11\/BEACON-CLASS-FRIGATE-Supreme-Commander-Aeon-Tech-1-Naval-Units-13x12.jpg 13w, https:\/\/supcom.standardof.net\/wp-content\/uploads\/sites\/8\/2020\/11\/BEACON-CLASS-FRIGATE-Supreme-Commander-Aeon-Tech-1-Naval-Units.jpg 1137w\" sizes=\"(max-width: 800px) 100vw, 800px\" \/><\/a><figcaption>FRIGATE DE CLASSE BEACON<\/figcaption><\/figure><\/div>\n\n\n\n<section class=\"wp-block-uagb-columns uagb-columns__wrap uagb-columns__background-undefined uagb-columns__stack-mobile uagb-columns__valign-undefined uagb-columns__gap-10 alignundefined uagb-block-d2305192\"><div class=\"uagb-columns__overlay\"><\/div><div class=\"uagb-columns__inner-wrap uagb-columns__columns-2\">\n<div class=\"wp-block-uagb-column uagb-column__wrap uagb-column__background-undefined uagb-block-2cb7b7fb\"><div class=\"uagb-column__overlay\"><\/div><div class=\"uagb-column__inner-wrap\">\n<h3 class=\"wp-block-heading\">Statistiques Beacon<\/h3>\n\n\n\n<p>Armure: 1800hp<br>Capacit\u00e9s: d\u00e9fense contre les torpilles, radar, sonar<br>Co\u00fbt: M290, E2900, T725<br>Intel:<br>vue: 32 (625m)<br>radar: 70 (1,76 km)<br>sonar: 70 (1,76 km)<br>vue sur l&#039;eau: 24 (469m)<br>La physique:<br>vitesse max: 6,8 (133m \/ s)<br>taux de virage: 30<br>V\u00e9t\u00e9ran: 5, 10, 25, 50, 100 victimes<br>v\u00e9t\u00e9ran niveau 2: +188 pv<br>v\u00e9t\u00e9ran niveau 4: +188 pv<br>v\u00e9t\u00e9ran niveau 5: r\u00e9paration 3 hp \/ s<\/p>\n<\/div><\/div>\n\n\n\n<div class=\"wp-block-uagb-column uagb-column__wrap uagb-column__background-undefined uagb-block-bdcb8084\"><div class=\"uagb-column__overlay\"><\/div><div class=\"uagb-column__inner-wrap\">\n<h3 class=\"wp-block-heading\">Armes de balise<\/h3>\n\n\n\n<p>2x canon quantique (Naval \u00e0 tir direct):<br>28,00 dps<br>superficie: 1 (19,5 m)<br>port\u00e9e: 31 (605m)<br>arme \u00e0 projectile: 140 d\u00e9g\u00e2ts<br>cadence de tir: 0,2 (toutes les 5 s)<br>v\u00e9t\u00e9ran niveau 1: +31 d\u00e9g\u00e2ts<br>v\u00e9t\u00e9ran niveau 3: +31 d\u00e9g\u00e2ts<\/p>\n\n\n\n<p>2x Quasar Anti Torpedo (D\u00e9fense):<br>0,20 dps<br>port\u00e9e: 32 (625m)<br>arme \u00e0 projectile: 2 d\u00e9g\u00e2ts<br>cadence de tir: 0,1 (toutes les 10 s)<\/p>\n<\/div><\/div>\n<\/div><\/section>\n<\/div><\/div>\n<\/div><\/section>","protected":false},"excerpt":{"rendered":"<p>SHARD &#8211; ATTACK BOAT The Aeon&#8217;s unique unit, the Attack Boat, is definitely underrated. They&#8217;re cheap, you don&#8217;t need them unless your opponent has air units, they can take torpedoes meant for your other ships quite well, and they&#8217;re good scouts too. Hold off on building these until you know you&#8217;ll need them &#8211; your [&hellip;]<\/p>","protected":false},"author":1,"featured_media":0,"parent":503,"menu_order":0,"comment_status":"open","ping_status":"closed","template":"","meta":{"_uag_custom_page_level_css":"","site-sidebar-layout":"default","site-content-layout":"default","ast-site-content-layout":"","site-content-style":"default","site-sidebar-style":"default","ast-global-header-display":"","ast-banner-title-visibility":"","ast-main-header-display":"","ast-hfb-above-header-display":"","ast-hfb-below-header-display":"","ast-hfb-mobile-header-display":"","site-post-title":"","ast-breadcrumbs-content":"","ast-featured-img":"","footer-sml-layout":"","theme-transparent-header-meta":"default","adv-header-id-meta":"","stick-header-meta":"","header-above-stick-meta":"","header-main-stick-meta":"","header-below-stick-meta":"","astra-migrate-meta-layouts":"default","ast-page-background-enabled":"default","ast-page-background-meta":{"desktop":{"background-color":"","background-image":"","background-repeat":"repeat","background-position":"center center","background-size":"auto","background-attachment":"scroll","background-type":"","background-media":"","overlay-type":"","overlay-color":"","overlay-gradient":""},"tablet":{"background-color":"","background-image":"","background-repeat":"repeat","background-position":"center center","background-size":"auto","background-attachment":"scroll","background-type":"","background-media":"","overlay-type":"","overlay-color":"","overlay-gradient":""},"mobile":{"background-color":"","background-image":"","background-repeat":"repeat","background-position":"center center","background-size":"auto","background-attachment":"scroll","background-type":"","background-media":"","overlay-type":"","overlay-color":"","overlay-gradient":""}},"ast-content-background-meta":{"desktop":{"background-color":"var(--ast-global-color-5)","background-image":"","background-repeat":"repeat","background-position":"center center","background-size":"auto","background-attachment":"scroll","background-type":"","background-media":"","overlay-type":"","overlay-color":"","overlay-gradient":""},"tablet":{"background-color":"var(--ast-global-color-5)","background-image":"","background-repeat":"repeat","background-position":"center center","background-size":"auto","background-attachment":"scroll","background-type":"","background-media":"","overlay-type":"","overlay-color":"","overlay-gradient":""},"mobile":{"background-color":"var(--ast-global-color-5)","background-image":"","background-repeat":"repeat","background-position":"center center","background-size":"auto","background-attachment":"scroll","background-type":"","background-media":"","overlay-type":"","overlay-color":"","overlay-gradient":""}},"footnotes":""},"uagb_featured_image_src":{"full":false,"thumbnail":false,"medium":false,"medium_large":false,"large":false,"1536x1536":false,"2048x2048":false,"trp-custom-language-flag":false},"uagb_author_info":{"display_name":"SOE","author_link":"https:\/\/supcom.standardof.net\/fr\/author\/k-tastic\/"},"uagb_comment_info":0,"uagb_excerpt":"SHARD &#8211; ATTACK BOAT The Aeon&#8217;s unique unit, the Attack Boat, is definitely underrated. They&#8217;re cheap, you don&#8217;t need them unless your opponent has air units, they can take torpedoes meant for your other ships quite well, and they&#8217;re good scouts too. Hold off on building these until you know you&#8217;ll need them &#8211; your&hellip;","_links":{"self":[{"href":"https:\/\/supcom.standardof.net\/fr\/wp-json\/wp\/v2\/pages\/777"}],"collection":[{"href":"https:\/\/supcom.standardof.net\/fr\/wp-json\/wp\/v2\/pages"}],"about":[{"href":"https:\/\/supcom.standardof.net\/fr\/wp-json\/wp\/v2\/types\/page"}],"author":[{"embeddable":true,"href":"https:\/\/supcom.standardof.net\/fr\/wp-json\/wp\/v2\/users\/1"}],"replies":[{"embeddable":true,"href":"https:\/\/supcom.standardof.net\/fr\/wp-json\/wp\/v2\/comments?post=777"}],"version-history":[{"count":0,"href":"https:\/\/supcom.standardof.net\/fr\/wp-json\/wp\/v2\/pages\/777\/revisions"}],"up":[{"embeddable":true,"href":"https:\/\/supcom.standardof.net\/fr\/wp-json\/wp\/v2\/pages\/503"}],"wp:attachment":[{"href":"https:\/\/supcom.standardof.net\/fr\/wp-json\/wp\/v2\/media?parent=777"}],"curies":[{"name":"wp","href":"https:\/\/api.w.org\/{rel}","templated":true}]}}