{"id":783,"date":"2020-11-03T19:22:36","date_gmt":"2020-11-04T00:22:36","guid":{"rendered":"https:\/\/supcom.standardof.net\/?page_id=783"},"modified":"2020-11-04T19:26:18","modified_gmt":"2020-11-05T00:26:18","slug":"tech-3-aeon-air-units","status":"publish","type":"page","link":"https:\/\/supcom.standardof.net\/fr\/supreme-commander\/temps-infini\/tech-3-aeon-air-unites\/","title":{"rendered":"Tech 3 - Unit\u00e9s Aeon Air"},"content":{"rendered":"<div class=\"wp-block-uagb-table-of-contents uagb-toc__align-left uagb-toc__columns-1  uagb-block-fb6839ad\"\n\t\t\t\t\tdata-scroll= \"1\"\n\t\t\t\t\tdata-offset= \"30\"\n\t\t\t\t\tstyle=\"\"\n\t\t\t\t>\n\t\t\t\t<div class=\"uagb-toc__wrap\">\n\t\t\t\t\t\t<div class=\"uagb-toc__title\">\n\t\t\t\t\t\t\tUnit\u00e9s a\u00e9riennes Aeon Tech 3:\t\t\t\t\t\t<\/div>\n\t\t\t\t\t\t\t\t\t\t\t\t\t\t\t\t<div class=\"uagb-toc__list-wrap\">\n\t\t\t\t\t\t<ol class=\"uagb-toc__list\"><li class=\"uagb-toc__list\"><a href=\"#seer-spy-plane\" class=\"uagb-toc-link__trigger\">VOYANT - AVION ESPION<\/a><li class=\"uagb-toc__list\"><a href=\"#corona-air-superiority-fighter\" class=\"uagb-toc-link__trigger\">CORONA - COMBATTANT DE LA SUPERIORIT\u00c9 A\u00c9RIENNE<\/a><li class=\"uagb-toc__list\"><a href=\"#shocker-strategic-bomber\" class=\"uagb-toc-link__trigger\">SHOCKER - BOMBER STRAT\u00c9GIQUE<\/a><\/ol>\t\t\t\t\t<\/div>\n\t\t\t\t\t\t\t\t\t<\/div>\n\t\t\t\t<\/div>\n\t\t\t\n\n\n<section class=\"wp-block-uagb-columns uagb-columns__wrap uagb-columns__background-undefined uagb-columns__stack-mobile uagb-columns__valign-undefined uagb-columns__gap-10 alignundefined uagb-block-8be8da0f\"><div class=\"uagb-columns__overlay\"><\/div><div class=\"uagb-columns__inner-wrap uagb-columns__columns-1\">\n<div class=\"wp-block-uagb-column uagb-column__wrap uagb-column__background-undefined uagb-block-2e91a0bf\"><div class=\"uagb-column__overlay\"><\/div><div class=\"uagb-column__inner-wrap\">\n<h2 class=\"wp-block-heading\"><strong>VOYANT <\/strong>- AVION ESPION<\/h2>\n\n\n\n<p>L&#039;avion espion Aeon a une port\u00e9e de vue absolument \u00e9norme, ce qui lui permet de voir la base ennemie presque dans son int\u00e9gralit\u00e9 avant d&#039;\u00eatre abattu par les sites SAM. Vous pouvez m\u00eame voler sur les bords pour voir leurs d\u00e9fenses sans perdre votre avion espion. Il n&#039;y a pas de vraie raison d&#039;en construire plus d&#039;un, mais vous pourriez aussi bien obtenir le premier, d&#039;autant plus qu&#039;il est si bon march\u00e9.<\/p>\n\n\n\n<div class=\"wp-block-image\"><figure class=\"aligncenter size-large\"><a href=\"https:\/\/supcom.standardof.net\/fr\/supreme-commander\/temps-infini\/tech-3-aeon-air-unites\/seer-spy-plane-supreme-commander-aeon-tech-3-air-units\/\"><img decoding=\"async\" width=\"800\" height=\"606\" src=\"https:\/\/supcom.standardof.net\/wp-content\/uploads\/sites\/8\/2020\/11\/SEER-SPY-PLANE-Supreme-Commander-Aeon-Tech-3-Air-Units-800x606.jpg\" alt=\"L&#039;avion d&#039;espion Seer, unit\u00e9 a\u00e9rienne Aeon Tech 3 dans Supreme Commander.\" class=\"wp-image-1017\" srcset=\"https:\/\/supcom.standardof.net\/wp-content\/uploads\/sites\/8\/2020\/11\/SEER-SPY-PLANE-Supreme-Commander-Aeon-Tech-3-Air-Units-800x606.jpg 800w, https:\/\/supcom.standardof.net\/wp-content\/uploads\/sites\/8\/2020\/11\/SEER-SPY-PLANE-Supreme-Commander-Aeon-Tech-3-Air-Units-512x388.jpg 512w, https:\/\/supcom.standardof.net\/wp-content\/uploads\/sites\/8\/2020\/11\/SEER-SPY-PLANE-Supreme-Commander-Aeon-Tech-3-Air-Units-200x152.jpg 200w, https:\/\/supcom.standardof.net\/wp-content\/uploads\/sites\/8\/2020\/11\/SEER-SPY-PLANE-Supreme-Commander-Aeon-Tech-3-Air-Units-768x582.jpg 768w, https:\/\/supcom.standardof.net\/wp-content\/uploads\/sites\/8\/2020\/11\/SEER-SPY-PLANE-Supreme-Commander-Aeon-Tech-3-Air-Units-16x12.jpg 16w, https:\/\/supcom.standardof.net\/wp-content\/uploads\/sites\/8\/2020\/11\/SEER-SPY-PLANE-Supreme-Commander-Aeon-Tech-3-Air-Units.jpg 978w\" sizes=\"(max-width: 800px) 100vw, 800px\" \/><\/a><figcaption>VOYANT - AVION ESPION<\/figcaption><\/figure><\/div>\n\n\n\n<section class=\"wp-block-uagb-columns uagb-columns__wrap uagb-columns__background-undefined uagb-columns__stack-mobile uagb-columns__valign-undefined uagb-columns__gap-10 alignundefined uagb-block-8231f1df\"><div class=\"uagb-columns__overlay\"><\/div><div class=\"uagb-columns__inner-wrap uagb-columns__columns-2\">\n<div class=\"wp-block-uagb-column uagb-column__wrap uagb-column__background-undefined uagb-block-41465769\"><div class=\"uagb-column__overlay\"><\/div><div class=\"uagb-column__inner-wrap\">\n<h3 class=\"wp-block-heading\">Statistiques du voyant<\/h3>\n\n\n\n<p>Armure: 25hp (l\u00e9ger)<br>Capacit\u00e9s: Radar<br>Co\u00fbt: M56, E2240, T420<br>Intel:<br>- vue: 120 (2,34km)<br>- radar: 120 (2,34 km)<br>- omni: 30 (586m)<br>La physique:<br>- vitesse max: 21 (410m \/ s)<br>- d\u00e9nivel\u00e9: 25 (488m)<br>Classe de transport: 3<br>- v\u00e9t\u00e9ran niveau 2: +6 ch<br>- v\u00e9t\u00e9ran niveau 4: +6 hp<br>- v\u00e9t\u00e9ran niveau 5: r\u00e9parer 1 hp \/ s<\/p>\n<\/div><\/div>\n\n\n\n<div class=\"wp-block-uagb-column uagb-column__wrap uagb-column__background-undefined uagb-block-fd743d19\"><div class=\"uagb-column__overlay\"><\/div><div class=\"uagb-column__inner-wrap\">\n<h3 class=\"wp-block-heading\">Armes de voyant<\/h3>\n\n\n\n<p>Crash a\u00e9rien (mort): 100 d\u00e9g\u00e2ts<br>superficie: 1 (19,5 m)<\/p>\n<\/div><\/div>\n<\/div><\/section>\n<\/div><\/div>\n<\/div><\/section>\n\n\n\n<section class=\"wp-block-uagb-columns uagb-columns__wrap uagb-columns__background-undefined uagb-columns__stack-mobile uagb-columns__valign-undefined uagb-columns__gap-10 alignundefined uagb-block-0405f912\"><div class=\"uagb-columns__overlay\"><\/div><div class=\"uagb-columns__inner-wrap uagb-columns__columns-1\">\n<div class=\"wp-block-uagb-column uagb-column__wrap uagb-column__background-undefined uagb-block-c8bc2fd0\"><div class=\"uagb-column__overlay\"><\/div><div class=\"uagb-column__inner-wrap\">\n<h2 class=\"wp-block-heading\"><strong>COURONNE <\/strong>- COMBATTANT DE LA SUPERIORIT\u00c9 A\u00c9RIENNE<\/h2>\n\n\n\n<p>La Corona est une unit\u00e9 anti-a\u00e9rienne tr\u00e8s co\u00fbteuse, vous ne devriez donc l&#039;avoir que si vous pensez devoir tuer r\u00e9guli\u00e8rement des unit\u00e9s a\u00e9riennes ennemies. Ils volent si vite qu&#039;ils ne fourniront pas une couverture ad\u00e9quate pour un bombardement, mais ils peuvent entrer et tendre une embuscade \u00e0 la force d&#039;interception ennemie, et ils sont le meilleur moyen de g\u00e9rer les unit\u00e9s a\u00e9riennes exp\u00e9rimentales. Leurs armes ne sont pas aussi efficaces que les combattants des autres factions, mais elles restent votre meilleure m\u00e9thode de d\u00e9fense a\u00e9rienne qui n&#039;est pas une tourelle.<\/p>\n\n\n\n<div class=\"wp-block-image\"><figure class=\"aligncenter size-large\"><a href=\"https:\/\/supcom.standardof.net\/fr\/supreme-commander\/temps-infini\/tech-3-aeon-air-unites\/corona-air-superiority-fighter-supreme-commander-aeon-tech-3-air-units\/\"><img decoding=\"async\" width=\"800\" height=\"525\" src=\"https:\/\/supcom.standardof.net\/wp-content\/uploads\/sites\/8\/2020\/11\/CORONA-AIR-SUPERIORITY-FIGHTER-Supreme-Commander-Aeon-Tech-3-Air-Units-800x525.jpg\" alt=\"Le chasseur de sup\u00e9riorit\u00e9 a\u00e9rienne Corona, unit\u00e9 a\u00e9rienne Aeon Tech 3 dans Supreme Commander.\" class=\"wp-image-1016\" srcset=\"https:\/\/supcom.standardof.net\/wp-content\/uploads\/sites\/8\/2020\/11\/CORONA-AIR-SUPERIORITY-FIGHTER-Supreme-Commander-Aeon-Tech-3-Air-Units-800x525.jpg 800w, https:\/\/supcom.standardof.net\/wp-content\/uploads\/sites\/8\/2020\/11\/CORONA-AIR-SUPERIORITY-FIGHTER-Supreme-Commander-Aeon-Tech-3-Air-Units-512x336.jpg 512w, https:\/\/supcom.standardof.net\/wp-content\/uploads\/sites\/8\/2020\/11\/CORONA-AIR-SUPERIORITY-FIGHTER-Supreme-Commander-Aeon-Tech-3-Air-Units-200x131.jpg 200w, https:\/\/supcom.standardof.net\/wp-content\/uploads\/sites\/8\/2020\/11\/CORONA-AIR-SUPERIORITY-FIGHTER-Supreme-Commander-Aeon-Tech-3-Air-Units-768x504.jpg 768w, https:\/\/supcom.standardof.net\/wp-content\/uploads\/sites\/8\/2020\/11\/CORONA-AIR-SUPERIORITY-FIGHTER-Supreme-Commander-Aeon-Tech-3-Air-Units-16x12.jpg 16w, https:\/\/supcom.standardof.net\/wp-content\/uploads\/sites\/8\/2020\/11\/CORONA-AIR-SUPERIORITY-FIGHTER-Supreme-Commander-Aeon-Tech-3-Air-Units.jpg 1014w\" sizes=\"(max-width: 800px) 100vw, 800px\" \/><\/a><figcaption>CORONA - COMBATTANT DE LA SUPERIORIT\u00c9 A\u00c9RIENNE<\/figcaption><\/figure><\/div>\n\n\n\n<section class=\"wp-block-uagb-columns uagb-columns__wrap uagb-columns__background-undefined uagb-columns__stack-mobile uagb-columns__valign-undefined uagb-columns__gap-10 alignundefined uagb-block-863ebd48\"><div class=\"uagb-columns__overlay\"><\/div><div class=\"uagb-columns__inner-wrap uagb-columns__columns-2\">\n<div class=\"wp-block-uagb-column uagb-column__wrap uagb-column__background-undefined uagb-block-a34f3eda\"><div class=\"uagb-column__overlay\"><\/div><div class=\"uagb-column__inner-wrap\">\n<h3 class=\"wp-block-heading\">Statistiques Corona<\/h3>\n\n\n\n<p>Armure: 225hp (l\u00e9ger)<br>Co\u00fbt: M360, E24000, T3600<br>Intel: vue: 32 (625m)<br>La physique:<br>- vitesse max: 25 (488m \/ s)<br>- d\u00e9nivel\u00e9: 20 (391m)<br>- distance d&#039;engagement: 50 (977m)<br>Classe de transport: 3<br>V\u00e9t\u00e9ran: 5, 10, 25, 50, 100 victimes<br>- v\u00e9t\u00e9ran niveau 2: +56 ch<br>- v\u00e9t\u00e9ran niveau 4: +56 ch<br>- v\u00e9t\u00e9ran niveau 5: r\u00e9parer 1 hp \/ s<\/p>\n<\/div><\/div>\n\n\n\n<div class=\"wp-block-uagb-column uagb-column__wrap uagb-column__background-undefined uagb-block-93354260\"><div class=\"uagb-column__overlay\"><\/div><div class=\"uagb-column__inner-wrap\">\n<h3 class=\"wp-block-heading\">Armes Corona<\/h3>\n\n\n\n<p>Canon \u00e0 d\u00e9placement (anti-air):<br>78,00 dps<br>port\u00e9e: 24 (469m)<br>arme \u00e0 projectile:<br>26 d\u00e9g\u00e2ts x 3 projectiles = 78 d\u00e9g\u00e2ts par salve<br>cadence de tir: 1 (toutes les 1s)<br>v\u00e9t\u00e9ran niveau 1: +7 d\u00e9g\u00e2ts<br>v\u00e9t\u00e9ran niveau 3: +7 d\u00e9g\u00e2ts<\/p>\n\n\n\n<p>Crash a\u00e9rien (mort):<br>200 d\u00e9g\u00e2ts<br>superficie: 1 (19,5 m)<\/p>\n<\/div><\/div>\n<\/div><\/section>\n<\/div><\/div>\n<\/div><\/section>\n\n\n\n<section class=\"wp-block-uagb-columns uagb-columns__wrap uagb-columns__background-undefined uagb-columns__stack-mobile uagb-columns__valign-undefined uagb-columns__gap-10 alignundefined uagb-block-ed6ee42d\"><div class=\"uagb-columns__overlay\"><\/div><div class=\"uagb-columns__inner-wrap uagb-columns__columns-1\">\n<div class=\"wp-block-uagb-column uagb-column__wrap uagb-column__background-undefined uagb-block-b535a37a\"><div class=\"uagb-column__overlay\"><\/div><div class=\"uagb-column__inner-wrap\">\n<h2 class=\"wp-block-heading\"><strong>SHOCKER <\/strong>- BOMBER STRAT\u00c9GIQUE<\/h2>\n\n\n\n<p>Les bombardiers strat\u00e9giques construisent si lentement qu&#039;ils ont besoin d&#039;un grand groupe d&#039;ing\u00e9nieurs. Le mot \u00abstrat\u00e9gique\u00bb ne doit pas \u00eatre pris \u00e0 la l\u00e9g\u00e8re: ils volent si haut qu&#039;il faut un certain temps \u00e0 un site SAM pour les tuer, et bien s\u00fbr leur bombe est g\u00e9niale. Ils sont gaspill\u00e9s sur les forces terrestres ennemies; au lieu de cela, stockez-les avec une \u00e9norme force d&#039;autres avions pour distraire les d\u00e9fenses a\u00e9riennes ennemies et utilisez-les pour une frappe chirurgicale sur un ACU, une pi\u00e8ce d&#039;artillerie ou une d\u00e9fense antimissile nucl\u00e9aire.<\/p>\n\n\n\n<p>La d\u00e9fense antimissile du bombardier strat\u00e9gique Aeon est presque enti\u00e8rement inutile, car elle n&#039;arr\u00eate qu&#039;un seul des demi-douzaines de missiles venant sur votre adversaire. En retour, sa bombe est encore plus ridiculement puissante - deux bombes tueront le commandant.<\/p>\n\n\n\n<div class=\"wp-block-image\"><figure class=\"aligncenter size-large\"><a href=\"https:\/\/supcom.standardof.net\/fr\/supreme-commander\/temps-infini\/tech-3-aeon-air-unites\/shocker-strategic-bomber-supreme-commander-aeon-tech-3-air-units\/\"><img decoding=\"async\" width=\"800\" height=\"490\" src=\"https:\/\/supcom.standardof.net\/wp-content\/uploads\/sites\/8\/2020\/11\/SHOCKER-STRATEGIC-BOMBER-Supreme-Commander-Aeon-Tech-3-Air-Units-800x490.jpg\" alt=\"Le bombardier strat\u00e9gique Shocker, unit\u00e9 a\u00e9rienne Aeon Tech 3 dans Supreme Commander.\" class=\"wp-image-1015\" srcset=\"https:\/\/supcom.standardof.net\/wp-content\/uploads\/sites\/8\/2020\/11\/SHOCKER-STRATEGIC-BOMBER-Supreme-Commander-Aeon-Tech-3-Air-Units-800x490.jpg 800w, https:\/\/supcom.standardof.net\/wp-content\/uploads\/sites\/8\/2020\/11\/SHOCKER-STRATEGIC-BOMBER-Supreme-Commander-Aeon-Tech-3-Air-Units-512x314.jpg 512w, https:\/\/supcom.standardof.net\/wp-content\/uploads\/sites\/8\/2020\/11\/SHOCKER-STRATEGIC-BOMBER-Supreme-Commander-Aeon-Tech-3-Air-Units-200x122.jpg 200w, https:\/\/supcom.standardof.net\/wp-content\/uploads\/sites\/8\/2020\/11\/SHOCKER-STRATEGIC-BOMBER-Supreme-Commander-Aeon-Tech-3-Air-Units-768x470.jpg 768w, https:\/\/supcom.standardof.net\/wp-content\/uploads\/sites\/8\/2020\/11\/SHOCKER-STRATEGIC-BOMBER-Supreme-Commander-Aeon-Tech-3-Air-Units-16x10.jpg 16w, https:\/\/supcom.standardof.net\/wp-content\/uploads\/sites\/8\/2020\/11\/SHOCKER-STRATEGIC-BOMBER-Supreme-Commander-Aeon-Tech-3-Air-Units.jpg 1254w\" sizes=\"(max-width: 800px) 100vw, 800px\" \/><\/a><figcaption>SHOCKER - BOMBER STRAT\u00c9GIQUE<\/figcaption><\/figure><\/div>\n\n\n\n<section class=\"wp-block-uagb-columns uagb-columns__wrap uagb-columns__background-undefined uagb-columns__stack-mobile uagb-columns__valign-undefined uagb-columns__gap-10 alignundefined uagb-block-bcdb257d\"><div class=\"uagb-columns__overlay\"><\/div><div class=\"uagb-columns__inner-wrap uagb-columns__columns-2\">\n<div class=\"wp-block-uagb-column uagb-column__wrap uagb-column__background-undefined uagb-block-5fe348d1\"><div class=\"uagb-column__overlay\"><\/div><div class=\"uagb-column__inner-wrap\">\n<h3 class=\"wp-block-heading\">Statistiques Shocker<\/h3>\n\n\n\n<p>Armure: 135hp (l\u00e9g\u00e8re)<br>Capacit\u00e9s: D\u00e9fense antimissile - Tactique<br>Co\u00fbt: M2160, E72000, T7200<br>Intel: vue: 32 (625m)<br>La physique: <br>- vitesse max: 15 (293m \/ s)<br>- d\u00e9nivel\u00e9: 25 (488m)<br>- distance d&#039;engagement: 50 (977m)<br>Classe de transport: 3<br>V\u00e9t\u00e9ran: 30, 60, 150, 300, 600 victimes<br>- v\u00e9t\u00e9ran niveau 2: +34 ch<br>- v\u00e9t\u00e9ran niveau 4: +34 ch<br>- v\u00e9t\u00e9ran niveau 5: r\u00e9parer 1 hp \/ s<\/p>\n<\/div><\/div>\n\n\n\n<div class=\"wp-block-uagb-column uagb-column__wrap uagb-column__background-undefined uagb-block-255e3bc8\"><div class=\"uagb-column__overlay\"><\/div><div class=\"uagb-column__inner-wrap\">\n<h3 class=\"wp-block-heading\">Armes de choc<\/h3>\n\n\n\n<p>Bombe Quark (bombe):<br>1500,00 dps<br>zone: 2,5 (48,8 m)<br>port\u00e9e: 8 (156m)<br>arme \u00e0 projectile: 7500 d\u00e9g\u00e2ts<br>cadence de tir: 0,2 (toutes les 5 s)<br>tir au hasard: 3<br>v\u00e9t\u00e9ran niveau 1: +1875 d\u00e9g\u00e2ts<br>v\u00e9t\u00e9ran niveau 3: +1875 d\u00e9g\u00e2ts<\/p>\n\n\n\n<p>Will O Wisp Anti Missile (D\u00e9fense):<br>0,75 dps<br>autonomie: 64 (1,25 km)<br>arme \u00e0 projectile: 1 d\u00e9g\u00e2t<br>cadence de tir: 0,75 (toutes les 1,33 s)<\/p>\n\n\n\n<p>Crash a\u00e9rien (mort):<br>500 d\u00e9g\u00e2ts<br>superficie: 1 (19,5 m)<\/p>\n<\/div><\/div>\n<\/div><\/section>\n<\/div><\/div>\n<\/div><\/section>","protected":false},"excerpt":{"rendered":"<p>SEER &#8211; SPY PLANE The Aeon spy plane has an absolutely enormous sight range, making it able to see the enemy base almost in its entirety before being shot down by SAM sites. You can even fly around the edges to see their defenses without losing your spy plane. There&#8217;s no real reason to build [&hellip;]<\/p>","protected":false},"author":1,"featured_media":0,"parent":503,"menu_order":0,"comment_status":"open","ping_status":"closed","template":"","meta":{"_uag_custom_page_level_css":"","site-sidebar-layout":"default","site-content-layout":"default","ast-site-content-layout":"","site-content-style":"default","site-sidebar-style":"default","ast-global-header-display":"","ast-banner-title-visibility":"","ast-main-header-display":"","ast-hfb-above-header-display":"","ast-hfb-below-header-display":"","ast-hfb-mobile-header-display":"","site-post-title":"","ast-breadcrumbs-content":"","ast-featured-img":"","footer-sml-layout":"","theme-transparent-header-meta":"default","adv-header-id-meta":"","stick-header-meta":"","header-above-stick-meta":"","header-main-stick-meta":"","header-below-stick-meta":"","astra-migrate-meta-layouts":"default","ast-page-background-enabled":"default","ast-page-background-meta":{"desktop":{"background-color":"","background-image":"","background-repeat":"repeat","background-position":"center center","background-size":"auto","background-attachment":"scroll","background-type":"","background-media":"","overlay-type":"","overlay-color":"","overlay-gradient":""},"tablet":{"background-color":"","background-image":"","background-repeat":"repeat","background-position":"center center","background-size":"auto","background-attachment":"scroll","background-type":"","background-media":"","overlay-type":"","overlay-color":"","overlay-gradient":""},"mobile":{"background-color":"","background-image":"","background-repeat":"repeat","background-position":"center center","background-size":"auto","background-attachment":"scroll","background-type":"","background-media":"","overlay-type":"","overlay-color":"","overlay-gradient":""}},"ast-content-background-meta":{"desktop":{"background-color":"var(--ast-global-color-5)","background-image":"","background-repeat":"repeat","background-position":"center center","background-size":"auto","background-attachment":"scroll","background-type":"","background-media":"","overlay-type":"","overlay-color":"","overlay-gradient":""},"tablet":{"background-color":"var(--ast-global-color-5)","background-image":"","background-repeat":"repeat","background-position":"center center","background-size":"auto","background-attachment":"scroll","background-type":"","background-media":"","overlay-type":"","overlay-color":"","overlay-gradient":""},"mobile":{"background-color":"var(--ast-global-color-5)","background-image":"","background-repeat":"repeat","background-position":"center center","background-size":"auto","background-attachment":"scroll","background-type":"","background-media":"","overlay-type":"","overlay-color":"","overlay-gradient":""}},"footnotes":""},"uagb_featured_image_src":{"full":false,"thumbnail":false,"medium":false,"medium_large":false,"large":false,"1536x1536":false,"2048x2048":false,"trp-custom-language-flag":false},"uagb_author_info":{"display_name":"SOE","author_link":"https:\/\/supcom.standardof.net\/fr\/author\/k-tastic\/"},"uagb_comment_info":0,"uagb_excerpt":"SEER &#8211; SPY PLANE The Aeon spy plane has an absolutely enormous sight range, making it able to see the enemy base almost in its entirety before being shot down by SAM sites. You can even fly around the edges to see their defenses without losing your spy plane. There&#8217;s no real reason to build&hellip;","_links":{"self":[{"href":"https:\/\/supcom.standardof.net\/fr\/wp-json\/wp\/v2\/pages\/783"}],"collection":[{"href":"https:\/\/supcom.standardof.net\/fr\/wp-json\/wp\/v2\/pages"}],"about":[{"href":"https:\/\/supcom.standardof.net\/fr\/wp-json\/wp\/v2\/types\/page"}],"author":[{"embeddable":true,"href":"https:\/\/supcom.standardof.net\/fr\/wp-json\/wp\/v2\/users\/1"}],"replies":[{"embeddable":true,"href":"https:\/\/supcom.standardof.net\/fr\/wp-json\/wp\/v2\/comments?post=783"}],"version-history":[{"count":0,"href":"https:\/\/supcom.standardof.net\/fr\/wp-json\/wp\/v2\/pages\/783\/revisions"}],"up":[{"embeddable":true,"href":"https:\/\/supcom.standardof.net\/fr\/wp-json\/wp\/v2\/pages\/503"}],"wp:attachment":[{"href":"https:\/\/supcom.standardof.net\/fr\/wp-json\/wp\/v2\/media?parent=783"}],"curies":[{"name":"wp","href":"https:\/\/api.w.org\/{rel}","templated":true}]}}