{"id":785,"date":"2020-11-03T19:38:32","date_gmt":"2020-11-04T00:38:32","guid":{"rendered":"https:\/\/supcom.standardof.net\/?page_id=785"},"modified":"2020-11-04T19:22:08","modified_gmt":"2020-11-05T00:22:08","slug":"tech-2-aeon-air-units","status":"publish","type":"page","link":"https:\/\/supcom.standardof.net\/fr\/supreme-commander\/temps-infini\/tech-2-aeon-air-unites\/","title":{"rendered":"Tech 2 - Unit\u00e9s Aeon Air"},"content":{"rendered":"<div class=\"wp-block-uagb-table-of-contents uagb-toc__align-left uagb-toc__columns-1  uagb-block-d77138ce\"\n\t\t\t\t\tdata-scroll= \"1\"\n\t\t\t\t\tdata-offset= \"30\"\n\t\t\t\t\tstyle=\"\"\n\t\t\t\t>\n\t\t\t\t<div class=\"uagb-toc__wrap\">\n\t\t\t\t\t\t<div class=\"uagb-toc__title\">\n\t\t\t\t\t\t\tUnit\u00e9s a\u00e9riennes Aeon Tech 2:\t\t\t\t\t\t<\/div>\n\t\t\t\t\t\t\t\t\t\t\t\t\t\t\t\t<div class=\"uagb-toc__list-wrap\">\n\t\t\t\t\t\t<ol class=\"uagb-toc__list\"><li class=\"uagb-toc__list\"><a href=\"#mercy-guided-missile\" class=\"uagb-toc-link__trigger\">MERCY - MISSILE GUID\u00c9E<\/a><li class=\"uagb-toc__list\"><a href=\"#skimmer-torpedo-bomber\" class=\"uagb-toc-link__trigger\">SKIMMER - BOMBER TORPEDO<\/a><li class=\"uagb-toc__list\"><a href=\"#specter-gunship\" class=\"uagb-toc-link__trigger\">SPECTRE - GUNSHIP<\/a><li class=\"uagb-toc__list\"><a href=\"#aluminar-air-transport\" class=\"uagb-toc-link__trigger\">ALUMINAIRE - TRANSPORT A\u00c9RIEN<\/a><\/ol>\t\t\t\t\t<\/div>\n\t\t\t\t\t\t\t\t\t<\/div>\n\t\t\t\t<\/div>\n\t\t\t\n\n\n<section class=\"wp-block-uagb-columns uagb-columns__wrap uagb-columns__background-undefined uagb-columns__stack-mobile uagb-columns__valign-undefined uagb-columns__gap-10 alignundefined uagb-block-6d57fcbd\"><div class=\"uagb-columns__overlay\"><\/div><div class=\"uagb-columns__inner-wrap uagb-columns__columns-1\">\n<div class=\"wp-block-uagb-column uagb-column__wrap uagb-column__background-undefined uagb-block-2b9e1c75\"><div class=\"uagb-column__overlay\"><\/div><div class=\"uagb-column__inner-wrap\">\n<h2 class=\"wp-block-heading\"><strong>PITI\u00c9 <\/strong>- MISSILE GUID\u00c9<\/h2>\n\n\n\n<p>Le Mercy est exactement ce qu&#039;il dit: un petit missile guid\u00e9. Il ne peut pas recharger de carburant, vous n&#039;avez donc que peu de temps pour le lancer sur le commandant ennemi, qu&#039;il tuera en quatre coups. Ils sont plus rapides qu&#039;un bombardier et bien plus meurtriers, mais ne les gaspillez pas pour autre chose que les cibles les plus importantes. Pour lutter contre les missiles guid\u00e9s, votre adversaire devra penser \u00e0 la d\u00e9fense a\u00e9rienne bien avant de voir les points radar se diriger vers lui.<\/p>\n\n\n\n<div class=\"wp-block-image\"><figure class=\"aligncenter size-large\"><a href=\"https:\/\/supcom.standardof.net\/fr\/supreme-commander\/temps-infini\/tech-2-aeon-air-unites\/mercy-guided-missile-supreme-commander-aeon-tech-2-air-units\/\"><img decoding=\"async\" width=\"800\" height=\"584\" src=\"https:\/\/supcom.standardof.net\/wp-content\/uploads\/sites\/8\/2020\/11\/MERCY-GUIDED-MISSILE-Supreme-Commander-Aeon-Tech-2-Air-Units-800x584.jpg\" alt=\"Le missile guid\u00e9 Mercy, unit\u00e9 a\u00e9rienne Aeon Tech 2 dans Supreme Commander.\" class=\"wp-image-1009\" srcset=\"https:\/\/supcom.standardof.net\/wp-content\/uploads\/sites\/8\/2020\/11\/MERCY-GUIDED-MISSILE-Supreme-Commander-Aeon-Tech-2-Air-Units-800x584.jpg 800w, https:\/\/supcom.standardof.net\/wp-content\/uploads\/sites\/8\/2020\/11\/MERCY-GUIDED-MISSILE-Supreme-Commander-Aeon-Tech-2-Air-Units-512x374.jpg 512w, https:\/\/supcom.standardof.net\/wp-content\/uploads\/sites\/8\/2020\/11\/MERCY-GUIDED-MISSILE-Supreme-Commander-Aeon-Tech-2-Air-Units-200x146.jpg 200w, https:\/\/supcom.standardof.net\/wp-content\/uploads\/sites\/8\/2020\/11\/MERCY-GUIDED-MISSILE-Supreme-Commander-Aeon-Tech-2-Air-Units-768x561.jpg 768w, https:\/\/supcom.standardof.net\/wp-content\/uploads\/sites\/8\/2020\/11\/MERCY-GUIDED-MISSILE-Supreme-Commander-Aeon-Tech-2-Air-Units-16x12.jpg 16w, https:\/\/supcom.standardof.net\/wp-content\/uploads\/sites\/8\/2020\/11\/MERCY-GUIDED-MISSILE-Supreme-Commander-Aeon-Tech-2-Air-Units.jpg 867w\" sizes=\"(max-width: 800px) 100vw, 800px\" \/><\/a><figcaption>MERCY - MISSILE GUID\u00c9E<\/figcaption><\/figure><\/div>\n\n\n\n<section class=\"wp-block-uagb-columns uagb-columns__wrap uagb-columns__background-undefined uagb-columns__stack-mobile uagb-columns__valign-undefined uagb-columns__gap-10 alignundefined uagb-block-3b751506\"><div class=\"uagb-columns__overlay\"><\/div><div class=\"uagb-columns__inner-wrap uagb-columns__columns-2\">\n<div class=\"wp-block-uagb-column uagb-column__wrap uagb-column__background-undefined uagb-block-3ae3062e\"><div class=\"uagb-column__overlay\"><\/div><div class=\"uagb-column__inner-wrap\">\n<h3 class=\"wp-block-heading\">Statistiques de la mis\u00e9ricorde<\/h3>\n\n\n\n<p>Armure: 10hp (l\u00e9ger)<br>Co\u00fbt: M300, E6000, T1000<br>Intel: vue: 26 (508m)<br>La physique:<br>- vitesse max: 16 (313m \/ s)<br>- d\u00e9nivel\u00e9: 18 (352m)<br>- temps de carburant: 2h00<br>- vitesse de rotation: 1,7<br>Classe de transport: 3<\/p>\n<\/div><\/div>\n\n\n\n<div class=\"wp-block-uagb-column uagb-column__wrap uagb-column__background-undefined uagb-block-bf1e5218\"><div class=\"uagb-column__overlay\"><\/div><div class=\"uagb-column__inner-wrap\">\n<h3 class=\"wp-block-heading\">Armes de mis\u00e9ricorde<\/h3>\n\n\n\n<p>Suicide (normal):<br>3000 d\u00e9g\u00e2ts<br>superficie: 3 (58,6 m)<\/p>\n\n\n\n<p>Crash a\u00e9rien (mort):<br>25 d\u00e9g\u00e2ts<br>superficie: 1 (19,5 m)<\/p>\n<\/div><\/div>\n<\/div><\/section>\n<\/div><\/div>\n<\/div><\/section>\n\n\n\n<section class=\"wp-block-uagb-columns uagb-columns__wrap uagb-columns__background-undefined uagb-columns__stack-mobile uagb-columns__valign-undefined uagb-columns__gap-10 alignundefined uagb-block-351b0a23\"><div class=\"uagb-columns__overlay\"><\/div><div class=\"uagb-columns__inner-wrap uagb-columns__columns-1\">\n<div class=\"wp-block-uagb-column uagb-column__wrap uagb-column__background-undefined uagb-block-7c0cecd6\"><div class=\"uagb-column__overlay\"><\/div><div class=\"uagb-column__inner-wrap\">\n<h2 class=\"wp-block-heading\"><strong>\u00c9CUMOIRE <\/strong>- BOMBER TORPEDO<\/h2>\n\n\n\n<p>Les bombardiers torpilleurs sont pratiquement inutiles. Aeon a d&#039;excellentes forces navales, vous ne devriez donc en avoir besoin que si vous avez oubli\u00e9 de construire de la marine et que les sous-marins vous emp\u00eachent de prendre pied dans l&#039;eau. Ils sont chers et font tellement de d\u00e9g\u00e2ts qu&#039;il est difficile de leur faire cibler suffisamment de navires ennemis lors de la premi\u00e8re passe - car certains de leurs tirs seront d\u00e9vi\u00e9s par des anti-torpilles et ils survivront rarement pour faire une deuxi\u00e8me passe.<\/p>\n\n\n\n<div class=\"wp-block-image\"><figure class=\"aligncenter size-large\"><a href=\"https:\/\/supcom.standardof.net\/fr\/supreme-commander\/temps-infini\/tech-2-aeon-air-unites\/skimmer-torpedo-bomber-supreme-commander-aeon-tech-2-air-units\/\"><img decoding=\"async\" width=\"800\" height=\"494\" src=\"https:\/\/supcom.standardof.net\/wp-content\/uploads\/sites\/8\/2020\/11\/SKIMMER-TORPEDO-BOMBER-Supreme-Commander-Aeon-Tech-2-Air-Units-800x494.jpg\" alt=\"Le bombardier torpille Skimmer, unit\u00e9 a\u00e9rienne Aeon Tech 2 dans Supreme Commander.\" class=\"wp-image-1010\" srcset=\"https:\/\/supcom.standardof.net\/wp-content\/uploads\/sites\/8\/2020\/11\/SKIMMER-TORPEDO-BOMBER-Supreme-Commander-Aeon-Tech-2-Air-Units-800x494.jpg 800w, https:\/\/supcom.standardof.net\/wp-content\/uploads\/sites\/8\/2020\/11\/SKIMMER-TORPEDO-BOMBER-Supreme-Commander-Aeon-Tech-2-Air-Units-512x316.jpg 512w, https:\/\/supcom.standardof.net\/wp-content\/uploads\/sites\/8\/2020\/11\/SKIMMER-TORPEDO-BOMBER-Supreme-Commander-Aeon-Tech-2-Air-Units-200x124.jpg 200w, https:\/\/supcom.standardof.net\/wp-content\/uploads\/sites\/8\/2020\/11\/SKIMMER-TORPEDO-BOMBER-Supreme-Commander-Aeon-Tech-2-Air-Units-768x474.jpg 768w, https:\/\/supcom.standardof.net\/wp-content\/uploads\/sites\/8\/2020\/11\/SKIMMER-TORPEDO-BOMBER-Supreme-Commander-Aeon-Tech-2-Air-Units-16x10.jpg 16w, https:\/\/supcom.standardof.net\/wp-content\/uploads\/sites\/8\/2020\/11\/SKIMMER-TORPEDO-BOMBER-Supreme-Commander-Aeon-Tech-2-Air-Units.jpg 1263w\" sizes=\"(max-width: 800px) 100vw, 800px\" \/><\/a><figcaption>SKIMMER - BOMBER TORPEDO<\/figcaption><\/figure><\/div>\n\n\n\n<section class=\"wp-block-uagb-columns uagb-columns__wrap uagb-columns__background-undefined uagb-columns__stack-mobile uagb-columns__valign-undefined uagb-columns__gap-10 alignundefined uagb-block-c66a4b6d\"><div class=\"uagb-columns__overlay\"><\/div><div class=\"uagb-columns__inner-wrap uagb-columns__columns-2\">\n<div class=\"wp-block-uagb-column uagb-column__wrap uagb-column__background-undefined uagb-block-30f41284\"><div class=\"uagb-column__overlay\"><\/div><div class=\"uagb-column__inner-wrap\">\n<h3 class=\"wp-block-heading\">Statistiques de l&#039;\u00e9cumeur<\/h3>\n\n\n\n<p>Armure: 120hp (l\u00e9ger)<br>Capacit\u00e9s: Sonar, Charge de profondeur<br>Co\u00fbt: M600, E6000, T1000<br>Intel:<br>- vue: 32 (625m)<br>- sonar: 40 (781m)<br>La physique:<br>- vitesse max: 15 (293m \/ s)<br>- d\u00e9nivel\u00e9: 18 (352m)<br>- distance d&#039;engager: 75 (1,46 km)<br>Classe de transport: 2<br>V\u00e9t\u00e9ran: 15, 30, 75, 150, 300 victimes<br>- v\u00e9t\u00e9ran niveau 2: +30 ch<br>- niveau v\u00e9t\u00e9ran 4: +30 ch<br>- v\u00e9t\u00e9ran niveau 5: r\u00e9parer 1 hp \/ s<\/p>\n<\/div><\/div>\n\n\n\n<div class=\"wp-block-uagb-column uagb-column__wrap uagb-column__background-undefined uagb-block-b69aecaf\"><div class=\"uagb-column__overlay\"><\/div><div class=\"uagb-column__inner-wrap\">\n<h3 class=\"wp-block-heading\">Armes d&#039;\u00e9cumeur<\/h3>\n\n\n\n<p>Charge de profondeur harmonique (Anti Navy):<br>130,00 dps<br>port\u00e9e: 3 (58,6 m)<br>arme \u00e0 projectile: 650 d\u00e9g\u00e2ts<br>cadence de tir: 0,2 (toutes les 5 s)<br>v\u00e9t\u00e9ran niveau 1: +163 d\u00e9g\u00e2ts<br>v\u00e9t\u00e9ran niveau 3: +163 d\u00e9g\u00e2ts<\/p>\n\n\n\n<p>Crash a\u00e9rien (mort):<br>150 d\u00e9g\u00e2ts<br>superficie: 1 (19,5 m)<\/p>\n<\/div><\/div>\n<\/div><\/section>\n<\/div><\/div>\n<\/div><\/section>\n\n\n\n<section class=\"wp-block-uagb-columns uagb-columns__wrap uagb-columns__background-undefined uagb-columns__stack-mobile uagb-columns__valign-undefined uagb-columns__gap-10 alignundefined uagb-block-3898dde5\"><div class=\"uagb-columns__overlay\"><\/div><div class=\"uagb-columns__inner-wrap uagb-columns__columns-1\">\n<div class=\"wp-block-uagb-column uagb-column__wrap uagb-column__background-undefined uagb-block-a7dec367\"><div class=\"uagb-column__overlay\"><\/div><div class=\"uagb-column__inner-wrap\">\n<h2 class=\"wp-block-heading\"><strong>SPECTRE <\/strong>- GUNSHIP<\/h2>\n\n\n\n<p>Les vaisseaux de combat Aeon sont assez efficaces. Leur laser ne frappera pas toujours une unit\u00e9 ennemie en mouvement, mais leur armure d\u00e9cente leur permet de survivre plus longtemps que vos bombardiers tout en effectuant des frappes a\u00e9riennes ponctuelles. Utilisez-les pour tuer des extracteurs de masse non d\u00e9fendus et des forces terrestres, d&#039;autres vaisseaux de combat, ou simplement stocker une \u00e9norme aile et tuer leur ACU avec. Ces types sont la raison pour laquelle ils construisent des intercepteurs.<\/p>\n\n\n\n<div class=\"wp-block-image\"><figure class=\"aligncenter size-large\"><a href=\"https:\/\/supcom.standardof.net\/fr\/supreme-commander\/temps-infini\/tech-2-aeon-air-unites\/specter-gunship-supreme-commander-aeon-tech-2-air-units\/\"><img decoding=\"async\" width=\"800\" height=\"610\" src=\"https:\/\/supcom.standardof.net\/wp-content\/uploads\/sites\/8\/2020\/11\/SPECTER-GUNSHIP-Supreme-Commander-Aeon-Tech-2-Air-Units-800x610.jpg\" alt=\"Le Spectre Gunship, Aeon Tech 2 Air Unit dans Supreme Commander.\" class=\"wp-image-1011\" srcset=\"https:\/\/supcom.standardof.net\/wp-content\/uploads\/sites\/8\/2020\/11\/SPECTER-GUNSHIP-Supreme-Commander-Aeon-Tech-2-Air-Units-800x610.jpg 800w, https:\/\/supcom.standardof.net\/wp-content\/uploads\/sites\/8\/2020\/11\/SPECTER-GUNSHIP-Supreme-Commander-Aeon-Tech-2-Air-Units-512x390.jpg 512w, https:\/\/supcom.standardof.net\/wp-content\/uploads\/sites\/8\/2020\/11\/SPECTER-GUNSHIP-Supreme-Commander-Aeon-Tech-2-Air-Units-200x152.jpg 200w, https:\/\/supcom.standardof.net\/wp-content\/uploads\/sites\/8\/2020\/11\/SPECTER-GUNSHIP-Supreme-Commander-Aeon-Tech-2-Air-Units-768x585.jpg 768w, https:\/\/supcom.standardof.net\/wp-content\/uploads\/sites\/8\/2020\/11\/SPECTER-GUNSHIP-Supreme-Commander-Aeon-Tech-2-Air-Units-16x12.jpg 16w, https:\/\/supcom.standardof.net\/wp-content\/uploads\/sites\/8\/2020\/11\/SPECTER-GUNSHIP-Supreme-Commander-Aeon-Tech-2-Air-Units.jpg 972w\" sizes=\"(max-width: 800px) 100vw, 800px\" \/><\/a><figcaption>SPECTRE - GUNSHIP<\/figcaption><\/figure><\/div>\n\n\n\n<section class=\"wp-block-uagb-columns uagb-columns__wrap uagb-columns__background-undefined uagb-columns__stack-mobile uagb-columns__valign-undefined uagb-columns__gap-10 alignundefined uagb-block-7344f32d\"><div class=\"uagb-columns__overlay\"><\/div><div class=\"uagb-columns__inner-wrap uagb-columns__columns-2\">\n<div class=\"wp-block-uagb-column uagb-column__wrap uagb-column__background-undefined uagb-block-e2a3a5f8\"><div class=\"uagb-column__overlay\"><\/div><div class=\"uagb-column__inner-wrap\">\n<h3 class=\"wp-block-heading\">Statistiques du spectre<\/h3>\n\n\n\n<p>Armure: 150hp (l\u00e9ger)<br>Co\u00fbt: M390, E7800, T1300<br>Intel: vue: 32 (625m)<br>La physique:<br>- vitesse max: 12 (234m \/ s)<br>- d\u00e9nivel\u00e9: 10 (195m)<br>Classe de transport: 2<br>V\u00e9t\u00e9ran: 15, 30, 75, 150, 300 victimes<br>- v\u00e9t\u00e9ran niveau 2: +38 ch<br>- v\u00e9t\u00e9ran niveau 4: +38 ch<br>- v\u00e9t\u00e9ran niveau 5: r\u00e9parer 1 hp \/ s<\/p>\n<\/div><\/div>\n\n\n\n<div class=\"wp-block-uagb-column uagb-column__wrap uagb-column__background-undefined uagb-block-e039ff89\"><div class=\"uagb-column__overlay\"><\/div><div class=\"uagb-column__inner-wrap\">\n<h3 class=\"wp-block-heading\">Armes du spectre<\/h3>\n\n\n\n<p>Laser \u00e0 quatre lumi\u00e8res (tir direct):<br>60,00 dps<br>port\u00e9e: 22 (430m)<br>arme \u00e0 projectile:<br>12 d\u00e9g\u00e2ts x 4 projectiles = 48 d\u00e9g\u00e2ts par salve<br>cadence de tir: 1,25 (toutes les 0,8 s)<br>v\u00e9t\u00e9ran niveau 1: +3 d\u00e9g\u00e2ts<br>v\u00e9t\u00e9ran niveau 3: +3 d\u00e9g\u00e2ts<\/p>\n\n\n\n<p>Crash a\u00e9rien (mort):<br>100 d\u00e9g\u00e2ts<br>superficie: 1 (19,5 m)<\/p>\n<\/div><\/div>\n<\/div><\/section>\n<\/div><\/div>\n<\/div><\/section>\n\n\n\n<section class=\"wp-block-uagb-columns uagb-columns__wrap uagb-columns__background-undefined uagb-columns__stack-mobile uagb-columns__valign-undefined uagb-columns__gap-10 alignundefined uagb-block-fc3deb0c\"><div class=\"uagb-columns__overlay\"><\/div><div class=\"uagb-columns__inner-wrap uagb-columns__columns-1\">\n<div class=\"wp-block-uagb-column uagb-column__wrap uagb-column__background-undefined uagb-block-99bea828\"><div class=\"uagb-column__overlay\"><\/div><div class=\"uagb-column__inner-wrap\">\n<h2 class=\"wp-block-heading\"><strong>ALUMINAIRE <\/strong>- TRANSPORT A\u00c9RIEN<\/h2>\n\n\n\n<p>S&#039;il est bon que le transport a\u00e9rien puisse se d\u00e9fendre, sa principale m\u00e9thode de d\u00e9fense est son blindage \u00ablourd\u00bb, qui lui permet de prendre quelques tirs depuis les d\u00e9fenses a\u00e9riennes tout en laissant tomber sa cargaison. Ils transportent deux fois plus d&#039;unit\u00e9s qu&#039;un transport T1: 12 gars T1, 6 gars T2, 3 gars T3 ou un ACU \/ SCU. Si votre commandant est transport\u00e9, il ne mourra pas avec le transport a\u00e9rien.<\/p>\n\n\n\n<div class=\"wp-block-image\"><figure class=\"aligncenter size-large\"><a href=\"https:\/\/supcom.standardof.net\/fr\/supreme-commander\/temps-infini\/tech-2-aeon-air-unites\/aluminar-air-transport-supreme-commander-aeon-tech-2-air-units\/\"><img decoding=\"async\" width=\"800\" height=\"562\" src=\"https:\/\/supcom.standardof.net\/wp-content\/uploads\/sites\/8\/2020\/11\/ALUMINAR-AIR-TRANSPORT-Supreme-Commander-Aeon-Tech-2-Air-Units-800x562.jpg\" alt=\"Le transport a\u00e9rien d&#039;Aluminar, unit\u00e9 a\u00e9rienne Aeon Tech 2 dans Supreme Commander.\" class=\"wp-image-1012\" srcset=\"https:\/\/supcom.standardof.net\/wp-content\/uploads\/sites\/8\/2020\/11\/ALUMINAR-AIR-TRANSPORT-Supreme-Commander-Aeon-Tech-2-Air-Units-800x562.jpg 800w, https:\/\/supcom.standardof.net\/wp-content\/uploads\/sites\/8\/2020\/11\/ALUMINAR-AIR-TRANSPORT-Supreme-Commander-Aeon-Tech-2-Air-Units-512x360.jpg 512w, https:\/\/supcom.standardof.net\/wp-content\/uploads\/sites\/8\/2020\/11\/ALUMINAR-AIR-TRANSPORT-Supreme-Commander-Aeon-Tech-2-Air-Units-200x140.jpg 200w, https:\/\/supcom.standardof.net\/wp-content\/uploads\/sites\/8\/2020\/11\/ALUMINAR-AIR-TRANSPORT-Supreme-Commander-Aeon-Tech-2-Air-Units-768x539.jpg 768w, https:\/\/supcom.standardof.net\/wp-content\/uploads\/sites\/8\/2020\/11\/ALUMINAR-AIR-TRANSPORT-Supreme-Commander-Aeon-Tech-2-Air-Units-16x12.jpg 16w, https:\/\/supcom.standardof.net\/wp-content\/uploads\/sites\/8\/2020\/11\/ALUMINAR-AIR-TRANSPORT-Supreme-Commander-Aeon-Tech-2-Air-Units.jpg 1209w\" sizes=\"(max-width: 800px) 100vw, 800px\" \/><\/a><figcaption>ALUMINAIRE - TRANSPORT A\u00c9RIEN<\/figcaption><\/figure><\/div>\n\n\n\n<section class=\"wp-block-uagb-columns uagb-columns__wrap uagb-columns__background-undefined uagb-columns__stack-mobile uagb-columns__valign-undefined uagb-columns__gap-10 alignundefined uagb-block-1c8edbb3\"><div class=\"uagb-columns__overlay\"><\/div><div class=\"uagb-columns__inner-wrap uagb-columns__columns-2\">\n<div class=\"wp-block-uagb-column uagb-column__wrap uagb-column__background-undefined uagb-block-58666bef\"><div class=\"uagb-column__overlay\"><\/div><div class=\"uagb-column__inner-wrap\">\n<h3 class=\"wp-block-heading\">Statistiques Aluminar<\/h3>\n\n\n\n<p>Armure: 210hp (l\u00e9ger)<br>Capacit\u00e9s: Transport T2: transporte des ACU, des unit\u00e9s terrestres T1-T3<br>Co\u00fbt: M320, E12800, T1600<br>Intel: vue: 32 (625m)<br>La physique:<br>- vitesse max: 18 (352m \/ s)<br>- d\u00e9nivel\u00e9: 8 (156m)<br>Classe de transport: 10,<br>- taille d&#039;attache classe 2: 2<br>- taille d&#039;attache classe 3: 4<br>V\u00e9t\u00e9ran: 15, 30, 75, 150, 300 victimes<br>- v\u00e9t\u00e9ran niveau 2: +53 ch<br>- v\u00e9t\u00e9ran niveau 4: +53 ch<br>- v\u00e9t\u00e9ran niveau 5: r\u00e9parer 1 hp \/ s<\/p>\n<\/div><\/div>\n\n\n\n<div class=\"wp-block-uagb-column uagb-column__wrap uagb-column__background-undefined uagb-block-c3625354\"><div class=\"uagb-column__overlay\"><\/div><div class=\"uagb-column__inner-wrap\">\n<h3 class=\"wp-block-heading\">Armes en aluminium<\/h3>\n\n\n\n<p>4x Batterie Sonic Pulse (Anti Air):<br>4,00 dps<br>port\u00e9e: 20 (391m)<br>arme \u00e0 projectile:<br>3,92 d\u00e9g\u00e2ts x 3 projectiles = 11,76 d\u00e9g\u00e2ts par salve<br>cadence de tir: 0,34 (toutes les 2,94 s)<br>v\u00e9t\u00e9ran niveau 1: +1 d\u00e9g\u00e2ts<br>v\u00e9t\u00e9ran niveau 3: +1 d\u00e9g\u00e2ts<\/p>\n<\/div><\/div>\n<\/div><\/section>\n<\/div><\/div>\n<\/div><\/section>","protected":false},"excerpt":{"rendered":"<p>MERCY &#8211; GUIDED MISSILE The Mercy is exactly what it says: a tiny guided missile. It can&#8217;t recharge fuel, so you have only a short time to throw it at the enemy Commander, which it will kill in four shots. They&#8217;re faster than a bomber and far more deadly, but don&#8217;t waste them on anything [&hellip;]<\/p>","protected":false},"author":1,"featured_media":0,"parent":503,"menu_order":0,"comment_status":"open","ping_status":"closed","template":"","meta":{"_uag_custom_page_level_css":"","site-sidebar-layout":"default","site-content-layout":"default","ast-site-content-layout":"","site-content-style":"default","site-sidebar-style":"default","ast-global-header-display":"","ast-banner-title-visibility":"","ast-main-header-display":"","ast-hfb-above-header-display":"","ast-hfb-below-header-display":"","ast-hfb-mobile-header-display":"","site-post-title":"","ast-breadcrumbs-content":"","ast-featured-img":"","footer-sml-layout":"","theme-transparent-header-meta":"default","adv-header-id-meta":"","stick-header-meta":"","header-above-stick-meta":"","header-main-stick-meta":"","header-below-stick-meta":"","astra-migrate-meta-layouts":"default","ast-page-background-enabled":"default","ast-page-background-meta":{"desktop":{"background-color":"","background-image":"","background-repeat":"repeat","background-position":"center center","background-size":"auto","background-attachment":"scroll","background-type":"","background-media":"","overlay-type":"","overlay-color":"","overlay-gradient":""},"tablet":{"background-color":"","background-image":"","background-repeat":"repeat","background-position":"center center","background-size":"auto","background-attachment":"scroll","background-type":"","background-media":"","overlay-type":"","overlay-color":"","overlay-gradient":""},"mobile":{"background-color":"","background-image":"","background-repeat":"repeat","background-position":"center center","background-size":"auto","background-attachment":"scroll","background-type":"","background-media":"","overlay-type":"","overlay-color":"","overlay-gradient":""}},"ast-content-background-meta":{"desktop":{"background-color":"var(--ast-global-color-5)","background-image":"","background-repeat":"repeat","background-position":"center center","background-size":"auto","background-attachment":"scroll","background-type":"","background-media":"","overlay-type":"","overlay-color":"","overlay-gradient":""},"tablet":{"background-color":"var(--ast-global-color-5)","background-image":"","background-repeat":"repeat","background-position":"center center","background-size":"auto","background-attachment":"scroll","background-type":"","background-media":"","overlay-type":"","overlay-color":"","overlay-gradient":""},"mobile":{"background-color":"var(--ast-global-color-5)","background-image":"","background-repeat":"repeat","background-position":"center center","background-size":"auto","background-attachment":"scroll","background-type":"","background-media":"","overlay-type":"","overlay-color":"","overlay-gradient":""}},"footnotes":""},"uagb_featured_image_src":{"full":false,"thumbnail":false,"medium":false,"medium_large":false,"large":false,"1536x1536":false,"2048x2048":false,"trp-custom-language-flag":false},"uagb_author_info":{"display_name":"SOE","author_link":"https:\/\/supcom.standardof.net\/fr\/author\/k-tastic\/"},"uagb_comment_info":0,"uagb_excerpt":"MERCY &#8211; GUIDED MISSILE The Mercy is exactly what it says: a tiny guided missile. It can&#8217;t recharge fuel, so you have only a short time to throw it at the enemy Commander, which it will kill in four shots. They&#8217;re faster than a bomber and far more deadly, but don&#8217;t waste them on anything&hellip;","_links":{"self":[{"href":"https:\/\/supcom.standardof.net\/fr\/wp-json\/wp\/v2\/pages\/785"}],"collection":[{"href":"https:\/\/supcom.standardof.net\/fr\/wp-json\/wp\/v2\/pages"}],"about":[{"href":"https:\/\/supcom.standardof.net\/fr\/wp-json\/wp\/v2\/types\/page"}],"author":[{"embeddable":true,"href":"https:\/\/supcom.standardof.net\/fr\/wp-json\/wp\/v2\/users\/1"}],"replies":[{"embeddable":true,"href":"https:\/\/supcom.standardof.net\/fr\/wp-json\/wp\/v2\/comments?post=785"}],"version-history":[{"count":0,"href":"https:\/\/supcom.standardof.net\/fr\/wp-json\/wp\/v2\/pages\/785\/revisions"}],"up":[{"embeddable":true,"href":"https:\/\/supcom.standardof.net\/fr\/wp-json\/wp\/v2\/pages\/503"}],"wp:attachment":[{"href":"https:\/\/supcom.standardof.net\/fr\/wp-json\/wp\/v2\/media?parent=785"}],"curies":[{"name":"wp","href":"https:\/\/api.w.org\/{rel}","templated":true}]}}