{"id":787,"date":"2020-11-03T21:32:41","date_gmt":"2020-11-04T02:32:41","guid":{"rendered":"https:\/\/supcom.standardof.net\/?page_id=787"},"modified":"2020-11-04T19:18:44","modified_gmt":"2020-11-05T00:18:44","slug":"tech-1-aeon-air-units","status":"publish","type":"page","link":"https:\/\/supcom.standardof.net\/fr\/supreme-commander\/temps-infini\/tech-1-aeon-air-units\/","title":{"rendered":"Tech 1 - Unit\u00e9s Aeon Air"},"content":{"rendered":"<div class=\"wp-block-uagb-table-of-contents uagb-toc__align-left uagb-toc__columns-1  uagb-block-789229fe\"\n\t\t\t\t\tdata-scroll= \"1\"\n\t\t\t\t\tdata-offset= \"30\"\n\t\t\t\t\tstyle=\"\"\n\t\t\t\t>\n\t\t\t\t<div class=\"uagb-toc__wrap\">\n\t\t\t\t\t\t<div class=\"uagb-toc__title\">\n\t\t\t\t\t\t\tUnit\u00e9s a\u00e9riennes Aeon Tech 1:\t\t\t\t\t\t<\/div>\n\t\t\t\t\t\t\t\t\t\t\t\t\t\t\t\t<div class=\"uagb-toc__list-wrap\">\n\t\t\t\t\t\t<ol class=\"uagb-toc__list\"><li class=\"uagb-toc__list\"><a href=\"#mirage-air-scout\" class=\"uagb-toc-link__trigger\">MIRAGE - AIR SCOUT<\/a><li class=\"uagb-toc__list\"><a href=\"#conservator-interceptor\" class=\"uagb-toc-link__trigger\">CONSERVATEUR - INTERCEPTEUR<\/a><li class=\"uagb-toc__list\"><a href=\"#shimmer-attack-bomber\" class=\"uagb-toc-link__trigger\">SHIMMER - BOMBER D&#039;ATTAQUE<\/a><li class=\"uagb-toc__list\"><a href=\"#chariot-light-air-transport\" class=\"uagb-toc-link__trigger\">CHARIOT - TRANSPORT A\u00c9RIEN L\u00c9GER<\/a><\/ol>\t\t\t\t\t<\/div>\n\t\t\t\t\t\t\t\t\t<\/div>\n\t\t\t\t<\/div>\n\t\t\t\n\n\n<section class=\"wp-block-uagb-columns uagb-columns__wrap uagb-columns__background-undefined uagb-columns__stack-mobile uagb-columns__valign-undefined uagb-columns__gap-10 alignundefined uagb-block-c2a412b8\"><div class=\"uagb-columns__overlay\"><\/div><div class=\"uagb-columns__inner-wrap uagb-columns__columns-1\">\n<div class=\"wp-block-uagb-column uagb-column__wrap uagb-column__background-undefined uagb-block-b527d383\"><div class=\"uagb-column__overlay\"><\/div><div class=\"uagb-column__inner-wrap\">\n<h2 class=\"wp-block-heading\"><strong>MIRAGE <\/strong>- AIR SCOUT<\/h2>\n\n\n\n<p>L&#039;Air Scout est extr\u00eamement bon march\u00e9, et c&#039;est cette vertu qui le rend utile. Alors qu&#039;un intercepteur va souvent plus loin dans une base ennemie, un seul \u00e9claireur a\u00e9rien dans votre file d&#039;attente de construction vous permettra de stocker un ensemble d&#039;\u00e9claireurs qui peuvent sillonner la carte \u00e0 la recherche d&#039;un moyen l\u00e9g\u00e8rement d\u00e9fendu, et pour exactement 1 masse par seconde.<\/p>\n\n\n\n<div class=\"wp-block-image\"><figure class=\"aligncenter size-large\"><a href=\"https:\/\/supcom.standardof.net\/fr\/supreme-commander\/temps-infini\/tech-1-aeon-air-units\/mirage-air-scout-supreme-commander-aeon-tech-1-air-units\/\"><img decoding=\"async\" width=\"800\" height=\"573\" src=\"https:\/\/supcom.standardof.net\/wp-content\/uploads\/sites\/8\/2020\/11\/MIRAGE-AIR-SCOUT-Supreme-Commander-Aeon-Tech-1-Air-Units-800x573.jpg\" alt=\"Le Mirage Air Scout, Aeon Tech 1 Air Unit dans Supreme Commander.\" class=\"wp-image-1003\" srcset=\"https:\/\/supcom.standardof.net\/wp-content\/uploads\/sites\/8\/2020\/11\/MIRAGE-AIR-SCOUT-Supreme-Commander-Aeon-Tech-1-Air-Units-800x573.jpg 800w, https:\/\/supcom.standardof.net\/wp-content\/uploads\/sites\/8\/2020\/11\/MIRAGE-AIR-SCOUT-Supreme-Commander-Aeon-Tech-1-Air-Units-512x367.jpg 512w, https:\/\/supcom.standardof.net\/wp-content\/uploads\/sites\/8\/2020\/11\/MIRAGE-AIR-SCOUT-Supreme-Commander-Aeon-Tech-1-Air-Units-200x143.jpg 200w, https:\/\/supcom.standardof.net\/wp-content\/uploads\/sites\/8\/2020\/11\/MIRAGE-AIR-SCOUT-Supreme-Commander-Aeon-Tech-1-Air-Units-768x550.jpg 768w, https:\/\/supcom.standardof.net\/wp-content\/uploads\/sites\/8\/2020\/11\/MIRAGE-AIR-SCOUT-Supreme-Commander-Aeon-Tech-1-Air-Units-16x12.jpg 16w, https:\/\/supcom.standardof.net\/wp-content\/uploads\/sites\/8\/2020\/11\/MIRAGE-AIR-SCOUT-Supreme-Commander-Aeon-Tech-1-Air-Units.jpg 834w\" sizes=\"(max-width: 800px) 100vw, 800px\" \/><\/a><figcaption>MIRAGE - AIR SCOUT<\/figcaption><\/figure><\/div>\n\n\n\n<section class=\"wp-block-uagb-columns uagb-columns__wrap uagb-columns__background-undefined uagb-columns__stack-mobile uagb-columns__valign-undefined uagb-columns__gap-10 alignundefined uagb-block-48b87f34\"><div class=\"uagb-columns__overlay\"><\/div><div class=\"uagb-columns__inner-wrap uagb-columns__columns-2\">\n<div class=\"wp-block-uagb-column uagb-column__wrap uagb-column__background-undefined uagb-block-46ed8a63\"><div class=\"uagb-column__overlay\"><\/div><div class=\"uagb-column__inner-wrap\">\n<h3 class=\"wp-block-heading\">Statistiques de Mirage<\/h3>\n\n\n\n<p>Armure: 3hp (l\u00e9ger)<br>Co\u00fbt: M16, E640, T160<br>Intel: vue: 70 (1.37km)<br>La physique:<br>- vitesse max: 17 (332m \/ s)<br>- taux de virage: 100<br>- d\u00e9nivel\u00e9: 20 (391m)<br>Classe de transport: 1<br>- v\u00e9t\u00e9ran niveau 2: +1 hp,<br>- v\u00e9t\u00e9ran niveau 4: +1 hp,<br>- v\u00e9t\u00e9ran niveau 5: r\u00e9parer 1 hp \/ s<\/p>\n<\/div><\/div>\n\n\n\n<div class=\"wp-block-uagb-column uagb-column__wrap uagb-column__background-undefined uagb-block-7b8d7bef\"><div class=\"uagb-column__overlay\"><\/div><div class=\"uagb-column__inner-wrap\">\n<h3 class=\"wp-block-heading\">Armes de mirage<\/h3>\n\n\n\n<p>Crash a\u00e9rien (mort):<br>10 d\u00e9g\u00e2ts<br>superficie: 1 (19,5 m)<\/p>\n<\/div><\/div>\n<\/div><\/section>\n<\/div><\/div>\n<\/div><\/section>\n\n\n\n<section class=\"wp-block-uagb-columns uagb-columns__wrap uagb-columns__background-undefined uagb-columns__stack-mobile uagb-columns__valign-undefined uagb-columns__gap-10 alignundefined uagb-block-2f53e8f4\"><div class=\"uagb-columns__overlay\"><\/div><div class=\"uagb-columns__inner-wrap uagb-columns__columns-1\">\n<div class=\"wp-block-uagb-column uagb-column__wrap uagb-column__background-undefined uagb-block-9dbd4722\"><div class=\"uagb-column__overlay\"><\/div><div class=\"uagb-column__inner-wrap\">\n<h2 class=\"wp-block-heading\"><strong>CONSERVATEUR <\/strong>- INTERCEPTEUR<\/h2>\n\n\n\n<p>Les intercepteurs sont le pain et le beurre de votre d\u00e9fense a\u00e9rienne. Ils sont rapides, efficaces et bon march\u00e9, ce qui signifie que vous pouvez configurer les ing\u00e9nieurs pour qu&#039;ils construisent davantage sans avoir \u00e0 interrompre vos autres projets. Je recommande d&#039;avoir un ensemble Air Factory pour construire des intercepteurs infinis pour tout le jeu.<\/p>\n\n\n\n<div class=\"wp-block-image\"><figure class=\"aligncenter size-large\"><a href=\"https:\/\/supcom.standardof.net\/fr\/supreme-commander\/temps-infini\/tech-1-aeon-air-units\/conservator-interceptor-supreme-commander-aeon-tech-1-air-units\/\"><img decoding=\"async\" width=\"714\" height=\"429\" src=\"https:\/\/supcom.standardof.net\/wp-content\/uploads\/sites\/8\/2020\/11\/CONSERVATOR-INTERCEPTOR-Supreme-Commander-Aeon-Tech-1-Air-Units.jpg\" alt=\"The Conservator Interceptor, Aeon Tech 1 Air Unit dans Supreme Commander.\" class=\"wp-image-1006\" srcset=\"https:\/\/supcom.standardof.net\/wp-content\/uploads\/sites\/8\/2020\/11\/CONSERVATOR-INTERCEPTOR-Supreme-Commander-Aeon-Tech-1-Air-Units.jpg 714w, https:\/\/supcom.standardof.net\/wp-content\/uploads\/sites\/8\/2020\/11\/CONSERVATOR-INTERCEPTOR-Supreme-Commander-Aeon-Tech-1-Air-Units-512x308.jpg 512w, https:\/\/supcom.standardof.net\/wp-content\/uploads\/sites\/8\/2020\/11\/CONSERVATOR-INTERCEPTOR-Supreme-Commander-Aeon-Tech-1-Air-Units-200x120.jpg 200w, https:\/\/supcom.standardof.net\/wp-content\/uploads\/sites\/8\/2020\/11\/CONSERVATOR-INTERCEPTOR-Supreme-Commander-Aeon-Tech-1-Air-Units-16x10.jpg 16w\" sizes=\"(max-width: 714px) 100vw, 714px\" \/><\/a><figcaption>CONSERVATEUR - INTERCEPTEUR<\/figcaption><\/figure><\/div>\n\n\n\n<section class=\"wp-block-uagb-columns uagb-columns__wrap uagb-columns__background-undefined uagb-columns__stack-mobile uagb-columns__valign-undefined uagb-columns__gap-10 alignundefined uagb-block-760ecc45\"><div class=\"uagb-columns__overlay\"><\/div><div class=\"uagb-columns__inner-wrap uagb-columns__columns-2\">\n<div class=\"wp-block-uagb-column uagb-column__wrap uagb-column__background-undefined uagb-block-c87a93cd\"><div class=\"uagb-column__overlay\"><\/div><div class=\"uagb-column__inner-wrap\">\n<h3 class=\"wp-block-heading\">Statistiques du restaurateur<\/h3>\n\n\n\n<p>Armure: 18hp (l\u00e9ger)<br>Co\u00fbt: M38, E2280, T380<br>Intel: vue: 32 (625m)<br>La physique:<br>- vitesse max: 19 (371m \/ s)<br>- d\u00e9nivel\u00e9: 18 (352m)<br>- distance d&#039;engagement: 50 (977m)<br>Classe de transport: 1<br>V\u00e9t\u00e9ran: 5, 10, 25, 50, 100 victimes<br>- v\u00e9t\u00e9ran niveau 2: +5 ch<br>- v\u00e9t\u00e9ran niveau 4: +5 ch<br>- v\u00e9t\u00e9ran niveau 5: r\u00e9parer 1 hp \/ s<\/p>\n<\/div><\/div>\n\n\n\n<div class=\"wp-block-uagb-column uagb-column__wrap uagb-column__background-undefined uagb-block-b88dded1\"><div class=\"uagb-column__overlay\"><\/div><div class=\"uagb-column__inner-wrap\">\n<h3 class=\"wp-block-heading\">Armes de conservateur<\/h3>\n\n\n\n<p>2x Batterie Sonic Pulse (Anti Air):<br>10,20 dps<br>port\u00e9e: 20 (391m)<br>arme \u00e0 projectile:<br>4 d\u00e9g\u00e2ts x 3 projectiles = 12 d\u00e9g\u00e2ts par salve<br>cadence de tir: 0,85 (toutes les 1,18 s)<br>v\u00e9t\u00e9ran niveau 1: +1 d\u00e9g\u00e2ts<br>v\u00e9t\u00e9ran niveau 3: +1 d\u00e9g\u00e2ts<\/p>\n\n\n\n<p>Crash a\u00e9rien (mort):<br>25 d\u00e9g\u00e2ts<br>superficie: 1 (19,5 m)<\/p>\n<\/div><\/div>\n<\/div><\/section>\n<\/div><\/div>\n<\/div><\/section>\n\n\n\n<section class=\"wp-block-uagb-columns uagb-columns__wrap uagb-columns__background-undefined uagb-columns__stack-mobile uagb-columns__valign-undefined uagb-columns__gap-10 alignundefined uagb-block-0c99dac8\"><div class=\"uagb-columns__overlay\"><\/div><div class=\"uagb-columns__inner-wrap uagb-columns__columns-1\">\n<div class=\"wp-block-uagb-column uagb-column__wrap uagb-column__background-undefined uagb-block-509135f2\"><div class=\"uagb-column__overlay\"><\/div><div class=\"uagb-column__inner-wrap\">\n<h2 class=\"wp-block-heading\"><strong>MIROITER <\/strong>- BOMBER D&#039;ATTAQUE<\/h2>\n\n\n\n<p>Le bombardier d&#039;attaque Aeon est terne par rapport aux autres. La bombe a une bonne zone d&#039;effet, mais elle ne l\u00e2che qu&#039;une seule bombe au lieu du groupe de tirs que les autres bombardiers tirent, ce qui la rend moins susceptible de toucher des unit\u00e9s terrestres et moins puissante dans l&#039;ensemble contre de grandes structures. Bien s\u00fbr, quelques bombardiers envoy\u00e9s pour harceler les troupes ennemies sont un excellent app\u00e2t pour les intercepteurs ennemis, ou peuvent m\u00eame le faire paniquer et commencer \u00e0 construire trop d&#039;unit\u00e9s anti-a\u00e9riennes - ce que vous voulez, car vous \u00eates en mesure de vous concentrer sur mieux des choses.<\/p>\n\n\n\n<div class=\"wp-block-image\"><figure class=\"aligncenter size-large\"><a href=\"https:\/\/supcom.standardof.net\/fr\/supreme-commander\/temps-infini\/tech-1-aeon-air-units\/shimmer-attack-bomber-supreme-commander-aeon-tech-1-air-units\/\"><img decoding=\"async\" width=\"800\" height=\"441\" src=\"https:\/\/supcom.standardof.net\/wp-content\/uploads\/sites\/8\/2020\/11\/SHIMMER-ATTACK-BOMBER-Supreme-Commander-Aeon-Tech-1-Air-Units-800x441.jpg\" alt=\"Le bombardier d&#039;attaque Shimmer, unit\u00e9 a\u00e9rienne Aeon Tech 1 dans Supreme Commander.\" class=\"wp-image-1004\" srcset=\"https:\/\/supcom.standardof.net\/wp-content\/uploads\/sites\/8\/2020\/11\/SHIMMER-ATTACK-BOMBER-Supreme-Commander-Aeon-Tech-1-Air-Units-800x441.jpg 800w, https:\/\/supcom.standardof.net\/wp-content\/uploads\/sites\/8\/2020\/11\/SHIMMER-ATTACK-BOMBER-Supreme-Commander-Aeon-Tech-1-Air-Units-512x282.jpg 512w, https:\/\/supcom.standardof.net\/wp-content\/uploads\/sites\/8\/2020\/11\/SHIMMER-ATTACK-BOMBER-Supreme-Commander-Aeon-Tech-1-Air-Units-200x110.jpg 200w, https:\/\/supcom.standardof.net\/wp-content\/uploads\/sites\/8\/2020\/11\/SHIMMER-ATTACK-BOMBER-Supreme-Commander-Aeon-Tech-1-Air-Units-768x423.jpg 768w, https:\/\/supcom.standardof.net\/wp-content\/uploads\/sites\/8\/2020\/11\/SHIMMER-ATTACK-BOMBER-Supreme-Commander-Aeon-Tech-1-Air-Units-16x9.jpg 16w, https:\/\/supcom.standardof.net\/wp-content\/uploads\/sites\/8\/2020\/11\/SHIMMER-ATTACK-BOMBER-Supreme-Commander-Aeon-Tech-1-Air-Units.jpg 1257w\" sizes=\"(max-width: 800px) 100vw, 800px\" \/><\/a><figcaption>SHIMMER - BOMBER D&#039;ATTAQUE<\/figcaption><\/figure><\/div>\n\n\n\n<section class=\"wp-block-uagb-columns uagb-columns__wrap uagb-columns__background-undefined uagb-columns__stack-mobile uagb-columns__valign-undefined uagb-columns__gap-10 alignundefined uagb-block-961951a9\"><div class=\"uagb-columns__overlay\"><\/div><div class=\"uagb-columns__inner-wrap uagb-columns__columns-2\">\n<div class=\"wp-block-uagb-column uagb-column__wrap uagb-column__background-undefined uagb-block-44fd905b\"><div class=\"uagb-column__overlay\"><\/div><div class=\"uagb-column__inner-wrap\">\n<h3 class=\"wp-block-heading\">Statistiques chatoyantes<\/h3>\n\n\n\n<p>Armure: 18hp (l\u00e9ger)<br>Abilities: Stun Shot: Ordonnance \u00e9tourdit les ennemis<br>Co\u00fbt: M144, E2880, T480<br>Intel: vue: 32 (625m)<br>La physique:<br>- vitesse max: 12 (234m \/ s)<br>- d\u00e9nivel\u00e9: 18 (352m)<br>- distance d&#039;engagement: 50 (977m)<br>Classe de transport: 2<br>V\u00e9t\u00e9ran: 5, 10, 25, 50, 100 victimes<br>- v\u00e9t\u00e9ran niveau 2: +5 ch<br>- v\u00e9t\u00e9ran niveau 4: +5 ch<br>- v\u00e9t\u00e9ran niveau 5: r\u00e9parer 1 hp \/ s<\/p>\n<\/div><\/div>\n\n\n\n<div class=\"wp-block-uagb-column uagb-column__wrap uagb-column__background-undefined uagb-block-a2c67bf7\"><div class=\"uagb-column__overlay\"><\/div><div class=\"uagb-column__inner-wrap\">\n<h3 class=\"wp-block-heading\">Armes chatoyantes<\/h3>\n\n\n\n<p>Bombe \u00e0 graviton (bombe):<br>100,00 dps<br>superficie: 4 (78,1m)<br>port\u00e9e: 2 (39,1 m)<br>arme \u00e0 projectile: 200 d\u00e9g\u00e2ts<br>cadence de tir: 0,5 (toutes les 2 s)<br>v\u00e9t\u00e9ran niveau 1: +50 d\u00e9g\u00e2ts<br>v\u00e9t\u00e9ran niveau 3: +50 d\u00e9g\u00e2ts<\/p>\n\n\n\n<p>Crash a\u00e9rien (mort):<br>100 d\u00e9g\u00e2ts<br>superficie: 1 (19,5 m)<\/p>\n<\/div><\/div>\n<\/div><\/section>\n<\/div><\/div>\n<\/div><\/section>\n\n\n\n<section class=\"wp-block-uagb-columns uagb-columns__wrap uagb-columns__background-undefined uagb-columns__stack-mobile uagb-columns__valign-undefined uagb-columns__gap-10 alignundefined uagb-block-9f9f402b\"><div class=\"uagb-columns__overlay\"><\/div><div class=\"uagb-columns__inner-wrap uagb-columns__columns-1\">\n<div class=\"wp-block-uagb-column uagb-column__wrap uagb-column__background-undefined uagb-block-e203435a\"><div class=\"uagb-column__overlay\"><\/div><div class=\"uagb-column__inner-wrap\">\n<h2 class=\"wp-block-heading\"><strong>CHAR <\/strong>- TRANSPORT A\u00c9RIEN L\u00c9GER<\/h2>\n\n\n\n<p>L&#039;avantage d&#039;avoir un transport a\u00e9rien pr\u00e9coce est double: vous pouvez transporter par avion vos robots d&#039;assaut et avoir un vaisseau de combat volant pour tuer les forces ennemies T1, ou vous pouvez faire des largages plus p\u00e9rilleux d&#039;unit\u00e9s ou d&#039;ing\u00e9nieurs derri\u00e8re les lignes ennemies. Ne comptez pas sur eux pour vivre au-del\u00e0 d&#039;une goutte, cependant; ils sont principalement l\u00e0 pour semer la peur dans le c\u0153ur de vos ennemis plut\u00f4t que pour livrer la victoire. Il transporte 6 unit\u00e9s T1, 3 unit\u00e9s T2 ou 1 unit\u00e9 T3.<\/p>\n\n\n\n<div class=\"wp-block-image\"><figure class=\"aligncenter size-large\"><a href=\"https:\/\/supcom.standardof.net\/fr\/supreme-commander\/temps-infini\/tech-1-aeon-air-units\/chariot-light-air-transport-supreme-commander-aeon-tech-1-air-units\/\"><img decoding=\"async\" width=\"792\" height=\"522\" src=\"https:\/\/supcom.standardof.net\/wp-content\/uploads\/sites\/8\/2020\/11\/CHARIOT-LIGHT-AIR-TRANSPORT-Supreme-Commander-Aeon-Tech-1-Air-Units.jpg\" alt=\"Le Chariot Light Air Transport, Aeon Tech 1 Air Unit dans Supreme Commander.\" class=\"wp-image-1005\" srcset=\"https:\/\/supcom.standardof.net\/wp-content\/uploads\/sites\/8\/2020\/11\/CHARIOT-LIGHT-AIR-TRANSPORT-Supreme-Commander-Aeon-Tech-1-Air-Units.jpg 792w, https:\/\/supcom.standardof.net\/wp-content\/uploads\/sites\/8\/2020\/11\/CHARIOT-LIGHT-AIR-TRANSPORT-Supreme-Commander-Aeon-Tech-1-Air-Units-512x337.jpg 512w, https:\/\/supcom.standardof.net\/wp-content\/uploads\/sites\/8\/2020\/11\/CHARIOT-LIGHT-AIR-TRANSPORT-Supreme-Commander-Aeon-Tech-1-Air-Units-200x132.jpg 200w, https:\/\/supcom.standardof.net\/wp-content\/uploads\/sites\/8\/2020\/11\/CHARIOT-LIGHT-AIR-TRANSPORT-Supreme-Commander-Aeon-Tech-1-Air-Units-768x506.jpg 768w, https:\/\/supcom.standardof.net\/wp-content\/uploads\/sites\/8\/2020\/11\/CHARIOT-LIGHT-AIR-TRANSPORT-Supreme-Commander-Aeon-Tech-1-Air-Units-16x12.jpg 16w\" sizes=\"(max-width: 792px) 100vw, 792px\" \/><\/a><figcaption>CHARIOT - TRANSPORT A\u00c9RIEN L\u00c9GER<\/figcaption><\/figure><\/div>\n\n\n\n<section class=\"wp-block-uagb-columns uagb-columns__wrap uagb-columns__background-undefined uagb-columns__stack-mobile uagb-columns__valign-undefined uagb-columns__gap-10 alignundefined uagb-block-a091402f\"><div class=\"uagb-columns__overlay\"><\/div><div class=\"uagb-columns__inner-wrap uagb-columns__columns-2\">\n<div class=\"wp-block-uagb-column uagb-column__wrap uagb-column__background-undefined uagb-block-4f987371\"><div class=\"uagb-column__overlay\"><\/div><div class=\"uagb-column__inner-wrap\">\n<h3 class=\"wp-block-heading\">Statistiques de chars<\/h3>\n\n\n\n<p>Armure: 90hp (l\u00e9ger)<br>Capacit\u00e9s: Transport T1: Transporte des unit\u00e9s terrestres T1-T3<br>Co\u00fbt: M120, E4800, T600<br>Intel: vue: 32 (625m)<br>La physique:<br>vitesse max: 15 (293m \/ s)<br>d\u00e9nivel\u00e9: 8 (156m)<br>Classe de transport: 10<br>taille d&#039;attache de classe 2: 2<br>taille d&#039;attache de classe 3: 4<br>v\u00e9t\u00e9ran niveau 2: +23 pv<br>v\u00e9t\u00e9ran niveau 4: +23 pv<br>v\u00e9t\u00e9ran niveau 5: r\u00e9paration 1 hp \/ s<\/p>\n<\/div><\/div>\n\n\n\n<div class=\"wp-block-uagb-column uagb-column__wrap uagb-column__background-undefined uagb-block-aa97c7c2\"><div class=\"uagb-column__overlay\"><\/div><div class=\"uagb-column__inner-wrap\"><\/div><\/div>\n<\/div><\/section>\n<\/div><\/div>\n<\/div><\/section>","protected":false},"excerpt":{"rendered":"<p>MIRAGE &#8211; AIR SCOUT The Air Scout is extremely inexpensive, and it&#8217;s this virtue that makes it useful. While an interceptor will often get farther into an enemy base, a single air scout in your build queue will let you stockpile a set of scouts that can crisscross the map looking for a lightly defended [&hellip;]<\/p>","protected":false},"author":1,"featured_media":0,"parent":503,"menu_order":0,"comment_status":"open","ping_status":"closed","template":"","meta":{"_uag_custom_page_level_css":"","site-sidebar-layout":"default","site-content-layout":"default","ast-site-content-layout":"","site-content-style":"default","site-sidebar-style":"default","ast-global-header-display":"","ast-banner-title-visibility":"","ast-main-header-display":"","ast-hfb-above-header-display":"","ast-hfb-below-header-display":"","ast-hfb-mobile-header-display":"","site-post-title":"","ast-breadcrumbs-content":"","ast-featured-img":"","footer-sml-layout":"","theme-transparent-header-meta":"default","adv-header-id-meta":"","stick-header-meta":"","header-above-stick-meta":"","header-main-stick-meta":"","header-below-stick-meta":"","astra-migrate-meta-layouts":"default","ast-page-background-enabled":"default","ast-page-background-meta":{"desktop":{"background-color":"","background-image":"","background-repeat":"repeat","background-position":"center center","background-size":"auto","background-attachment":"scroll","background-type":"","background-media":"","overlay-type":"","overlay-color":"","overlay-gradient":""},"tablet":{"background-color":"","background-image":"","background-repeat":"repeat","background-position":"center center","background-size":"auto","background-attachment":"scroll","background-type":"","background-media":"","overlay-type":"","overlay-color":"","overlay-gradient":""},"mobile":{"background-color":"","background-image":"","background-repeat":"repeat","background-position":"center center","background-size":"auto","background-attachment":"scroll","background-type":"","background-media":"","overlay-type":"","overlay-color":"","overlay-gradient":""}},"ast-content-background-meta":{"desktop":{"background-color":"var(--ast-global-color-5)","background-image":"","background-repeat":"repeat","background-position":"center center","background-size":"auto","background-attachment":"scroll","background-type":"","background-media":"","overlay-type":"","overlay-color":"","overlay-gradient":""},"tablet":{"background-color":"var(--ast-global-color-5)","background-image":"","background-repeat":"repeat","background-position":"center center","background-size":"auto","background-attachment":"scroll","background-type":"","background-media":"","overlay-type":"","overlay-color":"","overlay-gradient":""},"mobile":{"background-color":"var(--ast-global-color-5)","background-image":"","background-repeat":"repeat","background-position":"center center","background-size":"auto","background-attachment":"scroll","background-type":"","background-media":"","overlay-type":"","overlay-color":"","overlay-gradient":""}},"footnotes":""},"uagb_featured_image_src":{"full":false,"thumbnail":false,"medium":false,"medium_large":false,"large":false,"1536x1536":false,"2048x2048":false,"trp-custom-language-flag":false},"uagb_author_info":{"display_name":"SOE","author_link":"https:\/\/supcom.standardof.net\/fr\/author\/k-tastic\/"},"uagb_comment_info":0,"uagb_excerpt":"MIRAGE &#8211; AIR SCOUT The Air Scout is extremely inexpensive, and it&#8217;s this virtue that makes it useful. While an interceptor will often get farther into an enemy base, a single air scout in your build queue will let you stockpile a set of scouts that can crisscross the map looking for a lightly defended&hellip;","_links":{"self":[{"href":"https:\/\/supcom.standardof.net\/fr\/wp-json\/wp\/v2\/pages\/787"}],"collection":[{"href":"https:\/\/supcom.standardof.net\/fr\/wp-json\/wp\/v2\/pages"}],"about":[{"href":"https:\/\/supcom.standardof.net\/fr\/wp-json\/wp\/v2\/types\/page"}],"author":[{"embeddable":true,"href":"https:\/\/supcom.standardof.net\/fr\/wp-json\/wp\/v2\/users\/1"}],"replies":[{"embeddable":true,"href":"https:\/\/supcom.standardof.net\/fr\/wp-json\/wp\/v2\/comments?post=787"}],"version-history":[{"count":0,"href":"https:\/\/supcom.standardof.net\/fr\/wp-json\/wp\/v2\/pages\/787\/revisions"}],"up":[{"embeddable":true,"href":"https:\/\/supcom.standardof.net\/fr\/wp-json\/wp\/v2\/pages\/503"}],"wp:attachment":[{"href":"https:\/\/supcom.standardof.net\/fr\/wp-json\/wp\/v2\/media?parent=787"}],"curies":[{"name":"wp","href":"https:\/\/api.w.org\/{rel}","templated":true}]}}