{"id":790,"date":"2020-11-03T21:40:10","date_gmt":"2020-11-04T02:40:10","guid":{"rendered":"https:\/\/supcom.standardof.net\/?page_id=790"},"modified":"2020-11-04T18:15:46","modified_gmt":"2020-11-04T23:15:46","slug":"tech-3-aeon-land-units","status":"publish","type":"page","link":"https:\/\/supcom.standardof.net\/fr\/supreme-commander\/temps-infini\/tech-3-aeon-land-units\/","title":{"rendered":"Tech 3 - Unit\u00e9s terrestres Aeon"},"content":{"rendered":"<div class=\"wp-block-uagb-table-of-contents uagb-toc__align-left uagb-toc__columns-1  uagb-block-00104c79\"\n\t\t\t\t\tdata-scroll= \"1\"\n\t\t\t\t\tdata-offset= \"30\"\n\t\t\t\t\tstyle=\"\"\n\t\t\t\t>\n\t\t\t\t<div class=\"uagb-toc__wrap\">\n\t\t\t\t\t\t<div class=\"uagb-toc__title\">\n\t\t\t\t\t\t\tUnit\u00e9s terrestres Aeon Tech 3:\t\t\t\t\t\t<\/div>\n\t\t\t\t\t\t\t\t\t\t\t\t\t\t\t\t<div class=\"uagb-toc__list-wrap\">\n\t\t\t\t\t\t<ol class=\"uagb-toc__list\"><li class=\"uagb-toc__list\"><a href=\"#engineer-tech-3-constructor\" class=\"uagb-toc-link__trigger\">ING\u00c9NIEUR - CONSTRUCTEUR TECH 3<\/a><li class=\"uagb-toc__list\"><a href=\"#harbinger-siege-assault-bot\" class=\"uagb-toc-link__trigger\">HARBINGER - BOT D&#039;ASSAUT DE SI\u00c8GE<\/a><li class=\"uagb-toc__list\"><a href=\"#serenity-mobile-heavy-artillery\" class=\"uagb-toc-link__trigger\">SERENITY - ARTILLERIE LOURDE MOBILE<\/a><li class=\"uagb-toc__list\"><a href=\"#absolver-tech-3-shield-disruptor\" class=\"uagb-toc-link__trigger\">ABSOLVER - DISRUPTEUR TECH 3 SHIELD<\/a><\/ol>\t\t\t\t\t<\/div>\n\t\t\t\t\t\t\t\t\t<\/div>\n\t\t\t\t<\/div>\n\t\t\t\n\n\n<section class=\"wp-block-uagb-columns uagb-columns__wrap uagb-columns__background-undefined uagb-columns__stack-mobile uagb-columns__valign-undefined uagb-columns__gap-10 alignundefined uagb-block-4ca7a1bb\"><div class=\"uagb-columns__overlay\"><\/div><div class=\"uagb-columns__inner-wrap uagb-columns__columns-1\">\n<div class=\"wp-block-uagb-column uagb-column__wrap uagb-column__background-undefined uagb-block-95a113b0\"><div class=\"uagb-column__overlay\"><\/div><div class=\"uagb-column__inner-wrap\">\n<h2 class=\"wp-block-heading\"><strong>ING\u00c9NIEUR <\/strong>- CONSTRUCTEUR TECH 3<\/h2>\n\n\n\n<p>L&#039;ing\u00e9nieur T3 se pr\u00e9sente beaucoup plus fr\u00e9quemment que les autres ing\u00e9nieurs; on devrait toujours \u00eatre la premi\u00e8re chose \u00e0 sortir de votre usine. Ils peuvent relancer votre \u00e9conomie, aider les usines \u00e0 un rythme utile et vous mettre dans la phase finale. Il n&#039;est jamais mauvais d&#039;avoir trop d&#039;ing\u00e9nieurs. De plus, s&#039;ils sont envoy\u00e9s pour construire des d\u00e9fenses ou r\u00e9parer une cible cruciale, ils dureront beaucoup plus longtemps sous le feu ennemi. Malheureusement, ces gars sont tr\u00e8s lents et leur sacrifice ne vaut vraiment pas le prix.<\/p>\n\n\n\n<div class=\"wp-block-image\"><figure class=\"aligncenter size-large\"><a href=\"https:\/\/supcom.standardof.net\/fr\/supreme-commander\/temps-infini\/tech-3-aeon-land-units\/engineer-tech-3-constructor-supreme-commander-aeon-tech-2-land-units\/\"><img decoding=\"async\" width=\"800\" height=\"601\" src=\"https:\/\/supcom.standardof.net\/wp-content\/uploads\/sites\/8\/2020\/11\/ENGINEER-TECH-3-CONSTRUCTOR-Supreme-Commander-Aeon-Tech-2-Land-Units-800x601.jpg\" alt=\"L&#039;ing\u00e9nieur T3, unit\u00e9 terrestre Aeon Tech 3 en commandant supr\u00eame.\" class=\"wp-image-998\" srcset=\"https:\/\/supcom.standardof.net\/wp-content\/uploads\/sites\/8\/2020\/11\/ENGINEER-TECH-3-CONSTRUCTOR-Supreme-Commander-Aeon-Tech-2-Land-Units-800x601.jpg 800w, https:\/\/supcom.standardof.net\/wp-content\/uploads\/sites\/8\/2020\/11\/ENGINEER-TECH-3-CONSTRUCTOR-Supreme-Commander-Aeon-Tech-2-Land-Units-512x385.jpg 512w, https:\/\/supcom.standardof.net\/wp-content\/uploads\/sites\/8\/2020\/11\/ENGINEER-TECH-3-CONSTRUCTOR-Supreme-Commander-Aeon-Tech-2-Land-Units-200x150.jpg 200w, https:\/\/supcom.standardof.net\/wp-content\/uploads\/sites\/8\/2020\/11\/ENGINEER-TECH-3-CONSTRUCTOR-Supreme-Commander-Aeon-Tech-2-Land-Units-768x577.jpg 768w, https:\/\/supcom.standardof.net\/wp-content\/uploads\/sites\/8\/2020\/11\/ENGINEER-TECH-3-CONSTRUCTOR-Supreme-Commander-Aeon-Tech-2-Land-Units-16x12.jpg 16w, https:\/\/supcom.standardof.net\/wp-content\/uploads\/sites\/8\/2020\/11\/ENGINEER-TECH-3-CONSTRUCTOR-Supreme-Commander-Aeon-Tech-2-Land-Units.jpg 990w\" sizes=\"(max-width: 800px) 100vw, 800px\" \/><\/a><figcaption>ING\u00c9NIEUR - CONSTRUCTEUR TECH 3<\/figcaption><\/figure><\/div>\n\n\n\n<section class=\"wp-block-uagb-columns uagb-columns__wrap uagb-columns__background-undefined uagb-columns__stack-mobile uagb-columns__valign-undefined uagb-columns__gap-10 alignundefined uagb-block-4c5601a5\"><div class=\"uagb-columns__overlay\"><\/div><div class=\"uagb-columns__inner-wrap uagb-columns__columns-2\">\n<div class=\"wp-block-uagb-column uagb-column__wrap uagb-column__background-undefined uagb-block-c6de7451\"><div class=\"uagb-column__overlay\"><\/div><div class=\"uagb-column__inner-wrap\">\n<h3 class=\"wp-block-heading\">Statistiques de l&#039;ing\u00e9nieur T3<\/h3>\n\n\n\n<p>Armure: 1050hp<br>Capacit\u00e9s: Suite d&#039;ing\u00e9nierie, Hover, Sacrifice<br>Co\u00fbt: M448 (stockage: 10), E3200 (stockage: 100), T960<br>- taux de construction: 15<br>sacrifice M269 (60.0%)<br>Intel: vue: 26 (508m)<br>La physique:<br>- vitesse max: 1,8 (35,2 m \/ s)<br>- taux de virage: 70<br>Classe de transport: 3<br>- v\u00e9t\u00e9ran niveau 2: +263 ch<br>- v\u00e9t\u00e9ran niveau 4: +263 ch<br>- v\u00e9t\u00e9ran niveau 5: r\u00e9parer 2 hp \/ s<\/p>\n<\/div><\/div>\n\n\n\n<div class=\"wp-block-uagb-column uagb-column__wrap uagb-column__background-undefined uagb-block-ac46cff4\"><div class=\"uagb-column__overlay\"><\/div><div class=\"uagb-column__inner-wrap\"><\/div><\/div>\n<\/div><\/section>\n<\/div><\/div>\n<\/div><\/section>\n\n\n\n<section class=\"wp-block-uagb-columns uagb-columns__wrap uagb-columns__background-undefined uagb-columns__stack-mobile uagb-columns__valign-undefined uagb-columns__gap-10 alignundefined uagb-block-9adeab8d\"><div class=\"uagb-columns__overlay\"><\/div><div class=\"uagb-columns__inner-wrap uagb-columns__columns-1\">\n<div class=\"wp-block-uagb-column uagb-column__wrap uagb-column__background-undefined uagb-block-a6fd3e81\"><div class=\"uagb-column__overlay\"><\/div><div class=\"uagb-column__inner-wrap\">\n<h2 class=\"wp-block-heading\"><strong>PR\u00c9SAGE <\/strong>- BOT D&#039;ASSAUT DE SI\u00c8GE<\/h2>\n\n\n\n<p>Bien que le laser du Harbinger soit consid\u00e9rablement plus faible que les bots de si\u00e8ge UEF ou Cybran, sa capacit\u00e9 de r\u00e9paration et son incroyable sant\u00e9 le compensent largement. Les harbingers peuvent aider les ing\u00e9nieurs et r\u00e9ellement faire une diff\u00e9rence tout en prot\u00e9geant votre base avanc\u00e9e; ils peuvent se r\u00e9parer une fois la poussi\u00e8re retomb\u00e9e; ils peuvent survivre aux coups les plus lourds et sortir victorieux contre d&#039;autres robots de si\u00e8ge, surtout si vous les soutenez avec des unit\u00e9s T2. Les premi\u00e8res forces terrestres d&#039;Aeon sont relativement faibles, alors essayez de les avoir d\u00e8s que possible.<\/p>\n\n\n\n<div class=\"wp-block-image\"><figure class=\"aligncenter size-large\"><a href=\"https:\/\/supcom.standardof.net\/fr\/supreme-commander\/temps-infini\/tech-3-aeon-land-units\/harbinger-siege-assault-bot-supreme-commander-aeon-tech-2-land-units\/\"><img decoding=\"async\" width=\"800\" height=\"638\" src=\"https:\/\/supcom.standardof.net\/wp-content\/uploads\/sites\/8\/2020\/11\/HARBINGER-SIEGE-ASSAULT-BOT-Supreme-Commander-Aeon-Tech-2-Land-Units-800x638.jpg\" alt=\"Le robot d&#039;assaut Harbringer Siege, unit\u00e9 terrestre Aeon Tech 3 dans Supreme Commander.\" class=\"wp-image-999\" srcset=\"https:\/\/supcom.standardof.net\/wp-content\/uploads\/sites\/8\/2020\/11\/HARBINGER-SIEGE-ASSAULT-BOT-Supreme-Commander-Aeon-Tech-2-Land-Units-800x638.jpg 800w, https:\/\/supcom.standardof.net\/wp-content\/uploads\/sites\/8\/2020\/11\/HARBINGER-SIEGE-ASSAULT-BOT-Supreme-Commander-Aeon-Tech-2-Land-Units-512x409.jpg 512w, https:\/\/supcom.standardof.net\/wp-content\/uploads\/sites\/8\/2020\/11\/HARBINGER-SIEGE-ASSAULT-BOT-Supreme-Commander-Aeon-Tech-2-Land-Units-200x160.jpg 200w, https:\/\/supcom.standardof.net\/wp-content\/uploads\/sites\/8\/2020\/11\/HARBINGER-SIEGE-ASSAULT-BOT-Supreme-Commander-Aeon-Tech-2-Land-Units-768x613.jpg 768w, https:\/\/supcom.standardof.net\/wp-content\/uploads\/sites\/8\/2020\/11\/HARBINGER-SIEGE-ASSAULT-BOT-Supreme-Commander-Aeon-Tech-2-Land-Units-16x12.jpg 16w, https:\/\/supcom.standardof.net\/wp-content\/uploads\/sites\/8\/2020\/11\/HARBINGER-SIEGE-ASSAULT-BOT-Supreme-Commander-Aeon-Tech-2-Land-Units.jpg 846w\" sizes=\"(max-width: 800px) 100vw, 800px\" \/><\/a><figcaption>HARBINGER - BOT D&#039;ASSAUT DE SI\u00c8GE<\/figcaption><\/figure><\/div>\n\n\n\n<section class=\"wp-block-uagb-columns uagb-columns__wrap uagb-columns__background-undefined uagb-columns__stack-mobile uagb-columns__valign-undefined uagb-columns__gap-10 alignundefined uagb-block-1944c477\"><div class=\"uagb-columns__overlay\"><\/div><div class=\"uagb-columns__inner-wrap uagb-columns__columns-2\">\n<div class=\"wp-block-uagb-column uagb-column__wrap uagb-column__background-undefined uagb-block-58ce0757\"><div class=\"uagb-column__overlay\"><\/div><div class=\"uagb-column__inner-wrap\">\n<h3 class=\"wp-block-heading\">Statistiques de Harbringer<\/h3>\n\n\n\n<p>Armure: 5100hp<br>Capacit\u00e9s: r\u00e9parations, r\u00e9cup\u00e9rations<br>Co\u00fbt: M510, E3420, T1200<br>- taux de construction: 3<br>Intel: vue: 25 (488m)<br>La physique:<br>- vitesse max: 2,8 (54,7 m \/ s)<br>- taux de virage: 146<br>Classe de transport: 3<br>V\u00e9t\u00e9ran: 30, 60, 150, 300, 600 victimes<br>- v\u00e9t\u00e9ran niveau 2: +1275 ch<br>- v\u00e9t\u00e9ran niveau 4: +1275 ch<br>- v\u00e9t\u00e9ran niveau 5: r\u00e9parer 2 hp \/ s<\/p>\n<\/div><\/div>\n\n\n\n<div class=\"wp-block-uagb-column uagb-column__wrap uagb-column__background-undefined uagb-block-fe7bfe42\"><div class=\"uagb-column__overlay\"><\/div><div class=\"uagb-column__inner-wrap\">\n<h3 class=\"wp-block-heading\">Armes de messager<\/h3>\n\n\n\n<p>Laser haute intensit\u00e9 (tir direct):<br>88,46 dps<br>port\u00e9e: 25 (488m)<br>arme \u00e0 projectile: 115 d\u00e9g\u00e2ts<br>cadence de tir: 0,77 (toutes les 1,3 s)<br>v\u00e9t\u00e9ran niveau 1: +29 d\u00e9g\u00e2ts<br>v\u00e9t\u00e9ran niveau 3: +29 d\u00e9g\u00e2ts<\/p>\n<\/div><\/div>\n<\/div><\/section>\n<\/div><\/div>\n<\/div><\/section>\n\n\n\n<section class=\"wp-block-uagb-columns uagb-columns__wrap uagb-columns__background-undefined uagb-columns__stack-mobile uagb-columns__valign-undefined uagb-columns__gap-10 alignundefined uagb-block-b15a22d7\"><div class=\"uagb-columns__overlay\"><\/div><div class=\"uagb-columns__inner-wrap uagb-columns__columns-1\">\n<div class=\"wp-block-uagb-column uagb-column__wrap uagb-column__background-undefined uagb-block-6dc4ec14\"><div class=\"uagb-column__overlay\"><\/div><div class=\"uagb-column__inner-wrap\">\n<h2 class=\"wp-block-heading\"><strong>S\u00c9R\u00c9NIT\u00c9 <\/strong>- ARTILLERIE LOURDE MOBILE<\/h2>\n\n\n\n<p>L&#039;artillerie lourde mobile Aeon est en fait une unit\u00e9 utile. C&#039;est super cher et relativement fragile, mais il peut tirer en se d\u00e9pla\u00e7ant, il fait beaucoup de d\u00e9g\u00e2ts \u00e0 une distance qui surpasse la d\u00e9fense en points T2 (mais pas l&#039;artillerie T2), et l&#039;ennemi ne s&#039;y attendra pas vraiment. Prot\u00e9gez-les dans le cadre d&#039;une force de frappe plus large, et ils peuvent travailler la magie qu&#039;un groupe de robots de si\u00e8ge ne pourrait pas.<\/p>\n\n\n\n<div class=\"wp-block-image\"><figure class=\"aligncenter size-large\"><a href=\"https:\/\/supcom.standardof.net\/fr\/supreme-commander\/temps-infini\/tech-3-aeon-land-units\/serenity-mobile-heavy-artillery-supreme-commander-aeon-tech-2-land-units\/\"><img decoding=\"async\" width=\"800\" height=\"566\" src=\"https:\/\/supcom.standardof.net\/wp-content\/uploads\/sites\/8\/2020\/11\/SERENITY-MOBILE-HEAVY-ARTILLERY-Supreme-Commander-Aeon-Tech-2-Land-Units-800x566.jpg\" alt=\"L&#039;artillerie lourde mobile Serenity, unit\u00e9 terrestre Aeon Tech 3 en commandant supr\u00eame.\" class=\"wp-image-1000\" srcset=\"https:\/\/supcom.standardof.net\/wp-content\/uploads\/sites\/8\/2020\/11\/SERENITY-MOBILE-HEAVY-ARTILLERY-Supreme-Commander-Aeon-Tech-2-Land-Units-800x566.jpg 800w, https:\/\/supcom.standardof.net\/wp-content\/uploads\/sites\/8\/2020\/11\/SERENITY-MOBILE-HEAVY-ARTILLERY-Supreme-Commander-Aeon-Tech-2-Land-Units-512x362.jpg 512w, https:\/\/supcom.standardof.net\/wp-content\/uploads\/sites\/8\/2020\/11\/SERENITY-MOBILE-HEAVY-ARTILLERY-Supreme-Commander-Aeon-Tech-2-Land-Units-200x141.jpg 200w, https:\/\/supcom.standardof.net\/wp-content\/uploads\/sites\/8\/2020\/11\/SERENITY-MOBILE-HEAVY-ARTILLERY-Supreme-Commander-Aeon-Tech-2-Land-Units-768x543.jpg 768w, https:\/\/supcom.standardof.net\/wp-content\/uploads\/sites\/8\/2020\/11\/SERENITY-MOBILE-HEAVY-ARTILLERY-Supreme-Commander-Aeon-Tech-2-Land-Units-16x12.jpg 16w, https:\/\/supcom.standardof.net\/wp-content\/uploads\/sites\/8\/2020\/11\/SERENITY-MOBILE-HEAVY-ARTILLERY-Supreme-Commander-Aeon-Tech-2-Land-Units.jpg 891w\" sizes=\"(max-width: 800px) 100vw, 800px\" \/><\/a><figcaption>SERENITY - ARTILLERIE LOURDE MOBILE<\/figcaption><\/figure><\/div>\n\n\n\n<section class=\"wp-block-uagb-columns uagb-columns__wrap uagb-columns__background-undefined uagb-columns__stack-mobile uagb-columns__valign-undefined uagb-columns__gap-10 alignundefined uagb-block-321f57e3\"><div class=\"uagb-columns__overlay\"><\/div><div class=\"uagb-columns__inner-wrap uagb-columns__columns-2\">\n<div class=\"wp-block-uagb-column uagb-column__wrap uagb-column__background-undefined uagb-block-7b3a8ffc\"><div class=\"uagb-column__overlay\"><\/div><div class=\"uagb-column__inner-wrap\">\n<h3 class=\"wp-block-heading\">Statistiques de s\u00e9r\u00e9nit\u00e9<\/h3>\n\n\n\n<p>Armure: 900hp<br>Co\u00fbt: M800, E8000, T2400<br>Intel: vue: 26 (508m)<br>La physique:<br>- vitesse max: 2,5 (48,8 m \/ s)<br>- taux de virage: 20<br>Classe de transport: 3<br>V\u00e9t\u00e9ran: 30, 60, 150, 300, 600 victimes<br>- v\u00e9t\u00e9ran niveau 2: +225 ch<br>- v\u00e9t\u00e9ran niveau 4: +225 ch<br>- v\u00e9t\u00e9ran niveau 5: r\u00e9parer 2 hp \/ s<\/p>\n<\/div><\/div>\n\n\n\n<div class=\"wp-block-uagb-column uagb-column__wrap uagb-column__background-undefined uagb-block-9911a4c2\"><div class=\"uagb-column__overlay\"><\/div><div class=\"uagb-column__inner-wrap\">\n<h3 class=\"wp-block-heading\">Armes de s\u00e9r\u00e9nit\u00e9<\/h3>\n\n\n\n<p>Artillerie de Sonance (Artillerie):<br>140,25 dps<br>zone: 2,5 (48,8 m)<br>port\u00e9e: 25 (488m) - 70 (1.37km)<br>arme \u00e0 projectile: 2805 (15 fois 187 d\u00e9g\u00e2ts en 5 secondes) de d\u00e9g\u00e2ts<br>cadence de tir: 0,05 (toutes les 20 s)<br>v\u00e9t\u00e9ran niveau 1: +47 de d\u00e9g\u00e2ts<br>v\u00e9t\u00e9ran niveau 3: +47 de d\u00e9g\u00e2ts<\/p>\n<\/div><\/div>\n<\/div><\/section>\n<\/div><\/div>\n<\/div><\/section>\n\n\n\n<section class=\"wp-block-uagb-columns uagb-columns__wrap uagb-columns__background-undefined uagb-columns__stack-mobile uagb-columns__valign-undefined uagb-columns__gap-10 alignundefined uagb-block-5fcda5f2\"><div class=\"uagb-columns__overlay\"><\/div><div class=\"uagb-columns__inner-wrap uagb-columns__columns-1\">\n<div class=\"wp-block-uagb-column uagb-column__wrap uagb-column__background-undefined uagb-block-61e2e43f\"><div class=\"uagb-column__overlay\"><\/div><div class=\"uagb-column__inner-wrap\">\n<h2 class=\"wp-block-heading\"><strong>ABSOLVEUR <\/strong>- DISRUPTEUR TECH 3 SHIELD<\/h2>\n\n\n\n<p>L&#039;Absolver est une unit\u00e9 sp\u00e9ciale ajout\u00e9e dans l&#039;un des derniers correctifs de Supreme Commander. <em>Les d\u00e9tails n&#039;existent pas pour cet appareil dans le guide d&#039;origine, mais nous reviendrons pour le remplir bient\u00f4t.<\/em><\/p>\n\n\n\n<div class=\"wp-block-image\"><figure class=\"aligncenter size-large\"><img decoding=\"async\" width=\"800\" height=\"576\" src=\"https:\/\/supcom.standardof.net\/wp-content\/uploads\/sites\/8\/2020\/11\/ABSOLVER-TECH-3-SHIELD-DISRUPTOR-Supreme-Commander-Aeon-Tech-2-Land-Units-800x576.jpg\" alt=\"Le disrupteur de bouclier Absolver T3, unit\u00e9 terrestre Aeon Tech 3 dans Supreme Commander.\" class=\"wp-image-997\" srcset=\"https:\/\/supcom.standardof.net\/wp-content\/uploads\/sites\/8\/2020\/11\/ABSOLVER-TECH-3-SHIELD-DISRUPTOR-Supreme-Commander-Aeon-Tech-2-Land-Units-800x576.jpg 800w, https:\/\/supcom.standardof.net\/wp-content\/uploads\/sites\/8\/2020\/11\/ABSOLVER-TECH-3-SHIELD-DISRUPTOR-Supreme-Commander-Aeon-Tech-2-Land-Units-512x368.jpg 512w, https:\/\/supcom.standardof.net\/wp-content\/uploads\/sites\/8\/2020\/11\/ABSOLVER-TECH-3-SHIELD-DISRUPTOR-Supreme-Commander-Aeon-Tech-2-Land-Units-200x144.jpg 200w, https:\/\/supcom.standardof.net\/wp-content\/uploads\/sites\/8\/2020\/11\/ABSOLVER-TECH-3-SHIELD-DISRUPTOR-Supreme-Commander-Aeon-Tech-2-Land-Units-768x553.jpg 768w, https:\/\/supcom.standardof.net\/wp-content\/uploads\/sites\/8\/2020\/11\/ABSOLVER-TECH-3-SHIELD-DISRUPTOR-Supreme-Commander-Aeon-Tech-2-Land-Units-16x12.jpg 16w, https:\/\/supcom.standardof.net\/wp-content\/uploads\/sites\/8\/2020\/11\/ABSOLVER-TECH-3-SHIELD-DISRUPTOR-Supreme-Commander-Aeon-Tech-2-Land-Units.jpg 813w\" sizes=\"(max-width: 800px) 100vw, 800px\" \/><figcaption>ABSOLVER - DISRUPTEUR TECH 3 SHIELD<\/figcaption><\/figure><\/div>\n\n\n\n<section class=\"wp-block-uagb-columns uagb-columns__wrap uagb-columns__background-undefined uagb-columns__stack-mobile uagb-columns__valign-undefined uagb-columns__gap-10 alignundefined uagb-block-ad755a5f\"><div class=\"uagb-columns__overlay\"><\/div><div class=\"uagb-columns__inner-wrap uagb-columns__columns-2\">\n<div class=\"wp-block-uagb-column uagb-column__wrap uagb-column__background-undefined uagb-block-e6f25018\"><div class=\"uagb-column__overlay\"><\/div><div class=\"uagb-column__inner-wrap\">\n<h3 class=\"wp-block-heading\">Statistiques Absolver<\/h3>\n\n\n\n<p><em>D\u00e9tails \u00e0 venir.<\/em><\/p>\n<\/div><\/div>\n\n\n\n<div class=\"wp-block-uagb-column uagb-column__wrap uagb-column__background-undefined uagb-block-8a3068bd\"><div class=\"uagb-column__overlay\"><\/div><div class=\"uagb-column__inner-wrap\">\n<h3 class=\"wp-block-heading\">Armes Absolver<\/h3>\n\n\n\n<p><em>D\u00e9tails \u00e0 venir.<\/em><\/p>\n<\/div><\/div>\n<\/div><\/section>\n<\/div><\/div>\n<\/div><\/section>","protected":false},"excerpt":{"rendered":"<p>ENGINEER &#8211; TECH 3 CONSTRUCTOR The T3 Engineer shows up much more frequently than the other engineers; one should always be the first thing out of your factory. They can jumpstart your economy, assist factories at a useful rate, and get you into the endgame. It&#8217;s never bad to have too many engineers. Plus, if [&hellip;]<\/p>","protected":false},"author":1,"featured_media":0,"parent":503,"menu_order":0,"comment_status":"open","ping_status":"closed","template":"","meta":{"_uag_custom_page_level_css":"","site-sidebar-layout":"default","site-content-layout":"default","ast-site-content-layout":"","site-content-style":"default","site-sidebar-style":"default","ast-global-header-display":"","ast-banner-title-visibility":"","ast-main-header-display":"","ast-hfb-above-header-display":"","ast-hfb-below-header-display":"","ast-hfb-mobile-header-display":"","site-post-title":"","ast-breadcrumbs-content":"","ast-featured-img":"","footer-sml-layout":"","theme-transparent-header-meta":"default","adv-header-id-meta":"","stick-header-meta":"","header-above-stick-meta":"","header-main-stick-meta":"","header-below-stick-meta":"","astra-migrate-meta-layouts":"default","ast-page-background-enabled":"default","ast-page-background-meta":{"desktop":{"background-color":"","background-image":"","background-repeat":"repeat","background-position":"center center","background-size":"auto","background-attachment":"scroll","background-type":"","background-media":"","overlay-type":"","overlay-color":"","overlay-gradient":""},"tablet":{"background-color":"","background-image":"","background-repeat":"repeat","background-position":"center center","background-size":"auto","background-attachment":"scroll","background-type":"","background-media":"","overlay-type":"","overlay-color":"","overlay-gradient":""},"mobile":{"background-color":"","background-image":"","background-repeat":"repeat","background-position":"center center","background-size":"auto","background-attachment":"scroll","background-type":"","background-media":"","overlay-type":"","overlay-color":"","overlay-gradient":""}},"ast-content-background-meta":{"desktop":{"background-color":"var(--ast-global-color-5)","background-image":"","background-repeat":"repeat","background-position":"center center","background-size":"auto","background-attachment":"scroll","background-type":"","background-media":"","overlay-type":"","overlay-color":"","overlay-gradient":""},"tablet":{"background-color":"var(--ast-global-color-5)","background-image":"","background-repeat":"repeat","background-position":"center center","background-size":"auto","background-attachment":"scroll","background-type":"","background-media":"","overlay-type":"","overlay-color":"","overlay-gradient":""},"mobile":{"background-color":"var(--ast-global-color-5)","background-image":"","background-repeat":"repeat","background-position":"center center","background-size":"auto","background-attachment":"scroll","background-type":"","background-media":"","overlay-type":"","overlay-color":"","overlay-gradient":""}},"footnotes":""},"uagb_featured_image_src":{"full":false,"thumbnail":false,"medium":false,"medium_large":false,"large":false,"1536x1536":false,"2048x2048":false,"trp-custom-language-flag":false},"uagb_author_info":{"display_name":"SOE","author_link":"https:\/\/supcom.standardof.net\/fr\/author\/k-tastic\/"},"uagb_comment_info":0,"uagb_excerpt":"ENGINEER &#8211; TECH 3 CONSTRUCTOR The T3 Engineer shows up much more frequently than the other engineers; one should always be the first thing out of your factory. They can jumpstart your economy, assist factories at a useful rate, and get you into the endgame. It&#8217;s never bad to have too many engineers. Plus, if&hellip;","_links":{"self":[{"href":"https:\/\/supcom.standardof.net\/fr\/wp-json\/wp\/v2\/pages\/790"}],"collection":[{"href":"https:\/\/supcom.standardof.net\/fr\/wp-json\/wp\/v2\/pages"}],"about":[{"href":"https:\/\/supcom.standardof.net\/fr\/wp-json\/wp\/v2\/types\/page"}],"author":[{"embeddable":true,"href":"https:\/\/supcom.standardof.net\/fr\/wp-json\/wp\/v2\/users\/1"}],"replies":[{"embeddable":true,"href":"https:\/\/supcom.standardof.net\/fr\/wp-json\/wp\/v2\/comments?post=790"}],"version-history":[{"count":0,"href":"https:\/\/supcom.standardof.net\/fr\/wp-json\/wp\/v2\/pages\/790\/revisions"}],"up":[{"embeddable":true,"href":"https:\/\/supcom.standardof.net\/fr\/wp-json\/wp\/v2\/pages\/503"}],"wp:attachment":[{"href":"https:\/\/supcom.standardof.net\/fr\/wp-json\/wp\/v2\/media?parent=790"}],"curies":[{"name":"wp","href":"https:\/\/api.w.org\/{rel}","templated":true}]}}