{"id":112,"date":"2020-10-31T12:26:30","date_gmt":"2020-10-31T16:26:30","guid":{"rendered":"https:\/\/supcom.standardof.net\/?page_id=112"},"modified":"2020-10-31T12:52:33","modified_gmt":"2020-10-31T16:52:33","slug":"selecting-units","status":"publish","type":"page","link":"https:\/\/supcom.standardof.net\/it\/supreme-commander\/controlli\/selezione-di-unita\/","title":{"rendered":"Selezione delle unit\u00e0"},"content":{"rendered":"<p>Questi comandi sono tutte varie scorciatoie che possono essere utilizzate dai giocatori per facilitare la selezione delle unit\u00e0 in vari modi.<\/p>\n\n\n\n<p><strong>Clic sinistro:<\/strong> Seleziona unit\u00e0 <br><strong>Doppio clic sinistro:<\/strong> Seleziona tutte le unit\u00e0 di questo tipo sullo schermo <br><strong>Fare clic con il tasto sinistro su niente:<\/strong> Deseleziona tutte le unit\u00e0 <br><strong>Fare clic con il tasto sinistro e trascinare:<\/strong> Seleziona tutte le unit\u00e0 in questa casella<br><em>&nbsp;&nbsp;&nbsp;&nbsp; * Se la selezione \u00e8 principalmente unit\u00e0 mobili, verranno selezionate solo le unit\u00e0 mobili. Il gioco indoviner\u00e0 anche quale tipo di unit\u00e0 intendevi.<\/em><\/p>\n\n\n\n<p><strong>1:<\/strong> Seleziona tutte le unit\u00e0 nel Gruppo 1 <br><strong>Ctrl + 1:<\/strong> Imposta le unit\u00e0 selezionate come Gruppo 1 <br><strong>Maiusc + 1:<\/strong> Aggiungi il gruppo 1 alla tua selezione <br><strong>Maiusc + Ctrl + 1:<\/strong> Seleziona le fabbriche nel Gruppo 1<br><em>&nbsp;&nbsp;&nbsp;&nbsp; * Tutti i 10 tasti numerici funzionano per creare \/ selezionare gruppi.<br>&nbsp;&nbsp;&nbsp;&nbsp; * Le unit\u00e0 possono appartenere a pi\u00f9 gruppi.<br>&nbsp;&nbsp;&nbsp;&nbsp; * I tuoi gruppi appariranno come icone sul lato destro dello schermo.<br>&nbsp;&nbsp;&nbsp;&nbsp; * Quando si seleziona un gruppo, le fabbriche non verranno selezionate per impostazione predefinita.<br>&nbsp;&nbsp;&nbsp;&nbsp; * Le fabbriche assegnano i numeri di gruppo alle unit\u00e0 che costruiscono.<\/em> <br><strong>Maiusc + clic sull&#039;icona dell&#039;unit\u00e0:<\/strong> Aggiungi ingegnere inattivo a questo gruppo<\/p>\n\n\n\n<p><strong>Ctrl + X:<\/strong> Seleziona tutte le unit\u00e0 e gli edifici <br><strong>Ctrl + A:<\/strong> Seleziona tutte le unit\u00e0 aeree <br><strong>Ctrl + S:<\/strong> Seleziona tutte le unit\u00e0 marittime <br><strong>Ctrl + L:<\/strong> Seleziona tutte le unit\u00e0 di terra <br><strong>Ctrl + B:<\/strong> Seleziona tutti gli ingegneri e il comandante <br><strong>Ctrl + Z:<\/strong> Seleziona tutte le unit\u00e0 di questo tipo sulla mappa<\/p>\n\n\n\n<p><strong>Ctrl + C:<\/strong> Seleziona tutte le unit\u00e0 e gli edifici sullo schermo <br><strong>Ctrl + Punto:<\/strong> Seleziona tutti gli ingegneri sullo schermo <br><strong>Ctrl + H:<\/strong> Seleziona tutte le fabbriche sullo schermo<\/p>\n\n\n\n<p><strong>Virgola:<\/strong> Vai al comandante <br><strong>Alt + virgola:<\/strong> Seleziona Comandante<\/p>\n\n\n\n<p><strong>Periodo:<\/strong> Vai al tecnico inattivo pi\u00f9 vicino <br><strong>Alt + Punto:<\/strong> Seleziona l&#039;ingegnere inattivo pi\u00f9 vicino <br><strong>Maiusc + punto:<\/strong> Passa in rassegna gli ingegneri inattivi<\/p>\n\n\n\n<p><strong>H:<\/strong> Seleziona la fabbrica pi\u00f9 vicina <br><strong>Ctrl + Maiusc + L:<\/strong> Seleziona la fabbrica di terra pi\u00f9 vicina <br><strong>Ctrl + Maiusc + A:<\/strong> Seleziona la fabbrica aerea pi\u00f9 vicina <br><strong>Ctrl + Maiusc + S:<\/strong> Seleziona la fabbrica navale pi\u00f9 vicina<\/p>","protected":false},"excerpt":{"rendered":"<p>These commands are all various shortcuts that can be used by players to facilitate the selecting of units by a variety of ways. Left Click: Select unit Double Left Click: Select all units of this type on screen Left Click on nothing: Deselect all units Left Click and drag: Select all units in this box&nbsp;&nbsp;&nbsp;&nbsp; [&hellip;]<\/p>","protected":false},"author":1,"featured_media":5,"parent":104,"menu_order":1,"comment_status":"closed","ping_status":"closed","template":"","meta":{"_uag_custom_page_level_css":"","site-sidebar-layout":"default","site-content-layout":"default","ast-site-content-layout":"","site-content-style":"default","site-sidebar-style":"default","ast-global-header-display":"","ast-banner-title-visibility":"","ast-main-header-display":"","ast-hfb-above-header-display":"","ast-hfb-below-header-display":"","ast-hfb-mobile-header-display":"","site-post-title":"","ast-breadcrumbs-content":"","ast-featured-img":"","footer-sml-layout":"","theme-transparent-header-meta":"default","adv-header-id-meta":"","stick-header-meta":"","header-above-stick-meta":"","header-main-stick-meta":"","header-below-stick-meta":"","astra-migrate-meta-layouts":"default","ast-page-background-enabled":"default","ast-page-background-meta":{"desktop":{"background-color":"","background-image":"","background-repeat":"repeat","background-position":"center center","background-size":"auto","background-attachment":"scroll","background-type":"","background-media":"","overlay-type":"","overlay-color":"","overlay-gradient":""},"tablet":{"background-color":"","background-image":"","background-repeat":"repeat","background-position":"center center","background-size":"auto","background-attachment":"scroll","background-type":"","background-media":"","overlay-type":"","overlay-color":"","overlay-gradient":""},"mobile":{"background-color":"","background-image":"","background-repeat":"repeat","background-position":"center center","background-size":"auto","background-attachment":"scroll","background-type":"","background-media":"","overlay-type":"","overlay-color":"","overlay-gradient":""}},"ast-content-background-meta":{"desktop":{"background-color":"var(--ast-global-color-5)","background-image":"","background-repeat":"repeat","background-position":"center center","background-size":"auto","background-attachment":"scroll","background-type":"","background-media":"","overlay-type":"","overlay-color":"","overlay-gradient":""},"tablet":{"background-color":"var(--ast-global-color-5)","background-image":"","background-repeat":"repeat","background-position":"center center","background-size":"auto","background-attachment":"scroll","background-type":"","background-media":"","overlay-type":"","overlay-color":"","overlay-gradient":""},"mobile":{"background-color":"var(--ast-global-color-5)","background-image":"","background-repeat":"repeat","background-position":"center center","background-size":"auto","background-attachment":"scroll","background-type":"","background-media":"","overlay-type":"","overlay-color":"","overlay-gradient":""}},"footnotes":""},"uagb_featured_image_src":{"full":["https:\/\/supcom.standardof.net\/wp-content\/uploads\/sites\/8\/2020\/10\/Supreme-Commander-Header-UEF.jpg",1600,680,false],"thumbnail":["https:\/\/supcom.standardof.net\/wp-content\/uploads\/sites\/8\/2020\/10\/Supreme-Commander-Header-UEF-200x85.jpg",200,85,true],"medium":["https:\/\/supcom.standardof.net\/wp-content\/uploads\/sites\/8\/2020\/10\/Supreme-Commander-Header-UEF-512x218.jpg",512,218,true],"medium_large":["https:\/\/supcom.standardof.net\/wp-content\/uploads\/sites\/8\/2020\/10\/Supreme-Commander-Header-UEF-768x326.jpg",768,326,true],"large":["https:\/\/supcom.standardof.net\/wp-content\/uploads\/sites\/8\/2020\/10\/Supreme-Commander-Header-UEF-800x340.jpg",800,340,true],"1536x1536":["https:\/\/supcom.standardof.net\/wp-content\/uploads\/sites\/8\/2020\/10\/Supreme-Commander-Header-UEF-1536x653.jpg",1536,653,true],"2048x2048":["https:\/\/supcom.standardof.net\/wp-content\/uploads\/sites\/8\/2020\/10\/Supreme-Commander-Header-UEF.jpg",1600,680,false],"trp-custom-language-flag":["https:\/\/supcom.standardof.net\/wp-content\/uploads\/sites\/8\/2020\/10\/Supreme-Commander-Header-UEF-16x7.jpg",16,7,true]},"uagb_author_info":{"display_name":"SOE","author_link":"https:\/\/supcom.standardof.net\/it\/author\/k-tastic\/"},"uagb_comment_info":0,"uagb_excerpt":"These commands are all various shortcuts that can be used by players to facilitate the selecting of units by a variety of ways. Left Click: Select unit Double Left Click: Select all units of this type on screen Left Click on nothing: Deselect all units Left Click and drag: Select all units in this box&nbsp;&nbsp;&nbsp;&nbsp;&hellip;","_links":{"self":[{"href":"https:\/\/supcom.standardof.net\/it\/wp-json\/wp\/v2\/pages\/112"}],"collection":[{"href":"https:\/\/supcom.standardof.net\/it\/wp-json\/wp\/v2\/pages"}],"about":[{"href":"https:\/\/supcom.standardof.net\/it\/wp-json\/wp\/v2\/types\/page"}],"author":[{"embeddable":true,"href":"https:\/\/supcom.standardof.net\/it\/wp-json\/wp\/v2\/users\/1"}],"replies":[{"embeddable":true,"href":"https:\/\/supcom.standardof.net\/it\/wp-json\/wp\/v2\/comments?post=112"}],"version-history":[{"count":0,"href":"https:\/\/supcom.standardof.net\/it\/wp-json\/wp\/v2\/pages\/112\/revisions"}],"up":[{"embeddable":true,"href":"https:\/\/supcom.standardof.net\/it\/wp-json\/wp\/v2\/pages\/104"}],"wp:featuredmedia":[{"embeddable":true,"href":"https:\/\/supcom.standardof.net\/it\/wp-json\/wp\/v2\/media\/5"}],"wp:attachment":[{"href":"https:\/\/supcom.standardof.net\/it\/wp-json\/wp\/v2\/media?parent=112"}],"curies":[{"name":"wp","href":"https:\/\/api.w.org\/{rel}","templated":true}]}}