{"id":114,"date":"2020-10-31T12:38:29","date_gmt":"2020-10-31T16:38:29","guid":{"rendered":"https:\/\/supcom.standardof.net\/?page_id=114"},"modified":"2020-10-31T12:52:29","modified_gmt":"2020-10-31T16:52:29","slug":"giving-orders","status":"publish","type":"page","link":"https:\/\/supcom.standardof.net\/it\/supreme-commander\/controlli\/dare-ordini\/","title":{"rendered":"Dare ordini"},"content":{"rendered":"<h2 class=\"wp-block-heading\">Dare ordini<\/h2>\n\n\n\n<p>Questi comandi si riferiscono al dare comandi alle tue unit\u00e0 in Supreme Commander, consentendo una grande variet\u00e0 e complessit\u00e0 dei comandi impartiti.<\/p>\n\n\n\n<section class=\"wp-block-uagb-columns uagb-columns__wrap uagb-columns__background-undefined uagb-columns__stack-mobile uagb-columns__valign-undefined uagb-columns__gap-10 alignundefined uagb-block-9c91d558\"><div class=\"uagb-columns__overlay\"><\/div><div class=\"uagb-columns__inner-wrap uagb-columns__columns-1\">\n<div class=\"wp-block-uagb-column uagb-column__wrap uagb-column__background-undefined uagb-block-4c9614b1\"><div class=\"uagb-column__overlay\"><\/div><div class=\"uagb-column__inner-wrap\">\n<p class=\"has-medium-font-size\"><span style=\"text-transform: uppercase;\" class=\"qubely-text-uppercase\"><strong>Clic destro:<\/strong> <\/span>Dai un ordine predefinito<\/p>\n\n\n\n<ul><li><em>Sul terreno: muoviti<\/em><\/li><li><em>Sui nemici: attacco<\/em><ul><li><em>Gli ingegneri invece cattureranno i nemici.<\/em><\/li><\/ul><\/li><li><em>Su alleati o costruzione: assistere<\/em><ul><li><em>&nbsp;Gli ingegneri ripareranno invece la costruzione.<\/em><\/li><li><em>I trasporti trasporteranno invece le unit\u00e0 alleate.<\/em><\/li><\/ul><\/li><li><em>Sui trasporti: Trasporti<\/em><\/li><li><em>Sui punti di traghetto: trasporti<\/em><ul><li><em>I trasporti invece effettueranno il traghetto da quel punto di traghetto.<\/em><\/li><\/ul><\/li><li><em>In un waypoint di movimento: Pattuglia (NON DOCUMENTATO)<\/em><\/li><li><em>In un waypoint di attacco: attacco coordinato<\/em><ul><li><em>&nbsp;Gli attacchi coordinati devono essere effettuati in ordine inverso di velocit\u00e0: prima l&#039;artiglieria, per ultimo l&#039;aereo. Tutti i gruppi attaccheranno simultaneamente.<\/em><\/li><\/ul><\/li><\/ul>\n<\/div><\/div>\n<\/div><\/section>\n\n\n\n<section class=\"wp-block-uagb-columns uagb-columns__wrap uagb-columns__background-undefined uagb-columns__stack-mobile uagb-columns__valign-undefined uagb-columns__gap-10 alignundefined uagb-block-b8103b7e\"><div class=\"uagb-columns__overlay\"><\/div><div class=\"uagb-columns__inner-wrap uagb-columns__columns-1\">\n<div class=\"wp-block-uagb-column uagb-column__wrap uagb-column__background-undefined uagb-block-c21123c1\"><div class=\"uagb-column__overlay\"><\/div><div class=\"uagb-column__inner-wrap\">\n<p><strong><span style=\"text-transform: uppercase;\" class=\"qubely-text-uppercase\">Fare clic con il tasto destro e tenere premuto:<\/span><\/strong> Muoviti in formazione <\/p>\n\n\n\n<p><strong><span style=\"text-transform: uppercase;\" class=\"qubely-text-uppercase\">Ctrl + clic destro:<\/span><\/strong> Muoviti in formazione predefinita<\/p>\n\n\n\n<ul><li><em>Tenendo premuto il tasto destro del mouse, premere il tasto sinistro per scorrere le formazioni.<\/em><\/li><li><em>Prendere la formazione ha la priorit\u00e0 sull&#039;arrivo sul luogo. Le unit\u00e0 nella parte anteriore possono effettivamente andare all&#039;indietro per ottenere ci\u00f2.<\/em> <\/li><\/ul>\n\n\n\n<p><strong>CTRL <span style=\"text-transform: uppercase;\" class=\"qubely-text-uppercase\">+ Alt + clic destro:<\/span><\/strong> Mossa d&#039;attacco <\/p>\n\n\n\n<p><strong><span style=\"text-transform: uppercase;\" class=\"qubely-text-uppercase\">Attacco + clic sinistro a terra:<\/span><\/strong> Mossa d&#039;attacco<\/p>\n\n\n\n<ul><li><em>&nbsp; Mossa di attacco ordina alle unit\u00e0 di inseguire i nemici prima di completare l&#039;ordine di movimento. \u00c8 indicato come una linea rossa con un punto di passaggio blu.<\/em><\/li><\/ul>\n\n\n\n<p><span style=\"text-transform: uppercase;\" class=\"qubely-text-uppercase\"><strong>Maiusc + clic destro:<\/strong> <\/span>Metti in coda questo comando dopo quello corrente <\/p>\n\n\n\n<p><strong><span style=\"text-transform: uppercase;\" class=\"qubely-text-uppercase\">Maiusc + clic sinistro e tenere premuto su un comando:<\/span><\/strong> Sposta la posizione di questo comando<\/p>\n<\/div><\/div>\n<\/div><\/section>\n\n\n\n<section class=\"wp-block-uagb-columns uagb-columns__wrap uagb-columns__background-undefined uagb-columns__stack-mobile uagb-columns__valign-undefined uagb-columns__gap-10 alignundefined uagb-block-ce3bc6dc\"><div class=\"uagb-columns__overlay\"><\/div><div class=\"uagb-columns__inner-wrap uagb-columns__columns-4\">\n<div class=\"wp-block-uagb-column uagb-column__wrap uagb-column__background-undefined uagb-block-ef06b006\"><div class=\"uagb-column__overlay\"><\/div><div class=\"uagb-column__inner-wrap\">\n<p class=\"has-text-align-center\"><img decoding=\"async\" width=\"64\" height=\"64\" class=\"wp-image-40\" style=\"width: 64px;\" src=\"https:\/\/supcom.standardof.net\/wp-content\/uploads\/sites\/8\/2020\/10\/R.png\" alt=\"\" srcset=\"https:\/\/supcom.standardof.net\/wp-content\/uploads\/sites\/8\/2020\/10\/R.png 128w, https:\/\/supcom.standardof.net\/wp-content\/uploads\/sites\/8\/2020\/10\/R-12x12.png 12w\" sizes=\"(max-width: 64px) 100vw, 64px\" \/><\/p>\n\n\n\n<p class=\"has-text-align-center\"><strong>RIPARAZIONE<\/strong><\/p>\n<\/div><\/div>\n\n\n\n<div class=\"wp-block-uagb-column uagb-column__wrap uagb-column__background-undefined uagb-block-832ead85\"><div class=\"uagb-column__overlay\"><\/div><div class=\"uagb-column__inner-wrap\">\n<p class=\"has-text-align-center\"><img decoding=\"async\" width=\"64\" height=\"64\" class=\"wp-image-27\" style=\"width: 64px;\" src=\"https:\/\/supcom.standardof.net\/wp-content\/uploads\/sites\/8\/2020\/10\/E.png\" alt=\"\" srcset=\"https:\/\/supcom.standardof.net\/wp-content\/uploads\/sites\/8\/2020\/10\/E.png 128w, https:\/\/supcom.standardof.net\/wp-content\/uploads\/sites\/8\/2020\/10\/E-12x12.png 12w\" sizes=\"(max-width: 64px) 100vw, 64px\" \/><\/p>\n\n\n\n<p class=\"has-text-align-center\"><strong>RECLAMARE<\/strong><\/p>\n<\/div><\/div>\n\n\n\n<div class=\"wp-block-uagb-column uagb-column__wrap uagb-column__background-undefined uagb-block-e4236338\"><div class=\"uagb-column__overlay\"><\/div><div class=\"uagb-column__inner-wrap\">\n<p class=\"has-text-align-center\"><img decoding=\"async\" width=\"64\" height=\"64\" class=\"wp-image-36\" style=\"width: 64px;\" src=\"https:\/\/supcom.standardof.net\/wp-content\/uploads\/sites\/8\/2020\/10\/N.png\" alt=\"\" srcset=\"https:\/\/supcom.standardof.net\/wp-content\/uploads\/sites\/8\/2020\/10\/N.png 128w, https:\/\/supcom.standardof.net\/wp-content\/uploads\/sites\/8\/2020\/10\/N-12x12.png 12w\" sizes=\"(max-width: 64px) 100vw, 64px\" \/><\/p>\n\n\n\n<p class=\"has-text-align-center\"><strong>NUKE<\/strong><\/p>\n<\/div><\/div>\n\n\n\n<div class=\"wp-block-uagb-column uagb-column__wrap uagb-column__background-undefined uagb-block-279d7f85\"><div class=\"uagb-column__overlay\"><\/div><div class=\"uagb-column__inner-wrap\">\n<p class=\"has-text-align-center\"><img decoding=\"async\" width=\"64\" height=\"64\" class=\"wp-image-23\" style=\"width: 64px;\" src=\"https:\/\/supcom.standardof.net\/wp-content\/uploads\/sites\/8\/2020\/10\/A.png\" alt=\"\" srcset=\"https:\/\/supcom.standardof.net\/wp-content\/uploads\/sites\/8\/2020\/10\/A.png 128w, https:\/\/supcom.standardof.net\/wp-content\/uploads\/sites\/8\/2020\/10\/A-12x12.png 12w\" sizes=\"(max-width: 64px) 100vw, 64px\" \/><\/p>\n\n\n\n<p class=\"has-text-align-center\"><strong>ATTACCO<\/strong><\/p>\n<\/div><\/div>\n<\/div><\/section>\n\n\n\n<section class=\"wp-block-uagb-columns uagb-columns__wrap uagb-columns__background-undefined uagb-columns__stack-mobile uagb-columns__valign-undefined uagb-columns__gap-10 alignundefined uagb-block-2c13e632\"><div class=\"uagb-columns__overlay\"><\/div><div class=\"uagb-columns__inner-wrap uagb-columns__columns-4\">\n<div class=\"wp-block-uagb-column uagb-column__wrap uagb-column__background-undefined uagb-block-f50d7bfe\"><div class=\"uagb-column__overlay\"><\/div><div class=\"uagb-column__inner-wrap\">\n<p class=\"has-text-align-center\"><img decoding=\"async\" width=\"64\" height=\"64\" class=\"wp-image-25\" style=\"width: 64px;\" src=\"https:\/\/supcom.standardof.net\/wp-content\/uploads\/sites\/8\/2020\/10\/C.png\" alt=\"\" srcset=\"https:\/\/supcom.standardof.net\/wp-content\/uploads\/sites\/8\/2020\/10\/C.png 128w, https:\/\/supcom.standardof.net\/wp-content\/uploads\/sites\/8\/2020\/10\/C-12x12.png 12w\" sizes=\"(max-width: 64px) 100vw, 64px\" \/><\/p>\n\n\n\n<p class=\"has-text-align-center\"><strong>CATTURARE<\/strong><\/p>\n<\/div><\/div>\n\n\n\n<div class=\"wp-block-uagb-column uagb-column__wrap uagb-column__background-undefined uagb-block-0ef54375\"><div class=\"uagb-column__overlay\"><\/div><div class=\"uagb-column__inner-wrap\">\n<p class=\"has-text-align-center\"><img decoding=\"async\" width=\"64\" height=\"64\" class=\"wp-image-41\" style=\"width: 64px;\" src=\"https:\/\/supcom.standardof.net\/wp-content\/uploads\/sites\/8\/2020\/10\/S.png\" alt=\"\" srcset=\"https:\/\/supcom.standardof.net\/wp-content\/uploads\/sites\/8\/2020\/10\/S.png 128w, https:\/\/supcom.standardof.net\/wp-content\/uploads\/sites\/8\/2020\/10\/S-12x12.png 12w\" sizes=\"(max-width: 64px) 100vw, 64px\" \/><\/p>\n\n\n\n<p class=\"has-text-align-center\"><strong>FERMARE<\/strong><\/p>\n<\/div><\/div>\n\n\n\n<div class=\"wp-block-uagb-column uagb-column__wrap uagb-column__background-undefined uagb-block-39cae843\"><div class=\"uagb-column__overlay\"><\/div><div class=\"uagb-column__inner-wrap\">\n<p class=\"has-text-align-center\"><img decoding=\"async\" width=\"64\" height=\"64\" class=\"wp-image-26\" style=\"width: 64px;\" src=\"https:\/\/supcom.standardof.net\/wp-content\/uploads\/sites\/8\/2020\/10\/D.png\" alt=\"\" srcset=\"https:\/\/supcom.standardof.net\/wp-content\/uploads\/sites\/8\/2020\/10\/D.png 128w, https:\/\/supcom.standardof.net\/wp-content\/uploads\/sites\/8\/2020\/10\/D-12x12.png 12w\" sizes=\"(max-width: 64px) 100vw, 64px\" \/><\/p>\n\n\n\n<p class=\"has-text-align-center\"><strong>IMMERSIONE \/ SUPERFICIE<\/strong><\/p>\n<\/div><\/div>\n\n\n\n<div class=\"wp-block-uagb-column uagb-column__wrap uagb-column__background-undefined uagb-block-e379b4ad\"><div class=\"uagb-column__overlay\"><\/div><div class=\"uagb-column__inner-wrap\">\n<p class=\"has-text-align-center\"><img decoding=\"async\" width=\"64\" height=\"64\" class=\"wp-image-37\" style=\"width: 64px;\" src=\"https:\/\/supcom.standardof.net\/wp-content\/uploads\/sites\/8\/2020\/10\/O.png\" alt=\"\" srcset=\"https:\/\/supcom.standardof.net\/wp-content\/uploads\/sites\/8\/2020\/10\/O.png 128w, https:\/\/supcom.standardof.net\/wp-content\/uploads\/sites\/8\/2020\/10\/O-12x12.png 12w\" sizes=\"(max-width: 64px) 100vw, 64px\" \/><\/p>\n\n\n\n<p class=\"has-text-align-center\"><strong>SOVRAPPREZZO<\/strong><\/p>\n<\/div><\/div>\n<\/div><\/section>\n\n\n\n<section class=\"wp-block-uagb-columns uagb-columns__wrap uagb-columns__background-undefined uagb-columns__stack-mobile uagb-columns__valign-undefined uagb-columns__gap-10 alignundefined uagb-block-3c85588a\"><div class=\"uagb-columns__overlay\"><\/div><div class=\"uagb-columns__inner-wrap uagb-columns__columns-4\">\n<div class=\"wp-block-uagb-column uagb-column__wrap uagb-column__background-undefined uagb-block-b0e3db15\"><div class=\"uagb-column__overlay\"><\/div><div class=\"uagb-column__inner-wrap\">\n<p class=\"has-text-align-center\"><img decoding=\"async\" width=\"64\" height=\"64\" class=\"wp-image-48\" style=\"width: 64px;\" src=\"https:\/\/supcom.standardof.net\/wp-content\/uploads\/sites\/8\/2020\/10\/Z.png\" alt=\"\" srcset=\"https:\/\/supcom.standardof.net\/wp-content\/uploads\/sites\/8\/2020\/10\/Z.png 128w, https:\/\/supcom.standardof.net\/wp-content\/uploads\/sites\/8\/2020\/10\/Z-12x12.png 12w\" sizes=\"(max-width: 64px) 100vw, 64px\" \/><\/p>\n\n\n\n<p class=\"has-text-align-center\"><strong>PAUSA COSTRUZIONE<\/strong><\/p>\n<\/div><\/div>\n\n\n\n<div class=\"wp-block-uagb-column uagb-column__wrap uagb-column__background-undefined uagb-block-a93473ac\"><div class=\"uagb-column__overlay\"><\/div><div class=\"uagb-column__inner-wrap\">\n<p class=\"has-text-align-center\"><img decoding=\"async\" width=\"64\" height=\"64\" class=\"wp-image-35\" style=\"width: 64px;\" src=\"https:\/\/supcom.standardof.net\/wp-content\/uploads\/sites\/8\/2020\/10\/M.png\" alt=\"\" srcset=\"https:\/\/supcom.standardof.net\/wp-content\/uploads\/sites\/8\/2020\/10\/M.png 128w, https:\/\/supcom.standardof.net\/wp-content\/uploads\/sites\/8\/2020\/10\/M-12x12.png 12w\" sizes=\"(max-width: 64px) 100vw, 64px\" \/><\/p>\n\n\n\n<p class=\"has-text-align-center\"><strong>MOSSA<\/strong><\/p>\n<\/div><\/div>\n\n\n\n<div class=\"wp-block-uagb-column uagb-column__wrap uagb-column__background-undefined uagb-block-8cc81c49\"><div class=\"uagb-column__overlay\"><\/div><div class=\"uagb-column__inner-wrap\">\n<p class=\"has-text-align-center\"><img decoding=\"async\" width=\"64\" height=\"64\" class=\"wp-image-82\" style=\"width: 64px;\" src=\"https:\/\/supcom.standardof.net\/wp-content\/uploads\/sites\/8\/2020\/10\/ctrl.png\" alt=\"\" srcset=\"https:\/\/supcom.standardof.net\/wp-content\/uploads\/sites\/8\/2020\/10\/ctrl.png 128w, https:\/\/supcom.standardof.net\/wp-content\/uploads\/sites\/8\/2020\/10\/ctrl-12x12.png 12w\" sizes=\"(max-width: 64px) 100vw, 64px\" \/><img decoding=\"async\" width=\"64\" height=\"64\" class=\"wp-image-33\" style=\"width: 64px;\" src=\"https:\/\/supcom.standardof.net\/wp-content\/uploads\/sites\/8\/2020\/10\/K.png\" alt=\"\" srcset=\"https:\/\/supcom.standardof.net\/wp-content\/uploads\/sites\/8\/2020\/10\/K.png 128w, https:\/\/supcom.standardof.net\/wp-content\/uploads\/sites\/8\/2020\/10\/K-12x12.png 12w\" sizes=\"(max-width: 64px) 100vw, 64px\" \/><\/p>\n\n\n\n<p class=\"has-text-align-center\"><strong>KAMIKAZE<\/strong><\/p>\n<\/div><\/div>\n\n\n\n<div class=\"wp-block-uagb-column uagb-column__wrap uagb-column__background-undefined uagb-block-1ed0a259\"><div class=\"uagb-column__overlay\"><\/div><div class=\"uagb-column__inner-wrap\">\n<p class=\"has-text-align-center\"><img decoding=\"async\" width=\"64\" height=\"64\" class=\"wp-image-34\" style=\"width: 64px;\" src=\"https:\/\/supcom.standardof.net\/wp-content\/uploads\/sites\/8\/2020\/10\/L.png\" alt=\"\" srcset=\"https:\/\/supcom.standardof.net\/wp-content\/uploads\/sites\/8\/2020\/10\/L.png 128w, https:\/\/supcom.standardof.net\/wp-content\/uploads\/sites\/8\/2020\/10\/L-12x12.png 12w\" sizes=\"(max-width: 64px) 100vw, 64px\" \/><\/p>\n\n\n\n<p class=\"has-text-align-center\"><strong>LANCIA MISSILE TATTICO<\/strong><\/p>\n<\/div><\/div>\n<\/div><\/section>\n\n\n\n<section class=\"wp-block-uagb-columns uagb-columns__wrap uagb-columns__background-undefined uagb-columns__stack-mobile uagb-columns__valign-undefined uagb-columns__gap-10 alignundefined uagb-block-489f8f02\"><div class=\"uagb-columns__overlay\"><\/div><div class=\"uagb-columns__inner-wrap uagb-columns__columns-3\">\n<div class=\"wp-block-uagb-column uagb-column__wrap uagb-column__background-undefined uagb-block-08c7c30a\"><div class=\"uagb-column__overlay\"><\/div><div class=\"uagb-column__inner-wrap\">\n<p class=\"has-text-align-center\"><img decoding=\"async\" width=\"64\" height=\"64\" class=\"wp-image-43\" style=\"width: 64px;\" src=\"https:\/\/supcom.standardof.net\/wp-content\/uploads\/sites\/8\/2020\/10\/U.png\" alt=\"\" srcset=\"https:\/\/supcom.standardof.net\/wp-content\/uploads\/sites\/8\/2020\/10\/U.png 128w, https:\/\/supcom.standardof.net\/wp-content\/uploads\/sites\/8\/2020\/10\/U-12x12.png 12w\" sizes=\"(max-width: 64px) 100vw, 64px\" \/><\/p>\n\n\n\n<p class=\"has-text-align-center\"><strong>TRASPORTO<\/strong><\/p>\n\n\n\n<p class=\"has-text-align-center\"><em>Premere una volta Transport per caricare e di nuovo per scaricare.<\/em><\/p>\n<\/div><\/div>\n\n\n\n<div class=\"wp-block-uagb-column uagb-column__wrap uagb-column__background-undefined uagb-block-2bcd961b\"><div class=\"uagb-column__overlay\"><\/div><div class=\"uagb-column__inner-wrap\">\n<p class=\"has-text-align-center\"><img decoding=\"async\" width=\"64\" height=\"64\" class=\"wp-image-38\" style=\"width: 64px;\" src=\"https:\/\/supcom.standardof.net\/wp-content\/uploads\/sites\/8\/2020\/10\/P.png\" alt=\"\" srcset=\"https:\/\/supcom.standardof.net\/wp-content\/uploads\/sites\/8\/2020\/10\/P.png 128w, https:\/\/supcom.standardof.net\/wp-content\/uploads\/sites\/8\/2020\/10\/P-12x12.png 12w\" sizes=\"(max-width: 64px) 100vw, 64px\" \/><\/p>\n\n\n\n<p class=\"has-text-align-center\"><strong>PATTUGLIA<\/strong><\/p>\n\n\n\n<p class=\"has-text-align-center\"><em>Gli ingegneri impostati su Patrol ripareranno e recupereranno automaticamente.<\/em><\/p>\n<\/div><\/div>\n\n\n\n<div class=\"wp-block-uagb-column uagb-column__wrap uagb-column__background-undefined uagb-block-cb6c50ab\"><div class=\"uagb-column__overlay\"><\/div><div class=\"uagb-column__inner-wrap\">\n<p class=\"has-text-align-center\"><img decoding=\"async\" width=\"64\" height=\"64\" class=\"wp-image-61\" style=\"width: 64px;\" src=\"https:\/\/supcom.standardof.net\/wp-content\/uploads\/sites\/8\/2020\/10\/bracket-right.png\" alt=\"\" srcset=\"https:\/\/supcom.standardof.net\/wp-content\/uploads\/sites\/8\/2020\/10\/bracket-right.png 128w, https:\/\/supcom.standardof.net\/wp-content\/uploads\/sites\/8\/2020\/10\/bracket-right-12x12.png 12w\" sizes=\"(max-width: 64px) 100vw, 64px\" \/><\/p>\n\n\n\n<p class=\"has-text-align-center\"><strong>ALTERRA LO STATO DEL FUOCO<\/strong><\/p>\n\n\n\n<p class=\"has-text-align-center\"><em>Alterna tra Fire At Will, Hold Fire e Hold Ground.<\/em><\/p>\n<\/div><\/div>\n<\/div><\/section>\n\n\n\n<section class=\"wp-block-uagb-columns uagb-columns__wrap uagb-columns__background-undefined uagb-columns__stack-mobile uagb-columns__valign-undefined uagb-columns__gap-10 alignundefined uagb-block-69a42b39\"><div class=\"uagb-columns__overlay\"><\/div><div class=\"uagb-columns__inner-wrap uagb-columns__columns-2\">\n<div class=\"wp-block-uagb-column uagb-column__wrap uagb-column__background-undefined uagb-block-1c71a63b\"><div class=\"uagb-column__overlay\"><\/div><div class=\"uagb-column__inner-wrap\">\n<p class=\"has-text-align-center\"><img decoding=\"async\" width=\"64\" height=\"64\" class=\"wp-image-31\" style=\"width: 64px;\" src=\"https:\/\/supcom.standardof.net\/wp-content\/uploads\/sites\/8\/2020\/10\/I.png\" alt=\"\" srcset=\"https:\/\/supcom.standardof.net\/wp-content\/uploads\/sites\/8\/2020\/10\/I.png 128w, https:\/\/supcom.standardof.net\/wp-content\/uploads\/sites\/8\/2020\/10\/I-12x12.png 12w\" sizes=\"(max-width: 64px) 100vw, 64px\" \/><\/p>\n\n\n\n<p class=\"has-text-align-center\"><strong>ASSIST<\/strong><\/p>\n\n\n\n<p class=\"has-text-align-center\"><em>Gli ingegneri e la Cybran Mantis ripareranno le unit\u00e0 che stanno assistendo. Altre unit\u00e0 si schiereranno in formazione protettiva attorno all&#039;unit\u00e0.<\/em><\/p>\n\n\n\n<p class=\"has-text-align-center\"><em>Le fabbriche assumeranno la coda di costruzione e gli ordini predefiniti della fabbrica che stanno assistendo. I trasporti che assistono una fabbrica trasporteranno per aiutare a eseguire gli ordini predefiniti della fabbrica.<\/em><\/p>\n\n\n\n<p class=\"has-text-align-center\"><em>Le unit\u00e0 aeree che assistono un faro di un traghetto cercheranno di aiutare il traghetto.<\/em><\/p>\n<\/div><\/div>\n\n\n\n<div class=\"wp-block-uagb-column uagb-column__wrap uagb-column__background-undefined uagb-block-0b636add\"><div class=\"uagb-column__overlay\"><\/div><div class=\"uagb-column__inner-wrap\">\n<p class=\"has-text-align-center\"><img decoding=\"async\" width=\"64\" height=\"64\" class=\"wp-image-28\" style=\"width: 64px;\" src=\"https:\/\/supcom.standardof.net\/wp-content\/uploads\/sites\/8\/2020\/10\/F.png\" alt=\"\" srcset=\"https:\/\/supcom.standardof.net\/wp-content\/uploads\/sites\/8\/2020\/10\/F.png 128w, https:\/\/supcom.standardof.net\/wp-content\/uploads\/sites\/8\/2020\/10\/F-12x12.png 12w\" sizes=\"(max-width: 64px) 100vw, 64px\" \/><\/p>\n\n\n\n<p class=\"has-text-align-center\"><strong>TRAGHETTO<\/strong><\/p>\n\n\n\n<p class=\"has-text-align-center\"><em>Un trasporto detto a Ferry creer\u00e0 un faro per il traghetto nella sua posizione attuale e inizier\u00e0 a traghettare unit\u00e0 verso la destinazione scelta.<\/em><\/p>\n<\/div><\/div>\n<\/div><\/section>\n\n\n\n<section class=\"wp-block-uagb-columns uagb-columns__wrap uagb-columns__background-undefined uagb-columns__stack-mobile uagb-columns__valign-undefined uagb-columns__gap-10 alignundefined uagb-block-ddb6ee3b\"><div class=\"uagb-columns__overlay\"><\/div><div class=\"uagb-columns__inner-wrap uagb-columns__columns-1\">\n<div class=\"wp-block-uagb-column uagb-column__wrap uagb-column__background-undefined uagb-block-8514f2ae\"><div class=\"uagb-column__overlay\"><\/div><div class=\"uagb-column__inner-wrap\">\n<h2 class=\"wp-block-heading\">Scorciatoie non disponibili<\/h2>\n\n\n\n<p>Non ci sono scorciatoie in<em> Comandante supremo<\/em> per potenziare unit\u00e0, attivare \/ disattivare occultamento e furtivit\u00e0, sacrificare, attraccare o ordinare alle fabbriche di ripetere gli ordini; devono essere cliccati manualmente nell&#039;interfaccia o nella modalit\u00e0 Build.<\/p>\n<\/div><\/div>\n<\/div><\/section>\n\n\n\n<p><\/p>","protected":false},"excerpt":{"rendered":"<p>Giving Orders These commands relate to giving commands to your units in Supreme Commander, allowing for a great variety and complexity of the commands issued. Right Click: Give default order On terrain: Move On enemies: Attack Engineers will Capture enemies instead. On allies or construction: Assist &nbsp;Engineers will Repair construction instead. Transports will Transport allied [&hellip;]<\/p>","protected":false},"author":1,"featured_media":0,"parent":104,"menu_order":2,"comment_status":"closed","ping_status":"closed","template":"","meta":{"_uag_custom_page_level_css":"","site-sidebar-layout":"default","site-content-layout":"default","ast-site-content-layout":"","site-content-style":"default","site-sidebar-style":"default","ast-global-header-display":"","ast-banner-title-visibility":"","ast-main-header-display":"","ast-hfb-above-header-display":"","ast-hfb-below-header-display":"","ast-hfb-mobile-header-display":"","site-post-title":"","ast-breadcrumbs-content":"","ast-featured-img":"","footer-sml-layout":"","theme-transparent-header-meta":"default","adv-header-id-meta":"","stick-header-meta":"","header-above-stick-meta":"","header-main-stick-meta":"","header-below-stick-meta":"","astra-migrate-meta-layouts":"default","ast-page-background-enabled":"default","ast-page-background-meta":{"desktop":{"background-color":"","background-image":"","background-repeat":"repeat","background-position":"center center","background-size":"auto","background-attachment":"scroll","background-type":"","background-media":"","overlay-type":"","overlay-color":"","overlay-gradient":""},"tablet":{"background-color":"","background-image":"","background-repeat":"repeat","background-position":"center center","background-size":"auto","background-attachment":"scroll","background-type":"","background-media":"","overlay-type":"","overlay-color":"","overlay-gradient":""},"mobile":{"background-color":"","background-image":"","background-repeat":"repeat","background-position":"center center","background-size":"auto","background-attachment":"scroll","background-type":"","background-media":"","overlay-type":"","overlay-color":"","overlay-gradient":""}},"ast-content-background-meta":{"desktop":{"background-color":"var(--ast-global-color-5)","background-image":"","background-repeat":"repeat","background-position":"center center","background-size":"auto","background-attachment":"scroll","background-type":"","background-media":"","overlay-type":"","overlay-color":"","overlay-gradient":""},"tablet":{"background-color":"var(--ast-global-color-5)","background-image":"","background-repeat":"repeat","background-position":"center center","background-size":"auto","background-attachment":"scroll","background-type":"","background-media":"","overlay-type":"","overlay-color":"","overlay-gradient":""},"mobile":{"background-color":"var(--ast-global-color-5)","background-image":"","background-repeat":"repeat","background-position":"center center","background-size":"auto","background-attachment":"scroll","background-type":"","background-media":"","overlay-type":"","overlay-color":"","overlay-gradient":""}},"footnotes":""},"uagb_featured_image_src":{"full":false,"thumbnail":false,"medium":false,"medium_large":false,"large":false,"1536x1536":false,"2048x2048":false,"trp-custom-language-flag":false},"uagb_author_info":{"display_name":"SOE","author_link":"https:\/\/supcom.standardof.net\/it\/author\/k-tastic\/"},"uagb_comment_info":0,"uagb_excerpt":"Giving Orders These commands relate to giving commands to your units in Supreme Commander, allowing for a great variety and complexity of the commands issued. Right Click: Give default order On terrain: Move On enemies: Attack Engineers will Capture enemies instead. On allies or construction: Assist &nbsp;Engineers will Repair construction instead. Transports will Transport allied&hellip;","_links":{"self":[{"href":"https:\/\/supcom.standardof.net\/it\/wp-json\/wp\/v2\/pages\/114"}],"collection":[{"href":"https:\/\/supcom.standardof.net\/it\/wp-json\/wp\/v2\/pages"}],"about":[{"href":"https:\/\/supcom.standardof.net\/it\/wp-json\/wp\/v2\/types\/page"}],"author":[{"embeddable":true,"href":"https:\/\/supcom.standardof.net\/it\/wp-json\/wp\/v2\/users\/1"}],"replies":[{"embeddable":true,"href":"https:\/\/supcom.standardof.net\/it\/wp-json\/wp\/v2\/comments?post=114"}],"version-history":[{"count":0,"href":"https:\/\/supcom.standardof.net\/it\/wp-json\/wp\/v2\/pages\/114\/revisions"}],"up":[{"embeddable":true,"href":"https:\/\/supcom.standardof.net\/it\/wp-json\/wp\/v2\/pages\/104"}],"wp:attachment":[{"href":"https:\/\/supcom.standardof.net\/it\/wp-json\/wp\/v2\/media?parent=114"}],"curies":[{"name":"wp","href":"https:\/\/api.w.org\/{rel}","templated":true}]}}