{"id":119,"date":"2020-10-31T12:53:34","date_gmt":"2020-10-31T16:53:34","guid":{"rendered":"https:\/\/supcom.standardof.net\/?page_id=119"},"modified":"2020-11-04T09:17:53","modified_gmt":"2020-11-04T14:17:53","slug":"camera-and-interface","status":"publish","type":"page","link":"https:\/\/supcom.standardof.net\/it\/supreme-commander\/controlli\/fotocamera-e-interfaccia\/","title":{"rendered":"Fotocamera e interfaccia"},"content":{"rendered":"<p>Queste scorciatoie e comandi da tastiera ti consentono di controllare la telecamera e l&#039;interfaccia in Supreme Commander, dandoti cos\u00ec la possibilit\u00e0 di modificare la tua visione dell&#039;azione nel gioco. Questi controlli possono essere importanti tanto quanto quando si tratta di dare ordini, dal momento che sei la mente dietro le tue armate, la capacit\u00e0 di vedere cosa sta succedendo con facilit\u00e0 \u00e8 fondamentale.<\/p>\n\n\n\n<p><strong>Barra spaziatrice e tieni premuto:<\/strong> <strong>Padella <\/strong>e <strong>Ruotare <\/strong>Fotocamera liberamente <br><strong>Q:<\/strong> Ingrandire <br><strong>W:<\/strong> Zoom indietro <br><strong>Ctrl + Q:<\/strong> Zoom avanti veloce <br><strong>Ctrl + W:<\/strong> Zoom indietro veloce <br><strong>T:<\/strong> Unit\u00e0 di traccia <br><strong>Ctrl + Maiusc + T:<\/strong> Traccia l&#039;unit\u00e0 sulla minimappa <br><strong>Ctrl + Alt + T:<\/strong> Unit\u00e0 di traccia sulla seconda schermata <br><strong>Tab:<\/strong> Vai alla successiva posizione della telecamera salvata <br><strong>Maiusc + Tab:<\/strong> Salva questa posizione della telecamera <br><strong>Ctrl + Tab:<\/strong> Elimina la posizione della telecamera <br><strong>Ctrl + V:<\/strong> Imposta la posizione della videocamera come visualizzazione predefinita <br><strong>V:<\/strong> Ripristina la fotocamera <br><strong>Ctrl + F:<\/strong> Fai uno screenshot<\/p>\n\n\n\n<p><strong>Y:<\/strong> Apri il menu della minimappa<\/p>\n\n\n\n<p><strong>Marcatori per gli alleati:<\/strong> <br><strong>F5:<\/strong> Contrassegna la posizione come &quot;Avviso generale&quot; <br><strong>F6:<\/strong> Contrassegna posizione come &quot;Sposta&quot; <br><strong>F7:<\/strong> Contrassegna la posizione come &quot;Attacco&quot;<br>&nbsp;&nbsp;&nbsp;&nbsp; <em>* Questi tre indicatori scompaiono dopo 10 secondi.<\/em> <br><strong>F8:<\/strong> Indicatore personalizzato per la posizione<br>&nbsp;&nbsp;&nbsp; <strong> Maiusc + Ctrl + clic destro:<\/strong> Rimuovi indicatore personalizzato<br>&nbsp;&nbsp;&nbsp;&nbsp; <strong>Maiusc + clic sinistro e trascina:<\/strong> Sposta l&#039;indicatore personalizzato (gli alleati possono farlo)<\/p>\n\n\n\n<p><strong>Esc:<\/strong> Apri il menu Esc<br>&nbsp;&nbsp;&nbsp;&nbsp; <em>* Nella campagna o nella schermaglia, questo metter\u00e0 in pausa il gioco.<\/em> <br><strong>Alt + Freccia su o Alt + Freccia gi\u00f9:<\/strong> Attiva \/ disattiva l&#039;interfaccia utente<br>&nbsp;&nbsp;&nbsp;&nbsp; Ci sono quattro possibili interfacce utente:<br>&nbsp;&nbsp;&nbsp;&nbsp; Predefinito: parte inferiore dello schermo<br>&nbsp;&nbsp;&nbsp;&nbsp; Lato sinistro dello schermo<br>&nbsp;&nbsp;&nbsp;&nbsp; Lato destro dello schermo<br>&nbsp;&nbsp;&nbsp;&nbsp; Minimalista: piccolo e trasparente nella parte inferiore dello schermo <br><strong>Ctrl + Alt + F1:<\/strong> Attiva \/ disattiva l&#039;interfaccia utente <br><strong>Alt + L:<\/strong> Attiva \/ disattiva le barre di salvataggio <br><strong>Ctrl + N:<\/strong> Rinomina unit\u00e0 <br><strong>Casa:<\/strong> Schermo diviso attivo <br><strong>Fine:<\/strong> Schermo diviso disattivato <br><strong>Pagina su:<\/strong> Scorri verso l&#039;alto di 1 pagina nella cronologia chat <br><strong>Pagina gi\u00f9:<\/strong> Scorri verso il basso di 1 pagina nella cronologia chat <br><strong>Maiusc + PagSu:<\/strong> Scorri verso l&#039;alto di 1 riga nella cronologia chat <br><strong>Maiusc + Pagina Gi\u00f9:<\/strong> Scorri verso il basso di 1 riga nella cronologia chat<\/p>\n\n\n\n<p><strong>Ctrl + W:<\/strong> Attiva \/ disattiva overlay militare (mostra la portata delle armi) <br><strong>Ctrl + E:<\/strong> Attiva \/ disattiva l&#039;overlay della difesa (cambia i colori delle icone) <br><strong>Ctrl + R:<\/strong> Attiva \/ disattiva overlay economia (mostra l&#039;utilizzo delle risorse) <br><strong>Ctrl + T:<\/strong> Attiva \/ disattiva la sovrapposizione delle informazioni (mostra le distanze del radar)<\/p>\n\n\n\n<p><strong>F1:<\/strong> Attiva \/ disattiva la finestra degli obiettivi <br><strong>F2:<\/strong> Alterna i punteggi <br><strong>F3:<\/strong> Attiva \/ disattiva il registro di trasmissione <br><strong>F4:<\/strong> Attiva \/ disattiva la finestra diplomazia <br><strong>F11:<\/strong> Attiva \/ disattiva la finestra di connettivit\u00e0 <br><strong>F12:<\/strong> Mostra la schermata delle associazioni di tasti<\/p>\n\n\n\n<p><strong>Pausa:<\/strong> Metti in pausa il gioco <br><strong>Meno sul tastierino numerico:<\/strong> Diminuisci la velocit\u00e0 del gioco <br><strong>Plus sul tastierino numerico:<\/strong> Aumenta la velocit\u00e0 del gioco <br><strong>Stella sul tastierino numerico:<\/strong> Ripristina la velocit\u00e0 di gioco a +0<\/p>","protected":false},"excerpt":{"rendered":"<p>These shortcuts and keyboard commands allow you to control the camera and interface in Supreme Commander, thus giving you the ability to modify your view of the action in-game. These controls can be just as important as when it comes to giving orders, since you being the mastermind behind you armies, the ability for you [&hellip;]<\/p>","protected":false},"author":1,"featured_media":5,"parent":104,"menu_order":4,"comment_status":"closed","ping_status":"closed","template":"","meta":{"_uag_custom_page_level_css":"","site-sidebar-layout":"default","site-content-layout":"default","ast-site-content-layout":"","site-content-style":"default","site-sidebar-style":"default","ast-global-header-display":"","ast-banner-title-visibility":"","ast-main-header-display":"","ast-hfb-above-header-display":"","ast-hfb-below-header-display":"","ast-hfb-mobile-header-display":"","site-post-title":"","ast-breadcrumbs-content":"","ast-featured-img":"","footer-sml-layout":"","theme-transparent-header-meta":"default","adv-header-id-meta":"","stick-header-meta":"","header-above-stick-meta":"","header-main-stick-meta":"","header-below-stick-meta":"","astra-migrate-meta-layouts":"default","ast-page-background-enabled":"default","ast-page-background-meta":{"desktop":{"background-color":"","background-image":"","background-repeat":"repeat","background-position":"center center","background-size":"auto","background-attachment":"scroll","background-type":"","background-media":"","overlay-type":"","overlay-color":"","overlay-gradient":""},"tablet":{"background-color":"","background-image":"","background-repeat":"repeat","background-position":"center center","background-size":"auto","background-attachment":"scroll","background-type":"","background-media":"","overlay-type":"","overlay-color":"","overlay-gradient":""},"mobile":{"background-color":"","background-image":"","background-repeat":"repeat","background-position":"center center","background-size":"auto","background-attachment":"scroll","background-type":"","background-media":"","overlay-type":"","overlay-color":"","overlay-gradient":""}},"ast-content-background-meta":{"desktop":{"background-color":"var(--ast-global-color-5)","background-image":"","background-repeat":"repeat","background-position":"center center","background-size":"auto","background-attachment":"scroll","background-type":"","background-media":"","overlay-type":"","overlay-color":"","overlay-gradient":""},"tablet":{"background-color":"var(--ast-global-color-5)","background-image":"","background-repeat":"repeat","background-position":"center center","background-size":"auto","background-attachment":"scroll","background-type":"","background-media":"","overlay-type":"","overlay-color":"","overlay-gradient":""},"mobile":{"background-color":"var(--ast-global-color-5)","background-image":"","background-repeat":"repeat","background-position":"center center","background-size":"auto","background-attachment":"scroll","background-type":"","background-media":"","overlay-type":"","overlay-color":"","overlay-gradient":""}},"footnotes":""},"uagb_featured_image_src":{"full":["https:\/\/supcom.standardof.net\/wp-content\/uploads\/sites\/8\/2020\/10\/Supreme-Commander-Header-UEF.jpg",1600,680,false],"thumbnail":["https:\/\/supcom.standardof.net\/wp-content\/uploads\/sites\/8\/2020\/10\/Supreme-Commander-Header-UEF-200x85.jpg",200,85,true],"medium":["https:\/\/supcom.standardof.net\/wp-content\/uploads\/sites\/8\/2020\/10\/Supreme-Commander-Header-UEF-512x218.jpg",512,218,true],"medium_large":["https:\/\/supcom.standardof.net\/wp-content\/uploads\/sites\/8\/2020\/10\/Supreme-Commander-Header-UEF-768x326.jpg",768,326,true],"large":["https:\/\/supcom.standardof.net\/wp-content\/uploads\/sites\/8\/2020\/10\/Supreme-Commander-Header-UEF-800x340.jpg",800,340,true],"1536x1536":["https:\/\/supcom.standardof.net\/wp-content\/uploads\/sites\/8\/2020\/10\/Supreme-Commander-Header-UEF-1536x653.jpg",1536,653,true],"2048x2048":["https:\/\/supcom.standardof.net\/wp-content\/uploads\/sites\/8\/2020\/10\/Supreme-Commander-Header-UEF.jpg",1600,680,false],"trp-custom-language-flag":["https:\/\/supcom.standardof.net\/wp-content\/uploads\/sites\/8\/2020\/10\/Supreme-Commander-Header-UEF-16x7.jpg",16,7,true]},"uagb_author_info":{"display_name":"SOE","author_link":"https:\/\/supcom.standardof.net\/it\/author\/k-tastic\/"},"uagb_comment_info":0,"uagb_excerpt":"These shortcuts and keyboard commands allow you to control the camera and interface in Supreme Commander, thus giving you the ability to modify your view of the action in-game. These controls can be just as important as when it comes to giving orders, since you being the mastermind behind you armies, the ability for you&hellip;","_links":{"self":[{"href":"https:\/\/supcom.standardof.net\/it\/wp-json\/wp\/v2\/pages\/119"}],"collection":[{"href":"https:\/\/supcom.standardof.net\/it\/wp-json\/wp\/v2\/pages"}],"about":[{"href":"https:\/\/supcom.standardof.net\/it\/wp-json\/wp\/v2\/types\/page"}],"author":[{"embeddable":true,"href":"https:\/\/supcom.standardof.net\/it\/wp-json\/wp\/v2\/users\/1"}],"replies":[{"embeddable":true,"href":"https:\/\/supcom.standardof.net\/it\/wp-json\/wp\/v2\/comments?post=119"}],"version-history":[{"count":0,"href":"https:\/\/supcom.standardof.net\/it\/wp-json\/wp\/v2\/pages\/119\/revisions"}],"up":[{"embeddable":true,"href":"https:\/\/supcom.standardof.net\/it\/wp-json\/wp\/v2\/pages\/104"}],"wp:featuredmedia":[{"embeddable":true,"href":"https:\/\/supcom.standardof.net\/it\/wp-json\/wp\/v2\/media\/5"}],"wp:attachment":[{"href":"https:\/\/supcom.standardof.net\/it\/wp-json\/wp\/v2\/media?parent=119"}],"curies":[{"name":"wp","href":"https:\/\/api.w.org\/{rel}","templated":true}]}}