{"id":153,"date":"2020-10-31T14:02:43","date_gmt":"2020-10-31T18:02:43","guid":{"rendered":"https:\/\/supcom.standardof.net\/?page_id=153"},"modified":"2020-10-31T14:39:12","modified_gmt":"2020-10-31T18:39:12","slug":"uef-operation-metal-shark","status":"publish","type":"page","link":"https:\/\/supcom.standardof.net\/it\/supreme-commander\/procedure-dettagliate-della-campagna\/uef-operation-metal-shark\/","title":{"rendered":"Missione 3 dell&#039;UEF - Operazione Metal Shark"},"content":{"rendered":"<p>Dopo aver ricevuto una promozione a capitano per i tuoi precedenti sforzi in Snow Blind, ora sei incaricato nell&#039;Operazione Metal Shark di andare con Arnold al Matar, il mondo dei bordi, dove gli Eoni stanno facendo il lavaggio del cervello o massacrando la popolazione locale. L&#039;operazione Metal Shark sar\u00e0 la prima mappa principalmente navale su cui combatterai nella campagna UEF e l&#039;unica missione che ruota esclusivamente attorno al combattimento non terrestre.<\/p>\n\n\n\n<section class=\"wp-block-uagb-columns uagb-columns__wrap uagb-columns__background-undefined uagb-columns__stack-mobile uagb-columns__valign-undefined uagb-columns__gap-10 alignundefined uagb-block-2f35daeb\"><div class=\"uagb-columns__overlay\"><\/div><div class=\"uagb-columns__inner-wrap uagb-columns__columns-1\">\n<div class=\"wp-block-uagb-column uagb-column__wrap uagb-column__background-undefined uagb-block-66b45250\"><div class=\"uagb-column__overlay\"><\/div><div class=\"uagb-column__inner-wrap\">\n<h3 class=\"wp-block-heading\">1. SCONFIGGI LA FORZA DELLA FREGATA<\/h3>\n\n\n\n<p><a href=\"https:\/\/www.standardof.net\/wp-content\/uploads\/2011\/10\/M-uef-3-1.avi_snapshot_00.11.04_2011.10.25_04.51.50.png\" class=\"rank-math-link\" target=\"_blank\" rel=\"noopener\"><\/a>Una flotta di sei fregate pattuglia a sud. Per sconfiggerli, avrai bisogno di una marina considerevole, quindi costruisci la tua isola di partenza con molte difese aeree e marine prima di iniziare questo obiettivo. Una forza mista di sottomarini e bombardieri funziona meglio, poich\u00e9 rendono la vita dura agli ingegneri che costruiscono lanciasiluri o fregate nemiche. Se hai sbloccato le cannoniere con obiettivi 2 e 3, quelle sono eccellenti.<\/p>\n\n\n\n<div class=\"wp-block-image\"><figure class=\"aligncenter size-large\"><a href=\"https:\/\/supcom.standardof.net\/it\/supreme-commander\/procedure-dettagliate-della-campagna\/uef-operation-metal-shark\/uef-mission-3-operation-metal-shark-1\/\"><img decoding=\"async\" width=\"750\" height=\"601\" src=\"https:\/\/supcom.standardof.net\/wp-content\/uploads\/sites\/8\/2020\/10\/UEF-Mission-3-\u2013-Operation-Metal-Shark-1.jpg\" alt=\"\" class=\"wp-image-154\" srcset=\"https:\/\/supcom.standardof.net\/wp-content\/uploads\/sites\/8\/2020\/10\/UEF-Mission-3-\u2013-Operation-Metal-Shark-1.jpg 750w, https:\/\/supcom.standardof.net\/wp-content\/uploads\/sites\/8\/2020\/10\/UEF-Mission-3-\u2013-Operation-Metal-Shark-1-512x410.jpg 512w, https:\/\/supcom.standardof.net\/wp-content\/uploads\/sites\/8\/2020\/10\/UEF-Mission-3-\u2013-Operation-Metal-Shark-1-200x160.jpg 200w, https:\/\/supcom.standardof.net\/wp-content\/uploads\/sites\/8\/2020\/10\/UEF-Mission-3-\u2013-Operation-Metal-Shark-1-16x12.jpg 16w\" sizes=\"(max-width: 750px) 100vw, 750px\" \/><\/a><\/figure><\/div>\n<\/div><\/div>\n<\/div><\/section>\n\n\n\n<section class=\"wp-block-uagb-columns uagb-columns__wrap uagb-columns__background-undefined uagb-columns__stack-mobile uagb-columns__valign-undefined uagb-columns__gap-10 alignundefined uagb-block-cfe39f80\"><div class=\"uagb-columns__overlay\"><\/div><div class=\"uagb-columns__inner-wrap uagb-columns__columns-1\">\n<div class=\"wp-block-uagb-column uagb-column__wrap uagb-column__background-undefined uagb-block-00145445\"><div class=\"uagb-column__overlay\"><\/div><div class=\"uagb-column__inner-wrap\">\n<h3 class=\"wp-block-heading\">2. COSTRUIRE L&#039;INSTALLAZIONE DEL SONAR<\/h3>\n\n\n\n<p>Obiettivo pi\u00f9 semplice da &quot;Build 3 Mass Extractors&quot;. Costruiscilo vicino a un lanciasiluri in modo da poter avere qualche avvertimento in anticipo per le tue difese.<\/p>\n<\/div><\/div>\n<\/div><\/section>\n\n\n\n<section class=\"wp-block-uagb-columns uagb-columns__wrap uagb-columns__background-undefined uagb-columns__stack-mobile uagb-columns__valign-undefined uagb-columns__gap-10 alignundefined uagb-block-13f08576\"><div class=\"uagb-columns__overlay\"><\/div><div class=\"uagb-columns__inner-wrap uagb-columns__columns-1\">\n<div class=\"wp-block-uagb-column uagb-column__wrap uagb-column__background-undefined uagb-block-0b9139f6\"><div class=\"uagb-column__overlay\"><\/div><div class=\"uagb-column__inner-wrap\">\n<h3 class=\"wp-block-heading\">3. DISTRUGGERE TUTTI I GRUPPI SOTTOMARINI NEMICI<\/h3>\n\n\n\n<p><a href=\"https:\/\/www.standardof.net\/wp-content\/uploads\/2011\/10\/M-uef-3-1.avi_snapshot_00.15.39_2011.10.25_04.54.34.png\" class=\"rank-math-link\" target=\"_blank\" rel=\"noopener\"><\/a>L&#039;unico vero modo per sconfiggere i sottomarini nemici \u00e8 avere molti sottomarini tutti tuoi. Una singola fregata ti dar\u00e0 anche la copertura del sonar per il vantaggio pi\u00f9 importante nelle battaglie secondarie, dal momento che chi spara per primo di solito vince. Se puoi ingannarli in un lanciasiluri, il tuo lavoro \u00e8 pi\u00f9 facile, ma \u00e8 rischioso.<\/p>\n\n\n\n<div class=\"wp-block-image\"><figure class=\"aligncenter size-large\"><img decoding=\"async\" width=\"800\" height=\"583\" src=\"https:\/\/supcom.standardof.net\/wp-content\/uploads\/sites\/8\/2020\/10\/UEF-Mission-3-\u2013-Operation-Metal-Shark-2-800x583.jpg\" alt=\"\" class=\"wp-image-155\" srcset=\"https:\/\/supcom.standardof.net\/wp-content\/uploads\/sites\/8\/2020\/10\/UEF-Mission-3-\u2013-Operation-Metal-Shark-2-800x583.jpg 800w, https:\/\/supcom.standardof.net\/wp-content\/uploads\/sites\/8\/2020\/10\/UEF-Mission-3-\u2013-Operation-Metal-Shark-2-512x373.jpg 512w, https:\/\/supcom.standardof.net\/wp-content\/uploads\/sites\/8\/2020\/10\/UEF-Mission-3-\u2013-Operation-Metal-Shark-2-200x146.jpg 200w, https:\/\/supcom.standardof.net\/wp-content\/uploads\/sites\/8\/2020\/10\/UEF-Mission-3-\u2013-Operation-Metal-Shark-2-768x559.jpg 768w, https:\/\/supcom.standardof.net\/wp-content\/uploads\/sites\/8\/2020\/10\/UEF-Mission-3-\u2013-Operation-Metal-Shark-2-16x12.jpg 16w, https:\/\/supcom.standardof.net\/wp-content\/uploads\/sites\/8\/2020\/10\/UEF-Mission-3-\u2013-Operation-Metal-Shark-2.jpg 810w\" sizes=\"(max-width: 800px) 100vw, 800px\" \/><\/figure><\/div>\n<\/div><\/div>\n<\/div><\/section>\n\n\n\n<section class=\"wp-block-uagb-columns uagb-columns__wrap uagb-columns__background-undefined uagb-columns__stack-mobile uagb-columns__valign-undefined uagb-columns__gap-10 alignundefined uagb-block-52e3d529\"><div class=\"uagb-columns__overlay\"><\/div><div class=\"uagb-columns__inner-wrap uagb-columns__columns-1\">\n<div class=\"wp-block-uagb-column uagb-column__wrap uagb-column__background-undefined uagb-block-2871396f\"><div class=\"uagb-column__overlay\"><\/div><div class=\"uagb-column__inner-wrap\">\n<h3 class=\"wp-block-heading\">4. SCONFIGGERE IL CONTRATTACCO AEON<\/h3>\n\n\n\n<p><em><a href=\"https:\/\/www.standardof.net\/wp-content\/uploads\/2011\/10\/M-uef-3-1.avi_snapshot_00.36.52_2011.10.25_04.56.58.png\" class=\"rank-math-link\" target=\"_blank\" rel=\"noopener\"><\/a>La mappa si espande a sud<br>Schemi aggiunti da questo punto: Gunship, Torpedo Bomber<\/em><br>Se hai una forza navale e aerea decente, il contrattacco non dovrebbe essere un problema: assicurati solo che i tuoi combattenti coprano gli approcci alla tua base. C&#039;\u00e8 una piccola isola di Eone nelle vicinanze con un impianto di idrocarburi su di essa; spediscilo con le navi (fai emergere i tuoi sottomarini per attaccare i bersagli terrestri).<\/p>\n\n\n\n<div class=\"wp-block-image\"><figure class=\"aligncenter size-large\"><img decoding=\"async\" width=\"800\" height=\"570\" src=\"https:\/\/supcom.standardof.net\/wp-content\/uploads\/sites\/8\/2020\/10\/UEF-Mission-3-\u2013-Operation-Metal-Shark-3-800x570.jpg\" alt=\"\" class=\"wp-image-156\" srcset=\"https:\/\/supcom.standardof.net\/wp-content\/uploads\/sites\/8\/2020\/10\/UEF-Mission-3-\u2013-Operation-Metal-Shark-3-800x570.jpg 800w, https:\/\/supcom.standardof.net\/wp-content\/uploads\/sites\/8\/2020\/10\/UEF-Mission-3-\u2013-Operation-Metal-Shark-3-512x365.jpg 512w, https:\/\/supcom.standardof.net\/wp-content\/uploads\/sites\/8\/2020\/10\/UEF-Mission-3-\u2013-Operation-Metal-Shark-3-200x143.jpg 200w, https:\/\/supcom.standardof.net\/wp-content\/uploads\/sites\/8\/2020\/10\/UEF-Mission-3-\u2013-Operation-Metal-Shark-3-768x547.jpg 768w, https:\/\/supcom.standardof.net\/wp-content\/uploads\/sites\/8\/2020\/10\/UEF-Mission-3-\u2013-Operation-Metal-Shark-3-16x12.jpg 16w, https:\/\/supcom.standardof.net\/wp-content\/uploads\/sites\/8\/2020\/10\/UEF-Mission-3-\u2013-Operation-Metal-Shark-3.jpg 870w\" sizes=\"(max-width: 800px) 100vw, 800px\" \/><\/figure><\/div>\n<\/div><\/div>\n<\/div><\/section>\n\n\n\n<section class=\"wp-block-uagb-columns uagb-columns__wrap uagb-columns__background-undefined uagb-columns__stack-mobile uagb-columns__valign-undefined uagb-columns__gap-10 alignundefined uagb-block-05d617f2\"><div class=\"uagb-columns__overlay\"><\/div><div class=\"uagb-columns__inner-wrap uagb-columns__columns-1\">\n<div class=\"wp-block-uagb-column uagb-column__wrap uagb-column__background-undefined uagb-block-8c74e31e\"><div class=\"uagb-column__overlay\"><\/div><div class=\"uagb-column__inner-wrap\">\n<h3 class=\"wp-block-heading\">5. RICHIEDI LA SCATOLA NERA DI ARNOLD<\/h3>\n\n\n\n<p><em><a href=\"https:\/\/www.standardof.net\/wp-content\/uploads\/2011\/10\/M-uef-3-1.avi_snapshot_00.54.12_2011.10.25_04.59.57.png\" class=\"rank-math-link\" target=\"_blank\" rel=\"noopener\"><\/a>Schemi aggiunti: Sistema di allocazione delle risorse - Aggiornamento ACU<\/em><br>A questo punto dovresti aver intensificato la produzione di aerei in modo da avere un sacco di cannoniere e caccia pronti, con supporto di bombardieri \/ aerosiluranti per la tua flotta marittima. Prova a prendere il controllo navale in anticipo in modo da poter smettere di costruire aerosiluranti e concentrarti sulle unit\u00e0 aeree. Assicurati di pattugliare a est, poich\u00e9 gli attacchi nemici generalmente provengono da quella direzione. Espanditi alle isole meridionali: le difese del punto T2 sulla costa funzionano abbastanza bene per tenere lontane le navi degli Eoni. Quando sei pronto per trasferirti sull&#039;isola di Arnold, invia prima il tuo aereo per distruggere i lanciasiluri, quindi porta le navi per ripulire.<\/p>\n\n\n\n<div class=\"wp-block-image\"><figure class=\"aligncenter size-large\"><a href=\"https:\/\/supcom.standardof.net\/it\/supreme-commander\/procedure-dettagliate-della-campagna\/uef-operation-metal-shark\/uef-mission-3-operation-metal-shark-4\/\"><img decoding=\"async\" width=\"800\" height=\"493\" src=\"https:\/\/supcom.standardof.net\/wp-content\/uploads\/sites\/8\/2020\/10\/UEF-Mission-3-\u2013-Operation-Metal-Shark-4.jpg\" alt=\"\" class=\"wp-image-157\" srcset=\"https:\/\/supcom.standardof.net\/wp-content\/uploads\/sites\/8\/2020\/10\/UEF-Mission-3-\u2013-Operation-Metal-Shark-4.jpg 800w, https:\/\/supcom.standardof.net\/wp-content\/uploads\/sites\/8\/2020\/10\/UEF-Mission-3-\u2013-Operation-Metal-Shark-4-512x316.jpg 512w, https:\/\/supcom.standardof.net\/wp-content\/uploads\/sites\/8\/2020\/10\/UEF-Mission-3-\u2013-Operation-Metal-Shark-4-200x123.jpg 200w, https:\/\/supcom.standardof.net\/wp-content\/uploads\/sites\/8\/2020\/10\/UEF-Mission-3-\u2013-Operation-Metal-Shark-4-768x473.jpg 768w, https:\/\/supcom.standardof.net\/wp-content\/uploads\/sites\/8\/2020\/10\/UEF-Mission-3-\u2013-Operation-Metal-Shark-4-16x10.jpg 16w\" sizes=\"(max-width: 800px) 100vw, 800px\" \/><\/a><\/figure><\/div>\n<\/div><\/div>\n<\/div><\/section>\n\n\n\n<section class=\"wp-block-uagb-columns uagb-columns__wrap uagb-columns__background-undefined uagb-columns__stack-mobile uagb-columns__valign-undefined uagb-columns__gap-10 alignundefined uagb-block-798d6de4\"><div class=\"uagb-columns__overlay\"><\/div><div class=\"uagb-columns__inner-wrap uagb-columns__columns-1\">\n<div class=\"wp-block-uagb-column uagb-column__wrap uagb-column__background-undefined uagb-block-00c53d5e\"><div class=\"uagb-column__overlay\"><\/div><div class=\"uagb-column__inner-wrap\">\n<h3 class=\"wp-block-heading\">6. UCCIDI O CATTURA LA EON PRINCESS<\/h3>\n\n\n\n<p><em>La mappa si espande a est<\/em><br><em>Schemi aggiunti: T2 Naval Factory<\/em><br>Non puoi completare questo obiettivo indipendentemente da come ci provi. Invece, punta su Eris, il comandante di Aeon.<\/p>\n<\/div><\/div>\n<\/div><\/section>\n\n\n\n<section class=\"wp-block-uagb-columns uagb-columns__wrap uagb-columns__background-undefined uagb-columns__stack-mobile uagb-columns__valign-undefined uagb-columns__gap-10 alignundefined uagb-block-501ebdee\"><div class=\"uagb-columns__overlay\"><\/div><div class=\"uagb-columns__inner-wrap uagb-columns__columns-1\">\n<div class=\"wp-block-uagb-column uagb-column__wrap uagb-column__background-undefined uagb-block-52b99413\"><div class=\"uagb-column__overlay\"><\/div><div class=\"uagb-column__inner-wrap\">\n<h3 class=\"wp-block-heading\">7. DISTRUGGERE LA BASE PRINCIPALE DI AEON COMMANDER<\/h3>\n\n\n\n<p><a href=\"https:\/\/www.standardof.net\/wp-content\/uploads\/2011\/10\/M-uef-3-1.avi_snapshot_01.49.05_2011.10.25_05.03.53.png\" class=\"rank-math-link\" target=\"_blank\" rel=\"noopener\"><\/a>La base Aeon \u00e8 ampia e ben difesa. Costruisci un esercito di cacciatorpediniere e sottomarini, quindi usalo per eliminare prima la piccola isola a nord della base, quindi per distruggere l&#039;antiaereo sulla punta meridionale dell&#039;isola in modo che le tue cannoniere possano spostarsi per stabilire una testa di ponte. Una volta che hai il controllo navale, smetti di costruire navi dopo che hai pochi incrociatori per battere la costa e converti la tua produzione in una fabbrica terrestre T2 che costruisce carri armati pesanti che puoi lanciare a sud. Sposta i tuoi carri armati a nord, concentrando il fuoco sulle torrette antiaeree. Come al solito, quando l&#039;ACU insegue i tuoi carri armati, invia le cannoniere e gli eventuali bombardieri rimasti per l&#039;uccisione.<\/p>\n\n\n\n<div class=\"wp-block-image\"><figure class=\"aligncenter size-large\"><img decoding=\"async\" width=\"800\" height=\"432\" src=\"https:\/\/supcom.standardof.net\/wp-content\/uploads\/sites\/8\/2020\/10\/UEF-Mission-3-\u2013-Operation-Metal-Shark-5.jpg\" alt=\"\" class=\"wp-image-158\" srcset=\"https:\/\/supcom.standardof.net\/wp-content\/uploads\/sites\/8\/2020\/10\/UEF-Mission-3-\u2013-Operation-Metal-Shark-5.jpg 800w, https:\/\/supcom.standardof.net\/wp-content\/uploads\/sites\/8\/2020\/10\/UEF-Mission-3-\u2013-Operation-Metal-Shark-5-512x276.jpg 512w, https:\/\/supcom.standardof.net\/wp-content\/uploads\/sites\/8\/2020\/10\/UEF-Mission-3-\u2013-Operation-Metal-Shark-5-200x108.jpg 200w, https:\/\/supcom.standardof.net\/wp-content\/uploads\/sites\/8\/2020\/10\/UEF-Mission-3-\u2013-Operation-Metal-Shark-5-768x415.jpg 768w, https:\/\/supcom.standardof.net\/wp-content\/uploads\/sites\/8\/2020\/10\/UEF-Mission-3-\u2013-Operation-Metal-Shark-5-16x9.jpg 16w\" sizes=\"(max-width: 800px) 100vw, 800px\" \/><\/figure><\/div>\n<\/div><\/div>\n<\/div><\/section>\n\n\n\n<h3 class=\"has-text-align-center wp-block-heading\">Missione 3 - Operazione Metal Shark - Guida video<\/h3>\n\n\n\n<figure class=\"wp-block-embed-youtube wp-block-embed is-type-video is-provider-youtube wp-embed-aspect-16-9 wp-has-aspect-ratio\"><div class=\"wp-block-embed__wrapper\">\n<div class=\"ast-oembed-container\" style=\"height: 100%;\"><iframe title=\"Operazione Metal Shark - Supreme Commander UEF Campaign on Hard\" width=\"500\" height=\"281\" src=\"https:\/\/www.youtube.com\/embed\/dCYqt1LRzpo?feature=oembed\" frameborder=\"0\" allow=\"accelerometer; autoplay; clipboard-write; encrypted-media; gyroscope; picture-in-picture; web-share\" referrerpolicy=\"strict-origin-when-cross-origin\" allowfullscreen><\/iframe><\/div>\n<\/div><\/figure>","protected":false},"excerpt":{"rendered":"<p>After receiving a promotion to captain for your previous efforts in Snow Blind, you are now tasked in Operation Metal Shark with heading with Arnold to the rim-world Matar, where the Aeon are brainwashing or slaughtering the local populace. Operation Metal Shark will be the first primarily naval map you will be fighting on in [&hellip;]<\/p>","protected":false},"author":1,"featured_media":156,"parent":122,"menu_order":1,"comment_status":"closed","ping_status":"closed","template":"","meta":{"_uag_custom_page_level_css":"","site-sidebar-layout":"default","site-content-layout":"default","ast-site-content-layout":"","site-content-style":"default","site-sidebar-style":"default","ast-global-header-display":"","ast-banner-title-visibility":"","ast-main-header-display":"","ast-hfb-above-header-display":"","ast-hfb-below-header-display":"","ast-hfb-mobile-header-display":"","site-post-title":"","ast-breadcrumbs-content":"","ast-featured-img":"","footer-sml-layout":"","theme-transparent-header-meta":"default","adv-header-id-meta":"","stick-header-meta":"","header-above-stick-meta":"","header-main-stick-meta":"","header-below-stick-meta":"","astra-migrate-meta-layouts":"default","ast-page-background-enabled":"default","ast-page-background-meta":{"desktop":{"background-color":"","background-image":"","background-repeat":"repeat","background-position":"center center","background-size":"auto","background-attachment":"scroll","background-type":"","background-media":"","overlay-type":"","overlay-color":"","overlay-gradient":""},"tablet":{"background-color":"","background-image":"","background-repeat":"repeat","background-position":"center center","background-size":"auto","background-attachment":"scroll","background-type":"","background-media":"","overlay-type":"","overlay-color":"","overlay-gradient":""},"mobile":{"background-color":"","background-image":"","background-repeat":"repeat","background-position":"center center","background-size":"auto","background-attachment":"scroll","background-type":"","background-media":"","overlay-type":"","overlay-color":"","overlay-gradient":""}},"ast-content-background-meta":{"desktop":{"background-color":"var(--ast-global-color-5)","background-image":"","background-repeat":"repeat","background-position":"center center","background-size":"auto","background-attachment":"scroll","background-type":"","background-media":"","overlay-type":"","overlay-color":"","overlay-gradient":""},"tablet":{"background-color":"var(--ast-global-color-5)","background-image":"","background-repeat":"repeat","background-position":"center center","background-size":"auto","background-attachment":"scroll","background-type":"","background-media":"","overlay-type":"","overlay-color":"","overlay-gradient":""},"mobile":{"background-color":"var(--ast-global-color-5)","background-image":"","background-repeat":"repeat","background-position":"center center","background-size":"auto","background-attachment":"scroll","background-type":"","background-media":"","overlay-type":"","overlay-color":"","overlay-gradient":""}},"footnotes":""},"uagb_featured_image_src":{"full":["https:\/\/supcom.standardof.net\/wp-content\/uploads\/sites\/8\/2020\/10\/UEF-Mission-3-\u2013-Operation-Metal-Shark-3.jpg",870,620,false],"thumbnail":["https:\/\/supcom.standardof.net\/wp-content\/uploads\/sites\/8\/2020\/10\/UEF-Mission-3-\u2013-Operation-Metal-Shark-3-200x143.jpg",200,143,true],"medium":["https:\/\/supcom.standardof.net\/wp-content\/uploads\/sites\/8\/2020\/10\/UEF-Mission-3-\u2013-Operation-Metal-Shark-3-512x365.jpg",512,365,true],"medium_large":["https:\/\/supcom.standardof.net\/wp-content\/uploads\/sites\/8\/2020\/10\/UEF-Mission-3-\u2013-Operation-Metal-Shark-3-768x547.jpg",768,547,true],"large":["https:\/\/supcom.standardof.net\/wp-content\/uploads\/sites\/8\/2020\/10\/UEF-Mission-3-\u2013-Operation-Metal-Shark-3-800x570.jpg",800,570,true],"1536x1536":["https:\/\/supcom.standardof.net\/wp-content\/uploads\/sites\/8\/2020\/10\/UEF-Mission-3-\u2013-Operation-Metal-Shark-3.jpg",870,620,false],"2048x2048":["https:\/\/supcom.standardof.net\/wp-content\/uploads\/sites\/8\/2020\/10\/UEF-Mission-3-\u2013-Operation-Metal-Shark-3.jpg",870,620,false],"trp-custom-language-flag":["https:\/\/supcom.standardof.net\/wp-content\/uploads\/sites\/8\/2020\/10\/UEF-Mission-3-\u2013-Operation-Metal-Shark-3-16x12.jpg",16,12,true]},"uagb_author_info":{"display_name":"SOE","author_link":"https:\/\/supcom.standardof.net\/it\/author\/k-tastic\/"},"uagb_comment_info":0,"uagb_excerpt":"After receiving a promotion to captain for your previous efforts in Snow Blind, you are now tasked in Operation Metal Shark with heading with Arnold to the rim-world Matar, where the Aeon are brainwashing or slaughtering the local populace. Operation Metal Shark will be the first primarily naval map you will be fighting on in&hellip;","_links":{"self":[{"href":"https:\/\/supcom.standardof.net\/it\/wp-json\/wp\/v2\/pages\/153"}],"collection":[{"href":"https:\/\/supcom.standardof.net\/it\/wp-json\/wp\/v2\/pages"}],"about":[{"href":"https:\/\/supcom.standardof.net\/it\/wp-json\/wp\/v2\/types\/page"}],"author":[{"embeddable":true,"href":"https:\/\/supcom.standardof.net\/it\/wp-json\/wp\/v2\/users\/1"}],"replies":[{"embeddable":true,"href":"https:\/\/supcom.standardof.net\/it\/wp-json\/wp\/v2\/comments?post=153"}],"version-history":[{"count":0,"href":"https:\/\/supcom.standardof.net\/it\/wp-json\/wp\/v2\/pages\/153\/revisions"}],"up":[{"embeddable":true,"href":"https:\/\/supcom.standardof.net\/it\/wp-json\/wp\/v2\/pages\/122"}],"wp:featuredmedia":[{"embeddable":true,"href":"https:\/\/supcom.standardof.net\/it\/wp-json\/wp\/v2\/media\/156"}],"wp:attachment":[{"href":"https:\/\/supcom.standardof.net\/it\/wp-json\/wp\/v2\/media?parent=153"}],"curies":[{"name":"wp","href":"https:\/\/api.w.org\/{rel}","templated":true}]}}