{"id":172,"date":"2020-10-31T14:30:29","date_gmt":"2020-10-31T18:30:29","guid":{"rendered":"https:\/\/supcom.standardof.net\/?page_id=172"},"modified":"2020-10-31T14:40:16","modified_gmt":"2020-10-31T18:40:16","slug":"uef-operation-forge","status":"publish","type":"page","link":"https:\/\/supcom.standardof.net\/it\/supreme-commander\/procedure-dettagliate-della-campagna\/uef-operation-forge\/","title":{"rendered":"Missione 5 dell&#039;UEF - Operazione Forge"},"content":{"rendered":"<p>Sfortunatamente, con l&#039;inizio di Operation Forge apprendiamo che le informazioni raccolte dalla tua operazione precedente non erano sufficienti per risolvere il problema con i Quantum Gates. L&#039;UEF dovr\u00e0 schierare la super arma Black Sun se vuole sopravvivere e per farlo dovrai supervisionare la difesa di altre importanti strutture mentre le ultime risorse vengono trasferite a Sol.<\/p>\n\n\n\n<section class=\"wp-block-uagb-columns uagb-columns__wrap uagb-columns__background-undefined uagb-columns__stack-mobile uagb-columns__valign-undefined uagb-columns__gap-10 alignundefined uagb-block-6ffcacb0\"><div class=\"uagb-columns__overlay\"><\/div><div class=\"uagb-columns__inner-wrap uagb-columns__columns-1\">\n<div class=\"wp-block-uagb-column uagb-column__wrap uagb-column__background-undefined uagb-block-3fa983aa\"><div class=\"uagb-column__overlay\"><\/div><div class=\"uagb-column__inner-wrap\">\n<h3 class=\"wp-block-heading\">1. - 2. DEFEND 90% OF THE CITY &amp; PROTECT 2 STRUTTURE DI RICERCA<\/h3>\n\n\n\n<p><a href=\"https:\/\/www.standardof.net\/wp-content\/uploads\/2011\/10\/11.jpg\" class=\"rank-math-link\" target=\"_blank\" rel=\"noopener\"><\/a>Costruisci immediatamente generatori di scudi pesanti sulle strutture di ricerca del Sole Nero con i tuoi ingegneri T3, quindi inizia a lavorare a pompare altri ingegneri dalle tue fabbriche. Metti gli ingegneri di pattuglia intorno agli edifici civili e altri che costruiscono pi\u00f9 difese anti-aeree T2 e T3. La maggior parte degli attacchi sono aerei per le prime parti della missione; a quel punto, dovresti aver accumulato gruppi di robot d&#039;assedio T3 e cannoni antiproiettile mobili T2, con il supporto di fuoco dei generatori di scudi T2, in ciascuna delle tue basi (ci saranno assalti terrestri e lanci di trasporto dall&#039;esterno delle tue basi). Il nemico tenter\u00e0 anche di stabilire la superiorit\u00e0 aerea con raffiche costanti di caccia T3; costruisci il tuo e una volta che i tuoi siti SAM sono attivi, costruisci cannoniere T3 per eliminare cose chiave come l&#039;artiglieria T3 nemica.<\/p>\n\n\n\n<div class=\"wp-block-image\"><figure class=\"aligncenter size-large\"><a href=\"https:\/\/supcom.standardof.net\/it\/supreme-commander\/procedure-dettagliate-della-campagna\/uef-operation-forge\/uef-mission-5-operation-forge-1\/\"><img decoding=\"async\" width=\"800\" height=\"430\" src=\"https:\/\/supcom.standardof.net\/wp-content\/uploads\/sites\/8\/2020\/10\/UEF-Mission-5-\u2013-Operation-Forge-1-800x430.jpg\" alt=\"\" class=\"wp-image-174\" srcset=\"https:\/\/supcom.standardof.net\/wp-content\/uploads\/sites\/8\/2020\/10\/UEF-Mission-5-\u2013-Operation-Forge-1-800x430.jpg 800w, https:\/\/supcom.standardof.net\/wp-content\/uploads\/sites\/8\/2020\/10\/UEF-Mission-5-\u2013-Operation-Forge-1-512x275.jpg 512w, https:\/\/supcom.standardof.net\/wp-content\/uploads\/sites\/8\/2020\/10\/UEF-Mission-5-\u2013-Operation-Forge-1-200x107.jpg 200w, https:\/\/supcom.standardof.net\/wp-content\/uploads\/sites\/8\/2020\/10\/UEF-Mission-5-\u2013-Operation-Forge-1-768x413.jpg 768w, https:\/\/supcom.standardof.net\/wp-content\/uploads\/sites\/8\/2020\/10\/UEF-Mission-5-\u2013-Operation-Forge-1-16x9.jpg 16w, https:\/\/supcom.standardof.net\/wp-content\/uploads\/sites\/8\/2020\/10\/UEF-Mission-5-\u2013-Operation-Forge-1.jpg 1024w\" sizes=\"(max-width: 800px) 100vw, 800px\" \/><\/a><\/figure><\/div>\n<\/div><\/div>\n<\/div><\/section>\n\n\n\n<section class=\"wp-block-uagb-columns uagb-columns__wrap uagb-columns__background-undefined uagb-columns__stack-mobile uagb-columns__valign-undefined uagb-columns__gap-10 alignundefined uagb-block-8b6e1070\"><div class=\"uagb-columns__overlay\"><\/div><div class=\"uagb-columns__inner-wrap uagb-columns__columns-1\">\n<div class=\"wp-block-uagb-column uagb-column__wrap uagb-column__background-undefined uagb-block-5eb29137\"><div class=\"uagb-column__overlay\"><\/div><div class=\"uagb-column__inner-wrap\">\n<h3 class=\"wp-block-heading\">3. DISTRIBUISCI 3 DIFESE MISSILI STRATEGICHE<\/h3>\n\n\n\n<p><a href=\"https:\/\/www.standardof.net\/wp-content\/uploads\/2011\/10\/21.jpg\" class=\"rank-math-link\" target=\"_blank\" rel=\"noopener\"><\/a><em>Schema aggiunto: Difesa missilistica strategica<\/em><br>Il nemico lancia subito una bomba atomica, ma viene automaticamente abbattuto. A questo punto, costruisci difese missilistiche strategiche (assicurati di avere pi\u00f9 di 10 ingegneri su ciascuna) nei punti indicati. Il nemico invier\u00e0 pi\u00f9 armi nucleari rapidamente, quindi aiuta le difese mentre costruiscono i loro missili. Una delle basi pu\u00f2 morire, ma se ci\u00f2 accade, molto probabilmente perderesti a causa dell&#039;obiettivo &quot;Difendi la citt\u00e0&quot;.<\/p>\n\n\n\n<div class=\"wp-block-image\"><figure class=\"aligncenter size-large\"><a href=\"https:\/\/supcom.standardof.net\/it\/supreme-commander\/procedure-dettagliate-della-campagna\/uef-operation-forge\/uef-mission-5-operation-forge-2\/\"><img decoding=\"async\" width=\"788\" height=\"602\" src=\"https:\/\/supcom.standardof.net\/wp-content\/uploads\/sites\/8\/2020\/10\/UEF-Mission-5-\u2013-Operation-Forge-2.jpg\" alt=\"\" class=\"wp-image-175\" srcset=\"https:\/\/supcom.standardof.net\/wp-content\/uploads\/sites\/8\/2020\/10\/UEF-Mission-5-\u2013-Operation-Forge-2.jpg 788w, https:\/\/supcom.standardof.net\/wp-content\/uploads\/sites\/8\/2020\/10\/UEF-Mission-5-\u2013-Operation-Forge-2-512x391.jpg 512w, https:\/\/supcom.standardof.net\/wp-content\/uploads\/sites\/8\/2020\/10\/UEF-Mission-5-\u2013-Operation-Forge-2-200x153.jpg 200w, https:\/\/supcom.standardof.net\/wp-content\/uploads\/sites\/8\/2020\/10\/UEF-Mission-5-\u2013-Operation-Forge-2-768x587.jpg 768w, https:\/\/supcom.standardof.net\/wp-content\/uploads\/sites\/8\/2020\/10\/UEF-Mission-5-\u2013-Operation-Forge-2-16x12.jpg 16w\" sizes=\"(max-width: 788px) 100vw, 788px\" \/><\/a><\/figure><\/div>\n<\/div><\/div>\n<\/div><\/section>\n\n\n\n<section class=\"wp-block-uagb-columns uagb-columns__wrap uagb-columns__background-undefined uagb-columns__stack-mobile uagb-columns__valign-undefined uagb-columns__gap-10 alignundefined uagb-block-a4b33446\"><div class=\"uagb-columns__overlay\"><\/div><div class=\"uagb-columns__inner-wrap uagb-columns__columns-1\">\n<div class=\"wp-block-uagb-column uagb-column__wrap uagb-column__background-undefined uagb-block-0e3e539a\"><div class=\"uagb-column__overlay\"><\/div><div class=\"uagb-column__inner-wrap\">\n<h3 class=\"wp-block-heading\">4. DISTRUGGERE I LANCIATORI DI MISSILI STRATEGICI DI ARNOLD<\/h3>\n\n\n\n<p><a href=\"https:\/\/www.standardof.net\/wp-content\/uploads\/2011\/10\/31.jpg\" class=\"rank-math-link\" target=\"_blank\" rel=\"noopener\"><\/a>Dopo il secondo attacco nucleare, vengono rivelati i lanciatori di armi nucleari di Arnold. Sposta tutte le tue forze in una massa enorme fino a est appena sopra la base nemica a sud-est. Con un numero sufficiente di truppe, sarai in grado di vedere e distruggere qualsiasi contrattacco prima che avvenga. Entra in una formazione nell&#039;angolo sud-est e carica attraverso la porta sul retro, ottenendo il massimo danno nel pi\u00f9 breve tempo possibile. Successivamente, dirigiti alla base nord-est per il 2 \u00b0 lanciatore. L&#039;ordine in realt\u00e0 non \u00e8 molto importante; puoi anche muoverti da nord a sud. Se sei abbastanza veloce, non avrai mai bisogno di costruire un altro missile di difesa nucleare, perch\u00e9 le altre basi non hanno bombe stesse.<\/p>\n\n\n\n<div class=\"wp-block-image\"><figure class=\"aligncenter size-large\"><a href=\"https:\/\/supcom.standardof.net\/it\/supreme-commander\/procedure-dettagliate-della-campagna\/uef-operation-forge\/uef-mission-5-operation-forge-3\/\"><img decoding=\"async\" width=\"578\" height=\"444\" src=\"https:\/\/supcom.standardof.net\/wp-content\/uploads\/sites\/8\/2020\/10\/UEF-Mission-5-\u2013-Operation-Forge-3.jpg\" alt=\"\" class=\"wp-image-176\" srcset=\"https:\/\/supcom.standardof.net\/wp-content\/uploads\/sites\/8\/2020\/10\/UEF-Mission-5-\u2013-Operation-Forge-3.jpg 578w, https:\/\/supcom.standardof.net\/wp-content\/uploads\/sites\/8\/2020\/10\/UEF-Mission-5-\u2013-Operation-Forge-3-512x393.jpg 512w, https:\/\/supcom.standardof.net\/wp-content\/uploads\/sites\/8\/2020\/10\/UEF-Mission-5-\u2013-Operation-Forge-3-200x154.jpg 200w, https:\/\/supcom.standardof.net\/wp-content\/uploads\/sites\/8\/2020\/10\/UEF-Mission-5-\u2013-Operation-Forge-3-16x12.jpg 16w\" sizes=\"(max-width: 578px) 100vw, 578px\" \/><\/a><\/figure><\/div>\n<\/div><\/div>\n<\/div><\/section>\n\n\n\n<section class=\"wp-block-uagb-columns uagb-columns__wrap uagb-columns__background-undefined uagb-columns__stack-mobile uagb-columns__valign-undefined uagb-columns__gap-10 alignundefined uagb-block-4cc5bcef\"><div class=\"uagb-columns__overlay\"><\/div><div class=\"uagb-columns__inner-wrap uagb-columns__columns-1\">\n<div class=\"wp-block-uagb-column uagb-column__wrap uagb-column__background-undefined uagb-block-a699a1c7\"><div class=\"uagb-column__overlay\"><\/div><div class=\"uagb-column__inner-wrap\">\n<h3 class=\"wp-block-heading\">5. DISTRUGGERE L&#039;ARTIGLIERIA PESANTE A LUNGO RAGGIO DEI CYBRANI<\/h3>\n\n\n\n<p><a href=\"https:\/\/www.standardof.net\/wp-content\/uploads\/2011\/10\/m-UEF-5-1.avi_snapshot_00.53.56_2011.10.26_03.30.12.png\" class=\"rank-math-link\" target=\"_blank\" rel=\"noopener\"><\/a>Assicurati che tutti i tuoi scudi siano pronti per questo obiettivo. L&#039;artiglieria si trova in piccole basi a nord-est e sud-ovest. Usa cannoniere e bombardieri per spazzare via l&#039;artiglieria, lasciando che il resto della base venga affrontato in seguito. L&#039;artiglieria a nord pu\u00f2 anche essere distrutta dalla forza dei robot T3 che hai in quella base a questo punto.<\/p>\n\n\n\n<div class=\"wp-block-image\"><figure class=\"aligncenter size-large\"><a href=\"https:\/\/supcom.standardof.net\/it\/supreme-commander\/procedure-dettagliate-della-campagna\/uef-operation-forge\/uef-mission-5-operation-forge-4\/\"><img decoding=\"async\" width=\"704\" height=\"656\" src=\"https:\/\/supcom.standardof.net\/wp-content\/uploads\/sites\/8\/2020\/10\/UEF-Mission-5-\u2013-Operation-Forge-4.jpg\" alt=\"\" class=\"wp-image-177\" srcset=\"https:\/\/supcom.standardof.net\/wp-content\/uploads\/sites\/8\/2020\/10\/UEF-Mission-5-\u2013-Operation-Forge-4.jpg 704w, https:\/\/supcom.standardof.net\/wp-content\/uploads\/sites\/8\/2020\/10\/UEF-Mission-5-\u2013-Operation-Forge-4-512x477.jpg 512w, https:\/\/supcom.standardof.net\/wp-content\/uploads\/sites\/8\/2020\/10\/UEF-Mission-5-\u2013-Operation-Forge-4-200x186.jpg 200w, https:\/\/supcom.standardof.net\/wp-content\/uploads\/sites\/8\/2020\/10\/UEF-Mission-5-\u2013-Operation-Forge-4-13x12.jpg 13w\" sizes=\"(max-width: 704px) 100vw, 704px\" \/><\/a><\/figure><\/div>\n<\/div><\/div>\n<\/div><\/section>\n\n\n\n<section class=\"wp-block-uagb-columns uagb-columns__wrap uagb-columns__background-undefined uagb-columns__stack-mobile uagb-columns__valign-undefined uagb-columns__gap-10 alignundefined uagb-block-944e16b1\"><div class=\"uagb-columns__overlay\"><\/div><div class=\"uagb-columns__inner-wrap uagb-columns__columns-1\">\n<div class=\"wp-block-uagb-column uagb-column__wrap uagb-column__background-undefined uagb-block-a74739ba\"><div class=\"uagb-column__overlay\"><\/div><div class=\"uagb-column__inner-wrap\">\n<h3 class=\"wp-block-heading\">6. ESCORT BLACK SUN COMPONENT TRUCK PER QUANTUM GATE<\/h3>\n\n\n\n<p><em><a href=\"https:\/\/www.standardof.net\/wp-content\/uploads\/2011\/10\/51.jpg\" class=\"rank-math-link\" target=\"_blank\" rel=\"noopener\"><\/a>Schema aggiunto: lanciamissili strategico<\/em><br>I camion Black Sun compaiono casualmente in una base di ricerca sopravvissuta. Devi scortarli al Quantum Gate della tua base principale, ma fai attenzione agli attacchi aerei pesanti. Chiedi alle tue forze di terra di pattugliare il percorso che prendono i camion. Muovi i camion subito dopo aver sventato un attacco aereo. Appariranno due gruppi di camion. Dopo aver spostato i camion in sicurezza, il tuo ACU pu\u00f2 seguirli, oppure puoi divertirti un po &#039;di pi\u00f9 con i tuoi nuovi lanciatori di armi nucleari.<\/p>\n\n\n\n<div class=\"wp-block-image\"><figure class=\"aligncenter size-large\"><a href=\"https:\/\/supcom.standardof.net\/it\/supreme-commander\/procedure-dettagliate-della-campagna\/uef-operation-forge\/uef-mission-5-operation-forge-5\/\"><img decoding=\"async\" width=\"800\" height=\"377\" src=\"https:\/\/supcom.standardof.net\/wp-content\/uploads\/sites\/8\/2020\/10\/UEF-Mission-5-\u2013-Operation-Forge-5-800x377.jpg\" alt=\"\" class=\"wp-image-178\" srcset=\"https:\/\/supcom.standardof.net\/wp-content\/uploads\/sites\/8\/2020\/10\/UEF-Mission-5-\u2013-Operation-Forge-5-800x377.jpg 800w, https:\/\/supcom.standardof.net\/wp-content\/uploads\/sites\/8\/2020\/10\/UEF-Mission-5-\u2013-Operation-Forge-5-512x242.jpg 512w, https:\/\/supcom.standardof.net\/wp-content\/uploads\/sites\/8\/2020\/10\/UEF-Mission-5-\u2013-Operation-Forge-5-200x94.jpg 200w, https:\/\/supcom.standardof.net\/wp-content\/uploads\/sites\/8\/2020\/10\/UEF-Mission-5-\u2013-Operation-Forge-5-768x362.jpg 768w, https:\/\/supcom.standardof.net\/wp-content\/uploads\/sites\/8\/2020\/10\/UEF-Mission-5-\u2013-Operation-Forge-5-16x8.jpg 16w, https:\/\/supcom.standardof.net\/wp-content\/uploads\/sites\/8\/2020\/10\/UEF-Mission-5-\u2013-Operation-Forge-5.jpg 1024w\" sizes=\"(max-width: 800px) 100vw, 800px\" \/><\/a><\/figure><\/div>\n<\/div><\/div>\n<\/div><\/section>\n\n\n\n<section class=\"wp-block-uagb-columns uagb-columns__wrap uagb-columns__background-undefined uagb-columns__stack-mobile uagb-columns__valign-undefined uagb-columns__gap-10 alignundefined uagb-block-b2de4b61\"><div class=\"uagb-columns__overlay\"><\/div><div class=\"uagb-columns__inner-wrap uagb-columns__columns-1\">\n<div class=\"wp-block-uagb-column uagb-column__wrap uagb-column__background-undefined uagb-block-fd841de6\"><div class=\"uagb-column__overlay\"><\/div><div class=\"uagb-column__inner-wrap\">\n<h3 class=\"wp-block-heading\">7. DISTRUGGI TUTTE LE 5 BASI CIBRANE (OPZIONALE)<\/h3>\n\n\n\n<p><a href=\"https:\/\/www.standardof.net\/wp-content\/uploads\/2011\/10\/61.jpg\" class=\"rank-math-link\" target=\"_blank\" rel=\"noopener\"><\/a>Le basi a nord non hanno Difesa missilistica strategica, quindi una singola bomba le spazzer\u00e0 via. La base sud-ovest ha una sola difesa nucleare; inviare un massiccio attacco aereo per eliminarlo e poi bombardare la base. La base meridionale \u00e8 ben difesa e richieder\u00e0 la distruzione del resto delle tue truppe. In alternativa, due lanciatori di armi nucleari supereranno le difese strategiche.<\/p>\n\n\n\n<div class=\"wp-block-image\"><figure class=\"aligncenter size-large\"><a href=\"https:\/\/supcom.standardof.net\/it\/supreme-commander\/procedure-dettagliate-della-campagna\/uef-operation-forge\/uef-mission-5-operation-forge-6\/\"><img decoding=\"async\" width=\"800\" height=\"545\" src=\"https:\/\/supcom.standardof.net\/wp-content\/uploads\/sites\/8\/2020\/10\/UEF-Mission-5-\u2013-Operation-Forge-6-800x545.jpg\" alt=\"\" class=\"wp-image-179\" srcset=\"https:\/\/supcom.standardof.net\/wp-content\/uploads\/sites\/8\/2020\/10\/UEF-Mission-5-\u2013-Operation-Forge-6-800x545.jpg 800w, https:\/\/supcom.standardof.net\/wp-content\/uploads\/sites\/8\/2020\/10\/UEF-Mission-5-\u2013-Operation-Forge-6-512x349.jpg 512w, https:\/\/supcom.standardof.net\/wp-content\/uploads\/sites\/8\/2020\/10\/UEF-Mission-5-\u2013-Operation-Forge-6-200x136.jpg 200w, https:\/\/supcom.standardof.net\/wp-content\/uploads\/sites\/8\/2020\/10\/UEF-Mission-5-\u2013-Operation-Forge-6-768x523.jpg 768w, https:\/\/supcom.standardof.net\/wp-content\/uploads\/sites\/8\/2020\/10\/UEF-Mission-5-\u2013-Operation-Forge-6-16x12.jpg 16w, https:\/\/supcom.standardof.net\/wp-content\/uploads\/sites\/8\/2020\/10\/UEF-Mission-5-\u2013-Operation-Forge-6.jpg 1024w\" sizes=\"(max-width: 800px) 100vw, 800px\" \/><\/a><\/figure><\/div>\n<\/div><\/div>\n<\/div><\/section>\n\n\n\n<h3 class=\"has-text-align-center wp-block-heading\">Missione 5 - Operazione Forge - Guida video<\/h3>\n\n\n\n<figure class=\"wp-block-embed-youtube wp-block-embed is-type-video is-provider-youtube wp-embed-aspect-16-9 wp-has-aspect-ratio\"><div class=\"wp-block-embed__wrapper\">\n<div class=\"ast-oembed-container\" style=\"height: 100%;\"><iframe title=\"Operation Forge - Supreme Commander UEF Campaign on Hard\" width=\"500\" height=\"281\" src=\"https:\/\/www.youtube.com\/embed\/dDjgLQAhi4Q?feature=oembed\" frameborder=\"0\" allow=\"accelerometer; autoplay; clipboard-write; encrypted-media; gyroscope; picture-in-picture; web-share\" referrerpolicy=\"strict-origin-when-cross-origin\" allowfullscreen><\/iframe><\/div>\n<\/div><\/figure>","protected":false},"excerpt":{"rendered":"<p>Unfortunately, with the beginning of Operation Forge we learn the information gathered from your previous op was not enough to solve the problem with the Quantum Gates. The UEF will have to deploy the Black Sun super weapon if it is going to survive and in order to do so you will need to oversee [&hellip;]<\/p>","protected":false},"author":1,"featured_media":178,"parent":122,"menu_order":1,"comment_status":"closed","ping_status":"closed","template":"","meta":{"_uag_custom_page_level_css":"","site-sidebar-layout":"default","site-content-layout":"default","ast-site-content-layout":"","site-content-style":"default","site-sidebar-style":"default","ast-global-header-display":"","ast-banner-title-visibility":"","ast-main-header-display":"","ast-hfb-above-header-display":"","ast-hfb-below-header-display":"","ast-hfb-mobile-header-display":"","site-post-title":"","ast-breadcrumbs-content":"","ast-featured-img":"","footer-sml-layout":"","theme-transparent-header-meta":"default","adv-header-id-meta":"","stick-header-meta":"","header-above-stick-meta":"","header-main-stick-meta":"","header-below-stick-meta":"","astra-migrate-meta-layouts":"default","ast-page-background-enabled":"default","ast-page-background-meta":{"desktop":{"background-color":"","background-image":"","background-repeat":"repeat","background-position":"center center","background-size":"auto","background-attachment":"scroll","background-type":"","background-media":"","overlay-type":"","overlay-color":"","overlay-gradient":""},"tablet":{"background-color":"","background-image":"","background-repeat":"repeat","background-position":"center center","background-size":"auto","background-attachment":"scroll","background-type":"","background-media":"","overlay-type":"","overlay-color":"","overlay-gradient":""},"mobile":{"background-color":"","background-image":"","background-repeat":"repeat","background-position":"center center","background-size":"auto","background-attachment":"scroll","background-type":"","background-media":"","overlay-type":"","overlay-color":"","overlay-gradient":""}},"ast-content-background-meta":{"desktop":{"background-color":"var(--ast-global-color-5)","background-image":"","background-repeat":"repeat","background-position":"center center","background-size":"auto","background-attachment":"scroll","background-type":"","background-media":"","overlay-type":"","overlay-color":"","overlay-gradient":""},"tablet":{"background-color":"var(--ast-global-color-5)","background-image":"","background-repeat":"repeat","background-position":"center center","background-size":"auto","background-attachment":"scroll","background-type":"","background-media":"","overlay-type":"","overlay-color":"","overlay-gradient":""},"mobile":{"background-color":"var(--ast-global-color-5)","background-image":"","background-repeat":"repeat","background-position":"center center","background-size":"auto","background-attachment":"scroll","background-type":"","background-media":"","overlay-type":"","overlay-color":"","overlay-gradient":""}},"footnotes":""},"uagb_featured_image_src":{"full":["https:\/\/supcom.standardof.net\/wp-content\/uploads\/sites\/8\/2020\/10\/UEF-Mission-5-\u2013-Operation-Forge-5.jpg",1024,483,false],"thumbnail":["https:\/\/supcom.standardof.net\/wp-content\/uploads\/sites\/8\/2020\/10\/UEF-Mission-5-\u2013-Operation-Forge-5-200x94.jpg",200,94,true],"medium":["https:\/\/supcom.standardof.net\/wp-content\/uploads\/sites\/8\/2020\/10\/UEF-Mission-5-\u2013-Operation-Forge-5-512x242.jpg",512,242,true],"medium_large":["https:\/\/supcom.standardof.net\/wp-content\/uploads\/sites\/8\/2020\/10\/UEF-Mission-5-\u2013-Operation-Forge-5-768x362.jpg",768,362,true],"large":["https:\/\/supcom.standardof.net\/wp-content\/uploads\/sites\/8\/2020\/10\/UEF-Mission-5-\u2013-Operation-Forge-5-800x377.jpg",800,377,true],"1536x1536":["https:\/\/supcom.standardof.net\/wp-content\/uploads\/sites\/8\/2020\/10\/UEF-Mission-5-\u2013-Operation-Forge-5.jpg",1024,483,false],"2048x2048":["https:\/\/supcom.standardof.net\/wp-content\/uploads\/sites\/8\/2020\/10\/UEF-Mission-5-\u2013-Operation-Forge-5.jpg",1024,483,false],"trp-custom-language-flag":["https:\/\/supcom.standardof.net\/wp-content\/uploads\/sites\/8\/2020\/10\/UEF-Mission-5-\u2013-Operation-Forge-5-16x8.jpg",16,8,true]},"uagb_author_info":{"display_name":"SOE","author_link":"https:\/\/supcom.standardof.net\/it\/author\/k-tastic\/"},"uagb_comment_info":0,"uagb_excerpt":"Unfortunately, with the beginning of Operation Forge we learn the information gathered from your previous op was not enough to solve the problem with the Quantum Gates. The UEF will have to deploy the Black Sun super weapon if it is going to survive and in order to do so you will need to oversee&hellip;","_links":{"self":[{"href":"https:\/\/supcom.standardof.net\/it\/wp-json\/wp\/v2\/pages\/172"}],"collection":[{"href":"https:\/\/supcom.standardof.net\/it\/wp-json\/wp\/v2\/pages"}],"about":[{"href":"https:\/\/supcom.standardof.net\/it\/wp-json\/wp\/v2\/types\/page"}],"author":[{"embeddable":true,"href":"https:\/\/supcom.standardof.net\/it\/wp-json\/wp\/v2\/users\/1"}],"replies":[{"embeddable":true,"href":"https:\/\/supcom.standardof.net\/it\/wp-json\/wp\/v2\/comments?post=172"}],"version-history":[{"count":0,"href":"https:\/\/supcom.standardof.net\/it\/wp-json\/wp\/v2\/pages\/172\/revisions"}],"up":[{"embeddable":true,"href":"https:\/\/supcom.standardof.net\/it\/wp-json\/wp\/v2\/pages\/122"}],"wp:featuredmedia":[{"embeddable":true,"href":"https:\/\/supcom.standardof.net\/it\/wp-json\/wp\/v2\/media\/178"}],"wp:attachment":[{"href":"https:\/\/supcom.standardof.net\/it\/wp-json\/wp\/v2\/media?parent=172"}],"curies":[{"name":"wp","href":"https:\/\/api.w.org\/{rel}","templated":true}]}}