{"id":204,"date":"2020-10-31T15:01:28","date_gmt":"2020-10-31T19:01:28","guid":{"rendered":"https:\/\/supcom.standardof.net\/?page_id=204"},"modified":"2020-10-31T15:09:42","modified_gmt":"2020-10-31T19:09:42","slug":"cybran-operation-liberation","status":"publish","type":"page","link":"https:\/\/supcom.standardof.net\/it\/supreme-commander\/procedure-dettagliate-della-campagna\/cybran-operazione-liberazione\/","title":{"rendered":"Cybran Mission 1 - Operazione Liberation"},"content":{"rendered":"<h3 class=\"wp-block-heading\">1. COSTRUISCI 3 ESTRATTORI DI MASSA<\/h3>\n\n\n\n<p><em>Schemi aggiunti: T1 Mass Extractor<br><\/em>Per farlo il pi\u00f9 velocemente possibile, tieni premuto Shift per mettere in coda tutti e 3 i Mass Extractor. Se sono relativamente distanti, metti in coda un comando Sposta tra ciascuno di essi in modo che la tua ACU non debba camminare cos\u00ec lontano; se gli dici solo di costruire, camminer\u00e0 proprio accanto al Mass Extractor prima di costruirlo.<\/p>\n\n\n\n<h3 class=\"wp-block-heading\">2. COSTRUISCI 3 GENERATORI DI ENERGIA<\/h3>\n\n\n\n<p><em>Schemi aggiunti: T1 Power Generator<\/em><br>Metti in coda i 3 generatori di corrente uno accanto all&#039;altro, lontano dagli estrattori, in modo da poter posizionare la fabbrica (obiettivo 3) accanto a loro per il loro bonus di adiacenza. In generale, le tue prime fabbriche dovrebbero essere accompagnate da una fila di generatori di energia in modo da non rimanere senza energia: una fabbrica d&#039;aria pu\u00f2 produrre intercettori su ripetizione quasi gratuitamente utilizzando questo metodo.<\/p>\n\n\n\n<h3 class=\"wp-block-heading\">3. COSTRUISCI UNA FABBRICA DELL&#039;ARIA<\/h3>\n\n\n\n<p><em>Schemi aggiunti: Air Factory<\/em><br>Posiziona la fabbrica accanto ai generatori di energia. Chiedi alla tua ACU di continuare a costruire Mass Extractors e Power Generators e, se stai guadagnando pi\u00f9 di quanto puoi spendere, costruisci un&#039;altra Air Factory. Normalmente, durante la costruzione delle fabbriche, puoi mettere in coda gli ordini per loro. In questa missione, dovrai attendere il prossimo obiettivo prima di farlo.<\/p>\n\n\n\n<h3 class=\"wp-block-heading\">4. COSTRUISCI 5 BOMBARDIERI<\/h3>\n\n\n\n<p><em>Schemi aggiunti: T1 Engineer, Air Scout, Attack Bomber<\/em><br>Dopo aver costruito il tuo Air Scout iniziale per pattugliare fuori dalla tua base, costruisci ingegneri e bombardieri. Chiedi agli ingegneri di sviluppare la tua economia con estrattori di massa e generatori di corrente, mentre un ingegnere \u00e8 in pattuglia intorno a qualsiasi albero o roccia circostante per raccogliere le proprie risorse. Se hai risorse extra, i tuoi ingegneri possono assistere la tua fabbrica con la sua produzione, cos\u00ec come la tua ACU, che si costruisce velocemente come 2 ingegneri.<\/p>\n\n\n\n<h3 class=\"wp-block-heading\">5. SCONFIGGI LE PATTUGLIE UEF<\/h3>\n\n\n\n<p>Imposta una coda di attacco tenendo premuto Maiusc e facendo clic sulle unit\u00e0 nemiche. I tuoi bombardieri dovrebbero fare un lavoro breve delle unit\u00e0 di terra nemiche; se ci sono veicoli anti-aerei, bersagliali prima per evitare di perdere bombardieri. Se il tuo aereo \u00e8 in volo troppo a lungo, finir\u00e0 il carburante (l&#039;indicatore proprio sotto la barra della salute). Lasciali atterrare e si riforniranno lentamente. Nelle missioni successive, puoi utilizzare le strutture di staging aereo o alcune unit\u00e0 navali per riparare e fare rifornimento pi\u00f9 rapidamente.<\/p>\n\n\n\n<h3 class=\"wp-block-heading\">6. CATTURA IL RADAR UEF<\/h3>\n\n\n\n<p>Sposta uno dei tuoi ingegneri nella struttura radar per catturarlo. Una volta che \u00e8 tuo, anche il resto della piccola base si unisce alle tue forze.<\/p>\n\n\n\n<h3 class=\"wp-block-heading\">7. DISTRUGGERE LE RAFFINERIE DI MASSA UEF<\/h3>\n\n\n\n<p><em>La mappa si espande a nord<br>Schemi aggiunti: Interceptor<br><\/em>Aggiungi intercettori alla tua coda di compilazione. Trova un buon mix di bombardieri e combattenti, quindi premi il pulsante Ripeti della fabbrica per continuare indefinitamente. Chiedi alle tue altre fabbriche aeree di assistere il primo per aiutare con la sua coda. Se dai alle altre fabbriche nuovi ordini di costruzione (ad esempio, se hai bisogno di pi\u00f9 ingegneri o di alcuni esploratori aerei), torneranno ad aiutare dopo aver finito con quelli. Imposta i tuoi intercettori su una rotta di pattuglia intorno alla tua base: ne vorrai 5-10 prima di inviarli a nord per combattere gli intercettori UEF. Con quei morti, muovi i tuoi bombardieri e distruggi i Mass Extractors.<\/p>\n\n\n\n<h3 class=\"wp-block-heading\">8. SCONFIGGI LE PATTUGLIE UEF<\/h3>\n\n\n\n<p><em>La mappa si espande a est<br>Schemi aggiunti: Fabbrica terrestre, Difesa punti T1, Torretta antiaerea<\/em><br>Costruisci diverse fabbriche di terra, insieme a generatori di energia accanto a loro in modo da non rimanere senza energia. Invitali a costruire un paio di Land Scout per la copertura radar, quindi un mix continuo (metti la coda in ripetizione) di unit\u00e0 di terra. Imposta gli ordini predefiniti della fabbrica principale per pattugliare lungo la parte orientale della tua base. Ora puoi costruire una forza travolgente, proteggendo la tua base con torrette, assistendo le fabbriche con il tuo ACU e ingegneri extra, e trasferirti quando senti di essere pronto a schiacciare ogni opposizione. Il nemico attaccher\u00e0 solo dal cielo finch\u00e9 non ti muovi per sconfiggere le pattuglie.<\/p>\n\n\n\n<h3 class=\"wp-block-heading\">9. SCONFIGGERE LE DIFESE ESTERNE DELL&#039;UEF<\/h3>\n\n\n\n<p>Avrai bisogno principalmente di unit\u00e0 di terra per sconfiggere i due posti difensivi a nord e sud. Il posto difensivo centrale pu\u00f2 essere distrutto in un colpo solo se hai abbastanza bombardieri: bersaglia semplicemente la torretta anti-aerea pi\u00f9 orientale ei bombardieri distruggeranno tutte le sue difese anti-aeree al primo passaggio e il resto al secondo passaggio. Non lasciare che i tuoi bombardieri vadano a nord oa sud; ti serviranno per il prossimo obiettivo.<\/p>\n\n\n\n<h3 class=\"wp-block-heading\">10. SCONFIGGERE LE GUARDIE DEI SIMBIONTI<\/h3>\n\n\n\n<p><em>La mappa si espande a est<\/em><br>A questo punto, dovresti essere vicino al limite di unit\u00e0. Cerca di mantenere la tua economia il pi\u00f9 vicino possibile alla massa +0: se ne hai di pi\u00f9, costruisci pi\u00f9 fabbriche e costruisci sempre Mass Extractors ovunque puoi. Se hai troppo poco, puoi mettere in pausa alcuni ingegneri premendo Z. La nuova base UEF ha molti intercettori che la sorvegliano: fai entrare la tua forza aerea per distruggerli mentre contemporaneamente fai entrare le tue forze di terra da sud. Dovresti passare proprio attraverso la base nemica, che circonda i simbionti che devi liberare. Una volta che gli intercettori sono stati distrutti, puoi portare i tuoi bombardieri per supportare le forze di terra, in particolare per eliminare le problematiche difese puntuali.<\/p>\n\n\n\n<h3 class=\"wp-block-heading\">11. DISTRUGGERE LA BASE UEF<\/h3>\n\n\n\n<p>Spostati verso nord dai simbionti con le tue forze di terra. Se hai eliminato le torrette antiaeree, puoi portare i tuoi bombardieri per fare un breve lavoro sugli edifici rimanenti. Tieni i tuoi combattenti a pattugliare fuori dalla tua base e falli entrare in picchiata se si presentano combattenti nemici.<\/p>\n\n\n\n<h3 class=\"wp-block-heading\">12. SCONFIGGI IL COMANDANTE AEON<\/h3>\n\n\n\n<p><em>La mappa si espande a sud<br>Schemi aggiunti: trasporto aereo T1<\/em><br>Costruisci diversi mezzi di trasporto e fagli installare un traghetto dalla tua base alla linea del fronte. (Vedi la parte 1 di questa guida per maggiori informazioni sul traghettamento.) Dovresti costruire un&#039;enorme forza terrestre composta principalmente da robot d&#039;assalto Mantis con il supporto delle altre unit\u00e0 di terra (pi\u00f9 uno scout occultato per la copertura radar). La tua enorme forza dovrebbe semplicemente dirigersi a sud verso il centro della base nemica e attirare il comandante nemico. Quando esce, invia tutte le tue unit\u00e0 aeree ad attaccarla, con i combattenti che entrano per confondere l&#039;anti-aria nemica. La combinazione dovrebbe finirla rapidamente.<\/p>\n\n\n\n<h3 class=\"has-text-align-center wp-block-heading\">Missione 1 - Operazione Liberazione - Videoguida<\/h3>\n\n\n\n<figure class=\"wp-block-embed-youtube wp-block-embed is-type-video is-provider-youtube wp-embed-aspect-4-3 wp-has-aspect-ratio\"><div class=\"wp-block-embed__wrapper\">\n<div class=\"ast-oembed-container\" style=\"height: 100%;\"><iframe title=\"Operazione Liberation - M1 Cybran Campaign Hard - Supreme Commander\" width=\"500\" height=\"375\" src=\"https:\/\/www.youtube.com\/embed\/eowH2Xm44Xw?feature=oembed\" frameborder=\"0\" allow=\"accelerometer; autoplay; clipboard-write; encrypted-media; gyroscope; picture-in-picture; web-share\" referrerpolicy=\"strict-origin-when-cross-origin\" allowfullscreen><\/iframe><\/div>\n<\/div><\/figure>","protected":false},"excerpt":{"rendered":"<p>1. BUILD 3 MASS EXTRACTORS Schematics added: T1 Mass ExtractorTo do this as fast as possible, hold Shift to queue up all 3 Mass Extractors. If they are relatively far apart, queue up a Move command between each one so that your ACU won&#8217;t have to walk as far; if you just tell him to [&hellip;]<\/p>","protected":false},"author":1,"featured_media":0,"parent":122,"menu_order":2,"comment_status":"closed","ping_status":"closed","template":"","meta":{"_uag_custom_page_level_css":"","site-sidebar-layout":"default","site-content-layout":"default","ast-site-content-layout":"","site-content-style":"default","site-sidebar-style":"default","ast-global-header-display":"","ast-banner-title-visibility":"","ast-main-header-display":"","ast-hfb-above-header-display":"","ast-hfb-below-header-display":"","ast-hfb-mobile-header-display":"","site-post-title":"","ast-breadcrumbs-content":"","ast-featured-img":"","footer-sml-layout":"","theme-transparent-header-meta":"default","adv-header-id-meta":"","stick-header-meta":"","header-above-stick-meta":"","header-main-stick-meta":"","header-below-stick-meta":"","astra-migrate-meta-layouts":"default","ast-page-background-enabled":"default","ast-page-background-meta":{"desktop":{"background-color":"","background-image":"","background-repeat":"repeat","background-position":"center center","background-size":"auto","background-attachment":"scroll","background-type":"","background-media":"","overlay-type":"","overlay-color":"","overlay-gradient":""},"tablet":{"background-color":"","background-image":"","background-repeat":"repeat","background-position":"center center","background-size":"auto","background-attachment":"scroll","background-type":"","background-media":"","overlay-type":"","overlay-color":"","overlay-gradient":""},"mobile":{"background-color":"","background-image":"","background-repeat":"repeat","background-position":"center center","background-size":"auto","background-attachment":"scroll","background-type":"","background-media":"","overlay-type":"","overlay-color":"","overlay-gradient":""}},"ast-content-background-meta":{"desktop":{"background-color":"var(--ast-global-color-5)","background-image":"","background-repeat":"repeat","background-position":"center center","background-size":"auto","background-attachment":"scroll","background-type":"","background-media":"","overlay-type":"","overlay-color":"","overlay-gradient":""},"tablet":{"background-color":"var(--ast-global-color-5)","background-image":"","background-repeat":"repeat","background-position":"center center","background-size":"auto","background-attachment":"scroll","background-type":"","background-media":"","overlay-type":"","overlay-color":"","overlay-gradient":""},"mobile":{"background-color":"var(--ast-global-color-5)","background-image":"","background-repeat":"repeat","background-position":"center center","background-size":"auto","background-attachment":"scroll","background-type":"","background-media":"","overlay-type":"","overlay-color":"","overlay-gradient":""}},"footnotes":""},"uagb_featured_image_src":{"full":false,"thumbnail":false,"medium":false,"medium_large":false,"large":false,"1536x1536":false,"2048x2048":false,"trp-custom-language-flag":false},"uagb_author_info":{"display_name":"SOE","author_link":"https:\/\/supcom.standardof.net\/it\/author\/k-tastic\/"},"uagb_comment_info":0,"uagb_excerpt":"1. BUILD 3 MASS EXTRACTORS Schematics added: T1 Mass ExtractorTo do this as fast as possible, hold Shift to queue up all 3 Mass Extractors. If they are relatively far apart, queue up a Move command between each one so that your ACU won&#8217;t have to walk as far; if you just tell him to&hellip;","_links":{"self":[{"href":"https:\/\/supcom.standardof.net\/it\/wp-json\/wp\/v2\/pages\/204"}],"collection":[{"href":"https:\/\/supcom.standardof.net\/it\/wp-json\/wp\/v2\/pages"}],"about":[{"href":"https:\/\/supcom.standardof.net\/it\/wp-json\/wp\/v2\/types\/page"}],"author":[{"embeddable":true,"href":"https:\/\/supcom.standardof.net\/it\/wp-json\/wp\/v2\/users\/1"}],"replies":[{"embeddable":true,"href":"https:\/\/supcom.standardof.net\/it\/wp-json\/wp\/v2\/comments?post=204"}],"version-history":[{"count":0,"href":"https:\/\/supcom.standardof.net\/it\/wp-json\/wp\/v2\/pages\/204\/revisions"}],"up":[{"embeddable":true,"href":"https:\/\/supcom.standardof.net\/it\/wp-json\/wp\/v2\/pages\/122"}],"wp:attachment":[{"href":"https:\/\/supcom.standardof.net\/it\/wp-json\/wp\/v2\/media?parent=204"}],"curies":[{"name":"wp","href":"https:\/\/api.w.org\/{rel}","templated":true}]}}