{"id":206,"date":"2020-10-31T15:03:14","date_gmt":"2020-10-31T19:03:14","guid":{"rendered":"https:\/\/supcom.standardof.net\/?page_id=206"},"modified":"2020-10-31T15:09:53","modified_gmt":"2020-10-31T19:09:53","slug":"cybran-operation-artifact","status":"publish","type":"page","link":"https:\/\/supcom.standardof.net\/it\/supreme-commander\/procedure-dettagliate-della-campagna\/cibran-operazione-artefatto\/","title":{"rendered":"Cybran Mission 2 - Operation Artifact"},"content":{"rendered":"<p>Da qui, presumo che tu sappia come funziona il gioco e smetter\u00f2 di ricordarti di costruire Mass Extractors, mettere in coda gli ordini, mettere le fabbriche in ripetizione, ecc. Questa missione \u00e8 in realt\u00e0 piuttosto difficile; assicurati di costruire una grande forza invece di raggiungere i primi obiettivi il pi\u00f9 velocemente possibile.<\/p>\n\n\n\n<h3 class=\"wp-block-heading\">1. CLEAR VILLAGE OF EON UNITS<\/h3>\n\n\n\n<p>Costruisci prima le fabbriche di terra, senza trascurare le fabbriche aeree (poich\u00e9 gli assalti aerei arrivano presto e spesso), e ottieni una forza di unit\u00e0 di terra. Puoi eliminare le forze dal primo tempio in tempi relativamente brevi, ma non distruggere il tempio stesso prima di avere una base considerevole, perch\u00e9 quando il tempio viene distrutto innesca un contrattacco di unit\u00e0 T1.<\/p>\n\n\n\n<h3 class=\"wp-block-heading\">2. DISTRUGGERE IL TEMPIO PER TROVARE TECNOLOGIA<\/h3>\n\n\n\n<p>Attacca manualmente il tempio una volta che sei pronto con una base ben difesa, un&#039;economia fiorente e alcuni lanciasiluri in acqua prima di costruire una fabbrica navale (per evitare di attirare fregate nemiche che penetreranno nella tua base e nelle unit\u00e0 di terra) . Assicurati di eliminare tutte le unit\u00e0 Aeon nell&#039;area prima di passare all&#039;obiettivo successivo.<\/p>\n\n\n\n<h3 class=\"wp-block-heading\">3. GUARDA IL PRIMO PEZZO DI SERAPHIM TECH<\/h3>\n\n\n\n<p>Questo non dovrebbe essere un problema: tieni semplicemente le tue forze intorno al tempio fino a quando un ingegnere non arriva a recuperare il Tech.<\/p>\n\n\n\n<h3 class=\"wp-block-heading\">4. CERCA NEI TEMPLI CIRCOSTANTI PER PI\u00d9 TECNOLOGIA<\/h3>\n\n\n\n<p><em>La mappa si espande a nord e sud (credo)<br><\/em>Il Tech si trova nel tempio a sud-est, ma dovresti prima distruggere le unit\u00e0 che difendono gli altri templi, per evitare attacchi a sorpresa.<\/p>\n\n\n\n<h3 class=\"wp-block-heading\">5. SCONFIGGERE I RINFORZI AEON<\/h3>\n\n\n\n<p>Gli Aeon iniziano a inviare unit\u00e0 T2 per difendere i loro templi ora, quindi preparati con le tue forze di terra, pi\u00f9 la tua ACU se assolutamente necessario. Tieni le tue unit\u00e0 di pattuglia, ma concentrati sul sud. Inizia a costruire unit\u00e0 navali, per lo pi\u00f9 sottomarini, per difendersi dagli attacchi navali nemici. Prova a convincerli a imbattersi nei tuoi lanciasiluri.<\/p>\n\n\n\n<h3 class=\"wp-block-heading\">6. GUARDA IL 2 \u00b0 PEZZO DI SERAPHIM TECH<\/h3>\n\n\n\n<p>L&#039;Eone ignorer\u00e0 il Tech se riconquister\u00e0 l&#039;area, quindi questo equivale semplicemente a &quot;Proteggere l&#039;area&quot;.<\/p>\n\n\n\n<h3 class=\"wp-block-heading\">7. DISTRUGGERE LA BASE NAVALE DELL&#039;EONE MERIDIONALE<\/h3>\n\n\n\n<p><em>La mappa si espande a sud e ad est<\/em><br>Invia le tue unit\u00e0 navali a sud, distruggendo prima le minacce navali e poi muovendoti per distruggere le fregate e le fabbriche nemiche. La difesa aerea \u00e8 leggera una volta che hai distrutto le barche d&#039;attacco, quindi porta i tuoi bombardieri. Sposta le tue unit\u00e0 navali lungo il fiume dopo aver finito e costruisci pi\u00f9 fregate che sottomarini.<\/p>\n\n\n\n<h3 class=\"wp-block-heading\">8. DISTRUGGI LA BASE DELL&#039;EONE ORIENTALE E RECUPERA LA SUA TECNOLOGIA<\/h3>\n\n\n\n<p>Invia le tue unit\u00e0 navali lungo il fiume nello stesso momento in cui ti muovi con un&#039;enorme forza di terra T2. Con le tue risorse extra, costruisci difese T2 lungo i nuovi bordi della tua base; cerca di attirare verso di loro le forze di terra nemiche se hai bisogno di aiuto.<\/p>\n\n\n\n<h3 class=\"wp-block-heading\">9. GUARDA IL 3 \u00b0 PEZZO DI SERAPHIM TECH<\/h3>\n\n\n\n<p>Mentre il tuo esercito fa questo (cosa che la tua forza navale dovrebbe fare bene) chiedi ad alcuni ingegneri di catturare i punti di massa delle basi meridionali e orientali. Mantieni sempre la superiorit\u00e0 aerea sul tuo territorio, poich\u00e9 il nemico attaccher\u00e0 sia con bombardieri che con mezzi aerei pieni di unit\u00e0 di terra.<\/p>\n\n\n\n<h3 class=\"wp-block-heading\">10. SCONFITTA MACH<\/h3>\n\n\n\n<p><em>La mappa si espande a est<\/em><br>Costruisci diversi Trasporti aerei e usali per trasportare le tue forze di terra a sud della mappa (non sorvolare la base di Mach a sud-est), appena ad est della base dell&#039;Eone meridionale che hai distrutto. Una forza mista di unit\u00e0, con scudi e Mantidi per protezione, funziona meglio. Spostati a nord e distruggi i generatori di energia per ridurre la sua produzione, quindi spazza via le torrette difensive. Una volta che hai tagliato la sua abilit\u00e0 anti-aerea, porta i bombardieri nell&#039;angolo sud-est della mappa in modo da poter distruggere Mach quando appare senza sorvolare l&#039;anti-aria nella base nord-est.<\/p>\n\n\n\n<h3 class=\"wp-block-heading\">11. SCONFIGGERE IL COMANDANTE AEON<\/h3>\n\n\n\n<p>Il comandante di Aeon di solito esce molto rapidamente una volta ucciso Mach. Le tue forze di terra possono circondarla e distruggerla, specialmente se le stai trasportando alla base di Mach ora. Nel frattempo:<\/p>\n\n\n\n<h3 class=\"wp-block-heading\">12. SPOSTA IL TUO COMANDANTE AL CANCELLO<\/h3>\n\n\n\n<p>Cammina fino al centro della Porta Quantica per completare la missione.<\/p>\n\n\n\n<h3 class=\"wp-block-heading\">Missione 2 - Operazione artefatto - Guida video<\/h3>\n\n\n\n<figure class=\"wp-block-embed-youtube wp-block-embed is-type-video is-provider-youtube wp-embed-aspect-16-9 wp-has-aspect-ratio\"><div class=\"wp-block-embed__wrapper\">\n<div class=\"ast-oembed-container\" style=\"height: 100%;\"><iframe title=\"Operazione Artefatto - M2 Cybran Campaign Hard - Supreme Commander\" width=\"500\" height=\"281\" src=\"https:\/\/www.youtube.com\/embed\/SvhtzUIR37Y?feature=oembed\" frameborder=\"0\" allow=\"accelerometer; autoplay; clipboard-write; encrypted-media; gyroscope; picture-in-picture; web-share\" referrerpolicy=\"strict-origin-when-cross-origin\" allowfullscreen><\/iframe><\/div>\n<\/div><\/figure>","protected":false},"excerpt":{"rendered":"<p>From here, I&#8217;ll assume you know how the game works and I&#8217;ll stop reminding you to build Mass Extractors, queue up orders, put factories on repeat, etc. This mission is actually rather difficult; be sure to build up a large force instead of accomplishing early objectives as fast as possible. 1. CLEAR VILLAGE OF AEON [&hellip;]<\/p>","protected":false},"author":1,"featured_media":0,"parent":122,"menu_order":2,"comment_status":"closed","ping_status":"closed","template":"","meta":{"_uag_custom_page_level_css":"","site-sidebar-layout":"default","site-content-layout":"default","ast-site-content-layout":"","site-content-style":"default","site-sidebar-style":"default","ast-global-header-display":"","ast-banner-title-visibility":"","ast-main-header-display":"","ast-hfb-above-header-display":"","ast-hfb-below-header-display":"","ast-hfb-mobile-header-display":"","site-post-title":"","ast-breadcrumbs-content":"","ast-featured-img":"","footer-sml-layout":"","theme-transparent-header-meta":"default","adv-header-id-meta":"","stick-header-meta":"","header-above-stick-meta":"","header-main-stick-meta":"","header-below-stick-meta":"","astra-migrate-meta-layouts":"default","ast-page-background-enabled":"default","ast-page-background-meta":{"desktop":{"background-color":"","background-image":"","background-repeat":"repeat","background-position":"center center","background-size":"auto","background-attachment":"scroll","background-type":"","background-media":"","overlay-type":"","overlay-color":"","overlay-gradient":""},"tablet":{"background-color":"","background-image":"","background-repeat":"repeat","background-position":"center center","background-size":"auto","background-attachment":"scroll","background-type":"","background-media":"","overlay-type":"","overlay-color":"","overlay-gradient":""},"mobile":{"background-color":"","background-image":"","background-repeat":"repeat","background-position":"center center","background-size":"auto","background-attachment":"scroll","background-type":"","background-media":"","overlay-type":"","overlay-color":"","overlay-gradient":""}},"ast-content-background-meta":{"desktop":{"background-color":"var(--ast-global-color-5)","background-image":"","background-repeat":"repeat","background-position":"center center","background-size":"auto","background-attachment":"scroll","background-type":"","background-media":"","overlay-type":"","overlay-color":"","overlay-gradient":""},"tablet":{"background-color":"var(--ast-global-color-5)","background-image":"","background-repeat":"repeat","background-position":"center center","background-size":"auto","background-attachment":"scroll","background-type":"","background-media":"","overlay-type":"","overlay-color":"","overlay-gradient":""},"mobile":{"background-color":"var(--ast-global-color-5)","background-image":"","background-repeat":"repeat","background-position":"center center","background-size":"auto","background-attachment":"scroll","background-type":"","background-media":"","overlay-type":"","overlay-color":"","overlay-gradient":""}},"footnotes":""},"uagb_featured_image_src":{"full":false,"thumbnail":false,"medium":false,"medium_large":false,"large":false,"1536x1536":false,"2048x2048":false,"trp-custom-language-flag":false},"uagb_author_info":{"display_name":"SOE","author_link":"https:\/\/supcom.standardof.net\/it\/author\/k-tastic\/"},"uagb_comment_info":0,"uagb_excerpt":"From here, I&#8217;ll assume you know how the game works and I&#8217;ll stop reminding you to build Mass Extractors, queue up orders, put factories on repeat, etc. This mission is actually rather difficult; be sure to build up a large force instead of accomplishing early objectives as fast as possible. 1. CLEAR VILLAGE OF AEON&hellip;","_links":{"self":[{"href":"https:\/\/supcom.standardof.net\/it\/wp-json\/wp\/v2\/pages\/206"}],"collection":[{"href":"https:\/\/supcom.standardof.net\/it\/wp-json\/wp\/v2\/pages"}],"about":[{"href":"https:\/\/supcom.standardof.net\/it\/wp-json\/wp\/v2\/types\/page"}],"author":[{"embeddable":true,"href":"https:\/\/supcom.standardof.net\/it\/wp-json\/wp\/v2\/users\/1"}],"replies":[{"embeddable":true,"href":"https:\/\/supcom.standardof.net\/it\/wp-json\/wp\/v2\/comments?post=206"}],"version-history":[{"count":0,"href":"https:\/\/supcom.standardof.net\/it\/wp-json\/wp\/v2\/pages\/206\/revisions"}],"up":[{"embeddable":true,"href":"https:\/\/supcom.standardof.net\/it\/wp-json\/wp\/v2\/pages\/122"}],"wp:attachment":[{"href":"https:\/\/supcom.standardof.net\/it\/wp-json\/wp\/v2\/media?parent=206"}],"curies":[{"name":"wp","href":"https:\/\/api.w.org\/{rel}","templated":true}]}}