{"id":208,"date":"2020-10-31T15:04:51","date_gmt":"2020-10-31T19:04:51","guid":{"rendered":"https:\/\/supcom.standardof.net\/?page_id=208"},"modified":"2020-10-31T15:10:06","modified_gmt":"2020-10-31T19:10:06","slug":"cybran-operation-defrag","status":"publish","type":"page","link":"https:\/\/supcom.standardof.net\/it\/supreme-commander\/procedure-dettagliate-della-campagna\/cybran-operation-defrag\/","title":{"rendered":"Cybran Mission 3 - Operation Defrag"},"content":{"rendered":"<h3 class=\"wp-block-heading\">1. DIFENDI YORK18 E LA QUANTUM GATE<\/h3>\n\n\n\n<p>Hai pochissime risorse all&#039;inizio di questa missione, quindi usa le tue unit\u00e0 di partenza con saggezza. Chiedi ai tuoi bombardieri di distruggere i carri armati a ovest di York18, ma non lasciarli volare sulle basi ovest o nord-ovest. Una volta che York \u00e8 al sicuro, riporta i bombardieri alla tua base. Sarai attaccato da terra e aria presto. Costruisci alcune torrette antiaeree sulla costa occidentale vicino al Cancello Quantico e invia un ingegnere nella posizione di York per difenderlo con le torrette. Costruisci prima una fabbrica aerea per aiutare con la difesa aerea e rifornire la tua scorta di bombardieri.<\/p>\n\n\n\n<h3 class=\"wp-block-heading\">2. SCONFIGGERE LA BASE NORD-EST<\/h3>\n\n\n\n<p>Sconfiggi prima questa base per ottenere il controllo del lato est del fiume. Puoi usare le forze terrestri T2 e Medusa (artiglieria leggera T1) per eliminare questa base, quindi iniziare a costruire carri armati anfibi Wagner. Puoi catturare la Land Factory per risparmiare tempo una volta che hai finito. Una volta che l&#039;est del fiume \u00e8 sotto il tuo controllo, costruisci torrette anti-aeree lungo la costa e alcune altre difese per la tua nuova base settentrionale. A questo punto, dovresti avere una seconda fabbrica aerea e una fabbrica navale, ei tuoi ingegneri dovrebbero costruire fattorie di generatori di energia e fabbricanti di massa a est. Usa i tuoi ingegneri T2 (dalla fabbrica terrestre Wagners) per aggiornare le difese di York a T2. Queste pistole possono raggiungere i bordi delle altre due basi. Puoi anche bombardarli con la difesa del punto T2 dall&#039;altra parte del fiume o dalle tue fregate.<\/p>\n\n\n\n<h3 class=\"wp-block-heading\">3. SCONFIGGI LA BASE OCCIDENTALE<\/h3>\n\n\n\n<p>Usa i trasporti aerei per trasportare in aereo le tue unit\u00e0 terrestri T2 e Medusa a sud della base occidentale. Avvicinali lentamente mentre la tua artiglieria li ammorbidisce. I tuoi Wagner e bombardieri possono entrare per uccidere una volta che l&#039;artiglieria inizia a funzionare.<\/p>\n\n\n\n<h3 class=\"wp-block-heading\">4. SCONFIGGI LA BASE NORD-OVEST<\/h3>\n\n\n\n<p>Costruisci la difesa del punto T2 tra le rovine della base occidentale in modo che possa raggiungere la base nord-occidentale. Una volta che ha terminato i bordi, muovi le tue truppe che hanno preso la base occidentale.<\/p>\n\n\n\n<h3 class=\"wp-block-heading\">5. SCONFIGGI 2 POSIZIONI DI ARTIGLIERIA UEF<\/h3>\n\n\n\n<p><em>La mappa si espande a est<\/em><br>Il bunker del dottor Brackman parte sotto il fuoco dalla posizione di artiglieria dell&#039;UEF al suo nord-ovest. Invia indietro le tue forze di terra (i Wagner aiutano qui, poich\u00e9 non devono aspettare i trasporti) per eliminarlo rapidamente, con i bombardieri per uccidere l&#039;artiglieria stessa una volta che le forze di terra uccidono le torrette anti-aeree. La seconda posizione \u00e8 dall&#039;altra parte del fiume e avrai bisogno di pi\u00f9 Wagner e Bombardieri per ucciderlo, ma l&#039;incrociatore ti ostacola.<\/p>\n\n\n\n<h3 class=\"wp-block-heading\">6. SCONFIGGI L&#039;UEF CRUISER<\/h3>\n\n\n\n<p>L&#039;incrociatore parte appena a nord del bunker di Brackman. Sposta i tuoi carri armati e l&#039;artiglieria sulla costa e dovrebbero essere in grado di colpirla, con i bombardieri rimasti che la distruggeranno rapidamente. Successivamente, ricostruisci per un po &#039;, quindi attacca la seconda posizione di artiglieria con forze miste.<\/p>\n\n\n\n<h3 class=\"wp-block-heading\">7. ESCORT BRACKMAN&#039;S CONVOY<\/h3>\n\n\n\n<p>Il convoglio appare lentamente, ma lascia che i civili si accumulino sotto lo scudo di Brackman finch\u00e9 non sei sicuro che la strada sia sicura. Le pattuglie aeree nemiche compaiono da nord, ma i tuoi combattenti dovrebbero occuparsene se pattugliano lungo la rotta che il convoglio prender\u00e0. Il nemico prover\u00e0 anche a lanciarti il trasporto, quindi chiedi alle tue unit\u00e0 di terra di sorvegliare la base di Brackman fino all&#039;arrivo del convoglio e viaggiare con esso fino al cancello. Sposta tutti i camion direttamente nel cancello per il prossimo obiettivo.<\/p>\n\n\n\n<h3 class=\"wp-block-heading\">8. DISTRUGGERE IL COMANDANTE DELL&#039;UEF<\/h3>\n\n\n\n<p><em>La mappa si espande a nord<\/em><br>Inizia a costruire unit\u00e0 aeree T2 qui; estendi le tue pattuglie aeree e terrestri per coprire l&#039;intera isola principale. Sposta le tue unit\u00e0 navali sul fiume settentrionale per impedire alle unit\u00e0 navali nemiche di intrufolarsi lungo i fiumi orientale e occidentale. Costruisci difese T2 lungo la costa settentrionale per prevenire assalti anfibi mentre i tuoi Wagner e l&#039;artiglieria (lasciati cadere dopo che i Wagner hanno liberato una piccola zona di atterraggio) distruggono la base. Una volta che le difese esterne sono state distrutte dalle tue Medusa e Vipere, sposta i Wagner per trovare l&#039;ACU e usa gli attacchi aerei per finirlo quando appare. A differenza della maggior parte delle missioni, farai bene mettendo in curva l&#039;ACU invece di farlo uscire dalla sua base.<\/p>\n\n\n\n<h3 class=\"has-text-align-center wp-block-heading\">Missione 3 - Operazione Defrag - Guida video<\/h3>\n\n\n\n<figure class=\"wp-block-embed-youtube wp-block-embed is-type-video is-provider-youtube wp-embed-aspect-4-3 wp-has-aspect-ratio\"><div class=\"wp-block-embed__wrapper\">\n<div class=\"ast-oembed-container\" style=\"height: 100%;\"><iframe title=\"Operazione Defrag - M3 Cybran Campaign Hard - Supreme Commander\" width=\"500\" height=\"375\" src=\"https:\/\/www.youtube.com\/embed\/V9zF49Oc0kI?feature=oembed\" frameborder=\"0\" allow=\"accelerometer; autoplay; clipboard-write; encrypted-media; gyroscope; picture-in-picture; web-share\" referrerpolicy=\"strict-origin-when-cross-origin\" allowfullscreen><\/iframe><\/div>\n<\/div><\/figure>","protected":false},"excerpt":{"rendered":"<p>1. DEFEND YORK18 AND THE QUANTUM GATE You have very few resources at the start of this mission, so use your starting units wisely. Have your Bombers destroy the tanks to the west of York18, but don&#8217;t let them fly over the west or northwest bases. Once York is safe, pull your bombers back to [&hellip;]<\/p>","protected":false},"author":1,"featured_media":0,"parent":122,"menu_order":2,"comment_status":"open","ping_status":"closed","template":"","meta":{"_uag_custom_page_level_css":"","site-sidebar-layout":"default","site-content-layout":"default","ast-site-content-layout":"","site-content-style":"default","site-sidebar-style":"default","ast-global-header-display":"","ast-banner-title-visibility":"","ast-main-header-display":"","ast-hfb-above-header-display":"","ast-hfb-below-header-display":"","ast-hfb-mobile-header-display":"","site-post-title":"","ast-breadcrumbs-content":"","ast-featured-img":"","footer-sml-layout":"","theme-transparent-header-meta":"default","adv-header-id-meta":"","stick-header-meta":"","header-above-stick-meta":"","header-main-stick-meta":"","header-below-stick-meta":"","astra-migrate-meta-layouts":"default","ast-page-background-enabled":"default","ast-page-background-meta":{"desktop":{"background-color":"","background-image":"","background-repeat":"repeat","background-position":"center center","background-size":"auto","background-attachment":"scroll","background-type":"","background-media":"","overlay-type":"","overlay-color":"","overlay-gradient":""},"tablet":{"background-color":"","background-image":"","background-repeat":"repeat","background-position":"center center","background-size":"auto","background-attachment":"scroll","background-type":"","background-media":"","overlay-type":"","overlay-color":"","overlay-gradient":""},"mobile":{"background-color":"","background-image":"","background-repeat":"repeat","background-position":"center center","background-size":"auto","background-attachment":"scroll","background-type":"","background-media":"","overlay-type":"","overlay-color":"","overlay-gradient":""}},"ast-content-background-meta":{"desktop":{"background-color":"var(--ast-global-color-5)","background-image":"","background-repeat":"repeat","background-position":"center center","background-size":"auto","background-attachment":"scroll","background-type":"","background-media":"","overlay-type":"","overlay-color":"","overlay-gradient":""},"tablet":{"background-color":"var(--ast-global-color-5)","background-image":"","background-repeat":"repeat","background-position":"center center","background-size":"auto","background-attachment":"scroll","background-type":"","background-media":"","overlay-type":"","overlay-color":"","overlay-gradient":""},"mobile":{"background-color":"var(--ast-global-color-5)","background-image":"","background-repeat":"repeat","background-position":"center center","background-size":"auto","background-attachment":"scroll","background-type":"","background-media":"","overlay-type":"","overlay-color":"","overlay-gradient":""}},"footnotes":""},"uagb_featured_image_src":{"full":false,"thumbnail":false,"medium":false,"medium_large":false,"large":false,"1536x1536":false,"2048x2048":false,"trp-custom-language-flag":false},"uagb_author_info":{"display_name":"SOE","author_link":"https:\/\/supcom.standardof.net\/it\/author\/k-tastic\/"},"uagb_comment_info":0,"uagb_excerpt":"1. DEFEND YORK18 AND THE QUANTUM GATE You have very few resources at the start of this mission, so use your starting units wisely. Have your Bombers destroy the tanks to the west of York18, but don&#8217;t let them fly over the west or northwest bases. Once York is safe, pull your bombers back to&hellip;","_links":{"self":[{"href":"https:\/\/supcom.standardof.net\/it\/wp-json\/wp\/v2\/pages\/208"}],"collection":[{"href":"https:\/\/supcom.standardof.net\/it\/wp-json\/wp\/v2\/pages"}],"about":[{"href":"https:\/\/supcom.standardof.net\/it\/wp-json\/wp\/v2\/types\/page"}],"author":[{"embeddable":true,"href":"https:\/\/supcom.standardof.net\/it\/wp-json\/wp\/v2\/users\/1"}],"replies":[{"embeddable":true,"href":"https:\/\/supcom.standardof.net\/it\/wp-json\/wp\/v2\/comments?post=208"}],"version-history":[{"count":0,"href":"https:\/\/supcom.standardof.net\/it\/wp-json\/wp\/v2\/pages\/208\/revisions"}],"up":[{"embeddable":true,"href":"https:\/\/supcom.standardof.net\/it\/wp-json\/wp\/v2\/pages\/122"}],"wp:attachment":[{"href":"https:\/\/supcom.standardof.net\/it\/wp-json\/wp\/v2\/media?parent=208"}],"curies":[{"name":"wp","href":"https:\/\/api.w.org\/{rel}","templated":true}]}}