{"id":210,"date":"2020-10-31T15:06:12","date_gmt":"2020-10-31T19:06:12","guid":{"rendered":"https:\/\/supcom.standardof.net\/?page_id=210"},"modified":"2020-10-31T15:10:18","modified_gmt":"2020-10-31T19:10:18","slug":"cybran-operation-mainframe-tango","status":"publish","type":"page","link":"https:\/\/supcom.standardof.net\/it\/supreme-commander\/procedure-dettagliate-della-campagna\/cybran-operation-mainframe-tango\/","title":{"rendered":"Cybran Mission 4 - Operazione Mainframe Tango"},"content":{"rendered":"<h3 class=\"wp-block-heading\">1. SCONFIGGI IL COMANDANTE AEON<\/h3>\n\n\n\n<p>Non c&#039;\u00e8 limite di tempo per il primo compito, ma sarai continuamente assalito, quindi costruisci le difese sul tuo lato occidentale. Il comandante di Aeon \u00e8 a sud-ovest. Costruisci una grande marina e forza Wagner (hanno siluri in modo da non essere indifese durante l&#039;attraversamento della baia), con trasporti aerei per portare Vipere e Rinoceronti per i pesanti assalti alla base. I tuoi distruttori ambulanti sono fondamentali qui, poich\u00e9 possono fare tutto ci\u00f2 di cui hai bisogno. Esplora la base sud-ovest finch\u00e9 non trovi un buon posto per far cadere in aria le tue forze. Prima di entrare, costruisci una forza decente e invia i tuoi cacciatorpediniere in modo che emergano dall&#039;acqua, facendo s\u00ec che le difese nemiche prendano di mira loro invece delle tue unit\u00e0 di terra. Quando il comandante di Aeon si fa vivo, attacca con tutto, inclusi bombardieri e cannoniere; si teletrasporter\u00e0 via, ma avrai comunque bisogno di forze l\u00ec per l&#039;obiettivo #2.<\/p>\n\n\n\n<h3 class=\"wp-block-heading\">2. RICHIEDI IL NODO DI RETE<\/h3>\n\n\n\n<p>Il nodo si trova al centro della base che stai attaccando. Catturalo con un ingegnere dopo aver livellato la base. Fai in modo che le tue forze navali (non solo i tuoi cacciatorpediniere) distruggano il lato navale della base Aeon.<\/p>\n\n\n\n<h3 class=\"wp-block-heading\">3. SALVA IL NODO DI RETE E GLI EDIFICI CIVILI<\/h3>\n\n\n\n<p><em>La mappa si espande a ovest<\/em><br>Il villaggio civile ha gi\u00e0 scudi, ma ti consigliamo di trasportare in aereo le tue unit\u00e0 di terra l\u00ec per difendersi mentre erigi una posizione difensiva. Costruisci una fabbrica di terra l\u00ec in modo da poter avere difese mobili e anche costruire un po &#039;di anti-aria.<\/p>\n\n\n\n<h3 class=\"wp-block-heading\">4. DIFENDI IL NODO DAGLI ATTACCHI EONICI<\/h3>\n\n\n\n<p>Il nodo subir\u00e0 tutti i tipi di attacco: la tua Fabbrica terrestre che produce antiproiettile T2 e carri armati pesanti \u00e8 utile come difesa per tutti gli usi. Sposta le tue forze navali a nord del villaggio per trovare l&#039;attacco navale prima che avvenga e distruggerlo.<\/p>\n\n\n\n<h3 class=\"wp-block-heading\">5. CATTURA IL NODO NORD-EST<\/h3>\n\n\n\n<p><em>La mappa si espande a nord<\/em><br>La tua base originale \u00e8 ora vulnerabile agli attacchi del nord, quindi costruisci un po &#039;di difesa l\u00ec. Puoi muoverti con una grande forza per sopraffare i loro scudi mobili o inviare un generatore stealth mobile e un ingegnere con il tuo trasporto aereo (dopo aver esplorato le loro traiettorie di volo) per catturarlo.<\/p>\n\n\n\n<h3 class=\"wp-block-heading\">6. CATTURA IL NODO NORD-OVEST<\/h3>\n\n\n\n<p>Questo \u00e8 relativamente facile: sposta semplicemente le tue forze navali sulla costa e bombarderanno la base fino all&#039;oblio. Prima di catturare il nodo, sposta il tuo intero esercito appena fuori dalla base principale di Aeon in un&#039;enorme formazione. Hai un limite di tempo per il prossimo obiettivo, quindi cattura solo quando sei pronto.<\/p>\n\n\n\n<h3 class=\"wp-block-heading\">7. SCONFIGGI IL COMANDANTE AEON<\/h3>\n\n\n\n<p>30 secondi dopo aver completato gli obiettivi 5 e 6, una bomba EMP esplode nel mezzo della base Aeon. Questo ti d\u00e0 il tempo di fare irruzione nella base con tutto, trovare il Comandante e ucciderlo con cannoniere e bombardieri prima che le loro difese aeree si riattivano.<\/p>\n\n\n\n<h3 class=\"has-text-align-center wp-block-heading\">Missione 4 - Operazione Mainframe Tango - Guida video<\/h3>\n\n\n\n<figure class=\"wp-block-embed-youtube wp-block-embed is-type-video is-provider-youtube wp-embed-aspect-4-3 wp-has-aspect-ratio\"><div class=\"wp-block-embed__wrapper\">\n<div class=\"ast-oembed-container\" style=\"height: 100%;\"><iframe title=\"Operazione Mainframe Tango - M4 Cybran Campaign Hard - Supreme Commander\" width=\"500\" height=\"375\" src=\"https:\/\/www.youtube.com\/embed\/Zf6C4dMeps4?feature=oembed\" frameborder=\"0\" allow=\"accelerometer; autoplay; clipboard-write; encrypted-media; gyroscope; picture-in-picture; web-share\" referrerpolicy=\"strict-origin-when-cross-origin\" allowfullscreen><\/iframe><\/div>\n<\/div><\/figure>","protected":false},"excerpt":{"rendered":"<p>1. DEFEAT THE AEON COMMANDER There&#8217;s no time limit for the first task, but you&#8217;ll be continually assaulted, so build up defenses on your western side. The Aeon Commander is to the southwest. Build up a large navy and Wagner force (they have torpedoes so they won&#8217;t be defenseless while crossing the bay), with air [&hellip;]<\/p>","protected":false},"author":1,"featured_media":0,"parent":122,"menu_order":2,"comment_status":"open","ping_status":"closed","template":"","meta":{"_uag_custom_page_level_css":"","site-sidebar-layout":"default","site-content-layout":"default","ast-site-content-layout":"","site-content-style":"default","site-sidebar-style":"default","ast-global-header-display":"","ast-banner-title-visibility":"","ast-main-header-display":"","ast-hfb-above-header-display":"","ast-hfb-below-header-display":"","ast-hfb-mobile-header-display":"","site-post-title":"","ast-breadcrumbs-content":"","ast-featured-img":"","footer-sml-layout":"","theme-transparent-header-meta":"default","adv-header-id-meta":"","stick-header-meta":"","header-above-stick-meta":"","header-main-stick-meta":"","header-below-stick-meta":"","astra-migrate-meta-layouts":"default","ast-page-background-enabled":"default","ast-page-background-meta":{"desktop":{"background-color":"","background-image":"","background-repeat":"repeat","background-position":"center center","background-size":"auto","background-attachment":"scroll","background-type":"","background-media":"","overlay-type":"","overlay-color":"","overlay-gradient":""},"tablet":{"background-color":"","background-image":"","background-repeat":"repeat","background-position":"center center","background-size":"auto","background-attachment":"scroll","background-type":"","background-media":"","overlay-type":"","overlay-color":"","overlay-gradient":""},"mobile":{"background-color":"","background-image":"","background-repeat":"repeat","background-position":"center center","background-size":"auto","background-attachment":"scroll","background-type":"","background-media":"","overlay-type":"","overlay-color":"","overlay-gradient":""}},"ast-content-background-meta":{"desktop":{"background-color":"var(--ast-global-color-5)","background-image":"","background-repeat":"repeat","background-position":"center center","background-size":"auto","background-attachment":"scroll","background-type":"","background-media":"","overlay-type":"","overlay-color":"","overlay-gradient":""},"tablet":{"background-color":"var(--ast-global-color-5)","background-image":"","background-repeat":"repeat","background-position":"center center","background-size":"auto","background-attachment":"scroll","background-type":"","background-media":"","overlay-type":"","overlay-color":"","overlay-gradient":""},"mobile":{"background-color":"var(--ast-global-color-5)","background-image":"","background-repeat":"repeat","background-position":"center center","background-size":"auto","background-attachment":"scroll","background-type":"","background-media":"","overlay-type":"","overlay-color":"","overlay-gradient":""}},"footnotes":""},"uagb_featured_image_src":{"full":false,"thumbnail":false,"medium":false,"medium_large":false,"large":false,"1536x1536":false,"2048x2048":false,"trp-custom-language-flag":false},"uagb_author_info":{"display_name":"SOE","author_link":"https:\/\/supcom.standardof.net\/it\/author\/k-tastic\/"},"uagb_comment_info":0,"uagb_excerpt":"1. DEFEAT THE AEON COMMANDER There&#8217;s no time limit for the first task, but you&#8217;ll be continually assaulted, so build up defenses on your western side. The Aeon Commander is to the southwest. Build up a large navy and Wagner force (they have torpedoes so they won&#8217;t be defenseless while crossing the bay), with air&hellip;","_links":{"self":[{"href":"https:\/\/supcom.standardof.net\/it\/wp-json\/wp\/v2\/pages\/210"}],"collection":[{"href":"https:\/\/supcom.standardof.net\/it\/wp-json\/wp\/v2\/pages"}],"about":[{"href":"https:\/\/supcom.standardof.net\/it\/wp-json\/wp\/v2\/types\/page"}],"author":[{"embeddable":true,"href":"https:\/\/supcom.standardof.net\/it\/wp-json\/wp\/v2\/users\/1"}],"replies":[{"embeddable":true,"href":"https:\/\/supcom.standardof.net\/it\/wp-json\/wp\/v2\/comments?post=210"}],"version-history":[{"count":0,"href":"https:\/\/supcom.standardof.net\/it\/wp-json\/wp\/v2\/pages\/210\/revisions"}],"up":[{"embeddable":true,"href":"https:\/\/supcom.standardof.net\/it\/wp-json\/wp\/v2\/pages\/122"}],"wp:attachment":[{"href":"https:\/\/supcom.standardof.net\/it\/wp-json\/wp\/v2\/media?parent=210"}],"curies":[{"name":"wp","href":"https:\/\/api.w.org\/{rel}","templated":true}]}}