{"id":212,"date":"2020-10-31T15:08:11","date_gmt":"2020-10-31T19:08:11","guid":{"rendered":"https:\/\/supcom.standardof.net\/?page_id=212"},"modified":"2020-10-31T15:08:12","modified_gmt":"2020-10-31T19:08:12","slug":"cybran-operation-unlock","status":"publish","type":"page","link":"https:\/\/supcom.standardof.net\/it\/supreme-commander\/procedure-dettagliate-della-campagna\/cybran-operation-unlock\/","title":{"rendered":"Cybran Mission 5 - Operation Unlock"},"content":{"rendered":"<h3 class=\"wp-block-heading\">1. DISTRUGGERE 6 GENERATORI DI ENERGIA UEF<\/h3>\n\n\n\n<p>A sud c&#039;\u00e8 una grande base UEF; costruire un muro tra voi due una volta che avrete preso il controllo di 10 o 11 depositi di massa. Non provocare l&#039;UEF fino a quando non sei pronto a combattere e non costruire una fabbrica navale finch\u00e9 le tue forze di terra non saranno sicure e dotate di tecnologia fino al T2, poich\u00e9 la marina dell&#039;UEF \u00e8 grande e aggressiva. Costruisci le tue fattorie di Mass Fabricator a nord-est della mappa, lontano dalle pattuglie aeree nemiche. Lungo il muro sud, costruisci una difesa T2 completa con scudi e artiglieria e un paio di ingegneri di pattuglia. Una volta che sei pronto per l&#039;aggiornamento a T3, costruisci alcune fabbriche navali e assisterle mentre produci una forza di terra progettata per proteggere la tua artiglieria mobile T3. Lascia che le forze nemiche ti attaccino e sprechino le loro unit\u00e0 mobili prima di attaccare. Porta le tue forze lungo il bordo orientale della mappa, al riparo delle montagne, in modo che possano distruggere i generatori di energia e far cadere i loro scudi. Ricorda di muoverti alla velocit\u00e0 di artiglieria pesante con le formazioni o Ctrl-Alt-clic.<\/p>\n\n\n\n<h3 class=\"wp-block-heading\">2. &amp; 3. DISTRUGGERE 3 OMNI-SENSORI E DISTRUGGERE LA BASE NAVALE DELL&#039;UEF<\/h3>\n\n\n\n<p><em>La mappa si espande a ovest<br><\/em>Distruggi il primo posto Omni usando lo stesso subdolo metodo di artiglieria, quindi fai in modo che la tua artiglieria controlli lentamente pi\u00f9 territorio. Man mano che prendi il controllo, estendi le rotte di pattuglia aerea per coprire le tue aree sicure in modo che le pattuglie nemiche non si avvicinino di soppiatto. Usa le unit\u00e0 navali per eliminare la costa occidentale e distruggere la base navale. I tuoi incrociatori e cacciatorpediniere possono anche aiutarti a eliminare le difese sulla spiaggia. Distruggere prima la base navale rende molto pi\u00f9 facile puntare l&#039;Omni Sensor sulla montagna occidentale. Man mano che la tua artiglieria e le tue unit\u00e0 di supporto muoiono, sostituiscile con l&#039;aria lasciando cadere pi\u00f9 unit\u00e0. La base navale si trova all&#039;estremit\u00e0 sud del fiume. Attiva l&#039;interruttore terra \/ aria dei tuoi incrociatori su &quot;terra&quot; e muoviti con le tue forze navali (ma non con le forze aeree perch\u00e9 l&#039;anti-aria \u00e8 tutta schermata), mentre la tua artiglieria abbatte gli scudi. Obiettivo prima degli ingegneri, poich\u00e9 cercheranno di riparare le difese. In alternativa, puoi lanciare in aria gli ingegneri dalla base e un&#039;artiglieria T2 o un lanciamissili tattico lo distrugger\u00e0 facilmente, difeso dalle tue unit\u00e0 di terra. La base dell&#039;Omni Sensor a sud-ovest \u00e8 a portata di tutte le tue unit\u00e0, quindi falla battere con tutte le tue forze. L&#039;Omni Sensor occidentale \u00e8 in cima a una montagna, il che lo rende ben difeso. I cacciatorpediniere sono lenti, ma qui sono la soluzione migliore; lascia cadere la tua squadra di artiglieria dietro di loro e proteggili con il tuo aereo.<\/p>\n\n\n\n<h3 class=\"wp-block-heading\">4. RAGGIUNGI HEX5 CON IL TUO COMMANDER<\/h3>\n\n\n\n<p>Trasporta il tuo ACU nell&#039;area di destinazione e mantieni i tuoi combattenti nella tua base principale, poich\u00e9 i cieli diventeranno molto ostili dopo questo obiettivo. Dopo averlo finito, trasporta rapidamente l&#039;ACU sugli scudi nella tua base principale.<\/p>\n\n\n\n<h3 class=\"wp-block-heading\">5. SCONFIGGERE L&#039;ASSALTO DELLA GUNSHIP UEF<\/h3>\n\n\n\n<p>Questo non \u00e8 un problema se hai abbastanza difese aeree dai primi obiettivi e abbastanza combattenti per respingere le cannoniere.<\/p>\n\n\n\n<h3 class=\"wp-block-heading\">6. INFETTARE LA FACILIT\u00c0 DI STAGIONE DELL&#039;ARIA UEF<\/h3>\n\n\n\n<p><em>La mappa si espande a sud<br><\/em>Questa base \u00e8 ben difesa, quindi dovrai usare la tua squadra di artiglieria. Cerca di allontanare le unit\u00e0 da un lato della base mentre fai cadere le unit\u00e0 sugli altri lati in un attacco suicida, quindi sposta gli ingegneri attraverso il buco per catturare una delle strutture. Non \u00e8 necessario prima pulire l&#039;intera base.<\/p>\n\n\n\n<h3 class=\"wp-block-heading\">7. SCONFIGGERE IL COMANDANTE DELL&#039;UEF<\/h3>\n\n\n\n<p>Sposta tutte le tue forze nell&#039;angolo sud-ovest: le unit\u00e0 navali sul fiume a est della base, con le unit\u00e0 aeree che coprono il mare ma non si allontanano troppo dalla copertura anti-aerea della base. Dopo aver ucciso l&#039;anello esterno delle torrette, prendi di mira gli scudi e sposta i tuoi cacciatorpediniere sulla riva per attirare l&#039;ACU dal nascondiglio. Se si ritira prima di morire, torna a bombardare la sua base finch\u00e9 non ha pi\u00f9 un posto dove scappare. Una volta che hai un tiro chiaro, invia le tue forze aeree e cacciatorpediniere per finire il lavoro.<\/p>\n\n\n\n<h3 class=\"wp-block-heading\">Missione 5 - Sblocco operazione - Guida video<\/h3>\n\n\n\n<figure class=\"wp-block-embed-youtube wp-block-embed is-type-video is-provider-youtube wp-embed-aspect-16-9 wp-has-aspect-ratio\"><div class=\"wp-block-embed__wrapper\">\n<div class=\"ast-oembed-container\" style=\"height: 100%;\"><iframe title=\"Operazione Unlock - M5 Cybran Campaign Hard - Supreme Commander\" width=\"500\" height=\"281\" src=\"https:\/\/www.youtube.com\/embed\/WcXek0vEAW0?feature=oembed\" frameborder=\"0\" allow=\"accelerometer; autoplay; clipboard-write; encrypted-media; gyroscope; picture-in-picture; web-share\" referrerpolicy=\"strict-origin-when-cross-origin\" allowfullscreen><\/iframe><\/div>\n<\/div><\/figure>","protected":false},"excerpt":{"rendered":"<p>1. DESTROY 6 UEF POWER GENERATORS To the south there is a large UEF base; build a wall between the two of you once you&#8217;ve taken control of 10 or 11 mass deposits. Don&#8217;t provoke the UEF until you&#8217;re ready to fight, and don&#8217;t build a Naval Factory until your land forces are secure and [&hellip;]<\/p>","protected":false},"author":1,"featured_media":0,"parent":122,"menu_order":2,"comment_status":"open","ping_status":"closed","template":"","meta":{"_uag_custom_page_level_css":"","site-sidebar-layout":"default","site-content-layout":"default","ast-site-content-layout":"","site-content-style":"default","site-sidebar-style":"default","ast-global-header-display":"","ast-banner-title-visibility":"","ast-main-header-display":"","ast-hfb-above-header-display":"","ast-hfb-below-header-display":"","ast-hfb-mobile-header-display":"","site-post-title":"","ast-breadcrumbs-content":"","ast-featured-img":"","footer-sml-layout":"","theme-transparent-header-meta":"default","adv-header-id-meta":"","stick-header-meta":"","header-above-stick-meta":"","header-main-stick-meta":"","header-below-stick-meta":"","astra-migrate-meta-layouts":"default","ast-page-background-enabled":"default","ast-page-background-meta":{"desktop":{"background-color":"","background-image":"","background-repeat":"repeat","background-position":"center center","background-size":"auto","background-attachment":"scroll","background-type":"","background-media":"","overlay-type":"","overlay-color":"","overlay-gradient":""},"tablet":{"background-color":"","background-image":"","background-repeat":"repeat","background-position":"center center","background-size":"auto","background-attachment":"scroll","background-type":"","background-media":"","overlay-type":"","overlay-color":"","overlay-gradient":""},"mobile":{"background-color":"","background-image":"","background-repeat":"repeat","background-position":"center center","background-size":"auto","background-attachment":"scroll","background-type":"","background-media":"","overlay-type":"","overlay-color":"","overlay-gradient":""}},"ast-content-background-meta":{"desktop":{"background-color":"var(--ast-global-color-5)","background-image":"","background-repeat":"repeat","background-position":"center center","background-size":"auto","background-attachment":"scroll","background-type":"","background-media":"","overlay-type":"","overlay-color":"","overlay-gradient":""},"tablet":{"background-color":"var(--ast-global-color-5)","background-image":"","background-repeat":"repeat","background-position":"center center","background-size":"auto","background-attachment":"scroll","background-type":"","background-media":"","overlay-type":"","overlay-color":"","overlay-gradient":""},"mobile":{"background-color":"var(--ast-global-color-5)","background-image":"","background-repeat":"repeat","background-position":"center center","background-size":"auto","background-attachment":"scroll","background-type":"","background-media":"","overlay-type":"","overlay-color":"","overlay-gradient":""}},"footnotes":""},"uagb_featured_image_src":{"full":false,"thumbnail":false,"medium":false,"medium_large":false,"large":false,"1536x1536":false,"2048x2048":false,"trp-custom-language-flag":false},"uagb_author_info":{"display_name":"SOE","author_link":"https:\/\/supcom.standardof.net\/it\/author\/k-tastic\/"},"uagb_comment_info":0,"uagb_excerpt":"1. DESTROY 6 UEF POWER GENERATORS To the south there is a large UEF base; build a wall between the two of you once you&#8217;ve taken control of 10 or 11 mass deposits. Don&#8217;t provoke the UEF until you&#8217;re ready to fight, and don&#8217;t build a Naval Factory until your land forces are secure and&hellip;","_links":{"self":[{"href":"https:\/\/supcom.standardof.net\/it\/wp-json\/wp\/v2\/pages\/212"}],"collection":[{"href":"https:\/\/supcom.standardof.net\/it\/wp-json\/wp\/v2\/pages"}],"about":[{"href":"https:\/\/supcom.standardof.net\/it\/wp-json\/wp\/v2\/types\/page"}],"author":[{"embeddable":true,"href":"https:\/\/supcom.standardof.net\/it\/wp-json\/wp\/v2\/users\/1"}],"replies":[{"embeddable":true,"href":"https:\/\/supcom.standardof.net\/it\/wp-json\/wp\/v2\/comments?post=212"}],"version-history":[{"count":0,"href":"https:\/\/supcom.standardof.net\/it\/wp-json\/wp\/v2\/pages\/212\/revisions"}],"up":[{"embeddable":true,"href":"https:\/\/supcom.standardof.net\/it\/wp-json\/wp\/v2\/pages\/122"}],"wp:attachment":[{"href":"https:\/\/supcom.standardof.net\/it\/wp-json\/wp\/v2\/media?parent=212"}],"curies":[{"name":"wp","href":"https:\/\/api.w.org\/{rel}","templated":true}]}}