{"id":215,"date":"2020-10-31T15:11:47","date_gmt":"2020-10-31T19:11:47","guid":{"rendered":"https:\/\/supcom.standardof.net\/?page_id=215"},"modified":"2020-10-31T15:11:48","modified_gmt":"2020-10-31T19:11:48","slug":"cybran-operation-freedom","status":"publish","type":"page","link":"https:\/\/supcom.standardof.net\/it\/supreme-commander\/procedure-dettagliate-della-campagna\/cybran-operazione-liberta\/","title":{"rendered":"Cybran Mission 6 - Operation Freedom"},"content":{"rendered":"<h3 class=\"wp-block-heading\">0. COSTRUISCI LA TUA BASE<\/h3>\n\n\n\n<p>La tua missione non \u00e8 perdere tempo con le solite tecniche quass\u00f9, ma avere abbastanza economia per produrre molte unit\u00e0 sperimentali, fino a uno Scathis per attaccare in sicurezza da dietro le difese della base. Hai 12 minuti per costruire la tua base prima che arrivi lo zar, quindi lavora velocemente. Costruisci forze di terra miste (robot d&#039;assedio T3, artiglieria, anti-aria T2 e alcuni generatori di scudi mobili T2) e inviali a sud come copertura per il muro di difese che stai costruendo. Costruisci molti combattenti e bombardieri T1 e T3 nelle tue fabbriche aeree per prepararti all&#039;invasione zar. Avrai bisogno di una grande flotta navale mista (eccetto le portaerei, perch\u00e9 hai gi\u00e0 strutture di staging aereo) e molti ingegneri T3 per finanziare la tua macchina da guerra, soprattutto perch\u00e9 ti consigliamo di aggiornare gli scudi alla tua linea meridionale e inserirli Installazioni di artiglieria pesante T3 per fermare gli esperimenti che verranno a nord verso di te. Avrai anche bisogno di una difesa aerea T3 lungo la costa occidentale e pi\u00f9 lanciasiluri T2 in un anello esterno oltre a quelli che hai gi\u00e0, e in seguito avrai bisogno di una difesa del punto T2 su entrambi i lati della tua base per respingere gli attacchi. La chiave per fermare gli esperimenti nemici dalla terra \u00e8 la tua artiglieria pesante, e la chiave per uccidere gli esperimenti nemici dal mare \u00e8 la tua cannoniera sperimentale Squartatore di anime. Questo \u00e8 il tuo pi\u00f9 grande progetto di costruzione, poich\u00e9 avrai bisogno di loro per abbattere lo zar prima che cancelli il centro di controllo del Sole Nero. Nel frattempo, il tuo ACU e Jericho possono aiutare il muro difensivo: ti serviranno diversi strati di muri fisici per impedire alle unit\u00e0 di terra di raggiungerti prima che i loro esperimenti possano distruggere i muri, cos\u00ec come le solite difese. In alternativa, chiedi al tuo ACU di guidare la carica di costruzione di Soul Ripper. \u00c8 difficile costruire l&#039;artiglieria T3 e uno Squartatore di anime contemporaneamente, quindi scegline uno: una volta che hai una singola artiglieria in alto, puoi mettere tutti i tuoi ingegneri in aria e in esperimenti T3.<\/p>\n\n\n\n<h3 class=\"wp-block-heading\">1. DISTRUGGERE IL CZAR<\/h3>\n\n\n\n<p>Fai in modo che tutte le tue unit\u00e0 aeree - Squartatori di anime, combattenti per la superiorit\u00e0 aerea, persino le tue cannoniere - ti aiutino ad abbattere i punti ferita dello zar prima che raggiunga la base UEF. L&#039;UEF ti aiuter\u00e0 in qualche modo, ma non possono farlo da soli, e hai bisogno che muoia prima che raggiunga il centro di controllo (a sud della tua base). Dopo aver costruito alcuni Soul Ripper, metti in coda alcuni Monkeylords e poi continua a costruire esperimenti per sempre. Invece di artiglieria T3 e Monkeylords, puoi usare uno Scathis, che eliminer\u00e0 l&#039;intera isola su cui ti trovi se la metti all&#039;interno della tua linea difensiva. L&#039;artiglieria ha il vantaggio di poter colpire anche la base Aeon.<\/p>\n\n\n\n<h3 class=\"wp-block-heading\">2. COSTRUISCI UNA PORTA QUANTISTICA<\/h3>\n\n\n\n<p>Riporta i tuoi Squartatori di anime alla tua base, vagando a ovest per individuare il Colosso che si dirige a est verso di te. Anche l&#039;UEF ti attaccher\u00e0 e ti aiuter\u00e0 a uccidere il Colosso se ne avrai bisogno. Il Colosso dovrebbe essere al centro della tua attenzione con cannoniere, Soul Ripper e bombardieri T3, cos\u00ec come l&#039;intera flotta navale (dal momento che non pu\u00f2 usare i suoi cannoni gravitazionali mentre \u00e8 sommerso). Se raggiunge la tua base, le difese occidentali dovrebbero ucciderlo prima che faccia troppi danni. Le forze dell&#039;UEF possono aspettare finch\u00e9 non viene distrutta; le tue mura dovrebbero sostenerli abbastanza a lungo da permettere alle tue difese e alle tue truppe di terra di montare una difesa. Costruisci un Quantum Gate qui ed entra con il tuo ACU, che a questo punto dovrebbe essere nascosto al sicuro dietro gli scudi. \u00c8 ora possibile avviare la produzione di massa di SCU con l&#039;aggiornamento della raccolta di risorse se si esaurisce lo spazio per le aziende agricole di produzione e alimentazione T3. Questo non dovrebbe essere un problema, per\u00f2; invece, basta pompare SCU regolari per aiutare i tuoi progetti di costruzione e aggiungere un ingegnere alla coda di costruzione del terreno per aiutare a costruire difese sempre pi\u00f9 a sud. L&#039;UEF attaccher\u00e0 con artiglieria pesante mobile che pu\u00f2 abbattere le tue difese; per questo, spostati in uno Squartatore di anime per pattugliare a sud delle mura per individuarli mentre la tua artiglieria si prende cura di loro. Non lasciare che l&#039;UEF crei le proprie difese puntiformi!<\/p>\n\n\n\n<h3 class=\"wp-block-heading\">3. CATTURA IL CENTRO DI CONTROLLO DEL SOLE NERO<\/h3>\n\n\n\n<p><em>La mappa si espande a sud e ad est<br><\/em>Questo non \u00e8 un obiettivo a tempo. Dopo aver respinto l&#039;invasione dell&#039;UEF e di Aeon, prenditi del tempo per ricostruire le tue forze, quindi sposta le unit\u00e0 sperimentali rimanenti al centro di controllo. La tua artiglieria avrebbe gi\u00e0 dovuto eliminare la maggior parte di questa base; l&#039;UEF potrebbe ancora difenderlo con un Fatboy, motivo per cui hai portato con te gli spiderbots. Cammina o trasporta la tua ACU a Black Sun e assicurati che i suoi scudi siano aggiornati e che i comandanti di supporto lo assistano in caso di pericolo. Non appena la tua ACU si avvicina al centro di controllo, una forza terrestre T3 appare proprio accanto ad essa da sud; i tuoi esperimenti dovrebbero essere in grado di tenerli a bada, ma in caso contrario, preparati in anticipo con i generatori di scudi e le difese costruite prima dell&#039;arrivo della tua ACU. Se non stai giocando in difficolt\u00e0 Difficile, puoi far catturare a qualsiasi vecchio ingegnere il Centro di controllo e lo stesso Sole Nero. Questo rende le cose molto pi\u00f9 facili, poich\u00e9 puoi inviare alcuni ingegneri sotto la copertura delle tue forze senza preoccuparti che vengano spazzati via dal contrattacco dell&#039;UEF.<\/p>\n\n\n\n<h3 class=\"wp-block-heading\">4. CATTURA IL SOLE NERO<\/h3>\n\n\n\n<p><em>La mappa si espande a sud<br><\/em>La velocit\u00e0 \u00e8 la chiave qui; entra con i tuoi esperimenti e sposta il tuo Scathis in avanti dietro di loro. Lo Scathis dovrebbe distruggere obiettivi ad alta priorit\u00e0 come i due lanciamissili strategici (uno al centro della base, uno a ovest). Fortunatamente, il loro primo colpo \u00e8 all&#039;isola di Aeon; assicurati di distruggerli prima che possano sparare #2 alla tua ACU. Se non hai costruito uno Scathis, fai in modo che la tua artiglieria T3 bersagli il lanciatore nucleare orientale e chiedi ai tuoi Squartatori di anime di eliminare quello occidentale (\u00e8 vicino a Black Sun). Dopo che i lanciatori sono morti, sposta i tuoi esperimenti per uccidere il comandante dell&#039;UEF. La sua esplosione far\u00e0 la maggior parte del lavoro per te, ed \u00e8 difficile sopravvivere a un assalto di Soul Ripper se i tuoi Monkeylord hanno tenuto adeguatamente occupate le unit\u00e0 nemiche. Dopo che la base \u00e8 stata distrutta, chiedi ai tuoi ingegneri di catturare Black Sun.<\/p>\n\n\n\n<h3 class=\"wp-block-heading\">5. FUOCO SOLE NERO<\/h3>\n\n\n\n<p>Seleziona Black Sun (s\u00ec, \u00e8 un&#039;unit\u00e0) e premi il pulsante di fuoco. Il suggerimento, &quot;Fine della guerra infinita&quot;, dice tutto. Goditi la tua vittoria!<\/p>\n\n\n\n<h3 class=\"has-text-align-center wp-block-heading\">Missione 6 - Libert\u00e0 di operazione - Guida video<\/h3>\n\n\n\n<figure class=\"wp-block-embed-youtube wp-block-embed is-type-video is-provider-youtube wp-embed-aspect-4-3 wp-has-aspect-ratio\"><div class=\"wp-block-embed__wrapper\">\n<div class=\"ast-oembed-container\" style=\"height: 100%;\"><iframe title=\"Operazione Freedom - M6 Cybran Campaign Hard - Supreme Commander\" width=\"500\" height=\"375\" src=\"https:\/\/www.youtube.com\/embed\/WS4ZPEFTRWc?feature=oembed\" frameborder=\"0\" allow=\"accelerometer; autoplay; clipboard-write; encrypted-media; gyroscope; picture-in-picture; web-share\" referrerpolicy=\"strict-origin-when-cross-origin\" allowfullscreen><\/iframe><\/div>\n<\/div><\/figure>","protected":false},"excerpt":{"rendered":"<p>0. BUILD YOUR BASE Your mission is not to waste time with the usual teching up here, but to have enough economy to produce lots of experimental units, all the way up to a Scathis to attack safely from behind your base defenses. You have 12 minutes to build up your base before the Czar [&hellip;]<\/p>","protected":false},"author":1,"featured_media":0,"parent":122,"menu_order":2,"comment_status":"open","ping_status":"closed","template":"","meta":{"_uag_custom_page_level_css":"","site-sidebar-layout":"default","site-content-layout":"default","ast-site-content-layout":"","site-content-style":"default","site-sidebar-style":"default","ast-global-header-display":"","ast-banner-title-visibility":"","ast-main-header-display":"","ast-hfb-above-header-display":"","ast-hfb-below-header-display":"","ast-hfb-mobile-header-display":"","site-post-title":"","ast-breadcrumbs-content":"","ast-featured-img":"","footer-sml-layout":"","theme-transparent-header-meta":"default","adv-header-id-meta":"","stick-header-meta":"","header-above-stick-meta":"","header-main-stick-meta":"","header-below-stick-meta":"","astra-migrate-meta-layouts":"default","ast-page-background-enabled":"default","ast-page-background-meta":{"desktop":{"background-color":"","background-image":"","background-repeat":"repeat","background-position":"center center","background-size":"auto","background-attachment":"scroll","background-type":"","background-media":"","overlay-type":"","overlay-color":"","overlay-gradient":""},"tablet":{"background-color":"","background-image":"","background-repeat":"repeat","background-position":"center center","background-size":"auto","background-attachment":"scroll","background-type":"","background-media":"","overlay-type":"","overlay-color":"","overlay-gradient":""},"mobile":{"background-color":"","background-image":"","background-repeat":"repeat","background-position":"center center","background-size":"auto","background-attachment":"scroll","background-type":"","background-media":"","overlay-type":"","overlay-color":"","overlay-gradient":""}},"ast-content-background-meta":{"desktop":{"background-color":"var(--ast-global-color-5)","background-image":"","background-repeat":"repeat","background-position":"center center","background-size":"auto","background-attachment":"scroll","background-type":"","background-media":"","overlay-type":"","overlay-color":"","overlay-gradient":""},"tablet":{"background-color":"var(--ast-global-color-5)","background-image":"","background-repeat":"repeat","background-position":"center center","background-size":"auto","background-attachment":"scroll","background-type":"","background-media":"","overlay-type":"","overlay-color":"","overlay-gradient":""},"mobile":{"background-color":"var(--ast-global-color-5)","background-image":"","background-repeat":"repeat","background-position":"center center","background-size":"auto","background-attachment":"scroll","background-type":"","background-media":"","overlay-type":"","overlay-color":"","overlay-gradient":""}},"footnotes":""},"uagb_featured_image_src":{"full":false,"thumbnail":false,"medium":false,"medium_large":false,"large":false,"1536x1536":false,"2048x2048":false,"trp-custom-language-flag":false},"uagb_author_info":{"display_name":"SOE","author_link":"https:\/\/supcom.standardof.net\/it\/author\/k-tastic\/"},"uagb_comment_info":0,"uagb_excerpt":"0. BUILD YOUR BASE Your mission is not to waste time with the usual teching up here, but to have enough economy to produce lots of experimental units, all the way up to a Scathis to attack safely from behind your base defenses. You have 12 minutes to build up your base before the Czar&hellip;","_links":{"self":[{"href":"https:\/\/supcom.standardof.net\/it\/wp-json\/wp\/v2\/pages\/215"}],"collection":[{"href":"https:\/\/supcom.standardof.net\/it\/wp-json\/wp\/v2\/pages"}],"about":[{"href":"https:\/\/supcom.standardof.net\/it\/wp-json\/wp\/v2\/types\/page"}],"author":[{"embeddable":true,"href":"https:\/\/supcom.standardof.net\/it\/wp-json\/wp\/v2\/users\/1"}],"replies":[{"embeddable":true,"href":"https:\/\/supcom.standardof.net\/it\/wp-json\/wp\/v2\/comments?post=215"}],"version-history":[{"count":0,"href":"https:\/\/supcom.standardof.net\/it\/wp-json\/wp\/v2\/pages\/215\/revisions"}],"up":[{"embeddable":true,"href":"https:\/\/supcom.standardof.net\/it\/wp-json\/wp\/v2\/pages\/122"}],"wp:attachment":[{"href":"https:\/\/supcom.standardof.net\/it\/wp-json\/wp\/v2\/media?parent=215"}],"curies":[{"name":"wp","href":"https:\/\/api.w.org\/{rel}","templated":true}]}}