{"id":218,"date":"2020-10-31T15:15:10","date_gmt":"2020-10-31T19:15:10","guid":{"rendered":"https:\/\/supcom.standardof.net\/?page_id=218"},"modified":"2020-10-31T15:15:10","modified_gmt":"2020-10-31T19:15:10","slug":"aeon-operation-joust","status":"publish","type":"page","link":"https:\/\/supcom.standardof.net\/it\/supreme-commander\/procedure-dettagliate-della-campagna\/eone-operazione-giostra\/","title":{"rendered":"Aeon Mission 1 - Operazione Joust"},"content":{"rendered":"<h3 class=\"wp-block-heading\">1. COSTRUISCI 3 ESTRATTORI DI MASSA<\/h3>\n\n\n\n<p><em>Schemi aggiunti: T1 Mass Extractor<\/em><br>Per farlo il pi\u00f9 velocemente possibile, tieni premuto Shift per mettere in coda tutti e 3 i Mass Extractor. Se sono relativamente distanti, metti in coda un comando Sposta tra ciascuno di essi in modo che la tua ACU non debba camminare cos\u00ec lontano; se gli dici solo di costruire, camminer\u00e0 proprio accanto al Mass Extractor prima di costruirlo.<\/p>\n\n\n\n<h3 class=\"wp-block-heading\">2. COSTRUISCI 3 GENERATORI DI ENERGIA<\/h3>\n\n\n\n<p><em>Schemi aggiunti: T1 Power Generator<\/em><br>Non preoccuparti di dove posizionare i generatori di energia, purch\u00e9 non siano accanto agli estrattori di massa: non costruirai fabbriche di aria o terra per un po &#039;.<\/p>\n\n\n\n<h3 class=\"wp-block-heading\">3. COSTRUISCI UNA FABBRICA NAVALE<\/h3>\n\n\n\n<p><em>Schemi aggiunti: Fabbrica navale<\/em><br>Costruisci la fabbrica appena al largo della tua isola. Metti in coda i rimanenti Mass Extractors con la tua ACU.<\/p>\n\n\n\n<h3 class=\"wp-block-heading\">4. COSTRUISCI 3 BARCHE D&#039;ATTACCO<\/h3>\n\n\n\n<p>Costruisci diversi ingegneri e un considerevole contingente di barche d&#039;attacco (3 sicuramente non saranno sufficienti per il resto della missione). Gli ingegneri dovrebbero costruire un&#039;altra fabbrica navale, quindi continuare a costruire la tua economia e assistere le tue fabbriche.<\/p>\n\n\n\n<h3 class=\"wp-block-heading\">5. DISTRUGGERE 7 PATTUGLIE AEREE UEF<\/h3>\n\n\n\n<p>Metti le tue barche d&#039;attacco in un gruppo selezionandole (con doppio clic, Ctrl + Z o Ctrl + S) e Ctrl + 1 (o un altro numero). In futuro, sar\u00e0 ora possibile accedere alla tua flotta marittima semplicemente premendo 1. Mettili in pattuglia nel resto dell&#039;area visibile della mappa. Dovrebbero incontrare aerei UEF e ucciderli senza la tua supervisione.<\/p>\n\n\n\n<h3 class=\"wp-block-heading\">6. COSTRUISCI 3 SOTTOMARINI D&#039;ATTACCO<\/h3>\n\n\n\n<p><em>Schemi aggiunti: Attacco sottomarino<\/em><br>Costruisci molti di questi. Sono pi\u00f9 costose delle tue barche d&#039;attacco, ma sono la migliore unit\u00e0 che hai per vincere battaglie navali. Se i tuoi sottomarini riemergono per qualche motivo, selezionali e premi D per farli tornare indietro; a differenza dei sottomarini UEF e Cybran, i sottomarini Aeon non hanno cannoni da ponte, quindi dovrebbero sempre rimanere sott&#039;acqua.<\/p>\n\n\n\n<h3 class=\"wp-block-heading\">7. DISTRUGGI 4 BLOCCHI UEF<\/h3>\n\n\n\n<p><em>Schemi aggiunti: lanciasiluri<\/em><br>Aspetta di avere pi\u00f9 di 3 abbonati prima di andare dopo i sottotitoli UEF. Pi\u00f9 ne hai, meno perderai quando il tuo branco di caccia li inseguir\u00e0. Chiedi ai tuoi ingegneri di costruire alcuni lanciasiluri per proteggere le tue fabbriche mentre le tue truppe sono in attacco. Le navi impiegano molto pi\u00f9 tempo per tornare a difendere la tua base rispetto alle unit\u00e0 terrestri o aeree, quindi costruisci pi\u00f9 difese di quante ne faresti se combatteresti a terra.<\/p>\n\n\n\n<h3 class=\"wp-block-heading\">8. DISTRUGGERE TUTTI E 3 I GENERATORI E LE FABBRICHE DELL&#039;UEF<\/h3>\n\n\n\n<p><em>La mappa si espande a est<br>Schemi aggiunti: fregata, torretta antiaerea, difesa punti T1<\/em><br>Crea una grande forza mista di tutte le tue unit\u00e0 navali, aggiungendole a un gruppo per un facile accesso. Spostali tutti a est, mirando prima ai sottomarini e ai lanciasiluri, quindi spostati sull&#039;isola in modo che le tue fregate possano devastare gli edifici dell&#039;isola stessa. Le tue barche d&#039;attacco dovrebbero far funzionare rapidamente qualsiasi unit\u00e0 aerea, oltre a distrarre i lanciasiluri nemici dai tuoi costosi sottomarini. Proteggi la tua base con torrette anti-aeree, preferibilmente lungo la costa, in modo che le navi nemiche debbano attraversare i tuoi lanciasiluri prima che possano attaccare la tua difesa aerea. Una volta che la base \u00e8 stata distrutta, sposta il tuo ACU per costruire una nuova base sulle rovine. Se ti senti particolarmente eroico, sposta la tua flotta marittima prima di distruggere l&#039;ultima fabbrica e fai in modo che la tua ACU la catturi, garantendoti l&#039;accesso alle unit\u00e0 UEF.<\/p>\n\n\n\n<h3 class=\"wp-block-heading\">9. DISTRUGGERE LA BASE AEREA NORD-OVEST<\/h3>\n\n\n\n<p><em>La mappa si espande a nord<br>Schemi aggiunti: T1 Air Factory, Air Scout, Interceptor, Attack Bomber<\/em><br>Gli ultimi obiettivi compaiono tutti contemporaneamente, ma la base nord-ovest \u00e8 molto pi\u00f9 facile da affrontare per prima e allevier\u00e0 parte della pressione che i bombardieri nemici stanno esercitando su di te. Dovrai principalmente che le tue unit\u00e0 aeree (assistite dai tuoi ingegneri extra) distruggano questa base, prestando particolare attenzione prima all&#039;anti-aria e poi distruggendo i lanciasiluri e le fabbriche a tuo piacimento.<\/p>\n\n\n\n<h3 class=\"wp-block-heading\">10. DISTRUGGERE LA BASE NAVALE ORIENTALE<\/h3>\n\n\n\n<p>Mentre la tua aviazione elimina la base nord-ovest, la tua flotta marittima pu\u00f2 entrare e distruggere la base orientale. Usa le stesse tattiche dell&#039;ultima volta, assicurandoti di distruggere le minacce pi\u00f9 grandi (sottomarini e lanciasiluri) e poi lascia che le tue fregate distruggano le sue unit\u00e0 di terra. Quando le unit\u00e0 aeree UEF del nord si vendicheranno, probabilmente avrai perso molte barche d&#039;attacco a causa dei combattimenti, quindi muovi i tuoi caccia per proteggere la tua flotta.<\/p>\n\n\n\n<h3 class=\"wp-block-heading\">11. SCONFITTA UEF JUNIOR COMMANDER<\/h3>\n\n\n\n<p>Sulla prossima isola a nord c&#039;\u00e8 un comandante dell&#039;UEF. Costruisci le tue forze dalle battaglie precedenti, assicurandoti di mantenere le tue fabbriche in grado di pompare unit\u00e0, e di nuovo invia la tua ACU a costruire Mass Extractors e un&#039;altra o due fabbriche sull&#039;isola che hai appena conquistato. Tieni le tue unit\u00e0 aeree lontane da questa base, poich\u00e9 le sue torrette antiproiettile T2 le cancelleranno; invece, usali per proteggerti mentre le fregate e i sottomarini si muovono per attaccare la base. L&#039;ACU uscir\u00e0 per giocare molto rapidamente, poich\u00e9 i tuoi sottomarini dovrebbero fare un breve lavoro su eventuali difese navali, quindi attaccarlo con tutto ci\u00f2 che hai. Le unit\u00e0 navali hanno molta pi\u00f9 potenza di fuoco rispetto alle unit\u00e0 terrestri, quindi l&#039;ACU dovrebbe diminuire molto rapidamente.<\/p>\n\n\n\n<h3 class=\"wp-block-heading\">12. DISTRUGGERE GLI IMPIANTI ANTI-ARIA<\/h3>\n\n\n\n<p>L&#039;unico compito rimanente \u00e8 creare altre fregate e farle distruggere tutte le postazioni antiaeree sull&#039;isola. Questo per aprire la strada allo zar che si avvicina da sud, che presto vedrai in azione.<\/p>\n\n\n\n<h3 class=\"wp-block-heading\">13. AIUTA LA CZAR<\/h3>\n\n\n\n<p>Questo \u00e8 molto semplice: d\u00ec semplicemente a tutte le tue unit\u00e0 di assistere lo zar. A questo punto dovresti avere abbastanza forze per sederti e guardarlo distruggere l&#039;UEF.<\/p>\n\n\n\n<h3 class=\"has-text-align-center wp-block-heading\">Missione 1 - Operazione Giostra - Guida video<\/h3>\n\n\n\n<figure class=\"wp-block-embed-youtube wp-block-embed is-type-video is-provider-youtube wp-embed-aspect-4-3 wp-has-aspect-ratio\"><div class=\"wp-block-embed__wrapper\">\n<div class=\"ast-oembed-container\" style=\"height: 100%;\"><iframe title=\"Operazione Joust - M1 Aeon Campaign Hard - Supreme Commander\" width=\"500\" height=\"375\" src=\"https:\/\/www.youtube.com\/embed\/HR0t2-cO9IE?list=PL065F8D7C29112F51\" frameborder=\"0\" allow=\"accelerometer; autoplay; clipboard-write; encrypted-media; gyroscope; picture-in-picture; web-share\" referrerpolicy=\"strict-origin-when-cross-origin\" allowfullscreen><\/iframe><\/div>\n<\/div><\/figure>","protected":false},"excerpt":{"rendered":"<p>1. BUILD 3 MASS EXTRACTORS Schematics added: T1 Mass ExtractorTo do this as fast as possible, hold Shift to queue up all 3 Mass Extractors. If they are relatively far apart, queue up a Move command between each one so that your ACU won&#8217;t have to walk as far; if you just tell him to [&hellip;]<\/p>","protected":false},"author":1,"featured_media":0,"parent":122,"menu_order":3,"comment_status":"open","ping_status":"closed","template":"","meta":{"_uag_custom_page_level_css":"","site-sidebar-layout":"default","site-content-layout":"default","ast-site-content-layout":"","site-content-style":"default","site-sidebar-style":"default","ast-global-header-display":"","ast-banner-title-visibility":"","ast-main-header-display":"","ast-hfb-above-header-display":"","ast-hfb-below-header-display":"","ast-hfb-mobile-header-display":"","site-post-title":"","ast-breadcrumbs-content":"","ast-featured-img":"","footer-sml-layout":"","theme-transparent-header-meta":"default","adv-header-id-meta":"","stick-header-meta":"","header-above-stick-meta":"","header-main-stick-meta":"","header-below-stick-meta":"","astra-migrate-meta-layouts":"default","ast-page-background-enabled":"default","ast-page-background-meta":{"desktop":{"background-color":"","background-image":"","background-repeat":"repeat","background-position":"center center","background-size":"auto","background-attachment":"scroll","background-type":"","background-media":"","overlay-type":"","overlay-color":"","overlay-gradient":""},"tablet":{"background-color":"","background-image":"","background-repeat":"repeat","background-position":"center center","background-size":"auto","background-attachment":"scroll","background-type":"","background-media":"","overlay-type":"","overlay-color":"","overlay-gradient":""},"mobile":{"background-color":"","background-image":"","background-repeat":"repeat","background-position":"center center","background-size":"auto","background-attachment":"scroll","background-type":"","background-media":"","overlay-type":"","overlay-color":"","overlay-gradient":""}},"ast-content-background-meta":{"desktop":{"background-color":"var(--ast-global-color-5)","background-image":"","background-repeat":"repeat","background-position":"center center","background-size":"auto","background-attachment":"scroll","background-type":"","background-media":"","overlay-type":"","overlay-color":"","overlay-gradient":""},"tablet":{"background-color":"var(--ast-global-color-5)","background-image":"","background-repeat":"repeat","background-position":"center center","background-size":"auto","background-attachment":"scroll","background-type":"","background-media":"","overlay-type":"","overlay-color":"","overlay-gradient":""},"mobile":{"background-color":"var(--ast-global-color-5)","background-image":"","background-repeat":"repeat","background-position":"center center","background-size":"auto","background-attachment":"scroll","background-type":"","background-media":"","overlay-type":"","overlay-color":"","overlay-gradient":""}},"footnotes":""},"uagb_featured_image_src":{"full":false,"thumbnail":false,"medium":false,"medium_large":false,"large":false,"1536x1536":false,"2048x2048":false,"trp-custom-language-flag":false},"uagb_author_info":{"display_name":"SOE","author_link":"https:\/\/supcom.standardof.net\/it\/author\/k-tastic\/"},"uagb_comment_info":0,"uagb_excerpt":"1. BUILD 3 MASS EXTRACTORS Schematics added: T1 Mass ExtractorTo do this as fast as possible, hold Shift to queue up all 3 Mass Extractors. If they are relatively far apart, queue up a Move command between each one so that your ACU won&#8217;t have to walk as far; if you just tell him to&hellip;","_links":{"self":[{"href":"https:\/\/supcom.standardof.net\/it\/wp-json\/wp\/v2\/pages\/218"}],"collection":[{"href":"https:\/\/supcom.standardof.net\/it\/wp-json\/wp\/v2\/pages"}],"about":[{"href":"https:\/\/supcom.standardof.net\/it\/wp-json\/wp\/v2\/types\/page"}],"author":[{"embeddable":true,"href":"https:\/\/supcom.standardof.net\/it\/wp-json\/wp\/v2\/users\/1"}],"replies":[{"embeddable":true,"href":"https:\/\/supcom.standardof.net\/it\/wp-json\/wp\/v2\/comments?post=218"}],"version-history":[{"count":0,"href":"https:\/\/supcom.standardof.net\/it\/wp-json\/wp\/v2\/pages\/218\/revisions"}],"up":[{"embeddable":true,"href":"https:\/\/supcom.standardof.net\/it\/wp-json\/wp\/v2\/pages\/122"}],"wp:attachment":[{"href":"https:\/\/supcom.standardof.net\/it\/wp-json\/wp\/v2\/media?parent=218"}],"curies":[{"name":"wp","href":"https:\/\/api.w.org\/{rel}","templated":true}]}}