{"id":220,"date":"2020-10-31T15:16:28","date_gmt":"2020-10-31T19:16:28","guid":{"rendered":"https:\/\/supcom.standardof.net\/?page_id=220"},"modified":"2020-10-31T15:16:28","modified_gmt":"2020-10-31T19:16:28","slug":"aeon-operation-machine-purge","status":"publish","type":"page","link":"https:\/\/supcom.standardof.net\/it\/supreme-commander\/procedure-dettagliate-della-campagna\/aeon-operation-machine-purge\/","title":{"rendered":"Aeon Mission 2 - Operation Machine Purge"},"content":{"rendered":"<p>Da qui, presumo che tu sappia come funziona il gioco e smetter\u00f2 di ricordarti di costruire Mass Extractors, mettere in coda gli ordini, mettere le fabbriche in ripetizione, ecc.<\/p>\n\n\n\n<h3 class=\"wp-block-heading\">1. PULIZIA 80% DEL NUOVO CATALON<\/h3>\n\n\n\n<p>Prima di muoverti a nord per distruggere i Cybrans, crea una forza di dimensioni decenti, con una fabbrica navale e pi\u00f9 fabbriche aeree e terrestri. Concentrati su Cybrans e distruggi le strutture civili a tuo piacimento.<\/p>\n\n\n\n<h3 class=\"wp-block-heading\">2. REPEL CONTRATTACCO CIBRANO<\/h3>\n\n\n\n<p>Al 15% di New Catalon distrutto, i Cybrans lanceranno un assalto. Assicurati di avere molta protezione dall&#039;aria e dovresti stare bene.<\/p>\n\n\n\n<h3 class=\"wp-block-heading\">3. DISTRUGGI LA BASE CIBRANA<\/h3>\n\n\n\n<p><em>La mappa si espande a nord e ad est<\/em><br>Un sacco di unit\u00e0 navali sono in ordine per questo. Distruggi l&#039;avamposto navale a est prima di spostarti alla base di Cybran a nord-est. Dovrai fare molti salti da isola, quindi stabilisci la superiorit\u00e0 navale e aerea prima di muoverti nelle Aurore, che sono anfibie e possono sciamare attraverso i punti deboli del nemico. Se desideri utilizzare le forze terrestri del T2 in un secondo momento, avrai bisogno dei trasporti aerei per il traghetto. In alternativa, potenzia il tuo comandante per il combattimento (scudo personale, dissipatori di calore e raggio di crisalide) e usa le tue unit\u00e0 navali come copertura per fargli attraversare il fiume. Una volta a terra, pu\u00f2 distruggere la base e poi la base segreta con il solo supporto antiaereo e aerosilurante per assicurarsi che non venga abbattuto da bombardieri o cacciatorpediniere.<\/p>\n\n\n\n<h3 class=\"wp-block-heading\">4. DISTRUGGI LA BASE SEGRETA CIBRANA<\/h3>\n\n\n\n<p><em>La mappa si espande a est<\/em><br>Le unit\u00e0 navali cibrane ad est mancano di difesa aerea, quindi un attacco combinato con forze navali e bombardieri funziona bene. Elimina le difese anti-aeree all&#039;estremit\u00e0 sud della base, quindi carica i trasporti con unit\u00e0 di terra. Lasciali cadere a sud e spostati a nord mentre usi le tue unit\u00e0 navali per mantenere liberi i bordi del mare.<\/p>\n\n\n\n<h3 class=\"wp-block-heading\">5. PROTEGGERE L&#039;80% DELL&#039;INSEDIAMENTO UMANO<\/h3>\n\n\n\n<p>Fai cadere le tue truppe (o invia prima le Aurore per creare una testa di ponte) sulla punta meridionale dell&#039;isola nord-orientale. Spostati a nord attraverso le strutture civili e distruggi le forze cybran l\u00ec.<\/p>\n\n\n\n<h3 class=\"wp-block-heading\">6. SOPRAVVIVI ALL&#039;ASSALTO CIBRANO<\/h3>\n\n\n\n<p><em>La mappa si espande a nord<br>Schemi aggiunti: T2 Air Factory, T2 difese<\/em><br>Non appena distruggi la base Cybran, i Cybran contrattaccano da nord. Usa i tuoi nuovi ingegneri T2 per proteggere il bordo settentrionale della tua base con le difese aeree T2 e dovresti stare bene. Se riescono a lanciare unit\u00e0 nella tua base, usa le tue aurore e bombardieri per eliminarle.<\/p>\n\n\n\n<h3 class=\"wp-block-heading\">7. SCONFIGGERE IL COMANDANTE CIBRANO<\/h3>\n\n\n\n<p>Il Comandante \u00e8 recalcitrante e si trova nel nord-ovest. Sposta le tue forze navali per attaccare l&#039;isola e, quando esce per combatterti, colpiscilo con bombardieri e aurore. Molto probabilmente prover\u00e0 a scappare in acqua, che \u00e8 il modo pi\u00f9 semplice per ucciderlo: usa la tua forza aerea per eliminare i lanciasiluri, la tua forza di terra per guidare il comandante sott&#039;acqua e la tua flotta sottomarina per ucciderlo molto rapidamente.<\/p>\n\n\n\n<h3 class=\"wp-block-heading\">8. DISTRUGGERE LA BASE CIBRANA OCCIDENTALE<\/h3>\n\n\n\n<p>Quest&#039;isola \u00e8 troppo grande perch\u00e9 l&#039;esplosione del Comandante possa distruggerla. Usa le tue truppe rimanenti per pulire la base, o se il comandante \u00e8 stato ucciso in acqua, rivolgi prima la tua attenzione alla base orientale.<\/p>\n\n\n\n<h3 class=\"wp-block-heading\">9. DISTRUGGI O CATTURA 2 POSIZIONI DI ARTIGLIERIA CIBRANA (opzionale)<\/h3>\n\n\n\n<p>Fai cadere in aria le tue truppe sulla sponda occidentale di quest&#039;isola e spostati a est finch\u00e9 non raggiungi il fiume che separa la base principale di Cybran dall&#039;isola settentrionale. Concentra la tua produzione su aerei T2, fregate e aurore. Invia alcuni ingegneri per catturare l&#039;artiglieria su quest&#039;isola settentrionale; poi sparer\u00e0 sulla base orientale per ammorbidirlo per te. Se hai un comandante combattente, pu\u00f2 catturarli da solo e quindi costruire alcune difese per loro mentre tiene a bada le fregate nemiche.<\/p>\n\n\n\n<h3 class=\"wp-block-heading\">10. DISTRUGGERE LA BASE CIBRANA ORIENTALE<\/h3>\n\n\n\n<p>Muovi tutte le tue forze per un assalto combinato. Abbastanza semplice. L&#039;obiettivo 9 aiuta molto qui.<\/p>\n\n\n\n<h3 class=\"has-text-align-center wp-block-heading\">Missione 2 - Operation Machine Purge - Video Guide<\/h3>\n\n\n\n<figure class=\"wp-block-embed-youtube wp-block-embed is-type-video is-provider-youtube wp-embed-aspect-4-3 wp-has-aspect-ratio\"><div class=\"wp-block-embed__wrapper\">\n<div class=\"ast-oembed-container\" style=\"height: 100%;\"><iframe title=\"Operation Machine Purge - M2 Aeon Campaign Hard - Supreme Commander\" width=\"500\" height=\"375\" src=\"https:\/\/www.youtube.com\/embed\/SOX0YuIJnmc?list=PL065F8D7C29112F51\" frameborder=\"0\" allow=\"accelerometer; autoplay; clipboard-write; encrypted-media; gyroscope; picture-in-picture; web-share\" referrerpolicy=\"strict-origin-when-cross-origin\" allowfullscreen><\/iframe><\/div>\n<\/div><\/figure>","protected":false},"excerpt":{"rendered":"<p>From here, I&#8217;ll assume you know how the game works and I&#8217;ll stop reminding you to build Mass Extractors, queue up orders, put factories on repeat, etc. 1. CLEANSE 80% OF NEW CATALON Before moving north to destroy the Cybrans, build up a decent-sized force, with a Naval Factory and multiple Air and Land Factories. [&hellip;]<\/p>","protected":false},"author":1,"featured_media":0,"parent":122,"menu_order":3,"comment_status":"open","ping_status":"closed","template":"","meta":{"_uag_custom_page_level_css":"","site-sidebar-layout":"default","site-content-layout":"default","ast-site-content-layout":"","site-content-style":"default","site-sidebar-style":"default","ast-global-header-display":"","ast-banner-title-visibility":"","ast-main-header-display":"","ast-hfb-above-header-display":"","ast-hfb-below-header-display":"","ast-hfb-mobile-header-display":"","site-post-title":"","ast-breadcrumbs-content":"","ast-featured-img":"","footer-sml-layout":"","theme-transparent-header-meta":"default","adv-header-id-meta":"","stick-header-meta":"","header-above-stick-meta":"","header-main-stick-meta":"","header-below-stick-meta":"","astra-migrate-meta-layouts":"default","ast-page-background-enabled":"default","ast-page-background-meta":{"desktop":{"background-color":"","background-image":"","background-repeat":"repeat","background-position":"center center","background-size":"auto","background-attachment":"scroll","background-type":"","background-media":"","overlay-type":"","overlay-color":"","overlay-gradient":""},"tablet":{"background-color":"","background-image":"","background-repeat":"repeat","background-position":"center center","background-size":"auto","background-attachment":"scroll","background-type":"","background-media":"","overlay-type":"","overlay-color":"","overlay-gradient":""},"mobile":{"background-color":"","background-image":"","background-repeat":"repeat","background-position":"center center","background-size":"auto","background-attachment":"scroll","background-type":"","background-media":"","overlay-type":"","overlay-color":"","overlay-gradient":""}},"ast-content-background-meta":{"desktop":{"background-color":"var(--ast-global-color-5)","background-image":"","background-repeat":"repeat","background-position":"center center","background-size":"auto","background-attachment":"scroll","background-type":"","background-media":"","overlay-type":"","overlay-color":"","overlay-gradient":""},"tablet":{"background-color":"var(--ast-global-color-5)","background-image":"","background-repeat":"repeat","background-position":"center center","background-size":"auto","background-attachment":"scroll","background-type":"","background-media":"","overlay-type":"","overlay-color":"","overlay-gradient":""},"mobile":{"background-color":"var(--ast-global-color-5)","background-image":"","background-repeat":"repeat","background-position":"center center","background-size":"auto","background-attachment":"scroll","background-type":"","background-media":"","overlay-type":"","overlay-color":"","overlay-gradient":""}},"footnotes":""},"uagb_featured_image_src":{"full":false,"thumbnail":false,"medium":false,"medium_large":false,"large":false,"1536x1536":false,"2048x2048":false,"trp-custom-language-flag":false},"uagb_author_info":{"display_name":"SOE","author_link":"https:\/\/supcom.standardof.net\/it\/author\/k-tastic\/"},"uagb_comment_info":0,"uagb_excerpt":"From here, I&#8217;ll assume you know how the game works and I&#8217;ll stop reminding you to build Mass Extractors, queue up orders, put factories on repeat, etc. 1. CLEANSE 80% OF NEW CATALON Before moving north to destroy the Cybrans, build up a decent-sized force, with a Naval Factory and multiple Air and Land Factories.&hellip;","_links":{"self":[{"href":"https:\/\/supcom.standardof.net\/it\/wp-json\/wp\/v2\/pages\/220"}],"collection":[{"href":"https:\/\/supcom.standardof.net\/it\/wp-json\/wp\/v2\/pages"}],"about":[{"href":"https:\/\/supcom.standardof.net\/it\/wp-json\/wp\/v2\/types\/page"}],"author":[{"embeddable":true,"href":"https:\/\/supcom.standardof.net\/it\/wp-json\/wp\/v2\/users\/1"}],"replies":[{"embeddable":true,"href":"https:\/\/supcom.standardof.net\/it\/wp-json\/wp\/v2\/comments?post=220"}],"version-history":[{"count":0,"href":"https:\/\/supcom.standardof.net\/it\/wp-json\/wp\/v2\/pages\/220\/revisions"}],"up":[{"embeddable":true,"href":"https:\/\/supcom.standardof.net\/it\/wp-json\/wp\/v2\/pages\/122"}],"wp:attachment":[{"href":"https:\/\/supcom.standardof.net\/it\/wp-json\/wp\/v2\/media?parent=220"}],"curies":[{"name":"wp","href":"https:\/\/api.w.org\/{rel}","templated":true}]}}