{"id":222,"date":"2020-10-31T15:18:28","date_gmt":"2020-10-31T19:18:28","guid":{"rendered":"https:\/\/supcom.standardof.net\/?page_id=222"},"modified":"2020-10-31T15:18:28","modified_gmt":"2020-10-31T19:18:28","slug":"aeon-operation-high-tide","status":"publish","type":"page","link":"https:\/\/supcom.standardof.net\/it\/supreme-commander\/procedure-dettagliate-della-campagna\/eone-operazione-alta-marea\/","title":{"rendered":"Aeon Mission 3 - Operation High Tide"},"content":{"rendered":"<h3 class=\"wp-block-heading\">1. SOPRAVVIVI ALL&#039;ASSALTO DELL&#039;UEF<\/h3>\n\n\n\n<p>Costruisci immediatamente una forza di ingegneri T2 per costruire la difesa aerea, principalmente a ovest e nord, e la difesa del punto T1 sparsa in tutta la base per fermare le cadute di trasporto nemico. Fai costruire pi\u00f9 lanciasiluri T2 a ovest, sud e nord per difenderti dagli attacchi navali. L&#039;ACU e il resto dei tuoi ingegneri dovrebbero afferrare i depositi di massa e iniziare a costruire la tua economia in preparazione per costruire le tue forze: aurore e anti-aria mobile.<br>Gli attacchi vengono in questo ordine:<\/p>\n\n\n\n<ul><li>Combattenti e bombardieri (avere presto anti-aria)<\/li><li>Trasporti (far pattugliare unit\u00e0 terrestri)<\/li><li>Assalto navale (tieni a portata di mano navi e aerosiluranti)<\/li><li>Di nuovo i trasporti<\/li><\/ul>\n\n\n\n<p>\u00c8 abbastanza facile raggiungere il limite di unit\u00e0 prima che questo obiettivo sia completato. Assicurati di distanziare i tuoi generatori di corrente T2, poich\u00e9 una singola consegna di trasporto pu\u00f2 ucciderli tutti se sono incatenati insieme.<\/p>\n\n\n\n<h3 class=\"wp-block-heading\">2. DISTRUGGERE LA BASE NAVALE DELL&#039;UEF<\/h3>\n\n\n\n<p><em>La mappa si espande in tutte le direzioni<br>Schemi aggiunti: Gunship, Destroyer<\/em><br>Costruisci le tue nuove cannoniere e cacciatorpediniere per integrare le tue forze aeree e marittime del T1. Cambia la produzione di unit\u00e0 di terra in Auroras e mantieni le tue unit\u00e0 mobili di pattuglia sulla tua isola per fermare i trasporti nemici. La base navale \u00e8 a sud-est. Il comandante dell&#039;UEF \u00e8 qui, ma si teletrasporter\u00e0 via quando sar\u00e0 in pericolo. Usa le tue aurore per eliminare i lanciasiluri anti-aerei lungo i margini, con unit\u00e0 navali che proteggono le aurore dalle forze navali nemiche. Sposta tutte le tue forze verso il basso per eliminare la fabbrica navale e le navi che la difendono, quindi prendi l&#039;isola per te stesso. Gli aerosiluranti aiutano davvero qui, in quanto possono sbarazzarsi di molti sottomarini nemici e lanciasiluri T2 senza alcun costo per se stessi.<\/p>\n\n\n\n<h3 class=\"wp-block-heading\">3. DISTRUGGERE LA BASE D&#039;ARIA UEF<\/h3>\n\n\n\n<p>La base aerea si trova nell&#039;angolo sud-ovest della mappa. Se hai gi\u00e0 ucciso la base navale, questo \u00e8 un gioco da ragazzi: i tuoi cacciatorpediniere e fregate possono occuparsene per la maggior parte dall&#039;offshore mentre i tuoi combattenti pattugliano in alto. Le tue aurore possono entrare per prendere tutto ci\u00f2 con cui i distruttori hanno problemi.<\/p>\n\n\n\n<h3 class=\"wp-block-heading\">4. DISTRUGGERE LA BASE TERRA DELL&#039;UEF<\/h3>\n\n\n\n<p>La base terrestre \u00e8 a nord. Muovi prima le tue aurore per eliminare i lanciasiluri prima di portare le tue unit\u00e0 navali a circondare l&#039;isola. I tuoi cacciatorpediniere possono salpare e supportare le tue aurore mentre le tue cannoniere eliminano bersagli importanti. Il Comandante riappare qui, ma si teletrasporta ancora una volta quando \u00e8 in pericolo.<\/p>\n\n\n\n<h3 class=\"wp-block-heading\">5. SCONFIGGERE IL COMANDANTE DELL&#039;UEF<\/h3>\n\n\n\n<p><em>La mappa si espande a ovest<br>Schema aggiunto: incrociatore<br><\/em>Metti le tue unit\u00e0 navali e aeree di pattuglia tra le tue basi e chiedi agli ingegneri di costruire lanciasiluri e antiaerei lungo questa linea. Le cadute di trasporto ricominciano qui e non vuoi che tocchino la tua base. Usa i cannoni a lungo raggio dei tuoi cacciatorpediniere per attaccare l&#039;estremit\u00e0 delle difese dell&#039;UEF mentre costruisci un enorme esercito di aurore o forze aeree miste. Spostali sotto la copertura del mare e quando appare il comandante dell&#039;UEF, attaccalo. \u00c8 protetto, quindi subisce molte punizioni, ma quando viene &quot;ucciso&quot; la missione termina immediatamente. Per questo obiettivo, ho trasferito tutti i miei ingegneri e ACU per pompare le forze aeree e marittime T2, alla fine travolgendo Arnold con 50 cannoniere.<\/p>\n\n\n\n<h3 class=\"has-text-align-center wp-block-heading\">Missione 3 - Operazione High Tide - Guida video<\/h3>\n\n\n\n<figure class=\"wp-block-embed-youtube wp-block-embed is-type-video is-provider-youtube wp-embed-aspect-4-3 wp-has-aspect-ratio\"><div class=\"wp-block-embed__wrapper\">\n<div class=\"ast-oembed-container\" style=\"height: 100%;\"><iframe title=\"Operazione High Tide - M3 Aeon Campaign Hard - Supreme Commander\" width=\"500\" height=\"375\" src=\"https:\/\/www.youtube.com\/embed\/oIJbLuMkNpw?feature=oembed\" frameborder=\"0\" allow=\"accelerometer; autoplay; clipboard-write; encrypted-media; gyroscope; picture-in-picture; web-share\" referrerpolicy=\"strict-origin-when-cross-origin\" allowfullscreen><\/iframe><\/div>\n<\/div><\/figure>","protected":false},"excerpt":{"rendered":"<p>1. SURVIVE UEF ASSAULT Immediately construct a force of T2 Engineers to build air defense, mostly to the west and north, and T1 point defense scattered throughout the base to stop enemy transport drops. Have more construct T2 torpedo launchers to the west, south and north to defend against naval attacks. The ACU and the [&hellip;]<\/p>","protected":false},"author":1,"featured_media":0,"parent":122,"menu_order":3,"comment_status":"open","ping_status":"closed","template":"","meta":{"_uag_custom_page_level_css":"","site-sidebar-layout":"default","site-content-layout":"default","ast-site-content-layout":"","site-content-style":"default","site-sidebar-style":"default","ast-global-header-display":"","ast-banner-title-visibility":"","ast-main-header-display":"","ast-hfb-above-header-display":"","ast-hfb-below-header-display":"","ast-hfb-mobile-header-display":"","site-post-title":"","ast-breadcrumbs-content":"","ast-featured-img":"","footer-sml-layout":"","theme-transparent-header-meta":"default","adv-header-id-meta":"","stick-header-meta":"","header-above-stick-meta":"","header-main-stick-meta":"","header-below-stick-meta":"","astra-migrate-meta-layouts":"default","ast-page-background-enabled":"default","ast-page-background-meta":{"desktop":{"background-color":"","background-image":"","background-repeat":"repeat","background-position":"center center","background-size":"auto","background-attachment":"scroll","background-type":"","background-media":"","overlay-type":"","overlay-color":"","overlay-gradient":""},"tablet":{"background-color":"","background-image":"","background-repeat":"repeat","background-position":"center center","background-size":"auto","background-attachment":"scroll","background-type":"","background-media":"","overlay-type":"","overlay-color":"","overlay-gradient":""},"mobile":{"background-color":"","background-image":"","background-repeat":"repeat","background-position":"center center","background-size":"auto","background-attachment":"scroll","background-type":"","background-media":"","overlay-type":"","overlay-color":"","overlay-gradient":""}},"ast-content-background-meta":{"desktop":{"background-color":"var(--ast-global-color-5)","background-image":"","background-repeat":"repeat","background-position":"center center","background-size":"auto","background-attachment":"scroll","background-type":"","background-media":"","overlay-type":"","overlay-color":"","overlay-gradient":""},"tablet":{"background-color":"var(--ast-global-color-5)","background-image":"","background-repeat":"repeat","background-position":"center center","background-size":"auto","background-attachment":"scroll","background-type":"","background-media":"","overlay-type":"","overlay-color":"","overlay-gradient":""},"mobile":{"background-color":"var(--ast-global-color-5)","background-image":"","background-repeat":"repeat","background-position":"center center","background-size":"auto","background-attachment":"scroll","background-type":"","background-media":"","overlay-type":"","overlay-color":"","overlay-gradient":""}},"footnotes":""},"uagb_featured_image_src":{"full":false,"thumbnail":false,"medium":false,"medium_large":false,"large":false,"1536x1536":false,"2048x2048":false,"trp-custom-language-flag":false},"uagb_author_info":{"display_name":"SOE","author_link":"https:\/\/supcom.standardof.net\/it\/author\/k-tastic\/"},"uagb_comment_info":0,"uagb_excerpt":"1. SURVIVE UEF ASSAULT Immediately construct a force of T2 Engineers to build air defense, mostly to the west and north, and T1 point defense scattered throughout the base to stop enemy transport drops. Have more construct T2 torpedo launchers to the west, south and north to defend against naval attacks. The ACU and the&hellip;","_links":{"self":[{"href":"https:\/\/supcom.standardof.net\/it\/wp-json\/wp\/v2\/pages\/222"}],"collection":[{"href":"https:\/\/supcom.standardof.net\/it\/wp-json\/wp\/v2\/pages"}],"about":[{"href":"https:\/\/supcom.standardof.net\/it\/wp-json\/wp\/v2\/types\/page"}],"author":[{"embeddable":true,"href":"https:\/\/supcom.standardof.net\/it\/wp-json\/wp\/v2\/users\/1"}],"replies":[{"embeddable":true,"href":"https:\/\/supcom.standardof.net\/it\/wp-json\/wp\/v2\/comments?post=222"}],"version-history":[{"count":0,"href":"https:\/\/supcom.standardof.net\/it\/wp-json\/wp\/v2\/pages\/222\/revisions"}],"up":[{"embeddable":true,"href":"https:\/\/supcom.standardof.net\/it\/wp-json\/wp\/v2\/pages\/122"}],"wp:attachment":[{"href":"https:\/\/supcom.standardof.net\/it\/wp-json\/wp\/v2\/media?parent=222"}],"curies":[{"name":"wp","href":"https:\/\/api.w.org\/{rel}","templated":true}]}}