{"id":224,"date":"2020-10-31T15:19:51","date_gmt":"2020-10-31T19:19:51","guid":{"rendered":"https:\/\/supcom.standardof.net\/?page_id=224"},"modified":"2020-10-31T15:19:51","modified_gmt":"2020-10-31T19:19:51","slug":"aeon-operation-entity","status":"publish","type":"page","link":"https:\/\/supcom.standardof.net\/it\/supreme-commander\/procedure-dettagliate-della-campagna\/entita-operazione-eone\/","title":{"rendered":"Aeon Mission 4 - Operation Entity"},"content":{"rendered":"<h3 class=\"wp-block-heading\">1. PACIFY NEXUS<\/h3>\n\n\n\n<p>Nexus sembra essere leggermente difeso con solo alcune difese T1 e un lanciamissili tattico, ma la missione \u00e8 pi\u00f9 difficile di quanto sembri. In realt\u00e0 ci sono artiglierie T2 che ti aspettano sulla punta settentrionale del capo, impedendoti di costruire una fabbrica navale. La tua area di partenza \u00e8 a corto di risorse, quindi costruisci difese a est e ovest mentre costruisci una fattoria di fabbricanti T1 a sud. Non ci sono limiti di tempo, quindi puoi potenziare tutti i tuoi estrattori e le fabbriche e creare una forza di bombardieri sufficiente per uccidere il lanciamissili tattico non appena le tue forze di terra sono pronte a entrare. I tuoi primi attacchi sono dall&#039;alto, quindi assicurati di pompare un po &#039;di anti-aria mobile T1 all&#039;inizio della missione: proveranno sia attacchi con bombardieri che lanci di trasporto. La difesa aerea dovrebbe andare soprattutto a est e ovest, ma anche mettere alcune torrette lungo il bordo nord della tua base. Una volta arrivato alla tecnologia 2, costruisci difese T2 e scudi lungo queste mura. Per prima cosa, prendi il controllo degli edifici Cybran a ovest della mappa (vicino alla base navale) per afferrare altri depositi di massa, quindi posiziona le torrette anti-aeree e riporta le tue forze di terra per aiutare a eliminare Nexus a est. Il modo pi\u00f9 semplice per sbarazzarsi delle postazioni di artiglieria \u00e8 costruire un lanciamissili tattico che raggiunga il loro raggio d&#039;azione. Se non tradisci la tua posizione, puoi scendere dal tuo primo missile prima che l&#039;artiglieria si vendichi: i missili tattici e l&#039;artiglieria T2 hanno la stessa portata. Il prossimo missile tac pu\u00f2 distruggere le difese orientali dei Cybrans, mentre le tue unit\u00e0 terrestri e aeree si muovono per assorbire il proprio lanciamissili tattico e l&#039;altra resistenza.<\/p>\n\n\n\n<h3 class=\"wp-block-heading\">2. DISTRUGGERE LA BASE NAVALE CIBRANA<\/h3>\n\n\n\n<p>Una volta che hai il controllo della costa sud-orientale, puoi costruire una fabbrica navale e pompare un gruppo di navi con i tuoi ingegneri extra; mandali dentro insieme a cannoniere e aurore per eliminare la base navale.<\/p>\n\n\n\n<h3 class=\"wp-block-heading\">3. CATTURA IL NODO<\/h3>\n\n\n\n<p>La stessa forza che hai usato per uccidere la base navale pu\u00f2 aiutarti ad abbattere le difese settentrionali attorno al Nodo, mentre le tue cannoniere possono eliminare le installazioni di artiglieria. Puoi persino lanciare in aria le forze terrestri T2 protette da scudi mobili sul bordo della costa mentre l&#039;artiglieria \u00e8 occupata. Una volta acquisito il nodo, la mappa si espande, quindi preparati.<\/p>\n\n\n\n<h3 class=\"wp-block-heading\">4. CATTURA E DIFENDI TUTTI E 3 I NODI<\/h3>\n\n\n\n<p><em>La mappa si espande a est e a nord<br><\/em>Il primo nodo \u00e8 quello che hai appena catturato. Il secondo \u00e8 a nord-ovest, il terzo a sud-est. Devono rimanere al sicuro fino alla fine della missione. Invia truppe di terra per catturare il nodo sud-est e usa le tue forze navali e aeree per liberare un posto in cui far cadere pi\u00f9 forze terrestri T2 per catturare il nodo nord-ovest. Assicurati di portare ingegneri T2 per catturare i nodi, poich\u00e9 avrai bisogno di scudi e difese T2 intorno a loro per tenerli al sicuro. Puoi perdere un nodo e completare la missione, ma \u00e8 meglio non correre rischi.<\/p>\n\n\n\n<h3 class=\"wp-block-heading\">5. CATTURA IL MAINFRAME<\/h3>\n\n\n\n<p>Il mainframe \u00e8 tutto a nord, al centro dell&#039;isola. L&#039;isola non ha troppi lanciasiluri, quindi una forza navale T2 supportata da cannoniere e barche d&#039;attacco pu\u00f2 abbattere le difese sulla costa meridionale (assicurati di uccidere rapidamente l&#039;artiglieria nemica) in modo che i tuoi trasporti possano impostare un punto di traghetto per Le forze terrestri T2 per entrare. Dopo aver eliminato tutti i Cybrans, invia i tuoi ingegneri T2 per catturarlo e iniziare a costruire difese.<\/p>\n\n\n\n<h3 class=\"wp-block-heading\">6. DIFENDI IL MAINFRAME (limite di tempo di 15 minuti)<\/h3>\n\n\n\n<p>Devi difendere i nodi e il mainframe per 15 minuti di attacchi Cybran crescenti. Costruisci molte cannoniere, in quanto possono rispondere a qualsiasi attacco, e T2 anti-aereo per evitare cadute di trasporto. Chiedi ai tuoi aerosiluranti di pattugliare il lago orientale per impedire gli attacchi dei cacciatorpediniere sul mainframe e sul nodo est. I Cybrans attaccheranno anche la tua base principale nel tentativo di uccidere la tua ACU; assicurati che si nasconda sotto uno scudo con un sacco di anti-aria T2 e assicurati che i tuoi generatori di corrente siano ben protetti.<\/p>\n\n\n\n<h3 class=\"has-text-align-center wp-block-heading\">Missione 4 - Entit\u00e0 operativa - Guida video<\/h3>\n\n\n\n<figure class=\"wp-block-embed-youtube wp-block-embed is-type-video is-provider-youtube wp-embed-aspect-4-3 wp-has-aspect-ratio\"><div class=\"wp-block-embed__wrapper\">\n<div class=\"ast-oembed-container\" style=\"height: 100%;\"><iframe title=\"Operazione Entity - M4 Aeon Campaign Hard - Supreme Commander\" width=\"500\" height=\"375\" src=\"https:\/\/www.youtube.com\/embed\/oA-nQKDNBcA?feature=oembed\" frameborder=\"0\" allow=\"accelerometer; autoplay; clipboard-write; encrypted-media; gyroscope; picture-in-picture; web-share\" referrerpolicy=\"strict-origin-when-cross-origin\" allowfullscreen><\/iframe><\/div>\n<\/div><\/figure>","protected":false},"excerpt":{"rendered":"<p>1. PACIFY NEXUS Nexus appears to be lightly defended with only some T1 defenses and a Tactical Missile Launcher, but the mission is more difficult than it appears. There are actually T2 artillery lying in wait for you on the northern tip of the cape, preventing you from building a Naval Factory. Your starting area [&hellip;]<\/p>","protected":false},"author":1,"featured_media":0,"parent":122,"menu_order":3,"comment_status":"open","ping_status":"closed","template":"","meta":{"_uag_custom_page_level_css":"","site-sidebar-layout":"default","site-content-layout":"default","ast-site-content-layout":"","site-content-style":"default","site-sidebar-style":"default","ast-global-header-display":"","ast-banner-title-visibility":"","ast-main-header-display":"","ast-hfb-above-header-display":"","ast-hfb-below-header-display":"","ast-hfb-mobile-header-display":"","site-post-title":"","ast-breadcrumbs-content":"","ast-featured-img":"","footer-sml-layout":"","theme-transparent-header-meta":"default","adv-header-id-meta":"","stick-header-meta":"","header-above-stick-meta":"","header-main-stick-meta":"","header-below-stick-meta":"","astra-migrate-meta-layouts":"default","ast-page-background-enabled":"default","ast-page-background-meta":{"desktop":{"background-color":"","background-image":"","background-repeat":"repeat","background-position":"center center","background-size":"auto","background-attachment":"scroll","background-type":"","background-media":"","overlay-type":"","overlay-color":"","overlay-gradient":""},"tablet":{"background-color":"","background-image":"","background-repeat":"repeat","background-position":"center center","background-size":"auto","background-attachment":"scroll","background-type":"","background-media":"","overlay-type":"","overlay-color":"","overlay-gradient":""},"mobile":{"background-color":"","background-image":"","background-repeat":"repeat","background-position":"center center","background-size":"auto","background-attachment":"scroll","background-type":"","background-media":"","overlay-type":"","overlay-color":"","overlay-gradient":""}},"ast-content-background-meta":{"desktop":{"background-color":"var(--ast-global-color-5)","background-image":"","background-repeat":"repeat","background-position":"center center","background-size":"auto","background-attachment":"scroll","background-type":"","background-media":"","overlay-type":"","overlay-color":"","overlay-gradient":""},"tablet":{"background-color":"var(--ast-global-color-5)","background-image":"","background-repeat":"repeat","background-position":"center center","background-size":"auto","background-attachment":"scroll","background-type":"","background-media":"","overlay-type":"","overlay-color":"","overlay-gradient":""},"mobile":{"background-color":"var(--ast-global-color-5)","background-image":"","background-repeat":"repeat","background-position":"center center","background-size":"auto","background-attachment":"scroll","background-type":"","background-media":"","overlay-type":"","overlay-color":"","overlay-gradient":""}},"footnotes":""},"uagb_featured_image_src":{"full":false,"thumbnail":false,"medium":false,"medium_large":false,"large":false,"1536x1536":false,"2048x2048":false,"trp-custom-language-flag":false},"uagb_author_info":{"display_name":"SOE","author_link":"https:\/\/supcom.standardof.net\/it\/author\/k-tastic\/"},"uagb_comment_info":0,"uagb_excerpt":"1. PACIFY NEXUS Nexus appears to be lightly defended with only some T1 defenses and a Tactical Missile Launcher, but the mission is more difficult than it appears. There are actually T2 artillery lying in wait for you on the northern tip of the cape, preventing you from building a Naval Factory. Your starting area&hellip;","_links":{"self":[{"href":"https:\/\/supcom.standardof.net\/it\/wp-json\/wp\/v2\/pages\/224"}],"collection":[{"href":"https:\/\/supcom.standardof.net\/it\/wp-json\/wp\/v2\/pages"}],"about":[{"href":"https:\/\/supcom.standardof.net\/it\/wp-json\/wp\/v2\/types\/page"}],"author":[{"embeddable":true,"href":"https:\/\/supcom.standardof.net\/it\/wp-json\/wp\/v2\/users\/1"}],"replies":[{"embeddable":true,"href":"https:\/\/supcom.standardof.net\/it\/wp-json\/wp\/v2\/comments?post=224"}],"version-history":[{"count":0,"href":"https:\/\/supcom.standardof.net\/it\/wp-json\/wp\/v2\/pages\/224\/revisions"}],"up":[{"embeddable":true,"href":"https:\/\/supcom.standardof.net\/it\/wp-json\/wp\/v2\/pages\/122"}],"wp:attachment":[{"href":"https:\/\/supcom.standardof.net\/it\/wp-json\/wp\/v2\/media?parent=224"}],"curies":[{"name":"wp","href":"https:\/\/api.w.org\/{rel}","templated":true}]}}