{"id":226,"date":"2020-10-31T15:21:04","date_gmt":"2020-10-31T19:21:04","guid":{"rendered":"https:\/\/supcom.standardof.net\/?page_id=226"},"modified":"2020-10-31T15:21:04","modified_gmt":"2020-10-31T19:21:04","slug":"aeon-operation-shining-star","status":"publish","type":"page","link":"https:\/\/supcom.standardof.net\/it\/supreme-commander\/procedure-dettagliate-della-campagna\/eone-operazione-stella-splendente\/","title":{"rendered":"Aeon Mission 5 - Operazione Shining Star"},"content":{"rendered":"<h3 class=\"wp-block-heading\">1. FERMARE L&#039;ATTACCO DI ARIEL<\/h3>\n\n\n\n<p>Gli attacchi aerei vengono prima degli attacchi terrestri, quindi dai la priorit\u00e0 agli ingegneri T3 e ai cannoni antiaerei mobili T2 prima delle altre unit\u00e0. Migliora le tue fabbriche di terra una alla volta in modo da non interrompere la tua produzione. Ordina alle tue truppe di pattugliare intorno alla tua base e alle due colonie civili a sud. Costruisci una forza di velivoli T3 e cannoniere, difese avanzate (scudi T3 e anti-aria con difesa a punti T2) nella tua base e nelle colonie e trasporti T2 pronti a schierare truppe di terra ovunque siano necessarie. Alla fine sarai attaccato dall&#039;artiglieria, quindi dovrai essere ben protetto. Quando l&#039;obiettivo 3 \u00e8 completo, anche questo \u00e8 completato.<\/p>\n\n\n\n<h3 class=\"wp-block-heading\">2. PROTEGGERE LE COLONIE<\/h3>\n\n\n\n<p>Questo obiettivo \u00e8 in corso e la maggior parte \u00e8 stata trattata sopra. Dovresti essere bravo contro il bombardiere nemico e le cadute di trasporto se hai combattenti che pattugliano e scudi con la difesa aerea T3. Almeno 50% degli edifici civili devono sopravvivere o fallirai la missione.<\/p>\n\n\n\n<h3 class=\"wp-block-heading\">3. DEPLOY DIFESA MISSILE STRATEGICA<\/h3>\n\n\n\n<p>Una volta che i tuoi ingegneri hanno migliorato la tua economia con generatori e fabbricanti di energia T3, invia pacchetti di ingegneri a ciascuna colonia e costruisci una difesa missilistica strategica. Una volta costruiti, fagli costruire missili in modo automatico e chiedi ai tuoi ingegneri di aiutarli. La tua base principale non ha bisogno di una difesa strategica. Saprai che i missili stanno arrivando quando le unit\u00e0 terrestri verranno sganciate prima a est e poi a ovest. Dopo che i missili sono stati deviati, un&#039;altra forza aerea e di terra si muove per attaccare entrambe le colonie contemporaneamente: ritira la tua forza aerea per fermarla prima che faccia troppi danni.<\/p>\n\n\n\n<h3 class=\"wp-block-heading\">4. DISTRUGGERE LE POSIZIONI DI ARTIGLIERIA UEF<\/h3>\n\n\n\n<p><em>La mappa si espande a sud e ovest<\/em><br>Assicurati che le tue basi siano ben schermate. Inizieranno immediatamente ad attaccarti. Il posto di artiglieria settentrionale pu\u00f2 essere preso d&#039;assalto da unit\u00e0 aeree e terrestri anche se \u00e8 pesantemente sorvegliato con robot T3 e uno scudo pesante: prima colpisci i robot, poi vai sotto lo scudo per distruggerlo. Mentre ricostruisci il tuo esercito da questo assalto, invia gli ingegneri alla base degli altipiani rialzati contenenti le altre 2 posizioni di artiglieria: un lanciamissili tattico pu\u00f2 attaccare senza ritorsioni, anche se ci vorranno diversi colpi per attraversare lo scudo e distruggi l&#039;artiglieria.<\/p>\n\n\n\n<h3 class=\"wp-block-heading\">5. DISTRUGGERE LE POSIZIONI DI ARTIGLIERIA DIFENSIVA DELL&#039;UEF<\/h3>\n\n\n\n<p>Vola sopra la base di Blake a ovest per rivelare questo obiettivo. Ci sono 10 posizioni di artiglieria da eliminare. Usa i bombardieri T3 (con molte altre unit\u00e0 aeree che fungono da scudi personali) per eliminare quelli a nord, mentre lanci in aria una forza di artiglieria mobile T3 protetta da scudi mobili e le tue unit\u00e0 di terra pi\u00f9 potenti a sud del mappa, mentre risali la riva del fiume distruggendone uno alla volta.<\/p>\n\n\n\n<h3 class=\"wp-block-heading\">6. SCONFIGGERE IL CAPITANO BLAKE<\/h3>\n\n\n\n<p>Una volta che hai un esercito nella sezione meridionale della base di Blake, porta alcuni ingegneri e costruisci un avamposto schermato il pi\u00f9 vicino possibile alla sua base. Metti un po &#039;di artiglieria T2 e radar sotto gli scudi e puoi prendere di mira la sua base impunemente mentre le tue unit\u00e0 di terra proteggono dalle ritorsioni. Il modo migliore, ma pi\u00f9 dispendioso in termini di tempo, per uccidere Blake \u00e8 liberare la linea di anti-aria a nord della sua base, quindi far cadere le truppe su entrambi i lati e colpirlo da tutte le angolazioni mentre le tue cannoniere lo finiscono. Se ci\u00f2 non \u00e8 possibile, puoi aspettare che l&#039;artiglieria abbia ammorbidito la sua base e vi si muova con un&#039;enorme forza di terra.<\/p>\n\n\n\n<h3 class=\"wp-block-heading\">7. SCONFIGGI IL COLOSSO<\/h3>\n\n\n\n<p><em>La mappa si espande a sud<br>Schema aggiunto: lanciamissili strategico<\/em><br>Una volta ucciso Blake, costruisci una nuova base su quella vecchia di Blake, con fabbriche potenziate, generatori di energia T3 e molte difese. Questo \u00e8 il luogo ideale per costruire un lanciamissili strategico per il prossimo obiettivo. Sposta tutte le tue forze di terra nel burrone dove si trovavano le posizioni di artiglieria dell&#039;UEF meridionale. Il Colosso arriver\u00e0 da sud-ovest a nord-est, attraverso il fiume e attraverso il canalone. Lanciagli tutte le tue forze, specialmente quelle aeree, poich\u00e9 il Colosso non ha difesa aerea ed \u00e8 abbastanza lento da permettere a una bomba T3 di colpirlo in modo pulito.<\/p>\n\n\n\n<h3 class=\"wp-block-heading\">8. SCONFITTA ARIEL<\/h3>\n\n\n\n<p>Ariel si trova su un altopiano a sud-ovest. Non puoi assediarla con artiglieria o lanciamissili tattici, poich\u00e9 i suoi missili tattici possono raggiungere la sponda opposta se ci provi. Fortunatamente, non ha una difesa missilistica strategica, quindi solo un paio di bombe atomiche alla sua base la finiranno senza un costoso assalto.<\/p>\n\n\n\n<h3 class=\"has-text-align-center wp-block-heading\">Missione 5 - Operazione Shining Star - Guida video<\/h3>\n\n\n\n<figure class=\"wp-block-embed-youtube wp-block-embed is-type-video is-provider-youtube wp-embed-aspect-4-3 wp-has-aspect-ratio\"><div class=\"wp-block-embed__wrapper\">\n<div class=\"ast-oembed-container\" style=\"height: 100%;\"><iframe title=\"Operazione Shining Star - M5 Aeon Campaign Hard - Supreme Commander\" width=\"500\" height=\"375\" src=\"https:\/\/www.youtube.com\/embed\/2ZvX9N5KiGM?feature=oembed\" frameborder=\"0\" allow=\"accelerometer; autoplay; clipboard-write; encrypted-media; gyroscope; picture-in-picture; web-share\" referrerpolicy=\"strict-origin-when-cross-origin\" allowfullscreen><\/iframe><\/div>\n<\/div><\/figure>","protected":false},"excerpt":{"rendered":"<p>1. STOP ARIEL&#8217;S ATTACK Air attacks come before land attacks, so prioritize T3 Engineers and T2 mobile flak guns before other units. Upgrade your Land Factories one at a time so you don&#8217;t cut off your production. Order your troops to patrol around your base as well as the two civilian colonies to the south. [&hellip;]<\/p>","protected":false},"author":1,"featured_media":0,"parent":122,"menu_order":3,"comment_status":"open","ping_status":"closed","template":"","meta":{"_uag_custom_page_level_css":"","site-sidebar-layout":"default","site-content-layout":"default","ast-site-content-layout":"","site-content-style":"default","site-sidebar-style":"default","ast-global-header-display":"","ast-banner-title-visibility":"","ast-main-header-display":"","ast-hfb-above-header-display":"","ast-hfb-below-header-display":"","ast-hfb-mobile-header-display":"","site-post-title":"","ast-breadcrumbs-content":"","ast-featured-img":"","footer-sml-layout":"","theme-transparent-header-meta":"default","adv-header-id-meta":"","stick-header-meta":"","header-above-stick-meta":"","header-main-stick-meta":"","header-below-stick-meta":"","astra-migrate-meta-layouts":"default","ast-page-background-enabled":"default","ast-page-background-meta":{"desktop":{"background-color":"","background-image":"","background-repeat":"repeat","background-position":"center center","background-size":"auto","background-attachment":"scroll","background-type":"","background-media":"","overlay-type":"","overlay-color":"","overlay-gradient":""},"tablet":{"background-color":"","background-image":"","background-repeat":"repeat","background-position":"center center","background-size":"auto","background-attachment":"scroll","background-type":"","background-media":"","overlay-type":"","overlay-color":"","overlay-gradient":""},"mobile":{"background-color":"","background-image":"","background-repeat":"repeat","background-position":"center center","background-size":"auto","background-attachment":"scroll","background-type":"","background-media":"","overlay-type":"","overlay-color":"","overlay-gradient":""}},"ast-content-background-meta":{"desktop":{"background-color":"var(--ast-global-color-5)","background-image":"","background-repeat":"repeat","background-position":"center center","background-size":"auto","background-attachment":"scroll","background-type":"","background-media":"","overlay-type":"","overlay-color":"","overlay-gradient":""},"tablet":{"background-color":"var(--ast-global-color-5)","background-image":"","background-repeat":"repeat","background-position":"center center","background-size":"auto","background-attachment":"scroll","background-type":"","background-media":"","overlay-type":"","overlay-color":"","overlay-gradient":""},"mobile":{"background-color":"var(--ast-global-color-5)","background-image":"","background-repeat":"repeat","background-position":"center center","background-size":"auto","background-attachment":"scroll","background-type":"","background-media":"","overlay-type":"","overlay-color":"","overlay-gradient":""}},"footnotes":""},"uagb_featured_image_src":{"full":false,"thumbnail":false,"medium":false,"medium_large":false,"large":false,"1536x1536":false,"2048x2048":false,"trp-custom-language-flag":false},"uagb_author_info":{"display_name":"SOE","author_link":"https:\/\/supcom.standardof.net\/it\/author\/k-tastic\/"},"uagb_comment_info":0,"uagb_excerpt":"1. STOP ARIEL&#8217;S ATTACK Air attacks come before land attacks, so prioritize T3 Engineers and T2 mobile flak guns before other units. Upgrade your Land Factories one at a time so you don&#8217;t cut off your production. Order your troops to patrol around your base as well as the two civilian colonies to the south.&hellip;","_links":{"self":[{"href":"https:\/\/supcom.standardof.net\/it\/wp-json\/wp\/v2\/pages\/226"}],"collection":[{"href":"https:\/\/supcom.standardof.net\/it\/wp-json\/wp\/v2\/pages"}],"about":[{"href":"https:\/\/supcom.standardof.net\/it\/wp-json\/wp\/v2\/types\/page"}],"author":[{"embeddable":true,"href":"https:\/\/supcom.standardof.net\/it\/wp-json\/wp\/v2\/users\/1"}],"replies":[{"embeddable":true,"href":"https:\/\/supcom.standardof.net\/it\/wp-json\/wp\/v2\/comments?post=226"}],"version-history":[{"count":0,"href":"https:\/\/supcom.standardof.net\/it\/wp-json\/wp\/v2\/pages\/226\/revisions"}],"up":[{"embeddable":true,"href":"https:\/\/supcom.standardof.net\/it\/wp-json\/wp\/v2\/pages\/122"}],"wp:attachment":[{"href":"https:\/\/supcom.standardof.net\/it\/wp-json\/wp\/v2\/media?parent=226"}],"curies":[{"name":"wp","href":"https:\/\/api.w.org\/{rel}","templated":true}]}}