{"id":231,"date":"2020-10-31T15:37:30","date_gmt":"2020-10-31T19:37:30","guid":{"rendered":"https:\/\/supcom.standardof.net\/?page_id=231"},"modified":"2020-11-04T22:29:43","modified_gmt":"2020-11-05T03:29:43","slug":"uef","status":"publish","type":"page","link":"https:\/\/supcom.standardof.net\/it\/supreme-commander\/uef\/","title":{"rendered":"UEF"},"content":{"rendered":"<h2 class=\"has-text-align-center wp-block-heading\">UNIT\u00c0 UEF<\/h2>\n\n\n\n<div class=\"wp-block-image\"><figure class=\"aligncenter size-large\"><a href=\"https:\/\/supcom.standardof.net\/it\/sup-com-uef-commander-promo\/\"><img decoding=\"async\" width=\"600\" height=\"564\" src=\"https:\/\/supcom.standardof.net\/wp-content\/uploads\/sites\/8\/2020\/10\/Sup-Com-UEF-Commander-Promo.jpg\" alt=\"\" class=\"wp-image-254\" srcset=\"https:\/\/supcom.standardof.net\/wp-content\/uploads\/sites\/8\/2020\/10\/Sup-Com-UEF-Commander-Promo.jpg 600w, https:\/\/supcom.standardof.net\/wp-content\/uploads\/sites\/8\/2020\/10\/Sup-Com-UEF-Commander-Promo-512x481.jpg 512w, https:\/\/supcom.standardof.net\/wp-content\/uploads\/sites\/8\/2020\/10\/Sup-Com-UEF-Commander-Promo-200x188.jpg 200w, https:\/\/supcom.standardof.net\/wp-content\/uploads\/sites\/8\/2020\/10\/Sup-Com-UEF-Commander-Promo-13x12.jpg 13w\" sizes=\"(max-width: 600px) 100vw, 600px\" \/><\/a><\/figure><\/div>\n\n\n\n<p><a href=\"https:\/\/www.standardof.net\/wp-content\/uploads\/2011\/10\/SupremeCommander-2011-10-15-05-27-16-21.png\" class=\"rank-math-link\" target=\"_blank\" rel=\"noopener\"><\/a>Le unit\u00e0 uniche dell&#039;UEF sono i 3 sperimentali e la cannoniera pesante aerea T3. Gli armamenti standard dell&#039;UEF sono proiettili e pistole tradizionali. Tendono ad avere pi\u00f9 armature e meno velocit\u00e0 rispetto alle unit\u00e0 equivalenti di altre fazioni. L&#039;UEF pu\u00f2 utilizzare un buon mix di unit\u00e0 terrestri per combattere gli sciami di singole unit\u00e0 di altre razze all&#039;inizio, quindi stabilire un vantaggio con i suoi robot d&#039;assedio T3 e la cannoniera pesante. Mancano di una portaerei T3 perch\u00e9 la loro unit\u00e0 marittima T4 \u00e8 comunque una portaerei. L&#039;ACU UEF ha una variet\u00e0 di potenziamenti difensivi, dagli scudi ai missili all&#039;abilit\u00e0 di rigenerazione potenziata.<\/p>\n\n\n\n<section class=\"wp-block-uagb-columns uagb-columns__wrap uagb-columns__background-undefined uagb-columns__stack-mobile uagb-columns__valign-undefined uagb-columns__gap-10 alignundefined uagb-block-65130051\"><div class=\"uagb-columns__overlay\"><\/div><div class=\"uagb-columns__inner-wrap uagb-columns__columns-1\">\n<div class=\"wp-block-uagb-column uagb-column__wrap uagb-column__background-undefined uagb-block-54269797\"><div class=\"uagb-column__overlay\"><\/div><div class=\"uagb-column__inner-wrap\">\n<h3 class=\"wp-block-heading\">Comandanti dell&#039;UEF<\/h3>\n\n\n\n<ul><li><a href=\"https:\/\/supcom.standardof.net\/it\/supreme-commander\/uef\/uef-comandante\/\" class=\"rank-math-link\">Comandante (ACU)<\/a><\/li><li><a href=\"https:\/\/supcom.standardof.net\/it\/supreme-commander\/uef\/uef-subcommander\/\" class=\"rank-math-link\">Subcommander (SCU)<\/a><\/li><\/ul>\n<\/div><\/div>\n<\/div><\/section>\n\n\n\n<section class=\"wp-block-uagb-columns uagb-columns__wrap uagb-columns__background-undefined uagb-columns__stack-mobile uagb-columns__valign-undefined uagb-columns__gap-10 alignundefined uagb-block-e1b80797\"><div class=\"uagb-columns__overlay\"><\/div><div class=\"uagb-columns__inner-wrap uagb-columns__columns-1\">\n<div class=\"wp-block-uagb-column uagb-column__wrap uagb-column__background-undefined uagb-block-6334f213\"><div class=\"uagb-column__overlay\"><\/div><div class=\"uagb-column__inner-wrap\">\n<h3 class=\"wp-block-heading\">Unit\u00e0 di terra<\/h3>\n<\/div><\/div>\n<\/div><\/section>\n\n\n\n<section class=\"wp-block-uagb-columns uagb-columns__wrap uagb-columns__background-undefined uagb-columns__stack-mobile uagb-columns__valign-undefined uagb-columns__gap-10 alignundefined uagb-block-a943ea14\"><div class=\"uagb-columns__overlay\"><\/div><div class=\"uagb-columns__inner-wrap uagb-columns__columns-3\">\n<div class=\"wp-block-uagb-column uagb-column__wrap uagb-column__background-undefined uagb-block-6e264444\"><div class=\"uagb-column__overlay\"><\/div><div class=\"uagb-column__inner-wrap\">\n<h4 class=\"wp-block-heading\"><a href=\"https:\/\/supcom.standardof.net\/it\/supreme-commander\/uef\/tech-1-uef-land-units\/\" class=\"rank-math-link\">Tier 1 Land<\/a><\/h4>\n\n\n\n<ul><li><a href=\"https:\/\/supcom.standardof.net\/it\/supreme-commander\/uef\/tech-1-uef-land-units\/#engineer-t1-constructor\" class=\"rank-math-link\">INGEGNERE<\/a> <br><sup>COSTRUTTORE T1<\/sup><\/li><li><a href=\"https:\/\/supcom.standardof.net\/it\/supreme-commander\/uef\/tech-1-uef-land-units\/#ma12-striker-medium-tank\" class=\"rank-math-link\">MA12 STRIKER<\/a> <br><sup>SERBATOIO MEDIO<\/sup><\/li><li><a href=\"https:\/\/supcom.standardof.net\/it\/supreme-commander\/uef\/tech-1-uef-land-units\/#lobo-mobile-light-artillery\" class=\"rank-math-link\">LOBO<\/a><br><sup>ARTIGLIERIA LEGGERA MOBILE<\/sup><\/li><li><a href=\"https:\/\/supcom.standardof.net\/it\/supreme-commander\/uef\/tech-1-uef-land-units\/#archer-mobile-anti-air-gun\" class=\"rank-math-link\">ARCIERE<\/a><br><sup>PISTOLA ANTIARIA MOBILE<\/sup><\/li><\/ul>\n<\/div><\/div>\n\n\n\n<div class=\"wp-block-uagb-column uagb-column__wrap uagb-column__background-undefined uagb-block-c303681c\"><div class=\"uagb-column__overlay\"><\/div><div class=\"uagb-column__inner-wrap\">\n<h4 class=\"wp-block-heading\"><a href=\"https:\/\/supcom.standardof.net\/it\/supreme-commander\/uef\/tech-2-uef-land-units\/\" class=\"rank-math-link\">Tier 2 Land<\/a><\/h4>\n\n\n\n<ul><li><a href=\"https:\/\/supcom.standardof.net\/it\/supreme-commander\/uef\/tech-2-uef-land-units\/#t2-uef-engineer\" class=\"rank-math-link\">INGEGNERE T2<\/a><br><sup>COSTRUTTORE T2<\/sup><\/li><li><a href=\"https:\/\/supcom.standardof.net\/it\/supreme-commander\/uef\/tech-2-uef-land-units\/#pillar-heavy-tank\" class=\"rank-math-link\">PILASTRO<\/a><br><sup>SERBATOIO PESANTE<\/sup><\/li><li><a href=\"https:\/\/supcom.standardof.net\/it\/supreme-commander\/uef\/tech-2-uef-land-units\/#sky-boxer-mobile-aa-flak-artillery\" class=\"rank-math-link\">SKY BOXER<\/a> <br><sup>ARTIGLIERIA MOBILE AA FLAK<\/sup><\/li><li><a href=\"https:\/\/supcom.standardof.net\/it\/supreme-commander\/uef\/tech-2-uef-land-units\/#flapjack-mobile-missile-launcher\" class=\"rank-math-link\">FLAPJACK<\/a><br><sup>LANCIA MISSILI MOBILE<\/sup><\/li><li><a href=\"https:\/\/supcom.standardof.net\/it\/supreme-commander\/uef\/tech-2-uef-land-units\/#riptide-amphibious-tank\" class=\"rank-math-link\">RIPTIDE<\/a> <br><sup>SERBATOIO ANFIBIO<\/sup><\/li><li><a href=\"https:\/\/supcom.standardof.net\/it\/supreme-commander\/uef\/tech-2-uef-land-units\/#parashield-mobile-shield-generator\" class=\"rank-math-link\">PARASHIELD<\/a><br><sup>GENERATORE DI SCUDO MOBILE<\/sup><\/li><\/ul>\n<\/div><\/div>\n\n\n\n<div class=\"wp-block-uagb-column uagb-column__wrap uagb-column__background-undefined uagb-block-8c972844\"><div class=\"uagb-column__overlay\"><\/div><div class=\"uagb-column__inner-wrap\">\n<h4 class=\"wp-block-heading\"><a href=\"https:\/\/supcom.standardof.net\/it\/supreme-commander\/uef\/tech-2-uef-land-units\/\" class=\"rank-math-link\">Tier 3 Land<\/a><\/h4>\n\n\n\n<ul><li><a href=\"https:\/\/supcom.standardof.net\/it\/supreme-commander\/uef\/tech-3-uef-land-units\/#t3-uef-engineer\" class=\"rank-math-link\">INGEGNERE T3<\/a><br><sup>COSTRUTTORE T3<\/sup><\/li><li><a href=\"https:\/\/supcom.standardof.net\/it\/supreme-commander\/uef\/tech-3-uef-land-units\/#titan-siege-assault-bot\" class=\"rank-math-link\">TITANO<\/a> <br><sup>ASSALTO DI ASSALTO BOT<\/sup><\/li><li><a href=\"https:\/\/supcom.standardof.net\/it\/supreme-commander\/uef\/tech-3-uef-land-units\/#demolisher-mobile-heavy-artillery\" class=\"rank-math-link\">DEMOLITORE<\/a><br><sup>ARTIGLIERIA PESANTE MOBILE<\/sup><\/li><\/ul>\n<\/div><\/div>\n<\/div><\/section>\n\n\n\n<section class=\"wp-block-uagb-columns uagb-columns__wrap uagb-columns__background-undefined uagb-columns__stack-mobile uagb-columns__valign-undefined uagb-columns__gap-10 alignundefined uagb-block-5b2438e4\"><div class=\"uagb-columns__overlay\"><\/div><div class=\"uagb-columns__inner-wrap uagb-columns__columns-1\">\n<div class=\"wp-block-uagb-column uagb-column__wrap uagb-column__background-undefined uagb-block-66fec082\"><div class=\"uagb-column__overlay\"><\/div><div class=\"uagb-column__inner-wrap\">\n<h3 class=\"wp-block-heading\" id=\"Air-Units\">Unit\u00e0 aeree<\/h3>\n<\/div><\/div>\n<\/div><\/section>\n\n\n\n<section class=\"wp-block-uagb-columns uagb-columns__wrap uagb-columns__background-undefined uagb-columns__stack-mobile uagb-columns__valign-undefined uagb-columns__gap-10 alignundefined uagb-block-f8a53e60\"><div class=\"uagb-columns__overlay\"><\/div><div class=\"uagb-columns__inner-wrap uagb-columns__columns-3\">\n<div class=\"wp-block-uagb-column uagb-column__wrap uagb-column__background-undefined uagb-block-1a25d205\"><div class=\"uagb-column__overlay\"><\/div><div class=\"uagb-column__inner-wrap\">\n<h4 class=\"wp-block-heading\"><a href=\"https:\/\/supcom.standardof.net\/it\/supreme-commander\/uef\/tech-1-uef-air-units\/\">Tier 1 Air<\/a><\/h4>\n\n\n\n<ul><li><a href=\"https:\/\/supcom.standardof.net\/it\/supreme-commander\/uef\/tech-1-uef-air-units\/#hummingbird-air-scout\" class=\"rank-math-link\">COLIBR\u00cc <\/a><br><sup>AIR SCOUT<\/sup><\/li><li><a href=\"https:\/\/supcom.standardof.net\/it\/supreme-commander\/uef\/tech-1-uef-air-units\/#cyclone-interceptor\" class=\"rank-math-link\">CICLONE<\/a> <br><sup>INTERCETTORE<\/sup><\/li><li><a href=\"https:\/\/supcom.standardof.net\/it\/supreme-commander\/uef\/tech-1-uef-air-units\/#scorcher-attack-bomber\" class=\"rank-math-link\">SCORCHER<\/a><br><sup>BOMBARDIERE D&#039;ATTACCO<\/sup><\/li><li><a href=\"https:\/\/supcom.standardof.net\/it\/supreme-commander\/uef\/tech-1-uef-air-units\/#c-6-courier-light-air-transport\" class=\"rank-math-link\">C-6 CORRIERE<\/a><br><sup>TRASPORTO AEREO LEGGERO<a href=\"https:\/\/supcom.standardof.net\/it\/supreme-commander\/uef\/tech-1-uef-air-units\/#c-6-courier-light-air-transport\" class=\"rank-math-link\">T<\/a><\/sup><\/li><\/ul>\n<\/div><\/div>\n\n\n\n<div class=\"wp-block-uagb-column uagb-column__wrap uagb-column__background-undefined uagb-block-0217f676\"><div class=\"uagb-column__overlay\"><\/div><div class=\"uagb-column__inner-wrap\">\n<h4 class=\"wp-block-heading\"><a href=\"https:\/\/supcom.standardof.net\/it\/supreme-commander\/uef\/tech-2-uef-air-units\/\">Tier 2 Air<\/a><\/h4>\n\n\n\n<ul><li><a href=\"https:\/\/supcom.standardof.net\/it\/supreme-commander\/uef\/tech-2-uef-air-units\/#janus-bomber\" class=\"rank-math-link\">JANUS<\/a> <br><sup>BOMBARDIERE<\/sup><\/li><li><a href=\"https:\/\/supcom.standardof.net\/it\/supreme-commander\/uef\/tech-2-uef-air-units\/#stork-torpedo-bomber\" class=\"rank-math-link\">CICOGNA<\/a> <br><sup>BOMBER TORPEDO<\/sup><\/li><li><a href=\"https:\/\/supcom.standardof.net\/it\/supreme-commander\/uef\/tech-2-uef-air-units\/#stinger-gunship\" class=\"rank-math-link\">STINGER<\/a> <br><sup>GUNSHIP<\/sup><\/li><li><a href=\"https:\/\/supcom.standardof.net\/it\/supreme-commander\/uef\/tech-2-uef-air-units\/#c14-star-lifter-air-transport\" class=\"rank-math-link\">C14 STAR LIFTER<\/a><br><sup>TRASPORTO AEREO<\/sup><\/li><\/ul>\n<\/div><\/div>\n\n\n\n<div class=\"wp-block-uagb-column uagb-column__wrap uagb-column__background-undefined uagb-block-519a1644\"><div class=\"uagb-column__overlay\"><\/div><div class=\"uagb-column__inner-wrap\">\n<h4 class=\"wp-block-heading\"><a href=\"https:\/\/supcom.standardof.net\/it\/supreme-commander\/uef\/tech-3-uef-air-units\/\">Tier 3 Air<\/a><\/h4>\n\n\n\n<ul><li><a href=\"https:\/\/supcom.standardof.net\/it\/supreme-commander\/uef\/tech-3-uef-air-units\/#sr90-blackbird-spy-plane\" class=\"rank-math-link\">SR90 BLACKBIRD<\/a> <br><sup>SPIA AEREO<\/sup><\/li><li><a href=\"https:\/\/supcom.standardof.net\/it\/supreme-commander\/uef\/tech-3-uef-air-units\/#wasp-air-superiority-fighter\" class=\"rank-math-link\">VESPA<\/a><br><sup>COMBATTENTE DELLA SUPERIORIT\u00c0 AEREA<\/sup><\/li><li><a href=\"https:\/\/supcom.standardof.net\/it\/supreme-commander\/uef\/tech-3-uef-air-units\/#ambassador-strategic-bomber\" class=\"rank-math-link\">AMBASCIATORE<\/a> <br><sup>BOMBER STRATEGICO<\/sup><\/li><li><a href=\"https:\/\/supcom.standardof.net\/it\/supreme-commander\/uef\/tech-3-uef-air-units\/#broadsword-heavy-gunship\" class=\"rank-math-link\">BROADSWORD<\/a> <br><sup>GUNSHIP PESANTE<\/sup><\/li><\/ul>\n<\/div><\/div>\n<\/div><\/section>\n\n\n\n<section class=\"wp-block-uagb-columns uagb-columns__wrap uagb-columns__background-undefined uagb-columns__stack-mobile uagb-columns__valign-undefined uagb-columns__gap-10 alignundefined uagb-block-eabbe2df\"><div class=\"uagb-columns__overlay\"><\/div><div class=\"uagb-columns__inner-wrap uagb-columns__columns-1\">\n<div class=\"wp-block-uagb-column uagb-column__wrap uagb-column__background-undefined uagb-block-4e728aeb\"><div class=\"uagb-column__overlay\"><\/div><div class=\"uagb-column__inner-wrap\">\n<h3 class=\"wp-block-heading\" id=\"Air-Units\">Unit\u00e0 navali<\/h3>\n<\/div><\/div>\n<\/div><\/section>\n\n\n\n<section class=\"wp-block-uagb-columns uagb-columns__wrap uagb-columns__background-undefined uagb-columns__stack-mobile uagb-columns__valign-undefined uagb-columns__gap-10 alignundefined uagb-block-3f7c6314\"><div class=\"uagb-columns__overlay\"><\/div><div class=\"uagb-columns__inner-wrap uagb-columns__columns-3\">\n<div class=\"wp-block-uagb-column uagb-column__wrap uagb-column__background-undefined uagb-block-a13f7fd6\"><div class=\"uagb-column__overlay\"><\/div><div class=\"uagb-column__inner-wrap\">\n<h4 class=\"wp-block-heading\"><a href=\"https:\/\/supcom.standardof.net\/it\/supreme-commander\/uef\/tech-1-uef-naval-units\/\">Livello 1 navale<\/a><\/h4>\n\n\n\n<ul><li><a href=\"https:\/\/supcom.standardof.net\/it\/supreme-commander\/uef\/tech-1-uef-naval-units\/#tigershark-attack-submarine\" class=\"rank-math-link\">SQUALO TIGRE <\/a><br><sup>SOTTOMARINO D&#039;ATTACCO<\/sup><\/li><li><a href=\"https:\/\/supcom.standardof.net\/it\/supreme-commander\/uef\/tech-1-uef-naval-units\/#thunderhead-class-frigate\" class=\"rank-math-link\">THUNDERHEAD<\/a><br><sup>FREGATA<\/sup> <sup>CLASSE<\/sup><\/li><\/ul>\n<\/div><\/div>\n\n\n\n<div class=\"wp-block-uagb-column uagb-column__wrap uagb-column__background-undefined uagb-block-968c6699\"><div class=\"uagb-column__overlay\"><\/div><div class=\"uagb-column__inner-wrap\">\n<h4 class=\"wp-block-heading\"><a href=\"https:\/\/supcom.standardof.net\/it\/supreme-commander\/uef\/tech-2-uef-naval-units\/\">Livello 2 navale<\/a><\/h4>\n\n\n\n<ul><li><a href=\"https:\/\/supcom.standardof.net\/it\/supreme-commander\/uef\/tech-2-uef-naval-units\/#governor-class-cruiser\" class=\"rank-math-link\">GOVERNATORE <\/a><br><sup>CLASSE CRUISER<\/sup><\/li><li><a href=\"https:\/\/supcom.standardof.net\/it\/supreme-commander\/uef\/tech-2-uef-naval-units\/#valiant-class-destroyer\" class=\"rank-math-link\">VALOROSO <\/a><br><sup>CLASSE DESTROYER<\/sup><\/li><\/ul>\n<\/div><\/div>\n\n\n\n<div class=\"wp-block-uagb-column uagb-column__wrap uagb-column__background-undefined uagb-block-61cc8635\"><div class=\"uagb-column__overlay\"><\/div><div class=\"uagb-column__inner-wrap\">\n<h4 class=\"wp-block-heading\"><a href=\"https:\/\/supcom.standardof.net\/it\/supreme-commander\/uef\/tech-3-uef-naval-units\/\" class=\"rank-math-link\">Livello 3 navale<\/a><\/h4>\n\n\n\n<ul><li><a href=\"https:\/\/supcom.standardof.net\/it\/supreme-commander\/uef\/tech-3-uef-naval-units\/#summit-class-battleship\" class=\"rank-math-link\">VERTICE <\/a><br><sup>CLASSE DI BATTAGLIA<\/sup><\/li><li><a href=\"https:\/\/supcom.standardof.net\/it\/supreme-commander\/uef\/tech-3-uef-naval-units\/#ace-strategic-missile-submarine\" class=\"rank-math-link\">ASSO <\/a><br><sup>MISSILE STRATEGICO SOTTOMARINO<\/sup><\/li><\/ul>\n<\/div><\/div>\n<\/div><\/section>\n\n\n\n<section class=\"wp-block-uagb-columns uagb-columns__wrap uagb-columns__background-undefined uagb-columns__stack-mobile uagb-columns__valign-undefined uagb-columns__gap-10 alignundefined uagb-block-e662c212\"><div class=\"uagb-columns__overlay\"><\/div><div class=\"uagb-columns__inner-wrap uagb-columns__columns-2\">\n<div class=\"wp-block-uagb-column uagb-column__wrap uagb-column__background-undefined uagb-block-c826c08a\"><div class=\"uagb-column__overlay\"><\/div><div class=\"uagb-column__inner-wrap\">\n<h3 class=\"wp-block-heading\" id=\"Defenses\">Difese<\/h3>\n\n\n\n<ul><li><a href=\"https:\/\/supcom.standardof.net\/it\/supreme-commander\/uef\/tech-1-uef-difese\/\" class=\"rank-math-link\">Difese di livello 1<\/a><\/li><li><a href=\"https:\/\/supcom.standardof.net\/it\/supreme-commander\/uef\/tech-2-uef-defence\/\" class=\"rank-math-link\">Difese di livello 2<\/a><\/li><li><a href=\"https:\/\/supcom.standardof.net\/it\/supreme-commander\/uef\/tech-3-uef-difese\/\" class=\"rank-math-link\">Difese di livello 3<\/a><\/li><\/ul>\n<\/div><\/div>\n\n\n\n<div class=\"wp-block-uagb-column uagb-column__wrap uagb-column__background-undefined uagb-block-796c4d70\"><div class=\"uagb-column__overlay\"><\/div><div class=\"uagb-column__inner-wrap\">\n<h3 class=\"wp-block-heading\" id=\"Economy\">Economia<\/h3>\n\n\n\n<ul><li><a href=\"https:\/\/supcom.standardof.net\/it\/supreme-commander\/uef\/tech-1-uef-economy-edifici\/\" class=\"rank-math-link\">Tier 1 Economy<\/a><\/li><li><a href=\"https:\/\/supcom.standardof.net\/it\/supreme-commander\/uef\/tech-2-uef-economy-edifici\/\" class=\"rank-math-link\">Tier 2 Economy<\/a><\/li><li><a href=\"https:\/\/supcom.standardof.net\/it\/supreme-commander\/uef\/tech-3-uef-economy-edifici\/\" class=\"rank-math-link\">Tier 3 Economy<\/a><\/li><\/ul>\n<\/div><\/div>\n<\/div><\/section>\n\n\n\n<section class=\"wp-block-uagb-columns uagb-columns__wrap uagb-columns__background-undefined uagb-columns__stack-mobile uagb-columns__valign-undefined uagb-columns__gap-10 alignundefined uagb-block-4757a3b7\"><div class=\"uagb-columns__overlay\"><\/div><div class=\"uagb-columns__inner-wrap uagb-columns__columns-1\">\n<div class=\"wp-block-uagb-column uagb-column__wrap uagb-column__background-undefined uagb-block-44688738\"><div class=\"uagb-column__overlay\"><\/div><div class=\"uagb-column__inner-wrap\">\n<h3 class=\"wp-block-heading\"><a href=\"https:\/\/supcom.standardof.net\/it\/supreme-commander\/uef\/unita-sperimentali\/\" class=\"rank-math-link\">Unit\u00e0 sperimentali<\/a><\/h3>\n<\/div><\/div>\n<\/div><\/section>","protected":false},"excerpt":{"rendered":"<p>UEF UNITS The UEF&#8217;s unique units are the 3 experimentals and the T3 air Heavy Gunship. UEF standard armaments are traditional shells and guns. They tend to have more armor and less speed than other factions&#8217; equivalent units. UEF can use a good mix of land units to combat other races&#8217; single unit swarms early [&hellip;]<\/p>","protected":false},"author":1,"featured_media":0,"parent":14,"menu_order":0,"comment_status":"closed","ping_status":"closed","template":"","meta":{"_uag_custom_page_level_css":"","site-sidebar-layout":"default","site-content-layout":"default","ast-site-content-layout":"","site-content-style":"default","site-sidebar-style":"default","ast-global-header-display":"","ast-banner-title-visibility":"","ast-main-header-display":"","ast-hfb-above-header-display":"","ast-hfb-below-header-display":"","ast-hfb-mobile-header-display":"","site-post-title":"","ast-breadcrumbs-content":"","ast-featured-img":"","footer-sml-layout":"","theme-transparent-header-meta":"default","adv-header-id-meta":"","stick-header-meta":"","header-above-stick-meta":"","header-main-stick-meta":"","header-below-stick-meta":"","astra-migrate-meta-layouts":"default","ast-page-background-enabled":"default","ast-page-background-meta":{"desktop":{"background-color":"","background-image":"","background-repeat":"repeat","background-position":"center center","background-size":"auto","background-attachment":"scroll","background-type":"","background-media":"","overlay-type":"","overlay-color":"","overlay-gradient":""},"tablet":{"background-color":"","background-image":"","background-repeat":"repeat","background-position":"center center","background-size":"auto","background-attachment":"scroll","background-type":"","background-media":"","overlay-type":"","overlay-color":"","overlay-gradient":""},"mobile":{"background-color":"","background-image":"","background-repeat":"repeat","background-position":"center center","background-size":"auto","background-attachment":"scroll","background-type":"","background-media":"","overlay-type":"","overlay-color":"","overlay-gradient":""}},"ast-content-background-meta":{"desktop":{"background-color":"var(--ast-global-color-5)","background-image":"","background-repeat":"repeat","background-position":"center center","background-size":"auto","background-attachment":"scroll","background-type":"","background-media":"","overlay-type":"","overlay-color":"","overlay-gradient":""},"tablet":{"background-color":"var(--ast-global-color-5)","background-image":"","background-repeat":"repeat","background-position":"center center","background-size":"auto","background-attachment":"scroll","background-type":"","background-media":"","overlay-type":"","overlay-color":"","overlay-gradient":""},"mobile":{"background-color":"var(--ast-global-color-5)","background-image":"","background-repeat":"repeat","background-position":"center center","background-size":"auto","background-attachment":"scroll","background-type":"","background-media":"","overlay-type":"","overlay-color":"","overlay-gradient":""}},"footnotes":""},"uagb_featured_image_src":{"full":false,"thumbnail":false,"medium":false,"medium_large":false,"large":false,"1536x1536":false,"2048x2048":false,"trp-custom-language-flag":false},"uagb_author_info":{"display_name":"SOE","author_link":"https:\/\/supcom.standardof.net\/it\/author\/k-tastic\/"},"uagb_comment_info":0,"uagb_excerpt":"UEF UNITS The UEF&#8217;s unique units are the 3 experimentals and the T3 air Heavy Gunship. UEF standard armaments are traditional shells and guns. They tend to have more armor and less speed than other factions&#8217; equivalent units. UEF can use a good mix of land units to combat other races&#8217; single unit swarms early&hellip;","_links":{"self":[{"href":"https:\/\/supcom.standardof.net\/it\/wp-json\/wp\/v2\/pages\/231"}],"collection":[{"href":"https:\/\/supcom.standardof.net\/it\/wp-json\/wp\/v2\/pages"}],"about":[{"href":"https:\/\/supcom.standardof.net\/it\/wp-json\/wp\/v2\/types\/page"}],"author":[{"embeddable":true,"href":"https:\/\/supcom.standardof.net\/it\/wp-json\/wp\/v2\/users\/1"}],"replies":[{"embeddable":true,"href":"https:\/\/supcom.standardof.net\/it\/wp-json\/wp\/v2\/comments?post=231"}],"version-history":[{"count":0,"href":"https:\/\/supcom.standardof.net\/it\/wp-json\/wp\/v2\/pages\/231\/revisions"}],"up":[{"embeddable":true,"href":"https:\/\/supcom.standardof.net\/it\/wp-json\/wp\/v2\/pages\/14"}],"wp:attachment":[{"href":"https:\/\/supcom.standardof.net\/it\/wp-json\/wp\/v2\/media?parent=231"}],"curies":[{"name":"wp","href":"https:\/\/api.w.org\/{rel}","templated":true}]}}