{"id":340,"date":"2020-11-01T11:47:46","date_gmt":"2020-11-01T16:47:46","guid":{"rendered":"https:\/\/supcom.standardof.net\/?page_id=340"},"modified":"2020-11-03T23:05:42","modified_gmt":"2020-11-04T04:05:42","slug":"tech-3-uef-land-units","status":"publish","type":"page","link":"https:\/\/supcom.standardof.net\/it\/supreme-commander\/uef\/tech-3-uef-land-units\/","title":{"rendered":"Tecnica 3 - Unit\u00e0 terrestri UEF"},"content":{"rendered":"<div class=\"wp-block-uagb-table-of-contents uagb-toc__align-left uagb-toc__columns-1  uagb-block-d7273619\"\n\t\t\t\t\tdata-scroll= \"1\"\n\t\t\t\t\tdata-offset= \"30\"\n\t\t\t\t\tstyle=\"\"\n\t\t\t\t>\n\t\t\t\t<div class=\"uagb-toc__wrap\">\n\t\t\t\t\t\t<div class=\"uagb-toc__title\">\n\t\t\t\t\t\t\tUnit\u00e0 terrestri UEF Tech 3:\t\t\t\t\t\t<\/div>\n\t\t\t\t\t\t\t\t\t\t\t\t\t\t\t\t<div class=\"uagb-toc__list-wrap\">\n\t\t\t\t\t\t<ol class=\"uagb-toc__list\"><li class=\"uagb-toc__list\"><a href=\"#t3-uef-engineer\" class=\"uagb-toc-link__trigger\">INGEGNERE UEF T3<\/a><li class=\"uagb-toc__list\"><a href=\"#titan-siege-assault-bot\" class=\"uagb-toc-link__trigger\">TITAN - ASSALTO DI ASSALTO BOT<\/a><li class=\"uagb-toc__list\"><a href=\"#demolisher-mobile-heavy-artillery\" class=\"uagb-toc-link__trigger\">DEMOLITORE - ARTIGLIERIA PESANTE MOBILE<\/a><\/ol>\t\t\t\t\t<\/div>\n\t\t\t\t\t\t\t\t\t<\/div>\n\t\t\t\t<\/div>\n\t\t\t\n\n\n<section class=\"wp-block-uagb-columns uagb-columns__wrap uagb-columns__background-undefined uagb-columns__stack-mobile uagb-columns__valign-undefined uagb-columns__gap-10 alignundefined uagb-block-de4cfbd8\"><div class=\"uagb-columns__overlay\"><\/div><div class=\"uagb-columns__inner-wrap uagb-columns__columns-1\">\n<div class=\"wp-block-uagb-column uagb-column__wrap uagb-column__background-undefined uagb-block-e9dab9d8\"><div class=\"uagb-column__overlay\"><\/div><div class=\"uagb-column__inner-wrap\">\n<h2 class=\"wp-block-heading\">INGEGNERE UEF T3<\/h2>\n\n\n\n<p><a href=\"https:\/\/www.standardof.net\/wp-content\/uploads\/2011\/10\/SupremeCommander-2011-10-15-08-58-38-95.png\" class=\"rank-math-link\" target=\"_blank\" rel=\"noopener\"><\/a>L&#039;ingegnere T3 si presenta molto pi\u00f9 frequentemente degli altri ingegneri; una dovrebbe essere sempre la prima cosa che esce dalla tua fabbrica. Possono far ripartire la tua economia, assistere le fabbriche a un ritmo utile e portarti alla fine dei giochi. Non \u00e8 mai male avere troppi ingegneri. Inoltre, se vengono inviati per costruire difese o riparare un obiettivo cruciale, dureranno molto pi\u00f9 a lungo sotto il fuoco nemico. Sfortunatamente, questi ragazzi sono molto lenti, la met\u00e0 della velocit\u00e0 delle unit\u00e0 di supporto T2.<\/p>\n\n\n\n<div class=\"wp-block-image\"><figure class=\"aligncenter size-large\"><a href=\"https:\/\/supcom.standardof.net\/it\/supreme-commander\/uef\/tech-3-uef-land-units\/supreme-commander-uef-land-units-t3-t3-land-engineer\/\"><img decoding=\"async\" width=\"357\" height=\"276\" src=\"https:\/\/supcom.standardof.net\/wp-content\/uploads\/sites\/8\/2020\/11\/Supreme-Commander-UEF-Land-Units-T3-T3-Land-Engineer.jpg\" alt=\"L&#039;ingegnere T3, unit\u00e0 UEF Tech 3 in Supreme Commander.\" class=\"wp-image-344\" srcset=\"https:\/\/supcom.standardof.net\/wp-content\/uploads\/sites\/8\/2020\/11\/Supreme-Commander-UEF-Land-Units-T3-T3-Land-Engineer.jpg 357w, https:\/\/supcom.standardof.net\/wp-content\/uploads\/sites\/8\/2020\/11\/Supreme-Commander-UEF-Land-Units-T3-T3-Land-Engineer-200x155.jpg 200w, https:\/\/supcom.standardof.net\/wp-content\/uploads\/sites\/8\/2020\/11\/Supreme-Commander-UEF-Land-Units-T3-T3-Land-Engineer-16x12.jpg 16w\" sizes=\"(max-width: 357px) 100vw, 357px\" \/><\/a><figcaption>INGEGNERE T3<\/figcaption><\/figure><\/div>\n\n\n\n<section class=\"wp-block-uagb-columns uagb-columns__wrap uagb-columns__background-undefined uagb-columns__stack-mobile uagb-columns__valign-undefined uagb-columns__gap-10 alignundefined uagb-block-c264e380\"><div class=\"uagb-columns__overlay\"><\/div><div class=\"uagb-columns__inner-wrap uagb-columns__columns-1\">\n<div class=\"wp-block-uagb-column uagb-column__wrap uagb-column__background-undefined uagb-block-bafeb27f\"><div class=\"uagb-column__overlay\"><\/div><div class=\"uagb-column__inner-wrap\">\n<h3 class=\"wp-block-heading\"><strong>Statistiche T3 UEF Engineer<\/strong><\/h3>\n\n\n\n<p><strong>Armatura:<\/strong> 1.500 CV<\/p>\n\n\n\n<p><strong>Abilit\u00e0:<\/strong> Engineering Suite, anfibio<\/p>\n\n\n\n<p><strong>Costo:<\/strong> M490 (rimessaggio: 20), E3150 (rimessaggio: 200), T1050<br>velocit\u00e0 di creazione: 15<\/p>\n\n\n\n<p><strong>Intel:<\/strong> vista: 26 (508 m)<\/p>\n\n\n\n<p><strong>Fisica:<\/strong><br>velocit\u00e0 massima: 1,4 (27,3 m \/ s)<br>velocit\u00e0 di virata: 70<\/p>\n\n\n\n<p><strong>Classe di trasporto:<\/strong> 3<br><em>* livello veterano 2: +375 hp<br>* livello veterano 4: +375 hp<br>* livello veterano 5: ripara 2 hp \/ s<\/em><\/p>\n<\/div><\/div>\n<\/div><\/section>\n<\/div><\/div>\n<\/div><\/section>\n\n\n\n<section class=\"wp-block-uagb-columns uagb-columns__wrap uagb-columns__background-undefined uagb-columns__stack-mobile uagb-columns__valign-undefined uagb-columns__gap-10 alignundefined uagb-block-848aff33\"><div class=\"uagb-columns__overlay\"><\/div><div class=\"uagb-columns__inner-wrap uagb-columns__columns-1\">\n<div class=\"wp-block-uagb-column uagb-column__wrap uagb-column__background-undefined uagb-block-375821ab\"><div class=\"uagb-column__overlay\"><\/div><div class=\"uagb-column__inner-wrap\">\n<h2 class=\"wp-block-heading\">TITAN - ASSALTO DI ASSALTO BOT<\/h2>\n\n\n\n<p><a href=\"https:\/\/www.standardof.net\/wp-content\/uploads\/2011\/10\/Heavy-Assault-Bot-Titan.png\" class=\"rank-math-link\" target=\"_blank\" rel=\"noopener\"><\/a>La pistola del Titano in realt\u00e0 non \u00e8 molto potente; il suo principale punto di forza \u00e8 il suo scudo, che gli consente di sopravvivere a conflitti sbilenchi senza perdere in alcun modo la salute. I robot d&#039;assedio sono assassini del comandante, dice il tutorial, e questo \u00e8 vero, a patto che riesci a farli superare le loro difese e le loro forze di terra. Non vincono automaticamente le guerre per te, ma puoi sentirti sicuro costruendole in enormi quantit\u00e0, indipendentemente dalla tua missione.<\/p>\n\n\n\n<div class=\"wp-block-image\"><figure class=\"aligncenter size-large\"><a href=\"https:\/\/supcom.standardof.net\/it\/supreme-commander\/uef\/tech-3-uef-land-units\/supreme-commander-uef-land-units-t3-heavy-assault-bot-titan\/\"><img decoding=\"async\" width=\"400\" height=\"329\" src=\"https:\/\/supcom.standardof.net\/wp-content\/uploads\/sites\/8\/2020\/11\/Supreme-Commander-UEF-Land-Units-T3-Heavy-Assault-Bot-Titan.jpg\" alt=\"Il Titan Siege Assault Bot, unit\u00e0 UEF Tech 3 in Supreme Commander.\" class=\"wp-image-342\" srcset=\"https:\/\/supcom.standardof.net\/wp-content\/uploads\/sites\/8\/2020\/11\/Supreme-Commander-UEF-Land-Units-T3-Heavy-Assault-Bot-Titan.jpg 400w, https:\/\/supcom.standardof.net\/wp-content\/uploads\/sites\/8\/2020\/11\/Supreme-Commander-UEF-Land-Units-T3-Heavy-Assault-Bot-Titan-200x165.jpg 200w, https:\/\/supcom.standardof.net\/wp-content\/uploads\/sites\/8\/2020\/11\/Supreme-Commander-UEF-Land-Units-T3-Heavy-Assault-Bot-Titan-16x12.jpg 16w\" sizes=\"(max-width: 400px) 100vw, 400px\" \/><\/a><figcaption>TITAN - ASSALTO DI ASSALTO BOT<\/figcaption><\/figure><\/div>\n\n\n\n<section class=\"wp-block-uagb-columns uagb-columns__wrap uagb-columns__background-undefined uagb-columns__stack-mobile uagb-columns__valign-undefined uagb-columns__gap-10 alignundefined uagb-block-c3a40dcc\"><div class=\"uagb-columns__overlay\"><\/div><div class=\"uagb-columns__inner-wrap uagb-columns__columns-2\">\n<div class=\"wp-block-uagb-column uagb-column__wrap uagb-column__background-undefined uagb-block-b86d4b78\"><div class=\"uagb-column__overlay\"><\/div><div class=\"uagb-column__inner-wrap\">\n<h3 class=\"wp-block-heading\"><strong><strong>Titan Stats<\/strong><\/strong><\/h3>\n\n\n\n<p><strong>Armatura:<\/strong> 2200hp<\/p>\n\n\n\n<p><strong>Scudo:<\/strong> 2500hp<br>     dimensione: 2,5 (48,8 m)<br>     velocit\u00e0 di rigenerazione: 167<br>     ora inizio rigenerazione: 45<br>     tempo di ricarica: 60<\/p>\n\n\n\n<p><strong>Abilit\u00e0:<\/strong> Scudo<\/p>\n\n\n\n<p><strong>Costo:<\/strong> M480, E3840 (-25), T1200<\/p>\n\n\n\n<p><strong>Intel:<\/strong> vista: 25 (488m)<\/p>\n\n\n\n<p><strong>Fisica:<\/strong><br>     velocit\u00e0 massima: 2,9 (56,6 m \/ s)<br>     velocit\u00e0 di virata: 146<\/p>\n\n\n\n<p><strong>Classe di trasporto:<\/strong> 3<\/p>\n\n\n\n<p><strong>Anzianit\u00e0:<\/strong> 30, 60, 150, 300, 600 uccisioni<br><em>* livello veterano 2: +550 hp<br>* livello veterano 4: +550 hp<br>* livello veterano 5: ripara 2 hp \/ s<\/em><\/p>\n<\/div><\/div>\n\n\n\n<div class=\"wp-block-uagb-column uagb-column__wrap uagb-column__background-undefined uagb-block-131fd178\"><div class=\"uagb-column__overlay\"><\/div><div class=\"uagb-column__inner-wrap\">\n<h3 class=\"wp-block-heading\"><strong>Armi Titan<\/strong><\/h3>\n\n\n\n<p><strong>Cannone al plasma pesante<\/strong><br><em>(Fuoco diretto)<\/em><br>100,00 dps<br><strong>gamma:<\/strong> 25 (488 m)<br><strong>arma a proiettile:<\/strong> 50 danni<br><strong>velocit\u00e0 di fuoco:<\/strong> 2 (ogni 0,5 s)<br><em>* livello veterano 1: +13 danni<br>* livello veterano 3: +13 danni<\/em><\/p>\n<\/div><\/div>\n<\/div><\/section>\n<\/div><\/div>\n<\/div><\/section>\n\n\n\n<section class=\"wp-block-uagb-columns uagb-columns__wrap uagb-columns__background-undefined uagb-columns__stack-mobile uagb-columns__valign-undefined uagb-columns__gap-10 alignundefined uagb-block-c14ccc1c\"><div class=\"uagb-columns__overlay\"><\/div><div class=\"uagb-columns__inner-wrap uagb-columns__columns-1\">\n<div class=\"wp-block-uagb-column uagb-column__wrap uagb-column__background-undefined uagb-block-31afc75f\"><div class=\"uagb-column__overlay\"><\/div><div class=\"uagb-column__inner-wrap\">\n<h2 class=\"wp-block-heading\">DEMOLITORE - ARTIGLIERIA PESANTE MOBILE<\/h2>\n\n\n\n<p><a href=\"https:\/\/www.standardof.net\/wp-content\/uploads\/2011\/10\/Mobile-Heavy-Artillery-Demolisher.jpg\" class=\"rank-math-link\" target=\"_blank\" rel=\"noopener\"><\/a>L&#039;artiglieria pesante mobile serve solo a una cosa: rompere una base ben difesa. Superano la difesa del punto T2 ma non l&#039;artiglieria T2, quindi assicurati di bersagliarli per primi. Sono totalmente indifesi contro le unit\u00e0 aeree o terrestri nemiche, anche se hanno abbastanza salute da non morire tutti se hai abbastanza robot d&#039;assedio per proteggerli. Quando stai per creare un gruppo, pensa questo: &quot;Quale preferirei avere: 5 cannoni di artiglieria o 10 robot d&#039;assedio?&quot; Se pensi di poter incontrare resistenza su gambe pi\u00f9 veloci di un Colosso, la risposta dovrebbe essere &quot;10 robot d&#039;assedio&quot;.<\/p>\n\n\n\n<div class=\"wp-block-image\"><figure class=\"aligncenter size-large is-resized\"><a href=\"https:\/\/supcom.standardof.net\/it\/supreme-commander\/uef\/tech-3-uef-land-units\/supreme-commander-uef-land-units-t3-mobile-heavy-artillery-demolisher\/\"><img decoding=\"async\" src=\"https:\/\/supcom.standardof.net\/wp-content\/uploads\/sites\/8\/2020\/11\/Supreme-Commander-UEF-Land-Units-T3-Mobile-Heavy-Artillery-Demolisher.jpg\" alt=\"L&#039;artiglieria pesante mobile Demolisher, unit\u00e0 UEF Tech 3 in Supreme Commander.\" class=\"wp-image-343\" width=\"400\" height=\"312\" srcset=\"https:\/\/supcom.standardof.net\/wp-content\/uploads\/sites\/8\/2020\/11\/Supreme-Commander-UEF-Land-Units-T3-Mobile-Heavy-Artillery-Demolisher.jpg 400w, https:\/\/supcom.standardof.net\/wp-content\/uploads\/sites\/8\/2020\/11\/Supreme-Commander-UEF-Land-Units-T3-Mobile-Heavy-Artillery-Demolisher-200x156.jpg 200w, https:\/\/supcom.standardof.net\/wp-content\/uploads\/sites\/8\/2020\/11\/Supreme-Commander-UEF-Land-Units-T3-Mobile-Heavy-Artillery-Demolisher-16x12.jpg 16w\" sizes=\"(max-width: 400px) 100vw, 400px\" \/><\/a><figcaption>DEMOLITORE - ARTIGLIERIA PESANTE MOBILE<\/figcaption><\/figure><\/div>\n\n\n\n<section class=\"wp-block-uagb-columns uagb-columns__wrap uagb-columns__background-undefined uagb-columns__stack-mobile uagb-columns__valign-undefined uagb-columns__gap-10 alignundefined uagb-block-1f8571f0\"><div class=\"uagb-columns__overlay\"><\/div><div class=\"uagb-columns__inner-wrap uagb-columns__columns-2\">\n<div class=\"wp-block-uagb-column uagb-column__wrap uagb-column__background-undefined uagb-block-a510e1a3\"><div class=\"uagb-column__overlay\"><\/div><div class=\"uagb-column__inner-wrap\">\n<h3 class=\"wp-block-heading\"><strong>Statistiche demolitore<\/strong><\/h3>\n\n\n\n<p><strong>Armatura:<\/strong> 945 CV<\/p>\n\n\n\n<p><strong>Abilit\u00e0:<\/strong> Distribuisce: Immobile durante il tiro<\/p>\n\n\n\n<p><strong>Costo:<\/strong> M800, E8000, T2400<\/p>\n\n\n\n<p><strong>Intel:<\/strong> vista: 26 (508 m)<\/p>\n\n\n\n<p><strong>Fisica:<\/strong><br>velocit\u00e0 massima: 2,6 (50,8 m \/ s)<br>velocit\u00e0 di rotazione: 20<\/p>\n\n\n\n<p><strong>Classe di trasporto:<\/strong> 3<\/p>\n\n\n\n<p><strong>Anzianit\u00e0:<\/strong> 30, 60, 150, 300, 600 uccisioni<br><em>* livello veterano 2: +236 hp<br>* livello veterano 4: +236 hp<br>* livello veterano 5: ripara 2 hp \/ s<\/em><\/p>\n<\/div><\/div>\n\n\n\n<div class=\"wp-block-uagb-column uagb-column__wrap uagb-column__background-undefined uagb-block-f33fff70\"><div class=\"uagb-column__overlay\"><\/div><div class=\"uagb-column__inner-wrap\">\n<h3 class=\"wp-block-heading\"><strong>Armi demolitrici<\/strong><\/h3>\n\n\n\n<p><strong>Artiglieria antimateria<\/strong><br>70,00 dps <em>(Artiglieria)<\/em><br><strong>la zona:<\/strong> 3,5 (68,4 m),<br><strong>gamma:<\/strong> 25 (488 m) - 70 (1,37 km)<br><strong>arma a proiettile:<\/strong> 1400 danni<br><strong>velocit\u00e0 di fuoco:<\/strong> 0,05 (ogni 20 s)<br><em>* livello veterano 1: +350 danni<br>* livello veterano 3: +350 danni<\/em><\/p>\n<\/div><\/div>\n<\/div><\/section>\n<\/div><\/div>\n<\/div><\/section>","protected":false},"excerpt":{"rendered":"<p>T3 UEF ENGINEER The T3 Engineer shows up much more frequently than the other engineers; one should always be the first thing out of your factory. They can jumpstart your economy, assist factories at a useful rate, and get you into the endgame. It&#8217;s never bad to have too many engineers. Plus, if they&#8217;re sent [&hellip;]<\/p>","protected":false},"author":1,"featured_media":0,"parent":231,"menu_order":0,"comment_status":"open","ping_status":"closed","template":"","meta":{"_uag_custom_page_level_css":"","site-sidebar-layout":"default","site-content-layout":"default","ast-site-content-layout":"","site-content-style":"default","site-sidebar-style":"default","ast-global-header-display":"","ast-banner-title-visibility":"","ast-main-header-display":"","ast-hfb-above-header-display":"","ast-hfb-below-header-display":"","ast-hfb-mobile-header-display":"","site-post-title":"","ast-breadcrumbs-content":"","ast-featured-img":"","footer-sml-layout":"","theme-transparent-header-meta":"default","adv-header-id-meta":"","stick-header-meta":"","header-above-stick-meta":"","header-main-stick-meta":"","header-below-stick-meta":"","astra-migrate-meta-layouts":"default","ast-page-background-enabled":"default","ast-page-background-meta":{"desktop":{"background-color":"","background-image":"","background-repeat":"repeat","background-position":"center center","background-size":"auto","background-attachment":"scroll","background-type":"","background-media":"","overlay-type":"","overlay-color":"","overlay-gradient":""},"tablet":{"background-color":"","background-image":"","background-repeat":"repeat","background-position":"center center","background-size":"auto","background-attachment":"scroll","background-type":"","background-media":"","overlay-type":"","overlay-color":"","overlay-gradient":""},"mobile":{"background-color":"","background-image":"","background-repeat":"repeat","background-position":"center center","background-size":"auto","background-attachment":"scroll","background-type":"","background-media":"","overlay-type":"","overlay-color":"","overlay-gradient":""}},"ast-content-background-meta":{"desktop":{"background-color":"var(--ast-global-color-5)","background-image":"","background-repeat":"repeat","background-position":"center center","background-size":"auto","background-attachment":"scroll","background-type":"","background-media":"","overlay-type":"","overlay-color":"","overlay-gradient":""},"tablet":{"background-color":"var(--ast-global-color-5)","background-image":"","background-repeat":"repeat","background-position":"center center","background-size":"auto","background-attachment":"scroll","background-type":"","background-media":"","overlay-type":"","overlay-color":"","overlay-gradient":""},"mobile":{"background-color":"var(--ast-global-color-5)","background-image":"","background-repeat":"repeat","background-position":"center center","background-size":"auto","background-attachment":"scroll","background-type":"","background-media":"","overlay-type":"","overlay-color":"","overlay-gradient":""}},"footnotes":""},"uagb_featured_image_src":{"full":false,"thumbnail":false,"medium":false,"medium_large":false,"large":false,"1536x1536":false,"2048x2048":false,"trp-custom-language-flag":false},"uagb_author_info":{"display_name":"SOE","author_link":"https:\/\/supcom.standardof.net\/it\/author\/k-tastic\/"},"uagb_comment_info":0,"uagb_excerpt":"T3 UEF ENGINEER The T3 Engineer shows up much more frequently than the other engineers; one should always be the first thing out of your factory. They can jumpstart your economy, assist factories at a useful rate, and get you into the endgame. It&#8217;s never bad to have too many engineers. Plus, if they&#8217;re sent&hellip;","_links":{"self":[{"href":"https:\/\/supcom.standardof.net\/it\/wp-json\/wp\/v2\/pages\/340"}],"collection":[{"href":"https:\/\/supcom.standardof.net\/it\/wp-json\/wp\/v2\/pages"}],"about":[{"href":"https:\/\/supcom.standardof.net\/it\/wp-json\/wp\/v2\/types\/page"}],"author":[{"embeddable":true,"href":"https:\/\/supcom.standardof.net\/it\/wp-json\/wp\/v2\/users\/1"}],"replies":[{"embeddable":true,"href":"https:\/\/supcom.standardof.net\/it\/wp-json\/wp\/v2\/comments?post=340"}],"version-history":[{"count":0,"href":"https:\/\/supcom.standardof.net\/it\/wp-json\/wp\/v2\/pages\/340\/revisions"}],"up":[{"embeddable":true,"href":"https:\/\/supcom.standardof.net\/it\/wp-json\/wp\/v2\/pages\/231"}],"wp:attachment":[{"href":"https:\/\/supcom.standardof.net\/it\/wp-json\/wp\/v2\/media?parent=340"}],"curies":[{"name":"wp","href":"https:\/\/api.w.org\/{rel}","templated":true}]}}