{"id":349,"date":"2020-11-01T12:17:09","date_gmt":"2020-11-01T17:17:09","guid":{"rendered":"https:\/\/supcom.standardof.net\/?page_id=349"},"modified":"2020-11-03T23:06:32","modified_gmt":"2020-11-04T04:06:32","slug":"tech-1-uef-air-units","status":"publish","type":"page","link":"https:\/\/supcom.standardof.net\/it\/supreme-commander\/uef\/tech-1-uef-air-units\/","title":{"rendered":"Tech 1 - Unit\u00e0 aeree UEF"},"content":{"rendered":"<div class=\"wp-block-uagb-table-of-contents uagb-toc__align-left uagb-toc__columns-1  uagb-block-59b4c076\"\n\t\t\t\t\tdata-scroll= \"1\"\n\t\t\t\t\tdata-offset= \"30\"\n\t\t\t\t\tstyle=\"\"\n\t\t\t\t>\n\t\t\t\t<div class=\"uagb-toc__wrap\">\n\t\t\t\t\t\t<div class=\"uagb-toc__title\">\n\t\t\t\t\t\t\tUnit\u00e0 aeree UEF Tech 1:\t\t\t\t\t\t<\/div>\n\t\t\t\t\t\t\t\t\t\t\t\t\t\t\t\t<div class=\"uagb-toc__list-wrap\">\n\t\t\t\t\t\t<ol class=\"uagb-toc__list\"><li class=\"uagb-toc__list\"><a href=\"#hummingbird-air-scout\" class=\"uagb-toc-link__trigger\">HUMMINGBIRD - AIR SCOUT<\/a><li class=\"uagb-toc__list\"><a href=\"#cyclone-interceptor\" class=\"uagb-toc-link__trigger\">CICLONE - INTERCETTORE<\/a><li class=\"uagb-toc__list\"><a href=\"#scorcher-attack-bomber\" class=\"uagb-toc-link__trigger\">SCORCHER - ATTACCO BOMBER<\/a><li class=\"uagb-toc__list\"><a href=\"#c-6-courier-light-air-transport\" class=\"uagb-toc-link__trigger\">C-6 CORRIERE - TRASPORTO AEREO LEGGERO<\/a><\/ol>\t\t\t\t\t<\/div>\n\t\t\t\t\t\t\t\t\t<\/div>\n\t\t\t\t<\/div>\n\t\t\t\n\n\n<section class=\"wp-block-uagb-columns uagb-columns__wrap uagb-columns__background-undefined uagb-columns__stack-mobile uagb-columns__valign-undefined uagb-columns__gap-10 alignundefined uagb-block-870a1030\"><div class=\"uagb-columns__overlay\"><\/div><div class=\"uagb-columns__inner-wrap uagb-columns__columns-1\">\n<div class=\"wp-block-uagb-column uagb-column__wrap uagb-column__background-undefined uagb-block-511fa0de\"><div class=\"uagb-column__overlay\"><\/div><div class=\"uagb-column__inner-wrap\">\n<h2 class=\"wp-block-heading\"><strong>COLIBR\u00cc<\/strong> - AIR SCOUT<\/h2>\n\n\n\n<p><a href=\"https:\/\/www.standardof.net\/wp-content\/uploads\/2011\/10\/SupremeCommander-2011-10-15-09-48-22-10.png\" class=\"rank-math-link\" target=\"_blank\" rel=\"noopener\"><\/a>L&#039;Air Scout \u00e8 estremamente economico, ed \u00e8 questa virt\u00f9 che lo rende utile. Mentre un intercettore si spinge spesso pi\u00f9 lontano in una base nemica, un singolo esploratore aereo nella coda di costruzione ti consentir\u00e0 di accumulare una serie di esploratori che possono attraversare la mappa alla ricerca di una via leggermente difesa e per esattamente 1 massa al secondo.<\/p>\n\n\n\n<div class=\"wp-block-image\"><figure class=\"aligncenter size-large\"><a href=\"https:\/\/supcom.standardof.net\/it\/supreme-commander\/uef\/tech-1-uef-air-units\/hummingbird-air-scout-supreme-commander-uef-air-units-t1\/\"><img decoding=\"async\" width=\"549\" height=\"396\" src=\"https:\/\/supcom.standardof.net\/wp-content\/uploads\/sites\/8\/2020\/11\/HUMMINGBIRD-AIR-SCOUT-Supreme-Commander-UEF-Air-Units-T1.jpg\" alt=\"L&#039;Hummingbird Air Scout, unit\u00e0 aerea UEF Tech 1 in Supreme Commander.\" class=\"wp-image-358\" srcset=\"https:\/\/supcom.standardof.net\/wp-content\/uploads\/sites\/8\/2020\/11\/HUMMINGBIRD-AIR-SCOUT-Supreme-Commander-UEF-Air-Units-T1.jpg 549w, https:\/\/supcom.standardof.net\/wp-content\/uploads\/sites\/8\/2020\/11\/HUMMINGBIRD-AIR-SCOUT-Supreme-Commander-UEF-Air-Units-T1-512x369.jpg 512w, https:\/\/supcom.standardof.net\/wp-content\/uploads\/sites\/8\/2020\/11\/HUMMINGBIRD-AIR-SCOUT-Supreme-Commander-UEF-Air-Units-T1-200x144.jpg 200w, https:\/\/supcom.standardof.net\/wp-content\/uploads\/sites\/8\/2020\/11\/HUMMINGBIRD-AIR-SCOUT-Supreme-Commander-UEF-Air-Units-T1-16x12.jpg 16w\" sizes=\"(max-width: 549px) 100vw, 549px\" \/><\/a><figcaption>HUMMINGBIRD - AIR SCOUT<\/figcaption><\/figure><\/div>\n\n\n\n<section class=\"wp-block-uagb-columns uagb-columns__wrap uagb-columns__background-undefined uagb-columns__stack-mobile uagb-columns__valign-undefined uagb-columns__gap-10 alignundefined uagb-block-e43e3233\"><div class=\"uagb-columns__overlay\"><\/div><div class=\"uagb-columns__inner-wrap uagb-columns__columns-2\">\n<div class=\"wp-block-uagb-column uagb-column__wrap uagb-column__background-undefined uagb-block-7711aed0\"><div class=\"uagb-column__overlay\"><\/div><div class=\"uagb-column__inner-wrap\">\n<h3 class=\"wp-block-heading\"><strong><strong>Statistiche Hummingbird<\/strong><\/strong><\/h3>\n\n\n\n<p><strong>Armatura:<\/strong> 5hp (leggero)<br><strong>Costo:<\/strong> M16, E640, T160<br><strong>Intel:<\/strong> vista: 64 (1,25 km)<br><strong>Fisica:<\/strong><br>&nbsp;&nbsp;&nbsp; velocit\u00e0 massima: 17 (332 m \/ s)<br>&nbsp;&nbsp;&nbsp; velocit\u00e0 di rotazione: 100<br>&nbsp;&nbsp;&nbsp; altitudine: 20 (391m)<br><strong>Classe di trasporto:<\/strong> 1<br><strong>Anzianit\u00e0:<\/strong> N \/ A<br><em>* livello veterano 2: +1 hp<br>* livello veterano 4: +1 hp<br>* livello veterano 5: ripara 1 hp \/ s<\/em><\/p>\n<\/div><\/div>\n\n\n\n<div class=\"wp-block-uagb-column uagb-column__wrap uagb-column__background-undefined uagb-block-622c3a00\"><div class=\"uagb-column__overlay\"><\/div><div class=\"uagb-column__inner-wrap\">\n<h3 class=\"wp-block-heading\"><strong>Armi colibr\u00ec<\/strong><\/h3>\n\n\n\n<p><strong>Air Crash (Death)<br><\/strong>&nbsp;&nbsp;&nbsp; 10 danni<br><strong>la zona:<\/strong> 1 (19,5 m)<\/p>\n<\/div><\/div>\n<\/div><\/section>\n<\/div><\/div>\n<\/div><\/section>\n\n\n\n<section class=\"wp-block-uagb-columns uagb-columns__wrap uagb-columns__background-undefined uagb-columns__stack-mobile uagb-columns__valign-undefined uagb-columns__gap-10 alignundefined uagb-block-20626537\"><div class=\"uagb-columns__overlay\"><\/div><div class=\"uagb-columns__inner-wrap uagb-columns__columns-1\">\n<div class=\"wp-block-uagb-column uagb-column__wrap uagb-column__background-undefined uagb-block-cbe59b26\"><div class=\"uagb-column__overlay\"><\/div><div class=\"uagb-column__inner-wrap\">\n<h2 class=\"wp-block-heading\"><strong>CICLONE<\/strong> - INTERCETTORE<\/h2>\n\n\n\n<p><a href=\"https:\/\/www.standardof.net\/wp-content\/uploads\/2011\/10\/SupremeCommander-2011-10-15-09-48-48-76.png\" class=\"rank-math-link\" target=\"_blank\" rel=\"noopener\"><\/a>Gli intercettori sono il pane quotidiano della tua difesa aerea. Sono veloci, efficaci ed economici, il che significa che puoi impostare gli ingegneri per costruire di pi\u00f9 senza dover mettere in pausa gli altri tuoi progetti. Consiglio di avere una Air Factory impostata per costruire infiniti intercettori per l&#039;intero gioco.<\/p>\n\n\n\n<div class=\"wp-block-image\"><figure class=\"aligncenter size-large\"><a href=\"https:\/\/supcom.standardof.net\/it\/supreme-commander\/uef\/tech-1-uef-air-units\/cyclone-interceptor-supreme-commander-uef-air-units-t1\/\"><img decoding=\"async\" width=\"468\" height=\"399\" src=\"https:\/\/supcom.standardof.net\/wp-content\/uploads\/sites\/8\/2020\/11\/CYCLONE-INTERCEPTOR-Supreme-Commander-UEF-Air-Units-T1.jpg\" alt=\"Il Cyclone Interceptor, unit\u00e0 aerea UEF Tech 1 in Supreme Commander.\" class=\"wp-image-357\" srcset=\"https:\/\/supcom.standardof.net\/wp-content\/uploads\/sites\/8\/2020\/11\/CYCLONE-INTERCEPTOR-Supreme-Commander-UEF-Air-Units-T1.jpg 468w, https:\/\/supcom.standardof.net\/wp-content\/uploads\/sites\/8\/2020\/11\/CYCLONE-INTERCEPTOR-Supreme-Commander-UEF-Air-Units-T1-200x171.jpg 200w, https:\/\/supcom.standardof.net\/wp-content\/uploads\/sites\/8\/2020\/11\/CYCLONE-INTERCEPTOR-Supreme-Commander-UEF-Air-Units-T1-14x12.jpg 14w\" sizes=\"(max-width: 468px) 100vw, 468px\" \/><\/a><figcaption>CICLONE - INTERCETTORE<\/figcaption><\/figure><\/div>\n\n\n\n<section class=\"wp-block-uagb-columns uagb-columns__wrap uagb-columns__background-undefined uagb-columns__stack-mobile uagb-columns__valign-undefined uagb-columns__gap-10 alignundefined uagb-block-1572417c\"><div class=\"uagb-columns__overlay\"><\/div><div class=\"uagb-columns__inner-wrap uagb-columns__columns-2\">\n<div class=\"wp-block-uagb-column uagb-column__wrap uagb-column__background-undefined uagb-block-aa8f5d3f\"><div class=\"uagb-column__overlay\"><\/div><div class=\"uagb-column__inner-wrap\">\n<h3 class=\"wp-block-heading\"><strong>Statistiche ciclone<\/strong><\/h3>\n\n\n\n<p><strong>Armatura:<\/strong> 20 CV (leggero)<br><strong>Costo:<\/strong> M38, E2280, T380<br><strong>Intel: <\/strong>vista: 32 (625 m)<br><strong>Fisica<\/strong><br>&nbsp;&nbsp;&nbsp; velocit\u00e0 massima: 19 (371 m \/ s)<br>&nbsp;&nbsp;&nbsp; altitudine: 18 (352m)<br>&nbsp;&nbsp;&nbsp; ingaggio distanza: 50 (977m)<br><strong>Classe di trasporto:<\/strong> 1<br><strong>Anzianit\u00e0:<\/strong> 5, 10, 25, 50, 100 uccisioni<br><em>* livello veterano 2: +5 hp<br>* livello veterano 4: +5 hp<br>* livello veterano 5: ripara 1 hp \/ s<\/em><\/p>\n<\/div><\/div>\n\n\n\n<div class=\"wp-block-uagb-column uagb-column__wrap uagb-column__background-undefined uagb-block-32103de6\"><div class=\"uagb-column__overlay\"><\/div><div class=\"uagb-column__inner-wrap\">\n<h3 class=\"wp-block-heading\"><strong><strong>Armi ciclone<\/strong><\/strong><\/h3>\n\n\n\n<p><strong>Cannone a rotaia collegato (anti-aria)<\/strong><br>&nbsp;&nbsp;&nbsp; 20,00 dps<br><strong>gamma:<\/strong> 20 (391 m)<br><strong>arma a proiettile:<\/strong> 20 danni<br><strong>velocit\u00e0 di fuoco:<\/strong> 1 (ogni 1 s)<br><em>* livello veterano 1: +5 danni<br>* livello veterano 3: +5 danni<br><\/em><br><strong>Air Crash (Death)<\/strong><br>&nbsp;&nbsp;&nbsp; 25 danni<br><strong>la zona:<\/strong> 1 (19,5 m)<\/p>\n<\/div><\/div>\n<\/div><\/section>\n<\/div><\/div>\n<\/div><\/section>\n\n\n\n<section class=\"wp-block-uagb-columns uagb-columns__wrap uagb-columns__background-undefined uagb-columns__stack-mobile uagb-columns__valign-undefined uagb-columns__gap-10 alignundefined uagb-block-deca317d\"><div class=\"uagb-columns__overlay\"><\/div><div class=\"uagb-columns__inner-wrap uagb-columns__columns-1\">\n<div class=\"wp-block-uagb-column uagb-column__wrap uagb-column__background-undefined uagb-block-3a298cc3\"><div class=\"uagb-column__overlay\"><\/div><div class=\"uagb-column__inner-wrap\">\n<h2 class=\"wp-block-heading\"><strong>SCORCHER<\/strong> - ATTACCO BOMBER<\/h2>\n\n\n\n<p><a href=\"https:\/\/www.standardof.net\/wp-content\/uploads\/2011\/10\/SupremeCommander-2011-10-15-09-49-06-02.png\" class=\"rank-math-link\" target=\"_blank\" rel=\"noopener\"><\/a>L&#039;attentatore dell&#039;UEF va benissimo per quello che fa: creare una minaccia precoce che costringe l&#039;avversario a inviare i suoi intercettori. Se non hai il respiro per aggiornare la tua fabbrica aerea a livelli elevati, puoi produrre grandi pacchetti di bombardieri che trasformano un attacco fallito al Comandante in un successo. Assicurati solo di non inviarli attraverso alcun tipo di difesa aerea superiore alle torrette T1 o all&#039;antiaereo mobile Cybran.<\/p>\n\n\n\n<div class=\"wp-block-image\"><figure class=\"aligncenter size-large\"><a href=\"https:\/\/supcom.standardof.net\/it\/supreme-commander\/uef\/tech-1-uef-air-units\/scorcher-attack-bomber-supreme-commander-uef-air-units-t1\/\"><img decoding=\"async\" width=\"471\" height=\"429\" src=\"https:\/\/supcom.standardof.net\/wp-content\/uploads\/sites\/8\/2020\/11\/SCORCHER-ATTACK-BOMBER-Supreme-Commander-UEF-Air-Units-T1.jpg\" alt=\"Lo Scorcher Attack Bomber, unit\u00e0 aerea UEF Tech 1 in Supreme Commander.\" class=\"wp-image-359\" srcset=\"https:\/\/supcom.standardof.net\/wp-content\/uploads\/sites\/8\/2020\/11\/SCORCHER-ATTACK-BOMBER-Supreme-Commander-UEF-Air-Units-T1.jpg 471w, https:\/\/supcom.standardof.net\/wp-content\/uploads\/sites\/8\/2020\/11\/SCORCHER-ATTACK-BOMBER-Supreme-Commander-UEF-Air-Units-T1-200x182.jpg 200w, https:\/\/supcom.standardof.net\/wp-content\/uploads\/sites\/8\/2020\/11\/SCORCHER-ATTACK-BOMBER-Supreme-Commander-UEF-Air-Units-T1-13x12.jpg 13w\" sizes=\"(max-width: 471px) 100vw, 471px\" \/><\/a><figcaption>SCORCHER - ATTACCO BOMBER<\/figcaption><\/figure><\/div>\n\n\n\n<section class=\"wp-block-uagb-columns uagb-columns__wrap uagb-columns__background-undefined uagb-columns__stack-mobile uagb-columns__valign-undefined uagb-columns__gap-10 alignundefined uagb-block-c3e829e9\"><div class=\"uagb-columns__overlay\"><\/div><div class=\"uagb-columns__inner-wrap uagb-columns__columns-2\">\n<div class=\"wp-block-uagb-column uagb-column__wrap uagb-column__background-undefined uagb-block-8a5f4917\"><div class=\"uagb-column__overlay\"><\/div><div class=\"uagb-column__inner-wrap\">\n<h3 class=\"wp-block-heading\"><strong>Statistiche Scorcher<\/strong><\/h3>\n\n\n\n<p><strong>Armatura:<\/strong> 20 CV (leggero)<br><strong>Costo:<\/strong> M144, E2880, T480<br><strong>Intel:<\/strong> vista: 32 (625 m)<br><strong>Fisica<\/strong>&nbsp;<br>&nbsp;&nbsp;&nbsp; velocit\u00e0 massima: 12 (234m \/ s)<br>&nbsp;&nbsp;&nbsp; altitudine: 18 (352m)<br>&nbsp;&nbsp;&nbsp; ingaggio distanza: 50 (977m)<br><strong>Classe di trasporto:<\/strong> 2<br><strong>Anzianit\u00e0:<\/strong> 5, 10, 25, 50, 100 uccisioni<br><em>* livello veterano 2: +5 hp,<br>* livello veterano 4: +5 hp,<br>* livello veterano 5: ripara 1 hp \/ s<\/em><\/p>\n<\/div><\/div>\n\n\n\n<div class=\"wp-block-uagb-column uagb-column__wrap uagb-column__background-undefined uagb-block-6942040a\"><div class=\"uagb-column__overlay\"><\/div><div class=\"uagb-column__inner-wrap\">\n<h3 class=\"wp-block-heading\"><strong>Armi Scorcher<\/strong><\/h3>\n\n\n\n<p><strong>Napalm Carpet Bomb (Bomb)<br><\/strong>&nbsp;&nbsp;&nbsp;&nbsp; 150,00 dps<br><strong>la zona:<\/strong> 2,5 (48,8 m)<br><strong>gamma:<\/strong> 3 (58,6 m)<br><strong>arma a proiettile:<\/strong> 60<br>&nbsp;&nbsp;&nbsp;&nbsp; ((15 x 4) \/ 2 secondi) x 5<br>proiettili = 300 danni per salva<br><strong>velocit\u00e0 di fuoco:<\/strong> 0,5 (ogni 2 s)<br><em><em>* livello veterano 1: +15 danni<br>* livello veterano 3: +15 danni<\/em><\/em><\/p>\n\n\n\n<p><strong>Air Crash (Death)<br><\/strong>100 danni<br>area: 1 (19,5 m)<\/p>\n<\/div><\/div>\n<\/div><\/section>\n<\/div><\/div>\n<\/div><\/section>\n\n\n\n<section class=\"wp-block-uagb-columns uagb-columns__wrap uagb-columns__background-undefined uagb-columns__stack-mobile uagb-columns__valign-undefined uagb-columns__gap-10 alignundefined uagb-block-b33104ce\"><div class=\"uagb-columns__overlay\"><\/div><div class=\"uagb-columns__inner-wrap uagb-columns__columns-1\">\n<div class=\"wp-block-uagb-column uagb-column__wrap uagb-column__background-undefined uagb-block-aa745f43\"><div class=\"uagb-column__overlay\"><\/div><div class=\"uagb-column__inner-wrap\">\n<h2 class=\"wp-block-heading\"><strong>C-6 CORRIERE<\/strong> - TRASPORTO AEREO LEGGERO<\/h2>\n\n\n\n<p><a href=\"https:\/\/www.standardof.net\/wp-content\/uploads\/2011\/10\/SupremeCommander-2011-10-15-09-49-31-63.png\" class=\"rank-math-link\" target=\"_blank\" rel=\"noopener\"><\/a>Il vantaggio di avere un trasporto aereo anticipato \u00e8 duplice: puoi trasportare in aereo i tuoi robot d&#039;assalto e avere una cannoniera volante per uccidere le forze T1 nemiche, oppure puoi effettuare lanci pi\u00f9 pericolosi di unit\u00e0 o ingegneri dietro le linee nemiche. Non fare affidamento su di loro per vivere oltre una goccia, per\u00f2; sono principalmente l\u00ec per incutere la paura nei cuori dei tuoi nemici piuttosto che per consegnare effettivamente la vittoria. Trasporta 6 unit\u00e0 T1, 3 unit\u00e0 T2 o 1 unit\u00e0 T3.<\/p>\n\n\n\n<div class=\"wp-block-image\"><figure class=\"aligncenter size-large\"><a href=\"https:\/\/supcom.standardof.net\/it\/supreme-commander\/uef\/tech-1-uef-air-units\/c-6-courier-light-air-transport-supreme-commander-uef-air-units-t1\/\"><img decoding=\"async\" width=\"645\" height=\"471\" src=\"https:\/\/supcom.standardof.net\/wp-content\/uploads\/sites\/8\/2020\/11\/C-6-COURIER-LIGHT-AIR-TRANSPORT-Supreme-Commander-UEF-Air-Units-T1.jpg\" alt=\"Il C-6 Courier Light Air Transport, unit\u00e0 aerea UEF Tech 1 in Supreme Commander.\" class=\"wp-image-356\" srcset=\"https:\/\/supcom.standardof.net\/wp-content\/uploads\/sites\/8\/2020\/11\/C-6-COURIER-LIGHT-AIR-TRANSPORT-Supreme-Commander-UEF-Air-Units-T1.jpg 645w, https:\/\/supcom.standardof.net\/wp-content\/uploads\/sites\/8\/2020\/11\/C-6-COURIER-LIGHT-AIR-TRANSPORT-Supreme-Commander-UEF-Air-Units-T1-512x374.jpg 512w, https:\/\/supcom.standardof.net\/wp-content\/uploads\/sites\/8\/2020\/11\/C-6-COURIER-LIGHT-AIR-TRANSPORT-Supreme-Commander-UEF-Air-Units-T1-200x146.jpg 200w, https:\/\/supcom.standardof.net\/wp-content\/uploads\/sites\/8\/2020\/11\/C-6-COURIER-LIGHT-AIR-TRANSPORT-Supreme-Commander-UEF-Air-Units-T1-16x12.jpg 16w\" sizes=\"(max-width: 645px) 100vw, 645px\" \/><\/a><figcaption>C-6 CORRIERE - TRASPORTO AEREO LEGGERO<\/figcaption><\/figure><\/div>\n\n\n\n<section class=\"wp-block-uagb-columns uagb-columns__wrap uagb-columns__background-undefined uagb-columns__stack-mobile uagb-columns__valign-undefined uagb-columns__gap-10 alignundefined uagb-block-033bc4c7\"><div class=\"uagb-columns__overlay\"><\/div><div class=\"uagb-columns__inner-wrap uagb-columns__columns-2\">\n<div class=\"wp-block-uagb-column uagb-column__wrap uagb-column__background-undefined uagb-block-16427f4b\"><div class=\"uagb-column__overlay\"><\/div><div class=\"uagb-column__inner-wrap\">\n<h3 class=\"wp-block-heading\"><strong>Corriere C-6<\/strong><strong>Statistiche<\/strong><\/h3>\n\n\n\n<p><strong>Armatura:<\/strong> 90 CV (leggero)<br><strong>Abilit\u00e0:<\/strong> Trasporto T1 (trasporta unit\u00e0 terrestri T1-T3)<br><strong>Costo:<\/strong> M120, E4800, T600<br><strong>Intel:<\/strong> vista: 32 (625 m)<br><strong>Fisica<\/strong><br>velocit\u00e0 massima: 15 (293 m \/ s)<br>altitudine: 10 (195m)<br><strong>Classe di trasporto:<\/strong> 10<br>dimensione allegare classe 2: 2<br>dimensione allegato classe 3: 4<br><strong>Anzianit\u00e0:<\/strong> N \/ A<br><em>* livello veterano 2: +23 hp<br>* livello veterano 4: +23 hp<br>* livello veterano 5: ripara 1 hp \/ s<\/em><\/p>\n<\/div><\/div>\n\n\n\n<div class=\"wp-block-uagb-column uagb-column__wrap uagb-column__background-undefined uagb-block-b558bf7e\"><div class=\"uagb-column__overlay\"><\/div><div class=\"uagb-column__inner-wrap\"><\/div><\/div>\n<\/div><\/section>\n<\/div><\/div>\n<\/div><\/section>","protected":false},"excerpt":{"rendered":"<p>HUMMINGBIRD &#8211; AIR SCOUT The Air Scout is extremely inexpensive, and it&#8217;s this virtue that makes it useful. While an interceptor will often get farther into an enemy base, a single air scout in your build queue will let you stockpile a set of scouts that can crisscross the map looking for a lightly defended [&hellip;]<\/p>","protected":false},"author":1,"featured_media":0,"parent":231,"menu_order":0,"comment_status":"open","ping_status":"closed","template":"","meta":{"_uag_custom_page_level_css":"","site-sidebar-layout":"default","site-content-layout":"default","ast-site-content-layout":"","site-content-style":"default","site-sidebar-style":"default","ast-global-header-display":"","ast-banner-title-visibility":"","ast-main-header-display":"","ast-hfb-above-header-display":"","ast-hfb-below-header-display":"","ast-hfb-mobile-header-display":"","site-post-title":"","ast-breadcrumbs-content":"","ast-featured-img":"","footer-sml-layout":"","theme-transparent-header-meta":"default","adv-header-id-meta":"","stick-header-meta":"","header-above-stick-meta":"","header-main-stick-meta":"","header-below-stick-meta":"","astra-migrate-meta-layouts":"default","ast-page-background-enabled":"default","ast-page-background-meta":{"desktop":{"background-color":"","background-image":"","background-repeat":"repeat","background-position":"center center","background-size":"auto","background-attachment":"scroll","background-type":"","background-media":"","overlay-type":"","overlay-color":"","overlay-gradient":""},"tablet":{"background-color":"","background-image":"","background-repeat":"repeat","background-position":"center center","background-size":"auto","background-attachment":"scroll","background-type":"","background-media":"","overlay-type":"","overlay-color":"","overlay-gradient":""},"mobile":{"background-color":"","background-image":"","background-repeat":"repeat","background-position":"center center","background-size":"auto","background-attachment":"scroll","background-type":"","background-media":"","overlay-type":"","overlay-color":"","overlay-gradient":""}},"ast-content-background-meta":{"desktop":{"background-color":"var(--ast-global-color-5)","background-image":"","background-repeat":"repeat","background-position":"center center","background-size":"auto","background-attachment":"scroll","background-type":"","background-media":"","overlay-type":"","overlay-color":"","overlay-gradient":""},"tablet":{"background-color":"var(--ast-global-color-5)","background-image":"","background-repeat":"repeat","background-position":"center center","background-size":"auto","background-attachment":"scroll","background-type":"","background-media":"","overlay-type":"","overlay-color":"","overlay-gradient":""},"mobile":{"background-color":"var(--ast-global-color-5)","background-image":"","background-repeat":"repeat","background-position":"center center","background-size":"auto","background-attachment":"scroll","background-type":"","background-media":"","overlay-type":"","overlay-color":"","overlay-gradient":""}},"footnotes":""},"uagb_featured_image_src":{"full":false,"thumbnail":false,"medium":false,"medium_large":false,"large":false,"1536x1536":false,"2048x2048":false,"trp-custom-language-flag":false},"uagb_author_info":{"display_name":"SOE","author_link":"https:\/\/supcom.standardof.net\/it\/author\/k-tastic\/"},"uagb_comment_info":0,"uagb_excerpt":"HUMMINGBIRD &#8211; AIR SCOUT The Air Scout is extremely inexpensive, and it&#8217;s this virtue that makes it useful. While an interceptor will often get farther into an enemy base, a single air scout in your build queue will let you stockpile a set of scouts that can crisscross the map looking for a lightly defended&hellip;","_links":{"self":[{"href":"https:\/\/supcom.standardof.net\/it\/wp-json\/wp\/v2\/pages\/349"}],"collection":[{"href":"https:\/\/supcom.standardof.net\/it\/wp-json\/wp\/v2\/pages"}],"about":[{"href":"https:\/\/supcom.standardof.net\/it\/wp-json\/wp\/v2\/types\/page"}],"author":[{"embeddable":true,"href":"https:\/\/supcom.standardof.net\/it\/wp-json\/wp\/v2\/users\/1"}],"replies":[{"embeddable":true,"href":"https:\/\/supcom.standardof.net\/it\/wp-json\/wp\/v2\/comments?post=349"}],"version-history":[{"count":0,"href":"https:\/\/supcom.standardof.net\/it\/wp-json\/wp\/v2\/pages\/349\/revisions"}],"up":[{"embeddable":true,"href":"https:\/\/supcom.standardof.net\/it\/wp-json\/wp\/v2\/pages\/231"}],"wp:attachment":[{"href":"https:\/\/supcom.standardof.net\/it\/wp-json\/wp\/v2\/media?parent=349"}],"curies":[{"name":"wp","href":"https:\/\/api.w.org\/{rel}","templated":true}]}}