{"id":361,"date":"2020-11-01T13:18:52","date_gmt":"2020-11-01T18:18:52","guid":{"rendered":"https:\/\/supcom.standardof.net\/?page_id=361"},"modified":"2020-11-03T23:06:38","modified_gmt":"2020-11-04T04:06:38","slug":"tech-2-uef-air-units","status":"publish","type":"page","link":"https:\/\/supcom.standardof.net\/it\/supreme-commander\/uef\/tech-2-uef-air-units\/","title":{"rendered":"Tech 2 - Unit\u00e0 aeree UEF"},"content":{"rendered":"<div class=\"wp-block-uagb-table-of-contents uagb-toc__align-left uagb-toc__columns-1  uagb-block-6abf06a5\"\n\t\t\t\t\tdata-scroll= \"1\"\n\t\t\t\t\tdata-offset= \"30\"\n\t\t\t\t\tstyle=\"\"\n\t\t\t\t>\n\t\t\t\t<div class=\"uagb-toc__wrap\">\n\t\t\t\t\t\t<div class=\"uagb-toc__title\">\n\t\t\t\t\t\t\tUnit\u00e0 aeree UEF Tech 2:\t\t\t\t\t\t<\/div>\n\t\t\t\t\t\t\t\t\t\t\t\t\t\t\t\t<div class=\"uagb-toc__list-wrap\">\n\t\t\t\t\t\t<ol class=\"uagb-toc__list\"><li class=\"uagb-toc__list\"><a href=\"#janus-bomber\" class=\"uagb-toc-link__trigger\">JANUS - BOMBER<\/a><li class=\"uagb-toc__list\"><a href=\"#stork-torpedo-bomber\" class=\"uagb-toc-link__trigger\">CICOGNA - BOMBER TORPEDO<\/a><li class=\"uagb-toc__list\"><a href=\"#stinger-gunship\" class=\"uagb-toc-link__trigger\">STINGER - GUNSHIP<\/a><li class=\"uagb-toc__list\"><a href=\"#c14-star-lifter-air-transport\" class=\"uagb-toc-link__trigger\">C14 STAR LIFTER - TRASPORTO AEREO<\/a><\/ol>\t\t\t\t\t<\/div>\n\t\t\t\t\t\t\t\t\t<\/div>\n\t\t\t\t<\/div>\n\t\t\t\n\n\n<section class=\"wp-block-uagb-columns uagb-columns__wrap uagb-columns__background-undefined uagb-columns__stack-mobile uagb-columns__valign-undefined uagb-columns__gap-10 alignundefined uagb-block-d240b4ac\"><div class=\"uagb-columns__overlay\"><\/div><div class=\"uagb-columns__inner-wrap uagb-columns__columns-1\">\n<div class=\"wp-block-uagb-column uagb-column__wrap uagb-column__background-undefined uagb-block-abd247f3\"><div class=\"uagb-column__overlay\"><\/div><div class=\"uagb-column__inner-wrap\">\n<h2 class=\"wp-block-heading\"><strong>JANUS<\/strong> - BOMBER<\/h2>\n\n\n\n<p><a href=\"https:\/\/www.standardof.net\/wp-content\/uploads\/2011\/10\/SupremeCommander-2011-10-15-14-16-50-12.png\" class=\"rank-math-link\" target=\"_blank\" rel=\"noopener\"><\/a>Il Janus occupa una nicchia molto piccola: usa la tua superiorit\u00e0 aerea per uccidere unit\u00e0 di terra quando non hai ancora bisogno di bombardieri strategici T3. Sono pi\u00f9 potenti delle cannoniere, ma il loro ampio arco dopo aver sparato con il napalm significa che verranno masticati dalla difesa aerea proprio come i bombardieri T1. Se il tuo avversario non riesce a tenere in aria i suoi intercettori, costruisci alcuni di questi finch\u00e9 non costruisce pi\u00f9 combattenti.<br><em>* Questa unit\u00e0 \u00e8 stata aggiunta in una patch *<\/em><\/p>\n\n\n\n<div class=\"wp-block-image\"><figure class=\"aligncenter size-large\"><a href=\"https:\/\/supcom.standardof.net\/it\/supreme-commander\/uef\/tech-2-uef-air-units\/janus-bomber-supreme-commander-uef-air-units-t2\/\"><img decoding=\"async\" width=\"492\" height=\"447\" src=\"https:\/\/supcom.standardof.net\/wp-content\/uploads\/sites\/8\/2020\/11\/JANUS-BOMBER-Supreme-Commander-UEF-Air-Units-T2.jpg\" alt=\"Il bombardiere Janus, unit\u00e0 aerea UEF Tech 2 in Supreme Commander.\" class=\"wp-image-365\" srcset=\"https:\/\/supcom.standardof.net\/wp-content\/uploads\/sites\/8\/2020\/11\/JANUS-BOMBER-Supreme-Commander-UEF-Air-Units-T2.jpg 492w, https:\/\/supcom.standardof.net\/wp-content\/uploads\/sites\/8\/2020\/11\/JANUS-BOMBER-Supreme-Commander-UEF-Air-Units-T2-200x182.jpg 200w, https:\/\/supcom.standardof.net\/wp-content\/uploads\/sites\/8\/2020\/11\/JANUS-BOMBER-Supreme-Commander-UEF-Air-Units-T2-13x12.jpg 13w\" sizes=\"(max-width: 492px) 100vw, 492px\" \/><\/a><figcaption>JANUS - BOMBER<\/figcaption><\/figure><\/div>\n\n\n\n<section class=\"wp-block-uagb-columns uagb-columns__wrap uagb-columns__background-undefined uagb-columns__stack-mobile uagb-columns__valign-undefined uagb-columns__gap-10 alignundefined uagb-block-d06f575f\"><div class=\"uagb-columns__overlay\"><\/div><div class=\"uagb-columns__inner-wrap uagb-columns__columns-2\">\n<div class=\"wp-block-uagb-column uagb-column__wrap uagb-column__background-undefined uagb-block-374152b0\"><div class=\"uagb-column__overlay\"><\/div><div class=\"uagb-column__inner-wrap\">\n<h3 class=\"wp-block-heading\">Janus Stats<\/h3>\n\n\n\n<p><strong>Armatura:<\/strong> 75 CV (leggero)<br><strong>Costo:<\/strong> M432, E8640, T1440<br><strong>Intel:<\/strong> vista: 32 (625 m)<br><strong>Fisica<\/strong><br>velocit\u00e0 massima: 12 (234m \/ s)<br>altitudine: 18 (352m)<br>ingaggio distanza: 50 (977m)<br>velocit\u00e0 di rotazione: 0.6<br><strong>Classe di trasporto:<\/strong> 3<br><strong>Anzianit\u00e0:<\/strong> 5, 10, 25, 50, 100 uccisioni<br><em>* livello veterano 2: +19 hp<br>* livello veterano 4: +19 hp<br>* livello veterano 5: ripara 1 hp \/ s<\/em><\/p>\n<\/div><\/div>\n\n\n\n<div class=\"wp-block-uagb-column uagb-column__wrap uagb-column__background-undefined uagb-block-285df0be\"><div class=\"uagb-column__overlay\"><\/div><div class=\"uagb-column__inner-wrap\">\n<h3 class=\"wp-block-heading\">Janus Weapons<\/h3>\n\n\n\n<p><strong>Bomba a tappeto al napalm<\/strong><br><em>(Normale)<\/em><br>480,00 dps,<br><strong>la zona:<\/strong> 2,5 (48,8 m)<br><strong>gamma:<\/strong> 40 (781 m)<br><strong>arma a proiettile:<\/strong> Danno 15 \u00d7 8 su proiettili 1s x 8 = 960 danni<br><strong>velocit\u00e0 di fuoco:<\/strong> 0,5 (ogni 2 s)<br><em>* livello veterano 1: +30 danni<br>* livello veterano 3: +30 danni<\/em><\/p>\n\n\n\n<p><strong>Incidente aereo<br><\/strong><em>(Morte)<\/em><br>200 danni<br><strong>la zona:<\/strong> 1 (19,5 m)<\/p>\n<\/div><\/div>\n<\/div><\/section>\n<\/div><\/div>\n<\/div><\/section>\n\n\n\n<section class=\"wp-block-uagb-columns uagb-columns__wrap uagb-columns__background-undefined uagb-columns__stack-mobile uagb-columns__valign-undefined uagb-columns__gap-10 alignundefined uagb-block-e495a760\"><div class=\"uagb-columns__overlay\"><\/div><div class=\"uagb-columns__inner-wrap uagb-columns__columns-1\">\n<div class=\"wp-block-uagb-column uagb-column__wrap uagb-column__background-undefined uagb-block-bb0800dc\"><div class=\"uagb-column__overlay\"><\/div><div class=\"uagb-column__inner-wrap\">\n<h2 class=\"wp-block-heading\"><strong>CICOGNA <\/strong>- BOMBER TORPEDO<\/h2>\n\n\n\n<p><a href=\"https:\/\/www.standardof.net\/wp-content\/uploads\/2011\/10\/SupremeCommander-2011-10-15-14-16-04-48.png\" class=\"rank-math-link\" target=\"_blank\" rel=\"noopener\"><\/a>Gli aerosiluranti sono quasi inutili. Costano un sacco di massa per un&#039;unit\u00e0 che sta intraprendendo una missione suicida comunque (poich\u00e9 la maggior parte delle navi ha difese aeree decenti), il loro siluro pu\u00f2 essere abbattuto dalle navi nemiche e la loro traiettoria di volo simile a un bombardiere li rende pi\u00f9 propensi a deviare in la base nemica di una cannoniera. Se non riesci a trovare un punto d&#039;appoggio nell&#039;oceano e hai bisogno di ripulire i branchi da caccia subacquea, creane una dozzina; in caso contrario, attenersi alle cannoniere.<\/p>\n\n\n\n<div class=\"wp-block-image\"><figure class=\"aligncenter size-large\"><a href=\"https:\/\/supcom.standardof.net\/it\/supreme-commander\/uef\/tech-2-uef-air-units\/stork-torpedo-bomber-supreme-commander-uef-air-units-t2\/\"><img decoding=\"async\" width=\"519\" height=\"285\" src=\"https:\/\/supcom.standardof.net\/wp-content\/uploads\/sites\/8\/2020\/11\/STORK-TORPEDO-BOMBER-Supreme-Commander-UEF-Air-Units-T2.jpg\" alt=\"Lo Stork Torpedo Bomber, unit\u00e0 aerea UEF Tech 2 in Supreme Commander.\" class=\"wp-image-363\" srcset=\"https:\/\/supcom.standardof.net\/wp-content\/uploads\/sites\/8\/2020\/11\/STORK-TORPEDO-BOMBER-Supreme-Commander-UEF-Air-Units-T2.jpg 519w, https:\/\/supcom.standardof.net\/wp-content\/uploads\/sites\/8\/2020\/11\/STORK-TORPEDO-BOMBER-Supreme-Commander-UEF-Air-Units-T2-512x281.jpg 512w, https:\/\/supcom.standardof.net\/wp-content\/uploads\/sites\/8\/2020\/11\/STORK-TORPEDO-BOMBER-Supreme-Commander-UEF-Air-Units-T2-200x110.jpg 200w, https:\/\/supcom.standardof.net\/wp-content\/uploads\/sites\/8\/2020\/11\/STORK-TORPEDO-BOMBER-Supreme-Commander-UEF-Air-Units-T2-16x9.jpg 16w\" sizes=\"(max-width: 519px) 100vw, 519px\" \/><\/a><figcaption>CICOGNA - BOMBER TORPEDO<\/figcaption><\/figure><\/div>\n\n\n\n<section class=\"wp-block-uagb-columns uagb-columns__wrap uagb-columns__background-undefined uagb-columns__stack-mobile uagb-columns__valign-undefined uagb-columns__gap-10 alignundefined uagb-block-f799f4cf\"><div class=\"uagb-columns__overlay\"><\/div><div class=\"uagb-columns__inner-wrap uagb-columns__columns-2\">\n<div class=\"wp-block-uagb-column uagb-column__wrap uagb-column__background-undefined uagb-block-b7e3d7a8\"><div class=\"uagb-column__overlay\"><\/div><div class=\"uagb-column__inner-wrap\">\n<h3 class=\"wp-block-heading\">Stork Stats<\/h3>\n\n\n\n<p><strong>Armatura:<\/strong> 130 CV (leggero)<br><strong>Abilit\u00e0:<\/strong> Sonar<br><strong>Costo:<\/strong> M600, E6300, T1000<br><strong>Intel:<\/strong> vista: 32 (625 m)<br>sonar: 40 (781 m)<br><strong>Fisica<\/strong><br>velocit\u00e0 massima: 15 (293 m \/ s)<br>altitudine: 18 (352m)<br>distanza di ingaggio: 75 (1,46 km)<br><strong>Classe di trasporto:<\/strong> 2<br><strong>Anzianit\u00e0:<\/strong> 15, 30, 75, 150, 300 uccisioni<br><em>* livello veterano 2: +33 hp<br>* livello veterano 4: +33 hp<br>* livello veterano 5: ripara 1 hp \/ s<\/em><\/p>\n<\/div><\/div>\n\n\n\n<div class=\"wp-block-uagb-column uagb-column__wrap uagb-column__background-undefined uagb-block-1b2144b2\"><div class=\"uagb-column__overlay\"><\/div><div class=\"uagb-column__inner-wrap\">\n<h3 class=\"wp-block-heading\">Armi di cicogna<\/h3>\n\n\n\n<p><strong>Siluro del pescatore<\/strong><br><em>(Anti Navy)<\/em><br>130,00 dps<br><strong>gamma:<\/strong> 4 (78,1 m) - 19 (371 m)<br><strong>arma a proiettile:<\/strong> 650 danni<br><strong>velocit\u00e0 di fuoco:<\/strong> 0,2 (ogni 5 s),<br><strong>sparare casualit\u00e0:<\/strong> 3<br><em>* livello veterano 1: +163 danni<br>* livello veterano 3: +163 danni<\/em><\/p>\n\n\n\n<p><strong>Incidente aereo<\/strong><br><em>(Morte)<br><\/em>&nbsp;&nbsp;&nbsp;&nbsp;&nbsp; 150 danni<br><strong>la zona:<\/strong> 1 (19,5 m)<\/p>\n<\/div><\/div>\n<\/div><\/section>\n<\/div><\/div>\n<\/div><\/section>\n\n\n\n<section class=\"wp-block-uagb-columns uagb-columns__wrap uagb-columns__background-undefined uagb-columns__stack-mobile uagb-columns__valign-undefined uagb-columns__gap-10 alignundefined uagb-block-43f283a2\"><div class=\"uagb-columns__overlay\"><\/div><div class=\"uagb-columns__inner-wrap uagb-columns__columns-1\">\n<div class=\"wp-block-uagb-column uagb-column__wrap uagb-column__background-undefined uagb-block-d65d52a0\"><div class=\"uagb-column__overlay\"><\/div><div class=\"uagb-column__inner-wrap\">\n<h2 class=\"wp-block-heading\"><strong>STINGER <\/strong>- GUNSHIP<\/h2>\n\n\n\n<p><a href=\"https:\/\/www.standardof.net\/wp-content\/uploads\/2011\/10\/SupremeCommander-2011-10-15-14-16-26-92.png\" class=\"rank-math-link\" target=\"_blank\" rel=\"noopener\"><\/a>Le cannoniere UEF hanno problemi a sparare ad altre unit\u00e0 aeree &quot;a bassa quota&quot; come le cannoniere, ma in cambio possono essere utilizzate al posto dei trasporti aerei se devi solo prendere alcuni ragazzi e metterli gi\u00f9 attraverso un fiume, o se ne hai bisogno pi\u00f9 trasporti e non hai tempo per costruirli. E questo non menziona nemmeno il fatto che sono terrificanti contro avversari impreparati, in grado di masticare le difese aeree del T1 e uccidere l&#039;ACU all&#039;interno. Sono la ragione numero uno per costruire intercettori, in modo che le tue cannoniere possano vagare, costringendo l&#039;avversario a combattere per ogni patch di massa.<\/p>\n\n\n\n<div class=\"wp-block-image\"><figure class=\"aligncenter size-large\"><a href=\"https:\/\/supcom.standardof.net\/it\/supreme-commander\/uef\/tech-2-uef-air-units\/stinger-gunship-supreme-commander-uef-air-units-t2\/\"><img decoding=\"async\" width=\"435\" height=\"357\" src=\"https:\/\/supcom.standardof.net\/wp-content\/uploads\/sites\/8\/2020\/11\/STINGER-GUNSHIP-Supreme-Commander-UEF-Air-Units-T2.jpg\" alt=\"La Stinger Gunship, unit\u00e0 aerea UEF Tech 2 in Supreme Commander.\" class=\"wp-image-366\" srcset=\"https:\/\/supcom.standardof.net\/wp-content\/uploads\/sites\/8\/2020\/11\/STINGER-GUNSHIP-Supreme-Commander-UEF-Air-Units-T2.jpg 435w, https:\/\/supcom.standardof.net\/wp-content\/uploads\/sites\/8\/2020\/11\/STINGER-GUNSHIP-Supreme-Commander-UEF-Air-Units-T2-200x164.jpg 200w, https:\/\/supcom.standardof.net\/wp-content\/uploads\/sites\/8\/2020\/11\/STINGER-GUNSHIP-Supreme-Commander-UEF-Air-Units-T2-16x12.jpg 16w\" sizes=\"(max-width: 435px) 100vw, 435px\" \/><\/a><figcaption>STINGER - GUNSHIP<\/figcaption><\/figure><\/div>\n\n\n\n<section class=\"wp-block-uagb-columns uagb-columns__wrap uagb-columns__background-undefined uagb-columns__stack-mobile uagb-columns__valign-undefined uagb-columns__gap-10 alignundefined uagb-block-bea3076c\"><div class=\"uagb-columns__overlay\"><\/div><div class=\"uagb-columns__inner-wrap uagb-columns__columns-2\">\n<div class=\"wp-block-uagb-column uagb-column__wrap uagb-column__background-undefined uagb-block-f3303a61\"><div class=\"uagb-column__overlay\"><\/div><div class=\"uagb-column__inner-wrap\">\n<h3 class=\"wp-block-heading\">Statistiche Stinger<\/h3>\n\n\n\n<p><strong>Armatura:<\/strong> 120 CV (leggero)<br><strong>Abilit\u00e0:<\/strong> Gancio di trasporto (trasporta un&#039;unit\u00e0 terrestre T1 o T2)<br><strong>Costo:<\/strong> M432, E8640, T1440<br><strong>Intel:<\/strong> vista: 32 (625 m)<br><strong>Fisica<\/strong><br>velocit\u00e0 massima: 12 (234m \/ s)<br>altitudine: 10 (195m)<br><strong>Classe di trasporto:<\/strong> 2<br><strong>Anzianit\u00e0:<\/strong> 15, 30, 75, 150, 300 uccisioni<br><em>* livello veterano 2: +30 hp,<br>* livello veterano 4: +30 hp,<br>* livello veterano 5: ripara 1 hp \/ s<\/em><\/p>\n<\/div><\/div>\n\n\n\n<div class=\"wp-block-uagb-column uagb-column__wrap uagb-column__background-undefined uagb-block-dd17fee9\"><div class=\"uagb-column__overlay\"><\/div><div class=\"uagb-column__inner-wrap\">\n<h3 class=\"wp-block-heading\">Armi stinger<\/h3>\n\n\n\n<p><strong>Hells Fury Antisommossa<br><\/strong><em>(Fuoco diretto)<br><\/em>&nbsp;&nbsp;&nbsp;&nbsp; 72,00 dps<br><strong>gamma:<\/strong> 22 (430 m)<br><strong>arma a proiettile:<\/strong> 24 danni<br><strong>velocit\u00e0 di fuoco:<\/strong> 3 (ogni 0,33 s)<br><em>* livello veterano 1: +6 danni<br>* livello veterano 3: +6 danni<br><\/em><br><strong>Incidente aereo<\/strong><br><em>(Morte)<\/em><br>100 danni<br><strong>la zona:<\/strong> 1 (19,5 m)<\/p>\n<\/div><\/div>\n<\/div><\/section>\n<\/div><\/div>\n<\/div><\/section>\n\n\n\n<section class=\"wp-block-uagb-columns uagb-columns__wrap uagb-columns__background-undefined uagb-columns__stack-mobile uagb-columns__valign-undefined uagb-columns__gap-10 alignundefined uagb-block-b0e6c92f\"><div class=\"uagb-columns__overlay\"><\/div><div class=\"uagb-columns__inner-wrap uagb-columns__columns-1\">\n<div class=\"wp-block-uagb-column uagb-column__wrap uagb-column__background-undefined uagb-block-f309ff6f\"><div class=\"uagb-column__overlay\"><\/div><div class=\"uagb-column__inner-wrap\">\n<h2 class=\"wp-block-heading\"><strong>C14 STAR LIFTER<\/strong> - TRASPORTO AEREO<\/h2>\n\n\n\n<p><a href=\"https:\/\/www.standardof.net\/wp-content\/uploads\/2011\/10\/SupremeCommander-2011-10-15-14-17-18-27.png\" class=\"rank-math-link\" target=\"_blank\" rel=\"noopener\"><\/a>Mentre \u00e8 bello che il trasporto aereo possa difendersi, il suo principale metodo di difesa \u00e8 la sua armatura &quot;pesante&quot;, che gli consente di prendere un paio di colpi dalle difese aeree e di sganciare comunque il carico. Trasportano il doppio delle unit\u00e0 di un trasporto T1: 12 T1, 6 T2, 3 T3 o una ACU \/ SCU. Se il tuo comandante viene trasportato, non morir\u00e0 con il trasporto aereo.<\/p>\n\n\n\n<div class=\"wp-block-image\"><figure class=\"aligncenter size-large\"><a href=\"https:\/\/supcom.standardof.net\/it\/supreme-commander\/uef\/tech-2-uef-air-units\/c14-star-lifter-air-transport-supreme-commander-uef-air-units-t2\/\"><img decoding=\"async\" width=\"630\" height=\"435\" src=\"https:\/\/supcom.standardof.net\/wp-content\/uploads\/sites\/8\/2020\/11\/C14-STAR-LIFTER-AIR-TRANSPORT-Supreme-Commander-UEF-Air-Units-T2.jpg\" alt=\"Il C14 Star Lifter Air Transport, unit\u00e0 aerea UEF Tech 2 in Supreme Commander.\" class=\"wp-image-364\" srcset=\"https:\/\/supcom.standardof.net\/wp-content\/uploads\/sites\/8\/2020\/11\/C14-STAR-LIFTER-AIR-TRANSPORT-Supreme-Commander-UEF-Air-Units-T2.jpg 630w, https:\/\/supcom.standardof.net\/wp-content\/uploads\/sites\/8\/2020\/11\/C14-STAR-LIFTER-AIR-TRANSPORT-Supreme-Commander-UEF-Air-Units-T2-512x354.jpg 512w, https:\/\/supcom.standardof.net\/wp-content\/uploads\/sites\/8\/2020\/11\/C14-STAR-LIFTER-AIR-TRANSPORT-Supreme-Commander-UEF-Air-Units-T2-200x138.jpg 200w, https:\/\/supcom.standardof.net\/wp-content\/uploads\/sites\/8\/2020\/11\/C14-STAR-LIFTER-AIR-TRANSPORT-Supreme-Commander-UEF-Air-Units-T2-16x12.jpg 16w\" sizes=\"(max-width: 630px) 100vw, 630px\" \/><\/a><figcaption>C14 STAR LIFTER - TRASPORTO AEREO<\/figcaption><\/figure><\/div>\n\n\n\n<section class=\"wp-block-uagb-columns uagb-columns__wrap uagb-columns__background-undefined uagb-columns__stack-mobile uagb-columns__valign-undefined uagb-columns__gap-10 alignundefined uagb-block-be21d7df\"><div class=\"uagb-columns__overlay\"><\/div><div class=\"uagb-columns__inner-wrap uagb-columns__columns-2\">\n<div class=\"wp-block-uagb-column uagb-column__wrap uagb-column__background-undefined uagb-block-195f6658\"><div class=\"uagb-column__overlay\"><\/div><div class=\"uagb-column__inner-wrap\">\n<h3 class=\"wp-block-heading\">Statistiche C14 Star Lifter<\/h3>\n\n\n\n<p><strong>Armatura:<\/strong> 210 CV (leggero)<br><strong>Abilit\u00e0:<\/strong> Trasporto T2: trasporta ACU, unit\u00e0 terrestri T1-T3<br><strong>Costo:<\/strong> M320, E12800, T1600<br><strong>Intel:<\/strong> vista: 32 (625 m)<br><strong>Fisica<\/strong><br>velocit\u00e0 massima: 18 (352 m \/ s)<br>altitudine: 10 (195m)<br><strong>Classe di trasporto:<\/strong> 10<br>dimensione allegare classe 2: 2<br>dimensione allegato classe 3: 4<br><strong>Anzianit\u00e0:<\/strong> 15, 30, 75, 150, 300 uccisioni<br><em>* livello veterano 2: +53 hp<br>* livello veterano 4: +53 hp<br>* livello veterano 5: ripara 1 hp \/ s<\/em><\/p>\n<\/div><\/div>\n\n\n\n<div class=\"wp-block-uagb-column uagb-column__wrap uagb-column__background-undefined uagb-block-eb025a83\"><div class=\"uagb-column__overlay\"><\/div><div class=\"uagb-column__inner-wrap\">\n<h3 class=\"wp-block-heading\">Armi Star Lifter C14<\/h3>\n\n\n\n<p>2x <strong>Hells Fury Antisommossa<\/strong><br><em>(Fuoco diretto)<\/em><br>6,00 dps<br><strong>gamma:<\/strong> 22 (430 m)<br><strong>arma a proiettile:<\/strong> 2 danni<br><strong>velocit\u00e0 di fuoco:<\/strong> 3 (ogni 0,33 s)<br><em>* livello veterano 1: +1 danno<br>* livello veterano 3: +1 danno<\/em><\/p>\n\n\n\n<p>2x <strong>Cannone a rotaia collegato<\/strong><br><em>(Anti Aria)<\/em><br>16,00 dps<br><strong>gamma:<\/strong> 20 (391 m)<br><strong>arma a proiettile:<\/strong> 8 danni x 2 proiettili = 16 danni per salva<br><strong>velocit\u00e0 di fuoco:<\/strong> 1 (ogni 1 s)<br><em>* livello veterano 1: +2 danni<br>* livello veterano 3: +2 danni<br><\/em><br><strong>Incidente aereo<\/strong><br><em>(Morte)<\/em><br>25 danni<br><strong>la zona:<\/strong> 1 (19,5 m)<\/p>\n<\/div><\/div>\n<\/div><\/section>\n<\/div><\/div>\n<\/div><\/section>\n\n\n\n<p><\/p>","protected":false},"excerpt":{"rendered":"<p>JANUS \u2013 BOMBER The Janus fills a very small niche: using your air superiority to kill ground units when you don&#8217;t yet need T3 strategic bombers. They&#8217;re more powerful than gunships, but their wide arc after firing their napalm means that they&#8217;ll get chewed up by air defense just like T1 bombers. If your opponent [&hellip;]<\/p>","protected":false},"author":1,"featured_media":0,"parent":231,"menu_order":0,"comment_status":"open","ping_status":"closed","template":"","meta":{"_uag_custom_page_level_css":"","site-sidebar-layout":"default","site-content-layout":"default","ast-site-content-layout":"","site-content-style":"default","site-sidebar-style":"default","ast-global-header-display":"","ast-banner-title-visibility":"","ast-main-header-display":"","ast-hfb-above-header-display":"","ast-hfb-below-header-display":"","ast-hfb-mobile-header-display":"","site-post-title":"","ast-breadcrumbs-content":"","ast-featured-img":"","footer-sml-layout":"","theme-transparent-header-meta":"default","adv-header-id-meta":"","stick-header-meta":"","header-above-stick-meta":"","header-main-stick-meta":"","header-below-stick-meta":"","astra-migrate-meta-layouts":"default","ast-page-background-enabled":"default","ast-page-background-meta":{"desktop":{"background-color":"","background-image":"","background-repeat":"repeat","background-position":"center center","background-size":"auto","background-attachment":"scroll","background-type":"","background-media":"","overlay-type":"","overlay-color":"","overlay-gradient":""},"tablet":{"background-color":"","background-image":"","background-repeat":"repeat","background-position":"center center","background-size":"auto","background-attachment":"scroll","background-type":"","background-media":"","overlay-type":"","overlay-color":"","overlay-gradient":""},"mobile":{"background-color":"","background-image":"","background-repeat":"repeat","background-position":"center center","background-size":"auto","background-attachment":"scroll","background-type":"","background-media":"","overlay-type":"","overlay-color":"","overlay-gradient":""}},"ast-content-background-meta":{"desktop":{"background-color":"var(--ast-global-color-5)","background-image":"","background-repeat":"repeat","background-position":"center center","background-size":"auto","background-attachment":"scroll","background-type":"","background-media":"","overlay-type":"","overlay-color":"","overlay-gradient":""},"tablet":{"background-color":"var(--ast-global-color-5)","background-image":"","background-repeat":"repeat","background-position":"center center","background-size":"auto","background-attachment":"scroll","background-type":"","background-media":"","overlay-type":"","overlay-color":"","overlay-gradient":""},"mobile":{"background-color":"var(--ast-global-color-5)","background-image":"","background-repeat":"repeat","background-position":"center center","background-size":"auto","background-attachment":"scroll","background-type":"","background-media":"","overlay-type":"","overlay-color":"","overlay-gradient":""}},"footnotes":""},"uagb_featured_image_src":{"full":false,"thumbnail":false,"medium":false,"medium_large":false,"large":false,"1536x1536":false,"2048x2048":false,"trp-custom-language-flag":false},"uagb_author_info":{"display_name":"SOE","author_link":"https:\/\/supcom.standardof.net\/it\/author\/k-tastic\/"},"uagb_comment_info":0,"uagb_excerpt":"JANUS \u2013 BOMBER The Janus fills a very small niche: using your air superiority to kill ground units when you don&#8217;t yet need T3 strategic bombers. They&#8217;re more powerful than gunships, but their wide arc after firing their napalm means that they&#8217;ll get chewed up by air defense just like T1 bombers. If your opponent&hellip;","_links":{"self":[{"href":"https:\/\/supcom.standardof.net\/it\/wp-json\/wp\/v2\/pages\/361"}],"collection":[{"href":"https:\/\/supcom.standardof.net\/it\/wp-json\/wp\/v2\/pages"}],"about":[{"href":"https:\/\/supcom.standardof.net\/it\/wp-json\/wp\/v2\/types\/page"}],"author":[{"embeddable":true,"href":"https:\/\/supcom.standardof.net\/it\/wp-json\/wp\/v2\/users\/1"}],"replies":[{"embeddable":true,"href":"https:\/\/supcom.standardof.net\/it\/wp-json\/wp\/v2\/comments?post=361"}],"version-history":[{"count":0,"href":"https:\/\/supcom.standardof.net\/it\/wp-json\/wp\/v2\/pages\/361\/revisions"}],"up":[{"embeddable":true,"href":"https:\/\/supcom.standardof.net\/it\/wp-json\/wp\/v2\/pages\/231"}],"wp:attachment":[{"href":"https:\/\/supcom.standardof.net\/it\/wp-json\/wp\/v2\/media?parent=361"}],"curies":[{"name":"wp","href":"https:\/\/api.w.org\/{rel}","templated":true}]}}