{"id":369,"date":"2020-11-01T13:42:58","date_gmt":"2020-11-01T18:42:58","guid":{"rendered":"https:\/\/supcom.standardof.net\/?page_id=369"},"modified":"2020-11-03T23:06:44","modified_gmt":"2020-11-04T04:06:44","slug":"tech-3-uef-air-units","status":"publish","type":"page","link":"https:\/\/supcom.standardof.net\/it\/supreme-commander\/uef\/tech-3-uef-air-units\/","title":{"rendered":"Tecnica 3 - Unit\u00e0 aeree UEF"},"content":{"rendered":"<div class=\"wp-block-uagb-table-of-contents uagb-toc__align-left uagb-toc__columns-1  uagb-block-15adfd84\"\n\t\t\t\t\tdata-scroll= \"1\"\n\t\t\t\t\tdata-offset= \"30\"\n\t\t\t\t\tstyle=\"\"\n\t\t\t\t>\n\t\t\t\t<div class=\"uagb-toc__wrap\">\n\t\t\t\t\t\t<div class=\"uagb-toc__title\">\n\t\t\t\t\t\t\tUnit\u00e0 aeree UEF Tech 3:\t\t\t\t\t\t<\/div>\n\t\t\t\t\t\t\t\t\t\t\t\t\t\t\t\t<div class=\"uagb-toc__list-wrap\">\n\t\t\t\t\t\t<ol class=\"uagb-toc__list\"><li class=\"uagb-toc__list\"><a href=\"#sr90-blackbird-spy-plane\" class=\"uagb-toc-link__trigger\">SR90 BLACKBIRD - SPIA AEREO<\/a><li class=\"uagb-toc__list\"><a href=\"#wasp-air-superiority-fighter\" class=\"uagb-toc-link__trigger\">WASP - COMBATTENTE DELLA SUPERIORIT\u00c0 AEREA<\/a><li class=\"uagb-toc__list\"><a href=\"#ambassador-strategic-bomber\" class=\"uagb-toc-link__trigger\">AMBASCIATORE - BOMBER STRATEGICO<\/a><li class=\"uagb-toc__list\"><a href=\"#broadsword-heavy-gunship\" class=\"uagb-toc-link__trigger\">BROADSWORD - GUNSHIP PESANTE<\/a><\/ol>\t\t\t\t\t<\/div>\n\t\t\t\t\t\t\t\t\t<\/div>\n\t\t\t\t<\/div>\n\t\t\t\n\n\n<section class=\"wp-block-uagb-columns uagb-columns__wrap uagb-columns__background-undefined uagb-columns__stack-mobile uagb-columns__valign-undefined uagb-columns__gap-10 alignundefined uagb-block-000d1369\"><div class=\"uagb-columns__overlay\"><\/div><div class=\"uagb-columns__inner-wrap uagb-columns__columns-1\">\n<div class=\"wp-block-uagb-column uagb-column__wrap uagb-column__background-undefined uagb-block-9d9abfd9\"><div class=\"uagb-column__overlay\"><\/div><div class=\"uagb-column__inner-wrap\">\n<h2 class=\"wp-block-heading\"><strong>SR90 BLACKBIRD<\/strong> - SPIA AEREO<\/h2>\n\n\n\n<p><a href=\"https:\/\/www.standardof.net\/wp-content\/uploads\/2011\/10\/SupremeCommander-2011-10-15-15-02-28-03.png\" class=\"rank-math-link\" target=\"_blank\" rel=\"noopener\"><\/a>L&#039;aereo spia richiede un po &#039;di tempo per essere costruito, ma \u00e8 comunque molto economico. Avrai davvero bisogno di un solo aereo spia, perch\u00e9 il suo raggio visivo ti consente di vedere i bordi della base nemica senza essere abbattuto. A meno che non abbiano difese aeree T3, dovresti essere in grado di attraversare tutta la base nemica prima che ti raggiungano. Di pattuglia, preferirei avere degli intercettori, ma semplicemente per tenerti aggiornato, un aereo spia \u00e8 pi\u00f9 conveniente che inviare i tuoi intercettori in una missione mortale.<\/p>\n\n\n\n<div class=\"wp-block-image\"><figure class=\"aligncenter size-large\"><a href=\"https:\/\/supcom.standardof.net\/it\/supreme-commander\/uef\/tech-3-uef-air-units\/sr90-blackbird-spy-plane-supreme-commander-uef-air-units-t3\/\"><img decoding=\"async\" width=\"528\" height=\"396\" src=\"https:\/\/supcom.standardof.net\/wp-content\/uploads\/sites\/8\/2020\/11\/SR90-BLACKBIRD-SPY-PLANE-Supreme-Commander-UEF-Air-Units-T3.jpg\" alt=\"L&#039;SR90 Blackbird Spy Plane, unit\u00e0 aerea UEF Tech 3 in Supreme Commander.\" class=\"wp-image-374\" srcset=\"https:\/\/supcom.standardof.net\/wp-content\/uploads\/sites\/8\/2020\/11\/SR90-BLACKBIRD-SPY-PLANE-Supreme-Commander-UEF-Air-Units-T3.jpg 528w, https:\/\/supcom.standardof.net\/wp-content\/uploads\/sites\/8\/2020\/11\/SR90-BLACKBIRD-SPY-PLANE-Supreme-Commander-UEF-Air-Units-T3-512x384.jpg 512w, https:\/\/supcom.standardof.net\/wp-content\/uploads\/sites\/8\/2020\/11\/SR90-BLACKBIRD-SPY-PLANE-Supreme-Commander-UEF-Air-Units-T3-200x150.jpg 200w, https:\/\/supcom.standardof.net\/wp-content\/uploads\/sites\/8\/2020\/11\/SR90-BLACKBIRD-SPY-PLANE-Supreme-Commander-UEF-Air-Units-T3-16x12.jpg 16w\" sizes=\"(max-width: 528px) 100vw, 528px\" \/><\/a><figcaption>SR90 BLACKBIRD - SPIA AEREO<\/figcaption><\/figure><\/div>\n\n\n\n<section class=\"wp-block-uagb-columns uagb-columns__wrap uagb-columns__background-undefined uagb-columns__stack-mobile uagb-columns__valign-undefined uagb-columns__gap-10 alignundefined uagb-block-644edc08\"><div class=\"uagb-columns__overlay\"><\/div><div class=\"uagb-columns__inner-wrap uagb-columns__columns-2\">\n<div class=\"wp-block-uagb-column uagb-column__wrap uagb-column__background-undefined uagb-block-31c36f02\"><div class=\"uagb-column__overlay\"><\/div><div class=\"uagb-column__inner-wrap\">\n<h3 class=\"wp-block-heading\">Statistiche SR90 Blackbird<\/h3>\n\n\n\n<p><strong>Armatura:<\/strong> 30 CV (leggero)<br><strong>Abilit\u00e0:<\/strong> Radar<br><strong>Costo:<\/strong> M56, E2240, T420<br><strong>Intel:<\/strong> vista: 96 (1,88 km)<br>radar: 96 (1,88 km)<br>omni: 30 (586 m)<br><strong>Fisica<\/strong><br>velocit\u00e0 massima: 21 (410 m \/ s)<br>altitudine: 25 (488m)<br><strong>Classe di trasporto:<\/strong> 3<br><em>* livello veterano 2: +8 hp<br>* livello veterano 4: +8 hp<br>* livello veterano 5: ripara 1 hp \/ s<\/em><\/p>\n<\/div><\/div>\n\n\n\n<div class=\"wp-block-uagb-column uagb-column__wrap uagb-column__background-undefined uagb-block-d5c752a2\"><div class=\"uagb-column__overlay\"><\/div><div class=\"uagb-column__inner-wrap\">\n<h3 class=\"wp-block-heading\">Armi SR90 Blackbird<\/h3>\n\n\n\n<p><strong>Incidente aereo<\/strong><br><em>(Morte)<\/em><br>100 danni<br><strong>la zona:<\/strong> 1 (19,5 m)<\/p>\n<\/div><\/div>\n<\/div><\/section>\n<\/div><\/div>\n<\/div><\/section>\n\n\n\n<section class=\"wp-block-uagb-columns uagb-columns__wrap uagb-columns__background-undefined uagb-columns__stack-mobile uagb-columns__valign-undefined uagb-columns__gap-10 alignundefined uagb-block-e4ac00c1\"><div class=\"uagb-columns__overlay\"><\/div><div class=\"uagb-columns__inner-wrap uagb-columns__columns-1\">\n<div class=\"wp-block-uagb-column uagb-column__wrap uagb-column__background-undefined uagb-block-9aedbfb3\"><div class=\"uagb-column__overlay\"><\/div><div class=\"uagb-column__inner-wrap\">\n<h2 class=\"wp-block-heading\"><strong>VESPA <\/strong>- COMBATTENTE DELLA SUPERIORIT\u00c0 AEREA<\/h2>\n\n\n\n<p><a href=\"https:\/\/www.standardof.net\/wp-content\/uploads\/2011\/10\/SupremeCommander-2011-10-15-15-02-13-87.png\" class=\"rank-math-link\" target=\"_blank\" rel=\"noopener\"><\/a>Il Wasp \u00e8 un&#039;unit\u00e0 antiaerea molto costosa, quindi dovresti costruirlo solo se pensi di dover uccidere regolarmente unit\u00e0 aeree nemiche. Volano cos\u00ec velocemente che non forniscono una copertura adeguata per un bombardamento, ma possono entrare e tendere un&#039;imboscata alle forze di intercettazione nemiche, e sono il modo migliore per affrontare le unit\u00e0 aeree sperimentali.<\/p>\n\n\n\n<div class=\"wp-block-image\"><figure class=\"aligncenter size-large\"><a href=\"https:\/\/supcom.standardof.net\/it\/supreme-commander\/uef\/tech-3-uef-air-units\/wasp-air-superiority-fighter-supreme-commander-uef-air-units-t3\/\"><img decoding=\"async\" width=\"489\" height=\"345\" src=\"https:\/\/supcom.standardof.net\/wp-content\/uploads\/sites\/8\/2020\/11\/WASP-AIR-SUPERIORITY-FIGHTER-Supreme-Commander-UEF-Air-Units-T3.jpg\" alt=\"Il Wasp Air Superiority Fighter, unit\u00e0 aerea UEF Tech 3 in Supreme Commander.\" class=\"wp-image-371\" srcset=\"https:\/\/supcom.standardof.net\/wp-content\/uploads\/sites\/8\/2020\/11\/WASP-AIR-SUPERIORITY-FIGHTER-Supreme-Commander-UEF-Air-Units-T3.jpg 489w, https:\/\/supcom.standardof.net\/wp-content\/uploads\/sites\/8\/2020\/11\/WASP-AIR-SUPERIORITY-FIGHTER-Supreme-Commander-UEF-Air-Units-T3-200x141.jpg 200w, https:\/\/supcom.standardof.net\/wp-content\/uploads\/sites\/8\/2020\/11\/WASP-AIR-SUPERIORITY-FIGHTER-Supreme-Commander-UEF-Air-Units-T3-16x12.jpg 16w\" sizes=\"(max-width: 489px) 100vw, 489px\" \/><\/a><figcaption>WASP - COMBATTENTE DELLA SUPERIORIT\u00c0 AEREA<\/figcaption><\/figure><\/div>\n\n\n\n<section class=\"wp-block-uagb-columns uagb-columns__wrap uagb-columns__background-undefined uagb-columns__stack-mobile uagb-columns__valign-undefined uagb-columns__gap-10 alignundefined uagb-block-73f10c69\"><div class=\"uagb-columns__overlay\"><\/div><div class=\"uagb-columns__inner-wrap uagb-columns__columns-2\">\n<div class=\"wp-block-uagb-column uagb-column__wrap uagb-column__background-undefined uagb-block-43d953d5\"><div class=\"uagb-column__overlay\"><\/div><div class=\"uagb-column__inner-wrap\">\n<h3 class=\"wp-block-heading\">Statistiche Wasp<\/h3>\n\n\n\n<p><strong>Armatura:<\/strong> 250 CV (leggero)<br><strong>Costo:<\/strong> M360, E24000, T3600<br><strong>Intel:<\/strong> vista: 32 (625 m)<br><strong>Fisica<\/strong><br>velocit\u00e0 massima: 25 (488 m \/ s),<br>elevazione: 20 (391 m),<br>ingaggio distanza: 50 (977m)<br><strong>Classe di trasporto:<\/strong> 3<br><strong>Anzianit\u00e0:<\/strong> 5, 10, 25, 50, 100 uccisioni<br><em>* livello veterano 2: +63 hp,<br>* livello veterano 4: +63 hp,<br>* livello veterano 5: ripara 1 hp \/ s<\/em><\/p>\n<\/div><\/div>\n\n\n\n<div class=\"wp-block-uagb-column uagb-column__wrap uagb-column__background-undefined uagb-block-df4ab5d0\"><div class=\"uagb-column__overlay\"><\/div><div class=\"uagb-column__inner-wrap\">\n<h3 class=\"wp-block-heading\">Armi da vespa<\/h3>\n\n\n\n<p>2x <strong>Ginsu Pulse Beam<\/strong><br><em>(Anti Aria)<\/em><br>40,00 dps,<br><strong>la zona:<\/strong> 1 (19,5 m)<br><strong>gamma:<\/strong> 24 (469 m)<br><strong>arma a proiettile:<\/strong> 40 danni<br><strong>velocit\u00e0 di fuoco:<\/strong> 1 (ogni 1 s)<br><em>* livello veterano 1: +10 danni<br>* livello veterano 3: +10 danni<\/em><\/p>\n\n\n\n<p><strong>Incidente aereo<br><\/strong><em>(Morte)<\/em><br>200 danni<br><strong>la zona:<\/strong> 1 (19,5 m)<\/p>\n<\/div><\/div>\n<\/div><\/section>\n<\/div><\/div>\n<\/div><\/section>\n\n\n\n<section class=\"wp-block-uagb-columns uagb-columns__wrap uagb-columns__background-undefined uagb-columns__stack-mobile uagb-columns__valign-undefined uagb-columns__gap-10 alignundefined uagb-block-b503a93c\"><div class=\"uagb-columns__overlay\"><\/div><div class=\"uagb-columns__inner-wrap uagb-columns__columns-1\">\n<div class=\"wp-block-uagb-column uagb-column__wrap uagb-column__background-undefined uagb-block-a3916b69\"><div class=\"uagb-column__overlay\"><\/div><div class=\"uagb-column__inner-wrap\">\n<h2 class=\"wp-block-heading\"><strong>AMBASCIATORE <\/strong>- BOMBER STRATEGICO<\/h2>\n\n\n\n<p><a href=\"https:\/\/www.standardof.net\/wp-content\/uploads\/2011\/10\/SupremeCommander-2011-10-15-15-02-41-13.png\" class=\"rank-math-link\" target=\"_blank\" rel=\"noopener\"><\/a>I bombardieri strategici si costruiscono cos\u00ec lentamente che richiedono un grande gruppo di ingegneri. La parola &quot;strategico&quot; non dovrebbe essere presa alla leggera: possono effettivamente uccidere gli intercettori con i loro cannoni anti-aria, volano abbastanza in alto da richiedere un po &#039;di tempo a un sito SAM per ucciderli, e ovviamente la loro bomba \u00e8 spaventosa. Queste cose vengono sprecate per le forze di terra nemiche, poich\u00e9 la loro inesattezza le rende altrettanto propensi a far fuori i tuoi ragazzi come i loro; invece, accumulali insieme a un&#039;enorme forza di altri velivoli per distrarre le difese aeree nemiche e usali per un attacco chirurgico su un ACU, pezzo di artiglieria o difesa missilistica nucleare.<\/p>\n\n\n\n<div class=\"wp-block-image\"><figure class=\"aligncenter size-large\"><a href=\"https:\/\/supcom.standardof.net\/it\/supreme-commander\/uef\/tech-3-uef-air-units\/ambassador-strategic-bomber-supreme-commander-uef-air-units-t3\/\"><img decoding=\"async\" width=\"612\" height=\"399\" src=\"https:\/\/supcom.standardof.net\/wp-content\/uploads\/sites\/8\/2020\/11\/AMBASSADOR-STRATEGIC-BOMBER-Supreme-Commander-UEF-Air-Units-T3.jpg\" alt=\"L&#039;Ambassador Strategic Bomber, unit\u00e0 aerea UEF Tech 3 in Supreme Commander.\" class=\"wp-image-372\" srcset=\"https:\/\/supcom.standardof.net\/wp-content\/uploads\/sites\/8\/2020\/11\/AMBASSADOR-STRATEGIC-BOMBER-Supreme-Commander-UEF-Air-Units-T3.jpg 612w, https:\/\/supcom.standardof.net\/wp-content\/uploads\/sites\/8\/2020\/11\/AMBASSADOR-STRATEGIC-BOMBER-Supreme-Commander-UEF-Air-Units-T3-512x334.jpg 512w, https:\/\/supcom.standardof.net\/wp-content\/uploads\/sites\/8\/2020\/11\/AMBASSADOR-STRATEGIC-BOMBER-Supreme-Commander-UEF-Air-Units-T3-200x130.jpg 200w, https:\/\/supcom.standardof.net\/wp-content\/uploads\/sites\/8\/2020\/11\/AMBASSADOR-STRATEGIC-BOMBER-Supreme-Commander-UEF-Air-Units-T3-16x10.jpg 16w\" sizes=\"(max-width: 612px) 100vw, 612px\" \/><\/a><figcaption>AMBASCIATORE - BOMBER STRATEGICO<\/figcaption><\/figure><\/div>\n\n\n\n<section class=\"wp-block-uagb-columns uagb-columns__wrap uagb-columns__background-undefined uagb-columns__stack-mobile uagb-columns__valign-undefined uagb-columns__gap-10 alignundefined uagb-block-5d4f54c0\"><div class=\"uagb-columns__overlay\"><\/div><div class=\"uagb-columns__inner-wrap uagb-columns__columns-2\">\n<div class=\"wp-block-uagb-column uagb-column__wrap uagb-column__background-undefined uagb-block-56a1084a\"><div class=\"uagb-column__overlay\"><\/div><div class=\"uagb-column__inner-wrap\">\n<h3 class=\"wp-block-heading\">Statistiche ambasciatore<\/h3>\n\n\n\n<p><strong>Armatura:<\/strong> 150 CV (leggero)<br><strong>Abilit\u00e0:<\/strong> Anti-aria<br><strong>Costo:<\/strong> M2160, E72000, T7200<br><strong>Intel:<\/strong> vista: 32 (625 m)<br><strong>Fisica:<\/strong><br>velocit\u00e0 massima: 15 (293 m \/ s)<br>altitudine: 25 (488m)<br>ingaggio distanza: 50 (977m)<br><strong>Classe di trasporto:<\/strong> 3<br><strong>Anzianit\u00e0:<\/strong> 30, 60, 150, 300, 600 uccisioni<br><em>* livello veterano 2: +38 hp<br>* livello veterano 4: +38 hp<br>* livello veterano 5: ripara 1 hp \/ s<\/em><\/p>\n<\/div><\/div>\n\n\n\n<div class=\"wp-block-uagb-column uagb-column__wrap uagb-column__background-undefined uagb-block-437a8368\"><div class=\"uagb-column__overlay\"><\/div><div class=\"uagb-column__inner-wrap\">\n<h3 class=\"wp-block-heading\">Armi dell&#039;ambasciatore<\/h3>\n\n\n\n<p><strong>Bomba nucleare a piccola resa<\/strong><br><em>(Bomba)<\/em><br>1300,00 dps,<br><strong>la zona:<\/strong> 4,5 (87,9 m)<br><strong>gamma:<\/strong> 5 (97,7 m)<br><strong>arma a proiettile:<\/strong> 6500 danni<br><strong>velocit\u00e0 di fuoco:<\/strong> 0,2 (ogni 5 s)<br><strong>sparare casualit\u00e0:<\/strong> 3<br><em>* livello veterano 1: +1625 danni<br>* livello veterano 3: +1625 danni<\/em><\/p>\n\n\n\n<p><strong>Cannone a rotaia collegato<br><\/strong><em>(Anti Aria)<br><\/em>&nbsp;&nbsp;&nbsp;&nbsp; 120,00 dps<br><strong>gamma:<\/strong> 44 (859 m)<br><strong>arma a proiettile:<\/strong> 20 danni x 2 proiettili = 40 danni per salva<br><strong>velocit\u00e0 di fuoco:<\/strong> 3 (ogni 0,33 s)<\/p>\n\n\n\n<p><strong>Incidente aereo<\/strong><br><em>(Morte)<br><\/em>&nbsp;&nbsp;&nbsp;&nbsp; 500 danni<br><strong>la zona:<\/strong> 1 (19,5 m)<\/p>\n<\/div><\/div>\n<\/div><\/section>\n<\/div><\/div>\n<\/div><\/section>\n\n\n\n<section class=\"wp-block-uagb-columns uagb-columns__wrap uagb-columns__background-undefined uagb-columns__stack-mobile uagb-columns__valign-undefined uagb-columns__gap-10 alignundefined uagb-block-8ff6c23d\"><div class=\"uagb-columns__overlay\"><\/div><div class=\"uagb-columns__inner-wrap uagb-columns__columns-1\">\n<div class=\"wp-block-uagb-column uagb-column__wrap uagb-column__background-undefined uagb-block-bf2c4717\"><div class=\"uagb-column__overlay\"><\/div><div class=\"uagb-column__inner-wrap\">\n<h2 class=\"wp-block-heading\"><strong>BROADSWORD <\/strong>- GUNSHIP PESANTE<\/h2>\n\n\n\n<p><a href=\"https:\/\/www.standardof.net\/wp-content\/uploads\/2011\/10\/SupremeCommander-2011-10-15-15-02-58-40.png\" class=\"rank-math-link\" target=\"_blank\" rel=\"noopener\"><\/a>L&#039;unit\u00e0 unica dell&#039;UEF, la principale virt\u00f9 della Heavy Gunship \u00e8 la sua armatura pesante. \u00c8 una cannoniera, quindi \u00e8 vulnerabile agli attacchi di altre cannoniere e anti-aria anti-aria T2, ma l&#039;enorme potenza di fuoco che pu\u00f2 emettere lo rende un&#039;arma formidabile. Un attacco pesante con una cannoniera pu\u00f2 divorare una forza di terra attaccante per colazione, quindi ritirarsi in un impianto di staging aereo mentre i combattenti nemici corrono contro il tuo muro di difesa aerea.<\/p>\n\n\n\n<div class=\"wp-block-image\"><figure class=\"aligncenter size-large\"><a href=\"https:\/\/supcom.standardof.net\/it\/supreme-commander\/uef\/tech-3-uef-air-units\/broadsword-heavy-gunship-supreme-commander-uef-air-units-t3\/\"><img decoding=\"async\" width=\"453\" height=\"381\" src=\"https:\/\/supcom.standardof.net\/wp-content\/uploads\/sites\/8\/2020\/11\/BROADSWORD-HEAVY-GUNSHIP-Supreme-Commander-UEF-Air-Units-T3.jpg\" alt=\"La Broadsword Heavy Gunship, unit\u00e0 aerea UEF Tech 3 in Supreme Commander.\" class=\"wp-image-373\" srcset=\"https:\/\/supcom.standardof.net\/wp-content\/uploads\/sites\/8\/2020\/11\/BROADSWORD-HEAVY-GUNSHIP-Supreme-Commander-UEF-Air-Units-T3.jpg 453w, https:\/\/supcom.standardof.net\/wp-content\/uploads\/sites\/8\/2020\/11\/BROADSWORD-HEAVY-GUNSHIP-Supreme-Commander-UEF-Air-Units-T3-200x168.jpg 200w, https:\/\/supcom.standardof.net\/wp-content\/uploads\/sites\/8\/2020\/11\/BROADSWORD-HEAVY-GUNSHIP-Supreme-Commander-UEF-Air-Units-T3-14x12.jpg 14w\" sizes=\"(max-width: 453px) 100vw, 453px\" \/><\/a><figcaption>BROADSWORD - GUNSHIP PESANTE<\/figcaption><\/figure><\/div>\n\n\n\n<section class=\"wp-block-uagb-columns uagb-columns__wrap uagb-columns__background-undefined uagb-columns__stack-mobile uagb-columns__valign-undefined uagb-columns__gap-10 alignundefined uagb-block-f217dd58\"><div class=\"uagb-columns__overlay\"><\/div><div class=\"uagb-columns__inner-wrap uagb-columns__columns-2\">\n<div class=\"wp-block-uagb-column uagb-column__wrap uagb-column__background-undefined uagb-block-368076df\"><div class=\"uagb-column__overlay\"><\/div><div class=\"uagb-column__inner-wrap\">\n<h3 class=\"wp-block-heading\">Statistiche Broadsword<\/h3>\n\n\n\n<p><strong>Armatura:<\/strong> 475 CV (leggero)<br><strong>Abilit\u00e0:<\/strong> Anti-aria<br><strong>Costo:<\/strong> M2100, E22500, T4500<br><strong>Intel:<\/strong> vista: 32 (625 m)<br><strong>Fisica<\/strong><br>velocit\u00e0 massima: 10 (195 m \/ s)<br>velocit\u00e0 di rotazione: 100<br>altitudine: 10 (195m)<br><strong>Classe di trasporto:<\/strong> 3<br><strong>Anzianit\u00e0:<\/strong> 30, 60, 150, 300, 600 uccisioni<br><em>* livello veterano 2: +119 hp<br>* livello veterano 4: +119 hp<br>* livello veterano 5: ripara 1 hp \/ s<\/em><\/p>\n<\/div><\/div>\n\n\n\n<div class=\"wp-block-uagb-column uagb-column__wrap uagb-column__background-undefined uagb-block-b226e275\"><div class=\"uagb-column__overlay\"><\/div><div class=\"uagb-column__inner-wrap\">\n<h3 class=\"wp-block-heading\">Armi a spada larga<\/h3>\n\n\n\n<p><strong>Cannone al plasma pesante<\/strong><br><em>(Fuoco diretto)<\/em><br>242,00 dps<br><strong>gamma:<\/strong> 25 (488 m)<br><strong>arma a proiettile:<\/strong> 110 danni<br><strong>velocit\u00e0 di fuoco:<\/strong> 2.2 (ogni 0.45 s)<br><em>* livello veterano 1: +28 danni<br>* livello veterano 3: +28 danni<\/em><\/p>\n\n\n\n<p><strong>Cannone al plasma pesante<\/strong><br><em>(Fuoco diretto)<br><\/em>&nbsp;&nbsp;&nbsp;&nbsp; 180,40 dps<br><strong>gamma:<\/strong> 25 (488 m)<br><strong>arma a proiettile:<\/strong> 82 danni<br><strong>velocit\u00e0 di fuoco:<\/strong> 2.2 (ogni 0.45 s)<\/p>\n\n\n\n<p><strong>Cannone a rotaia collegato<br><\/strong><em>(Anti Aria)<\/em><br>28,00 dps,<br><strong>gamma:<\/strong> 44 (859 m)<br><strong>arma a proiettile:<\/strong> 7 danni x 2 proiettili = 14 danni per salva<br><strong>velocit\u00e0 di fuoco:<\/strong> 2 (ogni 0,5 s)<\/p>\n\n\n\n<p><strong>Incidente aereo<\/strong><br><em>(Morte)<\/em><br>300 danni<br><strong>la zona:<\/strong> 1 (19,5 m)<\/p>\n<\/div><\/div>\n<\/div><\/section>\n<\/div><\/div>\n<\/div><\/section>","protected":false},"excerpt":{"rendered":"<p>SR90 BLACKBIRD &#8211; SPY PLANE The Spy Plane takes a while to build, but it&#8217;s still very inexpensive. You&#8217;ll only really need one spy plane, because its sight range allows you to see the edges of the enemy base without being shot down. Unless they have T3 air defenses, you should be able to make [&hellip;]<\/p>","protected":false},"author":1,"featured_media":0,"parent":231,"menu_order":0,"comment_status":"open","ping_status":"closed","template":"","meta":{"_uag_custom_page_level_css":"","site-sidebar-layout":"default","site-content-layout":"default","ast-site-content-layout":"","site-content-style":"default","site-sidebar-style":"default","ast-global-header-display":"","ast-banner-title-visibility":"","ast-main-header-display":"","ast-hfb-above-header-display":"","ast-hfb-below-header-display":"","ast-hfb-mobile-header-display":"","site-post-title":"","ast-breadcrumbs-content":"","ast-featured-img":"","footer-sml-layout":"","theme-transparent-header-meta":"default","adv-header-id-meta":"","stick-header-meta":"","header-above-stick-meta":"","header-main-stick-meta":"","header-below-stick-meta":"","astra-migrate-meta-layouts":"default","ast-page-background-enabled":"default","ast-page-background-meta":{"desktop":{"background-color":"","background-image":"","background-repeat":"repeat","background-position":"center center","background-size":"auto","background-attachment":"scroll","background-type":"","background-media":"","overlay-type":"","overlay-color":"","overlay-gradient":""},"tablet":{"background-color":"","background-image":"","background-repeat":"repeat","background-position":"center center","background-size":"auto","background-attachment":"scroll","background-type":"","background-media":"","overlay-type":"","overlay-color":"","overlay-gradient":""},"mobile":{"background-color":"","background-image":"","background-repeat":"repeat","background-position":"center center","background-size":"auto","background-attachment":"scroll","background-type":"","background-media":"","overlay-type":"","overlay-color":"","overlay-gradient":""}},"ast-content-background-meta":{"desktop":{"background-color":"var(--ast-global-color-5)","background-image":"","background-repeat":"repeat","background-position":"center center","background-size":"auto","background-attachment":"scroll","background-type":"","background-media":"","overlay-type":"","overlay-color":"","overlay-gradient":""},"tablet":{"background-color":"var(--ast-global-color-5)","background-image":"","background-repeat":"repeat","background-position":"center center","background-size":"auto","background-attachment":"scroll","background-type":"","background-media":"","overlay-type":"","overlay-color":"","overlay-gradient":""},"mobile":{"background-color":"var(--ast-global-color-5)","background-image":"","background-repeat":"repeat","background-position":"center center","background-size":"auto","background-attachment":"scroll","background-type":"","background-media":"","overlay-type":"","overlay-color":"","overlay-gradient":""}},"footnotes":""},"uagb_featured_image_src":{"full":false,"thumbnail":false,"medium":false,"medium_large":false,"large":false,"1536x1536":false,"2048x2048":false,"trp-custom-language-flag":false},"uagb_author_info":{"display_name":"SOE","author_link":"https:\/\/supcom.standardof.net\/it\/author\/k-tastic\/"},"uagb_comment_info":0,"uagb_excerpt":"SR90 BLACKBIRD &#8211; SPY PLANE The Spy Plane takes a while to build, but it&#8217;s still very inexpensive. You&#8217;ll only really need one spy plane, because its sight range allows you to see the edges of the enemy base without being shot down. Unless they have T3 air defenses, you should be able to make&hellip;","_links":{"self":[{"href":"https:\/\/supcom.standardof.net\/it\/wp-json\/wp\/v2\/pages\/369"}],"collection":[{"href":"https:\/\/supcom.standardof.net\/it\/wp-json\/wp\/v2\/pages"}],"about":[{"href":"https:\/\/supcom.standardof.net\/it\/wp-json\/wp\/v2\/types\/page"}],"author":[{"embeddable":true,"href":"https:\/\/supcom.standardof.net\/it\/wp-json\/wp\/v2\/users\/1"}],"replies":[{"embeddable":true,"href":"https:\/\/supcom.standardof.net\/it\/wp-json\/wp\/v2\/comments?post=369"}],"version-history":[{"count":0,"href":"https:\/\/supcom.standardof.net\/it\/wp-json\/wp\/v2\/pages\/369\/revisions"}],"up":[{"embeddable":true,"href":"https:\/\/supcom.standardof.net\/it\/wp-json\/wp\/v2\/pages\/231"}],"wp:attachment":[{"href":"https:\/\/supcom.standardof.net\/it\/wp-json\/wp\/v2\/media?parent=369"}],"curies":[{"name":"wp","href":"https:\/\/api.w.org\/{rel}","templated":true}]}}