{"id":393,"date":"2020-11-01T14:13:39","date_gmt":"2020-11-01T19:13:39","guid":{"rendered":"https:\/\/supcom.standardof.net\/?page_id=393"},"modified":"2020-11-03T23:08:04","modified_gmt":"2020-11-04T04:08:04","slug":"tech-2-uef-naval-units","status":"publish","type":"page","link":"https:\/\/supcom.standardof.net\/it\/supreme-commander\/uef\/tech-2-uef-naval-units\/","title":{"rendered":"Tecnica 2 - Unit\u00e0 navali UEF"},"content":{"rendered":"<div class=\"wp-block-uagb-table-of-contents uagb-toc__align-left uagb-toc__columns-1  uagb-block-7c409714\"\n\t\t\t\t\tdata-scroll= \"1\"\n\t\t\t\t\tdata-offset= \"30\"\n\t\t\t\t\tstyle=\"\"\n\t\t\t\t>\n\t\t\t\t<div class=\"uagb-toc__wrap\">\n\t\t\t\t\t\t<div class=\"uagb-toc__title\">\n\t\t\t\t\t\t\tUnit\u00e0 navali UEF Tech 2:\t\t\t\t\t\t<\/div>\n\t\t\t\t\t\t\t\t\t\t\t\t\t\t\t\t<div class=\"uagb-toc__list-wrap\">\n\t\t\t\t\t\t<ol class=\"uagb-toc__list\"><li class=\"uagb-toc__list\"><a href=\"#governor-class-cruiser\" class=\"uagb-toc-link__trigger\">GOVERNATORE CLASS CRUISER<\/a><li class=\"uagb-toc__list\"><a href=\"#valiant-class-destroyer\" class=\"uagb-toc-link__trigger\">DISTRUTTORE DI CLASSE VALIANTE<\/a><\/ol>\t\t\t\t\t<\/div>\n\t\t\t\t\t\t\t\t\t<\/div>\n\t\t\t\t<\/div>\n\t\t\t\n\n\n<section class=\"wp-block-uagb-columns uagb-columns__wrap uagb-columns__background-undefined uagb-columns__stack-mobile uagb-columns__valign-undefined uagb-columns__gap-10 alignundefined uagb-block-790cd2b2\"><div class=\"uagb-columns__overlay\"><\/div><div class=\"uagb-columns__inner-wrap uagb-columns__columns-1\">\n<div class=\"wp-block-uagb-column uagb-column__wrap uagb-column__background-undefined uagb-block-c96474af\"><div class=\"uagb-column__overlay\"><\/div><div class=\"uagb-column__inner-wrap\">\n<h2 class=\"wp-block-heading\"><strong>GOVERNATORE <\/strong>CLASS CRUISER<\/h2>\n\n\n\n<p><a href=\"https:\/\/www.standardof.net\/wp-content\/uploads\/2011\/10\/Cruiser-Governor-Class.jpg\" class=\"rank-math-link\" target=\"_blank\" rel=\"noopener\"><\/a>L&#039;incrociatore \u00e8 il punto in cui brilla la filosofia dell&#039;UEF di lanciare pistole a forza bruta su una piattaforma pesantemente corazzata. Gli incrociatori, lungi dall&#039;essere &quot;solo grandi barche anti-aeree&quot;, hanno missili tattici con raggio che si avvicina a un vero lanciamissili tattico, missili SAM che non fanno il danno di un vero sito SAM ma funzionano altrettanto bene contro velivoli T1 o T2 che sar\u00e0 comunque morto entro la prima salva, e un cannone da ponte che fornisce un minimo di protezione contro le unit\u00e0 anfibie che tendono anche loro un&#039;imboscata. Ovviamente, gli incrociatori nemici hanno anche difese missilistiche tattiche, quindi non sarai in grado di usare i tuoi missili da crociera su di loro, ma contro gli obiettivi costieri, ti fornisce un&#039;opzione praticabile per combattere contro l&#039;artiglieria T2.<\/p>\n\n\n\n<div class=\"wp-block-image\"><figure class=\"aligncenter size-large\"><a href=\"https:\/\/supcom.standardof.net\/it\/supreme-commander\/uef\/tech-2-uef-naval-units\/cruiser-governor-class-supreme-commander-uef-navy-units-t2\/\"><img decoding=\"async\" width=\"600\" height=\"427\" src=\"https:\/\/supcom.standardof.net\/wp-content\/uploads\/sites\/8\/2020\/11\/Cruiser-Governor-Class-Supreme-Commander-UEF-Navy-Units-T2.jpg\" alt=\"Il Govenor Class Cruiser, unit\u00e0 navale UEF Tech 2 in Supreme Commander.\" class=\"wp-image-399\" srcset=\"https:\/\/supcom.standardof.net\/wp-content\/uploads\/sites\/8\/2020\/11\/Cruiser-Governor-Class-Supreme-Commander-UEF-Navy-Units-T2.jpg 600w, https:\/\/supcom.standardof.net\/wp-content\/uploads\/sites\/8\/2020\/11\/Cruiser-Governor-Class-Supreme-Commander-UEF-Navy-Units-T2-512x364.jpg 512w, https:\/\/supcom.standardof.net\/wp-content\/uploads\/sites\/8\/2020\/11\/Cruiser-Governor-Class-Supreme-Commander-UEF-Navy-Units-T2-200x142.jpg 200w, https:\/\/supcom.standardof.net\/wp-content\/uploads\/sites\/8\/2020\/11\/Cruiser-Governor-Class-Supreme-Commander-UEF-Navy-Units-T2-16x12.jpg 16w\" sizes=\"(max-width: 600px) 100vw, 600px\" \/><\/a><figcaption>GOVERNATORE CLASS CRUISER<\/figcaption><\/figure><\/div>\n\n\n\n<section class=\"wp-block-uagb-columns uagb-columns__wrap uagb-columns__background-undefined uagb-columns__stack-mobile uagb-columns__valign-undefined uagb-columns__gap-10 alignundefined uagb-block-d0286eee\"><div class=\"uagb-columns__overlay\"><\/div><div class=\"uagb-columns__inner-wrap uagb-columns__columns-2\">\n<div class=\"wp-block-uagb-column uagb-column__wrap uagb-column__background-undefined uagb-block-58a33528\"><div class=\"uagb-column__overlay\"><\/div><div class=\"uagb-column__inner-wrap\">\n<h3 class=\"wp-block-heading\">Governor Stats<\/h3>\n\n\n\n<p><strong>Armatura:<\/strong> 3500hp<br><strong>Abilit\u00e0:<\/strong> Missile tattico, Difesa missilistica - Tattico<br><strong>Costo:<\/strong> M2000, E18000, T4000<br><strong>Intel:<\/strong> vista: 60 (1,17 km)<br>&nbsp;&nbsp;&nbsp; radar: 80 (1,56 km)<br>&nbsp;&nbsp;&nbsp; sonar: 20 (391 m)<br>&nbsp;&nbsp;&nbsp; vista d&#039;acqua: 45 (879 m)<br><strong>Fisica:<\/strong><br>&nbsp;&nbsp;&nbsp; velocit\u00e0 massima: 4,25 (83,0 m \/ s)<br>&nbsp;&nbsp;&nbsp; velocit\u00e0 di rotazione: 20<br><strong>Anzianit\u00e0:<\/strong> 30, 60, 150, 300, 600 uccisioni<br>* <em>livello veterano 2: +875 hp<br>* livello veterano 4: +875 hp<br>* livello veterano 5: ripara 3 hp \/ s<\/em><\/p>\n<\/div><\/div>\n\n\n\n<div class=\"wp-block-uagb-column uagb-column__wrap uagb-column__background-undefined uagb-block-92245e31\"><div class=\"uagb-column__overlay\"><\/div><div class=\"uagb-column__inner-wrap\">\n<h3 class=\"wp-block-heading\">Governatore armi<\/h3>\n\n\n\n<p><strong>Cannone Gauss<\/strong><br><em>(Direct Fire Naval)<\/em> 33,33 dps <strong>la zona:<\/strong> 1 (19,5 m)<br><strong>gamma:<\/strong> 64 (1,25 km)<br><strong>arma a proiettile:<\/strong> 200 danni<br><strong>velocit\u00e0 di fuoco:<\/strong> 0.166667 (ogni 6 s)<br><em>* livello veterano 1: +50 danni<br>* livello veterano 3: +50 danni<\/em><\/p>\n\n\n\n<p><strong>Flayer SAM Launcher<\/strong><br><em>(Anti Aria)<\/em> 32,00 dps<br><strong>la zona:<\/strong> 1 (19,5 m)<br><strong>gamma:<\/strong> 72 (1,41 km)<br><strong>arma a proiettile:<\/strong> 16 danni x 4 proiettili = 64 danni per salva<br><strong>velocit\u00e0 di fuoco:<\/strong> 0,5 (ogni 2 s)<br>* <em>livello veterano 1: +4 danni<br>* livello veterano 3: +4 danni<\/em><\/p>\n\n\n\n<p><strong>Missile da crociera a lungo raggio<\/strong><br><em>(Missile)<\/em> 75,00 dps<br><strong>la zona:<\/strong> 3 (58,6 m)<br><strong>gamma:<\/strong> 12,5 (244 m) - 100 (1,95 km)<br><strong>arma a proiettile:<\/strong> 2500 danni<br><strong>velocit\u00e0 di fuoco:<\/strong> 0.03 (ogni 33.33 s)<br><em>* livello veterano 1: +625 danni<br>* livello veterano 3: +625 danni<\/em><\/p>\n\n\n\n<p><strong>Phalanx Anti Missile<\/strong><br><em>(Difesa)<\/em> 4,50 dps<br><strong>gamma:<\/strong> 32 (625 m)<br><strong>arma a raggi:<\/strong> 1 danno x 1 raggio ogni 0,25 s per 0,5 s = 3 per salva<br><strong>velocit\u00e0 di fuoco:<\/strong> 3 (ogni 0,33 s)<\/p>\n<\/div><\/div>\n<\/div><\/section>\n<\/div><\/div>\n<\/div><\/section>\n\n\n\n<section class=\"wp-block-uagb-columns uagb-columns__wrap uagb-columns__background-undefined uagb-columns__stack-mobile uagb-columns__valign-undefined uagb-columns__gap-10 alignundefined uagb-block-f11fae25\"><div class=\"uagb-columns__overlay\"><\/div><div class=\"uagb-columns__inner-wrap uagb-columns__columns-1\">\n<div class=\"wp-block-uagb-column uagb-column__wrap uagb-column__background-undefined uagb-block-397d2cf3\"><div class=\"uagb-column__overlay\"><\/div><div class=\"uagb-column__inner-wrap\">\n<h2 class=\"wp-block-heading\"><strong>VALOROSO <\/strong>DISTRUTTORE DI CLASSE<\/h2>\n\n\n\n<p><a href=\"https:\/\/www.standardof.net\/wp-content\/uploads\/2011\/10\/Destroyer-Valiant-Class.jpg\" class=\"rank-math-link\" target=\"_blank\" rel=\"noopener\"><\/a>Il cacciatorpediniere UEF ha un sacco di armi extra attaccate - un siluro e una difesa siluro per i sottomarini, una torretta anti-aerea molto debole solo per farti sentire meglio con quelle unit\u00e0 che volano sopra la testa - ma il suo potere principale risiede nelle sue due pistole, uno davanti e uno dietro, che gli consentono di ottenere un tallone sulle navi nemiche, in particolare le navi T1, con maggiore precisione e potenza di fuoco equivalente al cacciatorpediniere Aeon, mentre schiva il fuoco nemico a lungo raggio con la sua alta velocit\u00e0 massima. Non \u00e8 il miglior cacciatorpediniere dei mari, ma far\u00e0 comunque a pezzi qualsiasi cosa tranne i cacciatorpediniere avversari, e ha una possibilit\u00e0 contro il pi\u00f9 lento e debole cacciatorpediniere Cybran se continua a muoversi. Abbastanza buono per il lavoro del governo.<\/p>\n\n\n\n<div class=\"wp-block-image\"><figure class=\"aligncenter size-large\"><a href=\"https:\/\/supcom.standardof.net\/it\/supreme-commander\/uef\/tech-2-uef-naval-units\/destroyer-valiant-class-supreme-commander-uef-navy-units-t2\/\"><img decoding=\"async\" width=\"600\" height=\"347\" src=\"https:\/\/supcom.standardof.net\/wp-content\/uploads\/sites\/8\/2020\/11\/Destroyer-Valiant-Class-Supreme-Commander-UEF-Navy-Units-T2.jpg\" alt=\"Il Valiant Class Destroyer, unit\u00e0 navale UEF Tech 2 in Supreme Commander.\" class=\"wp-image-400\" srcset=\"https:\/\/supcom.standardof.net\/wp-content\/uploads\/sites\/8\/2020\/11\/Destroyer-Valiant-Class-Supreme-Commander-UEF-Navy-Units-T2.jpg 600w, https:\/\/supcom.standardof.net\/wp-content\/uploads\/sites\/8\/2020\/11\/Destroyer-Valiant-Class-Supreme-Commander-UEF-Navy-Units-T2-512x296.jpg 512w, https:\/\/supcom.standardof.net\/wp-content\/uploads\/sites\/8\/2020\/11\/Destroyer-Valiant-Class-Supreme-Commander-UEF-Navy-Units-T2-200x116.jpg 200w, https:\/\/supcom.standardof.net\/wp-content\/uploads\/sites\/8\/2020\/11\/Destroyer-Valiant-Class-Supreme-Commander-UEF-Navy-Units-T2-16x9.jpg 16w\" sizes=\"(max-width: 600px) 100vw, 600px\" \/><\/a><figcaption>DISTRUTTORE DI CLASSE VALIANTE<\/figcaption><\/figure><\/div>\n\n\n\n<section class=\"wp-block-uagb-columns uagb-columns__wrap uagb-columns__background-undefined uagb-columns__stack-mobile uagb-columns__valign-undefined uagb-columns__gap-10 alignundefined uagb-block-52c23fac\"><div class=\"uagb-columns__overlay\"><\/div><div class=\"uagb-columns__inner-wrap uagb-columns__columns-2\">\n<div class=\"wp-block-uagb-column uagb-column__wrap uagb-column__background-undefined uagb-block-f767a8b1\"><div class=\"uagb-column__overlay\"><\/div><div class=\"uagb-column__inner-wrap\">\n<h3 class=\"wp-block-heading\">Statistiche valorose<\/h3>\n\n\n\n<p><strong>Armatura:<\/strong> 7200hp<br><strong>Abilit\u00e0:<\/strong> Difesa dai siluri<br><strong>Costo:<\/strong> M2250, E15000, T5000<br><strong>Intel:<\/strong> vista: 55 (1,07 km)<br>&nbsp;&nbsp;&nbsp; radar: 60 (1,17 km)<br>&nbsp;&nbsp;&nbsp; sonar: 40 (781 m)<br>&nbsp;&nbsp;&nbsp; vista d&#039;acqua: 42 (820 m)<br><strong>Fisica:<br><\/strong>&nbsp;&nbsp;&nbsp; velocit\u00e0 massima: 6 (117m \/ s)<br>&nbsp;&nbsp;&nbsp; velocit\u00e0 di virata: 25<br><strong>Anzianit\u00e0:<\/strong> 30, 60, 150, 300, 600 uccisioni<br><em>* livello veterano 2: +1800 hp<br>* livello veterano 4: +1800 hp<br>* livello veterano 5: ripara 3 hp \/ s<\/em><\/p>\n<\/div><\/div>\n\n\n\n<div class=\"wp-block-uagb-column uagb-column__wrap uagb-column__background-undefined uagb-block-b3c38516\"><div class=\"uagb-column__overlay\"><\/div><div class=\"uagb-column__inner-wrap\">\n<h3 class=\"wp-block-heading\">Armi valorose<\/h3>\n\n\n\n<p><strong>2x Cannone Gauss<\/strong><br><em>(Direct Fire Naval)<\/em> 100,00 dps<br><strong>la zona:<\/strong> 1 (19,5 m)<br><strong>gamma:<\/strong> 80 (1,56 km)<br><strong>arma a proiettile:<\/strong> 300 danni x 2 proiettili = 600 danni per salva<br><strong>velocit\u00e0 di fuoco:<\/strong> 1\/6 (ogni 6 s)<br><em>* livello veterano 1: +75 danni<br>* livello veterano 3: +75 danni<br><\/em><br><strong>Cannone a rotaia collegato<\/strong><br><em>(Anti Aria)<\/em> 9,00 dps<br><strong>gamma:<\/strong> 66 (1,29 km)<br><strong>arma a proiettile:<\/strong> 3 danni x 2 proiettili = 6 danni per salva<br><strong>velocit\u00e0 di fuoco:<\/strong> 1.5 (ogni 0.67 s)<br><em>* livello veterano 1: +1 danno<br>* livello veterano 3: +1 danno<\/em><\/p>\n\n\n\n<p><strong>Siluro del pescatore<\/strong><br><em>(Anti Navy)<\/em> 37,50 dps<br><strong>gamma:<\/strong> 32 (625 m)<br><strong>arma a proiettile:<\/strong> 150 danni<br><strong>velocit\u00e0 di fuoco:<\/strong> 0,25 (ogni 4 s)<br><em>* livello veterano 1: +38 danni<br>* livello veterano 3: +38 danni<br><\/em><br><strong>Smart Charge AntiTorpedo<\/strong><br><em>(Difesa)<\/em> 0,20 dps<br><strong>gamma:<\/strong> 25 (488 m)<br><strong>arma a proiettile:<\/strong> 1 danno<br><strong>velocit\u00e0 di fuoco:<\/strong> 0,1 (ogni 10 s)<\/p>\n<\/div><\/div>\n<\/div><\/section>\n<\/div><\/div>\n<\/div><\/section>","protected":false},"excerpt":{"rendered":"<p>GOVERNOR CLASS CRUISER The cruiser is where the UEF&#8217;s philosophy of throwing brute force guns onto a heavily armored platform shines. Cruisers, far from being &#8220;just big anti-air boats&#8221;, have tactical missiles with range approaching a real tactical missile launcher, SAM missiles that don&#8217;t do the damage of a real SAM site but work just [&hellip;]<\/p>","protected":false},"author":1,"featured_media":0,"parent":231,"menu_order":0,"comment_status":"open","ping_status":"closed","template":"","meta":{"_uag_custom_page_level_css":"","site-sidebar-layout":"default","site-content-layout":"default","ast-site-content-layout":"","site-content-style":"default","site-sidebar-style":"default","ast-global-header-display":"","ast-banner-title-visibility":"","ast-main-header-display":"","ast-hfb-above-header-display":"","ast-hfb-below-header-display":"","ast-hfb-mobile-header-display":"","site-post-title":"","ast-breadcrumbs-content":"","ast-featured-img":"","footer-sml-layout":"","theme-transparent-header-meta":"default","adv-header-id-meta":"","stick-header-meta":"","header-above-stick-meta":"","header-main-stick-meta":"","header-below-stick-meta":"","astra-migrate-meta-layouts":"default","ast-page-background-enabled":"default","ast-page-background-meta":{"desktop":{"background-color":"","background-image":"","background-repeat":"repeat","background-position":"center center","background-size":"auto","background-attachment":"scroll","background-type":"","background-media":"","overlay-type":"","overlay-color":"","overlay-gradient":""},"tablet":{"background-color":"","background-image":"","background-repeat":"repeat","background-position":"center center","background-size":"auto","background-attachment":"scroll","background-type":"","background-media":"","overlay-type":"","overlay-color":"","overlay-gradient":""},"mobile":{"background-color":"","background-image":"","background-repeat":"repeat","background-position":"center center","background-size":"auto","background-attachment":"scroll","background-type":"","background-media":"","overlay-type":"","overlay-color":"","overlay-gradient":""}},"ast-content-background-meta":{"desktop":{"background-color":"var(--ast-global-color-5)","background-image":"","background-repeat":"repeat","background-position":"center center","background-size":"auto","background-attachment":"scroll","background-type":"","background-media":"","overlay-type":"","overlay-color":"","overlay-gradient":""},"tablet":{"background-color":"var(--ast-global-color-5)","background-image":"","background-repeat":"repeat","background-position":"center center","background-size":"auto","background-attachment":"scroll","background-type":"","background-media":"","overlay-type":"","overlay-color":"","overlay-gradient":""},"mobile":{"background-color":"var(--ast-global-color-5)","background-image":"","background-repeat":"repeat","background-position":"center center","background-size":"auto","background-attachment":"scroll","background-type":"","background-media":"","overlay-type":"","overlay-color":"","overlay-gradient":""}},"footnotes":""},"uagb_featured_image_src":{"full":false,"thumbnail":false,"medium":false,"medium_large":false,"large":false,"1536x1536":false,"2048x2048":false,"trp-custom-language-flag":false},"uagb_author_info":{"display_name":"SOE","author_link":"https:\/\/supcom.standardof.net\/it\/author\/k-tastic\/"},"uagb_comment_info":0,"uagb_excerpt":"GOVERNOR CLASS CRUISER The cruiser is where the UEF&#8217;s philosophy of throwing brute force guns onto a heavily armored platform shines. Cruisers, far from being &#8220;just big anti-air boats&#8221;, have tactical missiles with range approaching a real tactical missile launcher, SAM missiles that don&#8217;t do the damage of a real SAM site but work just&hellip;","_links":{"self":[{"href":"https:\/\/supcom.standardof.net\/it\/wp-json\/wp\/v2\/pages\/393"}],"collection":[{"href":"https:\/\/supcom.standardof.net\/it\/wp-json\/wp\/v2\/pages"}],"about":[{"href":"https:\/\/supcom.standardof.net\/it\/wp-json\/wp\/v2\/types\/page"}],"author":[{"embeddable":true,"href":"https:\/\/supcom.standardof.net\/it\/wp-json\/wp\/v2\/users\/1"}],"replies":[{"embeddable":true,"href":"https:\/\/supcom.standardof.net\/it\/wp-json\/wp\/v2\/comments?post=393"}],"version-history":[{"count":0,"href":"https:\/\/supcom.standardof.net\/it\/wp-json\/wp\/v2\/pages\/393\/revisions"}],"up":[{"embeddable":true,"href":"https:\/\/supcom.standardof.net\/it\/wp-json\/wp\/v2\/pages\/231"}],"wp:attachment":[{"href":"https:\/\/supcom.standardof.net\/it\/wp-json\/wp\/v2\/media?parent=393"}],"curies":[{"name":"wp","href":"https:\/\/api.w.org\/{rel}","templated":true}]}}