{"id":402,"date":"2020-11-01T14:21:49","date_gmt":"2020-11-01T19:21:49","guid":{"rendered":"https:\/\/supcom.standardof.net\/?page_id=402"},"modified":"2020-11-03T23:08:20","modified_gmt":"2020-11-04T04:08:20","slug":"tech-3-uef-naval-units","status":"publish","type":"page","link":"https:\/\/supcom.standardof.net\/it\/supreme-commander\/uef\/tech-3-uef-naval-units\/","title":{"rendered":"Tecnica 3 - Unit\u00e0 navali UEF"},"content":{"rendered":"<div class=\"wp-block-uagb-table-of-contents uagb-toc__align-left uagb-toc__columns-1  uagb-block-8b8565f8\"\n\t\t\t\t\tdata-scroll= \"1\"\n\t\t\t\t\tdata-offset= \"30\"\n\t\t\t\t\tstyle=\"\"\n\t\t\t\t>\n\t\t\t\t<div class=\"uagb-toc__wrap\">\n\t\t\t\t\t\t<div class=\"uagb-toc__title\">\n\t\t\t\t\t\t\tUnit\u00e0 navali UEF Tech 3:\t\t\t\t\t\t<\/div>\n\t\t\t\t\t\t\t\t\t\t\t\t\t\t\t\t<div class=\"uagb-toc__list-wrap\">\n\t\t\t\t\t\t<ol class=\"uagb-toc__list\"><li class=\"uagb-toc__list\"><a href=\"#summit-class-battleship\" class=\"uagb-toc-link__trigger\">SUMMIT CLASSE DI BATTAGLIA<\/a><li class=\"uagb-toc__list\"><a href=\"#ace-strategic-missile-submarine\" class=\"uagb-toc-link__trigger\">ACE - MISSILE STRATEGICO SOTTOMARINO<\/a><\/ol>\t\t\t\t\t<\/div>\n\t\t\t\t\t\t\t\t\t<\/div>\n\t\t\t\t<\/div>\n\t\t\t\n\n\n<section class=\"wp-block-uagb-columns uagb-columns__wrap uagb-columns__background-undefined uagb-columns__stack-mobile uagb-columns__valign-undefined uagb-columns__gap-10 alignundefined uagb-block-3e7fce68\"><div class=\"uagb-columns__overlay\"><\/div><div class=\"uagb-columns__inner-wrap uagb-columns__columns-1\">\n<div class=\"wp-block-uagb-column uagb-column__wrap uagb-column__background-undefined uagb-block-c87fdc65\"><div class=\"uagb-column__overlay\"><\/div><div class=\"uagb-column__inner-wrap\">\n<h2 class=\"wp-block-heading\"><strong>VERTICE <\/strong>BATTAGLIA DI CLASSE<\/h2>\n\n\n\n<p><a href=\"https:\/\/www.standardof.net\/wp-content\/uploads\/2011\/10\/Battleship-Summit-Class.jpg\" class=\"rank-math-link\" target=\"_blank\" rel=\"noopener\"><\/a>La corazzata \u00e8 fondamentalmente un&#039;unit\u00e0 sperimentale che puoi costruire nella tua fabbrica navale. Ha quantit\u00e0 assurde di armature, difese missilistiche tattiche per assicurarsi che non venga eliminato dalle difese costiere prima che abbia voce in capitolo e cannoni anti-aerei progettati per uccidere le cannoniere piuttosto che i bombardieri (che i tuoi incrociatori dovrebbero gi\u00e0 essere manipolazione). Come tutte le corazzate, ha un trio di (fondamentalmente) pezzi di artiglieria T2 come cannoni principali, permettendogli di stare lontano dalla costa e impegnarsi nelle difese terrestri alle loro condizioni, mentre uccide la flotta Cybran prima che possa avvicinarsi al raggio dei siluri. Non inviarlo da solo, poich\u00e9 non ha modo di difendersi dai sottotitoli.<\/p>\n\n\n\n<div class=\"wp-block-image\"><figure class=\"aligncenter size-large\"><a href=\"https:\/\/supcom.standardof.net\/it\/supreme-commander\/uef\/tech-3-uef-naval-units\/battleship-summit-class-supreme-commander-uef-navy-units-t3\/\"><img decoding=\"async\" width=\"600\" height=\"391\" src=\"https:\/\/supcom.standardof.net\/wp-content\/uploads\/sites\/8\/2020\/11\/Battleship-Summit-Class-Supreme-Commander-UEF-Navy-Units-T3.jpg\" alt=\"La Summit Class Battleship, unit\u00e0 navale UEF Tech 3 in Supreme Commander.\" class=\"wp-image-405\" srcset=\"https:\/\/supcom.standardof.net\/wp-content\/uploads\/sites\/8\/2020\/11\/Battleship-Summit-Class-Supreme-Commander-UEF-Navy-Units-T3.jpg 600w, https:\/\/supcom.standardof.net\/wp-content\/uploads\/sites\/8\/2020\/11\/Battleship-Summit-Class-Supreme-Commander-UEF-Navy-Units-T3-512x334.jpg 512w, https:\/\/supcom.standardof.net\/wp-content\/uploads\/sites\/8\/2020\/11\/Battleship-Summit-Class-Supreme-Commander-UEF-Navy-Units-T3-200x130.jpg 200w, https:\/\/supcom.standardof.net\/wp-content\/uploads\/sites\/8\/2020\/11\/Battleship-Summit-Class-Supreme-Commander-UEF-Navy-Units-T3-16x10.jpg 16w\" sizes=\"(max-width: 600px) 100vw, 600px\" \/><\/a><figcaption>SUMMIT CLASSE DI BATTAGLIA<\/figcaption><\/figure><\/div>\n\n\n\n<section class=\"wp-block-uagb-columns uagb-columns__wrap uagb-columns__background-undefined uagb-columns__stack-mobile uagb-columns__valign-undefined uagb-columns__gap-10 alignundefined uagb-block-424dbb9e\"><div class=\"uagb-columns__overlay\"><\/div><div class=\"uagb-columns__inner-wrap uagb-columns__columns-2\">\n<div class=\"wp-block-uagb-column uagb-column__wrap uagb-column__background-undefined uagb-block-2c20043b\"><div class=\"uagb-column__overlay\"><\/div><div class=\"uagb-column__inner-wrap\">\n<h3 class=\"wp-block-heading\">Statistiche Summit<\/h3>\n\n\n\n<p><strong>Armatura:<\/strong> 60000hp<br><strong>Abilit\u00e0:<\/strong> Difesa missilistica - Tattica<br><strong>Costo:<\/strong> M20000, E160000, T24000<br><strong>Intel:<\/strong> vista: 70 (1,37 km)<br>radar: 100 (1,95 km)<br>sonar: 32 (625 m)<br>vista d&#039;acqua: 50 (977m)<br><strong>Fisica:<\/strong> velocit\u00e0 massima: 4,675 (91,3 m \/ s)<br>velocit\u00e0 di virata: 15<br><strong>Anzianit\u00e0:<\/strong> 50, 100, 250, 500, 1000 uccisioni<br><em>* livello veterano 2: +15000 hp<br>* livello veterano 4: +15000 hp<br>* livello veterano 5: ripara 3 hp \/ s<\/em><\/p>\n<\/div><\/div>\n\n\n\n<div class=\"wp-block-uagb-column uagb-column__wrap uagb-column__background-undefined uagb-block-8147a997\"><div class=\"uagb-column__overlay\"><\/div><div class=\"uagb-column__inner-wrap\">\n<h3 class=\"wp-block-heading\">Summit Weapons<\/h3>\n\n\n\n<p><strong>3x cannone Gauss<\/strong><br><em>(Direct Fire Naval)<\/em> 150,00 dps<br><strong>la zona:<\/strong> 2 (39,1 m)<br><strong>gamma:<\/strong> 128 (2,50 km)<br><strong>arma a proiettile:<\/strong> 600 danni x 3 proiettili = 1800 danni per salva<br><strong>velocit\u00e0 di fuoco:<\/strong> 0,08333333 (ogni 12 s)<br><em>* livello veterano 1: +150 danni<br>* livello veterano 3: +150 danni<\/em><\/p>\n\n\n\n<p><strong>4x cannoni a rotaia collegati<\/strong><br><em>(Anti Aria)<\/em> 40,00 dps<br><strong>gamma:<\/strong> 60 (1,17 km)<br><strong>arma a proiettile:<\/strong> 10 danni x 2 proiettili = 20 danni per salva<br><strong>velocit\u00e0 di fuoco:<\/strong> 2 (ogni 0,5 s)<br><em>* livello veterano 1: +3 danni<br>* livello veterano 3: +3 danni<\/em><\/p>\n\n\n\n<p><strong>2x Phalanx Anti Missile<\/strong><br><em>(Difesa)<\/em> 4,50 dps<br><strong>gamma:<\/strong> 32 (625 m)<br><strong>arma a raggi:<\/strong> 1 danno x 1 raggio ogni 0,25 s per 0,5 s = 3 per salva<br><strong>velocit\u00e0 di fuoco:<\/strong> 3 (ogni 0,33 s)<\/p>\n<\/div><\/div>\n<\/div><\/section>\n<\/div><\/div>\n<\/div><\/section>\n\n\n\n<section class=\"wp-block-uagb-columns uagb-columns__wrap uagb-columns__background-undefined uagb-columns__stack-mobile uagb-columns__valign-undefined uagb-columns__gap-10 alignundefined uagb-block-e551c388\"><div class=\"uagb-columns__overlay\"><\/div><div class=\"uagb-columns__inner-wrap uagb-columns__columns-1\">\n<div class=\"wp-block-uagb-column uagb-column__wrap uagb-column__background-undefined uagb-block-10dad4fa\"><div class=\"uagb-column__overlay\"><\/div><div class=\"uagb-column__inner-wrap\">\n<h2 class=\"wp-block-heading\"><strong>ASSO <\/strong>- MISSILE STRATEGICO SOTTOMARINO<\/h2>\n\n\n\n<p><a href=\"https:\/\/www.standardof.net\/wp-content\/uploads\/2011\/10\/Strategic-Missile-Submarine-Ace.jpg\" class=\"rank-math-link\" target=\"_blank\" rel=\"noopener\"><\/a>Solo perch\u00e9 la tua arma nucleare arriva su un sottomarino non significa che sia meno doloroso da costruire. Ricorda di non costruirlo nella tua unica fabbrica navale, poich\u00e9 presto verrai sopraffatto. Quando \u00e8 attivo, tuttavia, l&#039;UEF ha il vantaggio di essere in grado di mascherare i suoi attacchi con missili da crociera con i veri missili degli incrociatori in modo che l&#039;avversario non sappia che ne hai uno. Se hai abbastanza supporto di fuoco dalla tua flotta regolare, il sottomarino sar\u00e0 in grado di superare uno o due colpi dai suoi missili tattici, che uccidono le navi T1 o un incrociatore in un solo colpo. Mentre combatti quella che probabilmente \u00e8 una battaglia persa (perch\u00e9 hai costruito un sottomarino invece di una flotta marittima), il tuo sottomarino nucleare pu\u00f2 tornare a casa sano e salvo e vivere per bombardare un altro giorno. Le armi nucleari che costruisce sono pi\u00f9 costose, ma il sottomarino stesso \u00e8 notevolmente pi\u00f9 economico di una corazzata.<\/p>\n\n\n\n<div class=\"wp-block-image\"><figure class=\"aligncenter size-large\"><a href=\"https:\/\/supcom.standardof.net\/it\/supreme-commander\/uef\/tech-3-uef-naval-units\/strategic-missile-submarine-ace-supreme-commander-uef-navy-units-t3\/\"><img decoding=\"async\" width=\"580\" height=\"450\" src=\"https:\/\/supcom.standardof.net\/wp-content\/uploads\/sites\/8\/2020\/11\/Strategic-Missile-Submarine-Ace-Supreme-Commander-UEF-Navy-Units-T3.jpg\" alt=\"L&#039;Ace Strategic Missile Submarine, unit\u00e0 navale UEF Tech 3 in Supreme Commander.\" class=\"wp-image-404\" srcset=\"https:\/\/supcom.standardof.net\/wp-content\/uploads\/sites\/8\/2020\/11\/Strategic-Missile-Submarine-Ace-Supreme-Commander-UEF-Navy-Units-T3.jpg 580w, https:\/\/supcom.standardof.net\/wp-content\/uploads\/sites\/8\/2020\/11\/Strategic-Missile-Submarine-Ace-Supreme-Commander-UEF-Navy-Units-T3-512x397.jpg 512w, https:\/\/supcom.standardof.net\/wp-content\/uploads\/sites\/8\/2020\/11\/Strategic-Missile-Submarine-Ace-Supreme-Commander-UEF-Navy-Units-T3-200x155.jpg 200w, https:\/\/supcom.standardof.net\/wp-content\/uploads\/sites\/8\/2020\/11\/Strategic-Missile-Submarine-Ace-Supreme-Commander-UEF-Navy-Units-T3-16x12.jpg 16w\" sizes=\"(max-width: 580px) 100vw, 580px\" \/><\/a><figcaption>ACE - MISSILE STRATEGICO SOTTOMARINO<\/figcaption><\/figure><\/div>\n\n\n\n<section class=\"wp-block-uagb-columns uagb-columns__wrap uagb-columns__background-undefined uagb-columns__stack-mobile uagb-columns__valign-undefined uagb-columns__gap-10 alignundefined uagb-block-e330a27e\"><div class=\"uagb-columns__overlay\"><\/div><div class=\"uagb-columns__inner-wrap uagb-columns__columns-2\">\n<div class=\"wp-block-uagb-column uagb-column__wrap uagb-column__background-undefined uagb-block-67803d0a\"><div class=\"uagb-column__overlay\"><\/div><div class=\"uagb-column__inner-wrap\">\n<h3 class=\"wp-block-heading\">Statistiche Ace<\/h3>\n\n\n\n<p><strong>Armatura:<\/strong> 4000hp<br><strong>Abilit\u00e0:<\/strong> Sommergibile, Ecoscandaglio, Costruzione manuale, Avvio manuale<br><strong>Costo:<\/strong> M10000, E60000, T15000<br><strong>Intel:<\/strong> vista: 16 (313 m)<br>sonar: 75 (1,46 km)<br>vista acqua: 24 (469m)<br><strong>Fisica<br><\/strong>&nbsp;&nbsp;&nbsp; velocit\u00e0 massima: 2,55 (49,8 m \/ s)<br>velocit\u00e0 di virata: 25<br><strong>Anzianit\u00e0:<\/strong> 50, 100, 250, 500, 1000 uccisioni<br><em>* livello veterano 2: +1000 hp<br>* livello veterano 4: +1000 hp<br>* livello veterano 5: ripara 3 hp \/ s<\/em><\/p>\n<\/div><\/div>\n\n\n\n<div class=\"wp-block-uagb-column uagb-column__wrap uagb-column__background-undefined uagb-block-65665288\"><div class=\"uagb-column__overlay\"><\/div><div class=\"uagb-column__inner-wrap\">\n<h3 class=\"wp-block-heading\">Ace Weapons<\/h3>\n\n\n\n<p><strong>Missile da crociera a lungo raggio<br><\/strong> <em>(Missile)<\/em> 200,00 dps<br><strong>la zona:<\/strong> 3 (58,6 m)<br><strong>gamma:<\/strong> 128 (2,50 km)<br><strong>arma a proiettile:<\/strong> 2000 danni<br><strong>velocit\u00e0 di fuoco:<\/strong> 0,1 (ogni 10 s)<br><em>* livello veterano 1: +750 danni<br>* livello veterano 3: +750 danni<br><\/em><br><strong>Testata nucleare<\/strong><br><em>(Missile)<\/em><br>Danno all&#039;anello interno: 35000<br>raggio dell&#039;anello interno: 30 (586 m)<br>danno all&#039;anello esterno: 500<br>raggio dell&#039;anello esterno: 40 (781 m)<br><strong>Conservazione:<\/strong> 2 missili<\/p>\n<\/div><\/div>\n<\/div><\/section>\n<\/div><\/div>\n<\/div><\/section>","protected":false},"excerpt":{"rendered":"<p>SUMMIT CLASS BATTLESHIP The Battleship is basically an experimental unit that you can build in your naval factory. It has ungodly amounts of armor, tactical missile defenses to make sure it isn&#8217;t taken out by shore defenses before it&#8217;s had its say in the matter, and anti-air guns designed to kill gunships rather than bombers [&hellip;]<\/p>","protected":false},"author":1,"featured_media":0,"parent":231,"menu_order":0,"comment_status":"open","ping_status":"closed","template":"","meta":{"_uag_custom_page_level_css":"","site-sidebar-layout":"default","site-content-layout":"default","ast-site-content-layout":"","site-content-style":"default","site-sidebar-style":"default","ast-global-header-display":"","ast-banner-title-visibility":"","ast-main-header-display":"","ast-hfb-above-header-display":"","ast-hfb-below-header-display":"","ast-hfb-mobile-header-display":"","site-post-title":"","ast-breadcrumbs-content":"","ast-featured-img":"","footer-sml-layout":"","theme-transparent-header-meta":"default","adv-header-id-meta":"","stick-header-meta":"","header-above-stick-meta":"","header-main-stick-meta":"","header-below-stick-meta":"","astra-migrate-meta-layouts":"default","ast-page-background-enabled":"default","ast-page-background-meta":{"desktop":{"background-color":"","background-image":"","background-repeat":"repeat","background-position":"center center","background-size":"auto","background-attachment":"scroll","background-type":"","background-media":"","overlay-type":"","overlay-color":"","overlay-gradient":""},"tablet":{"background-color":"","background-image":"","background-repeat":"repeat","background-position":"center center","background-size":"auto","background-attachment":"scroll","background-type":"","background-media":"","overlay-type":"","overlay-color":"","overlay-gradient":""},"mobile":{"background-color":"","background-image":"","background-repeat":"repeat","background-position":"center center","background-size":"auto","background-attachment":"scroll","background-type":"","background-media":"","overlay-type":"","overlay-color":"","overlay-gradient":""}},"ast-content-background-meta":{"desktop":{"background-color":"var(--ast-global-color-5)","background-image":"","background-repeat":"repeat","background-position":"center center","background-size":"auto","background-attachment":"scroll","background-type":"","background-media":"","overlay-type":"","overlay-color":"","overlay-gradient":""},"tablet":{"background-color":"var(--ast-global-color-5)","background-image":"","background-repeat":"repeat","background-position":"center center","background-size":"auto","background-attachment":"scroll","background-type":"","background-media":"","overlay-type":"","overlay-color":"","overlay-gradient":""},"mobile":{"background-color":"var(--ast-global-color-5)","background-image":"","background-repeat":"repeat","background-position":"center center","background-size":"auto","background-attachment":"scroll","background-type":"","background-media":"","overlay-type":"","overlay-color":"","overlay-gradient":""}},"footnotes":""},"uagb_featured_image_src":{"full":false,"thumbnail":false,"medium":false,"medium_large":false,"large":false,"1536x1536":false,"2048x2048":false,"trp-custom-language-flag":false},"uagb_author_info":{"display_name":"SOE","author_link":"https:\/\/supcom.standardof.net\/it\/author\/k-tastic\/"},"uagb_comment_info":0,"uagb_excerpt":"SUMMIT CLASS BATTLESHIP The Battleship is basically an experimental unit that you can build in your naval factory. It has ungodly amounts of armor, tactical missile defenses to make sure it isn&#8217;t taken out by shore defenses before it&#8217;s had its say in the matter, and anti-air guns designed to kill gunships rather than bombers&hellip;","_links":{"self":[{"href":"https:\/\/supcom.standardof.net\/it\/wp-json\/wp\/v2\/pages\/402"}],"collection":[{"href":"https:\/\/supcom.standardof.net\/it\/wp-json\/wp\/v2\/pages"}],"about":[{"href":"https:\/\/supcom.standardof.net\/it\/wp-json\/wp\/v2\/types\/page"}],"author":[{"embeddable":true,"href":"https:\/\/supcom.standardof.net\/it\/wp-json\/wp\/v2\/users\/1"}],"replies":[{"embeddable":true,"href":"https:\/\/supcom.standardof.net\/it\/wp-json\/wp\/v2\/comments?post=402"}],"version-history":[{"count":0,"href":"https:\/\/supcom.standardof.net\/it\/wp-json\/wp\/v2\/pages\/402\/revisions"}],"up":[{"embeddable":true,"href":"https:\/\/supcom.standardof.net\/it\/wp-json\/wp\/v2\/pages\/231"}],"wp:attachment":[{"href":"https:\/\/supcom.standardof.net\/it\/wp-json\/wp\/v2\/media?parent=402"}],"curies":[{"name":"wp","href":"https:\/\/api.w.org\/{rel}","templated":true}]}}