{"id":479,"date":"2020-11-01T16:59:09","date_gmt":"2020-11-01T21:59:09","guid":{"rendered":"https:\/\/supcom.standardof.net\/?page_id=479"},"modified":"2020-11-03T23:12:38","modified_gmt":"2020-11-04T04:12:38","slug":"uef-experimental-units","status":"publish","type":"page","link":"https:\/\/supcom.standardof.net\/it\/supreme-commander\/uef\/unita-sperimentali\/","title":{"rendered":"Unit\u00e0 sperimentali UEF"},"content":{"rendered":"<div class=\"wp-block-uagb-table-of-contents uagb-toc__align-left uagb-toc__columns-1  uagb-block-411e1d3b\"\n\t\t\t\t\tdata-scroll= \"1\"\n\t\t\t\t\tdata-offset= \"30\"\n\t\t\t\t\tstyle=\"\"\n\t\t\t\t>\n\t\t\t\t<div class=\"uagb-toc__wrap\">\n\t\t\t\t\t\t<div class=\"uagb-toc__title\">\n\t\t\t\t\t\t\tUnit\u00e0 sperimentali UEF:\t\t\t\t\t\t<\/div>\n\t\t\t\t\t\t\t\t\t\t\t\t\t\t\t\t<div class=\"uagb-toc__list-wrap\">\n\t\t\t\t\t\t<ol class=\"uagb-toc__list\"><li class=\"uagb-toc__list\"><a href=\"#fatboy-mobile-factory\" class=\"uagb-toc-link__trigger\">FATBOY - FABBRICA MOBILE<\/a><li class=\"uagb-toc__list\"><a href=\"#atlantis-submersible-aircraft-carrier\" class=\"uagb-toc-link__trigger\">ATLANTIS - PORTAEREO SOMMERSO<\/a><li class=\"uagb-toc__list\"><a href=\"#mavor-strategic-artillery\" class=\"uagb-toc-link__trigger\">MAVOR - ARTIGLIERIA STRATEGICA<\/a><\/ol>\t\t\t\t\t<\/div>\n\t\t\t\t\t\t\t\t\t<\/div>\n\t\t\t\t<\/div>\n\t\t\t\n\n\n<section class=\"wp-block-uagb-columns uagb-columns__wrap uagb-columns__background-undefined uagb-columns__stack-mobile uagb-columns__valign-undefined uagb-columns__gap-10 alignundefined uagb-block-c763995d\"><div class=\"uagb-columns__overlay\"><\/div><div class=\"uagb-columns__inner-wrap uagb-columns__columns-1\">\n<div class=\"wp-block-uagb-column uagb-column__wrap uagb-column__background-undefined uagb-block-3daeca37\"><div class=\"uagb-column__overlay\"><\/div><div class=\"uagb-column__inner-wrap\">\n<h2 class=\"wp-block-heading\"><strong>RAGAZZO GRASSO <\/strong>- FABBRICA MOBILE<\/h2>\n\n\n\n<p><a href=\"https:\/\/www.standardof.net\/wp-content\/uploads\/2012\/12\/FATBOY-MOBILE-FACTORY.png\" class=\"rank-math-link\" target=\"_blank\" rel=\"noopener\"><\/a>Il Fatboy \u00e8 forse la migliore unit\u00e0 sperimentale del gioco. &quot;Mobile Factory&quot; non \u00e8 una descrizione molto buona; piuttosto, \u00e8 una &quot;corazzata anfibia&quot; con un minimo di supporto anti-aereo, protezione secondaria decente e scudi che le consentono di &quot;rigenerare&quot; la salute se l&#039;assalto contro di essa \u00e8 un fallimento, per non parlare della possibilit\u00e0 di costruire e schierare Ingegneri T3 mentre schermati che possono realizzare siti SAM T3 o riparazioni o qualsiasi cosa sia necessaria. Estremamente lento, ovviamente, ma anche estremamente pericoloso.<\/p>\n\n\n\n<div class=\"wp-block-image\"><figure class=\"aligncenter size-large\"><a href=\"https:\/\/supcom.standardof.net\/it\/supreme-commander\/uef\/unita-sperimentali\/fatboy-mobile-factory-supreme-commander-uef-experimental-units\/\"><img decoding=\"async\" width=\"687\" height=\"485\" src=\"https:\/\/supcom.standardof.net\/wp-content\/uploads\/sites\/8\/2020\/11\/FATBOY-MOBILE-FACTORY-Supreme-Commander-UEF-Experimental-Units.jpg\" alt=\"The Fatboy Mobile Factory, UEF Experimental Unit in Supreme Commander.\" class=\"wp-image-483\" srcset=\"https:\/\/supcom.standardof.net\/wp-content\/uploads\/sites\/8\/2020\/11\/FATBOY-MOBILE-FACTORY-Supreme-Commander-UEF-Experimental-Units.jpg 687w, https:\/\/supcom.standardof.net\/wp-content\/uploads\/sites\/8\/2020\/11\/FATBOY-MOBILE-FACTORY-Supreme-Commander-UEF-Experimental-Units-512x361.jpg 512w, https:\/\/supcom.standardof.net\/wp-content\/uploads\/sites\/8\/2020\/11\/FATBOY-MOBILE-FACTORY-Supreme-Commander-UEF-Experimental-Units-200x141.jpg 200w, https:\/\/supcom.standardof.net\/wp-content\/uploads\/sites\/8\/2020\/11\/FATBOY-MOBILE-FACTORY-Supreme-Commander-UEF-Experimental-Units-16x12.jpg 16w\" sizes=\"(max-width: 687px) 100vw, 687px\" \/><\/a><figcaption>FATBOY - FABBRICA MOBILE<\/figcaption><\/figure><\/div>\n\n\n\n<section class=\"wp-block-uagb-columns uagb-columns__wrap uagb-columns__background-undefined uagb-columns__stack-mobile uagb-columns__valign-undefined uagb-columns__gap-10 alignundefined uagb-block-54be2121\"><div class=\"uagb-columns__overlay\"><\/div><div class=\"uagb-columns__inner-wrap uagb-columns__columns-2\">\n<div class=\"wp-block-uagb-column uagb-column__wrap uagb-column__background-undefined uagb-block-ab466834\"><div class=\"uagb-column__overlay\"><\/div><div class=\"uagb-column__inner-wrap\">\n<h3 class=\"wp-block-heading\">Statistiche Fatboy<\/h3>\n\n\n\n<p><strong>Armatura:<\/strong> 25000hp<br>velocit\u00e0 di rigenerazione: 5<br><strong>Scudo:<\/strong> 25000hp<br>taglia: 20 (391m)<br>tasso di rigenerazione: 156<br>ora di inizio rigenerazione: 120<br>tempo di ricarica: 160)<br>scarico: E -500<br><strong>Abilit\u00e0:<\/strong> Siluri, costruzione (fabbrica terrestre T2 + ingegnere T3)<br><strong>Costo:<\/strong> M56400, E608400 T18000<br>stoccaggio: M200, E1000<br>velocit\u00e0 di costruzione: 60<br><strong>Intel<\/strong><br>vista: 32 (625 m)<br><strong>Fisica<\/strong><br>velocit\u00e0 massima: 1 (19,5 m \/ s)<br>velocit\u00e0 di virata: 16<br><strong>Trasporto<\/strong><br>classe: 10<br>dimensione allegare classe 2: 2<br>dimensione allegato classe 3: 4<br><strong>Anzianit\u00e0:<\/strong> 100, 200, 500, 1000, 2000 uccisioni<br><em>* livello veterano 2: +6250 hp<br>* livello veterano 4: +6250 hp<br>* livello veterano 5: ripara 2 hp \/ s<\/em><\/p>\n<\/div><\/div>\n\n\n\n<div class=\"wp-block-uagb-column uagb-column__wrap uagb-column__background-undefined uagb-block-08ef36c7\"><div class=\"uagb-column__overlay\"><\/div><div class=\"uagb-column__inner-wrap\">\n<h3 class=\"wp-block-heading\">Armi di Fatboy<\/h3>\n\n\n\n<p>4x <strong>Cannone Gauss<\/strong> (Fuoco diretto)<br>1500,00 dps,<br>portata: 100 (1,95 km)<br>arma a proiettile: 500 danni<br>x 3 proiettili = 1500 per salva<br>velocit\u00e0 di fuoco: 1 (ogni 1 s)<br><em>* livello veterano 1: +125 danni<br>* livello veterano 3: +125 danni<\/em><\/p>\n\n\n\n<p>2x <strong>Hells Fury Antisommossa<\/strong> (Fuoco diretto)<br>225,00 dps<br>portata: 40 (781 m)<br>arma a proiettile: 75 danni<br>velocit\u00e0 di fuoco: 3 (ogni 0,33 s)<br><em>&nbsp;&nbsp;&nbsp;&nbsp; * livello veterano 1: +19 danni<br>* livello veterano 3: +19 danni<\/em><\/p>\n\n\n\n<p>2x <strong>Cannone a rotaia collegato<\/strong> (Anti Aria)<br>18,00 dps,<br>portata: 44 (859 m)<br>arma a proiettile: 6 danni<br>x 2 proiettili = 12 per salva<br>velocit\u00e0 di fuoco: 1,5 (ogni 0,67 s)<br><em>&nbsp;&nbsp;&nbsp;&nbsp; * livello veterano 1: +2 danni<br>* livello veterano 3: +2 danni<\/em><\/p>\n\n\n\n<p><strong>Siluro del pescatore<\/strong> (Anti Navy)<br>187,50 dps<br>portata: 32 (625 m)<br>arma a proiettile: 750 danni<br>velocit\u00e0 di fuoco: 0,25 (ogni 4 s)<br><em>* livello veterano 1: +188 danni<br>* livello veterano 3: +188 danni<\/em><\/p>\n<\/div><\/div>\n<\/div><\/section>\n<\/div><\/div>\n<\/div><\/section>\n\n\n\n<section class=\"wp-block-uagb-columns uagb-columns__wrap uagb-columns__background-undefined uagb-columns__stack-mobile uagb-columns__valign-undefined uagb-columns__gap-10 alignundefined uagb-block-0f7bfde8\"><div class=\"uagb-columns__overlay\"><\/div><div class=\"uagb-columns__inner-wrap uagb-columns__columns-1\">\n<div class=\"wp-block-uagb-column uagb-column__wrap uagb-column__background-undefined uagb-block-cca83957\"><div class=\"uagb-column__overlay\"><\/div><div class=\"uagb-column__inner-wrap\">\n<h2 class=\"wp-block-heading\"><strong>ATLANTIDE <\/strong>- PORTA AEREO SOMMERSO<\/h2>\n\n\n\n<p><a href=\"https:\/\/www.standardof.net\/wp-content\/uploads\/2012\/12\/ATLANTIS-SUBMERSIBLE-AIRCRAFT-CARRIER.png\" class=\"rank-math-link\" target=\"_blank\" rel=\"noopener\"><\/a>L&#039;Atlantis \u00e8 un vettore costoso come una corazzata e altrettanto spaventoso nelle giuste circostanze. Ha problemi a voltarsi, ovviamente, ma \u00e8 quasi invulnerabile mentre spara siluri super potenti, e pu\u00f2 quindi emergere per lanciare il suo aereo ed estrarre i suoi missili AA di tracciamento. Sulle mappe del mare, questo \u00e8 ancora pi\u00f9 spaventoso, perch\u00e9 non lega la tua fabbrica navale T3 per diversi minuti mentre sta costruendo. In effetti, \u00e8 una fabbrica aerea galleggiante T3 con il doppio dell&#039;armatura. Questo super-sottomarino pu\u00f2 darti un vantaggio in combattimento o fuori.<\/p>\n\n\n\n<div class=\"wp-block-image\"><figure class=\"aligncenter size-large\"><a href=\"https:\/\/supcom.standardof.net\/it\/supreme-commander\/uef\/unita-sperimentali\/atlantis-submersible-aircraft-carrier-supreme-commander-uef-experimental-units\/\"><img decoding=\"async\" width=\"758\" height=\"554\" src=\"https:\/\/supcom.standardof.net\/wp-content\/uploads\/sites\/8\/2020\/11\/ATLANTIS-SUBMERSIBLE-AIRCRAFT-CARRIER-Supreme-Commander-UEF-Experimental-Units.jpg\" alt=\"La portaerei sommergibile Atlantis, unit\u00e0 sperimentale UEF in Supreme Commander.\" class=\"wp-image-482\" srcset=\"https:\/\/supcom.standardof.net\/wp-content\/uploads\/sites\/8\/2020\/11\/ATLANTIS-SUBMERSIBLE-AIRCRAFT-CARRIER-Supreme-Commander-UEF-Experimental-Units.jpg 758w, https:\/\/supcom.standardof.net\/wp-content\/uploads\/sites\/8\/2020\/11\/ATLANTIS-SUBMERSIBLE-AIRCRAFT-CARRIER-Supreme-Commander-UEF-Experimental-Units-512x374.jpg 512w, https:\/\/supcom.standardof.net\/wp-content\/uploads\/sites\/8\/2020\/11\/ATLANTIS-SUBMERSIBLE-AIRCRAFT-CARRIER-Supreme-Commander-UEF-Experimental-Units-200x146.jpg 200w, https:\/\/supcom.standardof.net\/wp-content\/uploads\/sites\/8\/2020\/11\/ATLANTIS-SUBMERSIBLE-AIRCRAFT-CARRIER-Supreme-Commander-UEF-Experimental-Units-16x12.jpg 16w\" sizes=\"(max-width: 758px) 100vw, 758px\" \/><\/a><figcaption>ATLANTIS - PORTAEREO SOMMERSO<\/figcaption><\/figure><\/div>\n\n\n\n<section class=\"wp-block-uagb-columns uagb-columns__wrap uagb-columns__background-undefined uagb-columns__stack-mobile uagb-columns__valign-undefined uagb-columns__gap-10 alignundefined uagb-block-77abd80e\"><div class=\"uagb-columns__overlay\"><\/div><div class=\"uagb-columns__inner-wrap uagb-columns__columns-2\">\n<div class=\"wp-block-uagb-column uagb-column__wrap uagb-column__background-undefined uagb-block-526ffed6\"><div class=\"uagb-column__overlay\"><\/div><div class=\"uagb-column__inner-wrap\">\n<h3 class=\"wp-block-heading\">Statistiche Atlantide<\/h3>\n\n\n\n<p><strong>Armatura:<\/strong> 40000hp<br><strong>Abilit\u00e0:<\/strong> Sommergibile, Air Staging, Costruzione, Radar<br><strong>Costo:<\/strong> M15120, E189000, T22680,<br>velocit\u00e0 di costruzione: 40<br><strong>Intel<\/strong><br>vista: 32 (625 m)<br>sonar: 150 (2,93 km)<br>vista acqua: 40 (781m)<br><strong>Fisica<\/strong><br>velocit\u00e0 massima: 2,975 (58,1 m \/ s)<br>velocit\u00e0 di virata: 6<br><strong>Trasporto<\/strong><br>classe: 10<br><strong>Anzianit\u00e0:<\/strong> 100, 200, 500, 1000, 2000 uccisioni<br><em>* livello veterano 2: +15000 hp<br>* livello veterano 4: +15000 hp<br>* livello veterano 5: ripara 3 hp \/ s<\/em><\/p>\n<\/div><\/div>\n\n\n\n<div class=\"wp-block-uagb-column uagb-column__wrap uagb-column__background-undefined uagb-block-12e3eb0b\"><div class=\"uagb-column__overlay\"><\/div><div class=\"uagb-column__inner-wrap\">\n<h3 class=\"wp-block-heading\">Armi di Atlantide<\/h3>\n\n\n\n<p>4x <strong>Siluro del pescatore<\/strong> (Anti Navy)<br>307,69 dps,<br>portata: 42 (820 m)<br>arma a proiettile: 800 danni<br>velocit\u00e0 di fuoco: 0,38 (ogni 2,6 s)<br><em>&nbsp;&nbsp;&nbsp;&nbsp; * livello veterano 1: +200 danni<br>* livello veterano 3: +200 danni<\/em><\/p>\n\n\n\n<p>4x <strong>Flayer SAM Launcher<\/strong> (Anti Aria):<br>33,00 dps, portata: 60 (1,17 km)<br>arma a proiettile: 33 danni<br>velocit\u00e0 di fuoco: 1 (ogni 1 s)<br><em>&nbsp;&nbsp;&nbsp; * livello veterano 1: +8 danni<br>* livello veterano 3: +8 danni<\/em><\/p>\n<\/div><\/div>\n<\/div><\/section>\n<\/div><\/div>\n<\/div><\/section>\n\n\n\n<section class=\"wp-block-uagb-columns uagb-columns__wrap uagb-columns__background-undefined uagb-columns__stack-mobile uagb-columns__valign-undefined uagb-columns__gap-10 alignundefined uagb-block-52dc3770\"><div class=\"uagb-columns__overlay\"><\/div><div class=\"uagb-columns__inner-wrap uagb-columns__columns-1\">\n<div class=\"wp-block-uagb-column uagb-column__wrap uagb-column__background-undefined uagb-block-11fc74e3\"><div class=\"uagb-column__overlay\"><\/div><div class=\"uagb-column__inner-wrap\">\n<h2 class=\"wp-block-heading\"><strong>MAVOR <\/strong>- ARTIGLIERIA STRATEGICA<\/h2>\n\n\n\n<p><a href=\"https:\/\/www.standardof.net\/wp-content\/uploads\/2012\/12\/MAVOR-STRATEGIC-ARTILLERY.png\" class=\"rank-math-link\" target=\"_blank\" rel=\"noopener\"><\/a>Il Mavor \u00e8 la cosa pi\u00f9 vicina in Supreme Commander a un&#039;arma definitiva. Spara artiglieria puntuale che rompe uno scudo pesante in un colpo, non ha una portata massima e richiede solo un paio di generatori di energia per continuare a funzionare, a differenza delle armi nucleari, e anche a differenza delle armi nucleari, non c&#039;\u00e8 modo di abbattere i suoi proiettili. Lo svantaggio? In ultima analisi, \u00e8 anche costoso e cos\u00ec debole che devi essere costantemente vigile per tutto, dalle corse dei bombardieri T3 ai Cybrans occultati.<\/p>\n\n\n\n<figure class=\"wp-block-gallery columns-2 is-cropped wp-block-gallery-1 is-layout-flex wp-block-gallery-is-layout-flex\"><ul class=\"blocks-gallery-grid\"><li class=\"blocks-gallery-item\"><figure><a href=\"https:\/\/supcom.standardof.net\/it\/supreme-commander\/uef\/unita-sperimentali\/mavor-strategic-artillery-supreme-commander-uef-experimental-units\/\"><img decoding=\"async\" width=\"630\" height=\"426\" src=\"https:\/\/supcom.standardof.net\/wp-content\/uploads\/sites\/8\/2020\/11\/MAVOR-STRATEGIC-ARTILLERY-Supreme-Commander-UEF-Experimental-Units.jpg\" alt=\"L&#039;artiglieria strategica Mavor, unit\u00e0 sperimentale UEF in Comandante supremo.\" data-id=\"481\" data-full-url=\"https:\/\/supcom.standardof.net\/wp-content\/uploads\/sites\/8\/2020\/11\/MAVOR-STRATEGIC-ARTILLERY-Supreme-Commander-UEF-Experimental-Units.jpg\" data-link=\"https:\/\/supcom.standardof.net\/supreme-commander\/uef\/uef-experimental-units\/mavor-strategic-artillery-supreme-commander-uef-experimental-units\/\" class=\"wp-image-481\" srcset=\"https:\/\/supcom.standardof.net\/wp-content\/uploads\/sites\/8\/2020\/11\/MAVOR-STRATEGIC-ARTILLERY-Supreme-Commander-UEF-Experimental-Units.jpg 630w, https:\/\/supcom.standardof.net\/wp-content\/uploads\/sites\/8\/2020\/11\/MAVOR-STRATEGIC-ARTILLERY-Supreme-Commander-UEF-Experimental-Units-512x346.jpg 512w, https:\/\/supcom.standardof.net\/wp-content\/uploads\/sites\/8\/2020\/11\/MAVOR-STRATEGIC-ARTILLERY-Supreme-Commander-UEF-Experimental-Units-200x135.jpg 200w, https:\/\/supcom.standardof.net\/wp-content\/uploads\/sites\/8\/2020\/11\/MAVOR-STRATEGIC-ARTILLERY-Supreme-Commander-UEF-Experimental-Units-16x12.jpg 16w\" sizes=\"(max-width: 630px) 100vw, 630px\" \/><\/a><figcaption class=\"blocks-gallery-item__caption\">MAVOR - ARTIGLIERIA STRATEGICA<\/figcaption><\/figure><\/li><li class=\"blocks-gallery-item\"><figure><a href=\"https:\/\/supcom.standardof.net\/it\/supreme-commander\/uef\/unita-sperimentali\/mavor-deployed-supreme-commander-uef-experimental-units\/\"><img decoding=\"async\" width=\"481\" height=\"454\" src=\"https:\/\/supcom.standardof.net\/wp-content\/uploads\/sites\/8\/2020\/11\/Mavor-deployed-Supreme-Commander-UEF-Experimental-Units.jpg\" alt=\"L&#039;artiglieria strategica Mavor, nella sua modalit\u00e0 di fuoco dispiegata, unit\u00e0 sperimentale UEF in Comandante supremo.\" data-id=\"484\" data-full-url=\"https:\/\/supcom.standardof.net\/wp-content\/uploads\/sites\/8\/2020\/11\/Mavor-deployed-Supreme-Commander-UEF-Experimental-Units.jpg\" data-link=\"https:\/\/supcom.standardof.net\/supreme-commander\/uef\/uef-experimental-units\/mavor-deployed-supreme-commander-uef-experimental-units\/\" class=\"wp-image-484\" srcset=\"https:\/\/supcom.standardof.net\/wp-content\/uploads\/sites\/8\/2020\/11\/Mavor-deployed-Supreme-Commander-UEF-Experimental-Units.jpg 481w, https:\/\/supcom.standardof.net\/wp-content\/uploads\/sites\/8\/2020\/11\/Mavor-deployed-Supreme-Commander-UEF-Experimental-Units-200x189.jpg 200w, https:\/\/supcom.standardof.net\/wp-content\/uploads\/sites\/8\/2020\/11\/Mavor-deployed-Supreme-Commander-UEF-Experimental-Units-13x12.jpg 13w\" sizes=\"(max-width: 481px) 100vw, 481px\" \/><\/a><figcaption class=\"blocks-gallery-item__caption\">Il MAVOR nella sua modalit\u00e0 stazionaria distribuita.<\/figcaption><\/figure><\/li><\/ul><\/figure>\n\n\n\n<section class=\"wp-block-uagb-columns uagb-columns__wrap uagb-columns__background-undefined uagb-columns__stack-mobile uagb-columns__valign-undefined uagb-columns__gap-10 alignundefined uagb-block-7f61e58d\"><div class=\"uagb-columns__overlay\"><\/div><div class=\"uagb-columns__inner-wrap uagb-columns__columns-2\">\n<div class=\"wp-block-uagb-column uagb-column__wrap uagb-column__background-undefined uagb-block-457365aa\"><div class=\"uagb-column__overlay\"><\/div><div class=\"uagb-column__inner-wrap\">\n<h3 class=\"wp-block-heading\">Statistiche Mavor<\/h3>\n\n\n\n<p><strong>Armatura:<\/strong> 8000hp<br><strong>Costo:<\/strong> M302400, E9000000, T216000<br><strong>Intel<\/strong><br>vista: 28 (547m)<br><strong>Fisica<\/strong><br>dimensione per adiacenza: 16<br><strong>Anzianit\u00e0:<\/strong> 100, 200, 500, 1000, 2000 uccisioni<\/p>\n<\/div><\/div>\n\n\n\n<div class=\"wp-block-uagb-column uagb-column__wrap uagb-column__background-undefined uagb-block-677fbb91\"><div class=\"uagb-column__overlay\"><\/div><div class=\"uagb-column__inner-wrap\">\n<h3 class=\"wp-block-heading\">Armi Mavor<\/h3>\n\n\n\n<p><strong>Artiglieria antimateria<\/strong> (Artiglieria)<br>2750,00 dps,<br>area: 7 (137m),<br>gamma: 128 (2,50 km) - 4000 (78,1 km)<br>arma a proiettile: 22000 danni<br>casualit\u00e0 di sparo: 0,18<br>velocit\u00e0 di fuoco: 0,125 (ogni 8 s)<br>energia richiesta: 20000<br>(-5000 per 4 secondi)<\/p>\n<\/div><\/div>\n<\/div><\/section>\n<\/div><\/div>\n<\/div><\/section>","protected":false},"excerpt":{"rendered":"<p>FATBOY &#8211; MOBILE FACTORY The Fatboy is perhaps the game&#8217;s best experimental unit. &#8220;Mobile Factory&#8221; is not a very good description; rather, it is an &#8220;Amphibious Battleship&#8221; with a modicum of anti-air support, decent sub protection, and shields that let it &#8220;regenerate&#8221; health if the assault against it is a failure, to say nothing of [&hellip;]<\/p>","protected":false},"author":1,"featured_media":0,"parent":231,"menu_order":0,"comment_status":"open","ping_status":"closed","template":"","meta":{"_uag_custom_page_level_css":"","site-sidebar-layout":"default","site-content-layout":"default","ast-site-content-layout":"","site-content-style":"default","site-sidebar-style":"default","ast-global-header-display":"","ast-banner-title-visibility":"","ast-main-header-display":"","ast-hfb-above-header-display":"","ast-hfb-below-header-display":"","ast-hfb-mobile-header-display":"","site-post-title":"","ast-breadcrumbs-content":"","ast-featured-img":"","footer-sml-layout":"","theme-transparent-header-meta":"default","adv-header-id-meta":"","stick-header-meta":"","header-above-stick-meta":"","header-main-stick-meta":"","header-below-stick-meta":"","astra-migrate-meta-layouts":"default","ast-page-background-enabled":"default","ast-page-background-meta":{"desktop":{"background-color":"","background-image":"","background-repeat":"repeat","background-position":"center center","background-size":"auto","background-attachment":"scroll","background-type":"","background-media":"","overlay-type":"","overlay-color":"","overlay-gradient":""},"tablet":{"background-color":"","background-image":"","background-repeat":"repeat","background-position":"center center","background-size":"auto","background-attachment":"scroll","background-type":"","background-media":"","overlay-type":"","overlay-color":"","overlay-gradient":""},"mobile":{"background-color":"","background-image":"","background-repeat":"repeat","background-position":"center center","background-size":"auto","background-attachment":"scroll","background-type":"","background-media":"","overlay-type":"","overlay-color":"","overlay-gradient":""}},"ast-content-background-meta":{"desktop":{"background-color":"var(--ast-global-color-5)","background-image":"","background-repeat":"repeat","background-position":"center center","background-size":"auto","background-attachment":"scroll","background-type":"","background-media":"","overlay-type":"","overlay-color":"","overlay-gradient":""},"tablet":{"background-color":"var(--ast-global-color-5)","background-image":"","background-repeat":"repeat","background-position":"center center","background-size":"auto","background-attachment":"scroll","background-type":"","background-media":"","overlay-type":"","overlay-color":"","overlay-gradient":""},"mobile":{"background-color":"var(--ast-global-color-5)","background-image":"","background-repeat":"repeat","background-position":"center center","background-size":"auto","background-attachment":"scroll","background-type":"","background-media":"","overlay-type":"","overlay-color":"","overlay-gradient":""}},"footnotes":""},"uagb_featured_image_src":{"full":false,"thumbnail":false,"medium":false,"medium_large":false,"large":false,"1536x1536":false,"2048x2048":false,"trp-custom-language-flag":false},"uagb_author_info":{"display_name":"SOE","author_link":"https:\/\/supcom.standardof.net\/it\/author\/k-tastic\/"},"uagb_comment_info":0,"uagb_excerpt":"FATBOY &#8211; MOBILE FACTORY The Fatboy is perhaps the game&#8217;s best experimental unit. &#8220;Mobile Factory&#8221; is not a very good description; rather, it is an &#8220;Amphibious Battleship&#8221; with a modicum of anti-air support, decent sub protection, and shields that let it &#8220;regenerate&#8221; health if the assault against it is a failure, to say nothing of&hellip;","_links":{"self":[{"href":"https:\/\/supcom.standardof.net\/it\/wp-json\/wp\/v2\/pages\/479"}],"collection":[{"href":"https:\/\/supcom.standardof.net\/it\/wp-json\/wp\/v2\/pages"}],"about":[{"href":"https:\/\/supcom.standardof.net\/it\/wp-json\/wp\/v2\/types\/page"}],"author":[{"embeddable":true,"href":"https:\/\/supcom.standardof.net\/it\/wp-json\/wp\/v2\/users\/1"}],"replies":[{"embeddable":true,"href":"https:\/\/supcom.standardof.net\/it\/wp-json\/wp\/v2\/comments?post=479"}],"version-history":[{"count":0,"href":"https:\/\/supcom.standardof.net\/it\/wp-json\/wp\/v2\/pages\/479\/revisions"}],"up":[{"embeddable":true,"href":"https:\/\/supcom.standardof.net\/it\/wp-json\/wp\/v2\/pages\/231"}],"wp:attachment":[{"href":"https:\/\/supcom.standardof.net\/it\/wp-json\/wp\/v2\/media?parent=479"}],"curies":[{"name":"wp","href":"https:\/\/api.w.org\/{rel}","templated":true}]}}