{"id":503,"date":"2020-11-01T18:06:48","date_gmt":"2020-11-01T23:06:48","guid":{"rendered":"https:\/\/supcom.standardof.net\/?page_id=503"},"modified":"2020-11-03T21:40:35","modified_gmt":"2020-11-04T02:40:35","slug":"aeon","status":"publish","type":"page","link":"https:\/\/supcom.standardof.net\/it\/supreme-commander\/eone\/","title":{"rendered":"EONE"},"content":{"rendered":"<h2 class=\"has-text-align-center wp-block-heading\">UNIT\u00c0 AEON<\/h2>\n\n\n\n<div class=\"wp-block-image\"><figure class=\"aligncenter size-large\"><a href=\"https:\/\/supcom.standardof.net\/it\/supreme-commander\/eone\/sup-com-aeon-commander-promo\/\"><img decoding=\"async\" width=\"600\" height=\"635\" src=\"https:\/\/supcom.standardof.net\/wp-content\/uploads\/sites\/8\/2020\/11\/Sup-Com-Aeon-Commander-Promo.jpg\" alt=\"\" class=\"wp-image-505\" srcset=\"https:\/\/supcom.standardof.net\/wp-content\/uploads\/sites\/8\/2020\/11\/Sup-Com-Aeon-Commander-Promo.jpg 600w, https:\/\/supcom.standardof.net\/wp-content\/uploads\/sites\/8\/2020\/11\/Sup-Com-Aeon-Commander-Promo-484x512.jpg 484w, https:\/\/supcom.standardof.net\/wp-content\/uploads\/sites\/8\/2020\/11\/Sup-Com-Aeon-Commander-Promo-189x200.jpg 189w, https:\/\/supcom.standardof.net\/wp-content\/uploads\/sites\/8\/2020\/11\/Sup-Com-Aeon-Commander-Promo-11x12.jpg 11w\" sizes=\"(max-width: 600px) 100vw, 600px\" \/><\/a><\/figure><\/div>\n\n\n\n<p>Le unit\u00e0 uniche di Aeon sono i 3 sperimentali e il T1 Attack Boat. Le unit\u00e0 Aeon sono tutte concentrate verso un unico scopo, spesso con una sola pistola. Tendono ad avere meno salute, ma compensano la manovrabilit\u00e0. <\/p>\n\n\n\n<p>L&#039;Aeon ha una marina potente, soprattutto se includi l&#039;hovercraft Aurora T1. <\/p>\n\n\n\n<p>Gli ingegneri di Aeon possono sacrificarsi per aggiungere parte del loro costo a un progetto di costruzione, il che pu\u00f2 essere utile in caso di necessit\u00e0 se \u00e8 necessario completare un&#039;unit\u00e0 cruciale o tornare indietro dal limite dell&#039;unit\u00e0. <\/p>\n\n\n\n<p>Il loro bot d&#039;assedio T3 \u00e8 particolarmente utile, in quanto pu\u00f2 riparare i suoi amici e sopravvivere a molti danni. <\/p>\n\n\n\n<p>L&#039;Aeon ACU pu\u00f2 diventare un formidabile combattente con potenziamenti per armi e scudi o una potenza economica con il suo potenziamento per l&#039;allocazione avanzata delle risorse. Tuttavia, ha meno salute delle ACU delle altre fazioni.<\/p>\n\n\n\n<section class=\"wp-block-uagb-columns uagb-columns__wrap uagb-columns__background-undefined uagb-columns__stack-mobile uagb-columns__valign-undefined uagb-columns__gap-10 alignundefined uagb-block-992c4446\"><div class=\"uagb-columns__overlay\"><\/div><div class=\"uagb-columns__inner-wrap uagb-columns__columns-1\">\n<div class=\"wp-block-uagb-column uagb-column__wrap uagb-column__background-undefined uagb-block-58a6a7d3\"><div class=\"uagb-column__overlay\"><\/div><div class=\"uagb-column__inner-wrap\">\n<h3 class=\"wp-block-heading\">Aeon Commanders<\/h3>\n\n\n\n<ul><li><a href=\"https:\/\/supcom.standardof.net\/it\/supreme-commander\/eone\/aeon-comandante\/\" class=\"rank-math-link\">Comandante (ACU)<\/a><\/li><li><a href=\"https:\/\/supcom.standardof.net\/it\/supreme-commander\/eone\/aeon-subcommander\/\" class=\"rank-math-link\">Subcommander (SCU)<\/a><\/li><\/ul>\n<\/div><\/div>\n<\/div><\/section>\n\n\n\n<section class=\"wp-block-uagb-columns uagb-columns__wrap uagb-columns__background-undefined uagb-columns__stack-mobile uagb-columns__valign-undefined uagb-columns__gap-10 alignundefined uagb-block-e67cf774\"><div class=\"uagb-columns__overlay\"><\/div><div class=\"uagb-columns__inner-wrap uagb-columns__columns-3\">\n<div class=\"wp-block-uagb-column uagb-column__wrap uagb-column__background-undefined uagb-block-0fef7ff6\"><div class=\"uagb-column__overlay\"><\/div><div class=\"uagb-column__inner-wrap\">\n<h3 class=\"wp-block-heading\" id=\"Land-Units\">Unit\u00e0 di terra<\/h3>\n\n\n\n<ul><li><a href=\"https:\/\/supcom.standardof.net\/it\/supreme-commander\/eone\/tech-1-eon-land-units\/\" class=\"rank-math-link\">Tier 1 Land<\/a><\/li><li><a href=\"https:\/\/supcom.standardof.net\/it\/supreme-commander\/eone\/tech-2-eon-land-units\/\" class=\"rank-math-link\">Tier 2 Land<\/a><\/li><li><a href=\"https:\/\/supcom.standardof.net\/it\/supreme-commander\/eone\/tech-3-eon-land-units\/\" class=\"rank-math-link\">Tier 3 Land<\/a><\/li><\/ul>\n<\/div><\/div>\n\n\n\n<div class=\"wp-block-uagb-column uagb-column__wrap uagb-column__background-undefined uagb-block-4581dca4\"><div class=\"uagb-column__overlay\"><\/div><div class=\"uagb-column__inner-wrap\">\n<h3 class=\"wp-block-heading\" id=\"Air-Units\">Unit\u00e0 aeree<\/h3>\n\n\n\n<ul><li><a href=\"https:\/\/supcom.standardof.net\/it\/supreme-commander\/eone\/tech-1-aeon-air-units\/\" class=\"rank-math-link\">Tier 1 Air<\/a><\/li><li><a href=\"https:\/\/supcom.standardof.net\/it\/supreme-commander\/eone\/tech-2-aeon-air-units\/\" class=\"rank-math-link\">Tier 2 Air<\/a><\/li><li><a href=\"https:\/\/supcom.standardof.net\/it\/supreme-commander\/eone\/tech-3-eon-air-units\/\" class=\"rank-math-link\">Tier 3 Air<\/a><\/li><\/ul>\n<\/div><\/div>\n\n\n\n<div class=\"wp-block-uagb-column uagb-column__wrap uagb-column__background-undefined uagb-block-d2cba97a\"><div class=\"uagb-column__overlay\"><\/div><div class=\"uagb-column__inner-wrap\">\n<h3 class=\"wp-block-heading\" id=\"Naval-Units\">Unit\u00e0 navali<\/h3>\n\n\n\n<ul><li><a href=\"https:\/\/supcom.standardof.net\/it\/supreme-commander\/eone\/tech-1-eon-naval-units\/\" class=\"rank-math-link\">Livello 1 navale<\/a><\/li><li><a href=\"https:\/\/supcom.standardof.net\/it\/supreme-commander\/eone\/tech-2-eon-naval-units\/\" class=\"rank-math-link\">Livello 2 navale<\/a><\/li><li><a href=\"https:\/\/supcom.standardof.net\/it\/supreme-commander\/eone\/tech-3-eon-naval-units\/\" class=\"rank-math-link\">Livello 3 navale<\/a><\/li><\/ul>\n<\/div><\/div>\n<\/div><\/section>\n\n\n\n<section class=\"wp-block-uagb-columns uagb-columns__wrap uagb-columns__background-undefined uagb-columns__stack-mobile uagb-columns__valign-undefined uagb-columns__gap-10 alignundefined uagb-block-9a9cb927\"><div class=\"uagb-columns__overlay\"><\/div><div class=\"uagb-columns__inner-wrap uagb-columns__columns-2\">\n<div class=\"wp-block-uagb-column uagb-column__wrap uagb-column__background-undefined uagb-block-4ac07b24\"><div class=\"uagb-column__overlay\"><\/div><div class=\"uagb-column__inner-wrap\">\n<h3 class=\"wp-block-heading\" id=\"Defenses\">Difese<\/h3>\n\n\n\n<ul><li><a href=\"https:\/\/supcom.standardof.net\/it\/supreme-commander\/eone\/tech-1-eon-difese\/\" class=\"rank-math-link\">Difese di livello 1<\/a><\/li><li><a href=\"https:\/\/supcom.standardof.net\/it\/supreme-commander\/eone\/tech-2-eon-difese\/\" class=\"rank-math-link\">Difese di livello 2<\/a><\/li><li><a href=\"https:\/\/supcom.standardof.net\/it\/supreme-commander\/eone\/tech-3-eon-difese\/\" class=\"rank-math-link\">Difese di livello 3<\/a><\/li><\/ul>\n<\/div><\/div>\n\n\n\n<div class=\"wp-block-uagb-column uagb-column__wrap uagb-column__background-undefined uagb-block-5c128fb3\"><div class=\"uagb-column__overlay\"><\/div><div class=\"uagb-column__inner-wrap\">\n<h3 class=\"wp-block-heading\" id=\"Economy\">Economia<\/h3>\n\n\n\n<ul><li><a href=\"https:\/\/supcom.standardof.net\/it\/supreme-commander\/eone\/tech-1-eon-economy-edifici\/\" class=\"rank-math-link\">Tier 1 Economy<\/a><\/li><li><a href=\"https:\/\/supcom.standardof.net\/it\/supreme-commander\/eone\/tech-2-aeon-economy-edifici\/\" class=\"rank-math-link\">Tier 2 Economy<\/a><\/li><li><a href=\"https:\/\/supcom.standardof.net\/it\/supreme-commander\/eone\/tech-3-eon-economy-edifici\/\" class=\"rank-math-link\">Tier 3 Economy<\/a><\/li><\/ul>\n<\/div><\/div>\n<\/div><\/section>\n\n\n\n<section class=\"wp-block-uagb-columns uagb-columns__wrap uagb-columns__background-undefined uagb-columns__stack-mobile uagb-columns__valign-undefined uagb-columns__gap-10 alignundefined uagb-block-b41b05e2\"><div class=\"uagb-columns__overlay\"><\/div><div class=\"uagb-columns__inner-wrap uagb-columns__columns-1\">\n<div class=\"wp-block-uagb-column uagb-column__wrap uagb-column__background-undefined uagb-block-e7776ae9\"><div class=\"uagb-column__overlay\"><\/div><div class=\"uagb-column__inner-wrap\">\n<h3 class=\"wp-block-heading\"><a href=\"https:\/\/supcom.standardof.net\/it\/supreme-commander\/eone\/eone-unita-sperimentali\/\" class=\"rank-math-link\">Unit\u00e0 sperimentali<\/a><\/h3>\n<\/div><\/div>\n<\/div><\/section>","protected":false},"excerpt":{"rendered":"<p>AEON UNITS The Aeon&#8217;s unique units are the 3 experimentals and the T1 Attack Boat. Aeon units are all focused towards a single purpose, often with only one gun. They tend to have less health, but make up for it in maneuverability. The Aeon has a powerful navy, especially if you include the Aurora T1 [&hellip;]<\/p>","protected":false},"author":1,"featured_media":0,"parent":14,"menu_order":0,"comment_status":"open","ping_status":"closed","template":"","meta":{"_uag_custom_page_level_css":"","site-sidebar-layout":"default","site-content-layout":"default","ast-site-content-layout":"","site-content-style":"default","site-sidebar-style":"default","ast-global-header-display":"","ast-banner-title-visibility":"","ast-main-header-display":"","ast-hfb-above-header-display":"","ast-hfb-below-header-display":"","ast-hfb-mobile-header-display":"","site-post-title":"","ast-breadcrumbs-content":"","ast-featured-img":"","footer-sml-layout":"","theme-transparent-header-meta":"default","adv-header-id-meta":"","stick-header-meta":"","header-above-stick-meta":"","header-main-stick-meta":"","header-below-stick-meta":"","astra-migrate-meta-layouts":"default","ast-page-background-enabled":"default","ast-page-background-meta":{"desktop":{"background-color":"","background-image":"","background-repeat":"repeat","background-position":"center center","background-size":"auto","background-attachment":"scroll","background-type":"","background-media":"","overlay-type":"","overlay-color":"","overlay-gradient":""},"tablet":{"background-color":"","background-image":"","background-repeat":"repeat","background-position":"center center","background-size":"auto","background-attachment":"scroll","background-type":"","background-media":"","overlay-type":"","overlay-color":"","overlay-gradient":""},"mobile":{"background-color":"","background-image":"","background-repeat":"repeat","background-position":"center center","background-size":"auto","background-attachment":"scroll","background-type":"","background-media":"","overlay-type":"","overlay-color":"","overlay-gradient":""}},"ast-content-background-meta":{"desktop":{"background-color":"var(--ast-global-color-5)","background-image":"","background-repeat":"repeat","background-position":"center center","background-size":"auto","background-attachment":"scroll","background-type":"","background-media":"","overlay-type":"","overlay-color":"","overlay-gradient":""},"tablet":{"background-color":"var(--ast-global-color-5)","background-image":"","background-repeat":"repeat","background-position":"center center","background-size":"auto","background-attachment":"scroll","background-type":"","background-media":"","overlay-type":"","overlay-color":"","overlay-gradient":""},"mobile":{"background-color":"var(--ast-global-color-5)","background-image":"","background-repeat":"repeat","background-position":"center center","background-size":"auto","background-attachment":"scroll","background-type":"","background-media":"","overlay-type":"","overlay-color":"","overlay-gradient":""}},"footnotes":""},"uagb_featured_image_src":{"full":false,"thumbnail":false,"medium":false,"medium_large":false,"large":false,"1536x1536":false,"2048x2048":false,"trp-custom-language-flag":false},"uagb_author_info":{"display_name":"SOE","author_link":"https:\/\/supcom.standardof.net\/it\/author\/k-tastic\/"},"uagb_comment_info":0,"uagb_excerpt":"AEON UNITS The Aeon&#8217;s unique units are the 3 experimentals and the T1 Attack Boat. Aeon units are all focused towards a single purpose, often with only one gun. They tend to have less health, but make up for it in maneuverability. The Aeon has a powerful navy, especially if you include the Aurora T1&hellip;","_links":{"self":[{"href":"https:\/\/supcom.standardof.net\/it\/wp-json\/wp\/v2\/pages\/503"}],"collection":[{"href":"https:\/\/supcom.standardof.net\/it\/wp-json\/wp\/v2\/pages"}],"about":[{"href":"https:\/\/supcom.standardof.net\/it\/wp-json\/wp\/v2\/types\/page"}],"author":[{"embeddable":true,"href":"https:\/\/supcom.standardof.net\/it\/wp-json\/wp\/v2\/users\/1"}],"replies":[{"embeddable":true,"href":"https:\/\/supcom.standardof.net\/it\/wp-json\/wp\/v2\/comments?post=503"}],"version-history":[{"count":0,"href":"https:\/\/supcom.standardof.net\/it\/wp-json\/wp\/v2\/pages\/503\/revisions"}],"up":[{"embeddable":true,"href":"https:\/\/supcom.standardof.net\/it\/wp-json\/wp\/v2\/pages\/14"}],"wp:attachment":[{"href":"https:\/\/supcom.standardof.net\/it\/wp-json\/wp\/v2\/media?parent=503"}],"curies":[{"name":"wp","href":"https:\/\/api.w.org\/{rel}","templated":true}]}}