{"id":579,"date":"2020-11-02T10:52:37","date_gmt":"2020-11-02T15:52:37","guid":{"rendered":"https:\/\/supcom.standardof.net\/?page_id=579"},"modified":"2020-11-04T00:31:03","modified_gmt":"2020-11-04T05:31:03","slug":"cybran-tech-3-land-units","status":"publish","type":"page","link":"https:\/\/supcom.standardof.net\/it\/supreme-commander\/cybran\/cybran-tech-3-land-units\/","title":{"rendered":"Cybran Tech 3 unit\u00e0 di terra"},"content":{"rendered":"<div class=\"wp-block-uagb-table-of-contents uagb-toc__align-left uagb-toc__columns-1  uagb-block-54bddcb1\"\n\t\t\t\t\tdata-scroll= \"1\"\n\t\t\t\t\tdata-offset= \"30\"\n\t\t\t\t\tstyle=\"\"\n\t\t\t\t>\n\t\t\t\t<div class=\"uagb-toc__wrap\">\n\t\t\t\t\t\t<div class=\"uagb-toc__title\">\n\t\t\t\t\t\t\tCybran Tech 3 unit\u00e0 terrestri:\t\t\t\t\t\t<\/div>\n\t\t\t\t\t\t\t\t\t\t\t\t\t\t\t\t<div class=\"uagb-toc__list-wrap\">\n\t\t\t\t\t\t<ol class=\"uagb-toc__list\"><li class=\"uagb-toc__list\"><a href=\"#t3-engineer-tech-3-cybran-constructor\" class=\"uagb-toc-link__trigger\">T3 ENGINEER - TECH 3 COSTRUTTORE CIBRANO<\/a><li class=\"uagb-toc__list\"><a href=\"#loyalist-siege-assault-bot\" class=\"uagb-toc-link__trigger\">LOYALIST - BOT ASSALTO ASSEDIO<\/a><li class=\"uagb-toc__list\"><a href=\"#trebuchet-mobile-heavy-artillery\" class=\"uagb-toc-link__trigger\">TREBUCHET - ARTIGLIERIA PESANTE MOBILE<\/a><\/ol>\t\t\t\t\t<\/div>\n\t\t\t\t\t\t\t\t\t<\/div>\n\t\t\t\t<\/div>\n\t\t\t\n\n\n<section class=\"wp-block-uagb-columns uagb-columns__wrap uagb-columns__background-undefined uagb-columns__stack-mobile uagb-columns__valign-undefined uagb-columns__gap-10 alignundefined uagb-block-dc5752f1\"><div class=\"uagb-columns__overlay\"><\/div><div class=\"uagb-columns__inner-wrap uagb-columns__columns-1\">\n<div class=\"wp-block-uagb-column uagb-column__wrap uagb-column__background-undefined uagb-block-a73609e9\"><div class=\"uagb-column__overlay\"><\/div><div class=\"uagb-column__inner-wrap\">\n<h2 class=\"wp-block-heading\"><strong>INGEGNERE T3 <\/strong>- TECH 3 COSTRUTTORE CIBRANO<\/h2>\n\n\n\n<p>L&#039;ingegnere T3 si presenta molto pi\u00f9 frequentemente degli altri ingegneri; una dovrebbe essere sempre la prima cosa che esce dalla tua fabbrica. Possono far ripartire la tua economia, assistere le fabbriche a un ritmo utile e portarti alla fine dei giochi. Non \u00e8 mai male avere troppi ingegneri. Inoltre, se vengono inviati per costruire difese o riparare un obiettivo cruciale, dureranno molto pi\u00f9 a lungo sotto il fuoco nemico. Sfortunatamente, questi ragazzi sono molto lenti, la met\u00e0 della velocit\u00e0 delle unit\u00e0 di supporto T2.<\/p>\n\n\n\n<div class=\"wp-block-image\"><figure class=\"aligncenter size-large\"><a href=\"https:\/\/supcom.standardof.net\/it\/supreme-commander\/cybran\/cybran-tech-3-land-units\/cybran-tech-3-engineer-supreme-commander-cybran-tech-1-land-units\/\"><img decoding=\"async\" width=\"438\" height=\"324\" src=\"https:\/\/supcom.standardof.net\/wp-content\/uploads\/sites\/8\/2020\/11\/Cybran-Tech-3-Engineer-Supreme-Commander-Cybran-Tech-1-Land-Units.jpg\" alt=\"L&#039;ingegnere T3, unit\u00e0 terrestre Cybran Tech 3 in Supreme Commander.\" class=\"wp-image-582\" srcset=\"https:\/\/supcom.standardof.net\/wp-content\/uploads\/sites\/8\/2020\/11\/Cybran-Tech-3-Engineer-Supreme-Commander-Cybran-Tech-1-Land-Units.jpg 438w, https:\/\/supcom.standardof.net\/wp-content\/uploads\/sites\/8\/2020\/11\/Cybran-Tech-3-Engineer-Supreme-Commander-Cybran-Tech-1-Land-Units-200x148.jpg 200w, https:\/\/supcom.standardof.net\/wp-content\/uploads\/sites\/8\/2020\/11\/Cybran-Tech-3-Engineer-Supreme-Commander-Cybran-Tech-1-Land-Units-16x12.jpg 16w\" sizes=\"(max-width: 438px) 100vw, 438px\" \/><\/a><figcaption>INGEGNERE - COSTRUTTORE CIBRANO TECNICO 3<\/figcaption><\/figure><\/div>\n\n\n\n<section class=\"wp-block-uagb-columns uagb-columns__wrap uagb-columns__background-undefined uagb-columns__stack-mobile uagb-columns__valign-undefined uagb-columns__gap-10 alignundefined uagb-block-9bbd651c\"><div class=\"uagb-columns__overlay\"><\/div><div class=\"uagb-columns__inner-wrap uagb-columns__columns-2\">\n<div class=\"wp-block-uagb-column uagb-column__wrap uagb-column__background-undefined uagb-block-8d9b8d65\"><div class=\"uagb-column__overlay\"><\/div><div class=\"uagb-column__inner-wrap\">\n<h3 class=\"wp-block-heading\">Statistiche ingegnere T3<\/h3>\n\n\n\n<p><strong>Armatura:<\/strong> 1350hp<br><strong>Abilit\u00e0: <\/strong>Engineering Suite, anfibio<br><strong>Costo:<\/strong> M561, E2970, T990<br>&nbsp;&nbsp;&nbsp;&nbsp; velocit\u00e0 di creazione: 15<br>&nbsp;&nbsp;&nbsp;&nbsp; stoccaggio: M20, E100<br><strong>Intel<\/strong><br>&nbsp;&nbsp;&nbsp;&nbsp; vista: 26 (508 m)<br><strong>Fisica<\/strong><br>&nbsp;&nbsp;&nbsp;&nbsp; velocit\u00e0 massima: 1,6 (31,3 m \/ s)<br>&nbsp;&nbsp;&nbsp;&nbsp; velocit\u00e0 di virata: 70<br><em>* livello veterano 2: +338 hp<br>* livello veterano 4: +338 hp<br>* livello veterano 5: ripara 2 hp \/ s<\/em><\/p>\n<\/div><\/div>\n\n\n\n<div class=\"wp-block-uagb-column uagb-column__wrap uagb-column__background-undefined uagb-block-6bc831dd\"><div class=\"uagb-column__overlay\"><\/div><div class=\"uagb-column__inner-wrap\"><\/div><\/div>\n<\/div><\/section>\n<\/div><\/div>\n<\/div><\/section>\n\n\n\n<section class=\"wp-block-uagb-columns uagb-columns__wrap uagb-columns__background-undefined uagb-columns__stack-mobile uagb-columns__valign-undefined uagb-columns__gap-10 alignundefined uagb-block-d69e8d97\"><div class=\"uagb-columns__overlay\"><\/div><div class=\"uagb-columns__inner-wrap uagb-columns__columns-1\">\n<div class=\"wp-block-uagb-column uagb-column__wrap uagb-column__background-undefined uagb-block-aa58e628\"><div class=\"uagb-column__overlay\"><\/div><div class=\"uagb-column__inner-wrap\">\n<h2 class=\"wp-block-heading\"><strong>LOYALIST <\/strong>- ASSALTO DI ASSALTO BOT<\/h2>\n\n\n\n<p><a href=\"https:\/\/www.standardof.net\/wp-content\/uploads\/2012\/12\/Loyalist-Siege-Assault-Bot.png\" class=\"rank-math-link\" target=\"_blank\" rel=\"noopener\"><\/a>Il lealista infligge molti danni, suddiviso in due pistole per renderlo pi\u00f9 efficace contro pi\u00f9 bersagli, e la sua salute surclassa ancora qualsiasi cosa che non sia il bot d&#039;assalto T3 di un&#039;altra fazione, ma la sua bassa portata e l&#039;armatura lo rendono pi\u00f9 utile in sostituzione di le tue forze di terra che come attacco tattico contro il comandante nemico. A differenza della maggior parte delle unit\u00e0 Cybran, in realt\u00e0 \u00e8 pi\u00f9 economico delle sue controparti, il che significa che puoi avere un piccolo vantaggio se le hai trattenute con le tue squadre Viper. \u00c8 anche adatto per ottenere il vantaggio contro le forze T2 nemiche poich\u00e9 \u00e8 pi\u00f9 difficile da colpire con i lanciamissili mobili.<\/p>\n\n\n\n<div class=\"wp-block-image\"><figure class=\"aligncenter size-large\"><a href=\"https:\/\/supcom.standardof.net\/it\/supreme-commander\/cybran\/cybran-tech-3-land-units\/loyalist-siege-assault-bot-supreme-commander-cybran-tech-1-land-units\/\"><img decoding=\"async\" width=\"514\" height=\"466\" src=\"https:\/\/supcom.standardof.net\/wp-content\/uploads\/sites\/8\/2020\/11\/Loyalist-Siege-Assault-Bot-Supreme-Commander-Cybran-Tech-1-Land-Units.jpg\" alt=\"The Loyalist Siege Assault Bot, Cybran Tech 3 Land Unit in Supreme Commander.\" class=\"wp-image-583\" srcset=\"https:\/\/supcom.standardof.net\/wp-content\/uploads\/sites\/8\/2020\/11\/Loyalist-Siege-Assault-Bot-Supreme-Commander-Cybran-Tech-1-Land-Units.jpg 514w, https:\/\/supcom.standardof.net\/wp-content\/uploads\/sites\/8\/2020\/11\/Loyalist-Siege-Assault-Bot-Supreme-Commander-Cybran-Tech-1-Land-Units-512x464.jpg 512w, https:\/\/supcom.standardof.net\/wp-content\/uploads\/sites\/8\/2020\/11\/Loyalist-Siege-Assault-Bot-Supreme-Commander-Cybran-Tech-1-Land-Units-200x181.jpg 200w, https:\/\/supcom.standardof.net\/wp-content\/uploads\/sites\/8\/2020\/11\/Loyalist-Siege-Assault-Bot-Supreme-Commander-Cybran-Tech-1-Land-Units-13x12.jpg 13w\" sizes=\"(max-width: 514px) 100vw, 514px\" \/><\/a><figcaption>LOYALIST - ASSALTO DI ASSALTO BOT<\/figcaption><\/figure><\/div>\n\n\n\n<section class=\"wp-block-uagb-columns uagb-columns__wrap uagb-columns__background-undefined uagb-columns__stack-mobile uagb-columns__valign-undefined uagb-columns__gap-10 alignundefined uagb-block-a456628a\"><div class=\"uagb-columns__overlay\"><\/div><div class=\"uagb-columns__inner-wrap uagb-columns__columns-2\">\n<div class=\"wp-block-uagb-column uagb-column__wrap uagb-column__background-undefined uagb-block-f7e6fcd3\"><div class=\"uagb-column__overlay\"><\/div><div class=\"uagb-column__inner-wrap\">\n<h3 class=\"wp-block-heading\">Statistiche lealiste<\/h3>\n\n\n\n<p><strong>Armatura:<\/strong> 4200hp<br><strong>Costo:<\/strong> M510, E3990, T1200<br><strong>Intel<\/strong><br>&nbsp;&nbsp;&nbsp;&nbsp; vista: 25 (488m)<br><strong>Fisica<\/strong><br>&nbsp;&nbsp;&nbsp;&nbsp; velocit\u00e0 massima: 3 (58,6 m \/ s)<br>&nbsp;&nbsp;&nbsp;&nbsp; velocit\u00e0 di virata: 146<br><strong>Classe di trasporto:<\/strong> 3<br><strong>Anzianit\u00e0: <\/strong>30, 60, 150, 300, 600 uccisioni<br><em>* livello veterano 2: +250 hp<br>* livello veterano 4: +250 hp<br>* livello veterano 5: ripara 2 hp \/ s<\/em><\/p>\n<\/div><\/div>\n\n\n\n<div class=\"wp-block-uagb-column uagb-column__wrap uagb-column__background-undefined uagb-block-9e26872f\"><div class=\"uagb-column__overlay\"><\/div><div class=\"uagb-column__inner-wrap\">\n<h3 class=\"wp-block-heading\">Armi lealiste<\/h3>\n\n\n\n<p><strong>Laser a impulsi disintegratore<\/strong> (Fuoco diretto)<br>&nbsp;&nbsp;&nbsp;&nbsp; 82,50 dps,<br><strong>gamma:<\/strong> 25 (488 m)<br><strong>arma a proiettile:<\/strong> 55 danni<br>&nbsp;&nbsp;&nbsp;&nbsp; x 3 proiettili = 165 danni per salva<br><strong>velocit\u00e0 di fuoco:<\/strong> 3 (ogni 0,33 s)<br><em>* livello veterano 1: +14 danni<br>* livello veterano 3: +14 danni<\/em><\/p>\n\n\n\n<p><strong>Bolter di elettroni pesanti<\/strong> (Fuoco diretto)<br>&nbsp;&nbsp;&nbsp;&nbsp; 33,33 dps<br>portata: 25 (488 m)<br>arma a proiettile: 10 danni<br>velocit\u00e0 di fuoco: 3,33 (ogni 0,3 s)<br><em>* livello veterano 1: +3 danni<br>* livello veterano 3: +3 danni<\/em><\/p>\n\n\n\n<p><strong>EMP Death Blast<\/strong>&nbsp;<br>&nbsp;&nbsp;&nbsp;&nbsp; 0,50 dps<br>area: 10 (195m)<br>arma a proiettile: 1 danno<br><em>* Stordisce le unit\u00e0 nemiche<\/em><\/p>\n<\/div><\/div>\n<\/div><\/section>\n<\/div><\/div>\n<\/div><\/section>\n\n\n\n<section class=\"wp-block-uagb-columns uagb-columns__wrap uagb-columns__background-undefined uagb-columns__stack-mobile uagb-columns__valign-undefined uagb-columns__gap-10 alignundefined uagb-block-f7e81700\"><div class=\"uagb-columns__overlay\"><\/div><div class=\"uagb-columns__inner-wrap uagb-columns__columns-1\">\n<div class=\"wp-block-uagb-column uagb-column__wrap uagb-column__background-undefined uagb-block-0984fdb7\"><div class=\"uagb-column__overlay\"><\/div><div class=\"uagb-column__inner-wrap\">\n<h2 class=\"wp-block-heading\"><strong>TREBUCHET <\/strong>- ARTIGLIERIA PESANTE MOBILE<\/h2>\n\n\n\n<p><a href=\"https:\/\/www.standardof.net\/wp-content\/uploads\/2012\/12\/Trebuchet-Mobile-Heavy-Artillery.png\" class=\"rank-math-link\" target=\"_blank\" rel=\"noopener\"><\/a>L&#039;artiglieria pesante Cybran \u00e8 piuttosto debole, poich\u00e9 in realt\u00e0 non fa molti danni a ogni colpo. La sua vastissima area di effetto sarebbe fantastica se potesse muoversi mentre spara come l&#039;artiglieria Aeon, ma invece si limita a disperdersi sugli scudi nemici. La bassa velocit\u00e0 di fuoco combinata con il generatore di furtivit\u00e0 Cybran pu\u00f2 consentirti di ottenere il primo colpo, ma a meno che questo non sia l&#039;unico grande punto di cui hai bisogno per superare il tuo avversario, non vale la pena il microgestione.<\/p>\n\n\n\n<div class=\"wp-block-image\"><figure class=\"aligncenter size-large\"><a href=\"https:\/\/supcom.standardof.net\/it\/supreme-commander\/cybran\/cybran-tech-3-land-units\/trebuchet-mobile-heavy-artillery-supreme-commander-cybran-tech-1-land-units\/\"><img decoding=\"async\" width=\"492\" height=\"402\" src=\"https:\/\/supcom.standardof.net\/wp-content\/uploads\/sites\/8\/2020\/11\/Trebuchet-Mobile-Heavy-Artillery-Supreme-Commander-Cybran-Tech-1-Land-Units.jpg\" alt=\"La Trebuchet Mobile Heavy Artillery, Cybran Tech 3 Land Unit in Supreme Commander.\" class=\"wp-image-581\" srcset=\"https:\/\/supcom.standardof.net\/wp-content\/uploads\/sites\/8\/2020\/11\/Trebuchet-Mobile-Heavy-Artillery-Supreme-Commander-Cybran-Tech-1-Land-Units.jpg 492w, https:\/\/supcom.standardof.net\/wp-content\/uploads\/sites\/8\/2020\/11\/Trebuchet-Mobile-Heavy-Artillery-Supreme-Commander-Cybran-Tech-1-Land-Units-200x163.jpg 200w, https:\/\/supcom.standardof.net\/wp-content\/uploads\/sites\/8\/2020\/11\/Trebuchet-Mobile-Heavy-Artillery-Supreme-Commander-Cybran-Tech-1-Land-Units-16x12.jpg 16w\" sizes=\"(max-width: 492px) 100vw, 492px\" \/><\/a><figcaption>TREBUCHET - ARTIGLIERIA PESANTE MOBILE<\/figcaption><\/figure><\/div>\n\n\n\n<section class=\"wp-block-uagb-columns uagb-columns__wrap uagb-columns__background-undefined uagb-columns__stack-mobile uagb-columns__valign-undefined uagb-columns__gap-10 alignundefined uagb-block-840c391f\"><div class=\"uagb-columns__overlay\"><\/div><div class=\"uagb-columns__inner-wrap uagb-columns__columns-2\">\n<div class=\"wp-block-uagb-column uagb-column__wrap uagb-column__background-undefined uagb-block-f629327d\"><div class=\"uagb-column__overlay\"><\/div><div class=\"uagb-column__inner-wrap\">\n<h3 class=\"wp-block-heading\">Statistiche Trebuchet<\/h3>\n\n\n\n<p><strong>Armatura:<\/strong> 850 CV<br><strong>Abilit\u00e0:<\/strong> Distribuisce (immobile durante lo sparo)<br><strong>Costo:<\/strong> M800, E8000, T2400<br><strong>Intel<\/strong><br>&nbsp;&nbsp;&nbsp;&nbsp; vista: 26 (508 m)<br><strong>Fisica<\/strong><br>&nbsp;&nbsp;&nbsp;&nbsp; velocit\u00e0 massima: 2,7 (52,7 m \/ s)<br>&nbsp;&nbsp;&nbsp;&nbsp; velocit\u00e0 di rotazione: 20<br><strong>Classe di trasporto:<\/strong> 3<strong><br>Anzianit\u00e0:<\/strong> 30, 60, 150, 300, 600 uccisioni<br><em>* livello veterano 2: +213 hp<br>* livello veterano 4: +213 hp<br>* livello veterano 5: ripara 2 hp \/ s<\/em><\/p>\n<\/div><\/div>\n\n\n\n<div class=\"wp-block-uagb-column uagb-column__wrap uagb-column__background-undefined uagb-block-75419839\"><div class=\"uagb-column__overlay\"><\/div><div class=\"uagb-column__inner-wrap\">\n<h3 class=\"wp-block-heading\">Armi Trabucco<\/h3>\n\n\n\n<p><strong>Artiglieria protonica<\/strong> (Artiglieria)<br>&nbsp;&nbsp;&nbsp;&nbsp; 35,00 dps, area: 7 (137 m)<br>portata: 25 (488 m) - 70 (1,37 km)<br>arma a proiettile: 700 danni<br>velocit\u00e0 di fuoco: 0,05 (ogni 20 secondi)<br><em>* livello veterano 1: +175 danni<br>* livello veterano 3: +175 danni<\/em><\/p>\n<\/div><\/div>\n<\/div><\/section>\n<\/div><\/div>\n<\/div><\/section>","protected":false},"excerpt":{"rendered":"<p>T3 ENGINEER \u2013 TECH 3 CYBRAN CONSTRUCTOR The T3 Engineer shows up much more frequently than the other engineers; one should always be the first thing out of your factory. They can jumpstart your economy, assist factories at a useful rate, and get you into the endgame. It&#8217;s never bad to have too many engineers. [&hellip;]<\/p>","protected":false},"author":1,"featured_media":0,"parent":538,"menu_order":0,"comment_status":"open","ping_status":"closed","template":"","meta":{"_uag_custom_page_level_css":"","site-sidebar-layout":"default","site-content-layout":"default","ast-site-content-layout":"","site-content-style":"default","site-sidebar-style":"default","ast-global-header-display":"","ast-banner-title-visibility":"","ast-main-header-display":"","ast-hfb-above-header-display":"","ast-hfb-below-header-display":"","ast-hfb-mobile-header-display":"","site-post-title":"","ast-breadcrumbs-content":"","ast-featured-img":"","footer-sml-layout":"","theme-transparent-header-meta":"default","adv-header-id-meta":"","stick-header-meta":"","header-above-stick-meta":"","header-main-stick-meta":"","header-below-stick-meta":"","astra-migrate-meta-layouts":"default","ast-page-background-enabled":"default","ast-page-background-meta":{"desktop":{"background-color":"","background-image":"","background-repeat":"repeat","background-position":"center center","background-size":"auto","background-attachment":"scroll","background-type":"","background-media":"","overlay-type":"","overlay-color":"","overlay-gradient":""},"tablet":{"background-color":"","background-image":"","background-repeat":"repeat","background-position":"center center","background-size":"auto","background-attachment":"scroll","background-type":"","background-media":"","overlay-type":"","overlay-color":"","overlay-gradient":""},"mobile":{"background-color":"","background-image":"","background-repeat":"repeat","background-position":"center center","background-size":"auto","background-attachment":"scroll","background-type":"","background-media":"","overlay-type":"","overlay-color":"","overlay-gradient":""}},"ast-content-background-meta":{"desktop":{"background-color":"var(--ast-global-color-5)","background-image":"","background-repeat":"repeat","background-position":"center center","background-size":"auto","background-attachment":"scroll","background-type":"","background-media":"","overlay-type":"","overlay-color":"","overlay-gradient":""},"tablet":{"background-color":"var(--ast-global-color-5)","background-image":"","background-repeat":"repeat","background-position":"center center","background-size":"auto","background-attachment":"scroll","background-type":"","background-media":"","overlay-type":"","overlay-color":"","overlay-gradient":""},"mobile":{"background-color":"var(--ast-global-color-5)","background-image":"","background-repeat":"repeat","background-position":"center center","background-size":"auto","background-attachment":"scroll","background-type":"","background-media":"","overlay-type":"","overlay-color":"","overlay-gradient":""}},"footnotes":""},"uagb_featured_image_src":{"full":false,"thumbnail":false,"medium":false,"medium_large":false,"large":false,"1536x1536":false,"2048x2048":false,"trp-custom-language-flag":false},"uagb_author_info":{"display_name":"SOE","author_link":"https:\/\/supcom.standardof.net\/it\/author\/k-tastic\/"},"uagb_comment_info":0,"uagb_excerpt":"T3 ENGINEER \u2013 TECH 3 CYBRAN CONSTRUCTOR The T3 Engineer shows up much more frequently than the other engineers; one should always be the first thing out of your factory. They can jumpstart your economy, assist factories at a useful rate, and get you into the endgame. It&#8217;s never bad to have too many engineers.&hellip;","_links":{"self":[{"href":"https:\/\/supcom.standardof.net\/it\/wp-json\/wp\/v2\/pages\/579"}],"collection":[{"href":"https:\/\/supcom.standardof.net\/it\/wp-json\/wp\/v2\/pages"}],"about":[{"href":"https:\/\/supcom.standardof.net\/it\/wp-json\/wp\/v2\/types\/page"}],"author":[{"embeddable":true,"href":"https:\/\/supcom.standardof.net\/it\/wp-json\/wp\/v2\/users\/1"}],"replies":[{"embeddable":true,"href":"https:\/\/supcom.standardof.net\/it\/wp-json\/wp\/v2\/comments?post=579"}],"version-history":[{"count":0,"href":"https:\/\/supcom.standardof.net\/it\/wp-json\/wp\/v2\/pages\/579\/revisions"}],"up":[{"embeddable":true,"href":"https:\/\/supcom.standardof.net\/it\/wp-json\/wp\/v2\/pages\/538"}],"wp:attachment":[{"href":"https:\/\/supcom.standardof.net\/it\/wp-json\/wp\/v2\/media?parent=579"}],"curies":[{"name":"wp","href":"https:\/\/api.w.org\/{rel}","templated":true}]}}