{"id":587,"date":"2020-11-02T13:59:18","date_gmt":"2020-11-02T18:59:18","guid":{"rendered":"https:\/\/supcom.standardof.net\/?page_id=587"},"modified":"2020-11-04T00:31:57","modified_gmt":"2020-11-04T05:31:57","slug":"cybran-tech-1-air-units","status":"publish","type":"page","link":"https:\/\/supcom.standardof.net\/it\/supreme-commander\/cybran\/cybran-tech-1-air-units\/","title":{"rendered":"Unit\u00e0 aeree Cybran Tech 1"},"content":{"rendered":"<div class=\"wp-block-uagb-table-of-contents uagb-toc__align-left uagb-toc__columns-1  uagb-block-6625e1c4\"\n\t\t\t\t\tdata-scroll= \"1\"\n\t\t\t\t\tdata-offset= \"30\"\n\t\t\t\t\tstyle=\"\"\n\t\t\t\t>\n\t\t\t\t<div class=\"uagb-toc__wrap\">\n\t\t\t\t\t\t<div class=\"uagb-toc__title\">\n\t\t\t\t\t\t\tUnit\u00e0 aeree Cybran Tech 1:\t\t\t\t\t\t<\/div>\n\t\t\t\t\t\t\t\t\t\t\t\t\t\t\t\t<div class=\"uagb-toc__list-wrap\">\n\t\t\t\t\t\t<ol class=\"uagb-toc__list\"><li class=\"uagb-toc__list\"><a href=\"#flying-eyes-air-scout\" class=\"uagb-toc-link__trigger\">OCCHI VOLANTI - AIR SCOUT<\/a><li class=\"uagb-toc__list\"><a href=\"#prowler-interceptor\" class=\"uagb-toc-link__trigger\">PROWLER - INTERCEPTOR<\/a><li class=\"uagb-toc__list\"><a href=\"#zeus-attack-bomber\" class=\"uagb-toc-link__trigger\">ZEUS - BOMBER D&#039;ATTACCO<\/a><li class=\"uagb-toc__list\"><a href=\"#skyhook-light-air-transport\" class=\"uagb-toc-link__trigger\">SKYHOOK - TRASPORTO AEREO LEGGERO<\/a><\/ol>\t\t\t\t\t<\/div>\n\t\t\t\t\t\t\t\t\t<\/div>\n\t\t\t\t<\/div>\n\t\t\t\n\n\n<section class=\"wp-block-uagb-columns uagb-columns__wrap uagb-columns__background-undefined uagb-columns__stack-mobile uagb-columns__valign-undefined uagb-columns__gap-10 alignundefined uagb-block-3d05a265\"><div class=\"uagb-columns__overlay\"><\/div><div class=\"uagb-columns__inner-wrap uagb-columns__columns-1\">\n<div class=\"wp-block-uagb-column uagb-column__wrap uagb-column__background-undefined uagb-block-54871dc0\"><div class=\"uagb-column__overlay\"><\/div><div class=\"uagb-column__inner-wrap\">\n<h2 class=\"wp-block-heading\"><strong>OCCHI VOLANTI<\/strong> - AIR SCOUT<\/h2>\n\n\n\n<p><a href=\"https:\/\/www.standardof.net\/wp-content\/uploads\/2012\/12\/Flying-Eyes-Air-Scout.png\" class=\"rank-math-link\" target=\"_blank\" rel=\"noopener\"><\/a>L&#039;Air Scout \u00e8 estremamente economico, ed \u00e8 questa virt\u00f9 che lo rende utile. Mentre un intercettore si spinge spesso pi\u00f9 lontano in una base nemica, un singolo esploratore aereo nella coda di costruzione ti consentir\u00e0 di accumulare una serie di esploratori che possono attraversare la mappa alla ricerca di una via leggermente difesa e per meno di 1 massa al secondo. Lo scout Cybran ha un raggio visivo sorprendentemente ampio, in realt\u00e0, in modo che possa competere con il loro esploratore di terra.<\/p>\n\n\n\n<div class=\"wp-block-image\"><figure class=\"aligncenter size-large\"><a href=\"https:\/\/supcom.standardof.net\/it\/supreme-commander\/cybran\/cybran-tech-1-air-units\/flying-eyes-air-scout-supreme-commander-cybran-tech-1-air-units\/\"><img decoding=\"async\" width=\"678\" height=\"540\" src=\"https:\/\/supcom.standardof.net\/wp-content\/uploads\/sites\/8\/2020\/11\/Flying-Eyes-Air-Scout-Supreme-Commander-Cybran-Tech-1-Air-Units.jpg\" alt=\"Il Flying Eyes Air Scout, unit\u00e0 aerea Cybran Tech 1 in Supreme Commander.\" class=\"wp-image-588\" srcset=\"https:\/\/supcom.standardof.net\/wp-content\/uploads\/sites\/8\/2020\/11\/Flying-Eyes-Air-Scout-Supreme-Commander-Cybran-Tech-1-Air-Units.jpg 678w, https:\/\/supcom.standardof.net\/wp-content\/uploads\/sites\/8\/2020\/11\/Flying-Eyes-Air-Scout-Supreme-Commander-Cybran-Tech-1-Air-Units-512x408.jpg 512w, https:\/\/supcom.standardof.net\/wp-content\/uploads\/sites\/8\/2020\/11\/Flying-Eyes-Air-Scout-Supreme-Commander-Cybran-Tech-1-Air-Units-200x159.jpg 200w, https:\/\/supcom.standardof.net\/wp-content\/uploads\/sites\/8\/2020\/11\/Flying-Eyes-Air-Scout-Supreme-Commander-Cybran-Tech-1-Air-Units-16x12.jpg 16w\" sizes=\"(max-width: 678px) 100vw, 678px\" \/><\/a><figcaption>OCCHI VOLANTI - AIR SCOUT<\/figcaption><\/figure><\/div>\n\n\n\n<section class=\"wp-block-uagb-columns uagb-columns__wrap uagb-columns__background-undefined uagb-columns__stack-mobile uagb-columns__valign-undefined uagb-columns__gap-10 alignundefined uagb-block-182854c9\"><div class=\"uagb-columns__overlay\"><\/div><div class=\"uagb-columns__inner-wrap uagb-columns__columns-2\">\n<div class=\"wp-block-uagb-column uagb-column__wrap uagb-column__background-undefined uagb-block-67290363\"><div class=\"uagb-column__overlay\"><\/div><div class=\"uagb-column__inner-wrap\">\n<h3 class=\"wp-block-heading\">Statistiche Flying Eyes<\/h3>\n\n\n\n<p><strong>Armatura:<\/strong> 3hp (leggero)<br><strong>Costo:<\/strong> M12, E600, T140<br><strong>Intel<\/strong><br>     vista: 80 (1,56 km)<br><strong>Fisica<\/strong><br>     velocit\u00e0 massima: 10 (195 m \/ s)<br>     velocit\u00e0 di rotazione: 100<br>     altitudine: 20 (391m)<br><strong>Classe di trasporto:<\/strong> 1<br><em>* livello veterano 2: +1 hp<br>* livello veterano 4: +1 hp<br>* livello veterano 5: ripara 1 hp \/ s<\/em><\/p>\n<\/div><\/div>\n\n\n\n<div class=\"wp-block-uagb-column uagb-column__wrap uagb-column__background-undefined uagb-block-74a26d45\"><div class=\"uagb-column__overlay\"><\/div><div class=\"uagb-column__inner-wrap\">\n<h3 class=\"wp-block-heading\">Armi degli occhi volanti<\/h3>\n\n\n\n<p><strong>Incidente aereo<\/strong> (Morte)<br>10 danni<br><strong>la zona:<\/strong> 1 (19,5 m)<\/p>\n<\/div><\/div>\n<\/div><\/section>\n<\/div><\/div>\n<\/div><\/section>\n\n\n\n<section class=\"wp-block-uagb-columns uagb-columns__wrap uagb-columns__background-undefined uagb-columns__stack-mobile uagb-columns__valign-undefined uagb-columns__gap-10 alignundefined uagb-block-25b241ac\"><div class=\"uagb-columns__overlay\"><\/div><div class=\"uagb-columns__inner-wrap uagb-columns__columns-1\">\n<div class=\"wp-block-uagb-column uagb-column__wrap uagb-column__background-undefined uagb-block-7c805ca7\"><div class=\"uagb-column__overlay\"><\/div><div class=\"uagb-column__inner-wrap\">\n<h2 class=\"wp-block-heading\"><strong>PROWLER <\/strong>- INTERCETTORE<\/h2>\n\n\n\n<p><a href=\"https:\/\/www.standardof.net\/wp-content\/uploads\/2012\/12\/Prowler-Interceptor.png\" class=\"rank-math-link\" target=\"_blank\" rel=\"noopener\"><\/a>Gli intercettori sono il pane quotidiano della tua difesa aerea. Sono veloci, efficaci ed economici, il che significa che puoi impostare gli ingegneri per costruire di pi\u00f9 senza dover mettere in pausa gli altri tuoi progetti. Consiglio di avere una Air Factory impostata per costruire infiniti intercettori per l&#039;intero gioco. Per compensare la sua scarsa salute, l&#039;intercettore Cybran ha due pistole, il che rende pi\u00f9 probabile che colpisca.<\/p>\n\n\n\n<div class=\"wp-block-image\"><figure class=\"aligncenter size-large\"><a href=\"https:\/\/supcom.standardof.net\/it\/supreme-commander\/cybran\/cybran-tech-1-air-units\/prowler-interceptor-supreme-commander-cybran-tech-1-air-units\/\"><img decoding=\"async\" width=\"552\" height=\"412\" src=\"https:\/\/supcom.standardof.net\/wp-content\/uploads\/sites\/8\/2020\/11\/Prowler-Interceptor-Supreme-Commander-Cybran-Tech-1-Air-Units.jpg\" alt=\"Il Prowler Interceptor, unit\u00e0 aerea Cybran Tech 1 in Supreme Commander.\" class=\"wp-image-589\" srcset=\"https:\/\/supcom.standardof.net\/wp-content\/uploads\/sites\/8\/2020\/11\/Prowler-Interceptor-Supreme-Commander-Cybran-Tech-1-Air-Units.jpg 552w, https:\/\/supcom.standardof.net\/wp-content\/uploads\/sites\/8\/2020\/11\/Prowler-Interceptor-Supreme-Commander-Cybran-Tech-1-Air-Units-512x382.jpg 512w, https:\/\/supcom.standardof.net\/wp-content\/uploads\/sites\/8\/2020\/11\/Prowler-Interceptor-Supreme-Commander-Cybran-Tech-1-Air-Units-200x149.jpg 200w, https:\/\/supcom.standardof.net\/wp-content\/uploads\/sites\/8\/2020\/11\/Prowler-Interceptor-Supreme-Commander-Cybran-Tech-1-Air-Units-16x12.jpg 16w\" sizes=\"(max-width: 552px) 100vw, 552px\" \/><\/a><figcaption>PROWLER - INTERCEPTOR<\/figcaption><\/figure><\/div>\n\n\n\n<section class=\"wp-block-uagb-columns uagb-columns__wrap uagb-columns__background-undefined uagb-columns__stack-mobile uagb-columns__valign-undefined uagb-columns__gap-10 alignundefined uagb-block-876786c0\"><div class=\"uagb-columns__overlay\"><\/div><div class=\"uagb-columns__inner-wrap uagb-columns__columns-2\">\n<div class=\"wp-block-uagb-column uagb-column__wrap uagb-column__background-undefined uagb-block-1379da99\"><div class=\"uagb-column__overlay\"><\/div><div class=\"uagb-column__inner-wrap\">\n<h3 class=\"wp-block-heading\">Statistiche Prowler<\/h3>\n\n\n\n<p><strong>Armatura:<\/strong> 16 CV (leggero)<br><strong>Costo:<\/strong> M38, E2280, T380<br><strong>Intel<\/strong><br>&nbsp;&nbsp;&nbsp;&nbsp; vista: 32 (625 m)<br><strong>Fisica<\/strong><br>     velocit\u00e0 massima: 17 (332 m \/ s)<br>     velocit\u00e0 di rotazione: 100<br>     altitudine: 18 (352m)<br>     ingaggio distanza: 50 (977m)<br><strong>Classe di trasporto:<\/strong> 1<br><strong>Anzianit\u00e0: <\/strong>5, 10, 25, 50, 100 uccisioni<br><em>* livello veterano 2: +4 hp<br>* livello veterano 4: +4 hp<br>* livello veterano 5: ripara 1 hp \/ s<\/em><\/p>\n<\/div><\/div>\n\n\n\n<div class=\"wp-block-uagb-column uagb-column__wrap uagb-column__background-undefined uagb-block-0241ec6d\"><div class=\"uagb-column__overlay\"><\/div><div class=\"uagb-column__inner-wrap\">\n<h3 class=\"wp-block-heading\">Armi Prowler<\/h3>\n\n\n\n<p>2x <strong>Autocannone elettronico<\/strong> (Anti Aria)<br>10,20 dps<br><strong>gamma:<\/strong> 20 (391 m)<br><strong>arma a proiettile:<\/strong> 4 danni<br>x 3 proiettili = 12 danni per salva<br><strong>velocit\u00e0 di fuoco:<\/strong> 0,85 (ogni 1,18 s)<br><em>* livello veterano 1: +1 danno<br>* livello veterano 3: +1 danno<\/em><\/p>\n\n\n\n<p><strong>Incidente aereo<\/strong> (Morte)<br>25 danni<br><strong>la zona:<\/strong> 1 (19,5 m)<\/p>\n<\/div><\/div>\n<\/div><\/section>\n<\/div><\/div>\n<\/div><\/section>\n\n\n\n<section class=\"wp-block-uagb-columns uagb-columns__wrap uagb-columns__background-undefined uagb-columns__stack-mobile uagb-columns__valign-undefined uagb-columns__gap-10 alignundefined uagb-block-6f842e41\"><div class=\"uagb-columns__overlay\"><\/div><div class=\"uagb-columns__inner-wrap uagb-columns__columns-1\">\n<div class=\"wp-block-uagb-column uagb-column__wrap uagb-column__background-undefined uagb-block-834f2791\"><div class=\"uagb-column__overlay\"><\/div><div class=\"uagb-column__inner-wrap\">\n<h2 class=\"wp-block-heading\"><strong>ZEUS <\/strong>- ATTACCO BOMBER<\/h2>\n\n\n\n<p><a href=\"https:\/\/www.standardof.net\/wp-content\/uploads\/2012\/12\/Zeus-Attack-Bomber.png\" class=\"rank-math-link\" target=\"_blank\" rel=\"noopener\"><\/a>L&#039;attentatore Cybran va benissimo per quello che fa: creare una minaccia precoce che costringe l&#039;avversario a inviare i suoi intercettori. Se non hai il respiro per aggiornare la tua fabbrica aerea a livelli elevati, puoi produrre grandi pacchetti di bombardieri che trasformano un attacco fallito al Comandante in un successo. I bombardieri Cybran hanno poca salute ma possono colpire meravigliosamente le unit\u00e0 in movimento.<\/p>\n\n\n\n<div class=\"wp-block-image\"><figure class=\"aligncenter size-large\"><a href=\"https:\/\/supcom.standardof.net\/it\/supreme-commander\/cybran\/cybran-tech-1-air-units\/zeus-attack-bomber-supreme-commander-cybran-tech-1-air-units\/\"><img decoding=\"async\" width=\"774\" height=\"534\" src=\"https:\/\/supcom.standardof.net\/wp-content\/uploads\/sites\/8\/2020\/11\/Zeus-Attack-Bomber-Supreme-Commander-Cybran-Tech-1-Air-Units.jpg\" alt=\"Il bombardiere d&#039;attacco Zeus, unit\u00e0 aerea Cybran Tech 1 in Supreme Commander.\" class=\"wp-image-591\" srcset=\"https:\/\/supcom.standardof.net\/wp-content\/uploads\/sites\/8\/2020\/11\/Zeus-Attack-Bomber-Supreme-Commander-Cybran-Tech-1-Air-Units.jpg 774w, https:\/\/supcom.standardof.net\/wp-content\/uploads\/sites\/8\/2020\/11\/Zeus-Attack-Bomber-Supreme-Commander-Cybran-Tech-1-Air-Units-512x353.jpg 512w, https:\/\/supcom.standardof.net\/wp-content\/uploads\/sites\/8\/2020\/11\/Zeus-Attack-Bomber-Supreme-Commander-Cybran-Tech-1-Air-Units-200x138.jpg 200w, https:\/\/supcom.standardof.net\/wp-content\/uploads\/sites\/8\/2020\/11\/Zeus-Attack-Bomber-Supreme-Commander-Cybran-Tech-1-Air-Units-768x530.jpg 768w, https:\/\/supcom.standardof.net\/wp-content\/uploads\/sites\/8\/2020\/11\/Zeus-Attack-Bomber-Supreme-Commander-Cybran-Tech-1-Air-Units-16x12.jpg 16w\" sizes=\"(max-width: 774px) 100vw, 774px\" \/><\/a><figcaption>ZEUS - ATTACCO BOMBER<\/figcaption><\/figure><\/div>\n\n\n\n<section class=\"wp-block-uagb-columns uagb-columns__wrap uagb-columns__background-undefined uagb-columns__stack-mobile uagb-columns__valign-undefined uagb-columns__gap-10 alignundefined uagb-block-0f9c9449\"><div class=\"uagb-columns__overlay\"><\/div><div class=\"uagb-columns__inner-wrap uagb-columns__columns-2\">\n<div class=\"wp-block-uagb-column uagb-column__wrap uagb-column__background-undefined uagb-block-a4fe0fad\"><div class=\"uagb-column__overlay\"><\/div><div class=\"uagb-column__inner-wrap\">\n<h3 class=\"wp-block-heading\">Statistiche Zeus<\/h3>\n\n\n\n<p><strong>Armatura:<\/strong> 19 CV (leggero)<br><strong>Costo:<\/strong> M171, E3420, T570<br><strong>Intel<\/strong><br>&nbsp;&nbsp;&nbsp;&nbsp; vista: 32 (625 m)<br><strong>Fisica<\/strong><br>     velocit\u00e0 massima: 12 (234m \/ s)<br>     altitudine: 18 (352m)<br>     ingaggio distanza: 50 (977m)<br><strong>Classe di trasporto:<\/strong> 2<strong><br>Anzianit\u00e0:<\/strong> 5, 10, 25, 50, 100 uccisioni<br><em>* livello veterano 2: +4 hp<br>* livello veterano 4: +4 hp<br>* livello veterano 5: ripara 1 hp \/ s<\/em><\/p>\n<\/div><\/div>\n\n\n\n<div class=\"wp-block-uagb-column uagb-column__wrap uagb-column__background-undefined uagb-block-402126f6\"><div class=\"uagb-column__overlay\"><\/div><div class=\"uagb-column__inner-wrap\">\n<h3 class=\"wp-block-heading\">Armi di Zeus<\/h3>\n\n\n\n<p><strong>Bomba a grappolo di neutroni<\/strong> (Bomba)<br>150,00 dps<br><strong>la zona:<\/strong> 3 (58,6 m)<br><strong>gamma:<\/strong> 5 (97,7 m)<br><strong>arma a proiettile:<\/strong> 50 danni<br>x 6 proiettili = 300 danni per salva<br><strong>velocit\u00e0 di fuoco:<\/strong> 0,5 (ogni 2 s)<br><em>* livello veterano 1: +13 danni<br>* livello veterano 3: +13 danni<\/em><\/p>\n\n\n\n<p><strong>Incidente aereo<\/strong> (Morte)<br>100 danni<br><strong>la zona:<\/strong> 1 (19,5 m)<\/p>\n<\/div><\/div>\n<\/div><\/section>\n<\/div><\/div>\n<\/div><\/section>\n\n\n\n<section class=\"wp-block-uagb-columns uagb-columns__wrap uagb-columns__background-undefined uagb-columns__stack-mobile uagb-columns__valign-undefined uagb-columns__gap-10 alignundefined uagb-block-86c4e267\"><div class=\"uagb-columns__overlay\"><\/div><div class=\"uagb-columns__inner-wrap uagb-columns__columns-1\">\n<div class=\"wp-block-uagb-column uagb-column__wrap uagb-column__background-undefined uagb-block-73586c6f\"><div class=\"uagb-column__overlay\"><\/div><div class=\"uagb-column__inner-wrap\">\n<h2 class=\"wp-block-heading\"><strong>SKYHOOK <\/strong>- TRASPORTO AEREO LEGGERO<\/h2>\n\n\n\n<p><a href=\"https:\/\/www.standardof.net\/wp-content\/uploads\/2012\/12\/Skyhook-Light-Air-Transport.png\" class=\"rank-math-link\" target=\"_blank\" rel=\"noopener\"><\/a>Il vantaggio di avere un trasporto aereo anticipato \u00e8 duplice: puoi trasportare in aereo i tuoi robot d&#039;assalto e avere una cannoniera volante per uccidere le forze T1 nemiche, oppure puoi effettuare lanci pi\u00f9 pericolosi di unit\u00e0 o ingegneri dietro le linee nemiche. Non fare affidamento su di loro per vivere oltre una goccia, per\u00f2; sono principalmente l\u00ec per incutere la paura nei cuori dei tuoi nemici piuttosto che per consegnare effettivamente la vittoria. Trasporta 6 unit\u00e0 T1, 3 unit\u00e0 T2 o 1 unit\u00e0 T3.<\/p>\n\n\n\n<div class=\"wp-block-image\"><figure class=\"aligncenter size-large\"><a href=\"https:\/\/supcom.standardof.net\/it\/supreme-commander\/cybran\/cybran-tech-1-air-units\/skyhook-light-air-transport-supreme-commander-cybran-tech-1-air-units\/\"><img decoding=\"async\" width=\"500\" height=\"292\" src=\"https:\/\/supcom.standardof.net\/wp-content\/uploads\/sites\/8\/2020\/11\/Skyhook-Light-Air-Transport-Supreme-Commander-Cybran-Tech-1-Air-Units.jpg\" alt=\"Il trasporto aereo leggero Skyhook, unit\u00e0 aerea Cybran Tech 1 in Supreme Commander.\" class=\"wp-image-590\" srcset=\"https:\/\/supcom.standardof.net\/wp-content\/uploads\/sites\/8\/2020\/11\/Skyhook-Light-Air-Transport-Supreme-Commander-Cybran-Tech-1-Air-Units.jpg 500w, https:\/\/supcom.standardof.net\/wp-content\/uploads\/sites\/8\/2020\/11\/Skyhook-Light-Air-Transport-Supreme-Commander-Cybran-Tech-1-Air-Units-200x117.jpg 200w, https:\/\/supcom.standardof.net\/wp-content\/uploads\/sites\/8\/2020\/11\/Skyhook-Light-Air-Transport-Supreme-Commander-Cybran-Tech-1-Air-Units-16x9.jpg 16w\" sizes=\"(max-width: 500px) 100vw, 500px\" \/><\/a><figcaption>SKYHOOK - TRASPORTO AEREO LEGGERO<\/figcaption><\/figure><\/div>\n\n\n\n<section class=\"wp-block-uagb-columns uagb-columns__wrap uagb-columns__background-undefined uagb-columns__stack-mobile uagb-columns__valign-undefined uagb-columns__gap-10 alignundefined uagb-block-cf709c17\"><div class=\"uagb-columns__overlay\"><\/div><div class=\"uagb-columns__inner-wrap uagb-columns__columns-2\">\n<div class=\"wp-block-uagb-column uagb-column__wrap uagb-column__background-undefined uagb-block-8235e37e\"><div class=\"uagb-column__overlay\"><\/div><div class=\"uagb-column__inner-wrap\">\n<h3 class=\"wp-block-heading\">Statistiche Skyhook<\/h3>\n\n\n\n<p><strong>Armatura:<\/strong> 90 CV (leggero)<br><strong>Abilit\u00e0:<\/strong> Trasporto (trasporta unit\u00e0 terrestri T1-T3)<br><strong>Costo:<\/strong> M120, E4800, T600<br><strong>Intel<\/strong><br>&nbsp;&nbsp;&nbsp;&nbsp; vista: 32 (625 m)<br><strong>Fisica<\/strong><br>     velocit\u00e0 massima: 15 (293 m \/ s)<br>     altitudine: 10 (195m)<br><strong>Spazio di trasporto:<\/strong> 6<br>     dimensione allegare classe 2: 2<br>     dimensione allegato classe 3: 4<br><em>* livello veterano 2: +23 hp<br>* livello veterano 4: +23 hp<br>* livello veterano 5: ripara 1 hp \/ s<\/em><\/p>\n<\/div><\/div>\n\n\n\n<div class=\"wp-block-uagb-column uagb-column__wrap uagb-column__background-undefined uagb-block-ea474949\"><div class=\"uagb-column__overlay\"><\/div><div class=\"uagb-column__inner-wrap\"><\/div><\/div>\n<\/div><\/section>\n<\/div><\/div>\n<\/div><\/section>","protected":false},"excerpt":{"rendered":"<p>FLYING EYES \u2013 AIR SCOUT The Air Scout is extremely inexpensive, and it&#8217;s this virtue that makes it useful. While an interceptor will often get farther into an enemy base, a single air scout in your build queue will let you stockpile a set of scouts that can crisscross the map looking for a lightly [&hellip;]<\/p>","protected":false},"author":1,"featured_media":0,"parent":538,"menu_order":0,"comment_status":"open","ping_status":"closed","template":"","meta":{"_uag_custom_page_level_css":"","site-sidebar-layout":"default","site-content-layout":"default","ast-site-content-layout":"","site-content-style":"default","site-sidebar-style":"default","ast-global-header-display":"","ast-banner-title-visibility":"","ast-main-header-display":"","ast-hfb-above-header-display":"","ast-hfb-below-header-display":"","ast-hfb-mobile-header-display":"","site-post-title":"","ast-breadcrumbs-content":"","ast-featured-img":"","footer-sml-layout":"","theme-transparent-header-meta":"default","adv-header-id-meta":"","stick-header-meta":"","header-above-stick-meta":"","header-main-stick-meta":"","header-below-stick-meta":"","astra-migrate-meta-layouts":"default","ast-page-background-enabled":"default","ast-page-background-meta":{"desktop":{"background-color":"","background-image":"","background-repeat":"repeat","background-position":"center center","background-size":"auto","background-attachment":"scroll","background-type":"","background-media":"","overlay-type":"","overlay-color":"","overlay-gradient":""},"tablet":{"background-color":"","background-image":"","background-repeat":"repeat","background-position":"center center","background-size":"auto","background-attachment":"scroll","background-type":"","background-media":"","overlay-type":"","overlay-color":"","overlay-gradient":""},"mobile":{"background-color":"","background-image":"","background-repeat":"repeat","background-position":"center center","background-size":"auto","background-attachment":"scroll","background-type":"","background-media":"","overlay-type":"","overlay-color":"","overlay-gradient":""}},"ast-content-background-meta":{"desktop":{"background-color":"var(--ast-global-color-5)","background-image":"","background-repeat":"repeat","background-position":"center center","background-size":"auto","background-attachment":"scroll","background-type":"","background-media":"","overlay-type":"","overlay-color":"","overlay-gradient":""},"tablet":{"background-color":"var(--ast-global-color-5)","background-image":"","background-repeat":"repeat","background-position":"center center","background-size":"auto","background-attachment":"scroll","background-type":"","background-media":"","overlay-type":"","overlay-color":"","overlay-gradient":""},"mobile":{"background-color":"var(--ast-global-color-5)","background-image":"","background-repeat":"repeat","background-position":"center center","background-size":"auto","background-attachment":"scroll","background-type":"","background-media":"","overlay-type":"","overlay-color":"","overlay-gradient":""}},"footnotes":""},"uagb_featured_image_src":{"full":false,"thumbnail":false,"medium":false,"medium_large":false,"large":false,"1536x1536":false,"2048x2048":false,"trp-custom-language-flag":false},"uagb_author_info":{"display_name":"SOE","author_link":"https:\/\/supcom.standardof.net\/it\/author\/k-tastic\/"},"uagb_comment_info":0,"uagb_excerpt":"FLYING EYES \u2013 AIR SCOUT The Air Scout is extremely inexpensive, and it&#8217;s this virtue that makes it useful. While an interceptor will often get farther into an enemy base, a single air scout in your build queue will let you stockpile a set of scouts that can crisscross the map looking for a lightly&hellip;","_links":{"self":[{"href":"https:\/\/supcom.standardof.net\/it\/wp-json\/wp\/v2\/pages\/587"}],"collection":[{"href":"https:\/\/supcom.standardof.net\/it\/wp-json\/wp\/v2\/pages"}],"about":[{"href":"https:\/\/supcom.standardof.net\/it\/wp-json\/wp\/v2\/types\/page"}],"author":[{"embeddable":true,"href":"https:\/\/supcom.standardof.net\/it\/wp-json\/wp\/v2\/users\/1"}],"replies":[{"embeddable":true,"href":"https:\/\/supcom.standardof.net\/it\/wp-json\/wp\/v2\/comments?post=587"}],"version-history":[{"count":0,"href":"https:\/\/supcom.standardof.net\/it\/wp-json\/wp\/v2\/pages\/587\/revisions"}],"up":[{"embeddable":true,"href":"https:\/\/supcom.standardof.net\/it\/wp-json\/wp\/v2\/pages\/538"}],"wp:attachment":[{"href":"https:\/\/supcom.standardof.net\/it\/wp-json\/wp\/v2\/media?parent=587"}],"curies":[{"name":"wp","href":"https:\/\/api.w.org\/{rel}","templated":true}]}}