{"id":595,"date":"2020-11-02T14:01:37","date_gmt":"2020-11-02T19:01:37","guid":{"rendered":"https:\/\/supcom.standardof.net\/?page_id=595"},"modified":"2020-11-04T00:32:10","modified_gmt":"2020-11-04T05:32:10","slug":"cybran-tech-2-air-units","status":"publish","type":"page","link":"https:\/\/supcom.standardof.net\/it\/supreme-commander\/cybran\/cybran-tech-2-air-units\/","title":{"rendered":"Unit\u00e0 aeree Cybran Tech 2"},"content":{"rendered":"<div class=\"wp-block-uagb-table-of-contents uagb-toc__align-left uagb-toc__columns-1  uagb-block-d5429dc6\"\n\t\t\t\t\tdata-scroll= \"1\"\n\t\t\t\t\tdata-offset= \"30\"\n\t\t\t\t\tstyle=\"\"\n\t\t\t\t>\n\t\t\t\t<div class=\"uagb-toc__wrap\">\n\t\t\t\t\t\t<div class=\"uagb-toc__title\">\n\t\t\t\t\t\t\tUnit\u00e0 aeree Cybran Tech 2:\t\t\t\t\t\t<\/div>\n\t\t\t\t\t\t\t\t\t\t\t\t\t\t\t\t<div class=\"uagb-toc__list-wrap\">\n\t\t\t\t\t\t<ol class=\"uagb-toc__list\"><li class=\"uagb-toc__list\"><a href=\"#corsair-bomber\" class=\"uagb-toc-link__trigger\">CORSAIR - BOMBER<\/a><li class=\"uagb-toc__list\"><a href=\"#cormorant-torpedo-bomber\" class=\"uagb-toc-link__trigger\">CORMORANT - BOMBER TORPEDO<\/a><li class=\"uagb-toc__list\"><a href=\"#renegade-gunship\" class=\"uagb-toc-link__trigger\">RINEGATO - GUNSHIP<\/a><li class=\"uagb-toc__list\"><a href=\"#dragon-fly-air-transport\" class=\"uagb-toc-link__trigger\">DRAGON FLY - TRASPORTO AEREO<\/a><\/ol>\t\t\t\t\t<\/div>\n\t\t\t\t\t\t\t\t\t<\/div>\n\t\t\t\t<\/div>\n\t\t\t\n\n\n<section class=\"wp-block-uagb-columns uagb-columns__wrap uagb-columns__background-undefined uagb-columns__stack-mobile uagb-columns__valign-undefined uagb-columns__gap-10 alignundefined uagb-block-02318b53\"><div class=\"uagb-columns__overlay\"><\/div><div class=\"uagb-columns__inner-wrap uagb-columns__columns-1\">\n<div class=\"wp-block-uagb-column uagb-column__wrap uagb-column__background-undefined uagb-block-6f666e00\"><div class=\"uagb-column__overlay\"><\/div><div class=\"uagb-column__inner-wrap\">\n<h2 class=\"wp-block-heading\"><strong>CORSARO <\/strong>- BOMBER<\/h2>\n\n\n\n<p><a href=\"https:\/\/www.standardof.net\/wp-content\/uploads\/2012\/12\/Corsair-Bomber.png\" class=\"rank-math-link\" target=\"_blank\" rel=\"noopener\"><\/a>Il Corsair occupa una nicchia molto piccola: usa la tua superiorit\u00e0 aerea per uccidere unit\u00e0 di terra quando non hai ancora bisogno di bombardieri strategici T3. Sono pi\u00f9 potenti delle cannoniere, ma il loro ampio arco dopo aver sganciato i missili a grappolo significa che si pu\u00f2 fare affidamento solo su un passaggio, a differenza delle cannoniere. Sebbene siano OK contro le strutture (potresti doverle costruire per eliminare un punto critico, ma altrimenti non provarlo), sono ottimi per riempire i cieli amichevoli contro le unit\u00e0 di terra. Questo non cambier\u00e0 il volto della guerra.<\/p>\n\n\n\n<div class=\"wp-block-image\"><figure class=\"aligncenter size-large\"><a href=\"https:\/\/supcom.standardof.net\/it\/supreme-commander\/cybran\/cybran-tech-2-air-units\/corsair-bomber-supreme-commander-cybran-tech-2-air-units\/\"><img decoding=\"async\" width=\"800\" height=\"586\" src=\"https:\/\/supcom.standardof.net\/wp-content\/uploads\/sites\/8\/2020\/11\/Corsair-Bomber-Supreme-Commander-Cybran-Tech-2-Air-Units-800x586.jpg\" alt=\"Il bombardiere Corsair, unit\u00e0 aerea Cybran Tech 2 in Supreme Commander.\" class=\"wp-image-599\" srcset=\"https:\/\/supcom.standardof.net\/wp-content\/uploads\/sites\/8\/2020\/11\/Corsair-Bomber-Supreme-Commander-Cybran-Tech-2-Air-Units-800x586.jpg 800w, https:\/\/supcom.standardof.net\/wp-content\/uploads\/sites\/8\/2020\/11\/Corsair-Bomber-Supreme-Commander-Cybran-Tech-2-Air-Units-512x375.jpg 512w, https:\/\/supcom.standardof.net\/wp-content\/uploads\/sites\/8\/2020\/11\/Corsair-Bomber-Supreme-Commander-Cybran-Tech-2-Air-Units-200x146.jpg 200w, https:\/\/supcom.standardof.net\/wp-content\/uploads\/sites\/8\/2020\/11\/Corsair-Bomber-Supreme-Commander-Cybran-Tech-2-Air-Units-768x562.jpg 768w, https:\/\/supcom.standardof.net\/wp-content\/uploads\/sites\/8\/2020\/11\/Corsair-Bomber-Supreme-Commander-Cybran-Tech-2-Air-Units-16x12.jpg 16w, https:\/\/supcom.standardof.net\/wp-content\/uploads\/sites\/8\/2020\/11\/Corsair-Bomber-Supreme-Commander-Cybran-Tech-2-Air-Units.jpg 866w\" sizes=\"(max-width: 800px) 100vw, 800px\" \/><\/a><figcaption>CORSAIR - BOMBER<\/figcaption><\/figure><\/div>\n\n\n\n<section class=\"wp-block-uagb-columns uagb-columns__wrap uagb-columns__background-undefined uagb-columns__stack-mobile uagb-columns__valign-undefined uagb-columns__gap-10 alignundefined uagb-block-2535499c\"><div class=\"uagb-columns__overlay\"><\/div><div class=\"uagb-columns__inner-wrap uagb-columns__columns-2\">\n<div class=\"wp-block-uagb-column uagb-column__wrap uagb-column__background-undefined uagb-block-2ff279f0\"><div class=\"uagb-column__overlay\"><\/div><div class=\"uagb-column__inner-wrap\">\n<h3 class=\"wp-block-heading\">Statistiche Corsair<\/h3>\n\n\n\n<p><strong>Armatura:<\/strong> 60 CV (leggero)<br><strong>Costo:<\/strong> M432, E8640, T1440<br><strong>Intel<\/strong><br>&nbsp;&nbsp;&nbsp;&nbsp; vista: 32 (625 m)<br><strong>Fisica<\/strong><br>&nbsp;&nbsp;&nbsp;&nbsp; velocit\u00e0 massima: 14 (273 m \/ s)<br>&nbsp;&nbsp;&nbsp;&nbsp; altitudine: 18 (352m)<br>&nbsp;&nbsp;&nbsp;&nbsp; ingaggio distanza: 50 (977m)<br>&nbsp;&nbsp;&nbsp;&nbsp; velocit\u00e0 di rotazione: 0.6<br><strong>Classe di trasporto:<\/strong> 2<br><strong>Anzianit\u00e0:<\/strong> 5, 10, 25, 50, 100 uccisioni<br><em>* livello veterano 2: +19 hp<br>* livello veterano 4: +19 hp<br>* livello veterano 5: ripara 1 hp \/ s<\/em><\/p>\n<\/div><\/div>\n\n\n\n<div class=\"wp-block-uagb-column uagb-column__wrap uagb-column__background-undefined uagb-block-8babab91\"><div class=\"uagb-column__overlay\"><\/div><div class=\"uagb-column__inner-wrap\">\n<h3 class=\"wp-block-heading\">Armi da corsaro<\/h3>\n\n\n\n<p><strong>Lanciamissili Corsair<\/strong> (Fuoco diretto, normale)&nbsp;&nbsp;<br>&nbsp;&nbsp;&nbsp;&nbsp; 80,00 dps<br><strong>la zona:<\/strong> 2 (39,1 m)<br><strong>gamma:<\/strong> 45 (879 m)<br><strong>arma a proiettile:<\/strong> 200 danni<br>&nbsp;&nbsp;&nbsp;&nbsp; x 4 proiettili = 800 danni<br><strong>velocit\u00e0 di fuoco:<\/strong> 0,1 (ogni 10 s)<br><em>* livello veterano 1: +50 danni<br>* livello veterano 3: +50 danni<\/em><br><strong>Incidente aereo<\/strong> (Morte)<br>&nbsp;&nbsp;&nbsp;&nbsp; 200 danni<br><strong>la zona:<\/strong> 1 (19,5 m)<\/p>\n<\/div><\/div>\n<\/div><\/section>\n<\/div><\/div>\n<\/div><\/section>\n\n\n\n<section class=\"wp-block-uagb-columns uagb-columns__wrap uagb-columns__background-undefined uagb-columns__stack-mobile uagb-columns__valign-undefined uagb-columns__gap-10 alignundefined uagb-block-04faaac1\"><div class=\"uagb-columns__overlay\"><\/div><div class=\"uagb-columns__inner-wrap uagb-columns__columns-1\">\n<div class=\"wp-block-uagb-column uagb-column__wrap uagb-column__background-undefined uagb-block-d88af5f2\"><div class=\"uagb-column__overlay\"><\/div><div class=\"uagb-column__inner-wrap\">\n<h2 class=\"wp-block-heading\"><strong>CORMORANO <\/strong>- BOMBER TORPEDO<\/h2>\n\n\n\n<p><a href=\"https:\/\/www.standardof.net\/wp-content\/uploads\/2012\/12\/Cormorant-Torpedo-Bomber.png\" class=\"rank-math-link\" target=\"_blank\" rel=\"noopener\"><\/a>Gli aerosiluranti sono quasi inutili. Costano un sacco di massa per un&#039;unit\u00e0 che sta intraprendendo una missione suicida comunque (poich\u00e9 la maggior parte delle navi ha difese aeree decenti), il loro siluro pu\u00f2 essere abbattuto dalle navi nemiche e la loro traiettoria di volo simile a un bombardiere li rende pi\u00f9 propensi a deviare in la base nemica di una cannoniera. Se non riesci a trovare un punto d&#039;appoggio nell&#039;oceano e hai bisogno di ripulire i branchi da caccia subacquea, creane una dozzina; in caso contrario, attenersi alle cannoniere.<\/p>\n\n\n\n<div class=\"wp-block-image\"><figure class=\"aligncenter size-large\"><a href=\"https:\/\/supcom.standardof.net\/it\/supreme-commander\/cybran\/cybran-tech-2-air-units\/cormorant-torpedo-bomber-supreme-commander-cybran-tech-2-air-units\/\"><img decoding=\"async\" width=\"568\" height=\"430\" src=\"https:\/\/supcom.standardof.net\/wp-content\/uploads\/sites\/8\/2020\/11\/Cormorant-Torpedo-Bomber-Supreme-Commander-Cybran-Tech-2-Air-Units.jpg\" alt=\"Il Cormorant Torpedo Bomber, Cybran Tech 2 Air Unit in Supreme Commander.\" class=\"wp-image-598\" srcset=\"https:\/\/supcom.standardof.net\/wp-content\/uploads\/sites\/8\/2020\/11\/Cormorant-Torpedo-Bomber-Supreme-Commander-Cybran-Tech-2-Air-Units.jpg 568w, https:\/\/supcom.standardof.net\/wp-content\/uploads\/sites\/8\/2020\/11\/Cormorant-Torpedo-Bomber-Supreme-Commander-Cybran-Tech-2-Air-Units-512x388.jpg 512w, https:\/\/supcom.standardof.net\/wp-content\/uploads\/sites\/8\/2020\/11\/Cormorant-Torpedo-Bomber-Supreme-Commander-Cybran-Tech-2-Air-Units-200x151.jpg 200w, https:\/\/supcom.standardof.net\/wp-content\/uploads\/sites\/8\/2020\/11\/Cormorant-Torpedo-Bomber-Supreme-Commander-Cybran-Tech-2-Air-Units-16x12.jpg 16w\" sizes=\"(max-width: 568px) 100vw, 568px\" \/><\/a><figcaption>CORMORANT - BOMBER TORPEDO<\/figcaption><\/figure><\/div>\n\n\n\n<section class=\"wp-block-uagb-columns uagb-columns__wrap uagb-columns__background-undefined uagb-columns__stack-mobile uagb-columns__valign-undefined uagb-columns__gap-10 alignundefined uagb-block-aa4f9c3d\"><div class=\"uagb-columns__overlay\"><\/div><div class=\"uagb-columns__inner-wrap uagb-columns__columns-2\">\n<div class=\"wp-block-uagb-column uagb-column__wrap uagb-column__background-undefined uagb-block-de1ad311\"><div class=\"uagb-column__overlay\"><\/div><div class=\"uagb-column__inner-wrap\">\n<h3 class=\"wp-block-heading\">Statistiche cormorano<\/h3>\n\n\n\n<p><strong>Armatura:<\/strong> 115 CV (leggero)<br><strong>Abilit\u00e0:<\/strong> Sonar<br><strong>Costo:<\/strong> M550, E6600, T1000<br><strong>Intel<\/strong><br>&nbsp;&nbsp;&nbsp;&nbsp; vista: 32 (625 m)<br>&nbsp;&nbsp;&nbsp;&nbsp; sonar: 40 (781 m)<br><strong>Fisica<\/strong><br>&nbsp;&nbsp;&nbsp;&nbsp; velocit\u00e0 massima: 15 (293 m \/ s)<br>&nbsp;&nbsp;&nbsp;&nbsp; altitudine: 18 (352m)<br>&nbsp;&nbsp;&nbsp;&nbsp; distanza di ingaggio: 75 (1,46 km)<br><strong>Classe di trasporto:<\/strong> 2<br><strong>Anzianit\u00e0: <\/strong>15, 30, 75, 150, 300 uccisioni<br><em>* livello veterano 2: +29 hp<br>* livello veterano 4: +29 hp<br>* livello veterano 5: ripara 1 hp \/ s<\/em><\/p>\n<\/div><\/div>\n\n\n\n<div class=\"wp-block-uagb-column uagb-column__wrap uagb-column__background-undefined uagb-block-6e572f90\"><div class=\"uagb-column__overlay\"><\/div><div class=\"uagb-column__inner-wrap\">\n<h3 class=\"wp-block-heading\">Armi da cormorano<\/h3>\n\n\n\n<p><strong>Nanite Torpedo<\/strong> (Anti Navy)<br>&nbsp;&nbsp;&nbsp;&nbsp; 130,00 dps<br><strong>gamma:<\/strong> 4 (78,1 m) - 19 (371 m)<br><strong>arma a proiettile:<\/strong> 325<br>&nbsp;&nbsp;&nbsp;&nbsp; (5 volte 65 danni in 1 secondo)<br>&nbsp;&nbsp;&nbsp;&nbsp; x 2 proiettili = 650 danni per salva<br><strong>velocit\u00e0 di fuoco:<\/strong> 0,2 (ogni 5 s)<br><strong>sparare casualit\u00e0:<\/strong> 3<br><em>* livello veterano 1: +16 danni<br>* livello veterano 3: +16 danni<\/em><br><strong>Incidente aereo<\/strong> (Morte)<br>&nbsp;&nbsp;&nbsp;&nbsp; 150 danni<br><strong>la zona:<\/strong> 1 (19,5 m)<\/p>\n<\/div><\/div>\n<\/div><\/section>\n<\/div><\/div>\n<\/div><\/section>\n\n\n\n<section class=\"wp-block-uagb-columns uagb-columns__wrap uagb-columns__background-undefined uagb-columns__stack-mobile uagb-columns__valign-undefined uagb-columns__gap-10 alignundefined uagb-block-5ac7b721\"><div class=\"uagb-columns__overlay\"><\/div><div class=\"uagb-columns__inner-wrap uagb-columns__columns-1\">\n<div class=\"wp-block-uagb-column uagb-column__wrap uagb-column__background-undefined uagb-block-d49e552b\"><div class=\"uagb-column__overlay\"><\/div><div class=\"uagb-column__inner-wrap\">\n<h2 class=\"wp-block-heading\"><strong>RINNEGATO <\/strong>- GUNSHIP<\/h2>\n\n\n\n<p><a href=\"https:\/\/www.standardof.net\/wp-content\/uploads\/2012\/12\/Renegade-Gunship.png\" class=\"rank-math-link\" target=\"_blank\" rel=\"noopener\"><\/a>La cannoniera Cybran spara tre razzi in una piccola area, il che aiuta quando si tenta di colpire unit\u00e0 mobili, ma non sempre ti assicura di ottenere tutti i 60 danni. Le cannoniere in generale sono una seria minaccia, sebbene siano molto vulnerabili all&#039;antiaerea quando attaccano. Sono la ragione numero uno per costruire intercettori, in modo che le tue cannoniere possano vagare, costringendo l&#039;avversario a combattere per ogni patch di massa e difendere la sua base.<\/p>\n\n\n\n<div class=\"wp-block-image\"><figure class=\"aligncenter size-large\"><a href=\"https:\/\/supcom.standardof.net\/it\/supreme-commander\/cybran\/cybran-tech-2-air-units\/renegade-gunship-supreme-commander-cybran-tech-2-air-units\/\"><img decoding=\"async\" width=\"534\" height=\"446\" src=\"https:\/\/supcom.standardof.net\/wp-content\/uploads\/sites\/8\/2020\/11\/Renegade-Gunship-Supreme-Commander-Cybran-Tech-2-Air-Units.jpg\" alt=\"La cannoniera rinnegata, unit\u00e0 aerea Cybran Tech 2 in Supreme Commander.\" class=\"wp-image-597\" srcset=\"https:\/\/supcom.standardof.net\/wp-content\/uploads\/sites\/8\/2020\/11\/Renegade-Gunship-Supreme-Commander-Cybran-Tech-2-Air-Units.jpg 534w, https:\/\/supcom.standardof.net\/wp-content\/uploads\/sites\/8\/2020\/11\/Renegade-Gunship-Supreme-Commander-Cybran-Tech-2-Air-Units-512x428.jpg 512w, https:\/\/supcom.standardof.net\/wp-content\/uploads\/sites\/8\/2020\/11\/Renegade-Gunship-Supreme-Commander-Cybran-Tech-2-Air-Units-200x167.jpg 200w, https:\/\/supcom.standardof.net\/wp-content\/uploads\/sites\/8\/2020\/11\/Renegade-Gunship-Supreme-Commander-Cybran-Tech-2-Air-Units-14x12.jpg 14w\" sizes=\"(max-width: 534px) 100vw, 534px\" \/><\/a><figcaption>RINEGATO - GUNSHIP<\/figcaption><\/figure><\/div>\n\n\n\n<section class=\"wp-block-uagb-columns uagb-columns__wrap uagb-columns__background-undefined uagb-columns__stack-mobile uagb-columns__valign-undefined uagb-columns__gap-10 alignundefined uagb-block-5a284977\"><div class=\"uagb-columns__overlay\"><\/div><div class=\"uagb-columns__inner-wrap uagb-columns__columns-2\">\n<div class=\"wp-block-uagb-column uagb-column__wrap uagb-column__background-undefined uagb-block-060e4e11\"><div class=\"uagb-column__overlay\"><\/div><div class=\"uagb-column__inner-wrap\">\n<h3 class=\"wp-block-heading\">Statistiche Renegade<\/h3>\n\n\n\n<p><strong>Armatura:<\/strong> 120 CV (leggero)<br><strong>Costo:<\/strong> M390, E7800, T1300<br><strong>Intel<\/strong><br>&nbsp;&nbsp;&nbsp;&nbsp; vista: 32 (625 m)<br><strong>Fisica<\/strong><br>&nbsp;&nbsp;&nbsp;&nbsp; velocit\u00e0 massima: 12 (234m \/ s)<br>  &nbsp;&nbsp; altitudine: 10 (195m)<br><strong>Classe di trasporto:<\/strong> 2<strong><br>Anzianit\u00e0:<\/strong> 15, 30, 75, 150, 300 uccisioni<br><em>* livello veterano 2: +30 hp<br>* livello veterano 4: +30 hp<br>* livello veterano 5: ripara 1 hp \/ s<\/em><\/p>\n<\/div><\/div>\n\n\n\n<div class=\"wp-block-uagb-column uagb-column__wrap uagb-column__background-undefined uagb-block-6642ec6b\"><div class=\"uagb-column__overlay\"><\/div><div class=\"uagb-column__inner-wrap\">\n<h3 class=\"wp-block-heading\">Armi rinnegate<\/h3>\n\n\n\n<p><strong>Pacchetto Razzo Iridium<\/strong> (Fuoco diretto)<br>&nbsp;&nbsp;&nbsp;&nbsp; 60,00 dps<br><strong>la zona:<\/strong> 3 (58,6 m)<br><strong>gamma:<\/strong> 22 (430 m)<br><strong>arma a proiettile:<\/strong> 20 danni<br>&nbsp;&nbsp;&nbsp;&nbsp; x 3 proiettili = 60 danni per salva<br><strong>velocit\u00e0 di fuoco:<\/strong> 1 (ogni 1 s)<br><em>* livello veterano 1: +5 danni<br>* livello veterano 3: +5 danni<\/em><\/p>\n\n\n\n<p><strong>Incidente aereo<\/strong> (Morte)<br>&nbsp;&nbsp;&nbsp;&nbsp; 100 danni<br><strong>la zona:<\/strong> 1 (19,5 m)<\/p>\n<\/div><\/div>\n<\/div><\/section>\n<\/div><\/div>\n<\/div><\/section>\n\n\n\n<section class=\"wp-block-uagb-columns uagb-columns__wrap uagb-columns__background-undefined uagb-columns__stack-mobile uagb-columns__valign-undefined uagb-columns__gap-10 alignundefined uagb-block-53872225\"><div class=\"uagb-columns__overlay\"><\/div><div class=\"uagb-columns__inner-wrap uagb-columns__columns-1\">\n<div class=\"wp-block-uagb-column uagb-column__wrap uagb-column__background-undefined uagb-block-ceb11886\"><div class=\"uagb-column__overlay\"><\/div><div class=\"uagb-column__inner-wrap\">\n<h2 class=\"wp-block-heading\"><strong>DRAGON FLY<\/strong> - TRASPORTO AEREO<\/h2>\n\n\n\n<p><a href=\"https:\/\/www.standardof.net\/wp-content\/uploads\/2012\/12\/Dragon-Fly-Air-Transport.png\" class=\"rank-math-link\" target=\"_blank\" rel=\"noopener\"><\/a>Mentre \u00e8 bello che il trasporto aereo possa difendersi, il suo principale metodo di difesa \u00e8 la sua armatura &quot;pesante&quot;, che gli consente di prendere un paio di colpi dalle difese aeree e di sganciare comunque il carico. Trasportano il doppio delle unit\u00e0 di un trasporto T1: 12 T1, 6 T2, 3 T3 o una ACU \/ SCU. Se il tuo comandante viene trasportato, non morir\u00e0 con il trasporto aereo. Il colpo stordente di Cybran non fa davvero la differenza, ma \u00e8 bello sognare.<\/p>\n\n\n\n<div class=\"wp-block-image\"><figure class=\"aligncenter size-large\"><a href=\"https:\/\/supcom.standardof.net\/it\/supreme-commander\/cybran\/cybran-tech-2-air-units\/dragon-fly-air-transport-supreme-commander-cybran-tech-2-air-units\/\"><img decoding=\"async\" width=\"546\" height=\"444\" src=\"https:\/\/supcom.standardof.net\/wp-content\/uploads\/sites\/8\/2020\/11\/Dragon-Fly-Air-Transport-Supreme-Commander-Cybran-Tech-2-Air-Units.jpg\" alt=\"Il trasporto aereo Dragon Fly, unit\u00e0 aerea Cybran Tech 2 in Supreme Commander.\" class=\"wp-image-600\" srcset=\"https:\/\/supcom.standardof.net\/wp-content\/uploads\/sites\/8\/2020\/11\/Dragon-Fly-Air-Transport-Supreme-Commander-Cybran-Tech-2-Air-Units.jpg 546w, https:\/\/supcom.standardof.net\/wp-content\/uploads\/sites\/8\/2020\/11\/Dragon-Fly-Air-Transport-Supreme-Commander-Cybran-Tech-2-Air-Units-512x416.jpg 512w, https:\/\/supcom.standardof.net\/wp-content\/uploads\/sites\/8\/2020\/11\/Dragon-Fly-Air-Transport-Supreme-Commander-Cybran-Tech-2-Air-Units-200x163.jpg 200w, https:\/\/supcom.standardof.net\/wp-content\/uploads\/sites\/8\/2020\/11\/Dragon-Fly-Air-Transport-Supreme-Commander-Cybran-Tech-2-Air-Units-16x12.jpg 16w\" sizes=\"(max-width: 546px) 100vw, 546px\" \/><\/a><figcaption>DRAGON FLY - TRASPORTO AEREO<\/figcaption><\/figure><\/div>\n\n\n\n<section class=\"wp-block-uagb-columns uagb-columns__wrap uagb-columns__background-undefined uagb-columns__stack-mobile uagb-columns__valign-undefined uagb-columns__gap-10 alignundefined uagb-block-4aa1f21f\"><div class=\"uagb-columns__overlay\"><\/div><div class=\"uagb-columns__inner-wrap uagb-columns__columns-2\">\n<div class=\"wp-block-uagb-column uagb-column__wrap uagb-column__background-undefined uagb-block-b55b8e55\"><div class=\"uagb-column__overlay\"><\/div><div class=\"uagb-column__inner-wrap\">\n<h3 class=\"wp-block-heading\">Statistiche Dragon Fly<\/h3>\n\n\n\n<p><strong>Armatura:<\/strong> 212 CV (leggero)<br><strong>Abilit\u00e0:<\/strong> Trasporto (trasporta unit\u00e0 terrestri T1-T3), colpo stordente (l&#039;ordinanza stordisce i nemici)<br><strong>Costo:<\/strong> M320, E12800, T1600<br><strong>Intel<\/strong><br>&nbsp;&nbsp;&nbsp;&nbsp; vista: 32 (625 m)<br><strong>Fisica<\/strong><br>&nbsp;&nbsp;&nbsp;&nbsp; velocit\u00e0 massima: 18 (352 m \/ s)<br>&nbsp;&nbsp;&nbsp;&nbsp; altitudine: 10 (195m)<br><strong>Spazio di trasporto:<\/strong> 12<br>&nbsp;&nbsp;&nbsp;&nbsp; dimensione allegare classe 2: 2<br>&nbsp;&nbsp;&nbsp;&nbsp; dimensione allegato classe 3: 4<br><strong>Anzianit\u00e0:<\/strong> 15, 30, 75, 150, 300 uccisioni<br><em>* livello veterano 2: +23 hp<br>* livello veterano 4: +23 hp<br>* livello veterano 5: ripara 1 hp \/ s<\/em><\/p>\n<\/div><\/div>\n\n\n\n<div class=\"wp-block-uagb-column uagb-column__wrap uagb-column__background-undefined uagb-block-7076791e\"><div class=\"uagb-column__overlay\"><\/div><div class=\"uagb-column__inner-wrap\">\n<h3 class=\"wp-block-heading\">Armi di Dragon Fly<\/h3>\n\n\n\n<p><strong>Laser a impulsi disintegratore <\/strong><br>    (Fuoco diretto)<br>&nbsp;&nbsp;&nbsp;&nbsp; 0 danni (stordimento)<\/p>\n\n\n\n<p><strong>Autocannone elettronico<\/strong><br>     (Anti Aria)<br>&nbsp;&nbsp;&nbsp;&nbsp; 15,00 dps<br>portata: 20 (391 m)<br>arma a proiettile: 5 danni<br>velocit\u00e0 di fuoco: 3 (ogni 0,33 s)<\/p>\n<\/div><\/div>\n<\/div><\/section>\n<\/div><\/div>\n<\/div><\/section>","protected":false},"excerpt":{"rendered":"<p>CORSAIR \u2013 BOMBER The Corsair fills a very small niche: using your air superiority to kill ground units when you don&#8217;t yet need T3 strategic bombers. They&#8217;re more powerful than gunships, but their wide arc after dropping their cluster missiles means that they can only be relied on to make one pass, unlike gunships. While [&hellip;]<\/p>","protected":false},"author":1,"featured_media":0,"parent":538,"menu_order":0,"comment_status":"open","ping_status":"closed","template":"","meta":{"_uag_custom_page_level_css":"","site-sidebar-layout":"default","site-content-layout":"default","ast-site-content-layout":"","site-content-style":"default","site-sidebar-style":"default","ast-global-header-display":"","ast-banner-title-visibility":"","ast-main-header-display":"","ast-hfb-above-header-display":"","ast-hfb-below-header-display":"","ast-hfb-mobile-header-display":"","site-post-title":"","ast-breadcrumbs-content":"","ast-featured-img":"","footer-sml-layout":"","theme-transparent-header-meta":"default","adv-header-id-meta":"","stick-header-meta":"","header-above-stick-meta":"","header-main-stick-meta":"","header-below-stick-meta":"","astra-migrate-meta-layouts":"default","ast-page-background-enabled":"default","ast-page-background-meta":{"desktop":{"background-color":"","background-image":"","background-repeat":"repeat","background-position":"center center","background-size":"auto","background-attachment":"scroll","background-type":"","background-media":"","overlay-type":"","overlay-color":"","overlay-gradient":""},"tablet":{"background-color":"","background-image":"","background-repeat":"repeat","background-position":"center center","background-size":"auto","background-attachment":"scroll","background-type":"","background-media":"","overlay-type":"","overlay-color":"","overlay-gradient":""},"mobile":{"background-color":"","background-image":"","background-repeat":"repeat","background-position":"center center","background-size":"auto","background-attachment":"scroll","background-type":"","background-media":"","overlay-type":"","overlay-color":"","overlay-gradient":""}},"ast-content-background-meta":{"desktop":{"background-color":"var(--ast-global-color-5)","background-image":"","background-repeat":"repeat","background-position":"center center","background-size":"auto","background-attachment":"scroll","background-type":"","background-media":"","overlay-type":"","overlay-color":"","overlay-gradient":""},"tablet":{"background-color":"var(--ast-global-color-5)","background-image":"","background-repeat":"repeat","background-position":"center center","background-size":"auto","background-attachment":"scroll","background-type":"","background-media":"","overlay-type":"","overlay-color":"","overlay-gradient":""},"mobile":{"background-color":"var(--ast-global-color-5)","background-image":"","background-repeat":"repeat","background-position":"center center","background-size":"auto","background-attachment":"scroll","background-type":"","background-media":"","overlay-type":"","overlay-color":"","overlay-gradient":""}},"footnotes":""},"uagb_featured_image_src":{"full":false,"thumbnail":false,"medium":false,"medium_large":false,"large":false,"1536x1536":false,"2048x2048":false,"trp-custom-language-flag":false},"uagb_author_info":{"display_name":"SOE","author_link":"https:\/\/supcom.standardof.net\/it\/author\/k-tastic\/"},"uagb_comment_info":0,"uagb_excerpt":"CORSAIR \u2013 BOMBER The Corsair fills a very small niche: using your air superiority to kill ground units when you don&#8217;t yet need T3 strategic bombers. They&#8217;re more powerful than gunships, but their wide arc after dropping their cluster missiles means that they can only be relied on to make one pass, unlike gunships. While&hellip;","_links":{"self":[{"href":"https:\/\/supcom.standardof.net\/it\/wp-json\/wp\/v2\/pages\/595"}],"collection":[{"href":"https:\/\/supcom.standardof.net\/it\/wp-json\/wp\/v2\/pages"}],"about":[{"href":"https:\/\/supcom.standardof.net\/it\/wp-json\/wp\/v2\/types\/page"}],"author":[{"embeddable":true,"href":"https:\/\/supcom.standardof.net\/it\/wp-json\/wp\/v2\/users\/1"}],"replies":[{"embeddable":true,"href":"https:\/\/supcom.standardof.net\/it\/wp-json\/wp\/v2\/comments?post=595"}],"version-history":[{"count":0,"href":"https:\/\/supcom.standardof.net\/it\/wp-json\/wp\/v2\/pages\/595\/revisions"}],"up":[{"embeddable":true,"href":"https:\/\/supcom.standardof.net\/it\/wp-json\/wp\/v2\/pages\/538"}],"wp:attachment":[{"href":"https:\/\/supcom.standardof.net\/it\/wp-json\/wp\/v2\/media?parent=595"}],"curies":[{"name":"wp","href":"https:\/\/api.w.org\/{rel}","templated":true}]}}