{"id":603,"date":"2020-11-02T14:10:13","date_gmt":"2020-11-02T19:10:13","guid":{"rendered":"https:\/\/supcom.standardof.net\/?page_id=603"},"modified":"2020-11-04T00:32:22","modified_gmt":"2020-11-04T05:32:22","slug":"cybran-tech-3-air-units","status":"publish","type":"page","link":"https:\/\/supcom.standardof.net\/it\/supreme-commander\/cybran\/cybran-tech-3-air-units\/","title":{"rendered":"Cybran Tech 3 unit\u00e0 aeree"},"content":{"rendered":"<div class=\"wp-block-uagb-table-of-contents uagb-toc__align-left uagb-toc__columns-1  uagb-block-9f92f94c\"\n\t\t\t\t\tdata-scroll= \"1\"\n\t\t\t\t\tdata-offset= \"30\"\n\t\t\t\t\tstyle=\"\"\n\t\t\t\t>\n\t\t\t\t<div class=\"uagb-toc__wrap\">\n\t\t\t\t\t\t<div class=\"uagb-toc__title\">\n\t\t\t\t\t\t\tUnit\u00e0 aeree Cybran Tech 3:\t\t\t\t\t\t<\/div>\n\t\t\t\t\t\t\t\t\t\t\t\t\t\t\t\t<div class=\"uagb-toc__list-wrap\">\n\t\t\t\t\t\t<ol class=\"uagb-toc__list\"><li class=\"uagb-toc__list\"><a href=\"#spook-spy-plane\" class=\"uagb-toc-link__trigger\">SPOOK - SPIA AEREO<\/a><li class=\"uagb-toc__list\"><a href=\"#gemini-air-superiority-fighter\" class=\"uagb-toc-link__trigger\">GEMELLI - COMBATTENTE DELLA SUPERIORIT\u00c0 AEREA<\/a><li class=\"uagb-toc__list\"><a href=\"#revenant-strategic-bomber\" class=\"uagb-toc-link__trigger\">REVENANT - BOMBER STRATEGICO<\/a><\/ol>\t\t\t\t\t<\/div>\n\t\t\t\t\t\t\t\t\t<\/div>\n\t\t\t\t<\/div>\n\t\t\t\n\n\n<section class=\"wp-block-uagb-columns uagb-columns__wrap uagb-columns__background-undefined uagb-columns__stack-mobile uagb-columns__valign-undefined uagb-columns__gap-10 alignundefined uagb-block-6942c4ed\"><div class=\"uagb-columns__overlay\"><\/div><div class=\"uagb-columns__inner-wrap uagb-columns__columns-1\">\n<div class=\"wp-block-uagb-column uagb-column__wrap uagb-column__background-undefined uagb-block-a6604325\"><div class=\"uagb-column__overlay\"><\/div><div class=\"uagb-column__inner-wrap\">\n<h2 class=\"wp-block-heading\"><strong>PARLA <\/strong>- SPIA AEREO<\/h2>\n\n\n\n<p><a href=\"https:\/\/www.standardof.net\/wp-content\/uploads\/2012\/12\/Spook-Spy-Plane.png\" class=\"rank-math-link\" target=\"_blank\" rel=\"noopener\"><\/a>L&#039;aereo spia non \u00e8 economico, ma vale ogni centesimo per averne uno per ogni evenienza. Cybrans, sempre bravo nello scouting, ottiene la copertura del sonar e l&#039;abilit\u00e0 furtiva che impedisce ai gruppi di intercettori nemici di cacciare il tuo costoso aereo indifeso. Non fa mai male averne uno di pattuglia in tutti i luoghi in cui il tuo nemico potrebbe avvicinarsi o oltre il confine della base nemica. Volano in alto, quindi ci vuole un po &#039;prima che i siti SAM li colpiscano e vedrai pi\u00f9 in profondit\u00e0 nella base nemica. La loro abilit\u00e0 omnidirezionale consente loro di esplorare i lanciamissili tattici segreti, se hai il lusso di un velivolo T3.<\/p>\n\n\n\n<div class=\"wp-block-image\"><figure class=\"aligncenter size-large\"><a href=\"https:\/\/supcom.standardof.net\/it\/supreme-commander\/cybran\/cybran-tech-3-air-units\/spook-spy-plane-supreme-commander-cybran-tech-3-air-units\/\"><img decoding=\"async\" width=\"800\" height=\"509\" src=\"https:\/\/supcom.standardof.net\/wp-content\/uploads\/sites\/8\/2020\/11\/Spook-Spy-Plane-Supreme-Commander-Cybran-Tech-3-Air-Units-800x509.jpg\" alt=\"Lo Spook Spy Plane, l&#039;unit\u00e0 aerea Cybran Tech 3 in Supreme Commander.\" class=\"wp-image-608\" srcset=\"https:\/\/supcom.standardof.net\/wp-content\/uploads\/sites\/8\/2020\/11\/Spook-Spy-Plane-Supreme-Commander-Cybran-Tech-3-Air-Units-800x509.jpg 800w, https:\/\/supcom.standardof.net\/wp-content\/uploads\/sites\/8\/2020\/11\/Spook-Spy-Plane-Supreme-Commander-Cybran-Tech-3-Air-Units-512x326.jpg 512w, https:\/\/supcom.standardof.net\/wp-content\/uploads\/sites\/8\/2020\/11\/Spook-Spy-Plane-Supreme-Commander-Cybran-Tech-3-Air-Units-200x127.jpg 200w, https:\/\/supcom.standardof.net\/wp-content\/uploads\/sites\/8\/2020\/11\/Spook-Spy-Plane-Supreme-Commander-Cybran-Tech-3-Air-Units-768x489.jpg 768w, https:\/\/supcom.standardof.net\/wp-content\/uploads\/sites\/8\/2020\/11\/Spook-Spy-Plane-Supreme-Commander-Cybran-Tech-3-Air-Units-16x10.jpg 16w, https:\/\/supcom.standardof.net\/wp-content\/uploads\/sites\/8\/2020\/11\/Spook-Spy-Plane-Supreme-Commander-Cybran-Tech-3-Air-Units.jpg 880w\" sizes=\"(max-width: 800px) 100vw, 800px\" \/><\/a><figcaption>PARLA - SPIA AEREO<\/figcaption><\/figure><\/div>\n\n\n\n<section class=\"wp-block-uagb-columns uagb-columns__wrap uagb-columns__background-undefined uagb-columns__stack-mobile uagb-columns__valign-undefined uagb-columns__gap-10 alignundefined uagb-block-7bfaf656\"><div class=\"uagb-columns__overlay\"><\/div><div class=\"uagb-columns__inner-wrap uagb-columns__columns-2\">\n<div class=\"wp-block-uagb-column uagb-column__wrap uagb-column__background-undefined uagb-block-7e99297f\"><div class=\"uagb-column__overlay\"><\/div><div class=\"uagb-column__inner-wrap\">\n<h3 class=\"wp-block-heading\">Statistiche Spook<\/h3>\n\n\n\n<p><strong>Armatura:<\/strong> 18 CV (leggero)<br><strong>Abilit\u00e0:<\/strong> Stealth, radar, ecoscandaglio<br><strong>Costo:<\/strong> M60, E2400, T450<br>&nbsp;&nbsp;&nbsp;&nbsp; drenaggio (furtivit\u00e0): E -20<br><strong>Intel<\/strong><br>&nbsp;&nbsp;&nbsp;&nbsp; vista: 96 (1,88 km)<br>&nbsp;&nbsp;&nbsp;&nbsp; radar e sonar: 96 (1,88 km)<br>&nbsp;&nbsp;&nbsp;&nbsp; omni: 30 (586 m)<br><strong>Fisica<\/strong><br>&nbsp;&nbsp;&nbsp;&nbsp; velocit\u00e0 massima: 21 (410 m \/ s)<br>&nbsp;&nbsp;&nbsp;&nbsp; altitudine: 25 (488m)<br><strong>Classe di trasporto:<\/strong> 3<br><em>* livello veterano 2: +5 hp<br>* livello veterano 4: +5 hp<br>* livello veterano 5: ripara 1 hp \/ s<\/em><\/p>\n<\/div><\/div>\n\n\n\n<div class=\"wp-block-uagb-column uagb-column__wrap uagb-column__background-undefined uagb-block-70295cfc\"><div class=\"uagb-column__overlay\"><\/div><div class=\"uagb-column__inner-wrap\">\n<h3 class=\"wp-block-heading\">Armi da paura<\/h3>\n\n\n\n<p><strong>Incidente aereo<\/strong> (Morte)<br>&nbsp;&nbsp;&nbsp;&nbsp; 100 danni<br><strong>la zona:<\/strong> 1 (19,5 m)<\/p>\n<\/div><\/div>\n<\/div><\/section>\n<\/div><\/div>\n<\/div><\/section>\n\n\n\n<section class=\"wp-block-uagb-columns uagb-columns__wrap uagb-columns__background-undefined uagb-columns__stack-mobile uagb-columns__valign-undefined uagb-columns__gap-10 alignundefined uagb-block-f034b7fb\"><div class=\"uagb-columns__overlay\"><\/div><div class=\"uagb-columns__inner-wrap uagb-columns__columns-1\">\n<div class=\"wp-block-uagb-column uagb-column__wrap uagb-column__background-undefined uagb-block-fcded10b\"><div class=\"uagb-column__overlay\"><\/div><div class=\"uagb-column__inner-wrap\">\n<h2 class=\"wp-block-heading\"><strong>GEMELLI <\/strong>- COMBATTENTE DELLA SUPERIORIT\u00c0 AEREA<\/h2>\n\n\n\n<p><a href=\"https:\/\/www.standardof.net\/wp-content\/uploads\/2012\/12\/Gemini-Air-Superiority-Fighter.png\" class=\"rank-math-link\" target=\"_blank\" rel=\"noopener\"><\/a>Il Gemini \u00e8 un&#039;unit\u00e0 antiaerea molto costosa, quindi dovresti averlo solo se pensi di dover uccidere regolarmente unit\u00e0 aeree nemiche. Volano cos\u00ec velocemente che non forniscono una copertura adeguata per un bombardamento, ma possono entrare e tendere un&#039;imboscata alle forze di intercettazione nemiche, e sono il modo migliore per affrontare le unit\u00e0 aeree sperimentali. Come l&#039;intercettore Cybran, il caccia Cybran T3 ha meno salute ma \u00e8 pi\u00f9 bravo a uccidere altri velivoli: i missili di tracciamento non sono potenti come i raggi laser dell&#039;UEF, ma colpiscono molto pi\u00f9 spesso. La furtivit\u00e0 non \u00e8 particolarmente utile; dal livello T3, il tuo avversario sa che hai una copertura anti-aerea, quindi non sar\u00e0 una sorpresa quando scendi in picchiata e uccidi le sue cannoniere.<\/p>\n\n\n\n<div class=\"wp-block-image\"><figure class=\"aligncenter size-large\"><a href=\"https:\/\/supcom.standardof.net\/it\/supreme-commander\/cybran\/cybran-tech-3-air-units\/gemini-air-superiority-fighter-supreme-commander-cybran-tech-3-air-units\/\"><img decoding=\"async\" width=\"630\" height=\"558\" src=\"https:\/\/supcom.standardof.net\/wp-content\/uploads\/sites\/8\/2020\/11\/Gemini-Air-Superiority-Fighter-Supreme-Commander-Cybran-Tech-3-Air-Units.jpg\" alt=\"Il Gemini Air Superiority Fighter, Cybran Tech 3 Air Unit in Supreme Commander.\" class=\"wp-image-606\" srcset=\"https:\/\/supcom.standardof.net\/wp-content\/uploads\/sites\/8\/2020\/11\/Gemini-Air-Superiority-Fighter-Supreme-Commander-Cybran-Tech-3-Air-Units.jpg 630w, https:\/\/supcom.standardof.net\/wp-content\/uploads\/sites\/8\/2020\/11\/Gemini-Air-Superiority-Fighter-Supreme-Commander-Cybran-Tech-3-Air-Units-512x453.jpg 512w, https:\/\/supcom.standardof.net\/wp-content\/uploads\/sites\/8\/2020\/11\/Gemini-Air-Superiority-Fighter-Supreme-Commander-Cybran-Tech-3-Air-Units-200x177.jpg 200w, https:\/\/supcom.standardof.net\/wp-content\/uploads\/sites\/8\/2020\/11\/Gemini-Air-Superiority-Fighter-Supreme-Commander-Cybran-Tech-3-Air-Units-14x12.jpg 14w\" sizes=\"(max-width: 630px) 100vw, 630px\" \/><\/a><figcaption>GEMELLI - COMBATTENTE DELLA SUPERIORIT\u00c0 AEREA<\/figcaption><\/figure><\/div>\n\n\n\n<section class=\"wp-block-uagb-columns uagb-columns__wrap uagb-columns__background-undefined uagb-columns__stack-mobile uagb-columns__valign-undefined uagb-columns__gap-10 alignundefined uagb-block-24c43c3a\"><div class=\"uagb-columns__overlay\"><\/div><div class=\"uagb-columns__inner-wrap uagb-columns__columns-2\">\n<div class=\"wp-block-uagb-column uagb-column__wrap uagb-column__background-undefined uagb-block-70e253ef\"><div class=\"uagb-column__overlay\"><\/div><div class=\"uagb-column__inner-wrap\">\n<h3 class=\"wp-block-heading\">Gemini Stats<\/h3>\n\n\n\n<p><strong>Armatura:<\/strong> 200 CV (leggero)<br><strong>Abilit\u00e0:<\/strong> Stealth (pu\u00f2 nascondersi dal radar)<br><strong>Costo:<\/strong> M360, E24000, T3600<br>&nbsp;&nbsp;&nbsp;&nbsp; scarico (furtivit\u00e0): E -60<br><strong>Intel<\/strong><br>&nbsp;&nbsp;&nbsp;&nbsp; vista: 32 (625 m)<br><strong>Fisica<\/strong><br>&nbsp;&nbsp;&nbsp;&nbsp; velocit\u00e0 massima: 25 (488 m \/ s),<br>&nbsp;&nbsp;&nbsp;&nbsp; elevazione: 20 (391 m),<br>&nbsp;&nbsp;&nbsp;&nbsp; ingaggio distanza: 50 (977m)<br><strong>Classe di trasporto:<\/strong> 3<br><strong>Anzianit\u00e0: <\/strong>5, 10, 25, 50, 100 uccisioni<br><em>* livello veterano 2: +50 hp<br>* livello veterano 4: +50 hp<br>* livello veterano 5: ripara 1 hp \/ s<\/em><\/p>\n<\/div><\/div>\n\n\n\n<div class=\"wp-block-uagb-column uagb-column__wrap uagb-column__background-undefined uagb-block-d5ed8d92\"><div class=\"uagb-column__overlay\"><\/div><div class=\"uagb-column__inner-wrap\">\n<h3 class=\"wp-block-heading\">Armi Gemelli<\/h3>\n\n\n\n<p><strong>Nanite Missile System<\/strong> (Anti Aria) x2<br>&nbsp;&nbsp;&nbsp;&nbsp; 40 dps<br><strong>gamma:<\/strong> 24 (469 m)<br><strong>arma a proiettile:<\/strong> 20 danni<br>&nbsp;&nbsp;&nbsp;&nbsp; x 2 proiettili = 40 danni per salva<br><strong>velocit\u00e0 di fuoco:<\/strong> 1 (ogni 1 s)<br><em>* livello veterano 1: +10 danni<br>* livello veterano 3: +10 danni<br><\/em><strong>Incidente aereo<\/strong> (Morte)<br>&nbsp;&nbsp;&nbsp;&nbsp; 200 danni<br><strong>la zona:<\/strong> 1 (19,5 m)<\/p>\n<\/div><\/div>\n<\/div><\/section>\n<\/div><\/div>\n<\/div><\/section>\n\n\n\n<section class=\"wp-block-uagb-columns uagb-columns__wrap uagb-columns__background-undefined uagb-columns__stack-mobile uagb-columns__valign-undefined uagb-columns__gap-10 alignundefined uagb-block-3f78e4e3\"><div class=\"uagb-columns__overlay\"><\/div><div class=\"uagb-columns__inner-wrap uagb-columns__columns-1\">\n<div class=\"wp-block-uagb-column uagb-column__wrap uagb-column__background-undefined uagb-block-6f558345\"><div class=\"uagb-column__overlay\"><\/div><div class=\"uagb-column__inner-wrap\">\n<h2 class=\"wp-block-heading\"><strong>REVENANT <\/strong>- BOMBER STRATEGICO<\/h2>\n\n\n\n<p><a href=\"https:\/\/www.standardof.net\/wp-content\/uploads\/2012\/12\/Revenant-Strategic-Bomber.png\" class=\"rank-math-link\" target=\"_blank\" rel=\"noopener\"><\/a>I bombardieri strategici si costruiscono cos\u00ec lentamente che richiedono un grande gruppo di ingegneri. La parola &quot;strategico&quot; non dovrebbe essere presa alla leggera: possono effettivamente uccidere gli intercettori con i loro cannoni anti-aria, volano abbastanza in alto da richiedere un po &#039;di tempo a un sito SAM per ucciderli, e ovviamente la loro bomba \u00e8 spaventosa. Queste cose sono sprecate in enormi battaglie terrestri, poich\u00e9 la loro inesattezza le rende altrettanto propense a far fuori i tuoi ragazzi come i loro; invece, accumulali insieme a un&#039;enorme forza di altri velivoli per distrarre le difese aeree nemiche e usali per un attacco chirurgico su un ACU, pezzo di artiglieria o difesa missilistica nucleare. Anche se il bombardiere strategico Cybran non fa tanti danni, ha un&#039;area abbastanza ampia e un&#039;imprecisione abbastanza piccola da poter essere effettivamente utilizzato per difendersi dagli attacchi terrestri fintanto che hai la superiorit\u00e0 aerea.<\/p>\n\n\n\n<div class=\"wp-block-image\"><figure class=\"aligncenter size-large\"><a href=\"https:\/\/supcom.standardof.net\/it\/supreme-commander\/cybran\/cybran-tech-3-air-units\/revenant-strategic-bomber-supreme-commander-cybran-tech-3-air-units\/\"><img decoding=\"async\" width=\"792\" height=\"598\" src=\"https:\/\/supcom.standardof.net\/wp-content\/uploads\/sites\/8\/2020\/11\/Revenant-Strategic-Bomber-Supreme-Commander-Cybran-Tech-3-Air-Units.jpg\" alt=\"Il bombardiere strategico Revenant, unit\u00e0 aerea Cybran Tech 3 in Supreme Commander.\" class=\"wp-image-607\" srcset=\"https:\/\/supcom.standardof.net\/wp-content\/uploads\/sites\/8\/2020\/11\/Revenant-Strategic-Bomber-Supreme-Commander-Cybran-Tech-3-Air-Units.jpg 792w, https:\/\/supcom.standardof.net\/wp-content\/uploads\/sites\/8\/2020\/11\/Revenant-Strategic-Bomber-Supreme-Commander-Cybran-Tech-3-Air-Units-512x387.jpg 512w, https:\/\/supcom.standardof.net\/wp-content\/uploads\/sites\/8\/2020\/11\/Revenant-Strategic-Bomber-Supreme-Commander-Cybran-Tech-3-Air-Units-200x151.jpg 200w, https:\/\/supcom.standardof.net\/wp-content\/uploads\/sites\/8\/2020\/11\/Revenant-Strategic-Bomber-Supreme-Commander-Cybran-Tech-3-Air-Units-768x580.jpg 768w, https:\/\/supcom.standardof.net\/wp-content\/uploads\/sites\/8\/2020\/11\/Revenant-Strategic-Bomber-Supreme-Commander-Cybran-Tech-3-Air-Units-16x12.jpg 16w\" sizes=\"(max-width: 792px) 100vw, 792px\" \/><\/a><figcaption>REVENANT - BOMBER STRATEGICO<\/figcaption><\/figure><\/div>\n\n\n\n<section class=\"wp-block-uagb-columns uagb-columns__wrap uagb-columns__background-undefined uagb-columns__stack-mobile uagb-columns__valign-undefined uagb-columns__gap-10 alignundefined uagb-block-ebd24269\"><div class=\"uagb-columns__overlay\"><\/div><div class=\"uagb-columns__inner-wrap uagb-columns__columns-2\">\n<div class=\"wp-block-uagb-column uagb-column__wrap uagb-column__background-undefined uagb-block-ad8632c2\"><div class=\"uagb-column__overlay\"><\/div><div class=\"uagb-column__inner-wrap\">\n<h3 class=\"wp-block-heading\">Statistiche Revenant<\/h3>\n\n\n\n<p><strong>Armatura:<\/strong> 120 CV (leggero)<br><strong>Abilit\u00e0:<\/strong> Stealth (pu\u00f2 nascondersi dal radar)<br><strong>Costo:<\/strong> M2160, E72000, T7200<br>&nbsp;&nbsp;&nbsp;&nbsp; scarico (furtivit\u00e0): E -60<br><strong>Intel<\/strong><br>&nbsp;&nbsp;&nbsp;&nbsp; vista: 32 (625 m)<br><strong>Fisica<\/strong><br>&nbsp;&nbsp;&nbsp;&nbsp; velocit\u00e0 massima: 0,5 (9,8 m \/ s)<br>&nbsp;&nbsp;&nbsp;&nbsp; altitudine: 25 (488m)<br>&nbsp;&nbsp;&nbsp;&nbsp; ingaggio distanza: 50 (977m)<br><strong>Classe di trasporto:<\/strong> 3<strong><br>Anzianit\u00e0:<\/strong> 30, 60, 150, 300, 600 uccisioni<br><em>* livello veterano 2: +30 hp<br>* livello veterano 4: +30 hp<br>* livello veterano 5: ripara 1 hp \/ s<\/em><\/p>\n<\/div><\/div>\n\n\n\n<div class=\"wp-block-uagb-column uagb-column__wrap uagb-column__background-undefined uagb-block-a24cde3d\"><div class=\"uagb-column__overlay\"><\/div><div class=\"uagb-column__inner-wrap\">\n<h3 class=\"wp-block-heading\">Armi Revenant<\/h3>\n\n\n\n<p><strong>Bomba al neutrone<\/strong> (Bomba)<br>&nbsp;&nbsp;&nbsp;&nbsp; 1200,00 dps<br><strong>la zona:<\/strong> 6 (117 m)<br><strong>gamma:<\/strong> 5 (97,7 m)<br><strong>arma a proiettile:<\/strong> 6000 danni<br><strong>velocit\u00e0 di fuoco:<\/strong> 0,2 (ogni 5 s)<br><strong>sparare casualit\u00e0:<\/strong> 1<br><em>* livello veterano 1: +1250 danni<br>* livello veterano 3: +1250 danni<\/em><br><strong>Autocannone elettronico<\/strong> (Anti Aria)<br>&nbsp;&nbsp;&nbsp;&nbsp; 120,00 dps<br><strong>gamma:<\/strong> 44 (859 m)<br><strong>arma a proiettile:<\/strong> 20 danni<br><strong>velocit\u00e0 di fuoco:<\/strong> 3 (ogni 0,33 s)<br><em>* livello veterano 1: +5 danni<br>* livello veterano 3: +5 danni<\/em><br><strong>Incidente aereo<\/strong> (Morte)<br>&nbsp;&nbsp;&nbsp;&nbsp; 500 danni<br><strong>la zona:<\/strong> 1 (19,5 m)<\/p>\n<\/div><\/div>\n<\/div><\/section>\n<\/div><\/div>\n<\/div><\/section>","protected":false},"excerpt":{"rendered":"<p>SPOOK \u2013 SPY PLANE The Spy Plane isn&#8217;t cheap, but it&#8217;s worth every penny to have one just in case. Cybrans, always great at scouting, get sonar coverage and the stealth ability that prevents the enemy interceptor packs from hunting your expensive defenseless plane down. It never hurts to have one on patrol across any [&hellip;]<\/p>","protected":false},"author":1,"featured_media":0,"parent":538,"menu_order":0,"comment_status":"open","ping_status":"closed","template":"","meta":{"_uag_custom_page_level_css":"","site-sidebar-layout":"default","site-content-layout":"default","ast-site-content-layout":"","site-content-style":"default","site-sidebar-style":"default","ast-global-header-display":"","ast-banner-title-visibility":"","ast-main-header-display":"","ast-hfb-above-header-display":"","ast-hfb-below-header-display":"","ast-hfb-mobile-header-display":"","site-post-title":"","ast-breadcrumbs-content":"","ast-featured-img":"","footer-sml-layout":"","theme-transparent-header-meta":"default","adv-header-id-meta":"","stick-header-meta":"","header-above-stick-meta":"","header-main-stick-meta":"","header-below-stick-meta":"","astra-migrate-meta-layouts":"default","ast-page-background-enabled":"default","ast-page-background-meta":{"desktop":{"background-color":"","background-image":"","background-repeat":"repeat","background-position":"center center","background-size":"auto","background-attachment":"scroll","background-type":"","background-media":"","overlay-type":"","overlay-color":"","overlay-gradient":""},"tablet":{"background-color":"","background-image":"","background-repeat":"repeat","background-position":"center center","background-size":"auto","background-attachment":"scroll","background-type":"","background-media":"","overlay-type":"","overlay-color":"","overlay-gradient":""},"mobile":{"background-color":"","background-image":"","background-repeat":"repeat","background-position":"center center","background-size":"auto","background-attachment":"scroll","background-type":"","background-media":"","overlay-type":"","overlay-color":"","overlay-gradient":""}},"ast-content-background-meta":{"desktop":{"background-color":"var(--ast-global-color-5)","background-image":"","background-repeat":"repeat","background-position":"center center","background-size":"auto","background-attachment":"scroll","background-type":"","background-media":"","overlay-type":"","overlay-color":"","overlay-gradient":""},"tablet":{"background-color":"var(--ast-global-color-5)","background-image":"","background-repeat":"repeat","background-position":"center center","background-size":"auto","background-attachment":"scroll","background-type":"","background-media":"","overlay-type":"","overlay-color":"","overlay-gradient":""},"mobile":{"background-color":"var(--ast-global-color-5)","background-image":"","background-repeat":"repeat","background-position":"center center","background-size":"auto","background-attachment":"scroll","background-type":"","background-media":"","overlay-type":"","overlay-color":"","overlay-gradient":""}},"footnotes":""},"uagb_featured_image_src":{"full":false,"thumbnail":false,"medium":false,"medium_large":false,"large":false,"1536x1536":false,"2048x2048":false,"trp-custom-language-flag":false},"uagb_author_info":{"display_name":"SOE","author_link":"https:\/\/supcom.standardof.net\/it\/author\/k-tastic\/"},"uagb_comment_info":0,"uagb_excerpt":"SPOOK \u2013 SPY PLANE The Spy Plane isn&#8217;t cheap, but it&#8217;s worth every penny to have one just in case. Cybrans, always great at scouting, get sonar coverage and the stealth ability that prevents the enemy interceptor packs from hunting your expensive defenseless plane down. It never hurts to have one on patrol across any&hellip;","_links":{"self":[{"href":"https:\/\/supcom.standardof.net\/it\/wp-json\/wp\/v2\/pages\/603"}],"collection":[{"href":"https:\/\/supcom.standardof.net\/it\/wp-json\/wp\/v2\/pages"}],"about":[{"href":"https:\/\/supcom.standardof.net\/it\/wp-json\/wp\/v2\/types\/page"}],"author":[{"embeddable":true,"href":"https:\/\/supcom.standardof.net\/it\/wp-json\/wp\/v2\/users\/1"}],"replies":[{"embeddable":true,"href":"https:\/\/supcom.standardof.net\/it\/wp-json\/wp\/v2\/comments?post=603"}],"version-history":[{"count":0,"href":"https:\/\/supcom.standardof.net\/it\/wp-json\/wp\/v2\/pages\/603\/revisions"}],"up":[{"embeddable":true,"href":"https:\/\/supcom.standardof.net\/it\/wp-json\/wp\/v2\/pages\/538"}],"wp:attachment":[{"href":"https:\/\/supcom.standardof.net\/it\/wp-json\/wp\/v2\/media?parent=603"}],"curies":[{"name":"wp","href":"https:\/\/api.w.org\/{rel}","templated":true}]}}