{"id":611,"date":"2020-11-02T14:34:22","date_gmt":"2020-11-02T19:34:22","guid":{"rendered":"https:\/\/supcom.standardof.net\/?page_id=611"},"modified":"2020-11-04T00:33:37","modified_gmt":"2020-11-04T05:33:37","slug":"cybran-tech-1-naval-units","status":"publish","type":"page","link":"https:\/\/supcom.standardof.net\/it\/supreme-commander\/cybran\/cybran-tech-1-naval-units\/","title":{"rendered":"Unit\u00e0 navali Cybran Tech 1"},"content":{"rendered":"<div class=\"wp-block-uagb-table-of-contents uagb-toc__align-left uagb-toc__columns-1  uagb-block-c4f8dd07\"\n\t\t\t\t\tdata-scroll= \"1\"\n\t\t\t\t\tdata-offset= \"30\"\n\t\t\t\t\tstyle=\"\"\n\t\t\t\t>\n\t\t\t\t<div class=\"uagb-toc__wrap\">\n\t\t\t\t\t\t<div class=\"uagb-toc__title\">\n\t\t\t\t\t\t\tUnit\u00e0 navali Cybran Tech 1:\t\t\t\t\t\t<\/div>\n\t\t\t\t\t\t\t\t\t\t\t\t\t\t\t\t<div class=\"uagb-toc__list-wrap\">\n\t\t\t\t\t\t<ol class=\"uagb-toc__list\"><li class=\"uagb-toc__list\"><a href=\"#sliver-attack-submarine\" class=\"uagb-toc-link__trigger\">SLIVER - ATTACCO SOTTOMARINO<\/a><li class=\"uagb-toc__list\"><a href=\"#trident-class-frigate\" class=\"uagb-toc-link__trigger\">FREGATA DI CLASSE TRIDENTE<\/a><\/ol>\t\t\t\t\t<\/div>\n\t\t\t\t\t\t\t\t\t<\/div>\n\t\t\t\t<\/div>\n\t\t\t\n\n\n<section class=\"wp-block-uagb-columns uagb-columns__wrap uagb-columns__background-undefined uagb-columns__stack-mobile uagb-columns__valign-undefined uagb-columns__gap-10 alignundefined uagb-block-3bd94459\"><div class=\"uagb-columns__overlay\"><\/div><div class=\"uagb-columns__inner-wrap uagb-columns__columns-1\">\n<div class=\"wp-block-uagb-column uagb-column__wrap uagb-column__background-undefined uagb-block-3b857cb2\"><div class=\"uagb-column__overlay\"><\/div><div class=\"uagb-column__inner-wrap\">\n<h2 class=\"wp-block-heading\"><strong>SLIVER <\/strong>- ATTACCO SOTTOMARINO<\/h2>\n\n\n\n<p><a href=\"https:\/\/www.standardof.net\/wp-content\/uploads\/2012\/12\/Sliver-Attack-Submarine.png\" class=\"rank-math-link\" target=\"_blank\" rel=\"noopener\"><\/a>Anche se il sottomarino Cybran \u00e8 leggermente superiore al sottomarino Aeon, ha un fattore di riscatto: puoi ordinarlo di emergere (premendo &quot;Dive&quot; o &quot;D&quot;) e aggiunger\u00e0 il suo laser di coperta all&#039;equazione. Questa di solito \u00e8 un&#039;idea straordinariamente cattiva, in quanto ti rende vulnerabile a pi\u00f9 fuoco, ma almeno non devi costruire una fregata per uccidere un estrattore vulnerabile o un carro armato anfibio. Il costo economico consente a Cybrans di integrare le loro fregate poco brillanti con pi\u00f9 sottomarini.<\/p>\n\n\n\n<div class=\"wp-block-image\"><figure class=\"aligncenter size-large\"><a href=\"https:\/\/supcom.standardof.net\/it\/supreme-commander\/cybran\/cybran-tech-1-naval-units\/sliver-attack-submarine-supreme-commander-cybran-tech-1-navy-units\/\"><img decoding=\"async\" width=\"430\" height=\"364\" src=\"https:\/\/supcom.standardof.net\/wp-content\/uploads\/sites\/8\/2020\/11\/Sliver-Attack-Submarine-Supreme-Commander-Cybran-Tech-1-Navy-Units.jpg\" alt=\"Il Sottomarino Attacco Tramutante, Unit\u00e0 Marina Cybran Tech 1 in Supreme Commander.\" class=\"wp-image-613\" srcset=\"https:\/\/supcom.standardof.net\/wp-content\/uploads\/sites\/8\/2020\/11\/Sliver-Attack-Submarine-Supreme-Commander-Cybran-Tech-1-Navy-Units.jpg 430w, https:\/\/supcom.standardof.net\/wp-content\/uploads\/sites\/8\/2020\/11\/Sliver-Attack-Submarine-Supreme-Commander-Cybran-Tech-1-Navy-Units-200x169.jpg 200w, https:\/\/supcom.standardof.net\/wp-content\/uploads\/sites\/8\/2020\/11\/Sliver-Attack-Submarine-Supreme-Commander-Cybran-Tech-1-Navy-Units-14x12.jpg 14w\" sizes=\"(max-width: 430px) 100vw, 430px\" \/><\/a><figcaption>SLIVER - ATTACCO SOTTOMARINO<\/figcaption><\/figure><\/div>\n\n\n\n<section class=\"wp-block-uagb-columns uagb-columns__wrap uagb-columns__background-undefined uagb-columns__stack-mobile uagb-columns__valign-undefined uagb-columns__gap-10 alignundefined uagb-block-d97273be\"><div class=\"uagb-columns__overlay\"><\/div><div class=\"uagb-columns__inner-wrap uagb-columns__columns-2\">\n<div class=\"wp-block-uagb-column uagb-column__wrap uagb-column__background-undefined uagb-block-6080005e\"><div class=\"uagb-column__overlay\"><\/div><div class=\"uagb-column__inner-wrap\">\n<h3 class=\"wp-block-heading\">Statistiche Sliver<\/h3>\n\n\n\n<p><strong>Armatura:<\/strong> 1125<br><strong>Abilit\u00e0:<\/strong> Sommergibile<br><strong>Costo:<\/strong> M580, E2250, T1000<br><strong>Intel<\/strong><br>&nbsp;&nbsp;&nbsp;&nbsp; vista: 32 (625 m)<br>&nbsp;&nbsp;&nbsp;&nbsp; sonar: 60 (1,17 km)<br>&nbsp;&nbsp;&nbsp;&nbsp; vista d&#039;acqua: 32 (625 m)<br><strong>Fisica<\/strong><br>&nbsp;&nbsp;&nbsp;&nbsp; velocit\u00e0 massima: 4,675 (91,3 m \/ s)<br>&nbsp;&nbsp;&nbsp;&nbsp; velocit\u00e0 di virata: 40<br><strong>Anzianit\u00e0:<\/strong> 5, 10, 25, 50, 100 uccisioni<br><em>* livello veterano 2: +270 hp<br>* livello veterano 4: +270 hp<br>* livello veterano 5: ripara 3 hp \/ s<\/em><\/p>\n<\/div><\/div>\n\n\n\n<div class=\"wp-block-uagb-column uagb-column__wrap uagb-column__background-undefined uagb-block-6f6d055e\"><div class=\"uagb-column__overlay\"><\/div><div class=\"uagb-column__inner-wrap\">\n<h3 class=\"wp-block-heading\">Armi scheggiate<\/h3>\n\n\n\n<p><strong>Nanite Torpedo<\/strong> (Anti Navy)<br>&nbsp;&nbsp;&nbsp;&nbsp;&nbsp; 94,44 dps<br><strong>gamma:<\/strong> 32 (625 m)<br><strong>arma a proiettile:<\/strong> 170<br>&nbsp;&nbsp;&nbsp;&nbsp; (5 volte 34 danni in 1 secondo)<br>&nbsp;&nbsp;&nbsp;&nbsp; x 2 proiettili = 340 danni per salva<br><strong>velocit\u00e0 di fuoco:<\/strong> 0,28 (ogni 3,6 s)<br><em>* livello veterano 1: +9 danni<br>* livello veterano 3: +9 danni<\/em><\/p>\n\n\n\n<p><strong>Laser a impulsi luminosi<\/strong> (Fuoco diretto)<br>&nbsp;&nbsp;&nbsp;&nbsp; 22,00 dps<br><strong>gamma:<\/strong> 32 (625 m)<br><strong>arma a proiettile:<\/strong> 11 danni<br><strong>velocit\u00e0 di fuoco:<\/strong> 2 (ogni 0,5 s)<br><em>* livello veterano 1: +3 danni<br>* livello veterano 3: +3 danni<\/em><\/p>\n<\/div><\/div>\n<\/div><\/section>\n<\/div><\/div>\n<\/div><\/section>\n\n\n\n<section class=\"wp-block-uagb-columns uagb-columns__wrap uagb-columns__background-undefined uagb-columns__stack-mobile uagb-columns__valign-undefined uagb-columns__gap-10 alignundefined uagb-block-8b77028e\"><div class=\"uagb-columns__overlay\"><\/div><div class=\"uagb-columns__inner-wrap uagb-columns__columns-1\">\n<div class=\"wp-block-uagb-column uagb-column__wrap uagb-column__background-undefined uagb-block-a948da14\"><div class=\"uagb-column__overlay\"><\/div><div class=\"uagb-column__inner-wrap\">\n<h2 class=\"wp-block-heading\"><strong>TRIDENTE <\/strong>FREGATA DI CLASSE<\/h2>\n\n\n\n<p><a href=\"https:\/\/www.standardof.net\/wp-content\/uploads\/2012\/12\/Trident-Class-Frigate.png\" class=\"rank-math-link\" target=\"_blank\" rel=\"noopener\"><\/a>La fregata Cybran \u00e8 surclassata dai sottomarini nemici e dalle fregate nemiche, e la sua bassa portata la rende debole ai bombardamenti costieri, quindi usala come corsa anticipata o rimani fedele ai sottomarini finch\u00e9 non riesci a far funzionare le tue navi T2.<\/p>\n\n\n\n<div class=\"wp-block-image\"><figure class=\"aligncenter size-large\"><a href=\"https:\/\/supcom.standardof.net\/it\/supreme-commander\/cybran\/cybran-tech-1-naval-units\/trident-class-frigate-supreme-commander-cybran-tech-1-navy-units\/\"><img decoding=\"async\" width=\"800\" height=\"492\" src=\"https:\/\/supcom.standardof.net\/wp-content\/uploads\/sites\/8\/2020\/11\/Trident-Class-Frigate-Supreme-Commander-Cybran-Tech-1-Navy-Units-800x492.jpg\" alt=\"La fregata classe Trident, unit\u00e0 della Marina Cybran Tech 1 in Supreme Commander.\" class=\"wp-image-614\" srcset=\"https:\/\/supcom.standardof.net\/wp-content\/uploads\/sites\/8\/2020\/11\/Trident-Class-Frigate-Supreme-Commander-Cybran-Tech-1-Navy-Units-800x492.jpg 800w, https:\/\/supcom.standardof.net\/wp-content\/uploads\/sites\/8\/2020\/11\/Trident-Class-Frigate-Supreme-Commander-Cybran-Tech-1-Navy-Units-512x315.jpg 512w, https:\/\/supcom.standardof.net\/wp-content\/uploads\/sites\/8\/2020\/11\/Trident-Class-Frigate-Supreme-Commander-Cybran-Tech-1-Navy-Units-200x123.jpg 200w, https:\/\/supcom.standardof.net\/wp-content\/uploads\/sites\/8\/2020\/11\/Trident-Class-Frigate-Supreme-Commander-Cybran-Tech-1-Navy-Units-768x472.jpg 768w, https:\/\/supcom.standardof.net\/wp-content\/uploads\/sites\/8\/2020\/11\/Trident-Class-Frigate-Supreme-Commander-Cybran-Tech-1-Navy-Units-16x10.jpg 16w, https:\/\/supcom.standardof.net\/wp-content\/uploads\/sites\/8\/2020\/11\/Trident-Class-Frigate-Supreme-Commander-Cybran-Tech-1-Navy-Units.jpg 830w\" sizes=\"(max-width: 800px) 100vw, 800px\" \/><\/a><figcaption>FREGATA DI CLASSE TRIDENTE<\/figcaption><\/figure><\/div>\n\n\n\n<section class=\"wp-block-uagb-columns uagb-columns__wrap uagb-columns__background-undefined uagb-columns__stack-mobile uagb-columns__valign-undefined uagb-columns__gap-10 alignundefined uagb-block-3b96a1c3\"><div class=\"uagb-columns__overlay\"><\/div><div class=\"uagb-columns__inner-wrap uagb-columns__columns-2\">\n<div class=\"wp-block-uagb-column uagb-column__wrap uagb-column__background-undefined uagb-block-1a987968\"><div class=\"uagb-column__overlay\"><\/div><div class=\"uagb-column__inner-wrap\">\n<h3 class=\"wp-block-heading\">Statistiche Trident<\/h3>\n\n\n\n<p><strong>Armatura:<\/strong> 1900hp<br><strong>Abilit\u00e0:<\/strong> Radar, Sonar<br><strong>Costo:<\/strong> M360, E24000, T3600<br><strong>Intel<br>&nbsp;&nbsp;&nbsp;&nbsp; <\/strong>vista: 32 (625 m)<br>&nbsp;&nbsp;&nbsp;&nbsp; radar: 80 (1,56 km)<br>&nbsp;&nbsp;&nbsp;&nbsp; sonar: 80 (1,56 km)<br>&nbsp;&nbsp;&nbsp;&nbsp; vista acqua: 24 (469m)<br><strong>Fisica<\/strong><br>&nbsp;&nbsp;&nbsp;&nbsp; velocit\u00e0 massima: 6,8 (133 m \/ s)<br>&nbsp;&nbsp;&nbsp;&nbsp; velocit\u00e0 di rotazione: 30<br><strong>Anzianit\u00e0: <\/strong>5, 10, 25, 50, 100 uccisioni<br><em>* livello veterano 2: +181 hp<br>* livello veterano 4: +181 hp<br>* livello veterano 5: ripara 3 hp \/ s<\/em><\/p>\n<\/div><\/div>\n\n\n\n<div class=\"wp-block-uagb-column uagb-column__wrap uagb-column__background-undefined uagb-block-eafb0c4f\"><div class=\"uagb-column__overlay\"><\/div><div class=\"uagb-column__inner-wrap\">\n<h3 class=\"wp-block-heading\">Armi del tridente<\/h3>\n\n\n\n<p><strong>Cannone protonico<\/strong> (Direct Fire Naval)<br>&nbsp;&nbsp;&nbsp;&nbsp; 57,14 dps<br><strong>la zona:<\/strong> 2 (39,1 m)<br><strong>gamma:<\/strong> 28 (547 m)<br><strong>arma a proiettile:<\/strong> 40 danni<br><strong>velocit\u00e0 di fuoco:<\/strong> 1,43 (ogni 0,7 s)<br><em>* livello veterano 1: +10 danni<br>* livello veterano 3: +10 danni<\/em><\/p>\n\n\n\n<p><strong>Autocannone elettronico<\/strong> (Anti Aria)<br>&nbsp;&nbsp;&nbsp;&nbsp; 3,33 dps<br><strong>gamma:<\/strong> 44 (859 m)<br><strong>arma a proiettile:<\/strong> 1 danno<br><strong>velocit\u00e0 di fuoco:<\/strong> 3 (ogni 0,33 s)<br><em>* livello veterano 1: +1 danno<br>* livello veterano 3: +1 danno<\/em><\/p>\n<\/div><\/div>\n<\/div><\/section>\n<\/div><\/div>\n<\/div><\/section>","protected":false},"excerpt":{"rendered":"<p>SLIVER \u2013 ATTACK SUBMARINE Although the Cybran sub is slightly outmatched against the Aeon sub, it has one redeeming factor: you can order it to surface (by pressing &#8220;Dive&#8221; or &#8220;D&#8221;) and it will add its deck laser to the equation. This is usually a spectacularly bad idea, as it makes you vulnerable to more [&hellip;]<\/p>","protected":false},"author":1,"featured_media":0,"parent":538,"menu_order":0,"comment_status":"open","ping_status":"closed","template":"","meta":{"_uag_custom_page_level_css":"","site-sidebar-layout":"default","site-content-layout":"default","ast-site-content-layout":"","site-content-style":"default","site-sidebar-style":"default","ast-global-header-display":"","ast-banner-title-visibility":"","ast-main-header-display":"","ast-hfb-above-header-display":"","ast-hfb-below-header-display":"","ast-hfb-mobile-header-display":"","site-post-title":"","ast-breadcrumbs-content":"","ast-featured-img":"","footer-sml-layout":"","theme-transparent-header-meta":"default","adv-header-id-meta":"","stick-header-meta":"","header-above-stick-meta":"","header-main-stick-meta":"","header-below-stick-meta":"","astra-migrate-meta-layouts":"default","ast-page-background-enabled":"default","ast-page-background-meta":{"desktop":{"background-color":"","background-image":"","background-repeat":"repeat","background-position":"center center","background-size":"auto","background-attachment":"scroll","background-type":"","background-media":"","overlay-type":"","overlay-color":"","overlay-gradient":""},"tablet":{"background-color":"","background-image":"","background-repeat":"repeat","background-position":"center center","background-size":"auto","background-attachment":"scroll","background-type":"","background-media":"","overlay-type":"","overlay-color":"","overlay-gradient":""},"mobile":{"background-color":"","background-image":"","background-repeat":"repeat","background-position":"center center","background-size":"auto","background-attachment":"scroll","background-type":"","background-media":"","overlay-type":"","overlay-color":"","overlay-gradient":""}},"ast-content-background-meta":{"desktop":{"background-color":"var(--ast-global-color-5)","background-image":"","background-repeat":"repeat","background-position":"center center","background-size":"auto","background-attachment":"scroll","background-type":"","background-media":"","overlay-type":"","overlay-color":"","overlay-gradient":""},"tablet":{"background-color":"var(--ast-global-color-5)","background-image":"","background-repeat":"repeat","background-position":"center center","background-size":"auto","background-attachment":"scroll","background-type":"","background-media":"","overlay-type":"","overlay-color":"","overlay-gradient":""},"mobile":{"background-color":"var(--ast-global-color-5)","background-image":"","background-repeat":"repeat","background-position":"center center","background-size":"auto","background-attachment":"scroll","background-type":"","background-media":"","overlay-type":"","overlay-color":"","overlay-gradient":""}},"footnotes":""},"uagb_featured_image_src":{"full":false,"thumbnail":false,"medium":false,"medium_large":false,"large":false,"1536x1536":false,"2048x2048":false,"trp-custom-language-flag":false},"uagb_author_info":{"display_name":"SOE","author_link":"https:\/\/supcom.standardof.net\/it\/author\/k-tastic\/"},"uagb_comment_info":0,"uagb_excerpt":"SLIVER \u2013 ATTACK SUBMARINE Although the Cybran sub is slightly outmatched against the Aeon sub, it has one redeeming factor: you can order it to surface (by pressing &#8220;Dive&#8221; or &#8220;D&#8221;) and it will add its deck laser to the equation. This is usually a spectacularly bad idea, as it makes you vulnerable to more&hellip;","_links":{"self":[{"href":"https:\/\/supcom.standardof.net\/it\/wp-json\/wp\/v2\/pages\/611"}],"collection":[{"href":"https:\/\/supcom.standardof.net\/it\/wp-json\/wp\/v2\/pages"}],"about":[{"href":"https:\/\/supcom.standardof.net\/it\/wp-json\/wp\/v2\/types\/page"}],"author":[{"embeddable":true,"href":"https:\/\/supcom.standardof.net\/it\/wp-json\/wp\/v2\/users\/1"}],"replies":[{"embeddable":true,"href":"https:\/\/supcom.standardof.net\/it\/wp-json\/wp\/v2\/comments?post=611"}],"version-history":[{"count":0,"href":"https:\/\/supcom.standardof.net\/it\/wp-json\/wp\/v2\/pages\/611\/revisions"}],"up":[{"embeddable":true,"href":"https:\/\/supcom.standardof.net\/it\/wp-json\/wp\/v2\/pages\/538"}],"wp:attachment":[{"href":"https:\/\/supcom.standardof.net\/it\/wp-json\/wp\/v2\/media?parent=611"}],"curies":[{"name":"wp","href":"https:\/\/api.w.org\/{rel}","templated":true}]}}