{"id":617,"date":"2020-11-02T14:40:37","date_gmt":"2020-11-02T19:40:37","guid":{"rendered":"https:\/\/supcom.standardof.net\/?page_id=617"},"modified":"2020-11-04T00:33:47","modified_gmt":"2020-11-04T05:33:47","slug":"cybran-tech-2-naval-units","status":"publish","type":"page","link":"https:\/\/supcom.standardof.net\/it\/supreme-commander\/cybran\/cybran-tech-2-naval-units\/","title":{"rendered":"Cybran Tech 2 unit\u00e0 navali"},"content":{"rendered":"<div class=\"wp-block-uagb-table-of-contents uagb-toc__align-left uagb-toc__columns-1  uagb-block-1849780f\"\n\t\t\t\t\tdata-scroll= \"1\"\n\t\t\t\t\tdata-offset= \"30\"\n\t\t\t\t\tstyle=\"\"\n\t\t\t\t>\n\t\t\t\t<div class=\"uagb-toc__wrap\">\n\t\t\t\t\t\t<div class=\"uagb-toc__title\">\n\t\t\t\t\t\t\tUnit\u00e0 navali Cybran Tech 2:\t\t\t\t\t\t<\/div>\n\t\t\t\t\t\t\t\t\t\t\t\t\t\t\t\t<div class=\"uagb-toc__list-wrap\">\n\t\t\t\t\t\t<ol class=\"uagb-toc__list\"><li class=\"uagb-toc__list\"><a href=\"#siren-class-cruiser\" class=\"uagb-toc-link__trigger\">SIREN CLASS CRUISER<\/a><li class=\"uagb-toc__list\"><a href=\"#salem-class-destroyer\" class=\"uagb-toc-link__trigger\">DISTRUTTORE DI CLASSE SALEM<\/a><\/ol>\t\t\t\t\t<\/div>\n\t\t\t\t\t\t\t\t\t<\/div>\n\t\t\t\t<\/div>\n\t\t\t\n\n\n<section class=\"wp-block-uagb-columns uagb-columns__wrap uagb-columns__background-undefined uagb-columns__stack-mobile uagb-columns__valign-undefined uagb-columns__gap-10 alignundefined uagb-block-27b633ce\"><div class=\"uagb-columns__overlay\"><\/div><div class=\"uagb-columns__inner-wrap uagb-columns__columns-1\">\n<div class=\"wp-block-uagb-column uagb-column__wrap uagb-column__background-undefined uagb-block-78728c57\"><div class=\"uagb-column__overlay\"><\/div><div class=\"uagb-column__inner-wrap\">\n<h2 class=\"wp-block-heading\"><strong>SIRENA <\/strong>CLASS CRUISER<\/h2>\n\n\n\n<p><a href=\"https:\/\/www.standardof.net\/wp-content\/uploads\/2012\/12\/Siren-Class-Cruiser.png\" class=\"rank-math-link\" target=\"_blank\" rel=\"noopener\"><\/a>L&#039;incrociatore Cybran \u00e8 una piattaforma di supporto aereo dedicata: consente ai tuoi aerei di atterrare e fare rifornimento, non \u00e8 pi\u00f9 costoso delle sue controparti nelle altre fazioni e ha una capacit\u00e0 anti-aerea sbalorditiva che ti fa desiderare il tuo cannone antiaereo mobile T1 aveva uno di QUESTI lanciatori nanodart. Sebbene abbia un cannone da ponte, \u00e8 solo per assicurarti che possa attaccare con il resto delle tue navi rimanendo nella parte posteriore a cui appartiene.<\/p>\n\n\n\n<div class=\"wp-block-image\"><figure class=\"aligncenter size-large\"><a href=\"https:\/\/supcom.standardof.net\/it\/supreme-commander\/cybran\/cybran-tech-2-naval-units\/siren-class-cruiser-supreme-commander-cybran-tech-2-navy-units\/\"><img decoding=\"async\" width=\"725\" height=\"530\" src=\"https:\/\/supcom.standardof.net\/wp-content\/uploads\/sites\/8\/2020\/11\/Siren-Class-Cruiser-Supreme-Commander-Cybran-Tech-2-Navy-Units.jpg\" alt=\"Il Siren Class Cruiser, Cybran Tech 1 Navy Unit in Supreme Commander.\" class=\"wp-image-619\" srcset=\"https:\/\/supcom.standardof.net\/wp-content\/uploads\/sites\/8\/2020\/11\/Siren-Class-Cruiser-Supreme-Commander-Cybran-Tech-2-Navy-Units.jpg 725w, https:\/\/supcom.standardof.net\/wp-content\/uploads\/sites\/8\/2020\/11\/Siren-Class-Cruiser-Supreme-Commander-Cybran-Tech-2-Navy-Units-512x374.jpg 512w, https:\/\/supcom.standardof.net\/wp-content\/uploads\/sites\/8\/2020\/11\/Siren-Class-Cruiser-Supreme-Commander-Cybran-Tech-2-Navy-Units-200x146.jpg 200w, https:\/\/supcom.standardof.net\/wp-content\/uploads\/sites\/8\/2020\/11\/Siren-Class-Cruiser-Supreme-Commander-Cybran-Tech-2-Navy-Units-16x12.jpg 16w\" sizes=\"(max-width: 725px) 100vw, 725px\" \/><\/a><figcaption>SIREN CLASS CRUISER<\/figcaption><\/figure><\/div>\n\n\n\n<section class=\"wp-block-uagb-columns uagb-columns__wrap uagb-columns__background-undefined uagb-columns__stack-mobile uagb-columns__valign-undefined uagb-columns__gap-10 alignundefined uagb-block-eda90e9f\"><div class=\"uagb-columns__overlay\"><\/div><div class=\"uagb-columns__inner-wrap uagb-columns__columns-2\">\n<div class=\"wp-block-uagb-column uagb-column__wrap uagb-column__background-undefined uagb-block-323360bc\"><div class=\"uagb-column__overlay\"><\/div><div class=\"uagb-column__inner-wrap\">\n<h3 class=\"wp-block-heading\">Statistiche sirena<\/h3>\n\n\n\n<p><strong>Armatura:<\/strong> 2800<br><strong>Abilit\u00e0:<\/strong> Allestimento aereo, difesa missilistica tattica<br><strong>Costo:<\/strong> M2000, E18000, T4000<br><strong>Intel<\/strong><br>&nbsp;&nbsp;&nbsp;&nbsp; vista: 60 (1,17 km)<br>&nbsp;&nbsp;&nbsp;&nbsp; radar: 70 (1,37 km)<br>&nbsp;&nbsp;&nbsp;&nbsp; sonar: 30 (586 m)<br>&nbsp;&nbsp;&nbsp;&nbsp; vista d&#039;acqua: 45 (879 m)<br><strong>Fisica<\/strong><br>&nbsp;&nbsp;&nbsp;&nbsp; velocit\u00e0 massima: 4,25 (83,0 m \/ s)<br>&nbsp;&nbsp;&nbsp;&nbsp; velocit\u00e0 di rotazione: 20<br><strong>Classe di trasporto:<\/strong> 10<br>&nbsp;&nbsp;&nbsp;&nbsp; dimensione allegata classe 2: 1<br>&nbsp;&nbsp;&nbsp;&nbsp; dimensione allegato classe 3: 1<br><strong>Anzianit\u00e0:<\/strong> 30, 60, 150, 300, 600 uccisioni<br><em>* livello veterano 2: +700 hp<br>* livello veterano 4: +700 hp<br>* livello veterano 5: ripara 3 hp \/ s<\/em><\/p>\n<\/div><\/div>\n\n\n\n<div class=\"wp-block-uagb-column uagb-column__wrap uagb-column__background-undefined uagb-block-a123735b\"><div class=\"uagb-column__overlay\"><\/div><div class=\"uagb-column__inner-wrap\">\n<h3 class=\"wp-block-heading\">Armi della sirena<\/h3>\n\n\n\n<p><strong>Cannone protonico<\/strong> (Direct Fire Naval)<br>&nbsp;&nbsp;&nbsp;&nbsp; 32,00 dps<br><strong>la zona:<\/strong> 2 (39,1 m)<br><strong>gamma:<\/strong> 64 (1,25 km)<br><strong>arma a proiettile:<\/strong> 20 danni<br>&nbsp;&nbsp;&nbsp;&nbsp; x 2 proiettili = 40 danni per salva<br><strong>velocit\u00e0 di fuoco:<\/strong> 0,8 (ogni 1,25 s)<br><em>* livello veterano 1: +5 danni<br>* livello veterano 3: +5 danni<\/em><\/p>\n\n\n\n<p><strong>Lanciatore Nanodart<\/strong> (Anti Aria)<br>&nbsp;&nbsp;&nbsp;&nbsp; 72,00 dps<br><strong>gamma:<\/strong> 64 (1,25 km)<br><strong>arma a proiettile:<\/strong> 15 danni<br>&nbsp;&nbsp;&nbsp;&nbsp; x 6 proiettili = 90 danni per salva<br><strong>velocit\u00e0 di fuoco:<\/strong> 0,8 (ogni 1,25 s)<br>* livello veterano 1: +4 danni<br>* livello veterano 3: +4 danni<\/p>\n\n\n\n<p><strong>Lanciatore Nanodart<\/strong> (Anti Aria):<br>&nbsp;&nbsp;&nbsp;&nbsp; 90,00 dps,<br><strong>gamma:<\/strong> 64 (1,25 km)<br><strong>arma a proiettile:<\/strong> 30 danni<br>&nbsp;&nbsp;&nbsp;&nbsp;&nbsp; x 6 proiettili = 180 danni per salva<br><strong>velocit\u00e0 di fuoco:<\/strong> 0,5 (ogni 2 s)<br><em>* livello veterano 1: +8 danni<br>* livello veterano 3: +8 danni<\/em><\/p>\n\n\n\n<p><strong>Zapper Anti Missile<\/strong> (Difesa)<br>&nbsp;&nbsp;&nbsp;&nbsp;&nbsp; 7,20 dps<br><strong>gamma:<\/strong> 32 (625 m)<br><strong>arma a raggi:<\/strong> 6 danni<br>&nbsp;&nbsp;&nbsp;&nbsp; x 1 raggio ogni 0,25 s per 0,5 s = 18 danni<br><strong>velocit\u00e0 di fuoco:<\/strong> 0,4 (ogni 2,5 s)<\/p>\n<\/div><\/div>\n<\/div><\/section>\n<\/div><\/div>\n<\/div><\/section>\n\n\n\n<section class=\"wp-block-uagb-columns uagb-columns__wrap uagb-columns__background-undefined uagb-columns__stack-mobile uagb-columns__valign-undefined uagb-columns__gap-10 alignundefined uagb-block-4aed9922\"><div class=\"uagb-columns__overlay\"><\/div><div class=\"uagb-columns__inner-wrap uagb-columns__columns-1\">\n<div class=\"wp-block-uagb-column uagb-column__wrap uagb-column__background-undefined uagb-block-8548c629\"><div class=\"uagb-column__overlay\"><\/div><div class=\"uagb-column__inner-wrap\">\n<h2 class=\"wp-block-heading\"><strong>SALEM <\/strong>DISTRUTTORE DI CLASSE<\/h2>\n\n\n\n<p><a href=\"https:\/\/www.standardof.net\/wp-content\/uploads\/2012\/12\/Salem-Class-Destroyer.png\" class=\"rank-math-link\" target=\"_blank\" rel=\"noopener\"><\/a>Il Salem \u00e8 il fiore all&#039;occhiello della marina cibrana. Ha pi\u00f9 potenza di fuoco rispetto alle navi delle altre parti, oltre a rispettabili siluri e anti-siluri per combattere le flotte sottomarine. Non smette mai di essere utile a causa della sua capacit\u00e0 anfibia, ed \u00e8 molto lento ma comunque devastante quando striscia lungo la costa. La sua unica debolezza \u00e8 l&#039;armatura bassa, il che significa che ha problemi ad affrontare altri cacciatorpediniere in mare a meno che non lo ordini nella mischia in modo che i suoi siluri possano iniziare ad attaccare.<\/p>\n\n\n\n<div class=\"wp-block-image\"><figure class=\"aligncenter size-large\"><a href=\"https:\/\/supcom.standardof.net\/it\/supreme-commander\/cybran\/cybran-tech-2-naval-units\/salem-class-destroyer-supreme-commander-cybran-tech-2-navy-units\/\"><img decoding=\"async\" width=\"576\" height=\"417\" src=\"https:\/\/supcom.standardof.net\/wp-content\/uploads\/sites\/8\/2020\/11\/Salem-Class-Destroyer-Supreme-Commander-Cybran-Tech-2-Navy-Units.jpg\" alt=\"Il cacciatorpediniere di classe Salem, unit\u00e0 della Marina Cybran Tech 1 in Supreme Commander.\" class=\"wp-image-620\" srcset=\"https:\/\/supcom.standardof.net\/wp-content\/uploads\/sites\/8\/2020\/11\/Salem-Class-Destroyer-Supreme-Commander-Cybran-Tech-2-Navy-Units.jpg 576w, https:\/\/supcom.standardof.net\/wp-content\/uploads\/sites\/8\/2020\/11\/Salem-Class-Destroyer-Supreme-Commander-Cybran-Tech-2-Navy-Units-512x371.jpg 512w, https:\/\/supcom.standardof.net\/wp-content\/uploads\/sites\/8\/2020\/11\/Salem-Class-Destroyer-Supreme-Commander-Cybran-Tech-2-Navy-Units-200x145.jpg 200w, https:\/\/supcom.standardof.net\/wp-content\/uploads\/sites\/8\/2020\/11\/Salem-Class-Destroyer-Supreme-Commander-Cybran-Tech-2-Navy-Units-16x12.jpg 16w\" sizes=\"(max-width: 576px) 100vw, 576px\" \/><\/a><figcaption>DISTRUTTORE DI CLASSE SALEM<\/figcaption><\/figure><\/div>\n\n\n\n<section class=\"wp-block-uagb-columns uagb-columns__wrap uagb-columns__background-undefined uagb-columns__stack-mobile uagb-columns__valign-undefined uagb-columns__gap-10 alignundefined uagb-block-372b783e\"><div class=\"uagb-columns__overlay\"><\/div><div class=\"uagb-columns__inner-wrap uagb-columns__columns-2\">\n<div class=\"wp-block-uagb-column uagb-column__wrap uagb-column__background-undefined uagb-block-0893201b\"><div class=\"uagb-column__overlay\"><\/div><div class=\"uagb-column__inner-wrap\">\n<h3 class=\"wp-block-heading\">Statistiche di Salem<\/h3>\n\n\n\n<p><strong>Armatura:<\/strong> 6050hp<br><strong>Abilit\u00e0:<\/strong> Anfibio, Difesa siluri, Sonar<br><strong>Costo:<\/strong> M2340, E15600, T5200<br><strong>Intel<br>&nbsp;&nbsp;&nbsp;&nbsp; <\/strong>vista: 55 (1,07 km)<br>&nbsp;&nbsp;&nbsp;&nbsp; radar: 60 (1,17 km)<br>&nbsp;&nbsp;&nbsp;&nbsp; sonar: 60 (1,17 km)<br>&nbsp;&nbsp;&nbsp;&nbsp; vista d&#039;acqua: 42 (820 m)<br><strong>Fisica<\/strong><br>&nbsp;&nbsp;&nbsp;&nbsp; velocit\u00e0 massima: 6 (117m \/ s)<br>&nbsp;&nbsp;&nbsp;&nbsp; velocit\u00e0 di virata: 25<br><strong>Anzianit\u00e0: <\/strong>30, 60, 150, 300, 600 uccisioni<br><em>* livello veterano 2: +1513 hp<br>* livello veterano 4: +1513 hp<br>* livello veterano 5: ripara 3 hp \/ s<\/em><\/p>\n<\/div><\/div>\n\n\n\n<div class=\"wp-block-uagb-column uagb-column__wrap uagb-column__background-undefined uagb-block-5e6cca19\"><div class=\"uagb-column__overlay\"><\/div><div class=\"uagb-column__inner-wrap\">\n<h3 class=\"wp-block-heading\">Armi di Salem<\/h3>\n\n\n\n<p><strong>Cannone protonico<\/strong> (Direct Fire Naval)<br>&nbsp;&nbsp;&nbsp;&nbsp; 230,00 dps<br><strong>la zona: <\/strong>1 (19,5 m)<br><strong>gamma:<\/strong> 80 (1,56 km)<br><strong>arma a proiettile:<\/strong> 115 danni<br>&nbsp;&nbsp;&nbsp;&nbsp; x 2 proiettili = 230 danni per salva<br><strong>velocit\u00e0 di fuoco:<\/strong> 1 (ogni 1 s)<br><em>* livello veterano 1: +29 danni<br>* livello veterano 3: +29 danni<\/em><\/p>\n\n\n\n<p><strong>Autocannone elettronico<\/strong> (Anti Aria)<br>&nbsp;&nbsp;&nbsp;&nbsp; 8,80 dps<br><strong>gamma:<\/strong> 44 (859 m)<br><strong>arma a proiettile:<\/strong> 1 danno<br>&nbsp;&nbsp;&nbsp;&nbsp; x 4 proiettili = 4 danni per salva<br><strong>velocit\u00e0 di fuoco:<\/strong> 2.2 (ogni 0.45 s)<\/p>\n\n\n\n<p>2x <strong>Nanite Torpedo<\/strong> (Anti Navy)<br>&nbsp;&nbsp;&nbsp;&nbsp; 58,28 dps<br><strong>gamma:<\/strong> 32 (625 m)<br><strong>arma a proiettile:<\/strong> 175<br>&nbsp;&nbsp;&nbsp;&nbsp; (5 volte 35 danni in 1 secondo)<br><strong>velocit\u00e0 di fuoco:<\/strong> 0,333 (ogni 3 s)<br><em>* livello veterano 1: +9 danni<br>* livello veterano 3: +9 danni<\/em><\/p>\n\n\n\n<p>2x <strong>Soluzione anti siluro<\/strong> (Difesa)<br>&nbsp;&nbsp;&nbsp;&nbsp; 0,16 dps<br><strong>gamma:<\/strong> 25 (488 m)<br><strong>arma a proiettile:<\/strong> 2 danni<br><strong>velocit\u00e0 di fuoco:<\/strong> 0,08 (ogni 12,5 s)<\/p>\n<\/div><\/div>\n<\/div><\/section>\n<\/div><\/div>\n<\/div><\/section>","protected":false},"excerpt":{"rendered":"<p>SIREN CLASS CRUISER The Cybran cruiser is a dedicated air support platform &#8211; it lets your planes land and refuel, it&#8217;s not any more expensive than its counterparts in the other factions, and it has staggering anti-air capability that makes you wish your T1 mobile anti-air gun had one of THESE nanodart launchers. While it [&hellip;]<\/p>","protected":false},"author":1,"featured_media":0,"parent":538,"menu_order":0,"comment_status":"open","ping_status":"closed","template":"","meta":{"_uag_custom_page_level_css":"","site-sidebar-layout":"default","site-content-layout":"default","ast-site-content-layout":"","site-content-style":"default","site-sidebar-style":"default","ast-global-header-display":"","ast-banner-title-visibility":"","ast-main-header-display":"","ast-hfb-above-header-display":"","ast-hfb-below-header-display":"","ast-hfb-mobile-header-display":"","site-post-title":"","ast-breadcrumbs-content":"","ast-featured-img":"","footer-sml-layout":"","theme-transparent-header-meta":"default","adv-header-id-meta":"","stick-header-meta":"","header-above-stick-meta":"","header-main-stick-meta":"","header-below-stick-meta":"","astra-migrate-meta-layouts":"default","ast-page-background-enabled":"default","ast-page-background-meta":{"desktop":{"background-color":"","background-image":"","background-repeat":"repeat","background-position":"center center","background-size":"auto","background-attachment":"scroll","background-type":"","background-media":"","overlay-type":"","overlay-color":"","overlay-gradient":""},"tablet":{"background-color":"","background-image":"","background-repeat":"repeat","background-position":"center center","background-size":"auto","background-attachment":"scroll","background-type":"","background-media":"","overlay-type":"","overlay-color":"","overlay-gradient":""},"mobile":{"background-color":"","background-image":"","background-repeat":"repeat","background-position":"center center","background-size":"auto","background-attachment":"scroll","background-type":"","background-media":"","overlay-type":"","overlay-color":"","overlay-gradient":""}},"ast-content-background-meta":{"desktop":{"background-color":"var(--ast-global-color-5)","background-image":"","background-repeat":"repeat","background-position":"center center","background-size":"auto","background-attachment":"scroll","background-type":"","background-media":"","overlay-type":"","overlay-color":"","overlay-gradient":""},"tablet":{"background-color":"var(--ast-global-color-5)","background-image":"","background-repeat":"repeat","background-position":"center center","background-size":"auto","background-attachment":"scroll","background-type":"","background-media":"","overlay-type":"","overlay-color":"","overlay-gradient":""},"mobile":{"background-color":"var(--ast-global-color-5)","background-image":"","background-repeat":"repeat","background-position":"center center","background-size":"auto","background-attachment":"scroll","background-type":"","background-media":"","overlay-type":"","overlay-color":"","overlay-gradient":""}},"footnotes":""},"uagb_featured_image_src":{"full":false,"thumbnail":false,"medium":false,"medium_large":false,"large":false,"1536x1536":false,"2048x2048":false,"trp-custom-language-flag":false},"uagb_author_info":{"display_name":"SOE","author_link":"https:\/\/supcom.standardof.net\/it\/author\/k-tastic\/"},"uagb_comment_info":0,"uagb_excerpt":"SIREN CLASS CRUISER The Cybran cruiser is a dedicated air support platform &#8211; it lets your planes land and refuel, it&#8217;s not any more expensive than its counterparts in the other factions, and it has staggering anti-air capability that makes you wish your T1 mobile anti-air gun had one of THESE nanodart launchers. While it&hellip;","_links":{"self":[{"href":"https:\/\/supcom.standardof.net\/it\/wp-json\/wp\/v2\/pages\/617"}],"collection":[{"href":"https:\/\/supcom.standardof.net\/it\/wp-json\/wp\/v2\/pages"}],"about":[{"href":"https:\/\/supcom.standardof.net\/it\/wp-json\/wp\/v2\/types\/page"}],"author":[{"embeddable":true,"href":"https:\/\/supcom.standardof.net\/it\/wp-json\/wp\/v2\/users\/1"}],"replies":[{"embeddable":true,"href":"https:\/\/supcom.standardof.net\/it\/wp-json\/wp\/v2\/comments?post=617"}],"version-history":[{"count":0,"href":"https:\/\/supcom.standardof.net\/it\/wp-json\/wp\/v2\/pages\/617\/revisions"}],"up":[{"embeddable":true,"href":"https:\/\/supcom.standardof.net\/it\/wp-json\/wp\/v2\/pages\/538"}],"wp:attachment":[{"href":"https:\/\/supcom.standardof.net\/it\/wp-json\/wp\/v2\/media?parent=617"}],"curies":[{"name":"wp","href":"https:\/\/api.w.org\/{rel}","templated":true}]}}