{"id":623,"date":"2020-11-02T14:46:41","date_gmt":"2020-11-02T19:46:41","guid":{"rendered":"https:\/\/supcom.standardof.net\/?page_id=623"},"modified":"2020-11-04T00:33:58","modified_gmt":"2020-11-04T05:33:58","slug":"cybran-tech-3-naval-units","status":"publish","type":"page","link":"https:\/\/supcom.standardof.net\/it\/supreme-commander\/cybran\/cybran-tech-3-naval-units\/","title":{"rendered":"Cybran Tech 3 unit\u00e0 navali"},"content":{"rendered":"<div class=\"wp-block-uagb-table-of-contents uagb-toc__align-left uagb-toc__columns-1  uagb-block-a7257bd8\"\n\t\t\t\t\tdata-scroll= \"1\"\n\t\t\t\t\tdata-offset= \"30\"\n\t\t\t\t\tstyle=\"\"\n\t\t\t\t>\n\t\t\t\t<div class=\"uagb-toc__wrap\">\n\t\t\t\t\t\t<div class=\"uagb-toc__title\">\n\t\t\t\t\t\t\tUnit\u00e0 navali Cybran Tech 3:\t\t\t\t\t\t<\/div>\n\t\t\t\t\t\t\t\t\t\t\t\t\t\t\t\t<div class=\"uagb-toc__list-wrap\">\n\t\t\t\t\t\t<ol class=\"uagb-toc__list\"><li class=\"uagb-toc__list\"><a href=\"#galaxy-class-battleship\" class=\"uagb-toc-link__trigger\">BATTAGLIA DI CLASSE GALASSIA<\/a><li class=\"uagb-toc__list\"><a href=\"#command-class-aircraft-carrier\" class=\"uagb-toc-link__trigger\">PORTA AEREO DI CLASSE DI COMANDO<\/a><li class=\"uagb-toc__list\"><a href=\"#plan-b-strategic-missile-submarine\" class=\"uagb-toc-link__trigger\">PIANO B - MISSILE STRATEGICO SOTTOMARINO<\/a><\/ol>\t\t\t\t\t<\/div>\n\t\t\t\t\t\t\t\t\t<\/div>\n\t\t\t\t<\/div>\n\t\t\t\n\n\n<section class=\"wp-block-uagb-columns uagb-columns__wrap uagb-columns__background-undefined uagb-columns__stack-mobile uagb-columns__valign-undefined uagb-columns__gap-10 alignundefined uagb-block-a3d36f63\"><div class=\"uagb-columns__overlay\"><\/div><div class=\"uagb-columns__inner-wrap uagb-columns__columns-1\">\n<div class=\"wp-block-uagb-column uagb-column__wrap uagb-column__background-undefined uagb-block-9206c269\"><div class=\"uagb-column__overlay\"><\/div><div class=\"uagb-column__inner-wrap\">\n<h2 class=\"wp-block-heading\"><strong>GALASSIA <\/strong>BATTAGLIA DI CLASSE<\/h2>\n\n\n\n<p><a href=\"https:\/\/www.standardof.net\/wp-content\/uploads\/2012\/12\/Galaxy-Class-Battleship.png\" class=\"rank-math-link\" target=\"_blank\" rel=\"noopener\"><\/a>La corazzata \u00e8 fondamentalmente un&#039;unit\u00e0 sperimentale che puoi costruire nella tua fabbrica navale. Ha quantit\u00e0 assurde di armature, difese missilistiche tattiche per assicurarsi che non venga eliminato dalle difese costiere prima che abbia voce in capitolo e cannoni anti-aerei progettati per uccidere le cannoniere piuttosto che i bombardieri (che i tuoi incrociatori dovrebbero gi\u00e0 essere manipolazione). Come tutte le corazzate, ha cannoni principali che sono essenzialmente pezzi di artiglieria T2, montati su un telaio molto pesantemente corazzato; come il Monkeylord a terra, pu\u00f2 gestire qualsiasi cosa da solo, ma funziona molto meglio quando \u00e8 circondato dai suoi amici (o da un&#039;altra corazzata!)<\/p>\n\n\n\n<div class=\"wp-block-image\"><figure class=\"aligncenter size-large\"><a href=\"https:\/\/supcom.standardof.net\/it\/supreme-commander\/cybran\/cybran-tech-3-naval-units\/galaxy-class-battleship-supreme-commander-cybran-tech-3-navy-units\/\"><img decoding=\"async\" width=\"800\" height=\"627\" src=\"https:\/\/supcom.standardof.net\/wp-content\/uploads\/sites\/8\/2020\/11\/Galaxy-Class-Battleship-Supreme-Commander-Cybran-Tech-3-Navy-Units-800x627.jpg\" alt=\"La corazzata classe Galaxy, unit\u00e0 della Marina Cybran Tech 3 in Supreme Commander.\" class=\"wp-image-627\" srcset=\"https:\/\/supcom.standardof.net\/wp-content\/uploads\/sites\/8\/2020\/11\/Galaxy-Class-Battleship-Supreme-Commander-Cybran-Tech-3-Navy-Units-800x627.jpg 800w, https:\/\/supcom.standardof.net\/wp-content\/uploads\/sites\/8\/2020\/11\/Galaxy-Class-Battleship-Supreme-Commander-Cybran-Tech-3-Navy-Units-512x401.jpg 512w, https:\/\/supcom.standardof.net\/wp-content\/uploads\/sites\/8\/2020\/11\/Galaxy-Class-Battleship-Supreme-Commander-Cybran-Tech-3-Navy-Units-200x157.jpg 200w, https:\/\/supcom.standardof.net\/wp-content\/uploads\/sites\/8\/2020\/11\/Galaxy-Class-Battleship-Supreme-Commander-Cybran-Tech-3-Navy-Units-768x602.jpg 768w, https:\/\/supcom.standardof.net\/wp-content\/uploads\/sites\/8\/2020\/11\/Galaxy-Class-Battleship-Supreme-Commander-Cybran-Tech-3-Navy-Units-16x12.jpg 16w, https:\/\/supcom.standardof.net\/wp-content\/uploads\/sites\/8\/2020\/11\/Galaxy-Class-Battleship-Supreme-Commander-Cybran-Tech-3-Navy-Units.jpg 834w\" sizes=\"(max-width: 800px) 100vw, 800px\" \/><\/a><figcaption>BATTAGLIA DI CLASSE GALASSIA<\/figcaption><\/figure><\/div>\n\n\n\n<section class=\"wp-block-uagb-columns uagb-columns__wrap uagb-columns__background-undefined uagb-columns__stack-mobile uagb-columns__valign-undefined uagb-columns__gap-10 alignundefined uagb-block-a21bba76\"><div class=\"uagb-columns__overlay\"><\/div><div class=\"uagb-columns__inner-wrap uagb-columns__columns-2\">\n<div class=\"wp-block-uagb-column uagb-column__wrap uagb-column__background-undefined uagb-block-579ae64d\"><div class=\"uagb-column__overlay\"><\/div><div class=\"uagb-column__inner-wrap\">\n<h3 class=\"wp-block-heading\">Statistiche Galaxy<\/h3>\n\n\n\n<p><strong>Armatura:<\/strong> 50000 CV<br><strong>Abilit\u00e0:<\/strong> Difesa missilistica - Tattica<br><strong>Costo:<\/strong> M21000, E168000, T25200<br><strong>Intel<\/strong><br>&nbsp;&nbsp;&nbsp;&nbsp; vista: 70 (1,37 km)<br>&nbsp;&nbsp;&nbsp;&nbsp; radar: 90 (1,76 km)<br>&nbsp;&nbsp;&nbsp;&nbsp; sonar: 50 (977 m)<br>&nbsp;&nbsp;&nbsp;&nbsp; vista d&#039;acqua: 50 (977m)<br><strong>Fisica<\/strong><br>&nbsp;&nbsp;&nbsp;&nbsp; velocit\u00e0 massima: 4,675 (91,3 m \/ s)<br>&nbsp;&nbsp;&nbsp;&nbsp; velocit\u00e0 di virata: 15<br><strong>Anzianit\u00e0:<\/strong> 50, 100, 250, 500, 1000 uccisioni<br><em>* livello veterano 2: +12500 hp<br>* livello veterano 4: +12500 hp<br>* livello veterano 5: ripara 3 hp \/ s<\/em><\/p>\n<\/div><\/div>\n\n\n\n<div class=\"wp-block-uagb-column uagb-column__wrap uagb-column__background-undefined uagb-block-4b026808\"><div class=\"uagb-column__overlay\"><\/div><div class=\"uagb-column__inner-wrap\">\n<h3 class=\"wp-block-heading\">Armi Galaxy<\/h3>\n\n\n\n<p>2x <strong>Cannone protonico<\/strong> (Direct Fire Naval)<br>&nbsp;&nbsp;&nbsp;&nbsp; 202,50 dps<br><strong>la zona:<\/strong> 3 (58,6 m)<br><strong>gamma:<\/strong> 128 (2,50 km)<br><strong>arma a proiettile:<\/strong> 750 danni<br><strong>velocit\u00e0 di fuoco:<\/strong> 0,27 (ogni 3,7 s)<br><em>* livello veterano 1: +188 danni<br>* livello veterano 3: +188 danni<\/em><\/p>\n\n\n\n<p>2x <strong>Autocannone elettronico<\/strong> (Anti Aria)<br>&nbsp;&nbsp;&nbsp;&nbsp; 55,00 dps<br><strong>gamma:<\/strong> 44 (859 m)<br><strong>arma a proiettile:<\/strong> 5 danni<br>&nbsp;&nbsp;&nbsp;&nbsp; x 4 proiettili = 20 danni per salva<br><strong>velocit\u00e0 di fuoco:<\/strong> 2,75 (ogni 0,36 s)<br><em>* livello veterano 1: +1 danno<br>* livello veterano 3: +1 danno<\/em><\/p>\n\n\n\n<p>2x <strong>Nanite Torpedo<\/strong> (Anti Navy)<br>&nbsp;&nbsp;&nbsp;&nbsp; 66,00 dps<br><strong>gamma:<\/strong> 32 (625 m)<br><strong>arma a proiettile:<\/strong> 200<br>&nbsp;&nbsp;&nbsp;&nbsp; (5 volte 40 danni in 1 secondo)<br><strong>velocit\u00e0 di fuoco:<\/strong> 0,33 (ogni 3.03 s)<br><em>* livello veterano 1: +10 danni<br>* livello veterano 3: +10 danni<\/em><\/p>\n\n\n\n<p>2x <strong>Zapper Anti Missile<\/strong> (Difesa)<br>&nbsp;&nbsp;&nbsp;&nbsp; 14,40 dps<br><strong>gamma:<\/strong> 32 (625 m)<br><strong>arma a raggi:<\/strong> 6 danni<br>&nbsp;&nbsp;&nbsp;&nbsp; x 2 raggi ogni 0,25 s per 0,5 s = 36 danni<br><strong>velocit\u00e0 di fuoco:<\/strong> 0,4 (ogni 2,5 s)<\/p>\n<\/div><\/div>\n<\/div><\/section>\n<\/div><\/div>\n<\/div><\/section>\n\n\n\n<section class=\"wp-block-uagb-columns uagb-columns__wrap uagb-columns__background-undefined uagb-columns__stack-mobile uagb-columns__valign-undefined uagb-columns__gap-10 alignundefined uagb-block-1e16bf14\"><div class=\"uagb-columns__overlay\"><\/div><div class=\"uagb-columns__inner-wrap uagb-columns__columns-1\">\n<div class=\"wp-block-uagb-column uagb-column__wrap uagb-column__background-undefined uagb-block-31e9b915\"><div class=\"uagb-column__overlay\"><\/div><div class=\"uagb-column__inner-wrap\">\n<h2 class=\"wp-block-heading\"><strong>COMANDO <\/strong>VETTORE DI CLASSE AEREI<\/h2>\n\n\n\n<p><a href=\"https:\/\/www.standardof.net\/wp-content\/uploads\/2012\/12\/Command-Class-Aircraft-Carrier.png\" class=\"rank-math-link\" target=\"_blank\" rel=\"noopener\"><\/a>Il vettore Cybran \u00e8 abbastanza economico da costruire e davvero utile solo su mappe di grandi dimensioni in cui si desidera inviare un&#039;ala di aereo senza rischiare che rimangano senza carburante durante il viaggio. Ha potenti cannoni anti-aria, ma sono solo pistole, quindi non sempre si collegheranno e abbatteranno le cannoniere nemiche. Pu\u00f2 costruire velivoli da solo, ma questo \u00e8 pi\u00f9 un vantaggio collaterale: in realt\u00e0, \u00e8 l\u00ec per proteggere la tua flotta di aerosiluranti fino a quando non vengono scatenati sulle corazzate nemiche.<\/p>\n\n\n\n<div class=\"wp-block-image\"><figure class=\"aligncenter size-large\"><a href=\"https:\/\/supcom.standardof.net\/it\/supreme-commander\/cybran\/cybran-tech-3-naval-units\/command-class-aircraft-carrier-supreme-commander-cybran-tech-3-navy-units\/\"><img decoding=\"async\" width=\"800\" height=\"526\" src=\"https:\/\/supcom.standardof.net\/wp-content\/uploads\/sites\/8\/2020\/11\/Command-Class-Aircraft-Carrier-Supreme-Commander-Cybran-Tech-3-Navy-Units-800x526.jpg\" alt=\"La portaerei della classe Command, unit\u00e0 Cybran Tech 3 Navy in Supreme Commander.\" class=\"wp-image-626\" srcset=\"https:\/\/supcom.standardof.net\/wp-content\/uploads\/sites\/8\/2020\/11\/Command-Class-Aircraft-Carrier-Supreme-Commander-Cybran-Tech-3-Navy-Units-800x526.jpg 800w, https:\/\/supcom.standardof.net\/wp-content\/uploads\/sites\/8\/2020\/11\/Command-Class-Aircraft-Carrier-Supreme-Commander-Cybran-Tech-3-Navy-Units-512x337.jpg 512w, https:\/\/supcom.standardof.net\/wp-content\/uploads\/sites\/8\/2020\/11\/Command-Class-Aircraft-Carrier-Supreme-Commander-Cybran-Tech-3-Navy-Units-200x131.jpg 200w, https:\/\/supcom.standardof.net\/wp-content\/uploads\/sites\/8\/2020\/11\/Command-Class-Aircraft-Carrier-Supreme-Commander-Cybran-Tech-3-Navy-Units-768x505.jpg 768w, https:\/\/supcom.standardof.net\/wp-content\/uploads\/sites\/8\/2020\/11\/Command-Class-Aircraft-Carrier-Supreme-Commander-Cybran-Tech-3-Navy-Units-16x12.jpg 16w, https:\/\/supcom.standardof.net\/wp-content\/uploads\/sites\/8\/2020\/11\/Command-Class-Aircraft-Carrier-Supreme-Commander-Cybran-Tech-3-Navy-Units.jpg 928w\" sizes=\"(max-width: 800px) 100vw, 800px\" \/><\/a><figcaption>PORTA AEREO DI CLASSE DI COMANDO<\/figcaption><\/figure><\/div>\n\n\n\n<section class=\"wp-block-uagb-columns uagb-columns__wrap uagb-columns__background-undefined uagb-columns__stack-mobile uagb-columns__valign-undefined uagb-columns__gap-10 alignundefined uagb-block-61da88da\"><div class=\"uagb-columns__overlay\"><\/div><div class=\"uagb-columns__inner-wrap uagb-columns__columns-2\">\n<div class=\"wp-block-uagb-column uagb-column__wrap uagb-column__background-undefined uagb-block-8ed60475\"><div class=\"uagb-column__overlay\"><\/div><div class=\"uagb-column__inner-wrap\">\n<h3 class=\"wp-block-heading\">Statistiche di comando<\/h3>\n\n\n\n<p><strong>Armatura:<\/strong> 18000hp<br><strong>Abilit\u00e0:<\/strong> Radar, difesa missilistica - tattica, costruzione<br><strong>Costo:<\/strong> M3600, E36000, T7200<br>&nbsp;&nbsp;&nbsp;&nbsp; velocit\u00e0 di creazione: 20<br><strong>Intel<br>&nbsp;&nbsp;&nbsp;&nbsp; <\/strong>vista: 60 (1,17 km)<br>&nbsp;&nbsp;&nbsp;&nbsp; radar: 150 (2,93 km)<br>&nbsp;&nbsp;&nbsp;&nbsp; sonar: 20 (391 m)<br>&nbsp;&nbsp;&nbsp;&nbsp; vista acqua: 24 (469m)<br><strong>Fisica<\/strong><br>&nbsp;&nbsp;&nbsp;&nbsp; velocit\u00e0 massima: 3,4 (66,4 m \/ s)<br>&nbsp;&nbsp;&nbsp;&nbsp; velocit\u00e0 di rotazione: 10<br><strong>Classe di trasporto:<\/strong> 10 (trasporta 50 aerei)<br><strong>Anzianit\u00e0: <\/strong>50, 100, 250, 500, 1000 uccisioni<br><em>* livello veterano 2: +4500 hp<br>* livello veterano 4: +4500 hp<br>* livello veterano 5: ripara 3 hp \/ s<\/em><\/p>\n<\/div><\/div>\n\n\n\n<div class=\"wp-block-uagb-column uagb-column__wrap uagb-column__background-undefined uagb-block-a187c46b\"><div class=\"uagb-column__overlay\"><\/div><div class=\"uagb-column__inner-wrap\">\n<h3 class=\"wp-block-heading\">Comanda le armi<\/h3>\n\n\n\n<p>4x <strong>Autocannone elettronico<\/strong> (Difesa):<br>&nbsp;&nbsp;&nbsp;&nbsp; 40,00 dps<br><strong>gamma:<\/strong> 44 (859 m)<br><strong>arma a proiettile:<\/strong> 5 danni<br>&nbsp;&nbsp;&nbsp;&nbsp; x 4 proiettili = 52 danni per salva<br><strong>velocit\u00e0 di fuoco:<\/strong> 2 (ogni 0,5 s)<br><em>* livello veterano 1: +3 danni<br>* livello veterano 3: +3 danni<\/em><\/p>\n\n\n\n<p><strong>Zapper Anti Missile<\/strong> (Difesa)<br>&nbsp;&nbsp;&nbsp;&nbsp; 7,20 dps,<br><strong>gamma:<\/strong> 32 (625 m)<br><strong>arma a raggi:<\/strong> 6 danni<br>&nbsp;&nbsp;&nbsp;&nbsp; x 3 raggi, uno ogni 0,25 = 18 danni<br><strong>velocit\u00e0 di fuoco:<\/strong> 2 (ogni 0,5 s)<\/p>\n<\/div><\/div>\n<\/div><\/section>\n<\/div><\/div>\n<\/div><\/section>\n\n\n\n<section class=\"wp-block-uagb-columns uagb-columns__wrap uagb-columns__background-undefined uagb-columns__stack-mobile uagb-columns__valign-undefined uagb-columns__gap-10 alignundefined uagb-block-89fe2485\"><div class=\"uagb-columns__overlay\"><\/div><div class=\"uagb-columns__inner-wrap uagb-columns__columns-1\">\n<div class=\"wp-block-uagb-column uagb-column__wrap uagb-column__background-undefined uagb-block-563c7b2b\"><div class=\"uagb-column__overlay\"><\/div><div class=\"uagb-column__inner-wrap\">\n<h2 class=\"wp-block-heading\"><strong>PIANO B<\/strong> - MISSILE STRATEGICO SOTTOMARINO<\/h2>\n\n\n\n<p><a href=\"https:\/\/www.standardof.net\/wp-content\/uploads\/2012\/12\/Plan-B-Strategic-Missile-Submarine.png\" class=\"rank-math-link\" target=\"_blank\" rel=\"noopener\"><\/a>Solo perch\u00e9 la tua arma nucleare arriva su un sottomarino non significa che sia meno doloroso da costruire. Ricorda di non costruirlo nella tua unica fabbrica navale, poich\u00e9 presto verrai sopraffatto. Il sottomarino Cybran non pu\u00f2 effettivamente combattere altre flotte navali, a meno che non siano UEF e tu abbia gi\u00e0 ucciso tutti i loro sottomarini T1, perch\u00e9 semplicemente abbatteranno i suoi missili tattici lasciandolo solo un sottomarino estremamente costoso che \u00e8 troppo lento per scappare dopo aver sparato con le sue bombe. Contro le forze di terra, tuttavia, ci\u00f2 incuter\u00e0 paura nei cuori dei comandanti nemici, poich\u00e9 i missili tattici appaiono dal nulla e la loro fabbrica navale viene improvvisamente bombardata. Sebbene il sottomarino stesso sia relativamente economico, le armi nucleari sono molto costose da costruire, quindi non farti illusioni di grandezza.<\/p>\n\n\n\n<div class=\"wp-block-image\"><figure class=\"aligncenter size-large\"><a href=\"https:\/\/supcom.standardof.net\/it\/supreme-commander\/cybran\/cybran-tech-3-naval-units\/plan-b-strategic-missile-submarine-supreme-commander-cybran-tech-3-navy-units\/\"><img decoding=\"async\" width=\"654\" height=\"500\" src=\"https:\/\/supcom.standardof.net\/wp-content\/uploads\/sites\/8\/2020\/11\/Plan-B-Strategic-Missile-Submarine-Supreme-Commander-Cybran-Tech-3-Navy-Units.jpg\" alt=\"Il sottomarino missilistico strategico Plan B, unit\u00e0 della Marina Cybran Tech 3 in Supreme Commander.\" class=\"wp-image-625\" srcset=\"https:\/\/supcom.standardof.net\/wp-content\/uploads\/sites\/8\/2020\/11\/Plan-B-Strategic-Missile-Submarine-Supreme-Commander-Cybran-Tech-3-Navy-Units.jpg 654w, https:\/\/supcom.standardof.net\/wp-content\/uploads\/sites\/8\/2020\/11\/Plan-B-Strategic-Missile-Submarine-Supreme-Commander-Cybran-Tech-3-Navy-Units-512x391.jpg 512w, https:\/\/supcom.standardof.net\/wp-content\/uploads\/sites\/8\/2020\/11\/Plan-B-Strategic-Missile-Submarine-Supreme-Commander-Cybran-Tech-3-Navy-Units-200x153.jpg 200w, https:\/\/supcom.standardof.net\/wp-content\/uploads\/sites\/8\/2020\/11\/Plan-B-Strategic-Missile-Submarine-Supreme-Commander-Cybran-Tech-3-Navy-Units-16x12.jpg 16w\" sizes=\"(max-width: 654px) 100vw, 654px\" \/><\/a><figcaption>PIANO B - MISSILE STRATEGICO SOTTOMARINO<\/figcaption><\/figure><\/div>\n\n\n\n<section class=\"wp-block-uagb-columns uagb-columns__wrap uagb-columns__background-undefined uagb-columns__stack-mobile uagb-columns__valign-undefined uagb-columns__gap-10 alignundefined uagb-block-5d800c2d\"><div class=\"uagb-columns__overlay\"><\/div><div class=\"uagb-columns__inner-wrap uagb-columns__columns-2\">\n<div class=\"wp-block-uagb-column uagb-column__wrap uagb-column__background-undefined uagb-block-a3c0b6c6\"><div class=\"uagb-column__overlay\"><\/div><div class=\"uagb-column__inner-wrap\">\n<h3 class=\"wp-block-heading\">Statistiche del piano B.<\/h3>\n\n\n\n<p><strong>Armatura:<\/strong> 4000hp<br><strong>Abilit\u00e0:<\/strong> Sommergibile, Ecoscandaglio, Costruzione manuale, Avvio manuale<br><strong>Costo:<\/strong> M11000, E66000, T16500<br><strong>Intel<br><\/strong>&nbsp;&nbsp;&nbsp;&nbsp; vista: 16 (313 m)<br>&nbsp;&nbsp;&nbsp;&nbsp; sonar: 75 (1,46 km)<br>&nbsp;&nbsp;&nbsp;&nbsp; vista acqua: 24 (469m)<br><strong>Fisica<\/strong><br>&nbsp;&nbsp;&nbsp;&nbsp; velocit\u00e0 massima: 6 (117m \/ s)<br>&nbsp;&nbsp;&nbsp;&nbsp; velocit\u00e0 di virata: 25<br><strong>Anzianit\u00e0: <\/strong>50, 100, 250, 500, 1000 uccisioni<br><em>* livello veterano 2: +1000 hp<br>* livello veterano 4: +1000 hp<br>* livello veterano 5: ripara 3 hp \/ s<\/em><\/p>\n<\/div><\/div>\n\n\n\n<div class=\"wp-block-uagb-column uagb-column__wrap uagb-column__background-undefined uagb-block-2a3542b9\"><div class=\"uagb-column__overlay\"><\/div><div class=\"uagb-column__inner-wrap\">\n<h3 class=\"wp-block-heading\">Piano B. Armi<\/h3>\n\n\n\n<p><strong>Nanite Torpedo<\/strong> (Anti Navy)<br>&nbsp;&nbsp;&nbsp;&nbsp; 85 dps<br><strong>gamma:<\/strong> 32 (625 m)<br><strong>arma a proiettile:<\/strong> 170 danni<br><strong>velocit\u00e0 di fuoco:<\/strong> 0,5 (ogni 2 s)<br><em>* livello veterano 1: +95 danni<br>* livello veterano 3: +95 danni<\/em><\/p>\n\n\n\n<p><strong>Nanite Torpedo<\/strong> (Anti Navy)<br>&nbsp;&nbsp;&nbsp;&nbsp; 58,33 dps<br><strong>gamma:<\/strong> 32 (625 m)<br><strong>arma a proiettile:<\/strong> 175 danni<br><strong>velocit\u00e0 di fuoco:<\/strong> 0,333 (ogni 3 s)<br><em>* livello veterano 1: +50 danni<br>* livello veterano 3: +50 danni<\/em><\/p>\n\n\n\n<p><strong>Missile tattico Loa<\/strong> (Missile)<br>&nbsp;&nbsp;&nbsp;&nbsp; 200,00 dps<br><strong>la zona:<\/strong> 4 (78,1 m)<br><strong>gamma:<\/strong> 12,5 (244 m) - 128 (2,50 km)<br><strong>arma a proiettile:<\/strong> 2000 danni<br><strong>velocit\u00e0 di fuoco:<\/strong> 0,1 (ogni 10 s)<br><em>* livello veterano 1: +750 danni<br>* livello veterano 3: +750 danni<\/em><\/p>\n\n\n\n<p><strong>EMP Flux Warhead<\/strong> (Missile)<br><strong>danno all&#039;anello interno:<\/strong> 35000<br>&nbsp;&nbsp;&nbsp;&nbsp; raggio dell&#039;anello interno: 30 (586 m)<br><strong>danno all&#039;anello esterno:<\/strong> 500<br>&nbsp;&nbsp;&nbsp;&nbsp; raggio dell&#039;anello esterno: 40 (781 m)<br><strong>Conservazione:<\/strong> 2 missili<\/p>\n<\/div><\/div>\n<\/div><\/section>\n<\/div><\/div>\n<\/div><\/section>","protected":false},"excerpt":{"rendered":"<p>GALAXY CLASS BATTLESHIP The Battleship is basically an experimental unit that you can build in your naval factory. It has ungodly amounts of armor, tactical missile defenses to make sure it isn&#8217;t taken out by shore defenses before it&#8217;s had its say in the matter, and anti-air guns designed to kill gunships rather than bombers [&hellip;]<\/p>","protected":false},"author":1,"featured_media":0,"parent":538,"menu_order":0,"comment_status":"open","ping_status":"closed","template":"","meta":{"_uag_custom_page_level_css":"","site-sidebar-layout":"default","site-content-layout":"default","ast-site-content-layout":"","site-content-style":"default","site-sidebar-style":"default","ast-global-header-display":"","ast-banner-title-visibility":"","ast-main-header-display":"","ast-hfb-above-header-display":"","ast-hfb-below-header-display":"","ast-hfb-mobile-header-display":"","site-post-title":"","ast-breadcrumbs-content":"","ast-featured-img":"","footer-sml-layout":"","theme-transparent-header-meta":"default","adv-header-id-meta":"","stick-header-meta":"","header-above-stick-meta":"","header-main-stick-meta":"","header-below-stick-meta":"","astra-migrate-meta-layouts":"default","ast-page-background-enabled":"default","ast-page-background-meta":{"desktop":{"background-color":"","background-image":"","background-repeat":"repeat","background-position":"center center","background-size":"auto","background-attachment":"scroll","background-type":"","background-media":"","overlay-type":"","overlay-color":"","overlay-gradient":""},"tablet":{"background-color":"","background-image":"","background-repeat":"repeat","background-position":"center center","background-size":"auto","background-attachment":"scroll","background-type":"","background-media":"","overlay-type":"","overlay-color":"","overlay-gradient":""},"mobile":{"background-color":"","background-image":"","background-repeat":"repeat","background-position":"center center","background-size":"auto","background-attachment":"scroll","background-type":"","background-media":"","overlay-type":"","overlay-color":"","overlay-gradient":""}},"ast-content-background-meta":{"desktop":{"background-color":"var(--ast-global-color-5)","background-image":"","background-repeat":"repeat","background-position":"center center","background-size":"auto","background-attachment":"scroll","background-type":"","background-media":"","overlay-type":"","overlay-color":"","overlay-gradient":""},"tablet":{"background-color":"var(--ast-global-color-5)","background-image":"","background-repeat":"repeat","background-position":"center center","background-size":"auto","background-attachment":"scroll","background-type":"","background-media":"","overlay-type":"","overlay-color":"","overlay-gradient":""},"mobile":{"background-color":"var(--ast-global-color-5)","background-image":"","background-repeat":"repeat","background-position":"center center","background-size":"auto","background-attachment":"scroll","background-type":"","background-media":"","overlay-type":"","overlay-color":"","overlay-gradient":""}},"footnotes":""},"uagb_featured_image_src":{"full":false,"thumbnail":false,"medium":false,"medium_large":false,"large":false,"1536x1536":false,"2048x2048":false,"trp-custom-language-flag":false},"uagb_author_info":{"display_name":"SOE","author_link":"https:\/\/supcom.standardof.net\/it\/author\/k-tastic\/"},"uagb_comment_info":0,"uagb_excerpt":"GALAXY CLASS BATTLESHIP The Battleship is basically an experimental unit that you can build in your naval factory. It has ungodly amounts of armor, tactical missile defenses to make sure it isn&#8217;t taken out by shore defenses before it&#8217;s had its say in the matter, and anti-air guns designed to kill gunships rather than bombers&hellip;","_links":{"self":[{"href":"https:\/\/supcom.standardof.net\/it\/wp-json\/wp\/v2\/pages\/623"}],"collection":[{"href":"https:\/\/supcom.standardof.net\/it\/wp-json\/wp\/v2\/pages"}],"about":[{"href":"https:\/\/supcom.standardof.net\/it\/wp-json\/wp\/v2\/types\/page"}],"author":[{"embeddable":true,"href":"https:\/\/supcom.standardof.net\/it\/wp-json\/wp\/v2\/users\/1"}],"replies":[{"embeddable":true,"href":"https:\/\/supcom.standardof.net\/it\/wp-json\/wp\/v2\/comments?post=623"}],"version-history":[{"count":0,"href":"https:\/\/supcom.standardof.net\/it\/wp-json\/wp\/v2\/pages\/623\/revisions"}],"up":[{"embeddable":true,"href":"https:\/\/supcom.standardof.net\/it\/wp-json\/wp\/v2\/pages\/538"}],"wp:attachment":[{"href":"https:\/\/supcom.standardof.net\/it\/wp-json\/wp\/v2\/media?parent=623"}],"curies":[{"name":"wp","href":"https:\/\/api.w.org\/{rel}","templated":true}]}}