{"id":647,"date":"2020-11-03T00:03:54","date_gmt":"2020-11-03T05:03:54","guid":{"rendered":"https:\/\/supcom.standardof.net\/?page_id=647"},"modified":"2020-11-04T12:48:36","modified_gmt":"2020-11-04T17:48:36","slug":"cybran-tech-2-economy","status":"publish","type":"page","link":"https:\/\/supcom.standardof.net\/it\/supreme-commander\/cybran\/cybran-tech-2-economy\/","title":{"rendered":"Cybran Tech 2 Economy"},"content":{"rendered":"<div class=\"wp-block-uagb-table-of-contents uagb-toc__align-left uagb-toc__columns-1  uagb-block-654ad1c9\"\n\t\t\t\t\tdata-scroll= \"1\"\n\t\t\t\t\tdata-offset= \"30\"\n\t\t\t\t\tstyle=\"\"\n\t\t\t\t>\n\t\t\t\t<div class=\"uagb-toc__wrap\">\n\t\t\t\t\t\t<div class=\"uagb-toc__title\">\n\t\t\t\t\t\t\tEdifici economici Cybran Tech 2:\t\t\t\t\t\t<\/div>\n\t\t\t\t\t\t\t\t\t\t\t\t\t\t\t\t<div class=\"uagb-toc__list-wrap\">\n\t\t\t\t\t\t<ol class=\"uagb-toc__list\"><li class=\"uagb-toc__list\"><a href=\"#tech-2-land-factory\" class=\"uagb-toc-link__trigger\">TECH 2 FABBRICA DELLA TERRA<\/a><li class=\"uagb-toc__list\"><a href=\"#tech-2-air-factory\" class=\"uagb-toc-link__trigger\">TECH 2 AIR FACTORY<\/a><li class=\"uagb-toc__list\"><a href=\"#tech-2-naval-factory\" class=\"uagb-toc-link__trigger\">TECH 2 FABBRICA NAVALE<\/a><li class=\"uagb-toc__list\"><a href=\"#tech-2-mass-extractor\" class=\"uagb-toc-link__trigger\">ESTRATTORE DI MASSA TECH 2<\/a><li class=\"uagb-toc__list\"><a href=\"#tech-2-power-generator\" class=\"uagb-toc-link__trigger\">GENERATORE DI POTENZA TECH 2<\/a><\/ol>\t\t\t\t\t<\/div>\n\t\t\t\t\t\t\t\t\t<\/div>\n\t\t\t\t<\/div>\n\t\t\t\n\n\n<section class=\"wp-block-uagb-columns uagb-columns__wrap uagb-columns__background-undefined uagb-columns__stack-mobile uagb-columns__valign-undefined uagb-columns__gap-10 alignundefined uagb-block-5bba1b19\"><div class=\"uagb-columns__overlay\"><\/div><div class=\"uagb-columns__inner-wrap uagb-columns__columns-1\">\n<div class=\"wp-block-uagb-column uagb-column__wrap uagb-column__background-undefined uagb-block-0bd8db13\"><div class=\"uagb-column__overlay\"><\/div><div class=\"uagb-column__inner-wrap\">\n<h2 class=\"wp-block-heading\">TECNOLOGIA 2 <strong>FABBRICA DELLA TERRA<\/strong><\/h2>\n\n\n\n<p>Al livello T2, la tua fabbrica non \u00e8 vulnerabile agli scioperi a sorpresa e di solito \u00e8 l&#039;ultimo edificio a morire. \u00c8 ancora due volte pi\u00f9 veloce del tuo ingegnere dello stesso livello.<\/p>\n\n\n\n<div class=\"wp-block-image\"><figure class=\"aligncenter size-large\"><a href=\"https:\/\/supcom.standardof.net\/it\/supreme-commander\/cybran\/cybran-tech-2-economy\/tech-2-land-factory-supreme-commander-cybran-tech-2-economy\/\"><img decoding=\"async\" width=\"800\" height=\"537\" src=\"https:\/\/supcom.standardof.net\/wp-content\/uploads\/sites\/8\/2020\/11\/TECH-2-LAND-FACTORY-Supreme-Commander-Cybran-Tech-2-Economy-800x537.jpg\" alt=\"The T2 Land Factory, Cybran Tech 2 Economy Building in Supreme Commander.\" class=\"wp-image-936\" srcset=\"https:\/\/supcom.standardof.net\/wp-content\/uploads\/sites\/8\/2020\/11\/TECH-2-LAND-FACTORY-Supreme-Commander-Cybran-Tech-2-Economy-800x537.jpg 800w, https:\/\/supcom.standardof.net\/wp-content\/uploads\/sites\/8\/2020\/11\/TECH-2-LAND-FACTORY-Supreme-Commander-Cybran-Tech-2-Economy-512x344.jpg 512w, https:\/\/supcom.standardof.net\/wp-content\/uploads\/sites\/8\/2020\/11\/TECH-2-LAND-FACTORY-Supreme-Commander-Cybran-Tech-2-Economy-200x134.jpg 200w, https:\/\/supcom.standardof.net\/wp-content\/uploads\/sites\/8\/2020\/11\/TECH-2-LAND-FACTORY-Supreme-Commander-Cybran-Tech-2-Economy-768x516.jpg 768w, https:\/\/supcom.standardof.net\/wp-content\/uploads\/sites\/8\/2020\/11\/TECH-2-LAND-FACTORY-Supreme-Commander-Cybran-Tech-2-Economy-1536x1032.jpg 1536w, https:\/\/supcom.standardof.net\/wp-content\/uploads\/sites\/8\/2020\/11\/TECH-2-LAND-FACTORY-Supreme-Commander-Cybran-Tech-2-Economy-16x12.jpg 16w, https:\/\/supcom.standardof.net\/wp-content\/uploads\/sites\/8\/2020\/11\/TECH-2-LAND-FACTORY-Supreme-Commander-Cybran-Tech-2-Economy.jpg 1581w\" sizes=\"(max-width: 800px) 100vw, 800px\" \/><\/a><figcaption>TECH 2 FABBRICA DELLA TERRA<\/figcaption><\/figure><\/div>\n\n\n\n<section class=\"wp-block-uagb-columns uagb-columns__wrap uagb-columns__background-undefined uagb-columns__stack-mobile uagb-columns__valign-undefined uagb-columns__gap-10 alignundefined uagb-block-4f46f08a\"><div class=\"uagb-columns__overlay\"><\/div><div class=\"uagb-columns__inner-wrap uagb-columns__columns-2\">\n<div class=\"wp-block-uagb-column uagb-column__wrap uagb-column__background-undefined uagb-block-15e2c409\"><div class=\"uagb-column__overlay\"><\/div><div class=\"uagb-column__inner-wrap\">\n<h3 class=\"wp-block-heading\">Statistiche T2 Land Factory<\/h3>\n\n\n\n<p><strong>Armatura:<\/strong> 7900hp<br><strong>Abilit\u00e0:<\/strong> Aggiornabile<br><strong>Costo<\/strong><br>&nbsp;&nbsp;&nbsp; M875 (stoccaggio: 200)<br>&nbsp;&nbsp;&nbsp; E7000 (stoccaggio: 1000)<br>&nbsp;&nbsp;&nbsp; T1750<br><strong>Tasso di costruzione:<\/strong> 20<br><strong>Intel<\/strong><br>&nbsp;&nbsp;&nbsp; vista: 20 (391 m)<br><strong>Fisica<\/strong><br>&nbsp;&nbsp;&nbsp; dimensione per adiacenza: 16<\/p>\n<\/div><\/div>\n\n\n\n<div class=\"wp-block-uagb-column uagb-column__wrap uagb-column__background-undefined uagb-block-1a7b1f68\"><div class=\"uagb-column__overlay\"><\/div><div class=\"uagb-column__inner-wrap\"><\/div><\/div>\n<\/div><\/section>\n<\/div><\/div>\n<\/div><\/section>\n\n\n\n<section class=\"wp-block-uagb-columns uagb-columns__wrap uagb-columns__background-undefined uagb-columns__stack-mobile uagb-columns__valign-undefined uagb-columns__gap-10 alignundefined uagb-block-02bdbd71\"><div class=\"uagb-columns__overlay\"><\/div><div class=\"uagb-columns__inner-wrap uagb-columns__columns-1\">\n<div class=\"wp-block-uagb-column uagb-column__wrap uagb-column__background-undefined uagb-block-0f120b9f\"><div class=\"uagb-column__overlay\"><\/div><div class=\"uagb-column__inner-wrap\">\n<h2 class=\"wp-block-heading\">TECNOLOGIA 2<strong> FABBRICA DELL&#039;ARIA<\/strong><\/h2>\n\n\n\n<p>L&#039;aggiornamento della fabbrica aerea T2 \u00e8 pi\u00f9 lento dell&#039;aggiornamento della fabbrica terrestre T2, quindi se \u00e8 il momento di aumentare la tecnologia e vuoi solo ingegneri, fallo pi\u00f9 tardi. Tra i lati positivi, costa una massa notevolmente inferiore.<\/p>\n\n\n\n<div class=\"wp-block-image\"><figure class=\"aligncenter size-large\"><a href=\"https:\/\/supcom.standardof.net\/it\/supreme-commander\/cybran\/cybran-tech-2-economy\/tech-2-air-factory-supreme-commander-cybran-tech-2-economy\/\"><img decoding=\"async\" width=\"800\" height=\"478\" src=\"https:\/\/supcom.standardof.net\/wp-content\/uploads\/sites\/8\/2020\/11\/TECH-2-AIR-FACTORY-Supreme-Commander-Cybran-Tech-2-Economy-800x478.jpg\" alt=\"La T2 Air Factory, Cybran Tech 2 Economy Building in Supreme Commander.\" class=\"wp-image-935\" srcset=\"https:\/\/supcom.standardof.net\/wp-content\/uploads\/sites\/8\/2020\/11\/TECH-2-AIR-FACTORY-Supreme-Commander-Cybran-Tech-2-Economy-800x478.jpg 800w, https:\/\/supcom.standardof.net\/wp-content\/uploads\/sites\/8\/2020\/11\/TECH-2-AIR-FACTORY-Supreme-Commander-Cybran-Tech-2-Economy-512x306.jpg 512w, https:\/\/supcom.standardof.net\/wp-content\/uploads\/sites\/8\/2020\/11\/TECH-2-AIR-FACTORY-Supreme-Commander-Cybran-Tech-2-Economy-200x120.jpg 200w, https:\/\/supcom.standardof.net\/wp-content\/uploads\/sites\/8\/2020\/11\/TECH-2-AIR-FACTORY-Supreme-Commander-Cybran-Tech-2-Economy-768x459.jpg 768w, https:\/\/supcom.standardof.net\/wp-content\/uploads\/sites\/8\/2020\/11\/TECH-2-AIR-FACTORY-Supreme-Commander-Cybran-Tech-2-Economy-1536x919.jpg 1536w, https:\/\/supcom.standardof.net\/wp-content\/uploads\/sites\/8\/2020\/11\/TECH-2-AIR-FACTORY-Supreme-Commander-Cybran-Tech-2-Economy-16x10.jpg 16w, https:\/\/supcom.standardof.net\/wp-content\/uploads\/sites\/8\/2020\/11\/TECH-2-AIR-FACTORY-Supreme-Commander-Cybran-Tech-2-Economy.jpg 1821w\" sizes=\"(max-width: 800px) 100vw, 800px\" \/><\/a><figcaption>TECH 2 AIR FACTORY<\/figcaption><\/figure><\/div>\n\n\n\n<section class=\"wp-block-uagb-columns uagb-columns__wrap uagb-columns__background-undefined uagb-columns__stack-mobile uagb-columns__valign-undefined uagb-columns__gap-10 alignundefined uagb-block-92fd0144\"><div class=\"uagb-columns__overlay\"><\/div><div class=\"uagb-columns__inner-wrap uagb-columns__columns-2\">\n<div class=\"wp-block-uagb-column uagb-column__wrap uagb-column__background-undefined uagb-block-4fb43c61\"><div class=\"uagb-column__overlay\"><\/div><div class=\"uagb-column__inner-wrap\">\n<h3 class=\"wp-block-heading\">Statistiche T2 Air Factory<\/h3>\n\n\n\n<p><strong>Armatura:<\/strong> 7900hp<br><strong>Abilit\u00e0:<\/strong> Aggiornabile<br><strong>Costo<\/strong><br>&nbsp;&nbsp;&nbsp; M660 (stoccaggio: 200)<br>&nbsp;&nbsp;&nbsp; E17600 (stoccaggio: 1000)<br>&nbsp;&nbsp;&nbsp; T2200<br><strong>Tasso di costruzione:<\/strong> 20<br><strong>Intel<\/strong><br>&nbsp;&nbsp;&nbsp; vista: 20 (391 m)<br><strong>Fisica<\/strong><br>&nbsp;&nbsp;&nbsp; dimensione per adiacenza: 16<\/p>\n<\/div><\/div>\n\n\n\n<div class=\"wp-block-uagb-column uagb-column__wrap uagb-column__background-undefined uagb-block-0bc4ccd2\"><div class=\"uagb-column__overlay\"><\/div><div class=\"uagb-column__inner-wrap\"><\/div><\/div>\n<\/div><\/section>\n<\/div><\/div>\n<\/div><\/section>\n\n\n\n<section class=\"wp-block-uagb-columns uagb-columns__wrap uagb-columns__background-undefined uagb-columns__stack-mobile uagb-columns__valign-undefined uagb-columns__gap-10 alignundefined uagb-block-38ca58ec\"><div class=\"uagb-columns__overlay\"><\/div><div class=\"uagb-columns__inner-wrap uagb-columns__columns-1\">\n<div class=\"wp-block-uagb-column uagb-column__wrap uagb-column__background-undefined uagb-block-310505b5\"><div class=\"uagb-column__overlay\"><\/div><div class=\"uagb-column__inner-wrap\">\n<h2 class=\"wp-block-heading\">TECNOLOGIA 2 <strong>FABBRICA NAVALE<\/strong><\/h2>\n\n\n\n<p>La fabbrica navale T2 ora ha un sacco di salute, senza essere pi\u00f9 costosa degli altri aggiornamenti. Considerando che l&#039;unico motivo per avere una marina cybran \u00e8 per il T2, questo torner\u00e0 estremamente utile.<\/p>\n\n\n\n<div class=\"wp-block-image\"><figure class=\"aligncenter size-large\"><a href=\"https:\/\/supcom.standardof.net\/it\/supreme-commander\/cybran\/cybran-tech-2-economy\/tech-2-naval-factory-supreme-commander-cybran-tech-2-economy\/\"><img decoding=\"async\" width=\"800\" height=\"465\" src=\"https:\/\/supcom.standardof.net\/wp-content\/uploads\/sites\/8\/2020\/11\/TECH-2-NAVAL-FACTORY-Supreme-Commander-Cybran-Tech-2-Economy-800x465.jpg\" alt=\"The T2 Naval Factory, Cybran Tech 2 Economy Building in Supreme Commander.\" class=\"wp-image-938\" srcset=\"https:\/\/supcom.standardof.net\/wp-content\/uploads\/sites\/8\/2020\/11\/TECH-2-NAVAL-FACTORY-Supreme-Commander-Cybran-Tech-2-Economy-800x465.jpg 800w, https:\/\/supcom.standardof.net\/wp-content\/uploads\/sites\/8\/2020\/11\/TECH-2-NAVAL-FACTORY-Supreme-Commander-Cybran-Tech-2-Economy-512x298.jpg 512w, https:\/\/supcom.standardof.net\/wp-content\/uploads\/sites\/8\/2020\/11\/TECH-2-NAVAL-FACTORY-Supreme-Commander-Cybran-Tech-2-Economy-200x116.jpg 200w, https:\/\/supcom.standardof.net\/wp-content\/uploads\/sites\/8\/2020\/11\/TECH-2-NAVAL-FACTORY-Supreme-Commander-Cybran-Tech-2-Economy-768x446.jpg 768w, https:\/\/supcom.standardof.net\/wp-content\/uploads\/sites\/8\/2020\/11\/TECH-2-NAVAL-FACTORY-Supreme-Commander-Cybran-Tech-2-Economy-1536x893.jpg 1536w, https:\/\/supcom.standardof.net\/wp-content\/uploads\/sites\/8\/2020\/11\/TECH-2-NAVAL-FACTORY-Supreme-Commander-Cybran-Tech-2-Economy-16x9.jpg 16w, https:\/\/supcom.standardof.net\/wp-content\/uploads\/sites\/8\/2020\/11\/TECH-2-NAVAL-FACTORY-Supreme-Commander-Cybran-Tech-2-Economy.jpg 1641w\" sizes=\"(max-width: 800px) 100vw, 800px\" \/><\/a><figcaption>TECH 2 FABBRICA NAVALE<\/figcaption><\/figure><\/div>\n\n\n\n<section class=\"wp-block-uagb-columns uagb-columns__wrap uagb-columns__background-undefined uagb-columns__stack-mobile uagb-columns__valign-undefined uagb-columns__gap-10 alignundefined uagb-block-12bcfa14\"><div class=\"uagb-columns__overlay\"><\/div><div class=\"uagb-columns__inner-wrap uagb-columns__columns-2\">\n<div class=\"wp-block-uagb-column uagb-column__wrap uagb-column__background-undefined uagb-block-1c791d1c\"><div class=\"uagb-column__overlay\"><\/div><div class=\"uagb-column__inner-wrap\">\n<h3 class=\"wp-block-heading\">Statistiche T2 Naval Factory<\/h3>\n\n\n\n<p><strong>Armatura:<\/strong> 15000hp<br><strong>Abilit\u00e0:<\/strong> Aggiornabile<br><strong>Costo<\/strong><br>&nbsp;&nbsp;&nbsp; M875 (stoccaggio: 200)<br>&nbsp;&nbsp;&nbsp; E7000 (stoccaggio: 1000)<br>&nbsp;&nbsp;&nbsp; T1750<br><strong>Tasso di costruzione:<\/strong> 20<br><strong>Intel<\/strong><br>&nbsp;&nbsp;&nbsp; vista: 20 (391 m)<br><strong>Fisica<\/strong><br>&nbsp;&nbsp;&nbsp; dimensione per adiacenza: 16<\/p>\n<\/div><\/div>\n\n\n\n<div class=\"wp-block-uagb-column uagb-column__wrap uagb-column__background-undefined uagb-block-03b61e85\"><div class=\"uagb-column__overlay\"><\/div><div class=\"uagb-column__inner-wrap\"><\/div><\/div>\n<\/div><\/section>\n<\/div><\/div>\n<\/div><\/section>\n\n\n\n<section class=\"wp-block-uagb-columns uagb-columns__wrap uagb-columns__background-undefined uagb-columns__stack-mobile uagb-columns__valign-undefined uagb-columns__gap-10 alignundefined uagb-block-9d1ecf54\"><div class=\"uagb-columns__overlay\"><\/div><div class=\"uagb-columns__inner-wrap uagb-columns__columns-1\">\n<div class=\"wp-block-uagb-column uagb-column__wrap uagb-column__background-undefined uagb-block-dbe89eac\"><div class=\"uagb-column__overlay\"><\/div><div class=\"uagb-column__inner-wrap\">\n<h2 class=\"wp-block-heading\">TECNOLOGIA 2 <strong>ESTRATTORE DI MASSA<\/strong><\/h2>\n\n\n\n<p>Ai livelli T2, ti sei espanso al massimo ed \u00e8 ora il momento di iniziare ad aggiornare i tuoi estrattori di massa. Fai attenzione ad assisterli: non verranno visualizzati come inattivi al termine dell&#039;aggiornamento.<\/p>\n\n\n\n<div class=\"wp-block-image\"><figure class=\"aligncenter size-large\"><a href=\"https:\/\/supcom.standardof.net\/it\/supreme-commander\/cybran\/cybran-tech-2-economy\/tech-2-mass-extractor-supreme-commander-cybran-tech-2-economy\/\"><img decoding=\"async\" width=\"800\" height=\"522\" src=\"https:\/\/supcom.standardof.net\/wp-content\/uploads\/sites\/8\/2020\/11\/TECH-2-MASS-EXTRACTOR-Supreme-Commander-Cybran-Tech-2-Economy-800x522.jpg\" alt=\"Il T2 Mass Extractor, Cybran Tech 2 Economy Building in Supreme Commander.\" class=\"wp-image-937\" srcset=\"https:\/\/supcom.standardof.net\/wp-content\/uploads\/sites\/8\/2020\/11\/TECH-2-MASS-EXTRACTOR-Supreme-Commander-Cybran-Tech-2-Economy-800x522.jpg 800w, https:\/\/supcom.standardof.net\/wp-content\/uploads\/sites\/8\/2020\/11\/TECH-2-MASS-EXTRACTOR-Supreme-Commander-Cybran-Tech-2-Economy-512x334.jpg 512w, https:\/\/supcom.standardof.net\/wp-content\/uploads\/sites\/8\/2020\/11\/TECH-2-MASS-EXTRACTOR-Supreme-Commander-Cybran-Tech-2-Economy-200x130.jpg 200w, https:\/\/supcom.standardof.net\/wp-content\/uploads\/sites\/8\/2020\/11\/TECH-2-MASS-EXTRACTOR-Supreme-Commander-Cybran-Tech-2-Economy-768x501.jpg 768w, https:\/\/supcom.standardof.net\/wp-content\/uploads\/sites\/8\/2020\/11\/TECH-2-MASS-EXTRACTOR-Supreme-Commander-Cybran-Tech-2-Economy-16x10.jpg 16w, https:\/\/supcom.standardof.net\/wp-content\/uploads\/sites\/8\/2020\/11\/TECH-2-MASS-EXTRACTOR-Supreme-Commander-Cybran-Tech-2-Economy.jpg 1491w\" sizes=\"(max-width: 800px) 100vw, 800px\" \/><\/a><figcaption>ESTRATTORE DI MASSA TECH 2<\/figcaption><\/figure><\/div>\n\n\n\n<section class=\"wp-block-uagb-columns uagb-columns__wrap uagb-columns__background-undefined uagb-columns__stack-mobile uagb-columns__valign-undefined uagb-columns__gap-10 alignundefined uagb-block-dc5922e9\"><div class=\"uagb-columns__overlay\"><\/div><div class=\"uagb-columns__inner-wrap uagb-columns__columns-2\">\n<div class=\"wp-block-uagb-column uagb-column__wrap uagb-column__background-undefined uagb-block-c7f679da\"><div class=\"uagb-column__overlay\"><\/div><div class=\"uagb-column__inner-wrap\">\n<h4 class=\"wp-block-heading\">Statistiche T2 Mass Extractor<\/h4>\n\n\n\n<p><strong>Armatura:<\/strong> 2160hp<br><strong>Abilit\u00e0:<\/strong> Aggiornabile<br><strong>Costo<\/strong><br>&nbsp;&nbsp;&nbsp; M900 (+6)<br>&nbsp;&nbsp;&nbsp; E5400 (-9)<br>&nbsp;&nbsp;&nbsp; T900<br><strong>Tasso di costruzione:<\/strong> 15<br><strong>Intel<\/strong><br>&nbsp;&nbsp;&nbsp;&nbsp; vista: 20 (391 m)<br><strong>Fisica<\/strong><br>&nbsp;&nbsp;&nbsp; dimensione per adiacenza: 4<br><strong>Bonus di adiacenza<\/strong><br>&nbsp; dimensioni edificio adiacente: 4, 8, 12, 16, 20)<br>&nbsp; Riduzione del drenaggio di massa (fabbriche): 15.00%, 7.50%, 5.00%, 3.75%, 3.00%<\/p>\n<\/div><\/div>\n\n\n\n<div class=\"wp-block-uagb-column uagb-column__wrap uagb-column__background-undefined uagb-block-194bebf0\"><div class=\"uagb-column__overlay\"><\/div><div class=\"uagb-column__inner-wrap\"><\/div><\/div>\n<\/div><\/section>\n<\/div><\/div>\n<\/div><\/section>\n\n\n\n<section class=\"wp-block-uagb-columns uagb-columns__wrap uagb-columns__background-undefined uagb-columns__stack-mobile uagb-columns__valign-undefined uagb-columns__gap-10 alignundefined uagb-block-5060e6f7\"><div class=\"uagb-columns__overlay\"><\/div><div class=\"uagb-columns__inner-wrap uagb-columns__columns-1\">\n<div class=\"wp-block-uagb-column uagb-column__wrap uagb-column__background-undefined uagb-block-adfee870\"><div class=\"uagb-column__overlay\"><\/div><div class=\"uagb-column__inner-wrap\">\n<h2 class=\"wp-block-heading\">TECNOLOGIA 2 <strong>GENERATORE DI CORRENTE<\/strong><\/h2>\n\n\n\n<p>Il generatore di energia T2 \u00e8 un pezzo chiave della tua economia, fornendo quella spinta che ti impedisce di essere incatenato alle minuscole dosi di energia del T1, mentre garantisce anche un generoso bonus di adiacenza se vuoi mettere uno scudo o un&#039;artiglieria T2 attorno ad esso. I generatori di corrente Cybran T2 sono pi\u00f9 piccoli, ma questo non far\u00e0 differenza, dato che li costruisci separatamente l&#039;uno dall&#039;altro per ridurre al minimo la loro esplosione mortale comunque.<\/p>\n\n\n\n<div class=\"wp-block-image\"><figure class=\"aligncenter size-large\"><a href=\"https:\/\/supcom.standardof.net\/it\/supreme-commander\/cybran\/cybran-tech-2-economy\/tech-2-power-generator-supreme-commander-cybran-tech-2-economy\/\"><img decoding=\"async\" width=\"800\" height=\"540\" src=\"https:\/\/supcom.standardof.net\/wp-content\/uploads\/sites\/8\/2020\/11\/TECH-2-POWER-GENERATOR-Supreme-Commander-Cybran-Tech-2-Economy-800x540.jpg\" alt=\"Il T2 POWER GENERATOR, Cybran Tech 2 Economy Building in Supreme Commander.\" class=\"wp-image-934\" srcset=\"https:\/\/supcom.standardof.net\/wp-content\/uploads\/sites\/8\/2020\/11\/TECH-2-POWER-GENERATOR-Supreme-Commander-Cybran-Tech-2-Economy-800x540.jpg 800w, https:\/\/supcom.standardof.net\/wp-content\/uploads\/sites\/8\/2020\/11\/TECH-2-POWER-GENERATOR-Supreme-Commander-Cybran-Tech-2-Economy-512x345.jpg 512w, https:\/\/supcom.standardof.net\/wp-content\/uploads\/sites\/8\/2020\/11\/TECH-2-POWER-GENERATOR-Supreme-Commander-Cybran-Tech-2-Economy-200x135.jpg 200w, https:\/\/supcom.standardof.net\/wp-content\/uploads\/sites\/8\/2020\/11\/TECH-2-POWER-GENERATOR-Supreme-Commander-Cybran-Tech-2-Economy-768x518.jpg 768w, https:\/\/supcom.standardof.net\/wp-content\/uploads\/sites\/8\/2020\/11\/TECH-2-POWER-GENERATOR-Supreme-Commander-Cybran-Tech-2-Economy-1536x1036.jpg 1536w, https:\/\/supcom.standardof.net\/wp-content\/uploads\/sites\/8\/2020\/11\/TECH-2-POWER-GENERATOR-Supreme-Commander-Cybran-Tech-2-Economy-16x12.jpg 16w, https:\/\/supcom.standardof.net\/wp-content\/uploads\/sites\/8\/2020\/11\/TECH-2-POWER-GENERATOR-Supreme-Commander-Cybran-Tech-2-Economy.jpg 1614w\" sizes=\"(max-width: 800px) 100vw, 800px\" \/><\/a><figcaption>GENERATORE DI POTENZA TECH 2<\/figcaption><\/figure><\/div>\n\n\n\n<section class=\"wp-block-uagb-columns uagb-columns__wrap uagb-columns__background-undefined uagb-columns__stack-mobile uagb-columns__valign-undefined uagb-columns__gap-10 alignundefined uagb-block-6864d497\"><div class=\"uagb-columns__overlay\"><\/div><div class=\"uagb-columns__inner-wrap uagb-columns__columns-2\">\n<div class=\"wp-block-uagb-column uagb-column__wrap uagb-column__background-undefined uagb-block-eff07fa4\"><div class=\"uagb-column__overlay\"><\/div><div class=\"uagb-column__inner-wrap\">\n<h3 class=\"wp-block-heading\">Statistiche T2 Power Generator<\/h3>\n\n\n\n<p><strong>Armatura:<\/strong> 2160hp<br><strong>Costo<\/strong><br>&nbsp;&nbsp;&nbsp; M1200<br>&nbsp;&nbsp;&nbsp; E12000 (+500)<br>&nbsp;&nbsp;&nbsp; T2000<br><strong>Intel<\/strong><br>&nbsp;&nbsp;&nbsp; vista: 20 (391 m)<br><strong>Fisica<\/strong><br>&nbsp;&nbsp; dimensione per adiacenza: 12<br><strong>Bonus di adiacenza<\/strong><br>(dimensioni edificio adiacente: 4, 8, 12, 16, 20)<br>&nbsp; Riduzione consumo energetico (manutenzione): 12.50%`` 12.50%, 12.50%, 12.50%<br>&nbsp; Riduzione del consumo energetico (fabbriche): 12.50%, 12.50%, 12.50%, 12.50%, 12.50%<br>&nbsp; Riduzione del tempo di consumo dell&#039;arma energetica: 5.00%`` 5.00%, 5.00%, 5.00%<\/p>\n<\/div><\/div>\n\n\n\n<div class=\"wp-block-uagb-column uagb-column__wrap uagb-column__background-undefined uagb-block-2ef02ba8\"><div class=\"uagb-column__overlay\"><\/div><div class=\"uagb-column__inner-wrap\">\n<h3 class=\"wp-block-heading\">Armi del generatore di corrente T2<\/h3>\n\n\n\n<p><strong>Arma della morte<\/strong><br>&nbsp;&nbsp;&nbsp; 1500 danni<br><strong>La zona:<\/strong> 5 (97,7 m)<\/p>\n<\/div><\/div>\n<\/div><\/section>\n<\/div><\/div>\n<\/div><\/section>","protected":false},"excerpt":{"rendered":"<p>TECH 2 LAND FACTORY By the T2 level, your factory is not vulnerable to surprise strikes, and is usually the last building to die. It&#8217;s still twice as fast as your engineer of the same level. T2 Land Factory Stats Armor: 7900hpAbilities: UpgradeableCost&nbsp;&nbsp;&nbsp; M875 (storage: 200)&nbsp;&nbsp;&nbsp; E7000 (storage: 1000)&nbsp;&nbsp;&nbsp; T1750Build Rate: 20Intel&nbsp;&nbsp;&nbsp; sight: 20 (391m)Physics&nbsp;&nbsp;&nbsp; [&hellip;]<\/p>","protected":false},"author":1,"featured_media":0,"parent":538,"menu_order":0,"comment_status":"open","ping_status":"closed","template":"","meta":{"_uag_custom_page_level_css":"","site-sidebar-layout":"default","site-content-layout":"default","ast-site-content-layout":"","site-content-style":"default","site-sidebar-style":"default","ast-global-header-display":"","ast-banner-title-visibility":"","ast-main-header-display":"","ast-hfb-above-header-display":"","ast-hfb-below-header-display":"","ast-hfb-mobile-header-display":"","site-post-title":"","ast-breadcrumbs-content":"","ast-featured-img":"","footer-sml-layout":"","theme-transparent-header-meta":"default","adv-header-id-meta":"","stick-header-meta":"","header-above-stick-meta":"","header-main-stick-meta":"","header-below-stick-meta":"","astra-migrate-meta-layouts":"default","ast-page-background-enabled":"default","ast-page-background-meta":{"desktop":{"background-color":"","background-image":"","background-repeat":"repeat","background-position":"center center","background-size":"auto","background-attachment":"scroll","background-type":"","background-media":"","overlay-type":"","overlay-color":"","overlay-gradient":""},"tablet":{"background-color":"","background-image":"","background-repeat":"repeat","background-position":"center center","background-size":"auto","background-attachment":"scroll","background-type":"","background-media":"","overlay-type":"","overlay-color":"","overlay-gradient":""},"mobile":{"background-color":"","background-image":"","background-repeat":"repeat","background-position":"center center","background-size":"auto","background-attachment":"scroll","background-type":"","background-media":"","overlay-type":"","overlay-color":"","overlay-gradient":""}},"ast-content-background-meta":{"desktop":{"background-color":"var(--ast-global-color-5)","background-image":"","background-repeat":"repeat","background-position":"center center","background-size":"auto","background-attachment":"scroll","background-type":"","background-media":"","overlay-type":"","overlay-color":"","overlay-gradient":""},"tablet":{"background-color":"var(--ast-global-color-5)","background-image":"","background-repeat":"repeat","background-position":"center center","background-size":"auto","background-attachment":"scroll","background-type":"","background-media":"","overlay-type":"","overlay-color":"","overlay-gradient":""},"mobile":{"background-color":"var(--ast-global-color-5)","background-image":"","background-repeat":"repeat","background-position":"center center","background-size":"auto","background-attachment":"scroll","background-type":"","background-media":"","overlay-type":"","overlay-color":"","overlay-gradient":""}},"footnotes":""},"uagb_featured_image_src":{"full":false,"thumbnail":false,"medium":false,"medium_large":false,"large":false,"1536x1536":false,"2048x2048":false,"trp-custom-language-flag":false},"uagb_author_info":{"display_name":"SOE","author_link":"https:\/\/supcom.standardof.net\/it\/author\/k-tastic\/"},"uagb_comment_info":0,"uagb_excerpt":"TECH 2 LAND FACTORY By the T2 level, your factory is not vulnerable to surprise strikes, and is usually the last building to die. It&#8217;s still twice as fast as your engineer of the same level. T2 Land Factory Stats Armor: 7900hpAbilities: UpgradeableCost&nbsp;&nbsp;&nbsp; M875 (storage: 200)&nbsp;&nbsp;&nbsp; E7000 (storage: 1000)&nbsp;&nbsp;&nbsp; T1750Build Rate: 20Intel&nbsp;&nbsp;&nbsp; sight: 20 (391m)Physics&nbsp;&nbsp;&nbsp;&hellip;","_links":{"self":[{"href":"https:\/\/supcom.standardof.net\/it\/wp-json\/wp\/v2\/pages\/647"}],"collection":[{"href":"https:\/\/supcom.standardof.net\/it\/wp-json\/wp\/v2\/pages"}],"about":[{"href":"https:\/\/supcom.standardof.net\/it\/wp-json\/wp\/v2\/types\/page"}],"author":[{"embeddable":true,"href":"https:\/\/supcom.standardof.net\/it\/wp-json\/wp\/v2\/users\/1"}],"replies":[{"embeddable":true,"href":"https:\/\/supcom.standardof.net\/it\/wp-json\/wp\/v2\/comments?post=647"}],"version-history":[{"count":0,"href":"https:\/\/supcom.standardof.net\/it\/wp-json\/wp\/v2\/pages\/647\/revisions"}],"up":[{"embeddable":true,"href":"https:\/\/supcom.standardof.net\/it\/wp-json\/wp\/v2\/pages\/538"}],"wp:attachment":[{"href":"https:\/\/supcom.standardof.net\/it\/wp-json\/wp\/v2\/media?parent=647"}],"curies":[{"name":"wp","href":"https:\/\/api.w.org\/{rel}","templated":true}]}}