{"id":692,"date":"2020-11-03T01:28:14","date_gmt":"2020-11-03T06:28:14","guid":{"rendered":"https:\/\/supcom.standardof.net\/?page_id=692"},"modified":"2020-11-03T01:28:14","modified_gmt":"2020-11-03T06:28:14","slug":"starting-build-orders","status":"publish","type":"page","link":"https:\/\/supcom.standardof.net\/it\/supreme-commander\/ordini-di-partenza\/","title":{"rendered":"INIZIARE GLI ORDINI DI COSTRUZIONE"},"content":{"rendered":"<p>All&#039;inizio del gioco, costruisci 2-3 estrattori di massa e generatori di energia, quindi una fabbrica terrestre o aerea. La Land Factory dovrebbe costruire alcuni ingegneri T1 e il solito assortimento di unit\u00e0 di terra. Per mantenere la tua economia iniziale ottimizzata, chiedi al Comandante di finire di costruire i Mass Extractors nella tua zona circostante, quindi inizia a costruire pi\u00f9 fabbriche con alcuni generatori di energia accanto a ciascuno in modo da non rimanere senza energia. Almeno un ingegnere dovrebbe pattugliare gli alberi o le rocce vicino alla tua base per una spinta economica iniziale, mentre un altro costruisce pi\u00f9 estrattori di massa e un terzo costruisce una centrale di idrocarburi se ne hai una vicino, o generatori di energia se non lo fai. A questo punto iniziale, \u00e8 spesso preferibile costruire esploratori di terra invece di una torre radar T1.\n<\/p>\n\n\n\n<p>Di solito vorrai sia Land che Air Factory all&#039;inizio, con Air Factory che pompa combattenti e occasionali bombardieri. Le fabbriche navali sono un investimento pi\u00f9 grande, ma stabilire una presenza marittima precoce pu\u00f2 costringere gli avversari a sprecare risorse preziose in difese o sottomarini. \u00c8 anche possibile cacciare in aria un avversario pattugliando i tuoi combattenti appena fuori dalla sua base in modo che tutti i combattenti che costruisce vengano abbattuti. Non fare tecnologia finch\u00e9 non hai pi\u00f9 fabbriche, poich\u00e9 non vuoi essere tagliato fuori dalla produzione di unit\u00e0. Non dimenticare di aggiornare i tuoi Mass Extractors; \u00e8 pi\u00f9 economico e pi\u00f9 sicuro che costruire fattorie Fabricator.<\/p>","protected":false},"excerpt":{"rendered":"<p>At the start of the game, build 2-3 Mass Extractors and Power Generators, then a Land or Air Factory. The Land Factory should build a few T1 engineers as well as the usual assortment of ground units. To keep your early economy optimized, have the Commander finish building the Mass Extractors in your immediate area, [&hellip;]<\/p>","protected":false},"author":1,"featured_media":0,"parent":14,"menu_order":0,"comment_status":"open","ping_status":"closed","template":"","meta":{"_uag_custom_page_level_css":"","site-sidebar-layout":"default","site-content-layout":"default","ast-site-content-layout":"","site-content-style":"default","site-sidebar-style":"default","ast-global-header-display":"","ast-banner-title-visibility":"","ast-main-header-display":"","ast-hfb-above-header-display":"","ast-hfb-below-header-display":"","ast-hfb-mobile-header-display":"","site-post-title":"","ast-breadcrumbs-content":"","ast-featured-img":"","footer-sml-layout":"","theme-transparent-header-meta":"default","adv-header-id-meta":"","stick-header-meta":"","header-above-stick-meta":"","header-main-stick-meta":"","header-below-stick-meta":"","astra-migrate-meta-layouts":"default","ast-page-background-enabled":"default","ast-page-background-meta":{"desktop":{"background-color":"","background-image":"","background-repeat":"repeat","background-position":"center center","background-size":"auto","background-attachment":"scroll","background-type":"","background-media":"","overlay-type":"","overlay-color":"","overlay-gradient":""},"tablet":{"background-color":"","background-image":"","background-repeat":"repeat","background-position":"center center","background-size":"auto","background-attachment":"scroll","background-type":"","background-media":"","overlay-type":"","overlay-color":"","overlay-gradient":""},"mobile":{"background-color":"","background-image":"","background-repeat":"repeat","background-position":"center center","background-size":"auto","background-attachment":"scroll","background-type":"","background-media":"","overlay-type":"","overlay-color":"","overlay-gradient":""}},"ast-content-background-meta":{"desktop":{"background-color":"var(--ast-global-color-5)","background-image":"","background-repeat":"repeat","background-position":"center center","background-size":"auto","background-attachment":"scroll","background-type":"","background-media":"","overlay-type":"","overlay-color":"","overlay-gradient":""},"tablet":{"background-color":"var(--ast-global-color-5)","background-image":"","background-repeat":"repeat","background-position":"center center","background-size":"auto","background-attachment":"scroll","background-type":"","background-media":"","overlay-type":"","overlay-color":"","overlay-gradient":""},"mobile":{"background-color":"var(--ast-global-color-5)","background-image":"","background-repeat":"repeat","background-position":"center center","background-size":"auto","background-attachment":"scroll","background-type":"","background-media":"","overlay-type":"","overlay-color":"","overlay-gradient":""}},"footnotes":""},"uagb_featured_image_src":{"full":false,"thumbnail":false,"medium":false,"medium_large":false,"large":false,"1536x1536":false,"2048x2048":false,"trp-custom-language-flag":false},"uagb_author_info":{"display_name":"SOE","author_link":"https:\/\/supcom.standardof.net\/it\/author\/k-tastic\/"},"uagb_comment_info":0,"uagb_excerpt":"At the start of the game, build 2-3 Mass Extractors and Power Generators, then a Land or Air Factory. The Land Factory should build a few T1 engineers as well as the usual assortment of ground units. To keep your early economy optimized, have the Commander finish building the Mass Extractors in your immediate area,&hellip;","_links":{"self":[{"href":"https:\/\/supcom.standardof.net\/it\/wp-json\/wp\/v2\/pages\/692"}],"collection":[{"href":"https:\/\/supcom.standardof.net\/it\/wp-json\/wp\/v2\/pages"}],"about":[{"href":"https:\/\/supcom.standardof.net\/it\/wp-json\/wp\/v2\/types\/page"}],"author":[{"embeddable":true,"href":"https:\/\/supcom.standardof.net\/it\/wp-json\/wp\/v2\/users\/1"}],"replies":[{"embeddable":true,"href":"https:\/\/supcom.standardof.net\/it\/wp-json\/wp\/v2\/comments?post=692"}],"version-history":[{"count":0,"href":"https:\/\/supcom.standardof.net\/it\/wp-json\/wp\/v2\/pages\/692\/revisions"}],"up":[{"embeddable":true,"href":"https:\/\/supcom.standardof.net\/it\/wp-json\/wp\/v2\/pages\/14"}],"wp:attachment":[{"href":"https:\/\/supcom.standardof.net\/it\/wp-json\/wp\/v2\/media?parent=692"}],"curies":[{"name":"wp","href":"https:\/\/api.w.org\/{rel}","templated":true}]}}