{"id":695,"date":"2020-11-03T01:31:29","date_gmt":"2020-11-03T06:31:29","guid":{"rendered":"https:\/\/supcom.standardof.net\/?page_id=695"},"modified":"2020-11-03T01:31:30","modified_gmt":"2020-11-03T06:31:30","slug":"adjacency-bonuses","status":"publish","type":"page","link":"https:\/\/supcom.standardof.net\/it\/supreme-commander\/bonus-di-adiacenza\/","title":{"rendered":"BONUS DI ADIACENZA"},"content":{"rendered":"<section class=\"wp-block-uagb-columns uagb-columns__wrap uagb-columns__background-undefined uagb-columns__stack-mobile uagb-columns__valign-undefined uagb-columns__gap-10 alignundefined uagb-block-2f067ba6\"><div class=\"uagb-columns__overlay\"><\/div><div class=\"uagb-columns__inner-wrap uagb-columns__columns-1\">\n<div class=\"wp-block-uagb-column uagb-column__wrap uagb-column__background-undefined uagb-block-e2495f3c\"><div class=\"uagb-column__overlay\"><\/div><div class=\"uagb-column__inner-wrap\">\n<h2 class=\"wp-block-heading\">COME FUNZIONANO<\/h2>\n\n\n\n<p>I valori di massa ed energia visualizzati nell&#039;interfaccia sono in realt\u00e0 numeri decimali, ma vengono visualizzati con i valori in base al numero intero pi\u00f9 vicino. Ad esempio, un intercettore che costa 0,975 massa al secondo verr\u00e0 visualizzato come costo 0 massa al secondo.<\/p>\n\n\n\n<p>Quando le strutture di produzione economica sono costruite accanto a strutture che utilizzano le loro risorse, forniscono un &quot;bonus di adiacenza&quot;: quella struttura utilizza meno di quelle risorse. Ad esempio, la fabbrica che costruisce quell&#039;interceptor utilizzer\u00e0 meno massa al secondo per realizzarla se \u00e8 costruita accanto a estrattori di massa o fabbricanti di massa, e utilizzer\u00e0 meno energia al secondo se \u00e8 costruita accanto a generatori di corrente.<\/p>\n\n\n\n<p>Allo stesso modo, gli edifici di stoccaggio di massa e di energia forniscono bonus di adiacenza alle strutture di produzione economica. Ad esempio, gli edifici di stoccaggio di massa posizionati accanto a un estrattore di massa aumenteranno effettivamente la produzione dell&#039;estrattore.<\/p>\n\n\n\n<p>Il bonus di adiacenza \u00e8 basato sulla percentuale e va dalla percentuale dell&#039;edificio circondato da edifici che concedono bonus. Ad esempio, un generatore di corrente T1 conceder\u00e0 un certo bonus di adiacenza a una fabbrica se tutti i lati della fabbrica sono coperti con generatori di energia T1 e 50% di quel bonus di adiacenza se due lati della fabbrica sono coperti con generatori di energia T1.<\/p>\n\n\n\n<p>Puoi dire che un bonus di adiacenza sta funzionando quando una piccola linea rossa appare tra i due edifici. Perch\u00e9 ci\u00f2 avvenga, almeno met\u00e0 dei lati dell&#039;edificio deve toccarsi. (Non puoi mettere un generatore di corrente T3 a toccare un quadrato di un estrattore di massa e aspettarti che garantisca un bonus al consumo di energia dell&#039;estrattore di massa.)<\/p>\n\n\n\n<p>I bonus di adiacenza sono ancora in vigore anche quando gli edifici che concedono bonus sono disattivati. (Ci\u00f2 significa che puoi disattivare i tuoi fabbricanti e renderanno comunque pi\u00f9 efficaci gli edifici adiacenti.)<\/p>\n\n\n\n<p>Infine, sebbene non sia un &quot;bonus di adiacenza&quot;, la ricostruzione di una struttura sui propri rottami ridurr\u00e0 il costo della struttura di 50%.<\/p>\n<\/div><\/div>\n<\/div><\/section>\n\n\n\n<section class=\"wp-block-uagb-columns uagb-columns__wrap uagb-columns__background-undefined uagb-columns__stack-mobile uagb-columns__valign-undefined uagb-columns__gap-10 alignundefined uagb-block-41e62296\"><div class=\"uagb-columns__overlay\"><\/div><div class=\"uagb-columns__inner-wrap uagb-columns__columns-1\">\n<div class=\"wp-block-uagb-column uagb-column__wrap uagb-column__background-undefined uagb-block-450ad7d1\"><div class=\"uagb-column__overlay\"><\/div><div class=\"uagb-column__inner-wrap\">\n<h3 class=\"wp-block-heading\">I NUMERI<\/h3>\n\n\n\n<p>Ricorda che tutti i produttori di massa sono anche consumatori di energia.<br>Dati pi\u00f9 completi per i bonus non massimi possono essere trovati nella sezione di ciascuna unit\u00e0.<br>Tutte le parti hanno bonus di adiacenza identici.<\/p>\n\n\n\n<p>Tech 1 Power Generator<br>Bonus massimo: 25% energia in meno spesa<br>Funziona con: qualsiasi consumatore di energia<\/p>\n\n\n\n<p>Centrale idrocarburi<br>Bonus massimo: 50% energia in meno spesa<br>D\u00e0 bonus a: Qualsiasi consumatore di energia<\/p>\n\n\n\n<p>Tech 2 Power Generator<br>Bonus massimo: 50% energia in meno spesa<br>D\u00e0 bonus a: Qualsiasi consumatore di energia<\/p>\n\n\n\n<p>Tech 3 Power Generator<br>Bonus massimo: 75% energia in meno spesa<br>D\u00e0 bonus a: Qualsiasi consumatore di energia<\/p>\n\n\n\n<p>Memoria di massa Tech 1<br>Bonus massimo: 50% pi\u00f9 produzione<br>D\u00e0 bonus a: Qualsiasi produttore di massa<\/p>\n\n\n\n<p>Stoccaggio di energia Tech 1<br>Bonus massimo: 50% pi\u00f9 produzione<br>D\u00e0 bonus a: Qualsiasi produttore di energia<\/p>\n\n\n\n<p>Fabbricante di massa Tech 1<br>Bonus massimo: 10% in meno di massa spesa<br>D\u00e0 un bonus a: Qualsiasi consumatore di massa<\/p>\n\n\n\n<p>Estrattore di massa Tech 1<br>Bonus: 2.5% per un estrattore<br>D\u00e0 un bonus a: Qualsiasi consumatore di massa<\/p>\n\n\n\n<p>Estrattore di massa Tech 2<br>Bonus: 3.75% per un estrattore<br>D\u00e0 un bonus a: Qualsiasi consumatore di massa<\/p>\n\n\n\n<p>Estrattore di massa Tech 3<br>Bonus: 5% per un estrattore<br>D\u00e0 un bonus a: Qualsiasi consumatore di massa<\/p>\n\n\n\n<p>Fabbricante di massa Tech 3<br>Bonus: 1.25% per un produttore<br>D\u00e0 un bonus a: Qualsiasi consumatore di massa<\/p>\n<\/div><\/div>\n<\/div><\/section>","protected":false},"excerpt":{"rendered":"<p>HOW THEY WORK The Mass and Energy values displayed in your interface are really decimal numbers, but they are displayed with the values floored to the nearest whole number. For instance, an interceptor that costs 0.975 mass per second will be displayed as costing 0 mass per second. When economic production structures are built next [&hellip;]<\/p>","protected":false},"author":1,"featured_media":0,"parent":14,"menu_order":0,"comment_status":"open","ping_status":"closed","template":"","meta":{"_uag_custom_page_level_css":"","site-sidebar-layout":"default","site-content-layout":"default","ast-site-content-layout":"","site-content-style":"default","site-sidebar-style":"default","ast-global-header-display":"","ast-banner-title-visibility":"","ast-main-header-display":"","ast-hfb-above-header-display":"","ast-hfb-below-header-display":"","ast-hfb-mobile-header-display":"","site-post-title":"","ast-breadcrumbs-content":"","ast-featured-img":"","footer-sml-layout":"","theme-transparent-header-meta":"default","adv-header-id-meta":"","stick-header-meta":"","header-above-stick-meta":"","header-main-stick-meta":"","header-below-stick-meta":"","astra-migrate-meta-layouts":"default","ast-page-background-enabled":"default","ast-page-background-meta":{"desktop":{"background-color":"","background-image":"","background-repeat":"repeat","background-position":"center center","background-size":"auto","background-attachment":"scroll","background-type":"","background-media":"","overlay-type":"","overlay-color":"","overlay-gradient":""},"tablet":{"background-color":"","background-image":"","background-repeat":"repeat","background-position":"center center","background-size":"auto","background-attachment":"scroll","background-type":"","background-media":"","overlay-type":"","overlay-color":"","overlay-gradient":""},"mobile":{"background-color":"","background-image":"","background-repeat":"repeat","background-position":"center center","background-size":"auto","background-attachment":"scroll","background-type":"","background-media":"","overlay-type":"","overlay-color":"","overlay-gradient":""}},"ast-content-background-meta":{"desktop":{"background-color":"var(--ast-global-color-5)","background-image":"","background-repeat":"repeat","background-position":"center center","background-size":"auto","background-attachment":"scroll","background-type":"","background-media":"","overlay-type":"","overlay-color":"","overlay-gradient":""},"tablet":{"background-color":"var(--ast-global-color-5)","background-image":"","background-repeat":"repeat","background-position":"center center","background-size":"auto","background-attachment":"scroll","background-type":"","background-media":"","overlay-type":"","overlay-color":"","overlay-gradient":""},"mobile":{"background-color":"var(--ast-global-color-5)","background-image":"","background-repeat":"repeat","background-position":"center center","background-size":"auto","background-attachment":"scroll","background-type":"","background-media":"","overlay-type":"","overlay-color":"","overlay-gradient":""}},"footnotes":""},"uagb_featured_image_src":{"full":false,"thumbnail":false,"medium":false,"medium_large":false,"large":false,"1536x1536":false,"2048x2048":false,"trp-custom-language-flag":false},"uagb_author_info":{"display_name":"SOE","author_link":"https:\/\/supcom.standardof.net\/it\/author\/k-tastic\/"},"uagb_comment_info":1,"uagb_excerpt":"HOW THEY WORK The Mass and Energy values displayed in your interface are really decimal numbers, but they are displayed with the values floored to the nearest whole number. For instance, an interceptor that costs 0.975 mass per second will be displayed as costing 0 mass per second. When economic production structures are built next&hellip;","_links":{"self":[{"href":"https:\/\/supcom.standardof.net\/it\/wp-json\/wp\/v2\/pages\/695"}],"collection":[{"href":"https:\/\/supcom.standardof.net\/it\/wp-json\/wp\/v2\/pages"}],"about":[{"href":"https:\/\/supcom.standardof.net\/it\/wp-json\/wp\/v2\/types\/page"}],"author":[{"embeddable":true,"href":"https:\/\/supcom.standardof.net\/it\/wp-json\/wp\/v2\/users\/1"}],"replies":[{"embeddable":true,"href":"https:\/\/supcom.standardof.net\/it\/wp-json\/wp\/v2\/comments?post=695"}],"version-history":[{"count":0,"href":"https:\/\/supcom.standardof.net\/it\/wp-json\/wp\/v2\/pages\/695\/revisions"}],"up":[{"embeddable":true,"href":"https:\/\/supcom.standardof.net\/it\/wp-json\/wp\/v2\/pages\/14"}],"wp:attachment":[{"href":"https:\/\/supcom.standardof.net\/it\/wp-json\/wp\/v2\/media?parent=695"}],"curies":[{"name":"wp","href":"https:\/\/api.w.org\/{rel}","templated":true}]}}