{"id":696,"date":"2020-11-03T01:35:23","date_gmt":"2020-11-03T06:35:23","guid":{"rendered":"https:\/\/supcom.standardof.net\/?page_id=696"},"modified":"2020-11-03T01:35:24","modified_gmt":"2020-11-03T06:35:24","slug":"build-mode","status":"publish","type":"page","link":"https:\/\/supcom.standardof.net\/it\/supreme-commander\/modalita-build\/","title":{"rendered":"MODALIT\u00c0 DI COSTRUZIONE"},"content":{"rendered":"<p>Per accedere alla modalit\u00e0 Costruisci, premi B. Le scorciatoie da tastiera verranno trasformate.<br>Per uscire dalla modalit\u00e0 Costruisci, premi Esc.<\/p>\n\n\n\n<p>Gli edifici sono elencati nell&#039;ordine in cui appaiono da sinistra a destra.<br>I tasti di scelta rapida della modalit\u00e0 Costruisci sono elencati accanto a ciascun edificio.<\/p>\n\n\n\n<section class=\"wp-block-uagb-columns uagb-columns__wrap uagb-columns__background-undefined uagb-columns__stack-mobile uagb-columns__valign-undefined uagb-columns__gap-10 alignundefined uagb-block-5b72ebaa\"><div class=\"uagb-columns__overlay\"><\/div><div class=\"uagb-columns__inner-wrap uagb-columns__columns-1\">\n<div class=\"wp-block-uagb-column uagb-column__wrap uagb-column__background-undefined uagb-block-ce1c4df4\"><div class=\"uagb-column__overlay\"><\/div><div class=\"uagb-column__inner-wrap\">\n<h2 class=\"wp-block-heading\">TASTI DI SCELTA RAPIDA UNIVERSALI<\/h2>\n\n\n\n<p>U: Passa al livello successivo di questa struttura<br>1: passa al livello tecnico 1<br>2: Passa al livello tecnico 2<br>3: Passa al livello tecnico 3<br>4: Passa alle unit\u00e0 sperimentali<\/p>\n<\/div><\/div>\n<\/div><\/section>\n\n\n\n<section class=\"wp-block-uagb-columns uagb-columns__wrap uagb-columns__background-undefined uagb-columns__stack-mobile uagb-columns__valign-undefined uagb-columns__gap-10 alignundefined uagb-block-ca3f196a\"><div class=\"uagb-columns__overlay\"><\/div><div class=\"uagb-columns__inner-wrap uagb-columns__columns-1\">\n<div class=\"wp-block-uagb-column uagb-column__wrap uagb-column__background-undefined uagb-block-51fd7f77\"><div class=\"uagb-column__overlay\"><\/div><div class=\"uagb-column__inner-wrap\">\n<h2 class=\"wp-block-heading\">COMANDANTE<\/h2>\n\n\n\n<p>L: Land Factory<br>A: Air Factory<br>S: fabbrica navale<br>E: Mass Extractor<br>F: Fabbricante di massa<br>P: generatore di corrente<br>W: Sezione parete<br>D: Difesa puntiforme<br>N: torretta antiaerea<br>T: lanciasiluri<\/p>\n<\/div><\/div>\n<\/div><\/section>\n\n\n\n<section class=\"wp-block-uagb-columns uagb-columns__wrap uagb-columns__background-undefined uagb-columns__stack-mobile uagb-columns__valign-undefined uagb-columns__gap-10 alignundefined uagb-block-94f16297\"><div class=\"uagb-columns__overlay\"><\/div><div class=\"uagb-columns__inner-wrap uagb-columns__columns-1\">\n<div class=\"wp-block-uagb-column uagb-column__wrap uagb-column__background-undefined uagb-block-31696319\"><div class=\"uagb-column__overlay\"><\/div><div class=\"uagb-column__inner-wrap\">\n<h2 class=\"wp-block-heading\">TECNICO 1 INGEGNERE<\/h2>\n\n\n\n<p>L: Land Factory<br>A: Air Factory<br>S: fabbrica navale<br>E: Mass Extractor<br>F: Fabbricante di massa<br>X: archiviazione di massa<br>P: generatore di corrente<br>H: Centrale idrocarburi<br>Y: accumulo di energia<br>W: Sezione parete<br>D: Difesa puntiforme<br>N: torretta antiaerea<br>T: lanciasiluri<br>I: Radar System<br>O: sistema sonar<\/p>\n<\/div><\/div>\n<\/div><\/section>\n\n\n\n<section class=\"wp-block-uagb-columns uagb-columns__wrap uagb-columns__background-undefined uagb-columns__stack-mobile uagb-columns__valign-undefined uagb-columns__gap-10 alignundefined uagb-block-4bfa9d10\"><div class=\"uagb-columns__overlay\"><\/div><div class=\"uagb-columns__inner-wrap uagb-columns__columns-1\">\n<div class=\"wp-block-uagb-column uagb-column__wrap uagb-column__background-undefined uagb-block-ffd66e38\"><div class=\"uagb-column__overlay\"><\/div><div class=\"uagb-column__inner-wrap\">\n<h2 class=\"wp-block-heading\">TECNICO 2 INGEGNERE<\/h2>\n\n\n\n<p>E: Mass Extractor<br>P: generatore di corrente<br>D: Difesa puntiforme<br>N: Artiglieria antiaerea<br>T: lanciasiluri pesante<br>R: Installazione di artiglieria<br>M: lanciamissili tattico<br>K: Difesa missilistica tattica<br>V: generatore di scudi<br>C: generatore di campo invisibile<br>I: Radar System<br>O: sistema sonar<br>G: Air Staging Facility<\/p>\n<\/div><\/div>\n<\/div><\/section>\n\n\n\n<section class=\"wp-block-uagb-columns uagb-columns__wrap uagb-columns__background-undefined uagb-columns__stack-mobile uagb-columns__valign-undefined uagb-columns__gap-10 alignundefined uagb-block-32cd299a\"><div class=\"uagb-columns__overlay\"><\/div><div class=\"uagb-columns__inner-wrap uagb-columns__columns-1\">\n<div class=\"wp-block-uagb-column uagb-column__wrap uagb-column__background-undefined uagb-block-6d22a225\"><div class=\"uagb-column__overlay\"><\/div><div class=\"uagb-column__inner-wrap\">\n<h2 class=\"wp-block-heading\">TECNICO 3 INGEGNERE<\/h2>\n\n\n\n<p>Menu Build Tech 3<br>E: Mass Extractor<br>F: Fabbricante di massa<br>P: generatore di corrente<br>N: Anti-Air SAM Launcher<br>R: Installazione di artiglieria pesante<br>M: lanciamissili strategico<br>K: Difesa missilistica strategica<br>O: piattaforma ecoscandaglio<br>I: Omni Sensor Array<br>D: Quantum Gateway<\/p>\n\n\n\n<h3 class=\"wp-block-heading\">Menu build sperimentale UEF<\/h3>\n\n\n\n<p>F: Fatboy<br>A: Atlantis<br>M: Mavor<\/p>\n\n\n\n<h3 class=\"wp-block-heading\">Menu build sperimentale Cybran<\/h3>\n\n\n\n<p>S: Monkeylord (S per Spiderbot)<br>R: Soul Ripper (R for Artillery)<br>C: Scathis<\/p>\n\n\n\n<h3 class=\"wp-block-heading\">Menu di costruzione sperimentale di Aeon<\/h3>\n\n\n\n<p>Z: zar<br>T: Tempesta<br>C: Colosso galattico<\/p>\n<\/div><\/div>\n<\/div><\/section>\n\n\n\n<section class=\"wp-block-uagb-columns uagb-columns__wrap uagb-columns__background-undefined uagb-columns__stack-mobile uagb-columns__valign-undefined uagb-columns__gap-10 alignundefined uagb-block-20e35840\"><div class=\"uagb-columns__overlay\"><\/div><div class=\"uagb-columns__inner-wrap uagb-columns__columns-1\">\n<div class=\"wp-block-uagb-column uagb-column__wrap uagb-column__background-undefined uagb-block-70261521\"><div class=\"uagb-column__overlay\"><\/div><div class=\"uagb-column__inner-wrap\">\n<h2 class=\"wp-block-heading\">FABBRICA DELLA TERRA<\/h2>\n\n\n\n<p>Tech 1<br>E: Ingegnere<br>S: Land Scout<br>A: Bot d&#039;assalto leggero<br>T: carro medio (UEF, solo Aeon)<br>T: Heavy Assault Bot (solo Cybran)<br>R: Artiglieria leggera mobile<br>N: pistola antiaerea mobile<\/p>\n\n\n\n<p>Tech 2<br>E: Ingegnere<br>T: carro pesante<br>M: lanciamissili mobile<br>N: Artiglieria antiaereo mobile<br>P: carro armato anfibio<br>C: Mobile Stealth Field System (solo Cybran)<br>V: Mobile Shield Generator (UEF, solo Aeon)<\/p>\n\n\n\n<p>Tech 3<br>E: Ingegnere<br>B: Siege Assault Bot<br>R: Artiglieria pesante mobile<\/p>\n<\/div><\/div>\n<\/div><\/section>\n\n\n\n<section class=\"wp-block-uagb-columns uagb-columns__wrap uagb-columns__background-undefined uagb-columns__stack-mobile uagb-columns__valign-undefined uagb-columns__gap-10 alignundefined uagb-block-5e354201\"><div class=\"uagb-columns__overlay\"><\/div><div class=\"uagb-columns__inner-wrap uagb-columns__columns-1\">\n<div class=\"wp-block-uagb-column uagb-column__wrap uagb-column__background-undefined uagb-block-06dae81f\"><div class=\"uagb-column__overlay\"><\/div><div class=\"uagb-column__inner-wrap\">\n<h2 class=\"wp-block-heading\">FABBRICA DELL&#039;ARIA<\/h2>\n\n\n\n<p>Tech 1<br>E: Ingegnere<br>S: Air Scout<br>F: Interceptor<br>A: Attack Bomber<br>T: trasporto aereo leggero<\/p>\n\n\n\n<p>Tech 2<br>E: Ingegnere<br>A: Bombardiere<br>O: aerosilurante<br>G: Cannoniera<br>T: trasporto aereo<\/p>\n\n\n\n<p>Tech 3<br>E: Ingegnere<br>S: Spy Plane<br>F: Combattente per la superiorit\u00e0 aerea<br>A: Bombardiere strategico<br>G: Heavy Gunship (solo UEF)<\/p>\n<\/div><\/div>\n<\/div><\/section>\n\n\n\n<section class=\"wp-block-uagb-columns uagb-columns__wrap uagb-columns__background-undefined uagb-columns__stack-mobile uagb-columns__valign-undefined uagb-columns__gap-10 alignundefined uagb-block-50aa0573\"><div class=\"uagb-columns__overlay\"><\/div><div class=\"uagb-columns__inner-wrap uagb-columns__columns-1\">\n<div class=\"wp-block-uagb-column uagb-column__wrap uagb-column__background-undefined uagb-block-d0bf32e7\"><div class=\"uagb-column__overlay\"><\/div><div class=\"uagb-column__inner-wrap\">\n<h2 class=\"wp-block-heading\">FABBRICA NAVALE<\/h2>\n\n\n\n<p>Tech 1<br>E: Ingegnere<br>A: Attack Boat (solo Aeon)<br>S: Attacco sottomarino<br>F: Fregata<\/p>\n\n\n\n<p>Tech 2<br>E: Ingegnere<br>C: incrociatore<br>D: Distruttore<\/p>\n\n\n\n<p>Tech 3<br>E: Ingegnere<br>A: Corazzata<br>C: vettore<br>S: sottomarino missilistico strategico<\/p>\n<\/div><\/div>\n<\/div><\/section>\n\n\n\n<section class=\"wp-block-uagb-columns uagb-columns__wrap uagb-columns__background-undefined uagb-columns__stack-mobile uagb-columns__valign-undefined uagb-columns__gap-10 alignundefined uagb-block-eb7c2d7d\"><div class=\"uagb-columns__overlay\"><\/div><div class=\"uagb-columns__inner-wrap uagb-columns__columns-1\">\n<div class=\"wp-block-uagb-column uagb-column__wrap uagb-column__background-undefined uagb-block-eb6b4eb3\"><div class=\"uagb-column__overlay\"><\/div><div class=\"uagb-column__inner-wrap\">\n<h2 class=\"wp-block-heading\">GATEWAY QUANTISTICO<\/h2>\n\n\n\n<p>C: Unit\u00e0 di comando di supporto<\/p>\n<\/div><\/div>\n<\/div><\/section>","protected":false},"excerpt":{"rendered":"<p>To enter Build Mode, press B. Your keyboard shortcuts will be transformed.To quit Build Mode, press Esc. Buildings are listed in the order they appear from left to right.Build Mode hotkeys are listed next to each building. UNIVERSAL HOTKEYS U: Upgrade to next level of this structure1: Switch to tech level 12: Switch to tech [&hellip;]<\/p>","protected":false},"author":1,"featured_media":0,"parent":14,"menu_order":0,"comment_status":"open","ping_status":"closed","template":"","meta":{"_uag_custom_page_level_css":"","site-sidebar-layout":"default","site-content-layout":"default","ast-site-content-layout":"","site-content-style":"default","site-sidebar-style":"default","ast-global-header-display":"","ast-banner-title-visibility":"","ast-main-header-display":"","ast-hfb-above-header-display":"","ast-hfb-below-header-display":"","ast-hfb-mobile-header-display":"","site-post-title":"","ast-breadcrumbs-content":"","ast-featured-img":"","footer-sml-layout":"","theme-transparent-header-meta":"default","adv-header-id-meta":"","stick-header-meta":"","header-above-stick-meta":"","header-main-stick-meta":"","header-below-stick-meta":"","astra-migrate-meta-layouts":"default","ast-page-background-enabled":"default","ast-page-background-meta":{"desktop":{"background-color":"","background-image":"","background-repeat":"repeat","background-position":"center center","background-size":"auto","background-attachment":"scroll","background-type":"","background-media":"","overlay-type":"","overlay-color":"","overlay-gradient":""},"tablet":{"background-color":"","background-image":"","background-repeat":"repeat","background-position":"center center","background-size":"auto","background-attachment":"scroll","background-type":"","background-media":"","overlay-type":"","overlay-color":"","overlay-gradient":""},"mobile":{"background-color":"","background-image":"","background-repeat":"repeat","background-position":"center center","background-size":"auto","background-attachment":"scroll","background-type":"","background-media":"","overlay-type":"","overlay-color":"","overlay-gradient":""}},"ast-content-background-meta":{"desktop":{"background-color":"var(--ast-global-color-5)","background-image":"","background-repeat":"repeat","background-position":"center center","background-size":"auto","background-attachment":"scroll","background-type":"","background-media":"","overlay-type":"","overlay-color":"","overlay-gradient":""},"tablet":{"background-color":"var(--ast-global-color-5)","background-image":"","background-repeat":"repeat","background-position":"center center","background-size":"auto","background-attachment":"scroll","background-type":"","background-media":"","overlay-type":"","overlay-color":"","overlay-gradient":""},"mobile":{"background-color":"var(--ast-global-color-5)","background-image":"","background-repeat":"repeat","background-position":"center center","background-size":"auto","background-attachment":"scroll","background-type":"","background-media":"","overlay-type":"","overlay-color":"","overlay-gradient":""}},"footnotes":""},"uagb_featured_image_src":{"full":false,"thumbnail":false,"medium":false,"medium_large":false,"large":false,"1536x1536":false,"2048x2048":false,"trp-custom-language-flag":false},"uagb_author_info":{"display_name":"SOE","author_link":"https:\/\/supcom.standardof.net\/it\/author\/k-tastic\/"},"uagb_comment_info":1,"uagb_excerpt":"To enter Build Mode, press B. Your keyboard shortcuts will be transformed.To quit Build Mode, press Esc. Buildings are listed in the order they appear from left to right.Build Mode hotkeys are listed next to each building. UNIVERSAL HOTKEYS U: Upgrade to next level of this structure1: Switch to tech level 12: Switch to tech&hellip;","_links":{"self":[{"href":"https:\/\/supcom.standardof.net\/it\/wp-json\/wp\/v2\/pages\/696"}],"collection":[{"href":"https:\/\/supcom.standardof.net\/it\/wp-json\/wp\/v2\/pages"}],"about":[{"href":"https:\/\/supcom.standardof.net\/it\/wp-json\/wp\/v2\/types\/page"}],"author":[{"embeddable":true,"href":"https:\/\/supcom.standardof.net\/it\/wp-json\/wp\/v2\/users\/1"}],"replies":[{"embeddable":true,"href":"https:\/\/supcom.standardof.net\/it\/wp-json\/wp\/v2\/comments?post=696"}],"version-history":[{"count":0,"href":"https:\/\/supcom.standardof.net\/it\/wp-json\/wp\/v2\/pages\/696\/revisions"}],"up":[{"embeddable":true,"href":"https:\/\/supcom.standardof.net\/it\/wp-json\/wp\/v2\/pages\/14"}],"wp:attachment":[{"href":"https:\/\/supcom.standardof.net\/it\/wp-json\/wp\/v2\/media?parent=696"}],"curies":[{"name":"wp","href":"https:\/\/api.w.org\/{rel}","templated":true}]}}