{"id":723,"date":"2020-11-03T11:23:26","date_gmt":"2020-11-03T16:23:26","guid":{"rendered":"https:\/\/supcom.standardof.net\/?page_id=723"},"modified":"2020-11-05T00:42:14","modified_gmt":"2020-11-05T05:42:14","slug":"tech-2-aeon-economy-buildings","status":"publish","type":"page","link":"https:\/\/supcom.standardof.net\/it\/supreme-commander\/eone\/tech-2-aeon-economy-edifici\/","title":{"rendered":"Tech 2 - Aeon Economy Buildings"},"content":{"rendered":"<div class=\"wp-block-uagb-table-of-contents uagb-toc__align-left uagb-toc__columns-1  uagb-block-3d514c23\"\n\t\t\t\t\tdata-scroll= \"1\"\n\t\t\t\t\tdata-offset= \"30\"\n\t\t\t\t\tstyle=\"\"\n\t\t\t\t>\n\t\t\t\t<div class=\"uagb-toc__wrap\">\n\t\t\t\t\t\t<div class=\"uagb-toc__title\">\n\t\t\t\t\t\t\tEdifici economici Aeon Tech 2:\t\t\t\t\t\t<\/div>\n\t\t\t\t\t\t\t\t\t\t\t\t\t\t\t\t<div class=\"uagb-toc__list-wrap\">\n\t\t\t\t\t\t<ol class=\"uagb-toc__list\"><li class=\"uagb-toc__list\"><a href=\"#tech-2-aeon-land-factory\" class=\"uagb-toc-link__trigger\">TECH 2 EON LAND FACTORY<\/a><li class=\"uagb-toc__list\"><a href=\"#tech-2-aeon-air-factory\" class=\"uagb-toc-link__trigger\">TECH 2 AEON AIR FACTORY<\/a><li class=\"uagb-toc__list\"><a href=\"#tech-2-aeon-naval-factory\" class=\"uagb-toc-link__trigger\">FABBRICA NAVALE TECH 2 EON<\/a><li class=\"uagb-toc__list\"><a href=\"#tech-2-mass-extractor\" class=\"uagb-toc-link__trigger\">ESTRATTORE DI MASSA TECH 2<\/a><li class=\"uagb-toc__list\"><a href=\"#tech-2-power-generator\" class=\"uagb-toc-link__trigger\">GENERATORE DI POTENZA TECH 2<\/a><\/ol>\t\t\t\t\t<\/div>\n\t\t\t\t\t\t\t\t\t<\/div>\n\t\t\t\t<\/div>\n\t\t\t\n\n\n<section class=\"wp-block-uagb-columns uagb-columns__wrap uagb-columns__background-undefined uagb-columns__stack-mobile uagb-columns__valign-undefined uagb-columns__gap-10 alignundefined uagb-block-26c784dc\"><div class=\"uagb-columns__overlay\"><\/div><div class=\"uagb-columns__inner-wrap uagb-columns__columns-1\">\n<div class=\"wp-block-uagb-column uagb-column__wrap uagb-column__background-undefined uagb-block-3218db5b\"><div class=\"uagb-column__overlay\"><\/div><div class=\"uagb-column__inner-wrap\">\n<h2 class=\"wp-block-heading\">TECH 2 EON <strong>FABBRICA DELLA TERRA<\/strong><\/h2>\n\n\n\n<p>Al livello T2, la tua fabbrica non \u00e8 vulnerabile agli scioperi a sorpresa e di solito \u00e8 l&#039;ultimo edificio a morire. \u00c8 ancora due volte pi\u00f9 veloce del tuo ingegnere dello stesso livello.<\/p>\n\n\n\n<div class=\"wp-block-image\"><figure class=\"aligncenter size-large\"><a href=\"https:\/\/supcom.standardof.net\/it\/supreme-commander\/eone\/tech-2-aeon-economy-edifici\/tech-2-aeon-land-factory-supreme-commander-aeon-tech-2-economy\/\"><img decoding=\"async\" width=\"800\" height=\"604\" src=\"https:\/\/supcom.standardof.net\/wp-content\/uploads\/sites\/8\/2020\/11\/TECH-2-AEON-LAND-FACTORY-Supreme-Commander-Aeon-Tech-2-Economy-800x604.jpg\" alt=\"La T2 Land Factory, Aeon Tech 2 Economy Building in Supreme Commander.\" class=\"wp-image-1119\" srcset=\"https:\/\/supcom.standardof.net\/wp-content\/uploads\/sites\/8\/2020\/11\/TECH-2-AEON-LAND-FACTORY-Supreme-Commander-Aeon-Tech-2-Economy-800x604.jpg 800w, https:\/\/supcom.standardof.net\/wp-content\/uploads\/sites\/8\/2020\/11\/TECH-2-AEON-LAND-FACTORY-Supreme-Commander-Aeon-Tech-2-Economy-512x387.jpg 512w, https:\/\/supcom.standardof.net\/wp-content\/uploads\/sites\/8\/2020\/11\/TECH-2-AEON-LAND-FACTORY-Supreme-Commander-Aeon-Tech-2-Economy-200x151.jpg 200w, https:\/\/supcom.standardof.net\/wp-content\/uploads\/sites\/8\/2020\/11\/TECH-2-AEON-LAND-FACTORY-Supreme-Commander-Aeon-Tech-2-Economy-768x580.jpg 768w, https:\/\/supcom.standardof.net\/wp-content\/uploads\/sites\/8\/2020\/11\/TECH-2-AEON-LAND-FACTORY-Supreme-Commander-Aeon-Tech-2-Economy-1536x1160.jpg 1536w, https:\/\/supcom.standardof.net\/wp-content\/uploads\/sites\/8\/2020\/11\/TECH-2-AEON-LAND-FACTORY-Supreme-Commander-Aeon-Tech-2-Economy-16x12.jpg 16w, https:\/\/supcom.standardof.net\/wp-content\/uploads\/sites\/8\/2020\/11\/TECH-2-AEON-LAND-FACTORY-Supreme-Commander-Aeon-Tech-2-Economy.jpg 1605w\" sizes=\"(max-width: 800px) 100vw, 800px\" \/><\/a><figcaption>FABBRICA DELLA TERRA DI T2 EON<\/figcaption><\/figure><\/div>\n\n\n\n<section class=\"wp-block-uagb-columns uagb-columns__wrap uagb-columns__background-undefined uagb-columns__stack-mobile uagb-columns__valign-undefined uagb-columns__gap-10 alignundefined uagb-block-3bf80aab\"><div class=\"uagb-columns__overlay\"><\/div><div class=\"uagb-columns__inner-wrap uagb-columns__columns-2\">\n<div class=\"wp-block-uagb-column uagb-column__wrap uagb-column__background-undefined uagb-block-baa43ebd\"><div class=\"uagb-column__overlay\"><\/div><div class=\"uagb-column__inner-wrap\">\n<h3 class=\"wp-block-heading\">Statistiche T2 Land Factory<\/h3>\n\n\n\n<p>Armatura: 8400 CV<br>Abilit\u00e0: aggiornabile<br>Costo: M950 (stoccaggio: 160), E7600 (stoccaggio: 800), T1900, <br>velocit\u00e0 di creazione: 20<br>Intel: vista: 20 (391 m)<br>Fisica: dimensione per adiacenza: 16<\/p>\n<\/div><\/div>\n\n\n\n<div class=\"wp-block-uagb-column uagb-column__wrap uagb-column__background-undefined uagb-block-1896699e\"><div class=\"uagb-column__overlay\"><\/div><div class=\"uagb-column__inner-wrap\"><\/div><\/div>\n<\/div><\/section>\n<\/div><\/div>\n<\/div><\/section>\n\n\n\n<section class=\"wp-block-uagb-columns uagb-columns__wrap uagb-columns__background-undefined uagb-columns__stack-mobile uagb-columns__valign-undefined uagb-columns__gap-10 alignundefined uagb-block-4bc9a3fe\"><div class=\"uagb-columns__overlay\"><\/div><div class=\"uagb-columns__inner-wrap uagb-columns__columns-1\">\n<div class=\"wp-block-uagb-column uagb-column__wrap uagb-column__background-undefined uagb-block-191e5346\"><div class=\"uagb-column__overlay\"><\/div><div class=\"uagb-column__inner-wrap\">\n<h2 class=\"wp-block-heading\">TECH 2 EON <strong>FABBRICA DELL&#039;ARIA<\/strong><\/h2>\n\n\n\n<p>L&#039;aggiornamento della fabbrica aerea T2 \u00e8 pi\u00f9 lento dell&#039;aggiornamento della fabbrica terrestre T2, quindi se \u00e8 il momento di aumentare la tecnologia e vuoi solo ingegneri, fallo pi\u00f9 tardi.<\/p>\n\n\n\n<div class=\"wp-block-image\"><figure class=\"aligncenter size-large\"><a href=\"https:\/\/supcom.standardof.net\/it\/supreme-commander\/eone\/tech-2-aeon-economy-edifici\/tech-2-aeon-air-factory-supreme-commander-aeon-tech-2-economy\/\"><img decoding=\"async\" width=\"800\" height=\"643\" src=\"https:\/\/supcom.standardof.net\/wp-content\/uploads\/sites\/8\/2020\/11\/TECH-2-AEON-AIR-FACTORY-Supreme-Commander-Aeon-Tech-2-Economy-800x643.jpg\" alt=\"La fabbrica aerea T2, edificio economico Aeon Tech 2 in Supreme Commander.\" class=\"wp-image-1118\" srcset=\"https:\/\/supcom.standardof.net\/wp-content\/uploads\/sites\/8\/2020\/11\/TECH-2-AEON-AIR-FACTORY-Supreme-Commander-Aeon-Tech-2-Economy-800x643.jpg 800w, https:\/\/supcom.standardof.net\/wp-content\/uploads\/sites\/8\/2020\/11\/TECH-2-AEON-AIR-FACTORY-Supreme-Commander-Aeon-Tech-2-Economy-512x412.jpg 512w, https:\/\/supcom.standardof.net\/wp-content\/uploads\/sites\/8\/2020\/11\/TECH-2-AEON-AIR-FACTORY-Supreme-Commander-Aeon-Tech-2-Economy-200x161.jpg 200w, https:\/\/supcom.standardof.net\/wp-content\/uploads\/sites\/8\/2020\/11\/TECH-2-AEON-AIR-FACTORY-Supreme-Commander-Aeon-Tech-2-Economy-768x618.jpg 768w, https:\/\/supcom.standardof.net\/wp-content\/uploads\/sites\/8\/2020\/11\/TECH-2-AEON-AIR-FACTORY-Supreme-Commander-Aeon-Tech-2-Economy-16x12.jpg 16w, https:\/\/supcom.standardof.net\/wp-content\/uploads\/sites\/8\/2020\/11\/TECH-2-AEON-AIR-FACTORY-Supreme-Commander-Aeon-Tech-2-Economy.jpg 1440w\" sizes=\"(max-width: 800px) 100vw, 800px\" \/><\/a><figcaption>T2 AEON AIR FACTORY<\/figcaption><\/figure><\/div>\n\n\n\n<section class=\"wp-block-uagb-columns uagb-columns__wrap uagb-columns__background-undefined uagb-columns__stack-mobile uagb-columns__valign-undefined uagb-columns__gap-10 alignundefined uagb-block-0180c7b7\"><div class=\"uagb-columns__overlay\"><\/div><div class=\"uagb-columns__inner-wrap uagb-columns__columns-2\">\n<div class=\"wp-block-uagb-column uagb-column__wrap uagb-column__background-undefined uagb-block-5443c14c\"><div class=\"uagb-column__overlay\"><\/div><div class=\"uagb-column__inner-wrap\">\n<h3 class=\"wp-block-heading\">Statistiche T2 Air Factory<\/h3>\n\n\n\n<p>Armatura: 8400 CV<br>Abilit\u00e0: aggiornabile<br>Costo: M720 (stoccaggio: 160), E19200 (stoccaggio: 800), T2400,<br>velocit\u00e0 di creazione: 20<br>Intel: vista: 20 (391 m)<br>Fisica: dimensione per adiacenza: 16<\/p>\n<\/div><\/div>\n\n\n\n<div class=\"wp-block-uagb-column uagb-column__wrap uagb-column__background-undefined uagb-block-382a913c\"><div class=\"uagb-column__overlay\"><\/div><div class=\"uagb-column__inner-wrap\"><\/div><\/div>\n<\/div><\/section>\n<\/div><\/div>\n<\/div><\/section>\n\n\n\n<section class=\"wp-block-uagb-columns uagb-columns__wrap uagb-columns__background-undefined uagb-columns__stack-mobile uagb-columns__valign-undefined uagb-columns__gap-10 alignundefined uagb-block-99ba0b7b\"><div class=\"uagb-columns__overlay\"><\/div><div class=\"uagb-columns__inner-wrap uagb-columns__columns-1\">\n<div class=\"wp-block-uagb-column uagb-column__wrap uagb-column__background-undefined uagb-block-5d6c2873\"><div class=\"uagb-column__overlay\"><\/div><div class=\"uagb-column__inner-wrap\">\n<h2 class=\"wp-block-heading\">TECH 2 EON <strong>FABBRICA NAVALE<\/strong><\/h2>\n\n\n\n<p>La fabbrica navale T2 ora ha un sacco di salute, senza essere molto pi\u00f9 costosa degli altri aggiornamenti. Considerando che la marina UEF T1 \u00e8 cos\u00ec pessima, ora hai ancora pi\u00f9 motivi per informarti presto (anche se \u00e8 solo per rendere i sottomarini due volte pi\u00f9 veloci).<\/p>\n\n\n\n<div class=\"wp-block-image\"><figure class=\"aligncenter size-large\"><a href=\"https:\/\/supcom.standardof.net\/it\/supreme-commander\/eone\/tech-2-aeon-economy-edifici\/tech-2-aeon-naval-factory-supreme-commander-aeon-tech-2-economy\/\"><img decoding=\"async\" width=\"800\" height=\"642\" src=\"https:\/\/supcom.standardof.net\/wp-content\/uploads\/sites\/8\/2020\/11\/TECH-2-AEON-NAVAL-FACTORY-Supreme-Commander-Aeon-Tech-2-Economy-800x642.jpg\" alt=\"La fabbrica navale T2, edificio economico Aeon Tech 2 in Supreme Commander.\" class=\"wp-image-1120\" srcset=\"https:\/\/supcom.standardof.net\/wp-content\/uploads\/sites\/8\/2020\/11\/TECH-2-AEON-NAVAL-FACTORY-Supreme-Commander-Aeon-Tech-2-Economy-800x642.jpg 800w, https:\/\/supcom.standardof.net\/wp-content\/uploads\/sites\/8\/2020\/11\/TECH-2-AEON-NAVAL-FACTORY-Supreme-Commander-Aeon-Tech-2-Economy-512x411.jpg 512w, https:\/\/supcom.standardof.net\/wp-content\/uploads\/sites\/8\/2020\/11\/TECH-2-AEON-NAVAL-FACTORY-Supreme-Commander-Aeon-Tech-2-Economy-200x161.jpg 200w, https:\/\/supcom.standardof.net\/wp-content\/uploads\/sites\/8\/2020\/11\/TECH-2-AEON-NAVAL-FACTORY-Supreme-Commander-Aeon-Tech-2-Economy-768x617.jpg 768w, https:\/\/supcom.standardof.net\/wp-content\/uploads\/sites\/8\/2020\/11\/TECH-2-AEON-NAVAL-FACTORY-Supreme-Commander-Aeon-Tech-2-Economy-1536x1234.jpg 1536w, https:\/\/supcom.standardof.net\/wp-content\/uploads\/sites\/8\/2020\/11\/TECH-2-AEON-NAVAL-FACTORY-Supreme-Commander-Aeon-Tech-2-Economy-16x12.jpg 16w, https:\/\/supcom.standardof.net\/wp-content\/uploads\/sites\/8\/2020\/11\/TECH-2-AEON-NAVAL-FACTORY-Supreme-Commander-Aeon-Tech-2-Economy.jpg 1554w\" sizes=\"(max-width: 800px) 100vw, 800px\" \/><\/a><figcaption>FABBRICA NAVALE T2 AEON<\/figcaption><\/figure><\/div>\n\n\n\n<section class=\"wp-block-uagb-columns uagb-columns__wrap uagb-columns__background-undefined uagb-columns__stack-mobile uagb-columns__valign-undefined uagb-columns__gap-10 alignundefined uagb-block-baf36cb6\"><div class=\"uagb-columns__overlay\"><\/div><div class=\"uagb-columns__inner-wrap uagb-columns__columns-2\">\n<div class=\"wp-block-uagb-column uagb-column__wrap uagb-column__background-undefined uagb-block-ed469209\"><div class=\"uagb-column__overlay\"><\/div><div class=\"uagb-column__inner-wrap\">\n<h3 class=\"wp-block-heading\">Statistiche T2 Naval Factory<\/h3>\n\n\n\n<p>Armatura: 17000 CV<br>Abilit\u00e0: aggiornabile<br>Costo: M950 (stoccaggio: 160), E7600 (stoccaggio: 800), T1900,<br>velocit\u00e0 di creazione: 20<br>Intel: vista: 20 (391 m)<br>Fisica: dimensione per adiacenza: 16<\/p>\n<\/div><\/div>\n\n\n\n<div class=\"wp-block-uagb-column uagb-column__wrap uagb-column__background-undefined uagb-block-8bbc9c0e\"><div class=\"uagb-column__overlay\"><\/div><div class=\"uagb-column__inner-wrap\"><\/div><\/div>\n<\/div><\/section>\n<\/div><\/div>\n<\/div><\/section>\n\n\n\n<section class=\"wp-block-uagb-columns uagb-columns__wrap uagb-columns__background-undefined uagb-columns__stack-mobile uagb-columns__valign-undefined uagb-columns__gap-10 alignundefined uagb-block-ee614046\"><div class=\"uagb-columns__overlay\"><\/div><div class=\"uagb-columns__inner-wrap uagb-columns__columns-1\">\n<div class=\"wp-block-uagb-column uagb-column__wrap uagb-column__background-undefined uagb-block-edd39df0\"><div class=\"uagb-column__overlay\"><\/div><div class=\"uagb-column__inner-wrap\">\n<h2 class=\"wp-block-heading\">TECNOLOGIA 2 <strong>ESTRATTORE DI MASSA<\/strong><\/h2>\n\n\n\n<p>Ai livelli T2, ti sei espanso al massimo ed \u00e8 ora il momento di iniziare ad aggiornare i tuoi estrattori di massa. Fai attenzione ad assisterli: non verranno visualizzati come inattivi al termine dell&#039;aggiornamento.<\/p>\n\n\n\n<div class=\"wp-block-image\"><figure class=\"aligncenter size-large\"><a href=\"https:\/\/supcom.standardof.net\/it\/supreme-commander\/eone\/tech-2-aeon-economy-edifici\/tech-2-mass-extractor-supreme-commander-aeon-tech-2-economy\/\"><img decoding=\"async\" width=\"800\" height=\"606\" src=\"https:\/\/supcom.standardof.net\/wp-content\/uploads\/sites\/8\/2020\/11\/TECH-2-MASS-EXTRACTOR-Supreme-Commander-Aeon-Tech-2-Economy-800x606.jpg\" alt=\"L&#039;estrattore di massa T2, edificio economico Aeon Tech 2 in Supreme Commander.\" class=\"wp-image-1121\" srcset=\"https:\/\/supcom.standardof.net\/wp-content\/uploads\/sites\/8\/2020\/11\/TECH-2-MASS-EXTRACTOR-Supreme-Commander-Aeon-Tech-2-Economy-800x606.jpg 800w, https:\/\/supcom.standardof.net\/wp-content\/uploads\/sites\/8\/2020\/11\/TECH-2-MASS-EXTRACTOR-Supreme-Commander-Aeon-Tech-2-Economy-512x388.jpg 512w, https:\/\/supcom.standardof.net\/wp-content\/uploads\/sites\/8\/2020\/11\/TECH-2-MASS-EXTRACTOR-Supreme-Commander-Aeon-Tech-2-Economy-200x151.jpg 200w, https:\/\/supcom.standardof.net\/wp-content\/uploads\/sites\/8\/2020\/11\/TECH-2-MASS-EXTRACTOR-Supreme-Commander-Aeon-Tech-2-Economy-768x582.jpg 768w, https:\/\/supcom.standardof.net\/wp-content\/uploads\/sites\/8\/2020\/11\/TECH-2-MASS-EXTRACTOR-Supreme-Commander-Aeon-Tech-2-Economy-16x12.jpg 16w, https:\/\/supcom.standardof.net\/wp-content\/uploads\/sites\/8\/2020\/11\/TECH-2-MASS-EXTRACTOR-Supreme-Commander-Aeon-Tech-2-Economy.jpg 1014w\" sizes=\"(max-width: 800px) 100vw, 800px\" \/><\/a><figcaption>ESTRATTORE DI MASSA T2<\/figcaption><\/figure><\/div>\n\n\n\n<section class=\"wp-block-uagb-columns uagb-columns__wrap uagb-columns__background-undefined uagb-columns__stack-mobile uagb-columns__valign-undefined uagb-columns__gap-10 alignundefined uagb-block-052d97c1\"><div class=\"uagb-columns__overlay\"><\/div><div class=\"uagb-columns__inner-wrap uagb-columns__columns-2\">\n<div class=\"wp-block-uagb-column uagb-column__wrap uagb-column__background-undefined uagb-block-65f7f344\"><div class=\"uagb-column__overlay\"><\/div><div class=\"uagb-column__inner-wrap\">\n<h3 class=\"wp-block-heading\">Statistiche T2 Mass Extractor<\/h3>\n\n\n\n<p>ESTRATTORE DI MASSA T2<br>Armatura: 2160 CV<br>Abilit\u00e0: aggiornabile<br>Costo: M900 (+6), E5400 (-9), T900,<br>velocit\u00e0 di creazione: 15<br>Intel: vista: 20 (391 m)<br>Fisica: dimensione per adiacenza: 4<br>Bonus di adiacenza (dimensione edificio adiacente: 4, 8, 12, 16, 20):<br>Riduzione del drenaggio di massa (fabbriche): 15.00%, 7.50%, 5.00%, 3.75%, 3.00%<\/p>\n<\/div><\/div>\n\n\n\n<div class=\"wp-block-uagb-column uagb-column__wrap uagb-column__background-undefined uagb-block-ce4fc8ea\"><div class=\"uagb-column__overlay\"><\/div><div class=\"uagb-column__inner-wrap\"><\/div><\/div>\n<\/div><\/section>\n<\/div><\/div>\n<\/div><\/section>\n\n\n\n<section class=\"wp-block-uagb-columns uagb-columns__wrap uagb-columns__background-undefined uagb-columns__stack-mobile uagb-columns__valign-undefined uagb-columns__gap-10 alignundefined uagb-block-245d77f1\"><div class=\"uagb-columns__overlay\"><\/div><div class=\"uagb-columns__inner-wrap uagb-columns__columns-1\">\n<div class=\"wp-block-uagb-column uagb-column__wrap uagb-column__background-undefined uagb-block-371b3411\"><div class=\"uagb-column__overlay\"><\/div><div class=\"uagb-column__inner-wrap\">\n<h2 class=\"wp-block-heading\">TECNOLOGIA 2 <strong>GENERATORE DI CORRENTE<\/strong><\/h2>\n\n\n\n<p>Il generatore di energia T2 \u00e8 un pezzo chiave della tua economia, fornendo quella spinta che ti impedisce di essere incatenato alle minuscole dosi di energia del T1, mentre garantisce anche un generoso bonus di adiacenza se vuoi mettere accanto l&#039;artiglieria T2.<\/p>\n\n\n\n<div class=\"wp-block-image\"><figure class=\"aligncenter size-large\"><a href=\"https:\/\/supcom.standardof.net\/it\/supreme-commander\/eone\/tech-2-aeon-economy-edifici\/tech-2-power-generator-supreme-commander-aeon-tech-2-economy\/\"><img decoding=\"async\" width=\"800\" height=\"635\" src=\"https:\/\/supcom.standardof.net\/wp-content\/uploads\/sites\/8\/2020\/11\/TECH-2-POWER-GENERATOR-Supreme-Commander-Aeon-Tech-2-Economy-800x635.jpg\" alt=\"Il generatore di corrente T2, edificio economico Aeon Tech 2 in Supreme Commander.\" class=\"wp-image-1122\" srcset=\"https:\/\/supcom.standardof.net\/wp-content\/uploads\/sites\/8\/2020\/11\/TECH-2-POWER-GENERATOR-Supreme-Commander-Aeon-Tech-2-Economy-800x635.jpg 800w, https:\/\/supcom.standardof.net\/wp-content\/uploads\/sites\/8\/2020\/11\/TECH-2-POWER-GENERATOR-Supreme-Commander-Aeon-Tech-2-Economy-512x407.jpg 512w, https:\/\/supcom.standardof.net\/wp-content\/uploads\/sites\/8\/2020\/11\/TECH-2-POWER-GENERATOR-Supreme-Commander-Aeon-Tech-2-Economy-200x159.jpg 200w, https:\/\/supcom.standardof.net\/wp-content\/uploads\/sites\/8\/2020\/11\/TECH-2-POWER-GENERATOR-Supreme-Commander-Aeon-Tech-2-Economy-768x610.jpg 768w, https:\/\/supcom.standardof.net\/wp-content\/uploads\/sites\/8\/2020\/11\/TECH-2-POWER-GENERATOR-Supreme-Commander-Aeon-Tech-2-Economy-1536x1220.jpg 1536w, https:\/\/supcom.standardof.net\/wp-content\/uploads\/sites\/8\/2020\/11\/TECH-2-POWER-GENERATOR-Supreme-Commander-Aeon-Tech-2-Economy-16x12.jpg 16w, https:\/\/supcom.standardof.net\/wp-content\/uploads\/sites\/8\/2020\/11\/TECH-2-POWER-GENERATOR-Supreme-Commander-Aeon-Tech-2-Economy.jpg 1545w\" sizes=\"(max-width: 800px) 100vw, 800px\" \/><\/a><figcaption>GENERATORE DI POTENZA T2<\/figcaption><\/figure><\/div>\n\n\n\n<section class=\"wp-block-uagb-columns uagb-columns__wrap uagb-columns__background-undefined uagb-columns__stack-mobile uagb-columns__valign-undefined uagb-columns__gap-10 alignundefined uagb-block-99e1171e\"><div class=\"uagb-columns__overlay\"><\/div><div class=\"uagb-columns__inner-wrap uagb-columns__columns-2\">\n<div class=\"wp-block-uagb-column uagb-column__wrap uagb-column__background-undefined uagb-block-4e9753a5\"><div class=\"uagb-column__overlay\"><\/div><div class=\"uagb-column__inner-wrap\">\n<h3 class=\"wp-block-heading\">Statistiche T2 Power Generator<\/h3>\n\n\n\n<p>Armatura: 2160 CV<br>Costo: M1200, E12000 (+500), T2000<br>Intel: vista: 20 (391 m)<br>Fisica: dimensione per adiacenza: 12<\/p>\n\n\n\n<p>Bonus di adiacenza (dimensione edificio adiacente: 4, 8, 12, 16, 20):<br>Riduzione consumo energetico (manutenzione): 12.50%`` 12.50%, 12.50%, 12.50%<br>Riduzione del consumo energetico (fabbriche): 12.50%, 12.50%, 12.50%, 12.50%, 12.50%<br>Riduzione del tempo di consumo dell&#039;arma energetica: 5.00%`` 5.00%, 5.00%, 5.00%<\/p>\n<\/div><\/div>\n\n\n\n<div class=\"wp-block-uagb-column uagb-column__wrap uagb-column__background-undefined uagb-block-fdd46841\"><div class=\"uagb-column__overlay\"><\/div><div class=\"uagb-column__inner-wrap\">\n<h3 class=\"wp-block-heading\">Armi del generatore di corrente T2<\/h3>\n\n\n\n<p>DeathWeapon: 1500 danni, area: 5 (97,7 m)<\/p>\n<\/div><\/div>\n<\/div><\/section>\n<\/div><\/div>\n<\/div><\/section>","protected":false},"excerpt":{"rendered":"<p>TECH 2 AEON LAND FACTORY By the T2 level, your factory is not vulnerable to surprise strikes, and is usually the last building to die. It&#8217;s still twice as fast as your engineer of the same level. T2 Land Factory Stats Armor: 8400hpAbilities: UpgradeableCost: M950 (storage: 160), E7600 (storage: 800), T1900, build rate: 20Intel: sight: [&hellip;]<\/p>","protected":false},"author":1,"featured_media":0,"parent":503,"menu_order":0,"comment_status":"open","ping_status":"closed","template":"","meta":{"_uag_custom_page_level_css":"","site-sidebar-layout":"default","site-content-layout":"default","ast-site-content-layout":"","site-content-style":"default","site-sidebar-style":"default","ast-global-header-display":"","ast-banner-title-visibility":"","ast-main-header-display":"","ast-hfb-above-header-display":"","ast-hfb-below-header-display":"","ast-hfb-mobile-header-display":"","site-post-title":"","ast-breadcrumbs-content":"","ast-featured-img":"","footer-sml-layout":"","theme-transparent-header-meta":"default","adv-header-id-meta":"","stick-header-meta":"","header-above-stick-meta":"","header-main-stick-meta":"","header-below-stick-meta":"","astra-migrate-meta-layouts":"default","ast-page-background-enabled":"default","ast-page-background-meta":{"desktop":{"background-color":"","background-image":"","background-repeat":"repeat","background-position":"center center","background-size":"auto","background-attachment":"scroll","background-type":"","background-media":"","overlay-type":"","overlay-color":"","overlay-gradient":""},"tablet":{"background-color":"","background-image":"","background-repeat":"repeat","background-position":"center center","background-size":"auto","background-attachment":"scroll","background-type":"","background-media":"","overlay-type":"","overlay-color":"","overlay-gradient":""},"mobile":{"background-color":"","background-image":"","background-repeat":"repeat","background-position":"center center","background-size":"auto","background-attachment":"scroll","background-type":"","background-media":"","overlay-type":"","overlay-color":"","overlay-gradient":""}},"ast-content-background-meta":{"desktop":{"background-color":"var(--ast-global-color-5)","background-image":"","background-repeat":"repeat","background-position":"center center","background-size":"auto","background-attachment":"scroll","background-type":"","background-media":"","overlay-type":"","overlay-color":"","overlay-gradient":""},"tablet":{"background-color":"var(--ast-global-color-5)","background-image":"","background-repeat":"repeat","background-position":"center center","background-size":"auto","background-attachment":"scroll","background-type":"","background-media":"","overlay-type":"","overlay-color":"","overlay-gradient":""},"mobile":{"background-color":"var(--ast-global-color-5)","background-image":"","background-repeat":"repeat","background-position":"center center","background-size":"auto","background-attachment":"scroll","background-type":"","background-media":"","overlay-type":"","overlay-color":"","overlay-gradient":""}},"footnotes":""},"uagb_featured_image_src":{"full":false,"thumbnail":false,"medium":false,"medium_large":false,"large":false,"1536x1536":false,"2048x2048":false,"trp-custom-language-flag":false},"uagb_author_info":{"display_name":"SOE","author_link":"https:\/\/supcom.standardof.net\/it\/author\/k-tastic\/"},"uagb_comment_info":0,"uagb_excerpt":"TECH 2 AEON LAND FACTORY By the T2 level, your factory is not vulnerable to surprise strikes, and is usually the last building to die. It&#8217;s still twice as fast as your engineer of the same level. T2 Land Factory Stats Armor: 8400hpAbilities: UpgradeableCost: M950 (storage: 160), E7600 (storage: 800), T1900, build rate: 20Intel: sight:&hellip;","_links":{"self":[{"href":"https:\/\/supcom.standardof.net\/it\/wp-json\/wp\/v2\/pages\/723"}],"collection":[{"href":"https:\/\/supcom.standardof.net\/it\/wp-json\/wp\/v2\/pages"}],"about":[{"href":"https:\/\/supcom.standardof.net\/it\/wp-json\/wp\/v2\/types\/page"}],"author":[{"embeddable":true,"href":"https:\/\/supcom.standardof.net\/it\/wp-json\/wp\/v2\/users\/1"}],"replies":[{"embeddable":true,"href":"https:\/\/supcom.standardof.net\/it\/wp-json\/wp\/v2\/comments?post=723"}],"version-history":[{"count":0,"href":"https:\/\/supcom.standardof.net\/it\/wp-json\/wp\/v2\/pages\/723\/revisions"}],"up":[{"embeddable":true,"href":"https:\/\/supcom.standardof.net\/it\/wp-json\/wp\/v2\/pages\/503"}],"wp:attachment":[{"href":"https:\/\/supcom.standardof.net\/it\/wp-json\/wp\/v2\/media?parent=723"}],"curies":[{"name":"wp","href":"https:\/\/api.w.org\/{rel}","templated":true}]}}