{"id":773,"date":"2020-11-03T17:39:14","date_gmt":"2020-11-03T22:39:14","guid":{"rendered":"https:\/\/supcom.standardof.net\/?page_id=773"},"modified":"2020-11-04T20:10:23","modified_gmt":"2020-11-05T01:10:23","slug":"tech-3-aeon-naval-units","status":"publish","type":"page","link":"https:\/\/supcom.standardof.net\/it\/supreme-commander\/eone\/tech-3-eon-naval-units\/","title":{"rendered":"Tecnologia 3 - Unit\u00e0 navali dell&#039;Eone"},"content":{"rendered":"<div class=\"wp-block-uagb-table-of-contents uagb-toc__align-left uagb-toc__columns-1  uagb-block-9fffb14d\"\n\t\t\t\t\tdata-scroll= \"1\"\n\t\t\t\t\tdata-offset= \"30\"\n\t\t\t\t\tstyle=\"\"\n\t\t\t\t>\n\t\t\t\t<div class=\"uagb-toc__wrap\">\n\t\t\t\t\t\t<div class=\"uagb-toc__title\">\n\t\t\t\t\t\t\tUnit\u00e0 navali Aeon Tech 3:\t\t\t\t\t\t<\/div>\n\t\t\t\t\t\t\t\t\t\t\t\t\t\t\t\t<div class=\"uagb-toc__list-wrap\">\n\t\t\t\t\t\t<ol class=\"uagb-toc__list\"><li class=\"uagb-toc__list\"><a href=\"#omen-class-battleship\" class=\"uagb-toc-link__trigger\">BATTAGLIA DI CLASSE DI OMEN<\/a><li class=\"uagb-toc__list\"><a href=\"#keefer-class-aircraft-carrier\" class=\"uagb-toc-link__trigger\">PORTA AEREO DI CLASSE KEEFER<\/a><li class=\"uagb-toc__list\"><a href=\"#silencer-strategic-missile-submarine\" class=\"uagb-toc-link__trigger\">SILENZIATORE - MISSILE STRATEGICO SUBMARINE<\/a><\/ol>\t\t\t\t\t<\/div>\n\t\t\t\t\t\t\t\t\t<\/div>\n\t\t\t\t<\/div>\n\t\t\t\n\n\n<section class=\"wp-block-uagb-columns uagb-columns__wrap uagb-columns__background-undefined uagb-columns__stack-mobile uagb-columns__valign-undefined uagb-columns__gap-10 alignundefined uagb-block-c36918af\"><div class=\"uagb-columns__overlay\"><\/div><div class=\"uagb-columns__inner-wrap uagb-columns__columns-1\">\n<div class=\"wp-block-uagb-column uagb-column__wrap uagb-column__background-undefined uagb-block-f7f54855\"><div class=\"uagb-column__overlay\"><\/div><div class=\"uagb-column__inner-wrap\">\n<h2 class=\"wp-block-heading\"><strong>PRESAGIO <\/strong>BATTAGLIA DI CLASSE<\/h2>\n\n\n\n<p>La corazzata Aeon \u00e8 l&#039;estensione definitiva di un unico scopo: a parte alcune difese tattiche per fermare incrociatori UEF e missili costieri, si basa esclusivamente su un trio di quelli che sono essenzialmente pezzi di artiglieria T2, pi\u00f9 un&#039;armatura che porter\u00e0 un&#039;intera flotta a distruggere, al prezzo pi\u00f9 basso possibile. Come Aeon, il tuo vantaggio in mare iniziale ti dar\u00e0 il cuscino di cui hai bisogno per sollevare una corazzata molto prima che lo facciano, e quando lo farai, i tuoi cannoni dell&#039;Oblivion saranno in grado di conquistare i mari e spostarsi per prendere a pugni l&#039;artiglieria T2 nemica da soli termini. \u00c8 totalmente vulnerabile ai sottomarini o alle unit\u00e0 aeree, quindi non puoi semplicemente buttare via la tua flotta per costruirne una, ma \u00e8 comunque estremamente efficace.<\/p>\n\n\n\n<div class=\"wp-block-image\"><figure class=\"aligncenter size-large\"><a href=\"https:\/\/supcom.standardof.net\/it\/supreme-commander\/eone\/tech-3-eon-naval-units\/omen-class-battleship-1-supreme-commander-aeon-tech-3-naval-units\/\"><img decoding=\"async\" width=\"800\" height=\"472\" src=\"https:\/\/supcom.standardof.net\/wp-content\/uploads\/sites\/8\/2020\/11\/OMEN-CLASS-BATTLESHIP-1-Supreme-Commander-Aeon-Tech-3-Naval-Units-800x472.jpg\" alt=\"La corazzata di classe Omen, unit\u00e0 navale Aeon Tech 3 in Supreme Commander.\" class=\"wp-image-1035\" srcset=\"https:\/\/supcom.standardof.net\/wp-content\/uploads\/sites\/8\/2020\/11\/OMEN-CLASS-BATTLESHIP-1-Supreme-Commander-Aeon-Tech-3-Naval-Units-800x472.jpg 800w, https:\/\/supcom.standardof.net\/wp-content\/uploads\/sites\/8\/2020\/11\/OMEN-CLASS-BATTLESHIP-1-Supreme-Commander-Aeon-Tech-3-Naval-Units-512x302.jpg 512w, https:\/\/supcom.standardof.net\/wp-content\/uploads\/sites\/8\/2020\/11\/OMEN-CLASS-BATTLESHIP-1-Supreme-Commander-Aeon-Tech-3-Naval-Units-200x118.jpg 200w, https:\/\/supcom.standardof.net\/wp-content\/uploads\/sites\/8\/2020\/11\/OMEN-CLASS-BATTLESHIP-1-Supreme-Commander-Aeon-Tech-3-Naval-Units-768x453.jpg 768w, https:\/\/supcom.standardof.net\/wp-content\/uploads\/sites\/8\/2020\/11\/OMEN-CLASS-BATTLESHIP-1-Supreme-Commander-Aeon-Tech-3-Naval-Units-1536x905.jpg 1536w, https:\/\/supcom.standardof.net\/wp-content\/uploads\/sites\/8\/2020\/11\/OMEN-CLASS-BATTLESHIP-1-Supreme-Commander-Aeon-Tech-3-Naval-Units-16x9.jpg 16w, https:\/\/supcom.standardof.net\/wp-content\/uploads\/sites\/8\/2020\/11\/OMEN-CLASS-BATTLESHIP-1-Supreme-Commander-Aeon-Tech-3-Naval-Units.jpg 1944w\" sizes=\"(max-width: 800px) 100vw, 800px\" \/><\/a><figcaption>BATTAGLIA DI CLASSE DI OMEN<\/figcaption><\/figure><\/div>\n\n\n\n<section class=\"wp-block-uagb-columns uagb-columns__wrap uagb-columns__background-undefined uagb-columns__stack-mobile uagb-columns__valign-undefined uagb-columns__gap-10 alignundefined uagb-block-a7fbca69\"><div class=\"uagb-columns__overlay\"><\/div><div class=\"uagb-columns__inner-wrap uagb-columns__columns-2\">\n<div class=\"wp-block-uagb-column uagb-column__wrap uagb-column__background-undefined uagb-block-6e3246d8\"><div class=\"uagb-column__overlay\"><\/div><div class=\"uagb-column__inner-wrap\">\n<h3 class=\"wp-block-heading\">Statistiche Omen<\/h3>\n\n\n\n<p>Armatura: 55000 CV<br>Abilit\u00e0: Difesa missilistica - Tattica<br>Costo: M19000, E152000, T22800<br>Intel:<br>- vista: 70 (1,37 km),<br>- radar: 110 (2,15 km),<br>- sonar: 20 (391 m),<br>- vista acqua: 50 (977m)<br>Fisica:<br>- velocit\u00e0 massima: 4,675 (91,3 m \/ s),<br>- velocit\u00e0 di virata: 15<br>Veterano: 50, 100, 250, 500, 1000 uccisioni<br>- livello veterano 2: +13750 hp,<br>- livello veterano 4: +13750 hp,<br>- livello veterano 5: ripara 3 hp \/ s<\/p>\n<\/div><\/div>\n\n\n\n<div class=\"wp-block-uagb-column uagb-column__wrap uagb-column__background-undefined uagb-block-102d2546\"><div class=\"uagb-column__overlay\"><\/div><div class=\"uagb-column__inner-wrap\">\n<h3 class=\"wp-block-heading\">Armi Omen<\/h3>\n\n\n\n<p>3x Oblivion Cannon (Direct Fire Naval):<br>159,38 dps,<br>area: 1 (19,5 m),<br>portata: 128 (2,50 km)<br>arma a proiettile: 2550 danni<br>velocit\u00e0 di fuoco: 0,0625 (ogni 16 s)<br>livello veterano 1: +638 danni, livello veterano 3: +638 danni<\/p>\n\n\n\n<p>2x Will O Wisp Anti Missile (Difesa):<br>9,00 dps,<br>portata: 42 (820 m)<br>arma a proiettile: 30 danni x 3 proiettili = 90 danni per salva<br>velocit\u00e0 di fuoco: 0,2 (ogni 5 s)<\/p>\n<\/div><\/div>\n<\/div><\/section>\n<\/div><\/div>\n<\/div><\/section>\n\n\n\n<section class=\"wp-block-uagb-columns uagb-columns__wrap uagb-columns__background-undefined uagb-columns__stack-mobile uagb-columns__valign-undefined uagb-columns__gap-10 alignundefined uagb-block-eb008098\"><div class=\"uagb-columns__overlay\"><\/div><div class=\"uagb-columns__inner-wrap uagb-columns__columns-1\">\n<div class=\"wp-block-uagb-column uagb-column__wrap uagb-column__background-undefined uagb-block-c5043fcb\"><div class=\"uagb-column__overlay\"><\/div><div class=\"uagb-column__inner-wrap\">\n<h2 class=\"wp-block-heading\"><strong>KEEFER <\/strong>VETTORE DI CLASSE AEREI<\/h2>\n\n\n\n<p>Un vettore Aeon ha alcuni missili anti-aerei simbolici in modo che non sia del tutto indifeso, e ha una quantit\u00e0 sorprendentemente grande di salute che gli consente di prendere diversi colpi da cannoniere o qualsiasi altra cosa e sopravvivere per ottenere uccisioni, ma \u00e8 ancora fondamentalmente allo scopo di trasportare il tuo aereo su una grande mappa. Se hai bisogno di superare i combattenti, potresti anche costruire pi\u00f9 incrociatori, poich\u00e9 i combattenti saranno su tutta la tua portaerei non appena ti individueranno, ma la portaerei pu\u00f2 tornare utile soprattutto dato che \u00e8 probabile che la tua marina militare Aeon superiore faccia il mare gi\u00e0 sicuro per il vettore. In quanto fabbrica aerea galleggiante, il vettore pu\u00f2 essere utile anche se non hai gi\u00e0 un&#039;orda di aerei.<\/p>\n\n\n\n<div class=\"wp-block-image\"><figure class=\"aligncenter size-large\"><a href=\"https:\/\/supcom.standardof.net\/it\/supreme-commander\/eone\/tech-3-eon-naval-units\/keefer-class-aircraft-carrier-supreme-commander-aeon-tech-3-naval-units\/\"><img decoding=\"async\" width=\"800\" height=\"628\" src=\"https:\/\/supcom.standardof.net\/wp-content\/uploads\/sites\/8\/2020\/11\/KEEFER-CLASS-AIRCRAFT-CARRIER-Supreme-Commander-Aeon-Tech-3-Naval-Units-800x628.jpg\" alt=\"La portaerei di classe Keefer, unit\u00e0 navale Aeon Tech 3 in Supreme Commander.\" class=\"wp-image-1034\" srcset=\"https:\/\/supcom.standardof.net\/wp-content\/uploads\/sites\/8\/2020\/11\/KEEFER-CLASS-AIRCRAFT-CARRIER-Supreme-Commander-Aeon-Tech-3-Naval-Units-800x628.jpg 800w, https:\/\/supcom.standardof.net\/wp-content\/uploads\/sites\/8\/2020\/11\/KEEFER-CLASS-AIRCRAFT-CARRIER-Supreme-Commander-Aeon-Tech-3-Naval-Units-512x402.jpg 512w, https:\/\/supcom.standardof.net\/wp-content\/uploads\/sites\/8\/2020\/11\/KEEFER-CLASS-AIRCRAFT-CARRIER-Supreme-Commander-Aeon-Tech-3-Naval-Units-200x157.jpg 200w, https:\/\/supcom.standardof.net\/wp-content\/uploads\/sites\/8\/2020\/11\/KEEFER-CLASS-AIRCRAFT-CARRIER-Supreme-Commander-Aeon-Tech-3-Naval-Units-768x602.jpg 768w, https:\/\/supcom.standardof.net\/wp-content\/uploads\/sites\/8\/2020\/11\/KEEFER-CLASS-AIRCRAFT-CARRIER-Supreme-Commander-Aeon-Tech-3-Naval-Units-16x12.jpg 16w, https:\/\/supcom.standardof.net\/wp-content\/uploads\/sites\/8\/2020\/11\/KEEFER-CLASS-AIRCRAFT-CARRIER-Supreme-Commander-Aeon-Tech-3-Naval-Units.jpg 1461w\" sizes=\"(max-width: 800px) 100vw, 800px\" \/><\/a><figcaption>PORTA AEREO DI CLASSE KEEFER<\/figcaption><\/figure><\/div>\n\n\n\n<section class=\"wp-block-uagb-columns uagb-columns__wrap uagb-columns__background-undefined uagb-columns__stack-mobile uagb-columns__valign-undefined uagb-columns__gap-10 alignundefined uagb-block-7ea4ccfb\"><div class=\"uagb-columns__overlay\"><\/div><div class=\"uagb-columns__inner-wrap uagb-columns__columns-2\">\n<div class=\"wp-block-uagb-column uagb-column__wrap uagb-column__background-undefined uagb-block-4128d43e\"><div class=\"uagb-column__overlay\"><\/div><div class=\"uagb-column__inner-wrap\">\n<h3 class=\"wp-block-heading\">Statistiche Keefer<\/h3>\n\n\n\n<p>Armatura: 22000 CV<br>Abilit\u00e0: Air Staging, Construction<br>Costo: M4000, E40000, T8000, velocit\u00e0 di costruzione: 20<br>Intel:<br>- vista: 60 (1,17 km),<br>- radar: 150 (2,93 km),<br>- sonar: 20 (391 m),<br>- vista acqua: 36 (703m)<br>Fisica:<br>- velocit\u00e0 massima: 3,4 (66,4 m \/ s)<br>- velocit\u00e0 di virata: 10<br>Classe di trasporto: 10<br>Veterano: 50, 100, 250, 500, 1000 uccisioni<br>- livello veterano 2: +5500 hp,<br>- livello veterano 4: +5500 hp,<br>- livello veterano 5: ripara 3 hp \/ s<\/p>\n<\/div><\/div>\n\n\n\n<div class=\"wp-block-uagb-column uagb-column__wrap uagb-column__background-undefined uagb-block-f3742e17\"><div class=\"uagb-column__overlay\"><\/div><div class=\"uagb-column__inner-wrap\">\n<h3 class=\"wp-block-heading\">Keefer Weapons<\/h3>\n\n\n\n<p>2x Zealot AA Missile (Anti Air):<br>30,00 dps,<br>area: 1 (19,5 m),<br>portata: 75 (1,46 km)<br>arma a proiettile: 30 danni<br>velocit\u00e0 di fuoco: 1 (ogni 1 s)<br>livello veterano 1: +8 danni<br>livello veterano 3: +8 danni<\/p>\n<\/div><\/div>\n<\/div><\/section>\n<\/div><\/div>\n<\/div><\/section>\n\n\n\n<section class=\"wp-block-uagb-columns uagb-columns__wrap uagb-columns__background-undefined uagb-columns__stack-mobile uagb-columns__valign-undefined uagb-columns__gap-10 alignundefined uagb-block-5d7f1638\"><div class=\"uagb-columns__overlay\"><\/div><div class=\"uagb-columns__inner-wrap uagb-columns__columns-1\">\n<div class=\"wp-block-uagb-column uagb-column__wrap uagb-column__background-undefined uagb-block-982ca28a\"><div class=\"uagb-column__overlay\"><\/div><div class=\"uagb-column__inner-wrap\">\n<h2 class=\"wp-block-heading\"><strong>SILENZIATORE <\/strong>- MISSILE STRATEGICO SOTTOMARINO<\/h2>\n\n\n\n<p>Solo perch\u00e9 la tua arma nucleare arriva su un sottomarino non significa che sia meno doloroso da costruire. Ricorda di non costruirlo nella tua unica fabbrica navale, poich\u00e9 presto verrai sopraffatto. Il missile tattico non \u00e8 davvero in grado di uccidere altre unit\u00e0 marittime, poich\u00e9 le loro difese missilistiche tattiche lo abbatteranno, ma funziona meravigliosamente come un modo per uccidere le unit\u00e0 di terra mentre costruisci la tua soluzione una volta che le loro difese anti-navali sono sparite.<\/p>\n\n\n\n<div class=\"wp-block-image\"><figure class=\"aligncenter size-large\"><a href=\"https:\/\/supcom.standardof.net\/it\/supreme-commander\/eone\/tech-3-eon-naval-units\/silencer-strategic-missile-submarine-supreme-commander-aeon-tech-3-naval-units\/\"><img decoding=\"async\" width=\"800\" height=\"540\" src=\"https:\/\/supcom.standardof.net\/wp-content\/uploads\/sites\/8\/2020\/11\/SILENCER-STRATEGIC-MISSILE-SUBMARINE-Supreme-Commander-Aeon-Tech-3-Naval-Units-800x540.jpg\" alt=\"Il sottomarino missilistico strategico Silencer, unit\u00e0 navale Aeon Tech 3 in Supreme Commander.\" class=\"wp-image-1037\" srcset=\"https:\/\/supcom.standardof.net\/wp-content\/uploads\/sites\/8\/2020\/11\/SILENCER-STRATEGIC-MISSILE-SUBMARINE-Supreme-Commander-Aeon-Tech-3-Naval-Units-800x540.jpg 800w, https:\/\/supcom.standardof.net\/wp-content\/uploads\/sites\/8\/2020\/11\/SILENCER-STRATEGIC-MISSILE-SUBMARINE-Supreme-Commander-Aeon-Tech-3-Naval-Units-512x346.jpg 512w, https:\/\/supcom.standardof.net\/wp-content\/uploads\/sites\/8\/2020\/11\/SILENCER-STRATEGIC-MISSILE-SUBMARINE-Supreme-Commander-Aeon-Tech-3-Naval-Units-200x135.jpg 200w, https:\/\/supcom.standardof.net\/wp-content\/uploads\/sites\/8\/2020\/11\/SILENCER-STRATEGIC-MISSILE-SUBMARINE-Supreme-Commander-Aeon-Tech-3-Naval-Units-768x518.jpg 768w, https:\/\/supcom.standardof.net\/wp-content\/uploads\/sites\/8\/2020\/11\/SILENCER-STRATEGIC-MISSILE-SUBMARINE-Supreme-Commander-Aeon-Tech-3-Naval-Units-16x12.jpg 16w, https:\/\/supcom.standardof.net\/wp-content\/uploads\/sites\/8\/2020\/11\/SILENCER-STRATEGIC-MISSILE-SUBMARINE-Supreme-Commander-Aeon-Tech-3-Naval-Units.jpg 969w\" sizes=\"(max-width: 800px) 100vw, 800px\" \/><\/a><figcaption>SILENZIATORE - MISSILE STRATEGICO SUBMARINE<\/figcaption><\/figure><\/div>\n\n\n\n<section class=\"wp-block-uagb-columns uagb-columns__wrap uagb-columns__background-undefined uagb-columns__stack-mobile uagb-columns__valign-undefined uagb-columns__gap-10 alignundefined uagb-block-9894fe5d\"><div class=\"uagb-columns__overlay\"><\/div><div class=\"uagb-columns__inner-wrap uagb-columns__columns-2\">\n<div class=\"wp-block-uagb-column uagb-column__wrap uagb-column__background-undefined uagb-block-be285313\"><div class=\"uagb-column__overlay\"><\/div><div class=\"uagb-column__inner-wrap\">\n<h3 class=\"wp-block-heading\">Statistiche silenziatore<\/h3>\n\n\n\n<p>Armatura: 3000 CV<br>Abilit\u00e0: sommergibile, costruzione manuale, avvio manuale<br>Costo: M10000, E60000, T15000<br>Intel:<br>- vista: 16 (313 m),<br>- sonar: 90 (1,76 km),<br>- vista acqua: 24 (469m)<br>Fisica:<br>- velocit\u00e0 massima: 2,55 (49,8 m \/ s),<br>- velocit\u00e0 di virata: 25<br>Veterano: 50, 100, 250, 500, 1000 uccisioni<br>- livello veterano 2: +750 hp,<br>- livello veterano 4: +750 hp,<br>- livello veterano 5: ripara 3 hp \/ s<\/p>\n<\/div><\/div>\n\n\n\n<div class=\"wp-block-uagb-column uagb-column__wrap uagb-column__background-undefined uagb-block-45794e3c\"><div class=\"uagb-column__overlay\"><\/div><div class=\"uagb-column__inner-wrap\">\n<h3 class=\"wp-block-heading\">Armi silenziatore<\/h3>\n\n\n\n<p>Missile da crociera a lungo raggio (missile):<br>200,00 dps,<br>area: 2 (39,1 m),<br>portata: 128 (2,50 km)<br>arma a proiettile: 2000 danni<br>velocit\u00e0 di fuoco: 0,1 (ogni 10 s)<br>livello veterano 1: +750 danni, livello veterano 3: +750 danni<\/p>\n\n\n\n<p>Testata nucleare (missile):<br>Danno all&#039;anello interno: 35000<br>raggio dell&#039;anello interno: 30 (586 m)<br>danno all&#039;anello esterno: 500<br>raggio dell&#039;anello esterno: 40 (781 m)<br>immagazzina 2 missili<\/p>\n<\/div><\/div>\n<\/div><\/section>\n<\/div><\/div>\n<\/div><\/section>","protected":false},"excerpt":{"rendered":"<p>OMEN CLASS BATTLESHIP The Aeon Battleship is the ultimate extension of a single-minded purpose: aside from some tactical defenses to stop UEF cruisers and shoreline missiles, it relies solely on a trio of what are essentially T2 artillery pieces, plus armor that will take an entire fleet to destroy, at as cheap a price as [&hellip;]<\/p>","protected":false},"author":1,"featured_media":0,"parent":503,"menu_order":0,"comment_status":"open","ping_status":"closed","template":"","meta":{"_uag_custom_page_level_css":"","site-sidebar-layout":"default","site-content-layout":"default","ast-site-content-layout":"","site-content-style":"default","site-sidebar-style":"default","ast-global-header-display":"","ast-banner-title-visibility":"","ast-main-header-display":"","ast-hfb-above-header-display":"","ast-hfb-below-header-display":"","ast-hfb-mobile-header-display":"","site-post-title":"","ast-breadcrumbs-content":"","ast-featured-img":"","footer-sml-layout":"","theme-transparent-header-meta":"default","adv-header-id-meta":"","stick-header-meta":"","header-above-stick-meta":"","header-main-stick-meta":"","header-below-stick-meta":"","astra-migrate-meta-layouts":"default","ast-page-background-enabled":"default","ast-page-background-meta":{"desktop":{"background-color":"","background-image":"","background-repeat":"repeat","background-position":"center center","background-size":"auto","background-attachment":"scroll","background-type":"","background-media":"","overlay-type":"","overlay-color":"","overlay-gradient":""},"tablet":{"background-color":"","background-image":"","background-repeat":"repeat","background-position":"center center","background-size":"auto","background-attachment":"scroll","background-type":"","background-media":"","overlay-type":"","overlay-color":"","overlay-gradient":""},"mobile":{"background-color":"","background-image":"","background-repeat":"repeat","background-position":"center center","background-size":"auto","background-attachment":"scroll","background-type":"","background-media":"","overlay-type":"","overlay-color":"","overlay-gradient":""}},"ast-content-background-meta":{"desktop":{"background-color":"var(--ast-global-color-5)","background-image":"","background-repeat":"repeat","background-position":"center center","background-size":"auto","background-attachment":"scroll","background-type":"","background-media":"","overlay-type":"","overlay-color":"","overlay-gradient":""},"tablet":{"background-color":"var(--ast-global-color-5)","background-image":"","background-repeat":"repeat","background-position":"center center","background-size":"auto","background-attachment":"scroll","background-type":"","background-media":"","overlay-type":"","overlay-color":"","overlay-gradient":""},"mobile":{"background-color":"var(--ast-global-color-5)","background-image":"","background-repeat":"repeat","background-position":"center center","background-size":"auto","background-attachment":"scroll","background-type":"","background-media":"","overlay-type":"","overlay-color":"","overlay-gradient":""}},"footnotes":""},"uagb_featured_image_src":{"full":false,"thumbnail":false,"medium":false,"medium_large":false,"large":false,"1536x1536":false,"2048x2048":false,"trp-custom-language-flag":false},"uagb_author_info":{"display_name":"SOE","author_link":"https:\/\/supcom.standardof.net\/it\/author\/k-tastic\/"},"uagb_comment_info":0,"uagb_excerpt":"OMEN CLASS BATTLESHIP The Aeon Battleship is the ultimate extension of a single-minded purpose: aside from some tactical defenses to stop UEF cruisers and shoreline missiles, it relies solely on a trio of what are essentially T2 artillery pieces, plus armor that will take an entire fleet to destroy, at as cheap a price as&hellip;","_links":{"self":[{"href":"https:\/\/supcom.standardof.net\/it\/wp-json\/wp\/v2\/pages\/773"}],"collection":[{"href":"https:\/\/supcom.standardof.net\/it\/wp-json\/wp\/v2\/pages"}],"about":[{"href":"https:\/\/supcom.standardof.net\/it\/wp-json\/wp\/v2\/types\/page"}],"author":[{"embeddable":true,"href":"https:\/\/supcom.standardof.net\/it\/wp-json\/wp\/v2\/users\/1"}],"replies":[{"embeddable":true,"href":"https:\/\/supcom.standardof.net\/it\/wp-json\/wp\/v2\/comments?post=773"}],"version-history":[{"count":0,"href":"https:\/\/supcom.standardof.net\/it\/wp-json\/wp\/v2\/pages\/773\/revisions"}],"up":[{"embeddable":true,"href":"https:\/\/supcom.standardof.net\/it\/wp-json\/wp\/v2\/pages\/503"}],"wp:attachment":[{"href":"https:\/\/supcom.standardof.net\/it\/wp-json\/wp\/v2\/media?parent=773"}],"curies":[{"name":"wp","href":"https:\/\/api.w.org\/{rel}","templated":true}]}}