{"id":775,"date":"2020-11-03T17:46:38","date_gmt":"2020-11-03T22:46:38","guid":{"rendered":"https:\/\/supcom.standardof.net\/?page_id=775"},"modified":"2020-11-04T20:07:18","modified_gmt":"2020-11-05T01:07:18","slug":"tech-2-aeon-naval-units","status":"publish","type":"page","link":"https:\/\/supcom.standardof.net\/it\/supreme-commander\/eone\/tech-2-eon-naval-units\/","title":{"rendered":"Tecnologia 2 - Unit\u00e0 navali eoniche"},"content":{"rendered":"<div class=\"wp-block-uagb-table-of-contents uagb-toc__align-left uagb-toc__columns-1  uagb-block-dd19782d\"\n\t\t\t\t\tdata-scroll= \"1\"\n\t\t\t\t\tdata-offset= \"30\"\n\t\t\t\t\tstyle=\"\"\n\t\t\t\t>\n\t\t\t\t<div class=\"uagb-toc__wrap\">\n\t\t\t\t\t\t<div class=\"uagb-toc__title\">\n\t\t\t\t\t\t\tUnit\u00e0 navali Aeon Tech 2:\t\t\t\t\t\t<\/div>\n\t\t\t\t\t\t\t\t\t\t\t\t\t\t\t\t<div class=\"uagb-toc__list-wrap\">\n\t\t\t\t\t\t<ol class=\"uagb-toc__list\"><li class=\"uagb-toc__list\"><a href=\"#infinity-class-cruiser\" class=\"uagb-toc-link__trigger\">CROCIERA DI CLASSE INFINITY<\/a><li class=\"uagb-toc__list\"><a href=\"#exodus-class-destroyer\" class=\"uagb-toc-link__trigger\">DISTRUTTORE DI CLASSE ESODO<\/a><\/ol>\t\t\t\t\t<\/div>\n\t\t\t\t\t\t\t\t\t<\/div>\n\t\t\t\t<\/div>\n\t\t\t\n\n\n<section class=\"wp-block-uagb-columns uagb-columns__wrap uagb-columns__background-undefined uagb-columns__stack-mobile uagb-columns__valign-undefined uagb-columns__gap-10 alignundefined uagb-block-65cd8ffc\"><div class=\"uagb-columns__overlay\"><\/div><div class=\"uagb-columns__inner-wrap uagb-columns__columns-1\">\n<div class=\"wp-block-uagb-column uagb-column__wrap uagb-column__background-undefined uagb-block-e2f57b18\"><div class=\"uagb-column__overlay\"><\/div><div class=\"uagb-column__inner-wrap\">\n<h2 class=\"wp-block-heading\"><strong>INFINITO <\/strong>CLASS CRUISER<\/h2>\n\n\n\n<p>L&#039;incrociatore Aeon fa tutto ci\u00f2 che un incrociatore dovrebbe fare: spara con un&#039;arma decente dalla stessa distanza dei tuoi cacciatorpediniere, ha capacit\u00e0 anti-aeree pur non essendo totalmente inutile contro qualsiasi cosa con una pistola, e ha anche una piccola quantit\u00e0 di difesa missilistica tattica &quot;per ogni evenienza&quot;. L&#039;armatura non \u00e8 eccezionale, ma la sua pistola dovrebbe essere in grado di tenerla nella parte posteriore a cui appartiene.<\/p>\n\n\n\n<div class=\"wp-block-image\"><figure class=\"aligncenter size-large\"><a href=\"https:\/\/supcom.standardof.net\/it\/supreme-commander\/eone\/tech-2-eon-naval-units\/infinity-class-cruiser-supreme-commander-aeon-tech-2-naval-units\/\"><img decoding=\"async\" width=\"800\" height=\"534\" src=\"https:\/\/supcom.standardof.net\/wp-content\/uploads\/sites\/8\/2020\/11\/INFINITY-CLASS-CRUISER-Supreme-Commander-Aeon-Tech-2-Naval-Units-800x534.jpg\" alt=\"L&#039;Infinity Class Cruiser, unit\u00e0 navale Aeon Tech 2 in Supreme Commander.\" class=\"wp-image-1030\" srcset=\"https:\/\/supcom.standardof.net\/wp-content\/uploads\/sites\/8\/2020\/11\/INFINITY-CLASS-CRUISER-Supreme-Commander-Aeon-Tech-2-Naval-Units-800x534.jpg 800w, https:\/\/supcom.standardof.net\/wp-content\/uploads\/sites\/8\/2020\/11\/INFINITY-CLASS-CRUISER-Supreme-Commander-Aeon-Tech-2-Naval-Units-512x342.jpg 512w, https:\/\/supcom.standardof.net\/wp-content\/uploads\/sites\/8\/2020\/11\/INFINITY-CLASS-CRUISER-Supreme-Commander-Aeon-Tech-2-Naval-Units-200x134.jpg 200w, https:\/\/supcom.standardof.net\/wp-content\/uploads\/sites\/8\/2020\/11\/INFINITY-CLASS-CRUISER-Supreme-Commander-Aeon-Tech-2-Naval-Units-768x513.jpg 768w, https:\/\/supcom.standardof.net\/wp-content\/uploads\/sites\/8\/2020\/11\/INFINITY-CLASS-CRUISER-Supreme-Commander-Aeon-Tech-2-Naval-Units-1536x1026.jpg 1536w, https:\/\/supcom.standardof.net\/wp-content\/uploads\/sites\/8\/2020\/11\/INFINITY-CLASS-CRUISER-Supreme-Commander-Aeon-Tech-2-Naval-Units-16x12.jpg 16w, https:\/\/supcom.standardof.net\/wp-content\/uploads\/sites\/8\/2020\/11\/INFINITY-CLASS-CRUISER-Supreme-Commander-Aeon-Tech-2-Naval-Units.jpg 1752w\" sizes=\"(max-width: 800px) 100vw, 800px\" \/><\/a><figcaption>CROCIERA DI CLASSE INFINITY<\/figcaption><\/figure><\/div>\n\n\n\n<section class=\"wp-block-uagb-columns uagb-columns__wrap uagb-columns__background-undefined uagb-columns__stack-mobile uagb-columns__valign-undefined uagb-columns__gap-10 alignundefined uagb-block-fd047193\"><div class=\"uagb-columns__overlay\"><\/div><div class=\"uagb-columns__inner-wrap uagb-columns__columns-2\">\n<div class=\"wp-block-uagb-column uagb-column__wrap uagb-column__background-undefined uagb-block-161376ac\"><div class=\"uagb-column__overlay\"><\/div><div class=\"uagb-column__inner-wrap\">\n<h3 class=\"wp-block-heading\">Statistiche Infinity<\/h3>\n\n\n\n<p>Armatura: 3250 CV<br>Abilit\u00e0: Difesa missilistica - Tattica<br>Costo: M1800, E18000, T3600<br>Intel:<br>- vista: 60 (1,17 km),<br>- radar: 90 (1,76 km),<br>- sonar: 30 (586 m),<br>- vista acqua: 45 (879m)<br>Fisica:<br>- velocit\u00e0 massima: 4,25 (83,0 m \/ s),<br>- velocit\u00e0 di virata: 20<br>Durata: 30, 60, 150, 300, 600 uccisioni<br>- livello veterano 2: +813 hp<br>- livello veterano 4: +813 hp<br>- livello veterano 5: ripara 3 hp \/ s<\/p>\n<\/div><\/div>\n\n\n\n<div class=\"wp-block-uagb-column uagb-column__wrap uagb-column__background-undefined uagb-block-e36b05cc\"><div class=\"uagb-column__overlay\"><\/div><div class=\"uagb-column__inner-wrap\">\n<h3 class=\"wp-block-heading\">Armi Infinity<\/h3>\n\n\n\n<p>Quantum Cannon (Direct Fire Naval):<br>70,00 dps,<br>area: 1 (19,5 m),<br>portata: 75 (1,46 km)<br>arma a proiettile: 140 danni x 2 proiettili = 280 danni per salva<br>velocit\u00e0 di fuoco: 0,25 (ogni 4 s)<br>livello veterano 1: +35 danni,<br>livello veterano 3: +35 danni<\/p>\n\n\n\n<p>2x Zealot AA Missile (Anti Air):<br>30,00 dps, area: 1 (19,5 m)<br>portata: 75 (1,46 km)<br>arma a proiettile: 30 danni<br>velocit\u00e0 di fuoco: 1 (ogni 1 s)<br>livello veterano 1: +8 danni, livello veterano 3: +8 danni<\/p>\n\n\n\n<p>Will O Wisp Anti Missile (Difesa):<br>13,50 dps,<br>portata: 32 (625 m)<br>arma a proiettile: 30 danni x 3 proiettili = 90 danni per salva<br>velocit\u00e0 di fuoco: 0,3 (ogni 3,33 s)<\/p>\n<\/div><\/div>\n<\/div><\/section>\n<\/div><\/div>\n<\/div><\/section>\n\n\n\n<section class=\"wp-block-uagb-columns uagb-columns__wrap uagb-columns__background-undefined uagb-columns__stack-mobile uagb-columns__valign-undefined uagb-columns__gap-10 alignundefined uagb-block-ad96b16a\"><div class=\"uagb-columns__overlay\"><\/div><div class=\"uagb-columns__inner-wrap uagb-columns__columns-1\">\n<div class=\"wp-block-uagb-column uagb-column__wrap uagb-column__background-undefined uagb-block-9d30422b\"><div class=\"uagb-column__overlay\"><\/div><div class=\"uagb-column__inner-wrap\">\n<h2 class=\"wp-block-heading\"><strong>ESODO <\/strong>DISTRUTTORE DI CLASSE<\/h2>\n\n\n\n<p>Il cacciatorpediniere Aeon \u00e8 spaventoso, con un cannone pesante che pu\u00f2 affondare fregate in un solo colpo e funziona bene anche per i bombardamenti costieri, un buon complemento di siluri come il cacciatorpediniere Cybran se dovesse essere sfidato (pi\u00f9 alcune difese siluro e una carica di profondit\u00e0 con un effetto area), e il vantaggio di non dover ruotare perpendicolarmente al nemico per sparare con il suo unico cannone. Tutto questo in un pacchetto pi\u00f9 economico e meglio corazzato dei suoi concorrenti: l&#039;unica cosa che manca sono le gambe!<\/p>\n\n\n\n<div class=\"wp-block-image\"><figure class=\"aligncenter size-large\"><a href=\"https:\/\/supcom.standardof.net\/it\/supreme-commander\/eone\/tech-2-eon-naval-units\/exodus-class-destroyer-supreme-commander-aeon-tech-2-naval-units\/\"><img decoding=\"async\" width=\"800\" height=\"466\" src=\"https:\/\/supcom.standardof.net\/wp-content\/uploads\/sites\/8\/2020\/11\/EXODUS-CLASS-DESTROYER-Supreme-Commander-Aeon-Tech-2-Naval-Units-800x466.jpg\" alt=\"Il cacciatorpediniere classe Exodus, unit\u00e0 navale Aeon Tech 2 in Supreme Commander.\" class=\"wp-image-1031\" srcset=\"https:\/\/supcom.standardof.net\/wp-content\/uploads\/sites\/8\/2020\/11\/EXODUS-CLASS-DESTROYER-Supreme-Commander-Aeon-Tech-2-Naval-Units-800x466.jpg 800w, https:\/\/supcom.standardof.net\/wp-content\/uploads\/sites\/8\/2020\/11\/EXODUS-CLASS-DESTROYER-Supreme-Commander-Aeon-Tech-2-Naval-Units-512x299.jpg 512w, https:\/\/supcom.standardof.net\/wp-content\/uploads\/sites\/8\/2020\/11\/EXODUS-CLASS-DESTROYER-Supreme-Commander-Aeon-Tech-2-Naval-Units-200x117.jpg 200w, https:\/\/supcom.standardof.net\/wp-content\/uploads\/sites\/8\/2020\/11\/EXODUS-CLASS-DESTROYER-Supreme-Commander-Aeon-Tech-2-Naval-Units-768x448.jpg 768w, https:\/\/supcom.standardof.net\/wp-content\/uploads\/sites\/8\/2020\/11\/EXODUS-CLASS-DESTROYER-Supreme-Commander-Aeon-Tech-2-Naval-Units-1536x896.jpg 1536w, https:\/\/supcom.standardof.net\/wp-content\/uploads\/sites\/8\/2020\/11\/EXODUS-CLASS-DESTROYER-Supreme-Commander-Aeon-Tech-2-Naval-Units-16x9.jpg 16w, https:\/\/supcom.standardof.net\/wp-content\/uploads\/sites\/8\/2020\/11\/EXODUS-CLASS-DESTROYER-Supreme-Commander-Aeon-Tech-2-Naval-Units.jpg 1734w\" sizes=\"(max-width: 800px) 100vw, 800px\" \/><\/a><figcaption>DISTRUTTORE DI CLASSE ESODO<\/figcaption><\/figure><\/div>\n\n\n\n<section class=\"wp-block-uagb-columns uagb-columns__wrap uagb-columns__background-undefined uagb-columns__stack-mobile uagb-columns__valign-undefined uagb-columns__gap-10 alignundefined uagb-block-c96e171d\"><div class=\"uagb-columns__overlay\"><\/div><div class=\"uagb-columns__inner-wrap uagb-columns__columns-2\">\n<div class=\"wp-block-uagb-column uagb-column__wrap uagb-column__background-undefined uagb-block-6eead421\"><div class=\"uagb-column__overlay\"><\/div><div class=\"uagb-column__inner-wrap\">\n<h3 class=\"wp-block-heading\">Statistiche Exodus<\/h3>\n\n\n\n<p>Armatura: 7500 CV<br>Abilit\u00e0: difesa dai siluri, carica di profondit\u00e0<br>Costo: M2160, E14400, T4800<br>Intel: vista: 55 (1,07 km)<br>- radar: 60 (1,17 km)<br>- sonar: 60 (1,17 km)<br>- vista acqua: 42 (820m)<br>Fisica: velocit\u00e0 massima: 6 (117 m \/ s), velocit\u00e0 di virata: 25<br>Durata: 30, 60, 150, 300, 600 uccisioni<br>- livello veterano 2: +1875 hp,<br>- livello veterano 4: +1875 hp,<br>- livello veterano 5: ripara 3 hp \/ s<\/p>\n<\/div><\/div>\n\n\n\n<div class=\"wp-block-uagb-column uagb-column__wrap uagb-column__background-undefined uagb-block-78fca34b\"><div class=\"uagb-column__overlay\"><\/div><div class=\"uagb-column__inner-wrap\">\n<h3 class=\"wp-block-heading\">Armi Exodus<\/h3>\n\n\n\n<p>Oblivion Cannon (Direct Fire Naval):<br>205,00 dps,<br>area: 2 (39,1 m),<br>portata: 80 (1,56 km)<br>arma a proiettile: 1025 danni<br>velocit\u00e0 di fuoco: 0,2 (ogni 5 s)<br>livello veterano 1: +256 danni, livello veterano 3: +256 danni<\/p>\n\n\n\n<p>Carica armonica di profondit\u00e0 (Anti Navy):<br>15,00 dps,<br>area: 1,5 (29,3 m),<br>portata: 32 (625 m)<br>arma a proiettile: 150 danni<br>velocit\u00e0 di fuoco: 0,1 (ogni 10 s), casualit\u00e0 di sparo: 1<br>livello veterano 1: +38 danni, livello veterano 3: +38 danni<\/p>\n\n\n\n<p>2x Chrono Torpedo Launcher (Anti Navy):<br>37,50 dps,<br>portata: 32 (625 m)<br>arma a proiettile: 150 danni<br>velocit\u00e0 di fuoco: 0,25 (ogni 4 s), casualit\u00e0 di sparo: 1<br>livello veterano 1: +38 danni, livello veterano 3: +38 danni<\/p>\n\n\n\n<p>2x Anti Torpedo (Difesa):<br>0,33 dps,<br>portata: 32 (625 m)<br>arma a proiettile: 3 danni<br>velocit\u00e0 di fuoco: 0,11 (ogni 9,09 s)<\/p>\n<\/div><\/div>\n<\/div><\/section>\n<\/div><\/div>\n<\/div><\/section>","protected":false},"excerpt":{"rendered":"<p>INFINITY CLASS CRUISER The Aeon cruiser does everything a cruiser is supposed to do: it fires a decent gun from the same range as your destroyers, it has anti-air capabilities while not being totally useless against anything with a gun, and it even has a small amount of tactical missile defense &#8220;just in case&#8221;. The [&hellip;]<\/p>","protected":false},"author":1,"featured_media":0,"parent":503,"menu_order":0,"comment_status":"open","ping_status":"closed","template":"","meta":{"_uag_custom_page_level_css":"","site-sidebar-layout":"default","site-content-layout":"default","ast-site-content-layout":"","site-content-style":"default","site-sidebar-style":"default","ast-global-header-display":"","ast-banner-title-visibility":"","ast-main-header-display":"","ast-hfb-above-header-display":"","ast-hfb-below-header-display":"","ast-hfb-mobile-header-display":"","site-post-title":"","ast-breadcrumbs-content":"","ast-featured-img":"","footer-sml-layout":"","theme-transparent-header-meta":"default","adv-header-id-meta":"","stick-header-meta":"","header-above-stick-meta":"","header-main-stick-meta":"","header-below-stick-meta":"","astra-migrate-meta-layouts":"default","ast-page-background-enabled":"default","ast-page-background-meta":{"desktop":{"background-color":"","background-image":"","background-repeat":"repeat","background-position":"center center","background-size":"auto","background-attachment":"scroll","background-type":"","background-media":"","overlay-type":"","overlay-color":"","overlay-gradient":""},"tablet":{"background-color":"","background-image":"","background-repeat":"repeat","background-position":"center center","background-size":"auto","background-attachment":"scroll","background-type":"","background-media":"","overlay-type":"","overlay-color":"","overlay-gradient":""},"mobile":{"background-color":"","background-image":"","background-repeat":"repeat","background-position":"center center","background-size":"auto","background-attachment":"scroll","background-type":"","background-media":"","overlay-type":"","overlay-color":"","overlay-gradient":""}},"ast-content-background-meta":{"desktop":{"background-color":"var(--ast-global-color-5)","background-image":"","background-repeat":"repeat","background-position":"center center","background-size":"auto","background-attachment":"scroll","background-type":"","background-media":"","overlay-type":"","overlay-color":"","overlay-gradient":""},"tablet":{"background-color":"var(--ast-global-color-5)","background-image":"","background-repeat":"repeat","background-position":"center center","background-size":"auto","background-attachment":"scroll","background-type":"","background-media":"","overlay-type":"","overlay-color":"","overlay-gradient":""},"mobile":{"background-color":"var(--ast-global-color-5)","background-image":"","background-repeat":"repeat","background-position":"center center","background-size":"auto","background-attachment":"scroll","background-type":"","background-media":"","overlay-type":"","overlay-color":"","overlay-gradient":""}},"footnotes":""},"uagb_featured_image_src":{"full":false,"thumbnail":false,"medium":false,"medium_large":false,"large":false,"1536x1536":false,"2048x2048":false,"trp-custom-language-flag":false},"uagb_author_info":{"display_name":"SOE","author_link":"https:\/\/supcom.standardof.net\/it\/author\/k-tastic\/"},"uagb_comment_info":0,"uagb_excerpt":"INFINITY CLASS CRUISER The Aeon cruiser does everything a cruiser is supposed to do: it fires a decent gun from the same range as your destroyers, it has anti-air capabilities while not being totally useless against anything with a gun, and it even has a small amount of tactical missile defense &#8220;just in case&#8221;. The&hellip;","_links":{"self":[{"href":"https:\/\/supcom.standardof.net\/it\/wp-json\/wp\/v2\/pages\/775"}],"collection":[{"href":"https:\/\/supcom.standardof.net\/it\/wp-json\/wp\/v2\/pages"}],"about":[{"href":"https:\/\/supcom.standardof.net\/it\/wp-json\/wp\/v2\/types\/page"}],"author":[{"embeddable":true,"href":"https:\/\/supcom.standardof.net\/it\/wp-json\/wp\/v2\/users\/1"}],"replies":[{"embeddable":true,"href":"https:\/\/supcom.standardof.net\/it\/wp-json\/wp\/v2\/comments?post=775"}],"version-history":[{"count":0,"href":"https:\/\/supcom.standardof.net\/it\/wp-json\/wp\/v2\/pages\/775\/revisions"}],"up":[{"embeddable":true,"href":"https:\/\/supcom.standardof.net\/it\/wp-json\/wp\/v2\/pages\/503"}],"wp:attachment":[{"href":"https:\/\/supcom.standardof.net\/it\/wp-json\/wp\/v2\/media?parent=775"}],"curies":[{"name":"wp","href":"https:\/\/api.w.org\/{rel}","templated":true}]}}