{"id":777,"date":"2020-11-03T17:52:28","date_gmt":"2020-11-03T22:52:28","guid":{"rendered":"https:\/\/supcom.standardof.net\/?page_id=777"},"modified":"2020-11-04T20:04:44","modified_gmt":"2020-11-05T01:04:44","slug":"tech-1-aeon-naval-units","status":"publish","type":"page","link":"https:\/\/supcom.standardof.net\/it\/supreme-commander\/eone\/tech-1-eon-naval-units\/","title":{"rendered":"Tecnologia 1 - Unit\u00e0 navali eoniche"},"content":{"rendered":"<div class=\"wp-block-uagb-table-of-contents uagb-toc__align-left uagb-toc__columns-1  uagb-block-a9844605\"\n\t\t\t\t\tdata-scroll= \"1\"\n\t\t\t\t\tdata-offset= \"30\"\n\t\t\t\t\tstyle=\"\"\n\t\t\t\t>\n\t\t\t\t<div class=\"uagb-toc__wrap\">\n\t\t\t\t\t\t<div class=\"uagb-toc__title\">\n\t\t\t\t\t\t\tUnit\u00e0 navali Aeon Tech 1:\t\t\t\t\t\t<\/div>\n\t\t\t\t\t\t\t\t\t\t\t\t\t\t\t\t<div class=\"uagb-toc__list-wrap\">\n\t\t\t\t\t\t<ol class=\"uagb-toc__list\"><li class=\"uagb-toc__list\"><a href=\"#shard-attack-boat\" class=\"uagb-toc-link__trigger\">SHARD - BARCA D&#039;ATTACCO<\/a><li class=\"uagb-toc__list\"><a href=\"#sylph-attack-submarine\" class=\"uagb-toc-link__trigger\">SYLPH - ATTACCO SOTTOMARINO<\/a><li class=\"uagb-toc__list\"><a href=\"#beacon-class-frigate\" class=\"uagb-toc-link__trigger\">FREGATA DI CLASSE BEACON<\/a><\/ol>\t\t\t\t\t<\/div>\n\t\t\t\t\t\t\t\t\t<\/div>\n\t\t\t\t<\/div>\n\t\t\t\n\n\n<section class=\"wp-block-uagb-columns uagb-columns__wrap uagb-columns__background-undefined uagb-columns__stack-mobile uagb-columns__valign-undefined uagb-columns__gap-10 alignundefined uagb-block-a69db314\"><div class=\"uagb-columns__overlay\"><\/div><div class=\"uagb-columns__inner-wrap uagb-columns__columns-1\">\n<div class=\"wp-block-uagb-column uagb-column__wrap uagb-column__background-undefined uagb-block-67f32a2a\"><div class=\"uagb-column__overlay\"><\/div><div class=\"uagb-column__inner-wrap\">\n<h2 class=\"wp-block-heading\"><strong>COCCIO <\/strong>- ATTACCO BARCA<\/h2>\n\n\n\n<p>L&#039;unit\u00e0 unica di Aeon, l&#039;Attack Boat, \u00e8 decisamente sottovalutata. Sono economici, non ti servono a meno che il tuo avversario non abbia unit\u00e0 aeree, possono prendere abbastanza bene i siluri destinati alle altre navi e sono anche buoni esploratori. Aspetta a costruirli finch\u00e9 non sai che ne avrai bisogno: i tuoi intercettori dovrebbero essere in grado di tenere a bada i bombardieri nemici fino a quando non sarai in grado di aumentare la tecnologia e pompare le barche d&#039;attacco per respingere le cannoniere.<\/p>\n\n\n\n<div class=\"wp-block-image\"><figure class=\"aligncenter size-large\"><a href=\"https:\/\/supcom.standardof.net\/it\/supreme-commander\/eone\/tech-1-eon-naval-units\/shard-attack-boat-supreme-commander-aeon-tech-1-naval-units\/\"><img decoding=\"async\" width=\"789\" height=\"555\" src=\"https:\/\/supcom.standardof.net\/wp-content\/uploads\/sites\/8\/2020\/11\/SHARD-ATTACK-BOAT-Supreme-Commander-Aeon-Tech-1-Naval-Units.jpg\" alt=\"The Shard Attack Boat, Aeon Tech 1 Naval Unit in Supreme Commander.\" class=\"wp-image-1027\" srcset=\"https:\/\/supcom.standardof.net\/wp-content\/uploads\/sites\/8\/2020\/11\/SHARD-ATTACK-BOAT-Supreme-Commander-Aeon-Tech-1-Naval-Units.jpg 789w, https:\/\/supcom.standardof.net\/wp-content\/uploads\/sites\/8\/2020\/11\/SHARD-ATTACK-BOAT-Supreme-Commander-Aeon-Tech-1-Naval-Units-512x360.jpg 512w, https:\/\/supcom.standardof.net\/wp-content\/uploads\/sites\/8\/2020\/11\/SHARD-ATTACK-BOAT-Supreme-Commander-Aeon-Tech-1-Naval-Units-200x141.jpg 200w, https:\/\/supcom.standardof.net\/wp-content\/uploads\/sites\/8\/2020\/11\/SHARD-ATTACK-BOAT-Supreme-Commander-Aeon-Tech-1-Naval-Units-768x540.jpg 768w, https:\/\/supcom.standardof.net\/wp-content\/uploads\/sites\/8\/2020\/11\/SHARD-ATTACK-BOAT-Supreme-Commander-Aeon-Tech-1-Naval-Units-16x12.jpg 16w\" sizes=\"(max-width: 789px) 100vw, 789px\" \/><\/a><figcaption>SHARD - BARCA D&#039;ATTACCO<\/figcaption><\/figure><\/div>\n\n\n\n<section class=\"wp-block-uagb-columns uagb-columns__wrap uagb-columns__background-undefined uagb-columns__stack-mobile uagb-columns__valign-undefined uagb-columns__gap-10 alignundefined uagb-block-41127ed9\"><div class=\"uagb-columns__overlay\"><\/div><div class=\"uagb-columns__inner-wrap uagb-columns__columns-2\">\n<div class=\"wp-block-uagb-column uagb-column__wrap uagb-column__background-undefined uagb-block-f242b981\"><div class=\"uagb-column__overlay\"><\/div><div class=\"uagb-column__inner-wrap\">\n<h3 class=\"wp-block-heading\">Statistiche Shard<\/h3>\n\n\n\n<p>Armatura: 750 CV<br>Abilit\u00e0: anti-aria<br>Costo: M120, E1200, T400<br>Intel: vista: 32 (625 m)<br>Fisica:<br>- velocit\u00e0 massima: 6,8 (133 m \/ s),<br>- velocit\u00e0 di virata: 50<br>Veterano: 5, 10, 25, 50, 100 uccisioni<br>- livello veterano 2: +188 hp<br>- livello veterano 4: +188 hp<br>- livello veterano 5: ripara 3 hp \/ s<\/p>\n<\/div><\/div>\n\n\n\n<div class=\"wp-block-uagb-column uagb-column__wrap uagb-column__background-undefined uagb-block-486885b6\"><div class=\"uagb-column__overlay\"><\/div><div class=\"uagb-column__inner-wrap\">\n<h3 class=\"wp-block-heading\">Shard Weapons<\/h3>\n\n\n\n<p>Batteria Sonic Pulse (Anti Air):<br>18.00 dps<br>portata: 48 (938 m)<br>arma a proiettile: 9 danni<br>velocit\u00e0 di fuoco: 2 (ogni 0,5 s)<br>livello veterano 1: +2 danni<br>livello veterano 3: +2 danni<\/p>\n<\/div><\/div>\n<\/div><\/section>\n<\/div><\/div>\n<\/div><\/section>\n\n\n\n<section class=\"wp-block-uagb-columns uagb-columns__wrap uagb-columns__background-undefined uagb-columns__stack-mobile uagb-columns__valign-undefined uagb-columns__gap-10 alignundefined uagb-block-40ab6f9b\"><div class=\"uagb-columns__overlay\"><\/div><div class=\"uagb-columns__inner-wrap uagb-columns__columns-1\">\n<div class=\"wp-block-uagb-column uagb-column__wrap uagb-column__background-undefined uagb-block-165261ab\"><div class=\"uagb-column__overlay\"><\/div><div class=\"uagb-column__inner-wrap\">\n<h2 class=\"wp-block-heading\"><strong>SYLPH <\/strong>- ATTACCO SOTTOMARINO<\/h2>\n\n\n\n<p>Il sottomarino Aeon \u00e8 vizioso. I suoi siluri fanno un buon danno, \u00e8 pi\u00f9 economico dei sottomarini delle altre fazioni e ha una piccola portata del sonar per l&#039;avvio. Certo, non pu\u00f2 attaccare nulla in superficie, ma non \u00e8 per questo che li hai costruiti. Sii felice che la tua efficienza ti abbia dato capacit\u00e0 anti-navali superiori.<\/p>\n\n\n\n<figure class=\"wp-block-gallery aligncenter columns-2 is-cropped wp-block-gallery-1 is-layout-flex wp-block-gallery-is-layout-flex\"><ul class=\"blocks-gallery-grid\"><li class=\"blocks-gallery-item\"><figure><a href=\"https:\/\/supcom.standardof.net\/it\/supreme-commander\/eone\/tech-1-eon-naval-units\/sylph-attack-submarine-supreme-commander-aeon-tech-1-naval-units\/\"><img decoding=\"async\" width=\"800\" height=\"490\" src=\"https:\/\/supcom.standardof.net\/wp-content\/uploads\/sites\/8\/2020\/11\/SYLPH-ATTACK-SUBMARINE-Supreme-Commander-Aeon-Tech-1-Naval-Units-800x490.jpg\" alt=\"Il sottomarino d&#039;attacco silfide, unit\u00e0 navale Aeon Tech 1 in Supreme Commander.\" data-id=\"1025\" data-full-url=\"https:\/\/supcom.standardof.net\/wp-content\/uploads\/sites\/8\/2020\/11\/SYLPH-ATTACK-SUBMARINE-Supreme-Commander-Aeon-Tech-1-Naval-Units.jpg\" data-link=\"https:\/\/supcom.standardof.net\/supreme-commander\/aeon\/tech-1-aeon-naval-units\/sylph-attack-submarine-supreme-commander-aeon-tech-1-naval-units\/\" class=\"wp-image-1025\" srcset=\"https:\/\/supcom.standardof.net\/wp-content\/uploads\/sites\/8\/2020\/11\/SYLPH-ATTACK-SUBMARINE-Supreme-Commander-Aeon-Tech-1-Naval-Units-800x490.jpg 800w, https:\/\/supcom.standardof.net\/wp-content\/uploads\/sites\/8\/2020\/11\/SYLPH-ATTACK-SUBMARINE-Supreme-Commander-Aeon-Tech-1-Naval-Units-512x314.jpg 512w, https:\/\/supcom.standardof.net\/wp-content\/uploads\/sites\/8\/2020\/11\/SYLPH-ATTACK-SUBMARINE-Supreme-Commander-Aeon-Tech-1-Naval-Units-200x123.jpg 200w, https:\/\/supcom.standardof.net\/wp-content\/uploads\/sites\/8\/2020\/11\/SYLPH-ATTACK-SUBMARINE-Supreme-Commander-Aeon-Tech-1-Naval-Units-768x471.jpg 768w, https:\/\/supcom.standardof.net\/wp-content\/uploads\/sites\/8\/2020\/11\/SYLPH-ATTACK-SUBMARINE-Supreme-Commander-Aeon-Tech-1-Naval-Units-16x10.jpg 16w, https:\/\/supcom.standardof.net\/wp-content\/uploads\/sites\/8\/2020\/11\/SYLPH-ATTACK-SUBMARINE-Supreme-Commander-Aeon-Tech-1-Naval-Units.jpg 891w\" sizes=\"(max-width: 800px) 100vw, 800px\" \/><\/a><figcaption class=\"blocks-gallery-item__caption\">SYLPH - ATTACCO SOTTOMARINO<\/figcaption><\/figure><\/li><li class=\"blocks-gallery-item\"><figure><a href=\"https:\/\/supcom.standardof.net\/it\/supreme-commander\/eone\/tech-1-eon-naval-units\/sylph-attack-submarine-submerged-supreme-commander-aeon-tech-1-naval-units\/\"><img decoding=\"async\" width=\"741\" height=\"486\" src=\"https:\/\/supcom.standardof.net\/wp-content\/uploads\/sites\/8\/2020\/11\/SYLPH-ATTACK-SUBMARINE-Submerged-Supreme-Commander-Aeon-Tech-1-Naval-Units.jpg\" alt=\"Il sottomarino d&#039;attacco silfide (sommerso), unit\u00e0 navale Aeon Tech 1 in Supreme Commander.\" data-id=\"1028\" data-full-url=\"https:\/\/supcom.standardof.net\/wp-content\/uploads\/sites\/8\/2020\/11\/SYLPH-ATTACK-SUBMARINE-Submerged-Supreme-Commander-Aeon-Tech-1-Naval-Units.jpg\" data-link=\"https:\/\/supcom.standardof.net\/supreme-commander\/aeon\/tech-1-aeon-naval-units\/sylph-attack-submarine-submerged-supreme-commander-aeon-tech-1-naval-units\/\" class=\"wp-image-1028\" srcset=\"https:\/\/supcom.standardof.net\/wp-content\/uploads\/sites\/8\/2020\/11\/SYLPH-ATTACK-SUBMARINE-Submerged-Supreme-Commander-Aeon-Tech-1-Naval-Units.jpg 741w, https:\/\/supcom.standardof.net\/wp-content\/uploads\/sites\/8\/2020\/11\/SYLPH-ATTACK-SUBMARINE-Submerged-Supreme-Commander-Aeon-Tech-1-Naval-Units-512x336.jpg 512w, https:\/\/supcom.standardof.net\/wp-content\/uploads\/sites\/8\/2020\/11\/SYLPH-ATTACK-SUBMARINE-Submerged-Supreme-Commander-Aeon-Tech-1-Naval-Units-200x131.jpg 200w, https:\/\/supcom.standardof.net\/wp-content\/uploads\/sites\/8\/2020\/11\/SYLPH-ATTACK-SUBMARINE-Submerged-Supreme-Commander-Aeon-Tech-1-Naval-Units-16x10.jpg 16w\" sizes=\"(max-width: 741px) 100vw, 741px\" \/><\/a><figcaption class=\"blocks-gallery-item__caption\">SYLPH - ATTACK SUBMARINE (Sommerso)<\/figcaption><\/figure><\/li><\/ul><\/figure>\n\n\n\n<section class=\"wp-block-uagb-columns uagb-columns__wrap uagb-columns__background-undefined uagb-columns__stack-mobile uagb-columns__valign-undefined uagb-columns__gap-10 alignundefined uagb-block-f8bc72fe\"><div class=\"uagb-columns__overlay\"><\/div><div class=\"uagb-columns__inner-wrap uagb-columns__columns-2\">\n<div class=\"wp-block-uagb-column uagb-column__wrap uagb-column__background-undefined uagb-block-4f3a1856\"><div class=\"uagb-column__overlay\"><\/div><div class=\"uagb-column__inner-wrap\">\n<h3 class=\"wp-block-heading\">Statistiche Slyph<\/h3>\n\n\n\n<p>Armatura: 1000 CV<br>Abilit\u00e0: sommergibile<br>Costo: M560, E2500, T1000<br>Intel:<br>- vista: 32 (625m)<br>- sonar: 60 (1,17 km)<br>- vista acqua: 32 (625m)<br>Fisica:<br>- velocit\u00e0 massima: 4,6 (89,8 m \/ s)<br>- velocit\u00e0 di virata: 40<br>Veterano: 5, 10, 25, 50, 100 uccisioni<br>- livello veterano 2: +250 hp<br>- livello veterano 4: +250 hp<br>- livello veterano 5: ripara 3 hp \/ s<\/p>\n<\/div><\/div>\n\n\n\n<div class=\"wp-block-uagb-column uagb-column__wrap uagb-column__background-undefined uagb-block-7c325ae2\"><div class=\"uagb-column__overlay\"><\/div><div class=\"uagb-column__inner-wrap\">\n<h3 class=\"wp-block-heading\">Slyph Weapons<\/h3>\n\n\n\n<p>Chrono Torpedo (Anti Navy):<br>97,21 dps<br>portata: 32 (625 m)<br>arma a proiettile: 209 danni x 2 proiettili = 550 danni per salva<br>velocit\u00e0 di fuoco: 0,25 (ogni 4 s)<br>livello veterano 1: +69 danni<br>livello veterano 3: +69 danni<\/p>\n<\/div><\/div>\n<\/div><\/section>\n<\/div><\/div>\n<\/div><\/section>\n\n\n\n<section class=\"wp-block-uagb-columns uagb-columns__wrap uagb-columns__background-undefined uagb-columns__stack-mobile uagb-columns__valign-undefined uagb-columns__gap-10 alignundefined uagb-block-d624efba\"><div class=\"uagb-columns__overlay\"><\/div><div class=\"uagb-columns__inner-wrap uagb-columns__columns-1\">\n<div class=\"wp-block-uagb-column uagb-column__wrap uagb-column__background-undefined uagb-block-df314e37\"><div class=\"uagb-column__overlay\"><\/div><div class=\"uagb-column__inner-wrap\">\n<h2 class=\"wp-block-heading\"><strong>FARO <\/strong>FREGATA DI CLASSE<\/h2>\n\n\n\n<p>La fregata Aeon ha un raggio d&#039;azione migliore contro le altre fregate per renderla eccezionale sia contro obiettivi terrestri che marittimi, mentre la sua difesa dai siluri fa guadagnare tempo contro i sottomarini. \u00c8 piuttosto costoso, tuttavia, quindi non cercare di usarli per combattere le fregate nemiche uno contro uno; invece, avere forze navali miste per sopraffarli.<\/p>\n\n\n\n<div class=\"wp-block-image\"><figure class=\"aligncenter size-large\"><a href=\"https:\/\/supcom.standardof.net\/it\/supreme-commander\/eone\/tech-1-eon-naval-units\/beacon-class-frigate-supreme-commander-aeon-tech-1-naval-units\/\"><img decoding=\"async\" width=\"800\" height=\"728\" src=\"https:\/\/supcom.standardof.net\/wp-content\/uploads\/sites\/8\/2020\/11\/BEACON-CLASS-FRIGATE-Supreme-Commander-Aeon-Tech-1-Naval-Units-800x728.jpg\" alt=\"La fregata di classe Beacon, unit\u00e0 navale Aeon Tech 1 in Supreme Commander.\" class=\"wp-image-1026\" srcset=\"https:\/\/supcom.standardof.net\/wp-content\/uploads\/sites\/8\/2020\/11\/BEACON-CLASS-FRIGATE-Supreme-Commander-Aeon-Tech-1-Naval-Units-800x728.jpg 800w, https:\/\/supcom.standardof.net\/wp-content\/uploads\/sites\/8\/2020\/11\/BEACON-CLASS-FRIGATE-Supreme-Commander-Aeon-Tech-1-Naval-Units-512x466.jpg 512w, https:\/\/supcom.standardof.net\/wp-content\/uploads\/sites\/8\/2020\/11\/BEACON-CLASS-FRIGATE-Supreme-Commander-Aeon-Tech-1-Naval-Units-200x182.jpg 200w, https:\/\/supcom.standardof.net\/wp-content\/uploads\/sites\/8\/2020\/11\/BEACON-CLASS-FRIGATE-Supreme-Commander-Aeon-Tech-1-Naval-Units-768x699.jpg 768w, https:\/\/supcom.standardof.net\/wp-content\/uploads\/sites\/8\/2020\/11\/BEACON-CLASS-FRIGATE-Supreme-Commander-Aeon-Tech-1-Naval-Units-13x12.jpg 13w, https:\/\/supcom.standardof.net\/wp-content\/uploads\/sites\/8\/2020\/11\/BEACON-CLASS-FRIGATE-Supreme-Commander-Aeon-Tech-1-Naval-Units.jpg 1137w\" sizes=\"(max-width: 800px) 100vw, 800px\" \/><\/a><figcaption>FREGATA DI CLASSE BEACON<\/figcaption><\/figure><\/div>\n\n\n\n<section class=\"wp-block-uagb-columns uagb-columns__wrap uagb-columns__background-undefined uagb-columns__stack-mobile uagb-columns__valign-undefined uagb-columns__gap-10 alignundefined uagb-block-d2305192\"><div class=\"uagb-columns__overlay\"><\/div><div class=\"uagb-columns__inner-wrap uagb-columns__columns-2\">\n<div class=\"wp-block-uagb-column uagb-column__wrap uagb-column__background-undefined uagb-block-2cb7b7fb\"><div class=\"uagb-column__overlay\"><\/div><div class=\"uagb-column__inner-wrap\">\n<h3 class=\"wp-block-heading\">Statistiche Beacon<\/h3>\n\n\n\n<p>Armatura: 1800 CV<br>Abilit\u00e0: difesa dai siluri, radar, sonar<br>Costo: M290, E2900, T725<br>Intel:<br>vista: 32 (625 m)<br>radar: 70 (1,76 km)<br>sonar: 70 (1,76 km)<br>vista acqua: 24 (469m)<br>Fisica:<br>velocit\u00e0 massima: 6,8 (133 m \/ s)<br>velocit\u00e0 di rotazione: 30<br>Veterano: 5, 10, 25, 50, 100 uccisioni<br>livello veterano 2: +188 hp<br>livello veterano 4: +188 hp<br>livello veterano 5: ripara 3 hp \/ s<\/p>\n<\/div><\/div>\n\n\n\n<div class=\"wp-block-uagb-column uagb-column__wrap uagb-column__background-undefined uagb-block-bdcb8084\"><div class=\"uagb-column__overlay\"><\/div><div class=\"uagb-column__inner-wrap\">\n<h3 class=\"wp-block-heading\">Armi Beacon<\/h3>\n\n\n\n<p>2x Quantum Cannon (Direct Fire Naval):<br>28,00 dps<br>area: 1 (19,5 m)<br>portata: 31 (605 m)<br>arma a proiettile: 140 danni<br>velocit\u00e0 di fuoco: 0,2 (ogni 5 s)<br>livello veterano 1: +31 danni<br>livello veterano 3: +31 danni<\/p>\n\n\n\n<p>2x Quasar Anti Torpedo (Difesa):<br>0,20 dps<br>portata: 32 (625 m)<br>arma a proiettile: 2 danni<br>velocit\u00e0 di fuoco: 0,1 (ogni 10 s)<\/p>\n<\/div><\/div>\n<\/div><\/section>\n<\/div><\/div>\n<\/div><\/section>","protected":false},"excerpt":{"rendered":"<p>SHARD &#8211; ATTACK BOAT The Aeon&#8217;s unique unit, the Attack Boat, is definitely underrated. They&#8217;re cheap, you don&#8217;t need them unless your opponent has air units, they can take torpedoes meant for your other ships quite well, and they&#8217;re good scouts too. Hold off on building these until you know you&#8217;ll need them &#8211; your [&hellip;]<\/p>","protected":false},"author":1,"featured_media":0,"parent":503,"menu_order":0,"comment_status":"open","ping_status":"closed","template":"","meta":{"_uag_custom_page_level_css":"","site-sidebar-layout":"default","site-content-layout":"default","ast-site-content-layout":"","site-content-style":"default","site-sidebar-style":"default","ast-global-header-display":"","ast-banner-title-visibility":"","ast-main-header-display":"","ast-hfb-above-header-display":"","ast-hfb-below-header-display":"","ast-hfb-mobile-header-display":"","site-post-title":"","ast-breadcrumbs-content":"","ast-featured-img":"","footer-sml-layout":"","theme-transparent-header-meta":"default","adv-header-id-meta":"","stick-header-meta":"","header-above-stick-meta":"","header-main-stick-meta":"","header-below-stick-meta":"","astra-migrate-meta-layouts":"default","ast-page-background-enabled":"default","ast-page-background-meta":{"desktop":{"background-color":"","background-image":"","background-repeat":"repeat","background-position":"center center","background-size":"auto","background-attachment":"scroll","background-type":"","background-media":"","overlay-type":"","overlay-color":"","overlay-gradient":""},"tablet":{"background-color":"","background-image":"","background-repeat":"repeat","background-position":"center center","background-size":"auto","background-attachment":"scroll","background-type":"","background-media":"","overlay-type":"","overlay-color":"","overlay-gradient":""},"mobile":{"background-color":"","background-image":"","background-repeat":"repeat","background-position":"center center","background-size":"auto","background-attachment":"scroll","background-type":"","background-media":"","overlay-type":"","overlay-color":"","overlay-gradient":""}},"ast-content-background-meta":{"desktop":{"background-color":"var(--ast-global-color-5)","background-image":"","background-repeat":"repeat","background-position":"center center","background-size":"auto","background-attachment":"scroll","background-type":"","background-media":"","overlay-type":"","overlay-color":"","overlay-gradient":""},"tablet":{"background-color":"var(--ast-global-color-5)","background-image":"","background-repeat":"repeat","background-position":"center center","background-size":"auto","background-attachment":"scroll","background-type":"","background-media":"","overlay-type":"","overlay-color":"","overlay-gradient":""},"mobile":{"background-color":"var(--ast-global-color-5)","background-image":"","background-repeat":"repeat","background-position":"center center","background-size":"auto","background-attachment":"scroll","background-type":"","background-media":"","overlay-type":"","overlay-color":"","overlay-gradient":""}},"footnotes":""},"uagb_featured_image_src":{"full":false,"thumbnail":false,"medium":false,"medium_large":false,"large":false,"1536x1536":false,"2048x2048":false,"trp-custom-language-flag":false},"uagb_author_info":{"display_name":"SOE","author_link":"https:\/\/supcom.standardof.net\/it\/author\/k-tastic\/"},"uagb_comment_info":0,"uagb_excerpt":"SHARD &#8211; ATTACK BOAT The Aeon&#8217;s unique unit, the Attack Boat, is definitely underrated. They&#8217;re cheap, you don&#8217;t need them unless your opponent has air units, they can take torpedoes meant for your other ships quite well, and they&#8217;re good scouts too. Hold off on building these until you know you&#8217;ll need them &#8211; your&hellip;","_links":{"self":[{"href":"https:\/\/supcom.standardof.net\/it\/wp-json\/wp\/v2\/pages\/777"}],"collection":[{"href":"https:\/\/supcom.standardof.net\/it\/wp-json\/wp\/v2\/pages"}],"about":[{"href":"https:\/\/supcom.standardof.net\/it\/wp-json\/wp\/v2\/types\/page"}],"author":[{"embeddable":true,"href":"https:\/\/supcom.standardof.net\/it\/wp-json\/wp\/v2\/users\/1"}],"replies":[{"embeddable":true,"href":"https:\/\/supcom.standardof.net\/it\/wp-json\/wp\/v2\/comments?post=777"}],"version-history":[{"count":0,"href":"https:\/\/supcom.standardof.net\/it\/wp-json\/wp\/v2\/pages\/777\/revisions"}],"up":[{"embeddable":true,"href":"https:\/\/supcom.standardof.net\/it\/wp-json\/wp\/v2\/pages\/503"}],"wp:attachment":[{"href":"https:\/\/supcom.standardof.net\/it\/wp-json\/wp\/v2\/media?parent=777"}],"curies":[{"name":"wp","href":"https:\/\/api.w.org\/{rel}","templated":true}]}}