{"id":783,"date":"2020-11-03T19:22:36","date_gmt":"2020-11-04T00:22:36","guid":{"rendered":"https:\/\/supcom.standardof.net\/?page_id=783"},"modified":"2020-11-04T19:26:18","modified_gmt":"2020-11-05T00:26:18","slug":"tech-3-aeon-air-units","status":"publish","type":"page","link":"https:\/\/supcom.standardof.net\/it\/supreme-commander\/eone\/tech-3-eon-air-units\/","title":{"rendered":"Tecnologia 3 - Unit\u00e0 aeree Aeon"},"content":{"rendered":"<div class=\"wp-block-uagb-table-of-contents uagb-toc__align-left uagb-toc__columns-1  uagb-block-fb6839ad\"\n\t\t\t\t\tdata-scroll= \"1\"\n\t\t\t\t\tdata-offset= \"30\"\n\t\t\t\t\tstyle=\"\"\n\t\t\t\t>\n\t\t\t\t<div class=\"uagb-toc__wrap\">\n\t\t\t\t\t\t<div class=\"uagb-toc__title\">\n\t\t\t\t\t\t\tUnit\u00e0 aeree Aeon Tech 3:\t\t\t\t\t\t<\/div>\n\t\t\t\t\t\t\t\t\t\t\t\t\t\t\t\t<div class=\"uagb-toc__list-wrap\">\n\t\t\t\t\t\t<ol class=\"uagb-toc__list\"><li class=\"uagb-toc__list\"><a href=\"#seer-spy-plane\" class=\"uagb-toc-link__trigger\">VEGGENTE - SPIA AEREO<\/a><li class=\"uagb-toc__list\"><a href=\"#corona-air-superiority-fighter\" class=\"uagb-toc-link__trigger\">CORONA - COMBATTENTE DELLA SUPERIORIT\u00c0 AEREA<\/a><li class=\"uagb-toc__list\"><a href=\"#shocker-strategic-bomber\" class=\"uagb-toc-link__trigger\">SHOCKER - BOMBER STRATEGICO<\/a><\/ol>\t\t\t\t\t<\/div>\n\t\t\t\t\t\t\t\t\t<\/div>\n\t\t\t\t<\/div>\n\t\t\t\n\n\n<section class=\"wp-block-uagb-columns uagb-columns__wrap uagb-columns__background-undefined uagb-columns__stack-mobile uagb-columns__valign-undefined uagb-columns__gap-10 alignundefined uagb-block-8be8da0f\"><div class=\"uagb-columns__overlay\"><\/div><div class=\"uagb-columns__inner-wrap uagb-columns__columns-1\">\n<div class=\"wp-block-uagb-column uagb-column__wrap uagb-column__background-undefined uagb-block-2e91a0bf\"><div class=\"uagb-column__overlay\"><\/div><div class=\"uagb-column__inner-wrap\">\n<h2 class=\"wp-block-heading\"><strong>VEGGENTE <\/strong>- SPIA AEREO<\/h2>\n\n\n\n<p>L&#039;aereo spia Aeon ha un raggio visivo assolutamente enorme, che lo rende in grado di vedere la base nemica quasi nella sua interezza prima di essere abbattuto dai siti SAM. Puoi persino volare intorno ai bordi per vedere le loro difese senza perdere il tuo aereo spia. Non c&#039;\u00e8 un vero motivo per costruirne pi\u00f9 di uno, ma potresti anche ottenere il primo, soprattutto perch\u00e9 \u00e8 cos\u00ec economico.<\/p>\n\n\n\n<div class=\"wp-block-image\"><figure class=\"aligncenter size-large\"><a href=\"https:\/\/supcom.standardof.net\/it\/supreme-commander\/eone\/tech-3-eon-air-units\/seer-spy-plane-supreme-commander-aeon-tech-3-air-units\/\"><img decoding=\"async\" width=\"800\" height=\"606\" src=\"https:\/\/supcom.standardof.net\/wp-content\/uploads\/sites\/8\/2020\/11\/SEER-SPY-PLANE-Supreme-Commander-Aeon-Tech-3-Air-Units-800x606.jpg\" alt=\"L&#039;aereo spia Seer, l&#039;unit\u00e0 aerea Aeon Tech 3 in Supreme Commander.\" class=\"wp-image-1017\" srcset=\"https:\/\/supcom.standardof.net\/wp-content\/uploads\/sites\/8\/2020\/11\/SEER-SPY-PLANE-Supreme-Commander-Aeon-Tech-3-Air-Units-800x606.jpg 800w, https:\/\/supcom.standardof.net\/wp-content\/uploads\/sites\/8\/2020\/11\/SEER-SPY-PLANE-Supreme-Commander-Aeon-Tech-3-Air-Units-512x388.jpg 512w, https:\/\/supcom.standardof.net\/wp-content\/uploads\/sites\/8\/2020\/11\/SEER-SPY-PLANE-Supreme-Commander-Aeon-Tech-3-Air-Units-200x152.jpg 200w, https:\/\/supcom.standardof.net\/wp-content\/uploads\/sites\/8\/2020\/11\/SEER-SPY-PLANE-Supreme-Commander-Aeon-Tech-3-Air-Units-768x582.jpg 768w, https:\/\/supcom.standardof.net\/wp-content\/uploads\/sites\/8\/2020\/11\/SEER-SPY-PLANE-Supreme-Commander-Aeon-Tech-3-Air-Units-16x12.jpg 16w, https:\/\/supcom.standardof.net\/wp-content\/uploads\/sites\/8\/2020\/11\/SEER-SPY-PLANE-Supreme-Commander-Aeon-Tech-3-Air-Units.jpg 978w\" sizes=\"(max-width: 800px) 100vw, 800px\" \/><\/a><figcaption>VEGGENTE - SPIA AEREO<\/figcaption><\/figure><\/div>\n\n\n\n<section class=\"wp-block-uagb-columns uagb-columns__wrap uagb-columns__background-undefined uagb-columns__stack-mobile uagb-columns__valign-undefined uagb-columns__gap-10 alignundefined uagb-block-8231f1df\"><div class=\"uagb-columns__overlay\"><\/div><div class=\"uagb-columns__inner-wrap uagb-columns__columns-2\">\n<div class=\"wp-block-uagb-column uagb-column__wrap uagb-column__background-undefined uagb-block-41465769\"><div class=\"uagb-column__overlay\"><\/div><div class=\"uagb-column__inner-wrap\">\n<h3 class=\"wp-block-heading\">Statistiche dei veggenti<\/h3>\n\n\n\n<p>Armatura: 25 CV (leggera)<br>Abilit\u00e0: radar<br>Costo: M56, E2240, T420<br>Intel:<br>- vista: 120 (2,34 km)<br>- radar: 120 (2,34 km)<br>- omni: 30 (586m)<br>Fisica:<br>- velocit\u00e0 massima: 21 (410m \/ s)<br>- altitudine: 25 (488m)<br>Classe di trasporto: 3<br>- livello veterano 2: +6 hp<br>- livello veterano 4: +6 hp<br>- livello veterano 5: ripara 1 hp \/ s<\/p>\n<\/div><\/div>\n\n\n\n<div class=\"wp-block-uagb-column uagb-column__wrap uagb-column__background-undefined uagb-block-fd743d19\"><div class=\"uagb-column__overlay\"><\/div><div class=\"uagb-column__inner-wrap\">\n<h3 class=\"wp-block-heading\">Armi veggenti<\/h3>\n\n\n\n<p>Air Crash (Death): 100 danni<br>area: 1 (19,5 m)<\/p>\n<\/div><\/div>\n<\/div><\/section>\n<\/div><\/div>\n<\/div><\/section>\n\n\n\n<section class=\"wp-block-uagb-columns uagb-columns__wrap uagb-columns__background-undefined uagb-columns__stack-mobile uagb-columns__valign-undefined uagb-columns__gap-10 alignundefined uagb-block-0405f912\"><div class=\"uagb-columns__overlay\"><\/div><div class=\"uagb-columns__inner-wrap uagb-columns__columns-1\">\n<div class=\"wp-block-uagb-column uagb-column__wrap uagb-column__background-undefined uagb-block-c8bc2fd0\"><div class=\"uagb-column__overlay\"><\/div><div class=\"uagb-column__inner-wrap\">\n<h2 class=\"wp-block-heading\"><strong>CORONA <\/strong>- COMBATTENTE DELLA SUPERIORIT\u00c0 AEREA<\/h2>\n\n\n\n<p>La Corona \u00e8 un&#039;unit\u00e0 antiaerea molto costosa, quindi dovresti averla solo se pensi di dover uccidere regolarmente le unit\u00e0 aeree nemiche. Volano cos\u00ec velocemente che non forniscono una copertura adeguata per un bombardamento, ma possono entrare e tendere un&#039;imboscata alle forze di intercettazione nemiche, e sono il modo migliore per affrontare le unit\u00e0 aeree sperimentali. Le loro armi non sono efficaci come i combattenti delle altre fazioni, ma sono comunque il tuo miglior metodo di difesa aerea che non sia una torretta.<\/p>\n\n\n\n<div class=\"wp-block-image\"><figure class=\"aligncenter size-large\"><a href=\"https:\/\/supcom.standardof.net\/it\/supreme-commander\/eone\/tech-3-eon-air-units\/corona-air-superiority-fighter-supreme-commander-aeon-tech-3-air-units\/\"><img decoding=\"async\" width=\"800\" height=\"525\" src=\"https:\/\/supcom.standardof.net\/wp-content\/uploads\/sites\/8\/2020\/11\/CORONA-AIR-SUPERIORITY-FIGHTER-Supreme-Commander-Aeon-Tech-3-Air-Units-800x525.jpg\" alt=\"Il Corona Air Superiority Fighter, unit\u00e0 aerea Aeon Tech 3 in Supreme Commander.\" class=\"wp-image-1016\" srcset=\"https:\/\/supcom.standardof.net\/wp-content\/uploads\/sites\/8\/2020\/11\/CORONA-AIR-SUPERIORITY-FIGHTER-Supreme-Commander-Aeon-Tech-3-Air-Units-800x525.jpg 800w, https:\/\/supcom.standardof.net\/wp-content\/uploads\/sites\/8\/2020\/11\/CORONA-AIR-SUPERIORITY-FIGHTER-Supreme-Commander-Aeon-Tech-3-Air-Units-512x336.jpg 512w, https:\/\/supcom.standardof.net\/wp-content\/uploads\/sites\/8\/2020\/11\/CORONA-AIR-SUPERIORITY-FIGHTER-Supreme-Commander-Aeon-Tech-3-Air-Units-200x131.jpg 200w, https:\/\/supcom.standardof.net\/wp-content\/uploads\/sites\/8\/2020\/11\/CORONA-AIR-SUPERIORITY-FIGHTER-Supreme-Commander-Aeon-Tech-3-Air-Units-768x504.jpg 768w, https:\/\/supcom.standardof.net\/wp-content\/uploads\/sites\/8\/2020\/11\/CORONA-AIR-SUPERIORITY-FIGHTER-Supreme-Commander-Aeon-Tech-3-Air-Units-16x12.jpg 16w, https:\/\/supcom.standardof.net\/wp-content\/uploads\/sites\/8\/2020\/11\/CORONA-AIR-SUPERIORITY-FIGHTER-Supreme-Commander-Aeon-Tech-3-Air-Units.jpg 1014w\" sizes=\"(max-width: 800px) 100vw, 800px\" \/><\/a><figcaption>CORONA - COMBATTENTE DELLA SUPERIORIT\u00c0 AEREA<\/figcaption><\/figure><\/div>\n\n\n\n<section class=\"wp-block-uagb-columns uagb-columns__wrap uagb-columns__background-undefined uagb-columns__stack-mobile uagb-columns__valign-undefined uagb-columns__gap-10 alignundefined uagb-block-863ebd48\"><div class=\"uagb-columns__overlay\"><\/div><div class=\"uagb-columns__inner-wrap uagb-columns__columns-2\">\n<div class=\"wp-block-uagb-column uagb-column__wrap uagb-column__background-undefined uagb-block-a34f3eda\"><div class=\"uagb-column__overlay\"><\/div><div class=\"uagb-column__inner-wrap\">\n<h3 class=\"wp-block-heading\">Statistiche Corona<\/h3>\n\n\n\n<p>Armatura: 225 CV (leggera)<br>Costo: M360, E24000, T3600<br>Intel: vista: 32 (625 m)<br>Fisica:<br>- velocit\u00e0 massima: 25 (488m \/ s)<br>- elevazione: 20 (391m)<br>- ingaggio distanza: 50 (977m)<br>Classe di trasporto: 3<br>Veterano: 5, 10, 25, 50, 100 uccisioni<br>- livello veterano 2: +56 hp<br>- livello veterano 4: +56 hp<br>- livello veterano 5: ripara 1 hp \/ s<\/p>\n<\/div><\/div>\n\n\n\n<div class=\"wp-block-uagb-column uagb-column__wrap uagb-column__background-undefined uagb-block-93354260\"><div class=\"uagb-column__overlay\"><\/div><div class=\"uagb-column__inner-wrap\">\n<h3 class=\"wp-block-heading\">Armi Corona<\/h3>\n\n\n\n<p>Cannone a dislocamento (anti-aria):<br>78,00 dps<br>portata: 24 (469 m)<br>arma a proiettile:<br>26 danni x 3 proiettili = 78 danni per salva<br>velocit\u00e0 di fuoco: 1 (ogni 1 s)<br>livello veterano 1: +7 danni<br>livello veterano 3: +7 danni<\/p>\n\n\n\n<p>Air Crash (Death):<br>200 danni<br>area: 1 (19,5 m)<\/p>\n<\/div><\/div>\n<\/div><\/section>\n<\/div><\/div>\n<\/div><\/section>\n\n\n\n<section class=\"wp-block-uagb-columns uagb-columns__wrap uagb-columns__background-undefined uagb-columns__stack-mobile uagb-columns__valign-undefined uagb-columns__gap-10 alignundefined uagb-block-ed6ee42d\"><div class=\"uagb-columns__overlay\"><\/div><div class=\"uagb-columns__inner-wrap uagb-columns__columns-1\">\n<div class=\"wp-block-uagb-column uagb-column__wrap uagb-column__background-undefined uagb-block-b535a37a\"><div class=\"uagb-column__overlay\"><\/div><div class=\"uagb-column__inner-wrap\">\n<h2 class=\"wp-block-heading\"><strong>SHOCKER <\/strong>- BOMBER STRATEGICO<\/h2>\n\n\n\n<p>I bombardieri strategici si costruiscono cos\u00ec lentamente che richiedono un grande gruppo di ingegneri. La parola &quot;strategico&quot; non dovrebbe essere presa alla leggera: volano cos\u00ec in alto che un sito SAM impiega un po &#039;di tempo per ucciderli, e ovviamente la loro bomba \u00e8 fantastica. Sono sprecati in forze di terra nemiche; invece, accumulali insieme a un&#039;enorme forza di altri velivoli per distrarre le difese aeree nemiche e usali per un attacco chirurgico su un ACU, pezzo di artiglieria o difesa missilistica nucleare.<\/p>\n\n\n\n<p>La difesa missilistica del bombardiere strategico Aeon \u00e8 quasi del tutto inutile, in quanto ferma solo una mezza dozzina di missili che arrivano al tuo avversario. In cambio, la sua bomba \u00e8 ancora pi\u00f9 ridicolmente potente: due bombe uccideranno il Comandante.<\/p>\n\n\n\n<div class=\"wp-block-image\"><figure class=\"aligncenter size-large\"><a href=\"https:\/\/supcom.standardof.net\/it\/supreme-commander\/eone\/tech-3-eon-air-units\/shocker-strategic-bomber-supreme-commander-aeon-tech-3-air-units\/\"><img decoding=\"async\" width=\"800\" height=\"490\" src=\"https:\/\/supcom.standardof.net\/wp-content\/uploads\/sites\/8\/2020\/11\/SHOCKER-STRATEGIC-BOMBER-Supreme-Commander-Aeon-Tech-3-Air-Units-800x490.jpg\" alt=\"Il bombardiere strategico Shocker, unit\u00e0 aerea Aeon Tech 3 in Supreme Commander.\" class=\"wp-image-1015\" srcset=\"https:\/\/supcom.standardof.net\/wp-content\/uploads\/sites\/8\/2020\/11\/SHOCKER-STRATEGIC-BOMBER-Supreme-Commander-Aeon-Tech-3-Air-Units-800x490.jpg 800w, https:\/\/supcom.standardof.net\/wp-content\/uploads\/sites\/8\/2020\/11\/SHOCKER-STRATEGIC-BOMBER-Supreme-Commander-Aeon-Tech-3-Air-Units-512x314.jpg 512w, https:\/\/supcom.standardof.net\/wp-content\/uploads\/sites\/8\/2020\/11\/SHOCKER-STRATEGIC-BOMBER-Supreme-Commander-Aeon-Tech-3-Air-Units-200x122.jpg 200w, https:\/\/supcom.standardof.net\/wp-content\/uploads\/sites\/8\/2020\/11\/SHOCKER-STRATEGIC-BOMBER-Supreme-Commander-Aeon-Tech-3-Air-Units-768x470.jpg 768w, https:\/\/supcom.standardof.net\/wp-content\/uploads\/sites\/8\/2020\/11\/SHOCKER-STRATEGIC-BOMBER-Supreme-Commander-Aeon-Tech-3-Air-Units-16x10.jpg 16w, https:\/\/supcom.standardof.net\/wp-content\/uploads\/sites\/8\/2020\/11\/SHOCKER-STRATEGIC-BOMBER-Supreme-Commander-Aeon-Tech-3-Air-Units.jpg 1254w\" sizes=\"(max-width: 800px) 100vw, 800px\" \/><\/a><figcaption>SHOCKER - BOMBER STRATEGICO<\/figcaption><\/figure><\/div>\n\n\n\n<section class=\"wp-block-uagb-columns uagb-columns__wrap uagb-columns__background-undefined uagb-columns__stack-mobile uagb-columns__valign-undefined uagb-columns__gap-10 alignundefined uagb-block-bcdb257d\"><div class=\"uagb-columns__overlay\"><\/div><div class=\"uagb-columns__inner-wrap uagb-columns__columns-2\">\n<div class=\"wp-block-uagb-column uagb-column__wrap uagb-column__background-undefined uagb-block-5fe348d1\"><div class=\"uagb-column__overlay\"><\/div><div class=\"uagb-column__inner-wrap\">\n<h3 class=\"wp-block-heading\">Statistiche Shocker<\/h3>\n\n\n\n<p>Armatura: 135 CV (leggera)<br>Abilit\u00e0: Difesa missilistica - Tattica<br>Costo: M2160, E72000, T7200<br>Intel: vista: 32 (625 m)<br>Fisica: <br>- velocit\u00e0 massima: 15 (293m \/ s)<br>- altitudine: 25 (488m)<br>- ingaggio distanza: 50 (977m)<br>Classe di trasporto: 3<br>Durata: 30, 60, 150, 300, 600 uccisioni<br>- livello veterano 2: +34 hp<br>- livello veterano 4: +34 hp<br>- livello veterano 5: ripara 1 hp \/ s<\/p>\n<\/div><\/div>\n\n\n\n<div class=\"wp-block-uagb-column uagb-column__wrap uagb-column__background-undefined uagb-block-255e3bc8\"><div class=\"uagb-column__overlay\"><\/div><div class=\"uagb-column__inner-wrap\">\n<h3 class=\"wp-block-heading\">Armi scioccanti<\/h3>\n\n\n\n<p>Quark Bomb (bomba):<br>1500,00 dps<br>area: 2,5 (48,8 m)<br>portata: 8 (156 m)<br>arma a proiettile: 7500 danni<br>velocit\u00e0 di fuoco: 0,2 (ogni 5 s)<br>casualit\u00e0 di sparo: 3<br>livello veterano 1: +1875 danni<br>livello veterano 3: +1875 danni<\/p>\n\n\n\n<p>Will O Wisp Anti Missile (Difesa):<br>0,75 dps<br>portata: 64 (1,25 km)<br>arma a proiettile: 1 danno<br>velocit\u00e0 di fuoco: 0,75 (ogni 1,33 s)<\/p>\n\n\n\n<p>Air Crash (Death):<br>500 danni<br>area: 1 (19,5 m)<\/p>\n<\/div><\/div>\n<\/div><\/section>\n<\/div><\/div>\n<\/div><\/section>","protected":false},"excerpt":{"rendered":"<p>SEER &#8211; SPY PLANE The Aeon spy plane has an absolutely enormous sight range, making it able to see the enemy base almost in its entirety before being shot down by SAM sites. You can even fly around the edges to see their defenses without losing your spy plane. There&#8217;s no real reason to build [&hellip;]<\/p>","protected":false},"author":1,"featured_media":0,"parent":503,"menu_order":0,"comment_status":"open","ping_status":"closed","template":"","meta":{"_uag_custom_page_level_css":"","site-sidebar-layout":"default","site-content-layout":"default","ast-site-content-layout":"","site-content-style":"default","site-sidebar-style":"default","ast-global-header-display":"","ast-banner-title-visibility":"","ast-main-header-display":"","ast-hfb-above-header-display":"","ast-hfb-below-header-display":"","ast-hfb-mobile-header-display":"","site-post-title":"","ast-breadcrumbs-content":"","ast-featured-img":"","footer-sml-layout":"","theme-transparent-header-meta":"default","adv-header-id-meta":"","stick-header-meta":"","header-above-stick-meta":"","header-main-stick-meta":"","header-below-stick-meta":"","astra-migrate-meta-layouts":"default","ast-page-background-enabled":"default","ast-page-background-meta":{"desktop":{"background-color":"","background-image":"","background-repeat":"repeat","background-position":"center center","background-size":"auto","background-attachment":"scroll","background-type":"","background-media":"","overlay-type":"","overlay-color":"","overlay-gradient":""},"tablet":{"background-color":"","background-image":"","background-repeat":"repeat","background-position":"center center","background-size":"auto","background-attachment":"scroll","background-type":"","background-media":"","overlay-type":"","overlay-color":"","overlay-gradient":""},"mobile":{"background-color":"","background-image":"","background-repeat":"repeat","background-position":"center center","background-size":"auto","background-attachment":"scroll","background-type":"","background-media":"","overlay-type":"","overlay-color":"","overlay-gradient":""}},"ast-content-background-meta":{"desktop":{"background-color":"var(--ast-global-color-5)","background-image":"","background-repeat":"repeat","background-position":"center center","background-size":"auto","background-attachment":"scroll","background-type":"","background-media":"","overlay-type":"","overlay-color":"","overlay-gradient":""},"tablet":{"background-color":"var(--ast-global-color-5)","background-image":"","background-repeat":"repeat","background-position":"center center","background-size":"auto","background-attachment":"scroll","background-type":"","background-media":"","overlay-type":"","overlay-color":"","overlay-gradient":""},"mobile":{"background-color":"var(--ast-global-color-5)","background-image":"","background-repeat":"repeat","background-position":"center center","background-size":"auto","background-attachment":"scroll","background-type":"","background-media":"","overlay-type":"","overlay-color":"","overlay-gradient":""}},"footnotes":""},"uagb_featured_image_src":{"full":false,"thumbnail":false,"medium":false,"medium_large":false,"large":false,"1536x1536":false,"2048x2048":false,"trp-custom-language-flag":false},"uagb_author_info":{"display_name":"SOE","author_link":"https:\/\/supcom.standardof.net\/it\/author\/k-tastic\/"},"uagb_comment_info":0,"uagb_excerpt":"SEER &#8211; SPY PLANE The Aeon spy plane has an absolutely enormous sight range, making it able to see the enemy base almost in its entirety before being shot down by SAM sites. You can even fly around the edges to see their defenses without losing your spy plane. There&#8217;s no real reason to build&hellip;","_links":{"self":[{"href":"https:\/\/supcom.standardof.net\/it\/wp-json\/wp\/v2\/pages\/783"}],"collection":[{"href":"https:\/\/supcom.standardof.net\/it\/wp-json\/wp\/v2\/pages"}],"about":[{"href":"https:\/\/supcom.standardof.net\/it\/wp-json\/wp\/v2\/types\/page"}],"author":[{"embeddable":true,"href":"https:\/\/supcom.standardof.net\/it\/wp-json\/wp\/v2\/users\/1"}],"replies":[{"embeddable":true,"href":"https:\/\/supcom.standardof.net\/it\/wp-json\/wp\/v2\/comments?post=783"}],"version-history":[{"count":0,"href":"https:\/\/supcom.standardof.net\/it\/wp-json\/wp\/v2\/pages\/783\/revisions"}],"up":[{"embeddable":true,"href":"https:\/\/supcom.standardof.net\/it\/wp-json\/wp\/v2\/pages\/503"}],"wp:attachment":[{"href":"https:\/\/supcom.standardof.net\/it\/wp-json\/wp\/v2\/media?parent=783"}],"curies":[{"name":"wp","href":"https:\/\/api.w.org\/{rel}","templated":true}]}}